{"id":3991,"date":"2016-01-26T17:21:01","date_gmt":"2016-01-26T16:21:01","guid":{"rendered":"http:\/\/www.sestogrado.it\/?post_type=product&#038;p=3991"},"modified":"2026-03-29T08:29:23","modified_gmt":"2026-03-29T06:29:23","slug":"beal-karma-9-8-corda-arrampicata","status":"publish","type":"product","link":"https:\/\/www.sestogrado.it\/it\/prodotto\/beal-karma-9-8-corda-arrampicata\/","title":{"rendered":"Beal Karma 9.8 corda arrampicata"},"content":{"rendered":"<p>La Beal Karma 9.8 \u00e8 una corda singola di nuova progettazione dalle eccellenti propriet\u00e0 e qualit\u00e0 dinamiche. Parte della linea Active, la Beal Karma 9.8 \u00e8 stata ideata per soddisfare le pi\u00f9 svariate pratiche di arrampicata, da quella in falesia a quella indoor. Flessibile, morbida e confortevole da maneggiare, si presta ad un utilizzo versatile e polivalente. Lo spessore di 9.8 gli conferisce robustezza e durevolezza, senza compromettere la fluidit\u00e0 nel dare corda. Adatta ad ogni tipo di assicuratore in commercio.<\/p>\n<p>La Beal Karma 9.8 ha una forza di arresto molto bassa (7,5kN) ed \u00e8 omologata per n\u00b07 cadute in fattore 1.77.<\/p>\n<ul>\n<li>maneggevole e compatta<\/li>\n<li>eccellente compromesso tra controllo e spessore<\/li>\n<li>facile da maneggiare, idonea ad essere usata da neofiti<\/li>\n<li>concezione ecologica (priva di trattamenti chimici e tintura)<\/li>\n<li>segno di met\u00e0 corda, le calate sono pi\u00f9 sicure<\/li>\n<\/ul>\n<p>La Beal Karma 9.8 offre un ideale compromesso tra maneggevolezza e sezione del diametro, ottima corda per arrampicatori desiderosi di progredire.<\/p>\n<p>&nbsp;<\/p>\n<p>Beal \u00e8 una azienda francese leader mondiale nella produzione di corde da montagna grazie ad un avanzato sviluppo tecnologico nel processo \u00a0di fabbricazione che gli \u00e8 valso il certificato Iso 9001. Sempre attenta alle esigenze degli arrampicatori, \u00e8 stata in grado di apportare dinamicit\u00e0 alla pratica dell&#8217;arrampicata grazie ad un&#8217;intensa attivit\u00e0 di ricerca.<\/p>\n","protected":false},"excerpt":{"rendered":"<p>La Beal Karma 9.8 \u00e8 una corda singola di nuova progettazione dalle eccellenti propriet\u00e0 e qualit\u00e0 dinamiche. Parte della linea [&hellip;]<\/p>\n","protected":false},"featured_media":32685,"comment_status":"open","ping_status":"closed","template":"","meta":{"_acf_changed":false},"product_brand":[84],"product_cat":[136],"product_tag":[413,416],"class_list":{"0":"post-3991","1":"product","2":"type-product","3":"status-publish","4":"has-post-thumbnail","6":"product_brand-beal","7":"product_cat-corde-corde","8":"product_tag-corda-singola","9":"product_tag-corda-singola-dinamica","11":"first","12":"instock","13":"sale","14":"taxable","15":"shipping-taxable","16":"purchasable","17":"product-type-variable"},"acf":[],"yoast_head":"<!-- This site is optimized with the Yoast SEO plugin v26.4 - https:\/\/yoast.com\/wordpress\/plugins\/seo\/ -->\n<title>Beal Karma 9.8 corda arrampicata - Sestogrado<\/title>\n<meta name=\"description\" content=\"La Beal Karma 9.8 \u00e8 una corda singola di nuova progettazione dalle eccellenti propriet\u00e0 e qualit\u00e0 dinamiche. Parte della linea Active, la Beal Karma 9.8 \u00e8 stata ideata per soddisfare le pi\u00f9 svariate pratiche di arrampicata, da quella in falesia a quella indoor. Flessibile, morbida e confortevole da maneggiare, si presta ad un utilizzo versatile e polivalente. Lo spessore di 9.8 gli conferisce robustezza e durevolezza, senza compromettere la fluidit\u00e0 nel dare corda. Adatta ad ogni tipo di assicuratore in commercio. La Beal Karma 9.8 ha una forza di arresto molto bassa (7,5kN) ed \u00e8 omologata per n\u00b07 cadute in fattore 1.77.\" \/>\n<meta name=\"robots\" content=\"index, follow, max-snippet:-1, max-image-preview:large, max-video-preview:-1\" \/>\n<link rel=\"canonical\" href=\"https:\/\/www.sestogrado.it\/it\/prodotto\/beal-karma-9-8-corda-arrampicata\/\" \/>\n<meta property=\"og:locale\" content=\"it_IT\" \/>\n<meta property=\"og:type\" content=\"article\" \/>\n<meta property=\"og:title\" content=\"Beal Karma 9.8 corda arrampicata - Sestogrado\" \/>\n<meta property=\"og:description\" content=\"La Beal Karma 9.8 \u00e8 una corda singola di nuova progettazione dalle eccellenti propriet\u00e0 e qualit\u00e0 dinamiche. Parte della linea Active, la Beal Karma 9.8 \u00e8 stata ideata per soddisfare le pi\u00f9 svariate pratiche di arrampicata, da quella in falesia a quella indoor. Flessibile, morbida e confortevole da maneggiare, si presta ad un utilizzo versatile e polivalente. Lo spessore di 9.8 gli conferisce robustezza e durevolezza, senza compromettere la fluidit\u00e0 nel dare corda. Adatta ad ogni tipo di assicuratore in commercio. La Beal Karma 9.8 ha una forza di arresto molto bassa (7,5kN) ed \u00e8 omologata per n\u00b07 cadute in fattore 1.77.\" \/>\n<meta property=\"og:url\" content=\"https:\/\/www.sestogrado.it\/it\/prodotto\/beal-karma-9-8-corda-arrampicata\/\" \/>\n<meta property=\"og:site_name\" content=\"Sestogrado\" \/>\n<meta property=\"article:publisher\" content=\"https:\/\/www.facebook.com\/pages\/Sestogrado\/1542635979353017?ref=bookmarks\" \/>\n<meta property=\"article:modified_time\" content=\"2026-03-29T06:29:23+00:00\" \/>\n<meta property=\"og:image\" content=\"https:\/\/www.sestogrado.it\/wp-content\/uploads\/2016\/01\/02-6.jpg\" \/>\n\t<meta property=\"og:image:width\" content=\"800\" \/>\n\t<meta property=\"og:image:height\" content=\"800\" \/>\n\t<meta property=\"og:image:type\" content=\"image\/jpeg\" \/>\n<meta name=\"twitter:label1\" content=\"Disponibilit\u00e0\" \/>\n\t<meta name=\"twitter:data1\" content=\"In stock\" \/>\n<script type=\"application\/ld+json\" class=\"yoast-schema-graph\">{\"@context\":\"https:\/\/schema.org\",\"@graph\":[{\"@type\":\"WebPage\",\"@id\":\"https:\/\/www.sestogrado.it\/it\/prodotto\/beal-karma-9-8-corda-arrampicata\/\",\"url\":\"https:\/\/www.sestogrado.it\/it\/prodotto\/beal-karma-9-8-corda-arrampicata\/\",\"name\":\"Beal Karma 9.8 corda arrampicata - Sestogrado\",\"isPartOf\":{\"@id\":\"https:\/\/www.sestogrado.it\/it\/#website\"},\"primaryImageOfPage\":{\"@id\":\"https:\/\/www.sestogrado.it\/it\/prodotto\/beal-karma-9-8-corda-arrampicata\/#primaryimage\"},\"image\":{\"@id\":\"https:\/\/www.sestogrado.it\/prodotto\/beal-karma-9-8-corda-arrampicata\/#primaryimage\"},\"thumbnailUrl\":\"https:\/\/www.sestogrado.it\/wp-content\/uploads\/2016\/01\/02-6.jpg\",\"datePublished\":\"2016-01-26T16:21:01+00:00\",\"dateModified\":\"2026-03-29T06:29:23+00:00\",\"description\":\"La Beal Karma 9.8 \u00e8 una corda singola di nuova progettazione dalle eccellenti propriet\u00e0 e qualit\u00e0 dinamiche. Parte della linea Active, la Beal Karma 9.8 \u00e8 stata ideata per soddisfare le pi\u00f9 svariate pratiche di arrampicata, da quella in falesia a quella indoor. Flessibile, morbida e confortevole da maneggiare, si presta ad un utilizzo versatile e polivalente. Lo spessore di 9.8 gli conferisce robustezza e durevolezza, senza compromettere la fluidit\u00e0 nel dare corda. Adatta ad ogni tipo di assicuratore in commercio. La Beal Karma 9.8 ha una forza di arresto molto bassa (7,5kN) ed \u00e8 omologata per n\u00b07 cadute in fattore 1.77.\",\"breadcrumb\":{\"@id\":\"https:\/\/www.sestogrado.it\/it\/prodotto\/beal-karma-9-8-corda-arrampicata\/#breadcrumb\"},\"inLanguage\":\"it-IT\",\"potentialAction\":[{\"@type\":\"ReadAction\",\"target\":[[\"https:\/\/www.sestogrado.it\/it\/prodotto\/beal-karma-9-8-corda-arrampicata\/\"]]}]},{\"@type\":\"ImageObject\",\"inLanguage\":\"it-IT\",\"@id\":\"https:\/\/www.sestogrado.it\/it\/prodotto\/beal-karma-9-8-corda-arrampicata\/#primaryimage\",\"url\":\"https:\/\/www.sestogrado.it\/wp-content\/uploads\/2016\/01\/02-6.jpg\",\"contentUrl\":\"https:\/\/www.sestogrado.it\/wp-content\/uploads\/2016\/01\/02-6.jpg\",\"width\":800,\"height\":800,\"caption\":\"beal karma\"},{\"@type\":\"BreadcrumbList\",\"@id\":\"https:\/\/www.sestogrado.it\/it\/prodotto\/beal-karma-9-8-corda-arrampicata\/#breadcrumb\",\"itemListElement\":[{\"@type\":\"ListItem\",\"position\":1,\"name\":\"Home\",\"item\":\"https:\/\/www.sestogrado.it\/it\/\"},{\"@type\":\"ListItem\",\"position\":2,\"name\":\"Shop\",\"item\":\"https:\/\/www.sestogrado.it\/it\/shop\/\"},{\"@type\":\"ListItem\",\"position\":3,\"name\":\"Beal Karma 9.8 corda arrampicata\"}]},{\"@type\":\"WebSite\",\"@id\":\"https:\/\/www.sestogrado.it\/it\/#website\",\"url\":\"https:\/\/www.sestogrado.it\/it\/\",\"name\":\"Sestogrado\",\"description\":\"yes we climb\",\"publisher\":{\"@id\":\"https:\/\/www.sestogrado.it\/it\/#organization\"},\"potentialAction\":[{\"@type\":\"SearchAction\",\"target\":{\"@type\":\"EntryPoint\",\"urlTemplate\":\"https:\/\/www.sestogrado.it\/it\/?s={search_term_string}\"},\"query-input\":{\"@type\":\"PropertyValueSpecification\",\"valueRequired\":true,\"valueName\":\"search_term_string\"}}],\"inLanguage\":\"it-IT\"},{\"@type\":\"Organization\",\"@id\":\"https:\/\/www.sestogrado.it\/it\/#organization\",\"name\":\"Sestogrado\",\"url\":\"https:\/\/www.sestogrado.it\/it\/\",\"logo\":{\"@type\":\"ImageObject\",\"inLanguage\":\"it-IT\",\"@id\":\"https:\/\/www.sestogrado.it\/it\/#\/schema\/logo\/image\/\",\"url\":\"https:\/\/www.sestogrado.it\/wp-content\/uploads\/2015\/03\/sestogrado-favicon.png\",\"contentUrl\":\"https:\/\/www.sestogrado.it\/wp-content\/uploads\/2015\/03\/sestogrado-favicon.png\",\"width\":260,\"height\":260,\"caption\":\"Sestogrado\"},\"image\":{\"@id\":\"https:\/\/www.sestogrado.it\/it\/#\/schema\/logo\/image\/\"},\"sameAs\":[\"https:\/\/www.facebook.com\/pages\/Sestogrado\/1542635979353017?ref=bookmarks\",\"https:\/\/www.youtube.com\/channel\/UC847kAfTkaJsWpc1jtQwr3Q\"],\"hasMerchantReturnPolicy\":{\"@type\":\"MerchantReturnPolicy\",\"merchantReturnLink\":\"https:\/\/www.sestogrado.it\/it\/termini-e-condizioni\/\"}}]}<\/script>\n<meta property=\"product:brand\" content=\"Beal\" \/>\n<meta property=\"og:availability\" content=\"instock\" \/>\n<meta property=\"product:availability\" content=\"instock\" \/>\n<meta property=\"product:condition\" content=\"new\" \/>\n<!-- \/ Yoast SEO plugin. -->","yoast_head_json":{"title":"Beal Karma 9.8 corda arrampicata - Sestogrado","description":"La Beal Karma 9.8 \u00e8 una corda singola di nuova progettazione dalle eccellenti propriet\u00e0 e qualit\u00e0 dinamiche. Parte della linea Active, la Beal Karma 9.8 \u00e8 stata ideata per soddisfare le pi\u00f9 svariate pratiche di arrampicata, da quella in falesia a quella indoor. Flessibile, morbida e confortevole da maneggiare, si presta ad un utilizzo versatile e polivalente. Lo spessore di 9.8 gli conferisce robustezza e durevolezza, senza compromettere la fluidit\u00e0 nel dare corda. Adatta ad ogni tipo di assicuratore in commercio. La Beal Karma 9.8 ha una forza di arresto molto bassa (7,5kN) ed \u00e8 omologata per n\u00b07 cadute in fattore 1.77.","robots":{"index":"index","follow":"follow","max-snippet":"max-snippet:-1","max-image-preview":"max-image-preview:large","max-video-preview":"max-video-preview:-1"},"canonical":"https:\/\/www.sestogrado.it\/it\/prodotto\/beal-karma-9-8-corda-arrampicata\/","og_locale":"it_IT","og_type":"article","og_title":"Beal Karma 9.8 corda arrampicata - Sestogrado","og_description":"La Beal Karma 9.8 \u00e8 una corda singola di nuova progettazione dalle eccellenti propriet\u00e0 e qualit\u00e0 dinamiche. Parte della linea Active, la Beal Karma 9.8 \u00e8 stata ideata per soddisfare le pi\u00f9 svariate pratiche di arrampicata, da quella in falesia a quella indoor. Flessibile, morbida e confortevole da maneggiare, si presta ad un utilizzo versatile e polivalente. Lo spessore di 9.8 gli conferisce robustezza e durevolezza, senza compromettere la fluidit\u00e0 nel dare corda. Adatta ad ogni tipo di assicuratore in commercio. La Beal Karma 9.8 ha una forza di arresto molto bassa (7,5kN) ed \u00e8 omologata per n\u00b07 cadute in fattore 1.77.","og_url":"https:\/\/www.sestogrado.it\/it\/prodotto\/beal-karma-9-8-corda-arrampicata\/","og_site_name":"Sestogrado","article_publisher":"https:\/\/www.facebook.com\/pages\/Sestogrado\/1542635979353017?ref=bookmarks","article_modified_time":"2026-03-29T06:29:23+00:00","og_image":[{"width":800,"height":800,"url":"https:\/\/www.sestogrado.it\/wp-content\/uploads\/2016\/01\/02-6.jpg","type":"image\/jpeg"}],"twitter_misc":{"Disponibilit\u00e0":"In stock"},"schema":{"@context":"https:\/\/schema.org","@graph":[{"@type":"WebPage","@id":"https:\/\/www.sestogrado.it\/it\/prodotto\/beal-karma-9-8-corda-arrampicata\/","url":"https:\/\/www.sestogrado.it\/it\/prodotto\/beal-karma-9-8-corda-arrampicata\/","name":"Beal Karma 9.8 corda arrampicata - Sestogrado","isPartOf":{"@id":"https:\/\/www.sestogrado.it\/it\/#website"},"primaryImageOfPage":{"@id":"https:\/\/www.sestogrado.it\/it\/prodotto\/beal-karma-9-8-corda-arrampicata\/#primaryimage"},"image":{"@id":"https:\/\/www.sestogrado.it\/prodotto\/beal-karma-9-8-corda-arrampicata\/#primaryimage"},"thumbnailUrl":"https:\/\/www.sestogrado.it\/wp-content\/uploads\/2016\/01\/02-6.jpg","datePublished":"2016-01-26T16:21:01+00:00","dateModified":"2026-03-29T06:29:23+00:00","description":"La Beal Karma 9.8 \u00e8 una corda singola di nuova progettazione dalle eccellenti propriet\u00e0 e qualit\u00e0 dinamiche. Parte della linea Active, la Beal Karma 9.8 \u00e8 stata ideata per soddisfare le pi\u00f9 svariate pratiche di arrampicata, da quella in falesia a quella indoor. Flessibile, morbida e confortevole da maneggiare, si presta ad un utilizzo versatile e polivalente. Lo spessore di 9.8 gli conferisce robustezza e durevolezza, senza compromettere la fluidit\u00e0 nel dare corda. Adatta ad ogni tipo di assicuratore in commercio. La Beal Karma 9.8 ha una forza di arresto molto bassa (7,5kN) ed \u00e8 omologata per n\u00b07 cadute in fattore 1.77.","breadcrumb":{"@id":"https:\/\/www.sestogrado.it\/it\/prodotto\/beal-karma-9-8-corda-arrampicata\/#breadcrumb"},"inLanguage":"it-IT","potentialAction":[{"@type":"ReadAction","target":[["https:\/\/www.sestogrado.it\/it\/prodotto\/beal-karma-9-8-corda-arrampicata\/"]]}]},{"@type":"ImageObject","inLanguage":"it-IT","@id":"https:\/\/www.sestogrado.it\/it\/prodotto\/beal-karma-9-8-corda-arrampicata\/#primaryimage","url":"https:\/\/www.sestogrado.it\/wp-content\/uploads\/2016\/01\/02-6.jpg","contentUrl":"https:\/\/www.sestogrado.it\/wp-content\/uploads\/2016\/01\/02-6.jpg","width":800,"height":800,"caption":"beal karma"},{"@type":"BreadcrumbList","@id":"https:\/\/www.sestogrado.it\/it\/prodotto\/beal-karma-9-8-corda-arrampicata\/#breadcrumb","itemListElement":[{"@type":"ListItem","position":1,"name":"Home","item":"https:\/\/www.sestogrado.it\/it\/"},{"@type":"ListItem","position":2,"name":"Shop","item":"https:\/\/www.sestogrado.it\/it\/shop\/"},{"@type":"ListItem","position":3,"name":"Beal Karma 9.8 corda arrampicata"}]},{"@type":"WebSite","@id":"https:\/\/www.sestogrado.it\/it\/#website","url":"https:\/\/www.sestogrado.it\/it\/","name":"Sestogrado","description":"yes we climb","publisher":{"@id":"https:\/\/www.sestogrado.it\/it\/#organization"},"potentialAction":[{"@type":"SearchAction","target":{"@type":"EntryPoint","urlTemplate":"https:\/\/www.sestogrado.it\/it\/?s={search_term_string}"},"query-input":{"@type":"PropertyValueSpecification","valueRequired":true,"valueName":"search_term_string"}}],"inLanguage":"it-IT"},{"@type":"Organization","@id":"https:\/\/www.sestogrado.it\/it\/#organization","name":"Sestogrado","url":"https:\/\/www.sestogrado.it\/it\/","logo":{"@type":"ImageObject","inLanguage":"it-IT","@id":"https:\/\/www.sestogrado.it\/it\/#\/schema\/logo\/image\/","url":"https:\/\/www.sestogrado.it\/wp-content\/uploads\/2015\/03\/sestogrado-favicon.png","contentUrl":"https:\/\/www.sestogrado.it\/wp-content\/uploads\/2015\/03\/sestogrado-favicon.png","width":260,"height":260,"caption":"Sestogrado"},"image":{"@id":"https:\/\/www.sestogrado.it\/it\/#\/schema\/logo\/image\/"},"sameAs":["https:\/\/www.facebook.com\/pages\/Sestogrado\/1542635979353017?ref=bookmarks","https:\/\/www.youtube.com\/channel\/UC847kAfTkaJsWpc1jtQwr3Q"],"hasMerchantReturnPolicy":{"@type":"MerchantReturnPolicy","merchantReturnLink":"https:\/\/www.sestogrado.it\/it\/termini-e-condizioni\/"}}]},"product_brand":"Beal","og_availability":"instock","product_availability":"instock","product_condition":"new"},"_links":{"self":[{"href":"https:\/\/www.sestogrado.it\/it\/wp-json\/wp\/v2\/product\/3991","targetHints":{"allow":["GET"]}}],"collection":[{"href":"https:\/\/www.sestogrado.it\/it\/wp-json\/wp\/v2\/product"}],"about":[{"href":"https:\/\/www.sestogrado.it\/it\/wp-json\/wp\/v2\/types\/product"}],"replies":[{"embeddable":true,"href":"https:\/\/www.sestogrado.it\/it\/wp-json\/wp\/v2\/comments?post=3991"}],"wp:featuredmedia":[{"embeddable":true,"href":"https:\/\/www.sestogrado.it\/it\/wp-json\/wp\/v2\/media\/32685"}],"wp:attachment":[{"href":"https:\/\/www.sestogrado.it\/it\/wp-json\/wp\/v2\/media?parent=3991"}],"wp:term":[{"taxonomy":"product_brand","embeddable":true,"href":"https:\/\/www.sestogrado.it\/it\/wp-json\/wp\/v2\/product_brand?post=3991"},{"taxonomy":"product_cat","embeddable":true,"href":"https:\/\/www.sestogrado.it\/it\/wp-json\/wp\/v2\/product_cat?post=3991"},{"taxonomy":"product_tag","embeddable":true,"href":"https:\/\/www.sestogrado.it\/it\/wp-json\/wp\/v2\/product_tag?post=3991"}],"curies":[{"name":"wp","href":"https:\/\/api.w.org\/{rel}","templated":true}]}}