{"id":3968,"date":"2025-02-11T14:35:22","date_gmt":"2025-02-11T13:35:22","guid":{"rendered":"http:\/\/www.sestogrado.it\/?post_type=product&#038;p=3968"},"modified":"2025-09-30T22:50:59","modified_gmt":"2025-09-30T20:50:59","slug":"camp-alpine-flash-imbrago-arrampicata","status":"publish","type":"product","link":"https:\/\/www.sestogrado.it\/it\/prodotto\/camp-alpine-flash-imbrago-arrampicata\/","title":{"rendered":"Camp Alpine Flash imbrago alpinismo"},"content":{"rendered":"<p>L&#8217;Alpine Flash, specifica per l&#8217;alpinismo, completa la serie delle innovative imbracature superleggere C.A.M.P. in fettuccia portante rastremata. Derivata dalla Flash da arrampicata sportiva, l&#8217;Alpine Flash si distingue per i cosciali regolabili e staccabili con fibbia rapida (azionabile anche indossando i guanti), per gli anelli portamateriale con tubetto di rivestimento (pi\u00f9 un quinto anello posteriore) e per gli slot integrati per i moschettoni Hub. La costruzione in fettuccia assicura estrema leggerezza, compattezza e comfort, distribuendo il carico in modo uniforme su tutta la superficie della cintura e dei cosciali. Alla fettuccia \u00e8 adesivizzata una speciale imbottitura da 3 mm che incrementa il comfort senza compromettere la leggerezza. Nata per rispondere alle esigenze del moderno alpinismo light &amp; fast, l&#8217;Alpine Flash \u00e8 perfetta anche per le ascensioni pi\u00f9 classiche e le traversate sui ghiacciai: su questi terreni, grazie alla sua costruzione minimalista, si fa apprezzare per il suo peso ridottissimo e per l&#8217;agio che offre nella camminata.<\/p>\n<ul>\n<li>Superleggera e confortevole<\/li>\n<li>Cintura e cosciali regolabili in fettuccia portante di concezione innovativa<\/li>\n<li>Imbottitura da 3 mm adesivizzata alla fettuccia portante di cintura e cosciali<\/li>\n<li>Fibbia rapida autobloccante sulla cintura e sui cosciali<\/li>\n<li>5 portamateriali (4 con tubetto e 1 posteriore preformato)<\/li>\n<li>4 slot per i moschettoni Hub con rinforzi in Hypalon<\/li>\n<li>Asola per il sacchetto portamagnesite<\/li>\n<\/ul>\n<p>&nbsp;<\/p>\n<p>Passione, lavoro e semplicit\u00e0 sono alcune delle parole chiave che da sempre hanno contraddistinto il modo di essere di C.A.M.P. La passione \u00e8 quella per la montagna e per i prodotti che aiutano a realizzare i sogni ed i progetti di tutti coloro che la frequentano; il lavoro \u00e8 quello tramandato da oltre 115 anni in quattro distinte generazioni succedutesi alla guida dell\u2019azienda e la semplicit\u00e0 \u00e8 quella che contraddistingue un modo di essere e relazionarsi basato sulla seriet\u00e0 e lealt\u00e0.<\/p>","protected":false},"excerpt":{"rendered":"<p>L&#8217;Alpine Flash, specifica per l&#8217;alpinismo, completa la serie delle innovative imbracature superleggere C.A.M.P. in fettuccia portante rastremata. Derivata dalla Flash [&hellip;]<\/p>\n","protected":false},"featured_media":182675,"comment_status":"open","ping_status":"closed","template":"","meta":{"_acf_changed":false},"product_brand":[31],"product_cat":[183],"product_tag":[],"class_list":{"0":"post-3968","1":"product","2":"type-product","3":"status-publish","4":"has-post-thumbnail","6":"product_brand-camp","7":"product_cat-alpinismo","9":"first","10":"instock","11":"sale","12":"taxable","13":"shipping-taxable","14":"purchasable","15":"product-type-variable"},"acf":[],"yoast_head":"<!-- This site is optimized with the Yoast SEO plugin v26.4 - https:\/\/yoast.com\/wordpress\/plugins\/seo\/ -->\n<title>Camp Alpine Flash imbrago alpinismo - Sestogrado<\/title>\n<meta name=\"description\" content=\"L&#039;Alpine Flash, specifica per l&#039;alpinismo, completa la serie delle innovative imbracature superleggere C.A.M.P. in fettuccia portante rastremata. Derivata dalla Flash da arrampicata sportiva, l&#039;Alpine Flash si distingue per i cosciali regolabili e staccabili con fibbia rapida (azionabile anche indossando i guanti), per gli anelli portamateriale con tubetto di rivestimento (pi\u00f9 un quinto anello posteriore) e per gli slot integrati per i moschettoni Hub. La costruzione in fettuccia assicura estrema leggerezza, compattezza e comfort, distribuendo il carico in modo uniforme su tutta la superficie della cintura e dei cosciali. Alla fettuccia \u00e8 adesivizzata una speciale imbottitura da 3 mm che incrementa il comfort senza compromettere la leggerezza. Nata per rispondere alle esigenze del moderno alpinismo light &amp; fast, l&#039;Alpine Flash \u00e8 perfetta anche per le ascensioni pi\u00f9 classiche e le traversate sui ghiacciai: su questi terreni, grazie alla sua costruzione minimalista, si fa apprezzare per il suo peso ridottissimo e per l&#039;agio che offre nella camminata.\" \/>\n<meta name=\"robots\" content=\"index, follow, max-snippet:-1, max-image-preview:large, max-video-preview:-1\" \/>\n<link rel=\"canonical\" href=\"https:\/\/www.sestogrado.it\/it\/prodotto\/camp-alpine-flash-imbrago-arrampicata\/\" \/>\n<meta property=\"og:locale\" content=\"it_IT\" \/>\n<meta property=\"og:type\" content=\"article\" \/>\n<meta property=\"og:title\" content=\"Camp Alpine Flash imbrago alpinismo - Sestogrado\" \/>\n<meta property=\"og:description\" content=\"L&#039;Alpine Flash, specifica per l&#039;alpinismo, completa la serie delle innovative imbracature superleggere C.A.M.P. in fettuccia portante rastremata. Derivata dalla Flash da arrampicata sportiva, l&#039;Alpine Flash si distingue per i cosciali regolabili e staccabili con fibbia rapida (azionabile anche indossando i guanti), per gli anelli portamateriale con tubetto di rivestimento (pi\u00f9 un quinto anello posteriore) e per gli slot integrati per i moschettoni Hub. La costruzione in fettuccia assicura estrema leggerezza, compattezza e comfort, distribuendo il carico in modo uniforme su tutta la superficie della cintura e dei cosciali. Alla fettuccia \u00e8 adesivizzata una speciale imbottitura da 3 mm che incrementa il comfort senza compromettere la leggerezza. Nata per rispondere alle esigenze del moderno alpinismo light &amp; fast, l&#039;Alpine Flash \u00e8 perfetta anche per le ascensioni pi\u00f9 classiche e le traversate sui ghiacciai: su questi terreni, grazie alla sua costruzione minimalista, si fa apprezzare per il suo peso ridottissimo e per l&#039;agio che offre nella camminata.\" \/>\n<meta property=\"og:url\" content=\"https:\/\/www.sestogrado.it\/it\/prodotto\/camp-alpine-flash-imbrago-arrampicata\/\" \/>\n<meta property=\"og:site_name\" content=\"Sestogrado\" \/>\n<meta property=\"article:publisher\" content=\"https:\/\/www.facebook.com\/pages\/Sestogrado\/1542635979353017?ref=bookmarks\" \/>\n<meta property=\"article:modified_time\" content=\"2025-09-30T20:50:59+00:00\" \/>\n<meta property=\"og:image\" content=\"https:\/\/www.sestogrado.it\/wp-content\/uploads\/2016\/01\/01-10.jpg\" \/>\n\t<meta property=\"og:image:width\" content=\"1200\" \/>\n\t<meta property=\"og:image:height\" content=\"1200\" \/>\n\t<meta property=\"og:image:type\" content=\"image\/jpeg\" \/>\n<meta name=\"twitter:label1\" content=\"Disponibilit\u00e0\" \/>\n\t<meta name=\"twitter:data1\" content=\"In stock\" \/>\n<script type=\"application\/ld+json\" class=\"yoast-schema-graph\">{\"@context\":\"https:\/\/schema.org\",\"@graph\":[{\"@type\":\"WebPage\",\"@id\":\"https:\/\/www.sestogrado.it\/it\/prodotto\/camp-alpine-flash-imbrago-arrampicata\/\",\"url\":\"https:\/\/www.sestogrado.it\/it\/prodotto\/camp-alpine-flash-imbrago-arrampicata\/\",\"name\":\"Camp Alpine Flash imbrago alpinismo - Sestogrado\",\"isPartOf\":{\"@id\":\"https:\/\/www.sestogrado.it\/it\/#website\"},\"primaryImageOfPage\":{\"@id\":\"https:\/\/www.sestogrado.it\/it\/prodotto\/camp-alpine-flash-imbrago-arrampicata\/#primaryimage\"},\"image\":{\"@id\":\"https:\/\/www.sestogrado.it\/prodotto\/camp-alpine-flash-imbrago-arrampicata\/#primaryimage\"},\"thumbnailUrl\":\"https:\/\/www.sestogrado.it\/wp-content\/uploads\/2016\/01\/01-10.jpg\",\"datePublished\":\"2025-02-11T13:35:22+00:00\",\"dateModified\":\"2025-09-30T20:50:59+00:00\",\"description\":\"L'Alpine Flash, specifica per l'alpinismo, completa la serie delle innovative imbracature superleggere C.A.M.P. in fettuccia portante rastremata. Derivata dalla Flash da arrampicata sportiva, l'Alpine Flash si distingue per i cosciali regolabili e staccabili con fibbia rapida (azionabile anche indossando i guanti), per gli anelli portamateriale con tubetto di rivestimento (pi\u00f9 un quinto anello posteriore) e per gli slot integrati per i moschettoni Hub. La costruzione in fettuccia assicura estrema leggerezza, compattezza e comfort, distribuendo il carico in modo uniforme su tutta la superficie della cintura e dei cosciali. Alla fettuccia \u00e8 adesivizzata una speciale imbottitura da 3 mm che incrementa il comfort senza compromettere la leggerezza. Nata per rispondere alle esigenze del moderno alpinismo light & fast, l'Alpine Flash \u00e8 perfetta anche per le ascensioni pi\u00f9 classiche e le traversate sui ghiacciai: su questi terreni, grazie alla sua costruzione minimalista, si fa apprezzare per il suo peso ridottissimo e per l'agio che offre nella camminata.\",\"breadcrumb\":{\"@id\":\"https:\/\/www.sestogrado.it\/it\/prodotto\/camp-alpine-flash-imbrago-arrampicata\/#breadcrumb\"},\"inLanguage\":\"it-IT\",\"potentialAction\":[{\"@type\":\"ReadAction\",\"target\":[[\"https:\/\/www.sestogrado.it\/it\/prodotto\/camp-alpine-flash-imbrago-arrampicata\/\"]]}]},{\"@type\":\"ImageObject\",\"inLanguage\":\"it-IT\",\"@id\":\"https:\/\/www.sestogrado.it\/it\/prodotto\/camp-alpine-flash-imbrago-arrampicata\/#primaryimage\",\"url\":\"https:\/\/www.sestogrado.it\/wp-content\/uploads\/2016\/01\/01-10.jpg\",\"contentUrl\":\"https:\/\/www.sestogrado.it\/wp-content\/uploads\/2016\/01\/01-10.jpg\",\"width\":1200,\"height\":1200,\"caption\":\"camp alpine flash\"},{\"@type\":\"BreadcrumbList\",\"@id\":\"https:\/\/www.sestogrado.it\/it\/prodotto\/camp-alpine-flash-imbrago-arrampicata\/#breadcrumb\",\"itemListElement\":[{\"@type\":\"ListItem\",\"position\":1,\"name\":\"Home\",\"item\":\"https:\/\/www.sestogrado.it\/it\/\"},{\"@type\":\"ListItem\",\"position\":2,\"name\":\"Shop\",\"item\":\"https:\/\/www.sestogrado.it\/it\/shop\/\"},{\"@type\":\"ListItem\",\"position\":3,\"name\":\"Camp Alpine Flash imbrago alpinismo\"}]},{\"@type\":\"WebSite\",\"@id\":\"https:\/\/www.sestogrado.it\/it\/#website\",\"url\":\"https:\/\/www.sestogrado.it\/it\/\",\"name\":\"Sestogrado\",\"description\":\"yes we climb\",\"publisher\":{\"@id\":\"https:\/\/www.sestogrado.it\/it\/#organization\"},\"potentialAction\":[{\"@type\":\"SearchAction\",\"target\":{\"@type\":\"EntryPoint\",\"urlTemplate\":\"https:\/\/www.sestogrado.it\/it\/?s={search_term_string}\"},\"query-input\":{\"@type\":\"PropertyValueSpecification\",\"valueRequired\":true,\"valueName\":\"search_term_string\"}}],\"inLanguage\":\"it-IT\"},{\"@type\":\"Organization\",\"@id\":\"https:\/\/www.sestogrado.it\/it\/#organization\",\"name\":\"Sestogrado\",\"url\":\"https:\/\/www.sestogrado.it\/it\/\",\"logo\":{\"@type\":\"ImageObject\",\"inLanguage\":\"it-IT\",\"@id\":\"https:\/\/www.sestogrado.it\/it\/#\/schema\/logo\/image\/\",\"url\":\"https:\/\/www.sestogrado.it\/wp-content\/uploads\/2015\/03\/sestogrado-favicon.png\",\"contentUrl\":\"https:\/\/www.sestogrado.it\/wp-content\/uploads\/2015\/03\/sestogrado-favicon.png\",\"width\":260,\"height\":260,\"caption\":\"Sestogrado\"},\"image\":{\"@id\":\"https:\/\/www.sestogrado.it\/it\/#\/schema\/logo\/image\/\"},\"sameAs\":[\"https:\/\/www.facebook.com\/pages\/Sestogrado\/1542635979353017?ref=bookmarks\",\"https:\/\/www.youtube.com\/channel\/UC847kAfTkaJsWpc1jtQwr3Q\"],\"hasMerchantReturnPolicy\":{\"@type\":\"MerchantReturnPolicy\",\"merchantReturnLink\":\"https:\/\/www.sestogrado.it\/it\/termini-e-condizioni\/\"}}]}<\/script>\n<meta property=\"product:brand\" content=\"Camp\" \/>\n<meta property=\"og:availability\" content=\"instock\" \/>\n<meta property=\"product:availability\" content=\"instock\" \/>\n<meta property=\"product:condition\" content=\"new\" \/>\n<!-- \/ Yoast SEO plugin. -->","yoast_head_json":{"title":"Camp Alpine Flash imbrago alpinismo - Sestogrado","description":"L'Alpine Flash, specifica per l'alpinismo, completa la serie delle innovative imbracature superleggere C.A.M.P. in fettuccia portante rastremata. Derivata dalla Flash da arrampicata sportiva, l'Alpine Flash si distingue per i cosciali regolabili e staccabili con fibbia rapida (azionabile anche indossando i guanti), per gli anelli portamateriale con tubetto di rivestimento (pi\u00f9 un quinto anello posteriore) e per gli slot integrati per i moschettoni Hub. La costruzione in fettuccia assicura estrema leggerezza, compattezza e comfort, distribuendo il carico in modo uniforme su tutta la superficie della cintura e dei cosciali. Alla fettuccia \u00e8 adesivizzata una speciale imbottitura da 3 mm che incrementa il comfort senza compromettere la leggerezza. Nata per rispondere alle esigenze del moderno alpinismo light & fast, l'Alpine Flash \u00e8 perfetta anche per le ascensioni pi\u00f9 classiche e le traversate sui ghiacciai: su questi terreni, grazie alla sua costruzione minimalista, si fa apprezzare per il suo peso ridottissimo e per l'agio che offre nella camminata.","robots":{"index":"index","follow":"follow","max-snippet":"max-snippet:-1","max-image-preview":"max-image-preview:large","max-video-preview":"max-video-preview:-1"},"canonical":"https:\/\/www.sestogrado.it\/it\/prodotto\/camp-alpine-flash-imbrago-arrampicata\/","og_locale":"it_IT","og_type":"article","og_title":"Camp Alpine Flash imbrago alpinismo - Sestogrado","og_description":"L'Alpine Flash, specifica per l'alpinismo, completa la serie delle innovative imbracature superleggere C.A.M.P. in fettuccia portante rastremata. Derivata dalla Flash da arrampicata sportiva, l'Alpine Flash si distingue per i cosciali regolabili e staccabili con fibbia rapida (azionabile anche indossando i guanti), per gli anelli portamateriale con tubetto di rivestimento (pi\u00f9 un quinto anello posteriore) e per gli slot integrati per i moschettoni Hub. La costruzione in fettuccia assicura estrema leggerezza, compattezza e comfort, distribuendo il carico in modo uniforme su tutta la superficie della cintura e dei cosciali. Alla fettuccia \u00e8 adesivizzata una speciale imbottitura da 3 mm che incrementa il comfort senza compromettere la leggerezza. Nata per rispondere alle esigenze del moderno alpinismo light & fast, l'Alpine Flash \u00e8 perfetta anche per le ascensioni pi\u00f9 classiche e le traversate sui ghiacciai: su questi terreni, grazie alla sua costruzione minimalista, si fa apprezzare per il suo peso ridottissimo e per l'agio che offre nella camminata.","og_url":"https:\/\/www.sestogrado.it\/it\/prodotto\/camp-alpine-flash-imbrago-arrampicata\/","og_site_name":"Sestogrado","article_publisher":"https:\/\/www.facebook.com\/pages\/Sestogrado\/1542635979353017?ref=bookmarks","article_modified_time":"2025-09-30T20:50:59+00:00","og_image":[{"width":1200,"height":1200,"url":"https:\/\/www.sestogrado.it\/wp-content\/uploads\/2016\/01\/01-10.jpg","type":"image\/jpeg"}],"twitter_misc":{"Disponibilit\u00e0":"In stock"},"schema":{"@context":"https:\/\/schema.org","@graph":[{"@type":"WebPage","@id":"https:\/\/www.sestogrado.it\/it\/prodotto\/camp-alpine-flash-imbrago-arrampicata\/","url":"https:\/\/www.sestogrado.it\/it\/prodotto\/camp-alpine-flash-imbrago-arrampicata\/","name":"Camp Alpine Flash imbrago alpinismo - Sestogrado","isPartOf":{"@id":"https:\/\/www.sestogrado.it\/it\/#website"},"primaryImageOfPage":{"@id":"https:\/\/www.sestogrado.it\/it\/prodotto\/camp-alpine-flash-imbrago-arrampicata\/#primaryimage"},"image":{"@id":"https:\/\/www.sestogrado.it\/prodotto\/camp-alpine-flash-imbrago-arrampicata\/#primaryimage"},"thumbnailUrl":"https:\/\/www.sestogrado.it\/wp-content\/uploads\/2016\/01\/01-10.jpg","datePublished":"2025-02-11T13:35:22+00:00","dateModified":"2025-09-30T20:50:59+00:00","description":"L'Alpine Flash, specifica per l'alpinismo, completa la serie delle innovative imbracature superleggere C.A.M.P. in fettuccia portante rastremata. Derivata dalla Flash da arrampicata sportiva, l'Alpine Flash si distingue per i cosciali regolabili e staccabili con fibbia rapida (azionabile anche indossando i guanti), per gli anelli portamateriale con tubetto di rivestimento (pi\u00f9 un quinto anello posteriore) e per gli slot integrati per i moschettoni Hub. La costruzione in fettuccia assicura estrema leggerezza, compattezza e comfort, distribuendo il carico in modo uniforme su tutta la superficie della cintura e dei cosciali. Alla fettuccia \u00e8 adesivizzata una speciale imbottitura da 3 mm che incrementa il comfort senza compromettere la leggerezza. Nata per rispondere alle esigenze del moderno alpinismo light & fast, l'Alpine Flash \u00e8 perfetta anche per le ascensioni pi\u00f9 classiche e le traversate sui ghiacciai: su questi terreni, grazie alla sua costruzione minimalista, si fa apprezzare per il suo peso ridottissimo e per l'agio che offre nella camminata.","breadcrumb":{"@id":"https:\/\/www.sestogrado.it\/it\/prodotto\/camp-alpine-flash-imbrago-arrampicata\/#breadcrumb"},"inLanguage":"it-IT","potentialAction":[{"@type":"ReadAction","target":[["https:\/\/www.sestogrado.it\/it\/prodotto\/camp-alpine-flash-imbrago-arrampicata\/"]]}]},{"@type":"ImageObject","inLanguage":"it-IT","@id":"https:\/\/www.sestogrado.it\/it\/prodotto\/camp-alpine-flash-imbrago-arrampicata\/#primaryimage","url":"https:\/\/www.sestogrado.it\/wp-content\/uploads\/2016\/01\/01-10.jpg","contentUrl":"https:\/\/www.sestogrado.it\/wp-content\/uploads\/2016\/01\/01-10.jpg","width":1200,"height":1200,"caption":"camp alpine flash"},{"@type":"BreadcrumbList","@id":"https:\/\/www.sestogrado.it\/it\/prodotto\/camp-alpine-flash-imbrago-arrampicata\/#breadcrumb","itemListElement":[{"@type":"ListItem","position":1,"name":"Home","item":"https:\/\/www.sestogrado.it\/it\/"},{"@type":"ListItem","position":2,"name":"Shop","item":"https:\/\/www.sestogrado.it\/it\/shop\/"},{"@type":"ListItem","position":3,"name":"Camp Alpine Flash imbrago alpinismo"}]},{"@type":"WebSite","@id":"https:\/\/www.sestogrado.it\/it\/#website","url":"https:\/\/www.sestogrado.it\/it\/","name":"Sestogrado","description":"yes we climb","publisher":{"@id":"https:\/\/www.sestogrado.it\/it\/#organization"},"potentialAction":[{"@type":"SearchAction","target":{"@type":"EntryPoint","urlTemplate":"https:\/\/www.sestogrado.it\/it\/?s={search_term_string}"},"query-input":{"@type":"PropertyValueSpecification","valueRequired":true,"valueName":"search_term_string"}}],"inLanguage":"it-IT"},{"@type":"Organization","@id":"https:\/\/www.sestogrado.it\/it\/#organization","name":"Sestogrado","url":"https:\/\/www.sestogrado.it\/it\/","logo":{"@type":"ImageObject","inLanguage":"it-IT","@id":"https:\/\/www.sestogrado.it\/it\/#\/schema\/logo\/image\/","url":"https:\/\/www.sestogrado.it\/wp-content\/uploads\/2015\/03\/sestogrado-favicon.png","contentUrl":"https:\/\/www.sestogrado.it\/wp-content\/uploads\/2015\/03\/sestogrado-favicon.png","width":260,"height":260,"caption":"Sestogrado"},"image":{"@id":"https:\/\/www.sestogrado.it\/it\/#\/schema\/logo\/image\/"},"sameAs":["https:\/\/www.facebook.com\/pages\/Sestogrado\/1542635979353017?ref=bookmarks","https:\/\/www.youtube.com\/channel\/UC847kAfTkaJsWpc1jtQwr3Q"],"hasMerchantReturnPolicy":{"@type":"MerchantReturnPolicy","merchantReturnLink":"https:\/\/www.sestogrado.it\/it\/termini-e-condizioni\/"}}]},"product_brand":"Camp","og_availability":"instock","product_availability":"instock","product_condition":"new"},"_links":{"self":[{"href":"https:\/\/www.sestogrado.it\/it\/wp-json\/wp\/v2\/product\/3968","targetHints":{"allow":["GET"]}}],"collection":[{"href":"https:\/\/www.sestogrado.it\/it\/wp-json\/wp\/v2\/product"}],"about":[{"href":"https:\/\/www.sestogrado.it\/it\/wp-json\/wp\/v2\/types\/product"}],"replies":[{"embeddable":true,"href":"https:\/\/www.sestogrado.it\/it\/wp-json\/wp\/v2\/comments?post=3968"}],"wp:featuredmedia":[{"embeddable":true,"href":"https:\/\/www.sestogrado.it\/it\/wp-json\/wp\/v2\/media\/182675"}],"wp:attachment":[{"href":"https:\/\/www.sestogrado.it\/it\/wp-json\/wp\/v2\/media?parent=3968"}],"wp:term":[{"taxonomy":"product_brand","embeddable":true,"href":"https:\/\/www.sestogrado.it\/it\/wp-json\/wp\/v2\/product_brand?post=3968"},{"taxonomy":"product_cat","embeddable":true,"href":"https:\/\/www.sestogrado.it\/it\/wp-json\/wp\/v2\/product_cat?post=3968"},{"taxonomy":"product_tag","embeddable":true,"href":"https:\/\/www.sestogrado.it\/it\/wp-json\/wp\/v2\/product_tag?post=3968"}],"curies":[{"name":"wp","href":"https:\/\/api.w.org\/{rel}","templated":true}]}}