{"id":39476,"date":"2020-08-28T14:36:16","date_gmt":"2020-08-28T12:36:16","guid":{"rendered":"https:\/\/www.sestogrado.it\/?post_type=product&#038;p=39476"},"modified":"2026-05-05T12:50:37","modified_gmt":"2026-05-05T10:50:37","slug":"ferrino-svalbard-3-0-tenda-4-stagioni-per-tre-persone","status":"publish","type":"product","link":"https:\/\/www.sestogrado.it\/it\/prodotto\/ferrino-svalbard-3-0-tenda-4-stagioni-per-tre-persone\/","title":{"rendered":"Ferrino Svalbard 3.0 tenda 4 stagioni per tre persone"},"content":{"rendered":"<p>La Ferrino Svalbard 3.0 \u00e8 una tenda 4 stagioni per tre persone. E&#8217; la tenda che meglio\u00a0incarna lo spirito di avventura Ferrino, una fedele compagna in termini di affidabilit\u00e0 e versatilit\u00e0, adatta alle 4 stagioni in montagna e ovunque, per escursionisti o alpinisti.<\/p>\n<p>Dal 1987, anno in cui \u00e8 uscito il primo modello, la Svalbard accompagna i migliori alpinisti ed escursionisti in tutto il mondo. Dopo trent\u2019anni la tenda Svalbard si \u00e8 altamente evoluta, garantendo migliori prestazioni pur mantenendo lo stesso stile e la stessa comodit\u00e0. L\u2019ampio abside, la struttura double cross ed il peso ridotto garantiscono le migliori prestazioni possibili, in qualsiasi condizione climatica. L\u2019ottima e resistenza al vento, la sua incredibile versatilit\u00e0 e gli spazi interni studiati ed ottimizzati al massimo la rendono la soluzione ideale per ogni spedizione. Impermeabilit\u00e0 pavimento 8.000mm, impermeabilit\u00e0 telo esterno 3.000mm colonna d&#8217;acqua.<\/p>\n<ul>\n<li><strong>Struttura:<\/strong>\u00a0Double cross<\/li>\n<li><strong>Materiali:<\/strong>\u00a0Doppio tetto in poliestere Ripstop 70D, 85 g\/m2, spalmatura poliuretanica alluminata termoisolante, impermeabilit\u00e0 3000 mm., idrorepellente, trattato FR | Interno in poliestere Ripstop 70D, 55 g\/m2, idrorepellente e traspirante, trattato FR | Pavimento in poliestere Oxford 210D, 130 g\/m2, spalmatura poliuretanica termoisolante, impermeabilit\u00e0 8000 mm., idrorepellente, trattato FR | Finestre in TPU trasparente | Cuciture nastrate nel doppio tetto e nel pavimento per garantire l&#8217;impermeabilit\u00e0 | Costruzione a tre strati per rinforzare gli angoli del catino<\/li>\n<li><strong>Paleria:<\/strong>\u00a0Paleria in lega di alluminio temperato 7001 T6 con caratteristiche di leggerezza, resistenza ed elasticit\u00e0 | 3 Pali in duralluminio precollegati con struttura double cross | Pali in colore differenziato per facilitare il montaggio | Tenda interna sospesa al doppio tetto con anellino ed olivetta | Doppio tetto sospeso alla paleria esterna tramite guaine | Picchetti in alluminio<\/li>\n<li><strong>Ingresso e aerazione:<\/strong>\u00a0Absidi poste a protezione dei due ingressi, posteriore e anteriore per spazio extra per attrezzature ingombranti | Porte con zanzariera esterna completamente apribili e riponibili in apposito taschino | Cuffi e di ventilazione con antitempesta | Falda a terra sollevabile sul perimetro basale della tenda per un&#8217;ottimale aerazione (quando arrotolata) o protezione della tenda in caso di maltempo (se srotolata)<\/li>\n<li><strong>Storage:<\/strong>\u00a0Tasche interne<\/li>\n<li><strong>Accessori:<\/strong>\u00a0Asole in nastro sugli angoli del pavimento per ancorare la tenda, se montata su neve, con piccozze, sci o altri corpi morti | Distanza del doppio tetto dalla base regolabile per un ottimale tensionamento e per consentire un passaggio maggiore o minore di aria in base al clima e alle condizioni meteo | Sistema di tiranti rifl ettenti e multipoint, che evita la rottura o deformazione della paleria in caso di vento forte | Gancio interno porta lampada | Sacca porta tenda inclusa | Kit di riparazione incluso | Istruzioni video attivabili con QRCode<\/li>\n<\/ul>\n<p>Con la Ferrino Svalbard 3.0 puoi stare settimane sotto la pioggia ed essere sempre all&#8217;asciutto. Una tenda 4 stagioni appositamente studiata per resistere agli agenti atmosferici pi\u00f9 estremi, pratica e spaziosa, \u00e8 perfetta per tutti gli alpinisti e gli escursionisti che necessitano di una tenda pratica e robusta adatta a qualsiasi situazione.<\/p>\n<p>Montaggio:<\/p>\n<p>1870 Tutto inizia in un negozio di vernici, a Torino. Cesare Ferrino ha un\u2019intuizione rivoluzionaria: impermeabilizzare i tessuti. Il successo \u00e8 immediato, in tutta italia. Dal tessuto alla manifattura le prime tende in dotazione a esploratori e alpinisti, poi gli anni dell\u2019alpinismo leggendario, nel 1994 l&#8217;installazione sul Monte Rosa a 3585 del HighLab, un laboratorio permanente in alta quota nel\u00a0rifugio Quintino Sella, per le prove di nuovi materiali e prototipi. Ferrino \u00e8 un punto di riferimento per le grandi avventure outdoor, nel 1870 come oggi.<\/p>","protected":false},"excerpt":{"rendered":"<p>La Ferrino Svalbard 3.0 \u00e8 una tenda 4 stagioni per tre persone. E&#8217; la tenda che meglio\u00a0incarna lo spirito di [&hellip;]<\/p>\n","protected":false},"featured_media":39477,"comment_status":"open","ping_status":"closed","template":"","meta":{"_acf_changed":false},"product_brand":[614],"product_cat":[661],"product_tag":[],"class_list":{"0":"post-39476","1":"product","2":"type-product","3":"status-publish","4":"has-post-thumbnail","6":"product_brand-ferrino","7":"product_cat-tende","9":"first","10":"instock","11":"sale","12":"taxable","13":"shipping-taxable","14":"purchasable","15":"product-type-simple"},"acf":[],"yoast_head":"<!-- This site is optimized with the Yoast SEO plugin v26.4 - https:\/\/yoast.com\/wordpress\/plugins\/seo\/ -->\n<title>Ferrino Svalbard 3.0 tenda 4 stagioni per tre persone - Sestogrado<\/title>\n<meta name=\"description\" content=\"La Ferrino Svalbard 3.0 \u00e8 una tenda 4 stagioni per tre persone. E&#039; la tenda che meglio\u00a0incarna lo spirito di avventura Ferrino, una fedele compagna in termini di affidabilit\u00e0 e versatilit\u00e0, adatta alle 4 stagioni in montagna e ovunque, per escursionisti o alpinisti.Dal 1987, anno in cui \u00e8 uscito il primo modello, la Svalbard accompagna i migliori alpinisti ed escursionisti in tutto il mondo. Dopo trent\u2019anni la tenda Svalbard si \u00e8 altamente evoluta, garantendo migliori prestazioni pur mantenendo lo stesso stile e la stessa comodit\u00e0. L\u2019ampio abside, la struttura double cross ed il peso ridotto garantiscono le migliori prestazioni possibili, in qualsiasi condizione climatica. L\u2019ottima e resistenza al vento, la sua incredibile versatilit\u00e0 e gli spazi interni studiati ed ottimizzati al massimo la rendono la soluzione ideale per ogni spedizione. Impermeabilit\u00e0 pavimento 8.000mm, impermeabilit\u00e0 telo esterno 3.000mm colonna d&#039;acqua.\" \/>\n<meta name=\"robots\" content=\"index, follow, max-snippet:-1, max-image-preview:large, max-video-preview:-1\" \/>\n<link rel=\"canonical\" href=\"https:\/\/www.sestogrado.it\/it\/prodotto\/ferrino-svalbard-3-0-tenda-4-stagioni-per-tre-persone\/\" \/>\n<meta property=\"og:locale\" content=\"it_IT\" \/>\n<meta property=\"og:type\" content=\"article\" \/>\n<meta property=\"og:title\" content=\"Ferrino Svalbard 3.0 tenda 4 stagioni per tre persone - Sestogrado\" \/>\n<meta property=\"og:description\" content=\"La Ferrino Svalbard 3.0 \u00e8 una tenda 4 stagioni per tre persone. E&#039; la tenda che meglio\u00a0incarna lo spirito di avventura Ferrino, una fedele compagna in termini di affidabilit\u00e0 e versatilit\u00e0, adatta alle 4 stagioni in montagna e ovunque, per escursionisti o alpinisti.Dal 1987, anno in cui \u00e8 uscito il primo modello, la Svalbard accompagna i migliori alpinisti ed escursionisti in tutto il mondo. Dopo trent\u2019anni la tenda Svalbard si \u00e8 altamente evoluta, garantendo migliori prestazioni pur mantenendo lo stesso stile e la stessa comodit\u00e0. L\u2019ampio abside, la struttura double cross ed il peso ridotto garantiscono le migliori prestazioni possibili, in qualsiasi condizione climatica. L\u2019ottima e resistenza al vento, la sua incredibile versatilit\u00e0 e gli spazi interni studiati ed ottimizzati al massimo la rendono la soluzione ideale per ogni spedizione. Impermeabilit\u00e0 pavimento 8.000mm, impermeabilit\u00e0 telo esterno 3.000mm colonna d&#039;acqua.\" \/>\n<meta property=\"og:url\" content=\"https:\/\/www.sestogrado.it\/it\/prodotto\/ferrino-svalbard-3-0-tenda-4-stagioni-per-tre-persone\/\" \/>\n<meta property=\"og:site_name\" content=\"Sestogrado\" \/>\n<meta property=\"article:publisher\" content=\"https:\/\/www.facebook.com\/pages\/Sestogrado\/1542635979353017?ref=bookmarks\" \/>\n<meta property=\"article:modified_time\" content=\"2026-05-05T10:50:37+00:00\" \/>\n<meta property=\"og:image\" content=\"https:\/\/www.sestogrado.it\/wp-content\/uploads\/2020\/08\/01-2.jpg\" \/>\n\t<meta property=\"og:image:width\" content=\"2000\" \/>\n\t<meta property=\"og:image:height\" content=\"2000\" \/>\n\t<meta property=\"og:image:type\" content=\"image\/jpeg\" \/>\n<meta name=\"twitter:label1\" content=\"Prezzo\" \/>\n\t<meta name=\"twitter:data1\" content=\"&euro;&nbsp;399,00\" \/>\n\t<meta name=\"twitter:label2\" content=\"Disponibilit\u00e0\" \/>\n\t<meta name=\"twitter:data2\" content=\"In stock\" \/>\n<script type=\"application\/ld+json\" class=\"yoast-schema-graph\">{\"@context\":\"https:\/\/schema.org\",\"@graph\":[{\"@type\":\"WebPage\",\"@id\":\"https:\/\/www.sestogrado.it\/it\/prodotto\/ferrino-svalbard-3-0-tenda-4-stagioni-per-tre-persone\/\",\"url\":\"https:\/\/www.sestogrado.it\/it\/prodotto\/ferrino-svalbard-3-0-tenda-4-stagioni-per-tre-persone\/\",\"name\":\"Ferrino Svalbard 3.0 tenda 4 stagioni per tre persone - Sestogrado\",\"isPartOf\":{\"@id\":\"https:\/\/www.sestogrado.it\/it\/#website\"},\"primaryImageOfPage\":{\"@id\":\"https:\/\/www.sestogrado.it\/it\/prodotto\/ferrino-svalbard-3-0-tenda-4-stagioni-per-tre-persone\/#primaryimage\"},\"image\":{\"@id\":\"https:\/\/www.sestogrado.it\/prodotto\/ferrino-svalbard-3-0-tenda-4-stagioni-per-tre-persone\/#primaryimage\"},\"thumbnailUrl\":\"https:\/\/www.sestogrado.it\/wp-content\/uploads\/2020\/08\/01-2.jpg\",\"datePublished\":\"2020-08-28T12:36:16+00:00\",\"dateModified\":\"2026-05-05T10:50:37+00:00\",\"description\":\"La Ferrino Svalbard 3.0 \u00e8 una tenda 4 stagioni per tre persone. E' la tenda che meglio\u00a0incarna lo spirito di avventura Ferrino, una fedele compagna in termini di affidabilit\u00e0 e versatilit\u00e0, adatta alle 4 stagioni in montagna e ovunque, per escursionisti o alpinisti.Dal 1987, anno in cui \u00e8 uscito il primo modello, la Svalbard accompagna i migliori alpinisti ed escursionisti in tutto il mondo. Dopo trent\u2019anni la tenda Svalbard si \u00e8 altamente evoluta, garantendo migliori prestazioni pur mantenendo lo stesso stile e la stessa comodit\u00e0. L\u2019ampio abside, la struttura double cross ed il peso ridotto garantiscono le migliori prestazioni possibili, in qualsiasi condizione climatica. L\u2019ottima e resistenza al vento, la sua incredibile versatilit\u00e0 e gli spazi interni studiati ed ottimizzati al massimo la rendono la soluzione ideale per ogni spedizione. Impermeabilit\u00e0 pavimento 8.000mm, impermeabilit\u00e0 telo esterno 3.000mm colonna d'acqua.\",\"breadcrumb\":{\"@id\":\"https:\/\/www.sestogrado.it\/it\/prodotto\/ferrino-svalbard-3-0-tenda-4-stagioni-per-tre-persone\/#breadcrumb\"},\"inLanguage\":\"it-IT\",\"potentialAction\":[{\"@type\":\"ReadAction\",\"target\":[[\"https:\/\/www.sestogrado.it\/it\/prodotto\/ferrino-svalbard-3-0-tenda-4-stagioni-per-tre-persone\/\"]]}]},{\"@type\":\"ImageObject\",\"inLanguage\":\"it-IT\",\"@id\":\"https:\/\/www.sestogrado.it\/it\/prodotto\/ferrino-svalbard-3-0-tenda-4-stagioni-per-tre-persone\/#primaryimage\",\"url\":\"https:\/\/www.sestogrado.it\/wp-content\/uploads\/2020\/08\/01-2.jpg\",\"contentUrl\":\"https:\/\/www.sestogrado.it\/wp-content\/uploads\/2020\/08\/01-2.jpg\",\"width\":2000,\"height\":2000,\"caption\":\"ferrino svalbard 3.0\"},{\"@type\":\"BreadcrumbList\",\"@id\":\"https:\/\/www.sestogrado.it\/it\/prodotto\/ferrino-svalbard-3-0-tenda-4-stagioni-per-tre-persone\/#breadcrumb\",\"itemListElement\":[{\"@type\":\"ListItem\",\"position\":1,\"name\":\"Home\",\"item\":\"https:\/\/www.sestogrado.it\/it\/\"},{\"@type\":\"ListItem\",\"position\":2,\"name\":\"Shop\",\"item\":\"https:\/\/www.sestogrado.it\/it\/shop\/\"},{\"@type\":\"ListItem\",\"position\":3,\"name\":\"Ferrino Svalbard 3.0 tenda 4 stagioni per tre persone\"}]},{\"@type\":\"WebSite\",\"@id\":\"https:\/\/www.sestogrado.it\/it\/#website\",\"url\":\"https:\/\/www.sestogrado.it\/it\/\",\"name\":\"Sestogrado\",\"description\":\"yes we climb\",\"publisher\":{\"@id\":\"https:\/\/www.sestogrado.it\/it\/#organization\"},\"potentialAction\":[{\"@type\":\"SearchAction\",\"target\":{\"@type\":\"EntryPoint\",\"urlTemplate\":\"https:\/\/www.sestogrado.it\/it\/?s={search_term_string}\"},\"query-input\":{\"@type\":\"PropertyValueSpecification\",\"valueRequired\":true,\"valueName\":\"search_term_string\"}}],\"inLanguage\":\"it-IT\"},{\"@type\":\"Organization\",\"@id\":\"https:\/\/www.sestogrado.it\/it\/#organization\",\"name\":\"Sestogrado\",\"url\":\"https:\/\/www.sestogrado.it\/it\/\",\"logo\":{\"@type\":\"ImageObject\",\"inLanguage\":\"it-IT\",\"@id\":\"https:\/\/www.sestogrado.it\/it\/#\/schema\/logo\/image\/\",\"url\":\"https:\/\/www.sestogrado.it\/wp-content\/uploads\/2015\/03\/sestogrado-favicon.png\",\"contentUrl\":\"https:\/\/www.sestogrado.it\/wp-content\/uploads\/2015\/03\/sestogrado-favicon.png\",\"width\":260,\"height\":260,\"caption\":\"Sestogrado\"},\"image\":{\"@id\":\"https:\/\/www.sestogrado.it\/it\/#\/schema\/logo\/image\/\"},\"sameAs\":[\"https:\/\/www.facebook.com\/pages\/Sestogrado\/1542635979353017?ref=bookmarks\",\"https:\/\/www.youtube.com\/channel\/UC847kAfTkaJsWpc1jtQwr3Q\"],\"hasMerchantReturnPolicy\":{\"@type\":\"MerchantReturnPolicy\",\"merchantReturnLink\":\"https:\/\/www.sestogrado.it\/it\/termini-e-condizioni\/\"}}]}<\/script>\n<meta property=\"product:brand\" content=\"Ferrino\" \/>\n<meta property=\"product:price:amount\" content=\"399.00\" \/>\n<meta property=\"product:price:currency\" content=\"EUR\" \/>\n<meta property=\"og:availability\" content=\"instock\" \/>\n<meta property=\"product:availability\" content=\"instock\" \/>\n<meta property=\"product:condition\" content=\"new\" \/>\n<!-- \/ Yoast SEO plugin. -->","yoast_head_json":{"title":"Ferrino Svalbard 3.0 tenda 4 stagioni per tre persone - Sestogrado","description":"La Ferrino Svalbard 3.0 \u00e8 una tenda 4 stagioni per tre persone. E' la tenda che meglio\u00a0incarna lo spirito di avventura Ferrino, una fedele compagna in termini di affidabilit\u00e0 e versatilit\u00e0, adatta alle 4 stagioni in montagna e ovunque, per escursionisti o alpinisti.Dal 1987, anno in cui \u00e8 uscito il primo modello, la Svalbard accompagna i migliori alpinisti ed escursionisti in tutto il mondo. Dopo trent\u2019anni la tenda Svalbard si \u00e8 altamente evoluta, garantendo migliori prestazioni pur mantenendo lo stesso stile e la stessa comodit\u00e0. L\u2019ampio abside, la struttura double cross ed il peso ridotto garantiscono le migliori prestazioni possibili, in qualsiasi condizione climatica. L\u2019ottima e resistenza al vento, la sua incredibile versatilit\u00e0 e gli spazi interni studiati ed ottimizzati al massimo la rendono la soluzione ideale per ogni spedizione. Impermeabilit\u00e0 pavimento 8.000mm, impermeabilit\u00e0 telo esterno 3.000mm colonna d'acqua.","robots":{"index":"index","follow":"follow","max-snippet":"max-snippet:-1","max-image-preview":"max-image-preview:large","max-video-preview":"max-video-preview:-1"},"canonical":"https:\/\/www.sestogrado.it\/it\/prodotto\/ferrino-svalbard-3-0-tenda-4-stagioni-per-tre-persone\/","og_locale":"it_IT","og_type":"article","og_title":"Ferrino Svalbard 3.0 tenda 4 stagioni per tre persone - Sestogrado","og_description":"La Ferrino Svalbard 3.0 \u00e8 una tenda 4 stagioni per tre persone. E' la tenda che meglio\u00a0incarna lo spirito di avventura Ferrino, una fedele compagna in termini di affidabilit\u00e0 e versatilit\u00e0, adatta alle 4 stagioni in montagna e ovunque, per escursionisti o alpinisti.Dal 1987, anno in cui \u00e8 uscito il primo modello, la Svalbard accompagna i migliori alpinisti ed escursionisti in tutto il mondo. Dopo trent\u2019anni la tenda Svalbard si \u00e8 altamente evoluta, garantendo migliori prestazioni pur mantenendo lo stesso stile e la stessa comodit\u00e0. L\u2019ampio abside, la struttura double cross ed il peso ridotto garantiscono le migliori prestazioni possibili, in qualsiasi condizione climatica. L\u2019ottima e resistenza al vento, la sua incredibile versatilit\u00e0 e gli spazi interni studiati ed ottimizzati al massimo la rendono la soluzione ideale per ogni spedizione. Impermeabilit\u00e0 pavimento 8.000mm, impermeabilit\u00e0 telo esterno 3.000mm colonna d'acqua.","og_url":"https:\/\/www.sestogrado.it\/it\/prodotto\/ferrino-svalbard-3-0-tenda-4-stagioni-per-tre-persone\/","og_site_name":"Sestogrado","article_publisher":"https:\/\/www.facebook.com\/pages\/Sestogrado\/1542635979353017?ref=bookmarks","article_modified_time":"2026-05-05T10:50:37+00:00","og_image":[{"width":2000,"height":2000,"url":"https:\/\/www.sestogrado.it\/wp-content\/uploads\/2020\/08\/01-2.jpg","type":"image\/jpeg"}],"twitter_misc":{"Prezzo":"&euro;&nbsp;399,00","Disponibilit\u00e0":"In stock"},"schema":{"@context":"https:\/\/schema.org","@graph":[{"@type":"WebPage","@id":"https:\/\/www.sestogrado.it\/it\/prodotto\/ferrino-svalbard-3-0-tenda-4-stagioni-per-tre-persone\/","url":"https:\/\/www.sestogrado.it\/it\/prodotto\/ferrino-svalbard-3-0-tenda-4-stagioni-per-tre-persone\/","name":"Ferrino Svalbard 3.0 tenda 4 stagioni per tre persone - Sestogrado","isPartOf":{"@id":"https:\/\/www.sestogrado.it\/it\/#website"},"primaryImageOfPage":{"@id":"https:\/\/www.sestogrado.it\/it\/prodotto\/ferrino-svalbard-3-0-tenda-4-stagioni-per-tre-persone\/#primaryimage"},"image":{"@id":"https:\/\/www.sestogrado.it\/prodotto\/ferrino-svalbard-3-0-tenda-4-stagioni-per-tre-persone\/#primaryimage"},"thumbnailUrl":"https:\/\/www.sestogrado.it\/wp-content\/uploads\/2020\/08\/01-2.jpg","datePublished":"2020-08-28T12:36:16+00:00","dateModified":"2026-05-05T10:50:37+00:00","description":"La Ferrino Svalbard 3.0 \u00e8 una tenda 4 stagioni per tre persone. E' la tenda che meglio\u00a0incarna lo spirito di avventura Ferrino, una fedele compagna in termini di affidabilit\u00e0 e versatilit\u00e0, adatta alle 4 stagioni in montagna e ovunque, per escursionisti o alpinisti.Dal 1987, anno in cui \u00e8 uscito il primo modello, la Svalbard accompagna i migliori alpinisti ed escursionisti in tutto il mondo. Dopo trent\u2019anni la tenda Svalbard si \u00e8 altamente evoluta, garantendo migliori prestazioni pur mantenendo lo stesso stile e la stessa comodit\u00e0. L\u2019ampio abside, la struttura double cross ed il peso ridotto garantiscono le migliori prestazioni possibili, in qualsiasi condizione climatica. L\u2019ottima e resistenza al vento, la sua incredibile versatilit\u00e0 e gli spazi interni studiati ed ottimizzati al massimo la rendono la soluzione ideale per ogni spedizione. Impermeabilit\u00e0 pavimento 8.000mm, impermeabilit\u00e0 telo esterno 3.000mm colonna d'acqua.","breadcrumb":{"@id":"https:\/\/www.sestogrado.it\/it\/prodotto\/ferrino-svalbard-3-0-tenda-4-stagioni-per-tre-persone\/#breadcrumb"},"inLanguage":"it-IT","potentialAction":[{"@type":"ReadAction","target":[["https:\/\/www.sestogrado.it\/it\/prodotto\/ferrino-svalbard-3-0-tenda-4-stagioni-per-tre-persone\/"]]}]},{"@type":"ImageObject","inLanguage":"it-IT","@id":"https:\/\/www.sestogrado.it\/it\/prodotto\/ferrino-svalbard-3-0-tenda-4-stagioni-per-tre-persone\/#primaryimage","url":"https:\/\/www.sestogrado.it\/wp-content\/uploads\/2020\/08\/01-2.jpg","contentUrl":"https:\/\/www.sestogrado.it\/wp-content\/uploads\/2020\/08\/01-2.jpg","width":2000,"height":2000,"caption":"ferrino svalbard 3.0"},{"@type":"BreadcrumbList","@id":"https:\/\/www.sestogrado.it\/it\/prodotto\/ferrino-svalbard-3-0-tenda-4-stagioni-per-tre-persone\/#breadcrumb","itemListElement":[{"@type":"ListItem","position":1,"name":"Home","item":"https:\/\/www.sestogrado.it\/it\/"},{"@type":"ListItem","position":2,"name":"Shop","item":"https:\/\/www.sestogrado.it\/it\/shop\/"},{"@type":"ListItem","position":3,"name":"Ferrino Svalbard 3.0 tenda 4 stagioni per tre persone"}]},{"@type":"WebSite","@id":"https:\/\/www.sestogrado.it\/it\/#website","url":"https:\/\/www.sestogrado.it\/it\/","name":"Sestogrado","description":"yes we climb","publisher":{"@id":"https:\/\/www.sestogrado.it\/it\/#organization"},"potentialAction":[{"@type":"SearchAction","target":{"@type":"EntryPoint","urlTemplate":"https:\/\/www.sestogrado.it\/it\/?s={search_term_string}"},"query-input":{"@type":"PropertyValueSpecification","valueRequired":true,"valueName":"search_term_string"}}],"inLanguage":"it-IT"},{"@type":"Organization","@id":"https:\/\/www.sestogrado.it\/it\/#organization","name":"Sestogrado","url":"https:\/\/www.sestogrado.it\/it\/","logo":{"@type":"ImageObject","inLanguage":"it-IT","@id":"https:\/\/www.sestogrado.it\/it\/#\/schema\/logo\/image\/","url":"https:\/\/www.sestogrado.it\/wp-content\/uploads\/2015\/03\/sestogrado-favicon.png","contentUrl":"https:\/\/www.sestogrado.it\/wp-content\/uploads\/2015\/03\/sestogrado-favicon.png","width":260,"height":260,"caption":"Sestogrado"},"image":{"@id":"https:\/\/www.sestogrado.it\/it\/#\/schema\/logo\/image\/"},"sameAs":["https:\/\/www.facebook.com\/pages\/Sestogrado\/1542635979353017?ref=bookmarks","https:\/\/www.youtube.com\/channel\/UC847kAfTkaJsWpc1jtQwr3Q"],"hasMerchantReturnPolicy":{"@type":"MerchantReturnPolicy","merchantReturnLink":"https:\/\/www.sestogrado.it\/it\/termini-e-condizioni\/"}}]},"product_brand":"Ferrino","product_price_amount":"399.00","product_price_currency":"EUR","og_availability":"instock","product_availability":"instock","product_condition":"new"},"_links":{"self":[{"href":"https:\/\/www.sestogrado.it\/it\/wp-json\/wp\/v2\/product\/39476","targetHints":{"allow":["GET"]}}],"collection":[{"href":"https:\/\/www.sestogrado.it\/it\/wp-json\/wp\/v2\/product"}],"about":[{"href":"https:\/\/www.sestogrado.it\/it\/wp-json\/wp\/v2\/types\/product"}],"replies":[{"embeddable":true,"href":"https:\/\/www.sestogrado.it\/it\/wp-json\/wp\/v2\/comments?post=39476"}],"wp:featuredmedia":[{"embeddable":true,"href":"https:\/\/www.sestogrado.it\/it\/wp-json\/wp\/v2\/media\/39477"}],"wp:attachment":[{"href":"https:\/\/www.sestogrado.it\/it\/wp-json\/wp\/v2\/media?parent=39476"}],"wp:term":[{"taxonomy":"product_brand","embeddable":true,"href":"https:\/\/www.sestogrado.it\/it\/wp-json\/wp\/v2\/product_brand?post=39476"},{"taxonomy":"product_cat","embeddable":true,"href":"https:\/\/www.sestogrado.it\/it\/wp-json\/wp\/v2\/product_cat?post=39476"},{"taxonomy":"product_tag","embeddable":true,"href":"https:\/\/www.sestogrado.it\/it\/wp-json\/wp\/v2\/product_tag?post=39476"}],"curies":[{"name":"wp","href":"https:\/\/api.w.org\/{rel}","templated":true}]}}