{"id":39471,"date":"2020-08-28T14:36:46","date_gmt":"2020-08-28T12:36:46","guid":{"rendered":"https:\/\/www.sestogrado.it\/?post_type=product&#038;p=39471"},"modified":"2026-04-24T15:17:56","modified_gmt":"2026-04-24T13:17:56","slug":"ferrino-manaslu-2-tenda-4-stagioni-per-due-persone","status":"publish","type":"product","link":"https:\/\/www.sestogrado.it\/it\/prodotto\/ferrino-manaslu-2-tenda-4-stagioni-per-due-persone\/","title":{"rendered":"Ferrino Manaslu 2 tenda 4 stagioni per due persone"},"content":{"rendered":"<p>La Ferrino Manaslu 2 \u00e8 una tenda 4 stagioni da due posti adatta a tutti coloro che richiedono dimensioni, pesi minimi, facilit\u00e0 di montaggio e massime prestazioni in termini di affidabilit\u00e0, grazie alla struttura in duralluminio con giunti radiali.<\/p>\n<p>La tenuta di colonna d&#8217;acqua del pavimento \u00e8 di 8.000mm, quella del telo esterno \u00e8 di 3.000mm, caratteristiche che rendono la Ferrino Manaslu 2 resistente ed ideale per i climi pi\u00f9 avversi.<\/p>\n<ul>\n<li><strong>Struttura:<\/strong>\u00a0Tunnel<\/li>\n<li><strong>Materiali:<\/strong>\u00a0Doppio tetto in poliestere Ripstop 70D, 85 g\/m2, spalmatura poliuretanica alluminata termoisolante, impermeabilit\u00e0 3000 mm, trattato FR | Interno in poliestere Ripstop 70D, 55 g\/ m2, idrorepellente e traspirante trattato FR | Pavimento in poliestere 70D, 95 g\/m2, spalmatura poliuretanica termoisolante, impermeabilit\u00e0 8000 mm, idrorepellente, trattato FR | Finestra frontale in TPU trasparente | Cuciture nastrate nel doppio tetto e nel pavimento | Costruzione a tre strati per rinforzare gli angoli del catino<\/li>\n<li><strong>Paleria:<\/strong>\u00a0Paleria in lega di alluminio temperato 7001 T6 con caratteristiche di leggerezza, resistenza ed elasticit\u00e0 | Struttura portante con pali in duralluminio precollegati e giunto radiale | Tenda interna sospesa alla paleria con ganci e guaine | Picchetti in alluminio Hexagon<\/li>\n<li><strong>Ingresso e aerazione:<\/strong>\u00a0Abside anteriore | Porta con zanzariera esterna completamente apribile e riponibile in apposito taschino | Cuffie di ventilazione | Falda a terra sollevabile sul perimetro basale della tenda per un&#8217;ottimale aerazione (quando arrotolata) o protezione della tenda in caso di maltempo (se srotolata)<\/li>\n<li><strong>Storage:<\/strong>\u00a0Tasche porta oggetti | Asole porta materiali<\/li>\n<li><strong>Accessori:<\/strong>\u00a0Nastro di regolazione doppio tetto, per un ottimale tensionamento e per consentire un passaggio maggiore o minore di aria in base al clima e alle condizioni meteo | Tiranti controvento riflettenti | Gancio porta lampada | Sacca custodia | Kit di riparazione | Istruzioni video attivabili con QRCode<\/li>\n<\/ul>\n<p>&nbsp;<\/p>\n<p>La Ferrino Manaslu 2 \u00e8 una tenda resistente e ben isolata, per un utilizzo alpinistico quattro stagioni.<\/p>\n<p>&nbsp;<\/p>\n<p>Montaggio:<\/p>\n<p><iframe src=\"\/\/www.youtube.com\/embed\/CvOE1nKIApU\" width=\"560\" height=\"314\" allowfullscreen=\"allowfullscreen\"><\/iframe><\/p>\n<p>1870 Tutto inizia in un negozio di vernici, a Torino. Cesare Ferrino ha un\u2019intuizione rivoluzionaria: impermeabilizzare i tessuti. Il successo \u00e8 immediato, in tutta italia. Dal tessuto alla manifattura le prime tende in dotazione a esploratori e alpinisti, poi gli anni dell\u2019alpinismo leggendario, nel 1994 l&#8217;installazione sul Monte Rosa a 3585 del HighLab, un laboratorio permanente in alta quota nel\u00a0rifugio Quintino Sella, per le prove di nuovi materiali e prototipi. Ferrino \u00e8 un punto di riferimento per le grandi avventure outdoor, nel 1870 come oggi.<\/p>","protected":false},"excerpt":{"rendered":"<p>La Ferrino Manaslu 2 \u00e8 una tenda 4 stagioni da due posti adatta a tutti coloro che richiedono dimensioni, pesi [&hellip;]<\/p>\n","protected":false},"featured_media":39472,"comment_status":"open","ping_status":"closed","template":"","meta":{"_acf_changed":false},"product_brand":[614],"product_cat":[661],"product_tag":[],"class_list":{"0":"post-39471","1":"product","2":"type-product","3":"status-publish","4":"has-post-thumbnail","6":"product_brand-ferrino","7":"product_cat-tende","9":"first","10":"instock","11":"sale","12":"featured","13":"taxable","14":"shipping-taxable","15":"purchasable","16":"product-type-simple"},"acf":[],"yoast_head":"<!-- This site is optimized with the Yoast SEO plugin v26.4 - https:\/\/yoast.com\/wordpress\/plugins\/seo\/ -->\n<title>Ferrino Manaslu 2 tenda 4 stagioni per due persone - Sestogrado<\/title>\n<meta name=\"description\" content=\"La Ferrino Manaslu 2 \u00e8 una tenda 4 stagioni da due posti adatta a tutti coloro che richiedono dimensioni, pesi minimi, facilit\u00e0 di montaggio e massime prestazioni in termini di affidabilit\u00e0, grazie alla struttura in duralluminio con giunti radiali.La tenuta di colonna d&#039;acqua del pavimento \u00e8 di 8.000mm, quella del telo esterno \u00e8 di 3.000mm, caratteristiche che rendono la Ferrino Manaslu 2 resistente ed ideale per i climi pi\u00f9 avversi.\" \/>\n<meta name=\"robots\" content=\"index, follow, max-snippet:-1, max-image-preview:large, max-video-preview:-1\" \/>\n<link rel=\"canonical\" href=\"https:\/\/www.sestogrado.it\/it\/prodotto\/ferrino-manaslu-2-tenda-4-stagioni-per-due-persone\/\" \/>\n<meta property=\"og:locale\" content=\"it_IT\" \/>\n<meta property=\"og:type\" content=\"article\" \/>\n<meta property=\"og:title\" content=\"Ferrino Manaslu 2 tenda 4 stagioni per due persone - Sestogrado\" \/>\n<meta property=\"og:description\" content=\"La Ferrino Manaslu 2 \u00e8 una tenda 4 stagioni da due posti adatta a tutti coloro che richiedono dimensioni, pesi minimi, facilit\u00e0 di montaggio e massime prestazioni in termini di affidabilit\u00e0, grazie alla struttura in duralluminio con giunti radiali.La tenuta di colonna d&#039;acqua del pavimento \u00e8 di 8.000mm, quella del telo esterno \u00e8 di 3.000mm, caratteristiche che rendono la Ferrino Manaslu 2 resistente ed ideale per i climi pi\u00f9 avversi.\" \/>\n<meta property=\"og:url\" content=\"https:\/\/www.sestogrado.it\/it\/prodotto\/ferrino-manaslu-2-tenda-4-stagioni-per-due-persone\/\" \/>\n<meta property=\"og:site_name\" content=\"Sestogrado\" \/>\n<meta property=\"article:publisher\" content=\"https:\/\/www.facebook.com\/pages\/Sestogrado\/1542635979353017?ref=bookmarks\" \/>\n<meta property=\"article:modified_time\" content=\"2026-04-24T13:17:56+00:00\" \/>\n<meta property=\"og:image\" content=\"https:\/\/www.sestogrado.it\/wp-content\/uploads\/2020\/08\/01-1.jpg\" \/>\n\t<meta property=\"og:image:width\" content=\"1937\" \/>\n\t<meta property=\"og:image:height\" content=\"1937\" \/>\n\t<meta property=\"og:image:type\" content=\"image\/jpeg\" \/>\n<meta name=\"twitter:label1\" content=\"Prezzo\" \/>\n\t<meta name=\"twitter:data1\" content=\"&euro;&nbsp;299,00\" \/>\n\t<meta name=\"twitter:label2\" content=\"Disponibilit\u00e0\" \/>\n\t<meta name=\"twitter:data2\" content=\"In stock\" \/>\n<script type=\"application\/ld+json\" class=\"yoast-schema-graph\">{\"@context\":\"https:\/\/schema.org\",\"@graph\":[{\"@type\":\"WebPage\",\"@id\":\"https:\/\/www.sestogrado.it\/it\/prodotto\/ferrino-manaslu-2-tenda-4-stagioni-per-due-persone\/\",\"url\":\"https:\/\/www.sestogrado.it\/it\/prodotto\/ferrino-manaslu-2-tenda-4-stagioni-per-due-persone\/\",\"name\":\"Ferrino Manaslu 2 tenda 4 stagioni per due persone - Sestogrado\",\"isPartOf\":{\"@id\":\"https:\/\/www.sestogrado.it\/it\/#website\"},\"primaryImageOfPage\":{\"@id\":\"https:\/\/www.sestogrado.it\/it\/prodotto\/ferrino-manaslu-2-tenda-4-stagioni-per-due-persone\/#primaryimage\"},\"image\":{\"@id\":\"https:\/\/www.sestogrado.it\/prodotto\/ferrino-manaslu-2-tenda-4-stagioni-per-due-persone\/#primaryimage\"},\"thumbnailUrl\":\"https:\/\/www.sestogrado.it\/wp-content\/uploads\/2020\/08\/01-1.jpg\",\"datePublished\":\"2020-08-28T12:36:46+00:00\",\"dateModified\":\"2026-04-24T13:17:56+00:00\",\"description\":\"La Ferrino Manaslu 2 \u00e8 una tenda 4 stagioni da due posti adatta a tutti coloro che richiedono dimensioni, pesi minimi, facilit\u00e0 di montaggio e massime prestazioni in termini di affidabilit\u00e0, grazie alla struttura in duralluminio con giunti radiali.La tenuta di colonna d'acqua del pavimento \u00e8 di 8.000mm, quella del telo esterno \u00e8 di 3.000mm, caratteristiche che rendono la Ferrino Manaslu 2 resistente ed ideale per i climi pi\u00f9 avversi.\",\"breadcrumb\":{\"@id\":\"https:\/\/www.sestogrado.it\/it\/prodotto\/ferrino-manaslu-2-tenda-4-stagioni-per-due-persone\/#breadcrumb\"},\"inLanguage\":\"it-IT\",\"potentialAction\":[{\"@type\":\"ReadAction\",\"target\":[[\"https:\/\/www.sestogrado.it\/it\/prodotto\/ferrino-manaslu-2-tenda-4-stagioni-per-due-persone\/\"]]}]},{\"@type\":\"ImageObject\",\"inLanguage\":\"it-IT\",\"@id\":\"https:\/\/www.sestogrado.it\/it\/prodotto\/ferrino-manaslu-2-tenda-4-stagioni-per-due-persone\/#primaryimage\",\"url\":\"https:\/\/www.sestogrado.it\/wp-content\/uploads\/2020\/08\/01-1.jpg\",\"contentUrl\":\"https:\/\/www.sestogrado.it\/wp-content\/uploads\/2020\/08\/01-1.jpg\",\"width\":1937,\"height\":1937,\"caption\":\"ferrino manaslu 2\"},{\"@type\":\"BreadcrumbList\",\"@id\":\"https:\/\/www.sestogrado.it\/it\/prodotto\/ferrino-manaslu-2-tenda-4-stagioni-per-due-persone\/#breadcrumb\",\"itemListElement\":[{\"@type\":\"ListItem\",\"position\":1,\"name\":\"Home\",\"item\":\"https:\/\/www.sestogrado.it\/it\/\"},{\"@type\":\"ListItem\",\"position\":2,\"name\":\"Shop\",\"item\":\"https:\/\/www.sestogrado.it\/it\/shop\/\"},{\"@type\":\"ListItem\",\"position\":3,\"name\":\"Ferrino Manaslu 2 tenda 4 stagioni per due persone\"}]},{\"@type\":\"WebSite\",\"@id\":\"https:\/\/www.sestogrado.it\/it\/#website\",\"url\":\"https:\/\/www.sestogrado.it\/it\/\",\"name\":\"Sestogrado\",\"description\":\"yes we climb\",\"publisher\":{\"@id\":\"https:\/\/www.sestogrado.it\/it\/#organization\"},\"potentialAction\":[{\"@type\":\"SearchAction\",\"target\":{\"@type\":\"EntryPoint\",\"urlTemplate\":\"https:\/\/www.sestogrado.it\/it\/?s={search_term_string}\"},\"query-input\":{\"@type\":\"PropertyValueSpecification\",\"valueRequired\":true,\"valueName\":\"search_term_string\"}}],\"inLanguage\":\"it-IT\"},{\"@type\":\"Organization\",\"@id\":\"https:\/\/www.sestogrado.it\/it\/#organization\",\"name\":\"Sestogrado\",\"url\":\"https:\/\/www.sestogrado.it\/it\/\",\"logo\":{\"@type\":\"ImageObject\",\"inLanguage\":\"it-IT\",\"@id\":\"https:\/\/www.sestogrado.it\/it\/#\/schema\/logo\/image\/\",\"url\":\"https:\/\/www.sestogrado.it\/wp-content\/uploads\/2015\/03\/sestogrado-favicon.png\",\"contentUrl\":\"https:\/\/www.sestogrado.it\/wp-content\/uploads\/2015\/03\/sestogrado-favicon.png\",\"width\":260,\"height\":260,\"caption\":\"Sestogrado\"},\"image\":{\"@id\":\"https:\/\/www.sestogrado.it\/it\/#\/schema\/logo\/image\/\"},\"sameAs\":[\"https:\/\/www.facebook.com\/pages\/Sestogrado\/1542635979353017?ref=bookmarks\",\"https:\/\/www.youtube.com\/channel\/UC847kAfTkaJsWpc1jtQwr3Q\"],\"hasMerchantReturnPolicy\":{\"@type\":\"MerchantReturnPolicy\",\"merchantReturnLink\":\"https:\/\/www.sestogrado.it\/it\/termini-e-condizioni\/\"}}]}<\/script>\n<meta property=\"product:brand\" content=\"Ferrino\" \/>\n<meta property=\"product:price:amount\" content=\"299.00\" \/>\n<meta property=\"product:price:currency\" content=\"EUR\" \/>\n<meta property=\"og:availability\" content=\"instock\" \/>\n<meta property=\"product:availability\" content=\"instock\" \/>\n<meta property=\"product:condition\" content=\"new\" \/>\n<!-- \/ Yoast SEO plugin. -->","yoast_head_json":{"title":"Ferrino Manaslu 2 tenda 4 stagioni per due persone - Sestogrado","description":"La Ferrino Manaslu 2 \u00e8 una tenda 4 stagioni da due posti adatta a tutti coloro che richiedono dimensioni, pesi minimi, facilit\u00e0 di montaggio e massime prestazioni in termini di affidabilit\u00e0, grazie alla struttura in duralluminio con giunti radiali.La tenuta di colonna d'acqua del pavimento \u00e8 di 8.000mm, quella del telo esterno \u00e8 di 3.000mm, caratteristiche che rendono la Ferrino Manaslu 2 resistente ed ideale per i climi pi\u00f9 avversi.","robots":{"index":"index","follow":"follow","max-snippet":"max-snippet:-1","max-image-preview":"max-image-preview:large","max-video-preview":"max-video-preview:-1"},"canonical":"https:\/\/www.sestogrado.it\/it\/prodotto\/ferrino-manaslu-2-tenda-4-stagioni-per-due-persone\/","og_locale":"it_IT","og_type":"article","og_title":"Ferrino Manaslu 2 tenda 4 stagioni per due persone - Sestogrado","og_description":"La Ferrino Manaslu 2 \u00e8 una tenda 4 stagioni da due posti adatta a tutti coloro che richiedono dimensioni, pesi minimi, facilit\u00e0 di montaggio e massime prestazioni in termini di affidabilit\u00e0, grazie alla struttura in duralluminio con giunti radiali.La tenuta di colonna d'acqua del pavimento \u00e8 di 8.000mm, quella del telo esterno \u00e8 di 3.000mm, caratteristiche che rendono la Ferrino Manaslu 2 resistente ed ideale per i climi pi\u00f9 avversi.","og_url":"https:\/\/www.sestogrado.it\/it\/prodotto\/ferrino-manaslu-2-tenda-4-stagioni-per-due-persone\/","og_site_name":"Sestogrado","article_publisher":"https:\/\/www.facebook.com\/pages\/Sestogrado\/1542635979353017?ref=bookmarks","article_modified_time":"2026-04-24T13:17:56+00:00","og_image":[{"width":1937,"height":1937,"url":"https:\/\/www.sestogrado.it\/wp-content\/uploads\/2020\/08\/01-1.jpg","type":"image\/jpeg"}],"twitter_misc":{"Prezzo":"&euro;&nbsp;299,00","Disponibilit\u00e0":"In stock"},"schema":{"@context":"https:\/\/schema.org","@graph":[{"@type":"WebPage","@id":"https:\/\/www.sestogrado.it\/it\/prodotto\/ferrino-manaslu-2-tenda-4-stagioni-per-due-persone\/","url":"https:\/\/www.sestogrado.it\/it\/prodotto\/ferrino-manaslu-2-tenda-4-stagioni-per-due-persone\/","name":"Ferrino Manaslu 2 tenda 4 stagioni per due persone - Sestogrado","isPartOf":{"@id":"https:\/\/www.sestogrado.it\/it\/#website"},"primaryImageOfPage":{"@id":"https:\/\/www.sestogrado.it\/it\/prodotto\/ferrino-manaslu-2-tenda-4-stagioni-per-due-persone\/#primaryimage"},"image":{"@id":"https:\/\/www.sestogrado.it\/prodotto\/ferrino-manaslu-2-tenda-4-stagioni-per-due-persone\/#primaryimage"},"thumbnailUrl":"https:\/\/www.sestogrado.it\/wp-content\/uploads\/2020\/08\/01-1.jpg","datePublished":"2020-08-28T12:36:46+00:00","dateModified":"2026-04-24T13:17:56+00:00","description":"La Ferrino Manaslu 2 \u00e8 una tenda 4 stagioni da due posti adatta a tutti coloro che richiedono dimensioni, pesi minimi, facilit\u00e0 di montaggio e massime prestazioni in termini di affidabilit\u00e0, grazie alla struttura in duralluminio con giunti radiali.La tenuta di colonna d'acqua del pavimento \u00e8 di 8.000mm, quella del telo esterno \u00e8 di 3.000mm, caratteristiche che rendono la Ferrino Manaslu 2 resistente ed ideale per i climi pi\u00f9 avversi.","breadcrumb":{"@id":"https:\/\/www.sestogrado.it\/it\/prodotto\/ferrino-manaslu-2-tenda-4-stagioni-per-due-persone\/#breadcrumb"},"inLanguage":"it-IT","potentialAction":[{"@type":"ReadAction","target":[["https:\/\/www.sestogrado.it\/it\/prodotto\/ferrino-manaslu-2-tenda-4-stagioni-per-due-persone\/"]]}]},{"@type":"ImageObject","inLanguage":"it-IT","@id":"https:\/\/www.sestogrado.it\/it\/prodotto\/ferrino-manaslu-2-tenda-4-stagioni-per-due-persone\/#primaryimage","url":"https:\/\/www.sestogrado.it\/wp-content\/uploads\/2020\/08\/01-1.jpg","contentUrl":"https:\/\/www.sestogrado.it\/wp-content\/uploads\/2020\/08\/01-1.jpg","width":1937,"height":1937,"caption":"ferrino manaslu 2"},{"@type":"BreadcrumbList","@id":"https:\/\/www.sestogrado.it\/it\/prodotto\/ferrino-manaslu-2-tenda-4-stagioni-per-due-persone\/#breadcrumb","itemListElement":[{"@type":"ListItem","position":1,"name":"Home","item":"https:\/\/www.sestogrado.it\/it\/"},{"@type":"ListItem","position":2,"name":"Shop","item":"https:\/\/www.sestogrado.it\/it\/shop\/"},{"@type":"ListItem","position":3,"name":"Ferrino Manaslu 2 tenda 4 stagioni per due persone"}]},{"@type":"WebSite","@id":"https:\/\/www.sestogrado.it\/it\/#website","url":"https:\/\/www.sestogrado.it\/it\/","name":"Sestogrado","description":"yes we climb","publisher":{"@id":"https:\/\/www.sestogrado.it\/it\/#organization"},"potentialAction":[{"@type":"SearchAction","target":{"@type":"EntryPoint","urlTemplate":"https:\/\/www.sestogrado.it\/it\/?s={search_term_string}"},"query-input":{"@type":"PropertyValueSpecification","valueRequired":true,"valueName":"search_term_string"}}],"inLanguage":"it-IT"},{"@type":"Organization","@id":"https:\/\/www.sestogrado.it\/it\/#organization","name":"Sestogrado","url":"https:\/\/www.sestogrado.it\/it\/","logo":{"@type":"ImageObject","inLanguage":"it-IT","@id":"https:\/\/www.sestogrado.it\/it\/#\/schema\/logo\/image\/","url":"https:\/\/www.sestogrado.it\/wp-content\/uploads\/2015\/03\/sestogrado-favicon.png","contentUrl":"https:\/\/www.sestogrado.it\/wp-content\/uploads\/2015\/03\/sestogrado-favicon.png","width":260,"height":260,"caption":"Sestogrado"},"image":{"@id":"https:\/\/www.sestogrado.it\/it\/#\/schema\/logo\/image\/"},"sameAs":["https:\/\/www.facebook.com\/pages\/Sestogrado\/1542635979353017?ref=bookmarks","https:\/\/www.youtube.com\/channel\/UC847kAfTkaJsWpc1jtQwr3Q"],"hasMerchantReturnPolicy":{"@type":"MerchantReturnPolicy","merchantReturnLink":"https:\/\/www.sestogrado.it\/it\/termini-e-condizioni\/"}}]},"product_brand":"Ferrino","product_price_amount":"299.00","product_price_currency":"EUR","og_availability":"instock","product_availability":"instock","product_condition":"new"},"_links":{"self":[{"href":"https:\/\/www.sestogrado.it\/it\/wp-json\/wp\/v2\/product\/39471","targetHints":{"allow":["GET"]}}],"collection":[{"href":"https:\/\/www.sestogrado.it\/it\/wp-json\/wp\/v2\/product"}],"about":[{"href":"https:\/\/www.sestogrado.it\/it\/wp-json\/wp\/v2\/types\/product"}],"replies":[{"embeddable":true,"href":"https:\/\/www.sestogrado.it\/it\/wp-json\/wp\/v2\/comments?post=39471"}],"wp:featuredmedia":[{"embeddable":true,"href":"https:\/\/www.sestogrado.it\/it\/wp-json\/wp\/v2\/media\/39472"}],"wp:attachment":[{"href":"https:\/\/www.sestogrado.it\/it\/wp-json\/wp\/v2\/media?parent=39471"}],"wp:term":[{"taxonomy":"product_brand","embeddable":true,"href":"https:\/\/www.sestogrado.it\/it\/wp-json\/wp\/v2\/product_brand?post=39471"},{"taxonomy":"product_cat","embeddable":true,"href":"https:\/\/www.sestogrado.it\/it\/wp-json\/wp\/v2\/product_cat?post=39471"},{"taxonomy":"product_tag","embeddable":true,"href":"https:\/\/www.sestogrado.it\/it\/wp-json\/wp\/v2\/product_tag?post=39471"}],"curies":[{"name":"wp","href":"https:\/\/api.w.org\/{rel}","templated":true}]}}