{"id":3850,"date":"2020-09-23T10:41:36","date_gmt":"2020-09-23T08:41:36","guid":{"rendered":"http:\/\/www.sestogrado.it\/?post_type=product&#038;p=3850"},"modified":"2026-03-12T10:17:50","modified_gmt":"2026-03-12T09:17:50","slug":"camp-nitro-lock-hms-moschettone-a-ghiera","status":"publish","type":"product","link":"https:\/\/www.sestogrado.it\/it\/prodotto\/camp-nitro-lock-hms-moschettone-a-ghiera\/","title":{"rendered":"Camp Nitro Lock HMS moschettone a ghiera"},"content":{"rendered":"<p><span class=\"FONT_SITO\">Il CAMP NITRO LOCK HMS\u00a0 \u00e8 uno dei pi\u00f9 leggeri e sicuri moschettoni HMS a ghiera sul mercato. E&#8217; ottimizzato <\/span>per massimizzarne sicurezza e prestazioni. Grazie alla sua costruzione a doppia nervatura, presenta sia un eccezionale rapporto resistenza\/peso sia un\u2019ampia sezione del corpo che agevola lo scorrimento delle corde. Il naso con geometria brevettata SphereLock ottimizza il gioco leva-moschettone per la massima sicurezza. Il Camp Nitro Lock HMS \u00e8 un moschettone di tipo HMS ma rispetto agli altri moschettoni in commercio ha una\u00a0maggiore curvatura nella parte larga. Questa caratteristica offre una resa senza paragoni con il mezzo barcaiolo e aumenta il carico di rottura a leva aperta ed asse minore.<\/p>\n<p>\u2022 Il moschettone HMS pi\u00f9 leggero della gamma<br \/>\n\u2022 Ghiera leggera e comoda da azionare<br \/>\n\u2022 Costruzione a doppia nervatura per un eccezionale rapporto resistenza\/peso<br \/>\n\u2022 Naso con geometria brevettata SphereLock per la massima sicurezza<br \/>\n\u2022 Marchiatura laser di sicurezza che indica se la ghiera \u00e8 aperta o chiusa<\/p>\n<p>&nbsp;<\/p>\n<p>Il Camp Nitro Lock HMS \u00e8 un moschettone leggero e polivalente, utile in qualsiasi contesto, dal fare sicura, all&#8217;allestire una sosta, alla calata in corda doppia.<\/p>\n<p>&nbsp;<\/p>\n<p>Passione, lavoro e semplicit\u00e0 sono alcune delle parole chiave che da sempre hanno contraddistinto il modo di essere di C.A.M.P. La passione \u00e8 quella per la montagna e per i prodotti che aiutano a realizzare i sogni ed i progetti di tutti coloro che la frequentano; il lavoro \u00e8 quello tramandato da oltre 115 anni in quattro distinte generazioni succedutesi alla guida dell\u2019azienda e la semplicit\u00e0 \u00e8 quella che contraddistingue un modo di essere e relazionarsi basato sulla seriet\u00e0 e lealt\u00e0.<\/p>","protected":false},"excerpt":{"rendered":"<p>Il CAMP NITRO LOCK HMS\u00a0 \u00e8 uno dei pi\u00f9 leggeri e sicuri moschettoni HMS a ghiera sul mercato. E&#8217; ottimizzato [&hellip;]<\/p>\n","protected":false},"featured_media":109054,"comment_status":"open","ping_status":"closed","template":"","meta":{"_acf_changed":false},"product_brand":[31],"product_cat":[132],"product_tag":[469],"class_list":{"0":"post-3850","1":"product","2":"type-product","3":"status-publish","4":"has-post-thumbnail","6":"product_brand-camp","7":"product_cat-moschettoni","8":"product_tag-moschettone-arrampicata","10":"first","11":"instock","12":"sale","13":"taxable","14":"shipping-taxable","15":"purchasable","16":"product-type-simple"},"acf":[],"yoast_head":"<!-- This site is optimized with the Yoast SEO plugin v26.4 - https:\/\/yoast.com\/wordpress\/plugins\/seo\/ -->\n<title>Camp Nitro Lock HMS moschettone a ghiera - Sestogrado<\/title>\n<meta name=\"description\" content=\"Il CAMP NITRO LOCK HMS\u00a0 \u00e8 uno dei pi\u00f9 leggeri e sicuri moschettoni HMS a ghiera sul mercato. E&#039; ottimizzato per massimizzarne sicurezza e prestazioni. Grazie alla sua costruzione a doppia nervatura, presenta sia un eccezionale rapporto resistenza\/peso sia un\u2019ampia sezione del corpo che agevola lo scorrimento delle corde. Il naso con geometria brevettata SphereLock ottimizza il gioco leva-moschettone per la massima sicurezza. Il Camp Nitro Lock HMS \u00e8 un moschettone di tipo HMS ma rispetto agli altri moschettoni in commercio ha una\u00a0maggiore curvatura nella parte larga. Questa caratteristica offre una resa senza paragoni con il mezzo barcaiolo e aumenta il carico di rottura a leva aperta ed asse minore.\" \/>\n<meta name=\"robots\" content=\"index, follow, max-snippet:-1, max-image-preview:large, max-video-preview:-1\" \/>\n<link rel=\"canonical\" href=\"https:\/\/www.sestogrado.it\/it\/prodotto\/camp-nitro-lock-hms-moschettone-a-ghiera\/\" \/>\n<meta property=\"og:locale\" content=\"it_IT\" \/>\n<meta property=\"og:type\" content=\"article\" \/>\n<meta property=\"og:title\" content=\"Camp Nitro Lock HMS moschettone a ghiera - Sestogrado\" \/>\n<meta property=\"og:description\" content=\"Il CAMP NITRO LOCK HMS\u00a0 \u00e8 uno dei pi\u00f9 leggeri e sicuri moschettoni HMS a ghiera sul mercato. E&#039; ottimizzato per massimizzarne sicurezza e prestazioni. Grazie alla sua costruzione a doppia nervatura, presenta sia un eccezionale rapporto resistenza\/peso sia un\u2019ampia sezione del corpo che agevola lo scorrimento delle corde. Il naso con geometria brevettata SphereLock ottimizza il gioco leva-moschettone per la massima sicurezza. Il Camp Nitro Lock HMS \u00e8 un moschettone di tipo HMS ma rispetto agli altri moschettoni in commercio ha una\u00a0maggiore curvatura nella parte larga. Questa caratteristica offre una resa senza paragoni con il mezzo barcaiolo e aumenta il carico di rottura a leva aperta ed asse minore.\" \/>\n<meta property=\"og:url\" content=\"https:\/\/www.sestogrado.it\/it\/prodotto\/camp-nitro-lock-hms-moschettone-a-ghiera\/\" \/>\n<meta property=\"og:site_name\" content=\"Sestogrado\" \/>\n<meta property=\"article:publisher\" content=\"https:\/\/www.facebook.com\/pages\/Sestogrado\/1542635979353017?ref=bookmarks\" \/>\n<meta property=\"article:modified_time\" content=\"2026-03-12T09:17:50+00:00\" \/>\n<meta property=\"og:image\" content=\"https:\/\/www.sestogrado.it\/wp-content\/uploads\/2020\/09\/2928.jpg\" \/>\n\t<meta property=\"og:image:width\" content=\"1300\" \/>\n\t<meta property=\"og:image:height\" content=\"1300\" \/>\n\t<meta property=\"og:image:type\" content=\"image\/jpeg\" \/>\n<meta name=\"twitter:label1\" content=\"Prezzo\" \/>\n\t<meta name=\"twitter:data1\" content=\"&euro;&nbsp;12,90\" \/>\n\t<meta name=\"twitter:label2\" content=\"Disponibilit\u00e0\" \/>\n\t<meta name=\"twitter:data2\" content=\"In stock\" \/>\n<script type=\"application\/ld+json\" class=\"yoast-schema-graph\">{\"@context\":\"https:\/\/schema.org\",\"@graph\":[{\"@type\":\"WebPage\",\"@id\":\"https:\/\/www.sestogrado.it\/it\/prodotto\/camp-nitro-lock-hms-moschettone-a-ghiera\/\",\"url\":\"https:\/\/www.sestogrado.it\/it\/prodotto\/camp-nitro-lock-hms-moschettone-a-ghiera\/\",\"name\":\"Camp Nitro Lock HMS moschettone a ghiera - Sestogrado\",\"isPartOf\":{\"@id\":\"https:\/\/www.sestogrado.it\/it\/#website\"},\"primaryImageOfPage\":{\"@id\":\"https:\/\/www.sestogrado.it\/it\/prodotto\/camp-nitro-lock-hms-moschettone-a-ghiera\/#primaryimage\"},\"image\":{\"@id\":\"https:\/\/www.sestogrado.it\/prodotto\/camp-nitro-lock-hms-moschettone-a-ghiera\/#primaryimage\"},\"thumbnailUrl\":\"https:\/\/www.sestogrado.it\/wp-content\/uploads\/2020\/09\/2928.jpg\",\"datePublished\":\"2020-09-23T08:41:36+00:00\",\"dateModified\":\"2026-03-12T09:17:50+00:00\",\"description\":\"Il CAMP NITRO LOCK HMS\u00a0 \u00e8 uno dei pi\u00f9 leggeri e sicuri moschettoni HMS a ghiera sul mercato. E' ottimizzato per massimizzarne sicurezza e prestazioni. Grazie alla sua costruzione a doppia nervatura, presenta sia un eccezionale rapporto resistenza\/peso sia un\u2019ampia sezione del corpo che agevola lo scorrimento delle corde. Il naso con geometria brevettata SphereLock ottimizza il gioco leva-moschettone per la massima sicurezza. Il Camp Nitro Lock HMS \u00e8 un moschettone di tipo HMS ma rispetto agli altri moschettoni in commercio ha una\u00a0maggiore curvatura nella parte larga. Questa caratteristica offre una resa senza paragoni con il mezzo barcaiolo e aumenta il carico di rottura a leva aperta ed asse minore.\",\"breadcrumb\":{\"@id\":\"https:\/\/www.sestogrado.it\/it\/prodotto\/camp-nitro-lock-hms-moschettone-a-ghiera\/#breadcrumb\"},\"inLanguage\":\"it-IT\",\"potentialAction\":[{\"@type\":\"ReadAction\",\"target\":[[\"https:\/\/www.sestogrado.it\/it\/prodotto\/camp-nitro-lock-hms-moschettone-a-ghiera\/\"]]}]},{\"@type\":\"ImageObject\",\"inLanguage\":\"it-IT\",\"@id\":\"https:\/\/www.sestogrado.it\/it\/prodotto\/camp-nitro-lock-hms-moschettone-a-ghiera\/#primaryimage\",\"url\":\"https:\/\/www.sestogrado.it\/wp-content\/uploads\/2020\/09\/2928.jpg\",\"contentUrl\":\"https:\/\/www.sestogrado.it\/wp-content\/uploads\/2020\/09\/2928.jpg\",\"width\":1300,\"height\":1300,\"caption\":\"camp nitro lock\"},{\"@type\":\"BreadcrumbList\",\"@id\":\"https:\/\/www.sestogrado.it\/it\/prodotto\/camp-nitro-lock-hms-moschettone-a-ghiera\/#breadcrumb\",\"itemListElement\":[{\"@type\":\"ListItem\",\"position\":1,\"name\":\"Home\",\"item\":\"https:\/\/www.sestogrado.it\/it\/\"},{\"@type\":\"ListItem\",\"position\":2,\"name\":\"Shop\",\"item\":\"https:\/\/www.sestogrado.it\/it\/shop\/\"},{\"@type\":\"ListItem\",\"position\":3,\"name\":\"Camp Nitro Lock HMS moschettone a ghiera\"}]},{\"@type\":\"WebSite\",\"@id\":\"https:\/\/www.sestogrado.it\/it\/#website\",\"url\":\"https:\/\/www.sestogrado.it\/it\/\",\"name\":\"Sestogrado\",\"description\":\"yes we climb\",\"publisher\":{\"@id\":\"https:\/\/www.sestogrado.it\/it\/#organization\"},\"potentialAction\":[{\"@type\":\"SearchAction\",\"target\":{\"@type\":\"EntryPoint\",\"urlTemplate\":\"https:\/\/www.sestogrado.it\/it\/?s={search_term_string}\"},\"query-input\":{\"@type\":\"PropertyValueSpecification\",\"valueRequired\":true,\"valueName\":\"search_term_string\"}}],\"inLanguage\":\"it-IT\"},{\"@type\":\"Organization\",\"@id\":\"https:\/\/www.sestogrado.it\/it\/#organization\",\"name\":\"Sestogrado\",\"url\":\"https:\/\/www.sestogrado.it\/it\/\",\"logo\":{\"@type\":\"ImageObject\",\"inLanguage\":\"it-IT\",\"@id\":\"https:\/\/www.sestogrado.it\/it\/#\/schema\/logo\/image\/\",\"url\":\"https:\/\/www.sestogrado.it\/wp-content\/uploads\/2015\/03\/sestogrado-favicon.png\",\"contentUrl\":\"https:\/\/www.sestogrado.it\/wp-content\/uploads\/2015\/03\/sestogrado-favicon.png\",\"width\":260,\"height\":260,\"caption\":\"Sestogrado\"},\"image\":{\"@id\":\"https:\/\/www.sestogrado.it\/it\/#\/schema\/logo\/image\/\"},\"sameAs\":[\"https:\/\/www.facebook.com\/pages\/Sestogrado\/1542635979353017?ref=bookmarks\",\"https:\/\/www.youtube.com\/channel\/UC847kAfTkaJsWpc1jtQwr3Q\"],\"hasMerchantReturnPolicy\":{\"@type\":\"MerchantReturnPolicy\",\"merchantReturnLink\":\"https:\/\/www.sestogrado.it\/it\/termini-e-condizioni\/\"}}]}<\/script>\n<meta property=\"product:brand\" content=\"Camp\" \/>\n<meta property=\"product:price:amount\" content=\"12.90\" \/>\n<meta property=\"product:price:currency\" content=\"EUR\" \/>\n<meta property=\"og:availability\" content=\"instock\" \/>\n<meta property=\"product:availability\" content=\"instock\" \/>\n<meta property=\"product:condition\" content=\"new\" \/>\n<!-- \/ Yoast SEO plugin. -->","yoast_head_json":{"title":"Camp Nitro Lock HMS moschettone a ghiera - Sestogrado","description":"Il CAMP NITRO LOCK HMS\u00a0 \u00e8 uno dei pi\u00f9 leggeri e sicuri moschettoni HMS a ghiera sul mercato. E' ottimizzato per massimizzarne sicurezza e prestazioni. Grazie alla sua costruzione a doppia nervatura, presenta sia un eccezionale rapporto resistenza\/peso sia un\u2019ampia sezione del corpo che agevola lo scorrimento delle corde. Il naso con geometria brevettata SphereLock ottimizza il gioco leva-moschettone per la massima sicurezza. Il Camp Nitro Lock HMS \u00e8 un moschettone di tipo HMS ma rispetto agli altri moschettoni in commercio ha una\u00a0maggiore curvatura nella parte larga. Questa caratteristica offre una resa senza paragoni con il mezzo barcaiolo e aumenta il carico di rottura a leva aperta ed asse minore.","robots":{"index":"index","follow":"follow","max-snippet":"max-snippet:-1","max-image-preview":"max-image-preview:large","max-video-preview":"max-video-preview:-1"},"canonical":"https:\/\/www.sestogrado.it\/it\/prodotto\/camp-nitro-lock-hms-moschettone-a-ghiera\/","og_locale":"it_IT","og_type":"article","og_title":"Camp Nitro Lock HMS moschettone a ghiera - Sestogrado","og_description":"Il CAMP NITRO LOCK HMS\u00a0 \u00e8 uno dei pi\u00f9 leggeri e sicuri moschettoni HMS a ghiera sul mercato. E' ottimizzato per massimizzarne sicurezza e prestazioni. Grazie alla sua costruzione a doppia nervatura, presenta sia un eccezionale rapporto resistenza\/peso sia un\u2019ampia sezione del corpo che agevola lo scorrimento delle corde. Il naso con geometria brevettata SphereLock ottimizza il gioco leva-moschettone per la massima sicurezza. Il Camp Nitro Lock HMS \u00e8 un moschettone di tipo HMS ma rispetto agli altri moschettoni in commercio ha una\u00a0maggiore curvatura nella parte larga. Questa caratteristica offre una resa senza paragoni con il mezzo barcaiolo e aumenta il carico di rottura a leva aperta ed asse minore.","og_url":"https:\/\/www.sestogrado.it\/it\/prodotto\/camp-nitro-lock-hms-moschettone-a-ghiera\/","og_site_name":"Sestogrado","article_publisher":"https:\/\/www.facebook.com\/pages\/Sestogrado\/1542635979353017?ref=bookmarks","article_modified_time":"2026-03-12T09:17:50+00:00","og_image":[{"width":1300,"height":1300,"url":"https:\/\/www.sestogrado.it\/wp-content\/uploads\/2020\/09\/2928.jpg","type":"image\/jpeg"}],"twitter_misc":{"Prezzo":"&euro;&nbsp;12,90","Disponibilit\u00e0":"In stock"},"schema":{"@context":"https:\/\/schema.org","@graph":[{"@type":"WebPage","@id":"https:\/\/www.sestogrado.it\/it\/prodotto\/camp-nitro-lock-hms-moschettone-a-ghiera\/","url":"https:\/\/www.sestogrado.it\/it\/prodotto\/camp-nitro-lock-hms-moschettone-a-ghiera\/","name":"Camp Nitro Lock HMS moschettone a ghiera - Sestogrado","isPartOf":{"@id":"https:\/\/www.sestogrado.it\/it\/#website"},"primaryImageOfPage":{"@id":"https:\/\/www.sestogrado.it\/it\/prodotto\/camp-nitro-lock-hms-moschettone-a-ghiera\/#primaryimage"},"image":{"@id":"https:\/\/www.sestogrado.it\/prodotto\/camp-nitro-lock-hms-moschettone-a-ghiera\/#primaryimage"},"thumbnailUrl":"https:\/\/www.sestogrado.it\/wp-content\/uploads\/2020\/09\/2928.jpg","datePublished":"2020-09-23T08:41:36+00:00","dateModified":"2026-03-12T09:17:50+00:00","description":"Il CAMP NITRO LOCK HMS\u00a0 \u00e8 uno dei pi\u00f9 leggeri e sicuri moschettoni HMS a ghiera sul mercato. E' ottimizzato per massimizzarne sicurezza e prestazioni. Grazie alla sua costruzione a doppia nervatura, presenta sia un eccezionale rapporto resistenza\/peso sia un\u2019ampia sezione del corpo che agevola lo scorrimento delle corde. Il naso con geometria brevettata SphereLock ottimizza il gioco leva-moschettone per la massima sicurezza. Il Camp Nitro Lock HMS \u00e8 un moschettone di tipo HMS ma rispetto agli altri moschettoni in commercio ha una\u00a0maggiore curvatura nella parte larga. Questa caratteristica offre una resa senza paragoni con il mezzo barcaiolo e aumenta il carico di rottura a leva aperta ed asse minore.","breadcrumb":{"@id":"https:\/\/www.sestogrado.it\/it\/prodotto\/camp-nitro-lock-hms-moschettone-a-ghiera\/#breadcrumb"},"inLanguage":"it-IT","potentialAction":[{"@type":"ReadAction","target":[["https:\/\/www.sestogrado.it\/it\/prodotto\/camp-nitro-lock-hms-moschettone-a-ghiera\/"]]}]},{"@type":"ImageObject","inLanguage":"it-IT","@id":"https:\/\/www.sestogrado.it\/it\/prodotto\/camp-nitro-lock-hms-moschettone-a-ghiera\/#primaryimage","url":"https:\/\/www.sestogrado.it\/wp-content\/uploads\/2020\/09\/2928.jpg","contentUrl":"https:\/\/www.sestogrado.it\/wp-content\/uploads\/2020\/09\/2928.jpg","width":1300,"height":1300,"caption":"camp nitro lock"},{"@type":"BreadcrumbList","@id":"https:\/\/www.sestogrado.it\/it\/prodotto\/camp-nitro-lock-hms-moschettone-a-ghiera\/#breadcrumb","itemListElement":[{"@type":"ListItem","position":1,"name":"Home","item":"https:\/\/www.sestogrado.it\/it\/"},{"@type":"ListItem","position":2,"name":"Shop","item":"https:\/\/www.sestogrado.it\/it\/shop\/"},{"@type":"ListItem","position":3,"name":"Camp Nitro Lock HMS moschettone a ghiera"}]},{"@type":"WebSite","@id":"https:\/\/www.sestogrado.it\/it\/#website","url":"https:\/\/www.sestogrado.it\/it\/","name":"Sestogrado","description":"yes we climb","publisher":{"@id":"https:\/\/www.sestogrado.it\/it\/#organization"},"potentialAction":[{"@type":"SearchAction","target":{"@type":"EntryPoint","urlTemplate":"https:\/\/www.sestogrado.it\/it\/?s={search_term_string}"},"query-input":{"@type":"PropertyValueSpecification","valueRequired":true,"valueName":"search_term_string"}}],"inLanguage":"it-IT"},{"@type":"Organization","@id":"https:\/\/www.sestogrado.it\/it\/#organization","name":"Sestogrado","url":"https:\/\/www.sestogrado.it\/it\/","logo":{"@type":"ImageObject","inLanguage":"it-IT","@id":"https:\/\/www.sestogrado.it\/it\/#\/schema\/logo\/image\/","url":"https:\/\/www.sestogrado.it\/wp-content\/uploads\/2015\/03\/sestogrado-favicon.png","contentUrl":"https:\/\/www.sestogrado.it\/wp-content\/uploads\/2015\/03\/sestogrado-favicon.png","width":260,"height":260,"caption":"Sestogrado"},"image":{"@id":"https:\/\/www.sestogrado.it\/it\/#\/schema\/logo\/image\/"},"sameAs":["https:\/\/www.facebook.com\/pages\/Sestogrado\/1542635979353017?ref=bookmarks","https:\/\/www.youtube.com\/channel\/UC847kAfTkaJsWpc1jtQwr3Q"],"hasMerchantReturnPolicy":{"@type":"MerchantReturnPolicy","merchantReturnLink":"https:\/\/www.sestogrado.it\/it\/termini-e-condizioni\/"}}]},"product_brand":"Camp","product_price_amount":"12.90","product_price_currency":"EUR","og_availability":"instock","product_availability":"instock","product_condition":"new"},"_links":{"self":[{"href":"https:\/\/www.sestogrado.it\/it\/wp-json\/wp\/v2\/product\/3850","targetHints":{"allow":["GET"]}}],"collection":[{"href":"https:\/\/www.sestogrado.it\/it\/wp-json\/wp\/v2\/product"}],"about":[{"href":"https:\/\/www.sestogrado.it\/it\/wp-json\/wp\/v2\/types\/product"}],"replies":[{"embeddable":true,"href":"https:\/\/www.sestogrado.it\/it\/wp-json\/wp\/v2\/comments?post=3850"}],"wp:featuredmedia":[{"embeddable":true,"href":"https:\/\/www.sestogrado.it\/it\/wp-json\/wp\/v2\/media\/109054"}],"wp:attachment":[{"href":"https:\/\/www.sestogrado.it\/it\/wp-json\/wp\/v2\/media?parent=3850"}],"wp:term":[{"taxonomy":"product_brand","embeddable":true,"href":"https:\/\/www.sestogrado.it\/it\/wp-json\/wp\/v2\/product_brand?post=3850"},{"taxonomy":"product_cat","embeddable":true,"href":"https:\/\/www.sestogrado.it\/it\/wp-json\/wp\/v2\/product_cat?post=3850"},{"taxonomy":"product_tag","embeddable":true,"href":"https:\/\/www.sestogrado.it\/it\/wp-json\/wp\/v2\/product_tag?post=3850"}],"curies":[{"name":"wp","href":"https:\/\/api.w.org\/{rel}","templated":true}]}}