{"id":383,"date":"2025-04-04T06:00:32","date_gmt":"2025-04-04T04:00:32","guid":{"rendered":"http:\/\/www.sestogrado.it\/?post_type=product&#038;p=383"},"modified":"2026-05-04T14:46:43","modified_gmt":"2026-05-04T12:46:43","slug":"petzl-corax-imbrago-arrampicata","status":"publish","type":"product","link":"https:\/\/www.sestogrado.it\/it\/prodotto\/petzl-corax-imbrago-arrampicata\/","title":{"rendered":"Petzl Corax Imbrago arrampicata"},"content":{"rendered":"<p>Il PETZL CORAX \u00e8 l&#8217;imbrago polivalente per eccellenza di Petzl. Facile da utilizzare e molto confortevole, l\u2019imbracatura CORAX \u00e8 adatta per l\u2019arrampicata indoor, in falesia e su via ferrata. Questa imbracatura interamente regolabile, destinata al maggior numero di utilizzatori, \u00e8 disponibile in diversi colori e due taglie per adattarsi a tutte le morfologie.<\/p>\n<p>Perch\u00e8 il Petzl Corax \u00e8 cos\u00ec versatile? Semplice, ha una cintura dotata di due fibbie, per cui \u00e8 sempre regolabile con comodit\u00e0 con qualsiasi strato lo si indossi (maglietta, giacca, piumino, guscio, etc.). I cosciali regolabili fanno s\u00ec che si possa indossare sia d&#8217;estate con i pantaloni corti e leggeri che d&#8217;inverno con pantaloni spessi, ha una cintura piuttosto ampia che lo rende comodo per lunghe soste, lavorare una via, o percorrere vie ferrate con frequenti sospensioni.<\/p>\n<p>Il Corax \u00e8 interamente regolabile ed \u00e8 disponibile in tre colori e due taglie per un perfetto adattamento a tutti i gusti e a tutte le morfologie.<\/p>\n<ul>\n<li>Imbracatura molto confortevole e regolabile:<br \/>\n&#8211; cintura larga e cosciali imbottiti per un posizionamento confortevole,<br \/>\n&#8211; cintura dotata di due fibbie DOUBLEBACK per regolare e centrare facilmente l\u2019imbracatura. I portamateriali mantengono cos\u00ec una posizione ottimale,<br \/>\n&#8211; cosciali regolabili per una facile regolazione dell\u2019imbracatura in base alle morfologie e ai vestiti indossati,<br \/>\n&#8211; costruzione FRAME Technology che consente di ripartire il carico tra la cintura e i cosciali,<br \/>\n&#8211; polivalenza d\u2019uso per l\u2019arrampicata indoor, in falesia, su vie lunghe e via ferrata.<\/li>\n<li>Capacit\u00e0 di trasportare e organizzare il materiale:<br \/>\n&#8211; due portamateriali anteriori rigidi per facilitare l\u2019aggancio e lo sgancio dei rinvii,<br \/>\n&#8211; due portamateriali posteriori flessibili per portare il materiale in avanti e compatibili con l\u2019utilizzo dello zaino,<br \/>\n&#8211; un anello posteriore portaccessori come sacchetto portamagnesite, calzature, maglia rapida, corda di servizio&#8230;,<br \/>\n&#8211; compatibile con il porta attrezzi CARITOOL EVO per il trasporto di chiodi da ghiaccio.<\/li>\n<li>Eco-progettazione: tessuto esterno della cintura e dei cosciali progettato in poliestere riciclato.<\/li>\n<\/ul>\n<p><iframe title=\"vimeo-player\" src=\"\/\/player.vimeo.com\/video\/810087048?title=0&amp;amp;byline=0\" width=\"640\" height=\"360\" frameborder=\"0\" allowfullscreen=\"allowfullscreen\"><\/iframe><\/p>\n<p>L\u2019avventura Petzl \u00e8 iniziata con la passione di Fernand Petzl per la speleologia, passione al servizio della quale ha saputo mettere il suo talento di artigiano.<\/p>\n<p>Ne \u00e8 nata una competenza per la progettazione e la realizzazione di soluzioni per salire, calarsi, assicurarsi e avanzare nell\u2019oscurit\u00e0. Nel 1970, i primi prodotti marcati \u201cFernand Petzl\u201d sono realizzati nel laboratorio di Saint-Nazaire-les-Eymes (Is\u00e8re, Francia).<\/p>\n<p>Da allora, l\u2019azienda Petzl, creata nel 1975, \u00e8 riuscita a crescere e diventare un gruppo internazionale, conservando una dimensione familiare e la passione che animava Fernand Petzl.<\/p>","protected":false},"excerpt":{"rendered":"<p>Il PETZL CORAX \u00e8 l&#8217;imbrago polivalente per eccellenza di Petzl. Facile da utilizzare e molto confortevole, l\u2019imbracatura CORAX \u00e8 adatta [&hellip;]<\/p>\n","protected":false},"featured_media":187840,"comment_status":"open","ping_status":"closed","template":"","meta":{"_acf_changed":false},"product_brand":[50],"product_cat":[182,183],"product_tag":[],"class_list":{"0":"post-383","1":"product","2":"type-product","3":"status-publish","4":"has-post-thumbnail","6":"product_brand-petzl","7":"product_cat-sportivi","8":"product_cat-alpinismo","10":"first","11":"instock","12":"sale","13":"taxable","14":"shipping-taxable","15":"purchasable","16":"product-type-variable"},"acf":[],"yoast_head":"<!-- This site is optimized with the Yoast SEO plugin v26.4 - https:\/\/yoast.com\/wordpress\/plugins\/seo\/ -->\n<title>Petzl Corax Imbrago arrampicata - Sestogrado<\/title>\n<meta name=\"description\" content=\"Il PETZL CORAX \u00e8 l&#039;imbrago polivalente per eccellenza di Petzl. Facile da utilizzare e molto confortevole, l\u2019imbracatura CORAX \u00e8 adatta per l\u2019arrampicata indoor, in falesia e su via ferrata. Questa imbracatura interamente regolabile, destinata al maggior numero di utilizzatori, \u00e8 disponibile in diversi colori e due taglie per adattarsi a tutte le morfologie.Perch\u00e8 il Petzl Corax \u00e8 cos\u00ec versatile? Semplice, ha una cintura dotata di due fibbie, per cui \u00e8 sempre regolabile con comodit\u00e0 con qualsiasi strato lo si indossi (maglietta, giacca, piumino, guscio, etc.). I cosciali regolabili fanno s\u00ec che si possa indossare sia d&#039;estate con i pantaloni corti e leggeri che d&#039;inverno con pantaloni spessi, ha una cintura piuttosto ampia che lo rende comodo per lunghe soste, lavorare una via, o percorrere vie ferrate con frequenti sospensioni.\" \/>\n<meta name=\"robots\" content=\"index, follow, max-snippet:-1, max-image-preview:large, max-video-preview:-1\" \/>\n<link rel=\"canonical\" href=\"https:\/\/www.sestogrado.it\/it\/prodotto\/petzl-corax-imbrago-arrampicata\/\" \/>\n<meta property=\"og:locale\" content=\"it_IT\" \/>\n<meta property=\"og:type\" content=\"article\" \/>\n<meta property=\"og:title\" content=\"Petzl Corax Imbrago arrampicata - Sestogrado\" \/>\n<meta property=\"og:description\" content=\"Il PETZL CORAX \u00e8 l&#039;imbrago polivalente per eccellenza di Petzl. Facile da utilizzare e molto confortevole, l\u2019imbracatura CORAX \u00e8 adatta per l\u2019arrampicata indoor, in falesia e su via ferrata. Questa imbracatura interamente regolabile, destinata al maggior numero di utilizzatori, \u00e8 disponibile in diversi colori e due taglie per adattarsi a tutte le morfologie.Perch\u00e8 il Petzl Corax \u00e8 cos\u00ec versatile? Semplice, ha una cintura dotata di due fibbie, per cui \u00e8 sempre regolabile con comodit\u00e0 con qualsiasi strato lo si indossi (maglietta, giacca, piumino, guscio, etc.). I cosciali regolabili fanno s\u00ec che si possa indossare sia d&#039;estate con i pantaloni corti e leggeri che d&#039;inverno con pantaloni spessi, ha una cintura piuttosto ampia che lo rende comodo per lunghe soste, lavorare una via, o percorrere vie ferrate con frequenti sospensioni.\" \/>\n<meta property=\"og:url\" content=\"https:\/\/www.sestogrado.it\/it\/prodotto\/petzl-corax-imbrago-arrampicata\/\" \/>\n<meta property=\"og:site_name\" content=\"Sestogrado\" \/>\n<meta property=\"article:publisher\" content=\"https:\/\/www.facebook.com\/pages\/Sestogrado\/1542635979353017?ref=bookmarks\" \/>\n<meta property=\"article:modified_time\" content=\"2026-05-04T12:46:43+00:00\" \/>\n<meta property=\"og:image\" content=\"https:\/\/www.sestogrado.it\/wp-content\/uploads\/2025\/04\/01.jpg\" \/>\n\t<meta property=\"og:image:width\" content=\"1075\" \/>\n\t<meta property=\"og:image:height\" content=\"1075\" \/>\n\t<meta property=\"og:image:type\" content=\"image\/jpeg\" \/>\n<meta name=\"twitter:label1\" content=\"Disponibilit\u00e0\" \/>\n\t<meta name=\"twitter:data1\" content=\"In stock\" \/>\n<script type=\"application\/ld+json\" class=\"yoast-schema-graph\">{\"@context\":\"https:\/\/schema.org\",\"@graph\":[{\"@type\":\"WebPage\",\"@id\":\"https:\/\/www.sestogrado.it\/it\/prodotto\/petzl-corax-imbrago-arrampicata\/\",\"url\":\"https:\/\/www.sestogrado.it\/it\/prodotto\/petzl-corax-imbrago-arrampicata\/\",\"name\":\"Petzl Corax Imbrago arrampicata - Sestogrado\",\"isPartOf\":{\"@id\":\"https:\/\/www.sestogrado.it\/it\/#website\"},\"primaryImageOfPage\":{\"@id\":\"https:\/\/www.sestogrado.it\/it\/prodotto\/petzl-corax-imbrago-arrampicata\/#primaryimage\"},\"image\":{\"@id\":\"https:\/\/www.sestogrado.it\/prodotto\/petzl-corax-imbrago-arrampicata\/#primaryimage\"},\"thumbnailUrl\":\"https:\/\/www.sestogrado.it\/wp-content\/uploads\/2025\/04\/01.jpg\",\"datePublished\":\"2025-04-04T04:00:32+00:00\",\"dateModified\":\"2026-05-04T12:46:43+00:00\",\"description\":\"Il PETZL CORAX \u00e8 l'imbrago polivalente per eccellenza di Petzl. Facile da utilizzare e molto confortevole, l\u2019imbracatura CORAX \u00e8 adatta per l\u2019arrampicata indoor, in falesia e su via ferrata. Questa imbracatura interamente regolabile, destinata al maggior numero di utilizzatori, \u00e8 disponibile in diversi colori e due taglie per adattarsi a tutte le morfologie.Perch\u00e8 il Petzl Corax \u00e8 cos\u00ec versatile? Semplice, ha una cintura dotata di due fibbie, per cui \u00e8 sempre regolabile con comodit\u00e0 con qualsiasi strato lo si indossi (maglietta, giacca, piumino, guscio, etc.). I cosciali regolabili fanno s\u00ec che si possa indossare sia d'estate con i pantaloni corti e leggeri che d'inverno con pantaloni spessi, ha una cintura piuttosto ampia che lo rende comodo per lunghe soste, lavorare una via, o percorrere vie ferrate con frequenti sospensioni.\",\"breadcrumb\":{\"@id\":\"https:\/\/www.sestogrado.it\/it\/prodotto\/petzl-corax-imbrago-arrampicata\/#breadcrumb\"},\"inLanguage\":\"it-IT\",\"potentialAction\":[{\"@type\":\"ReadAction\",\"target\":[[\"https:\/\/www.sestogrado.it\/it\/prodotto\/petzl-corax-imbrago-arrampicata\/\"]]}]},{\"@type\":\"ImageObject\",\"inLanguage\":\"it-IT\",\"@id\":\"https:\/\/www.sestogrado.it\/it\/prodotto\/petzl-corax-imbrago-arrampicata\/#primaryimage\",\"url\":\"https:\/\/www.sestogrado.it\/wp-content\/uploads\/2025\/04\/01.jpg\",\"contentUrl\":\"https:\/\/www.sestogrado.it\/wp-content\/uploads\/2025\/04\/01.jpg\",\"width\":1075,\"height\":1075,\"caption\":\"corax grigio\"},{\"@type\":\"BreadcrumbList\",\"@id\":\"https:\/\/www.sestogrado.it\/it\/prodotto\/petzl-corax-imbrago-arrampicata\/#breadcrumb\",\"itemListElement\":[{\"@type\":\"ListItem\",\"position\":1,\"name\":\"Home\",\"item\":\"https:\/\/www.sestogrado.it\/it\/\"},{\"@type\":\"ListItem\",\"position\":2,\"name\":\"Shop\",\"item\":\"https:\/\/www.sestogrado.it\/it\/shop\/\"},{\"@type\":\"ListItem\",\"position\":3,\"name\":\"Petzl Corax Imbrago arrampicata\"}]},{\"@type\":\"WebSite\",\"@id\":\"https:\/\/www.sestogrado.it\/it\/#website\",\"url\":\"https:\/\/www.sestogrado.it\/it\/\",\"name\":\"Sestogrado\",\"description\":\"yes we climb\",\"publisher\":{\"@id\":\"https:\/\/www.sestogrado.it\/it\/#organization\"},\"potentialAction\":[{\"@type\":\"SearchAction\",\"target\":{\"@type\":\"EntryPoint\",\"urlTemplate\":\"https:\/\/www.sestogrado.it\/it\/?s={search_term_string}\"},\"query-input\":{\"@type\":\"PropertyValueSpecification\",\"valueRequired\":true,\"valueName\":\"search_term_string\"}}],\"inLanguage\":\"it-IT\"},{\"@type\":\"Organization\",\"@id\":\"https:\/\/www.sestogrado.it\/it\/#organization\",\"name\":\"Sestogrado\",\"url\":\"https:\/\/www.sestogrado.it\/it\/\",\"logo\":{\"@type\":\"ImageObject\",\"inLanguage\":\"it-IT\",\"@id\":\"https:\/\/www.sestogrado.it\/it\/#\/schema\/logo\/image\/\",\"url\":\"https:\/\/www.sestogrado.it\/wp-content\/uploads\/2015\/03\/sestogrado-favicon.png\",\"contentUrl\":\"https:\/\/www.sestogrado.it\/wp-content\/uploads\/2015\/03\/sestogrado-favicon.png\",\"width\":260,\"height\":260,\"caption\":\"Sestogrado\"},\"image\":{\"@id\":\"https:\/\/www.sestogrado.it\/it\/#\/schema\/logo\/image\/\"},\"sameAs\":[\"https:\/\/www.facebook.com\/pages\/Sestogrado\/1542635979353017?ref=bookmarks\",\"https:\/\/www.youtube.com\/channel\/UC847kAfTkaJsWpc1jtQwr3Q\"],\"hasMerchantReturnPolicy\":{\"@type\":\"MerchantReturnPolicy\",\"merchantReturnLink\":\"https:\/\/www.sestogrado.it\/it\/termini-e-condizioni\/\"}}]}<\/script>\n<meta property=\"product:brand\" content=\"Petzl\" \/>\n<meta property=\"og:availability\" content=\"instock\" \/>\n<meta property=\"product:availability\" content=\"instock\" \/>\n<meta property=\"product:condition\" content=\"new\" \/>\n<!-- \/ Yoast SEO plugin. -->","yoast_head_json":{"title":"Petzl Corax Imbrago arrampicata - Sestogrado","description":"Il PETZL CORAX \u00e8 l'imbrago polivalente per eccellenza di Petzl. Facile da utilizzare e molto confortevole, l\u2019imbracatura CORAX \u00e8 adatta per l\u2019arrampicata indoor, in falesia e su via ferrata. Questa imbracatura interamente regolabile, destinata al maggior numero di utilizzatori, \u00e8 disponibile in diversi colori e due taglie per adattarsi a tutte le morfologie.Perch\u00e8 il Petzl Corax \u00e8 cos\u00ec versatile? Semplice, ha una cintura dotata di due fibbie, per cui \u00e8 sempre regolabile con comodit\u00e0 con qualsiasi strato lo si indossi (maglietta, giacca, piumino, guscio, etc.). I cosciali regolabili fanno s\u00ec che si possa indossare sia d'estate con i pantaloni corti e leggeri che d'inverno con pantaloni spessi, ha una cintura piuttosto ampia che lo rende comodo per lunghe soste, lavorare una via, o percorrere vie ferrate con frequenti sospensioni.","robots":{"index":"index","follow":"follow","max-snippet":"max-snippet:-1","max-image-preview":"max-image-preview:large","max-video-preview":"max-video-preview:-1"},"canonical":"https:\/\/www.sestogrado.it\/it\/prodotto\/petzl-corax-imbrago-arrampicata\/","og_locale":"it_IT","og_type":"article","og_title":"Petzl Corax Imbrago arrampicata - Sestogrado","og_description":"Il PETZL CORAX \u00e8 l'imbrago polivalente per eccellenza di Petzl. Facile da utilizzare e molto confortevole, l\u2019imbracatura CORAX \u00e8 adatta per l\u2019arrampicata indoor, in falesia e su via ferrata. Questa imbracatura interamente regolabile, destinata al maggior numero di utilizzatori, \u00e8 disponibile in diversi colori e due taglie per adattarsi a tutte le morfologie.Perch\u00e8 il Petzl Corax \u00e8 cos\u00ec versatile? Semplice, ha una cintura dotata di due fibbie, per cui \u00e8 sempre regolabile con comodit\u00e0 con qualsiasi strato lo si indossi (maglietta, giacca, piumino, guscio, etc.). I cosciali regolabili fanno s\u00ec che si possa indossare sia d'estate con i pantaloni corti e leggeri che d'inverno con pantaloni spessi, ha una cintura piuttosto ampia che lo rende comodo per lunghe soste, lavorare una via, o percorrere vie ferrate con frequenti sospensioni.","og_url":"https:\/\/www.sestogrado.it\/it\/prodotto\/petzl-corax-imbrago-arrampicata\/","og_site_name":"Sestogrado","article_publisher":"https:\/\/www.facebook.com\/pages\/Sestogrado\/1542635979353017?ref=bookmarks","article_modified_time":"2026-05-04T12:46:43+00:00","og_image":[{"width":1075,"height":1075,"url":"https:\/\/www.sestogrado.it\/wp-content\/uploads\/2025\/04\/01.jpg","type":"image\/jpeg"}],"twitter_misc":{"Disponibilit\u00e0":"In stock"},"schema":{"@context":"https:\/\/schema.org","@graph":[{"@type":"WebPage","@id":"https:\/\/www.sestogrado.it\/it\/prodotto\/petzl-corax-imbrago-arrampicata\/","url":"https:\/\/www.sestogrado.it\/it\/prodotto\/petzl-corax-imbrago-arrampicata\/","name":"Petzl Corax Imbrago arrampicata - Sestogrado","isPartOf":{"@id":"https:\/\/www.sestogrado.it\/it\/#website"},"primaryImageOfPage":{"@id":"https:\/\/www.sestogrado.it\/it\/prodotto\/petzl-corax-imbrago-arrampicata\/#primaryimage"},"image":{"@id":"https:\/\/www.sestogrado.it\/prodotto\/petzl-corax-imbrago-arrampicata\/#primaryimage"},"thumbnailUrl":"https:\/\/www.sestogrado.it\/wp-content\/uploads\/2025\/04\/01.jpg","datePublished":"2025-04-04T04:00:32+00:00","dateModified":"2026-05-04T12:46:43+00:00","description":"Il PETZL CORAX \u00e8 l'imbrago polivalente per eccellenza di Petzl. Facile da utilizzare e molto confortevole, l\u2019imbracatura CORAX \u00e8 adatta per l\u2019arrampicata indoor, in falesia e su via ferrata. Questa imbracatura interamente regolabile, destinata al maggior numero di utilizzatori, \u00e8 disponibile in diversi colori e due taglie per adattarsi a tutte le morfologie.Perch\u00e8 il Petzl Corax \u00e8 cos\u00ec versatile? Semplice, ha una cintura dotata di due fibbie, per cui \u00e8 sempre regolabile con comodit\u00e0 con qualsiasi strato lo si indossi (maglietta, giacca, piumino, guscio, etc.). I cosciali regolabili fanno s\u00ec che si possa indossare sia d'estate con i pantaloni corti e leggeri che d'inverno con pantaloni spessi, ha una cintura piuttosto ampia che lo rende comodo per lunghe soste, lavorare una via, o percorrere vie ferrate con frequenti sospensioni.","breadcrumb":{"@id":"https:\/\/www.sestogrado.it\/it\/prodotto\/petzl-corax-imbrago-arrampicata\/#breadcrumb"},"inLanguage":"it-IT","potentialAction":[{"@type":"ReadAction","target":[["https:\/\/www.sestogrado.it\/it\/prodotto\/petzl-corax-imbrago-arrampicata\/"]]}]},{"@type":"ImageObject","inLanguage":"it-IT","@id":"https:\/\/www.sestogrado.it\/it\/prodotto\/petzl-corax-imbrago-arrampicata\/#primaryimage","url":"https:\/\/www.sestogrado.it\/wp-content\/uploads\/2025\/04\/01.jpg","contentUrl":"https:\/\/www.sestogrado.it\/wp-content\/uploads\/2025\/04\/01.jpg","width":1075,"height":1075,"caption":"corax grigio"},{"@type":"BreadcrumbList","@id":"https:\/\/www.sestogrado.it\/it\/prodotto\/petzl-corax-imbrago-arrampicata\/#breadcrumb","itemListElement":[{"@type":"ListItem","position":1,"name":"Home","item":"https:\/\/www.sestogrado.it\/it\/"},{"@type":"ListItem","position":2,"name":"Shop","item":"https:\/\/www.sestogrado.it\/it\/shop\/"},{"@type":"ListItem","position":3,"name":"Petzl Corax Imbrago arrampicata"}]},{"@type":"WebSite","@id":"https:\/\/www.sestogrado.it\/it\/#website","url":"https:\/\/www.sestogrado.it\/it\/","name":"Sestogrado","description":"yes we climb","publisher":{"@id":"https:\/\/www.sestogrado.it\/it\/#organization"},"potentialAction":[{"@type":"SearchAction","target":{"@type":"EntryPoint","urlTemplate":"https:\/\/www.sestogrado.it\/it\/?s={search_term_string}"},"query-input":{"@type":"PropertyValueSpecification","valueRequired":true,"valueName":"search_term_string"}}],"inLanguage":"it-IT"},{"@type":"Organization","@id":"https:\/\/www.sestogrado.it\/it\/#organization","name":"Sestogrado","url":"https:\/\/www.sestogrado.it\/it\/","logo":{"@type":"ImageObject","inLanguage":"it-IT","@id":"https:\/\/www.sestogrado.it\/it\/#\/schema\/logo\/image\/","url":"https:\/\/www.sestogrado.it\/wp-content\/uploads\/2015\/03\/sestogrado-favicon.png","contentUrl":"https:\/\/www.sestogrado.it\/wp-content\/uploads\/2015\/03\/sestogrado-favicon.png","width":260,"height":260,"caption":"Sestogrado"},"image":{"@id":"https:\/\/www.sestogrado.it\/it\/#\/schema\/logo\/image\/"},"sameAs":["https:\/\/www.facebook.com\/pages\/Sestogrado\/1542635979353017?ref=bookmarks","https:\/\/www.youtube.com\/channel\/UC847kAfTkaJsWpc1jtQwr3Q"],"hasMerchantReturnPolicy":{"@type":"MerchantReturnPolicy","merchantReturnLink":"https:\/\/www.sestogrado.it\/it\/termini-e-condizioni\/"}}]},"product_brand":"Petzl","og_availability":"instock","product_availability":"instock","product_condition":"new"},"_links":{"self":[{"href":"https:\/\/www.sestogrado.it\/it\/wp-json\/wp\/v2\/product\/383","targetHints":{"allow":["GET"]}}],"collection":[{"href":"https:\/\/www.sestogrado.it\/it\/wp-json\/wp\/v2\/product"}],"about":[{"href":"https:\/\/www.sestogrado.it\/it\/wp-json\/wp\/v2\/types\/product"}],"replies":[{"embeddable":true,"href":"https:\/\/www.sestogrado.it\/it\/wp-json\/wp\/v2\/comments?post=383"}],"wp:featuredmedia":[{"embeddable":true,"href":"https:\/\/www.sestogrado.it\/it\/wp-json\/wp\/v2\/media\/187840"}],"wp:attachment":[{"href":"https:\/\/www.sestogrado.it\/it\/wp-json\/wp\/v2\/media?parent=383"}],"wp:term":[{"taxonomy":"product_brand","embeddable":true,"href":"https:\/\/www.sestogrado.it\/it\/wp-json\/wp\/v2\/product_brand?post=383"},{"taxonomy":"product_cat","embeddable":true,"href":"https:\/\/www.sestogrado.it\/it\/wp-json\/wp\/v2\/product_cat?post=383"},{"taxonomy":"product_tag","embeddable":true,"href":"https:\/\/www.sestogrado.it\/it\/wp-json\/wp\/v2\/product_tag?post=383"}],"curies":[{"name":"wp","href":"https:\/\/api.w.org\/{rel}","templated":true}]}}