{"id":37832,"date":"2020-07-31T08:28:16","date_gmt":"2020-07-31T06:28:16","guid":{"rendered":"https:\/\/www.sestogrado.it\/?post_type=product&#038;p=37832"},"modified":"2022-09-07T21:42:26","modified_gmt":"2022-09-07T19:42:26","slug":"grivel-belay-chain-evo-daisy-chain-per-realizzazione-di-soste","status":"publish","type":"product","link":"https:\/\/www.sestogrado.it\/it\/prodotto\/grivel-belay-chain-evo-daisy-chain-per-realizzazione-di-soste\/","title":{"rendered":"Grivel Belay Chain Evo daisy chain per realizzazione di soste"},"content":{"rendered":"<p>La Grivel Belay Chain Evo \u00e8 una daisy chain con una costruzione speciale per sostenere 23kn di tenuta per ogni anello eliminando i rischi derivanti da manovre pericolose. La sicurezza viene cos\u00ec aumentata rispetto ad una costruzione tradizionale, mantenendo comunque versatilit\u00e0 e praticit\u00e0. Rispetto alla <a href=\"https:\/\/www.sestogrado.it\/it\/prodotto\/grivel-daisy-chain\/\" target=\"_blank\" rel=\"noopener noreferrer\">Grivel Daisy Chain Evo<\/a>, ha una lunghezza maggiore e una costruzione simmetrica, particolarmente adatta alla costruzione di soste. E&#8217; comunque utilizzabile anche per connessioni, come assicurazione in sosta, come longe per la discesa in corda doppia oppure come staffa. Nuova costruzione con possibilit\u00e0 di fissaggio all&#8217;imbragatura mediante bocca di lupo doppia (raccomandata) o singola. Ogni anello ha le estremit\u00e0 cucite per agevolare lo scorrimento e la fluidit\u00e0.<\/p>\n<ul>\n<li>Attivit\u00e0: arrampicata, alpinismo<\/li>\n<li>Materiali \/ costruzione \/ tecnologie: dyneema, polyester<\/li>\n<li>Certification: CE EN 566, UIAA 104<\/li>\n<li>Lunghezza: 145 cm<\/li>\n<li>Peso: 105g (3,7 once)<\/li>\n<\/ul>\n<p>&nbsp;<\/p>\n<p>Nata nel 1818 a Courmayeur, la Grivel \u00e8 un\u2019azienda italiana che produce attrezzature ed equipaggiamenti per alpinismo, arrampicata ed outdoor esportando in 26 paesi.\u00a0\u00a0L\u2019azienda ha ottenuto la certificazione GS T\u00dcV dal 1992, ISO 9001 dal 1996, ISO 1400 dal 2004.\u00a0L\u2019obiettivo di\u00a0Grivel \u00e8 di facilitare la vita agli alpinisti e agli amanti della montagna\u00a0con prodotti tecnologicamente avanzati.<\/p>","protected":false},"excerpt":{"rendered":"<p>La Grivel Belay Chain Evo \u00e8 una daisy chain con una costruzione speciale per sostenere 23kn di tenuta per ogni [&hellip;]<\/p>\n","protected":false},"featured_media":37833,"comment_status":"open","ping_status":"closed","template":"","meta":{"_acf_changed":false},"product_brand":[126],"product_cat":[137],"product_tag":[],"class_list":{"0":"post-37832","1":"product","2":"type-product","3":"status-publish","4":"has-post-thumbnail","6":"product_brand-grivel","7":"product_cat-fettucce-e-cordini","9":"first","10":"outofstock","11":"sale","12":"taxable","13":"shipping-taxable","14":"purchasable","15":"product-type-simple"},"acf":[],"yoast_head":"<!-- This site is optimized with the Yoast SEO plugin v26.4 - https:\/\/yoast.com\/wordpress\/plugins\/seo\/ -->\n<title>Grivel Belay Chain Evo daisy chain per realizzazione di soste - Sestogrado<\/title>\n<meta name=\"description\" content=\"La Grivel Belay Chain Evo \u00e8 una daisy chain con una costruzione speciale per sostenere 23kn di tenuta per ogni anello eliminando i rischi derivanti da manovre pericolose. La sicurezza viene cos\u00ec aumentata rispetto ad una costruzione tradizionale, mantenendo comunque versatilit\u00e0 e praticit\u00e0. Rispetto alla Grivel Daisy Chain Evo, ha una lunghezza maggiore e una costruzione simmetrica, particolarmente adatta alla costruzione di soste. E&#039; comunque utilizzabile anche per connessioni, come assicurazione in sosta, come longe per la discesa in corda doppia oppure come staffa. Nuova costruzione con possibilit\u00e0 di fissaggio all&#039;imbragatura mediante bocca di lupo doppia (raccomandata) o singola. Ogni anello ha le estremit\u00e0 cucite per agevolare lo scorrimento e la fluidit\u00e0.\" \/>\n<meta name=\"robots\" content=\"index, follow, max-snippet:-1, max-image-preview:large, max-video-preview:-1\" \/>\n<link rel=\"canonical\" href=\"https:\/\/www.sestogrado.it\/it\/prodotto\/grivel-belay-chain-evo-daisy-chain-per-realizzazione-di-soste\/\" \/>\n<meta property=\"og:locale\" content=\"it_IT\" \/>\n<meta property=\"og:type\" content=\"article\" \/>\n<meta property=\"og:title\" content=\"Grivel Belay Chain Evo daisy chain per realizzazione di soste - Sestogrado\" \/>\n<meta property=\"og:description\" content=\"La Grivel Belay Chain Evo \u00e8 una daisy chain con una costruzione speciale per sostenere 23kn di tenuta per ogni anello eliminando i rischi derivanti da manovre pericolose. La sicurezza viene cos\u00ec aumentata rispetto ad una costruzione tradizionale, mantenendo comunque versatilit\u00e0 e praticit\u00e0. Rispetto alla Grivel Daisy Chain Evo, ha una lunghezza maggiore e una costruzione simmetrica, particolarmente adatta alla costruzione di soste. E&#039; comunque utilizzabile anche per connessioni, come assicurazione in sosta, come longe per la discesa in corda doppia oppure come staffa. Nuova costruzione con possibilit\u00e0 di fissaggio all&#039;imbragatura mediante bocca di lupo doppia (raccomandata) o singola. Ogni anello ha le estremit\u00e0 cucite per agevolare lo scorrimento e la fluidit\u00e0.\" \/>\n<meta property=\"og:url\" content=\"https:\/\/www.sestogrado.it\/it\/prodotto\/grivel-belay-chain-evo-daisy-chain-per-realizzazione-di-soste\/\" \/>\n<meta property=\"og:site_name\" content=\"Sestogrado\" \/>\n<meta property=\"article:publisher\" content=\"https:\/\/www.facebook.com\/pages\/Sestogrado\/1542635979353017?ref=bookmarks\" \/>\n<meta property=\"article:modified_time\" content=\"2022-09-07T19:42:26+00:00\" \/>\n<meta property=\"og:image\" content=\"https:\/\/www.sestogrado.it\/wp-content\/uploads\/2020\/07\/belay-evo.jpg\" \/>\n\t<meta property=\"og:image:width\" content=\"1024\" \/>\n\t<meta property=\"og:image:height\" content=\"1024\" \/>\n\t<meta property=\"og:image:type\" content=\"image\/jpeg\" \/>\n<meta name=\"twitter:label1\" content=\"Prezzo\" \/>\n\t<meta name=\"twitter:data1\" content=\"&euro;&nbsp;49,90\" \/>\n\t<meta name=\"twitter:label2\" content=\"Disponibilit\u00e0\" \/>\n\t<meta name=\"twitter:data2\" content=\"Esaurito\" \/>\n<script type=\"application\/ld+json\" class=\"yoast-schema-graph\">{\"@context\":\"https:\/\/schema.org\",\"@graph\":[{\"@type\":\"WebPage\",\"@id\":\"https:\/\/www.sestogrado.it\/it\/prodotto\/grivel-belay-chain-evo-daisy-chain-per-realizzazione-di-soste\/\",\"url\":\"https:\/\/www.sestogrado.it\/it\/prodotto\/grivel-belay-chain-evo-daisy-chain-per-realizzazione-di-soste\/\",\"name\":\"Grivel Belay Chain Evo daisy chain per realizzazione di soste - Sestogrado\",\"isPartOf\":{\"@id\":\"https:\/\/www.sestogrado.it\/it\/#website\"},\"primaryImageOfPage\":{\"@id\":\"https:\/\/www.sestogrado.it\/it\/prodotto\/grivel-belay-chain-evo-daisy-chain-per-realizzazione-di-soste\/#primaryimage\"},\"image\":{\"@id\":\"https:\/\/www.sestogrado.it\/prodotto\/grivel-belay-chain-evo-daisy-chain-per-realizzazione-di-soste\/#primaryimage\"},\"thumbnailUrl\":\"https:\/\/www.sestogrado.it\/wp-content\/uploads\/2020\/07\/belay-evo.jpg\",\"datePublished\":\"2020-07-31T06:28:16+00:00\",\"dateModified\":\"2022-09-07T19:42:26+00:00\",\"description\":\"La Grivel Belay Chain Evo \u00e8 una daisy chain con una costruzione speciale per sostenere 23kn di tenuta per ogni anello eliminando i rischi derivanti da manovre pericolose. La sicurezza viene cos\u00ec aumentata rispetto ad una costruzione tradizionale, mantenendo comunque versatilit\u00e0 e praticit\u00e0. Rispetto alla Grivel Daisy Chain Evo, ha una lunghezza maggiore e una costruzione simmetrica, particolarmente adatta alla costruzione di soste. E' comunque utilizzabile anche per connessioni, come assicurazione in sosta, come longe per la discesa in corda doppia oppure come staffa. Nuova costruzione con possibilit\u00e0 di fissaggio all'imbragatura mediante bocca di lupo doppia (raccomandata) o singola. Ogni anello ha le estremit\u00e0 cucite per agevolare lo scorrimento e la fluidit\u00e0.\",\"breadcrumb\":{\"@id\":\"https:\/\/www.sestogrado.it\/it\/prodotto\/grivel-belay-chain-evo-daisy-chain-per-realizzazione-di-soste\/#breadcrumb\"},\"inLanguage\":\"it-IT\",\"potentialAction\":[{\"@type\":\"ReadAction\",\"target\":[[\"https:\/\/www.sestogrado.it\/it\/prodotto\/grivel-belay-chain-evo-daisy-chain-per-realizzazione-di-soste\/\"]]}]},{\"@type\":\"ImageObject\",\"inLanguage\":\"it-IT\",\"@id\":\"https:\/\/www.sestogrado.it\/it\/prodotto\/grivel-belay-chain-evo-daisy-chain-per-realizzazione-di-soste\/#primaryimage\",\"url\":\"https:\/\/www.sestogrado.it\/wp-content\/uploads\/2020\/07\/belay-evo.jpg\",\"contentUrl\":\"https:\/\/www.sestogrado.it\/wp-content\/uploads\/2020\/07\/belay-evo.jpg\",\"width\":1024,\"height\":1024,\"caption\":\"belay-evo\"},{\"@type\":\"BreadcrumbList\",\"@id\":\"https:\/\/www.sestogrado.it\/it\/prodotto\/grivel-belay-chain-evo-daisy-chain-per-realizzazione-di-soste\/#breadcrumb\",\"itemListElement\":[{\"@type\":\"ListItem\",\"position\":1,\"name\":\"Home\",\"item\":\"https:\/\/www.sestogrado.it\/it\/\"},{\"@type\":\"ListItem\",\"position\":2,\"name\":\"Shop\",\"item\":\"https:\/\/www.sestogrado.it\/it\/shop\/\"},{\"@type\":\"ListItem\",\"position\":3,\"name\":\"Grivel Belay Chain Evo daisy chain per realizzazione di soste\"}]},{\"@type\":\"WebSite\",\"@id\":\"https:\/\/www.sestogrado.it\/it\/#website\",\"url\":\"https:\/\/www.sestogrado.it\/it\/\",\"name\":\"Sestogrado\",\"description\":\"yes we climb\",\"publisher\":{\"@id\":\"https:\/\/www.sestogrado.it\/it\/#organization\"},\"potentialAction\":[{\"@type\":\"SearchAction\",\"target\":{\"@type\":\"EntryPoint\",\"urlTemplate\":\"https:\/\/www.sestogrado.it\/it\/?s={search_term_string}\"},\"query-input\":{\"@type\":\"PropertyValueSpecification\",\"valueRequired\":true,\"valueName\":\"search_term_string\"}}],\"inLanguage\":\"it-IT\"},{\"@type\":\"Organization\",\"@id\":\"https:\/\/www.sestogrado.it\/it\/#organization\",\"name\":\"Sestogrado\",\"url\":\"https:\/\/www.sestogrado.it\/it\/\",\"logo\":{\"@type\":\"ImageObject\",\"inLanguage\":\"it-IT\",\"@id\":\"https:\/\/www.sestogrado.it\/it\/#\/schema\/logo\/image\/\",\"url\":\"https:\/\/www.sestogrado.it\/wp-content\/uploads\/2015\/03\/sestogrado-favicon.png\",\"contentUrl\":\"https:\/\/www.sestogrado.it\/wp-content\/uploads\/2015\/03\/sestogrado-favicon.png\",\"width\":260,\"height\":260,\"caption\":\"Sestogrado\"},\"image\":{\"@id\":\"https:\/\/www.sestogrado.it\/it\/#\/schema\/logo\/image\/\"},\"sameAs\":[\"https:\/\/www.facebook.com\/pages\/Sestogrado\/1542635979353017?ref=bookmarks\",\"https:\/\/www.youtube.com\/channel\/UC847kAfTkaJsWpc1jtQwr3Q\"],\"hasMerchantReturnPolicy\":{\"@type\":\"MerchantReturnPolicy\",\"merchantReturnLink\":\"https:\/\/www.sestogrado.it\/it\/termini-e-condizioni\/\"}}]}<\/script>\n<meta property=\"product:brand\" content=\"Grivel\" \/>\n<meta property=\"product:price:amount\" content=\"49.90\" \/>\n<meta property=\"product:price:currency\" content=\"EUR\" \/>\n<meta property=\"og:availability\" content=\"out of stock\" \/>\n<meta property=\"product:availability\" content=\"out of stock\" \/>\n<meta property=\"product:condition\" content=\"new\" \/>\n<!-- \/ Yoast SEO plugin. -->","yoast_head_json":{"title":"Grivel Belay Chain Evo daisy chain per realizzazione di soste - Sestogrado","description":"La Grivel Belay Chain Evo \u00e8 una daisy chain con una costruzione speciale per sostenere 23kn di tenuta per ogni anello eliminando i rischi derivanti da manovre pericolose. La sicurezza viene cos\u00ec aumentata rispetto ad una costruzione tradizionale, mantenendo comunque versatilit\u00e0 e praticit\u00e0. Rispetto alla Grivel Daisy Chain Evo, ha una lunghezza maggiore e una costruzione simmetrica, particolarmente adatta alla costruzione di soste. E' comunque utilizzabile anche per connessioni, come assicurazione in sosta, come longe per la discesa in corda doppia oppure come staffa. Nuova costruzione con possibilit\u00e0 di fissaggio all'imbragatura mediante bocca di lupo doppia (raccomandata) o singola. Ogni anello ha le estremit\u00e0 cucite per agevolare lo scorrimento e la fluidit\u00e0.","robots":{"index":"index","follow":"follow","max-snippet":"max-snippet:-1","max-image-preview":"max-image-preview:large","max-video-preview":"max-video-preview:-1"},"canonical":"https:\/\/www.sestogrado.it\/it\/prodotto\/grivel-belay-chain-evo-daisy-chain-per-realizzazione-di-soste\/","og_locale":"it_IT","og_type":"article","og_title":"Grivel Belay Chain Evo daisy chain per realizzazione di soste - Sestogrado","og_description":"La Grivel Belay Chain Evo \u00e8 una daisy chain con una costruzione speciale per sostenere 23kn di tenuta per ogni anello eliminando i rischi derivanti da manovre pericolose. La sicurezza viene cos\u00ec aumentata rispetto ad una costruzione tradizionale, mantenendo comunque versatilit\u00e0 e praticit\u00e0. Rispetto alla Grivel Daisy Chain Evo, ha una lunghezza maggiore e una costruzione simmetrica, particolarmente adatta alla costruzione di soste. E' comunque utilizzabile anche per connessioni, come assicurazione in sosta, come longe per la discesa in corda doppia oppure come staffa. Nuova costruzione con possibilit\u00e0 di fissaggio all'imbragatura mediante bocca di lupo doppia (raccomandata) o singola. Ogni anello ha le estremit\u00e0 cucite per agevolare lo scorrimento e la fluidit\u00e0.","og_url":"https:\/\/www.sestogrado.it\/it\/prodotto\/grivel-belay-chain-evo-daisy-chain-per-realizzazione-di-soste\/","og_site_name":"Sestogrado","article_publisher":"https:\/\/www.facebook.com\/pages\/Sestogrado\/1542635979353017?ref=bookmarks","article_modified_time":"2022-09-07T19:42:26+00:00","og_image":[{"width":1024,"height":1024,"url":"https:\/\/www.sestogrado.it\/wp-content\/uploads\/2020\/07\/belay-evo.jpg","type":"image\/jpeg"}],"twitter_misc":{"Prezzo":"&euro;&nbsp;49,90","Disponibilit\u00e0":"Esaurito"},"schema":{"@context":"https:\/\/schema.org","@graph":[{"@type":"WebPage","@id":"https:\/\/www.sestogrado.it\/it\/prodotto\/grivel-belay-chain-evo-daisy-chain-per-realizzazione-di-soste\/","url":"https:\/\/www.sestogrado.it\/it\/prodotto\/grivel-belay-chain-evo-daisy-chain-per-realizzazione-di-soste\/","name":"Grivel Belay Chain Evo daisy chain per realizzazione di soste - Sestogrado","isPartOf":{"@id":"https:\/\/www.sestogrado.it\/it\/#website"},"primaryImageOfPage":{"@id":"https:\/\/www.sestogrado.it\/it\/prodotto\/grivel-belay-chain-evo-daisy-chain-per-realizzazione-di-soste\/#primaryimage"},"image":{"@id":"https:\/\/www.sestogrado.it\/prodotto\/grivel-belay-chain-evo-daisy-chain-per-realizzazione-di-soste\/#primaryimage"},"thumbnailUrl":"https:\/\/www.sestogrado.it\/wp-content\/uploads\/2020\/07\/belay-evo.jpg","datePublished":"2020-07-31T06:28:16+00:00","dateModified":"2022-09-07T19:42:26+00:00","description":"La Grivel Belay Chain Evo \u00e8 una daisy chain con una costruzione speciale per sostenere 23kn di tenuta per ogni anello eliminando i rischi derivanti da manovre pericolose. La sicurezza viene cos\u00ec aumentata rispetto ad una costruzione tradizionale, mantenendo comunque versatilit\u00e0 e praticit\u00e0. Rispetto alla Grivel Daisy Chain Evo, ha una lunghezza maggiore e una costruzione simmetrica, particolarmente adatta alla costruzione di soste. E' comunque utilizzabile anche per connessioni, come assicurazione in sosta, come longe per la discesa in corda doppia oppure come staffa. Nuova costruzione con possibilit\u00e0 di fissaggio all'imbragatura mediante bocca di lupo doppia (raccomandata) o singola. Ogni anello ha le estremit\u00e0 cucite per agevolare lo scorrimento e la fluidit\u00e0.","breadcrumb":{"@id":"https:\/\/www.sestogrado.it\/it\/prodotto\/grivel-belay-chain-evo-daisy-chain-per-realizzazione-di-soste\/#breadcrumb"},"inLanguage":"it-IT","potentialAction":[{"@type":"ReadAction","target":[["https:\/\/www.sestogrado.it\/it\/prodotto\/grivel-belay-chain-evo-daisy-chain-per-realizzazione-di-soste\/"]]}]},{"@type":"ImageObject","inLanguage":"it-IT","@id":"https:\/\/www.sestogrado.it\/it\/prodotto\/grivel-belay-chain-evo-daisy-chain-per-realizzazione-di-soste\/#primaryimage","url":"https:\/\/www.sestogrado.it\/wp-content\/uploads\/2020\/07\/belay-evo.jpg","contentUrl":"https:\/\/www.sestogrado.it\/wp-content\/uploads\/2020\/07\/belay-evo.jpg","width":1024,"height":1024,"caption":"belay-evo"},{"@type":"BreadcrumbList","@id":"https:\/\/www.sestogrado.it\/it\/prodotto\/grivel-belay-chain-evo-daisy-chain-per-realizzazione-di-soste\/#breadcrumb","itemListElement":[{"@type":"ListItem","position":1,"name":"Home","item":"https:\/\/www.sestogrado.it\/it\/"},{"@type":"ListItem","position":2,"name":"Shop","item":"https:\/\/www.sestogrado.it\/it\/shop\/"},{"@type":"ListItem","position":3,"name":"Grivel Belay Chain Evo daisy chain per realizzazione di soste"}]},{"@type":"WebSite","@id":"https:\/\/www.sestogrado.it\/it\/#website","url":"https:\/\/www.sestogrado.it\/it\/","name":"Sestogrado","description":"yes we climb","publisher":{"@id":"https:\/\/www.sestogrado.it\/it\/#organization"},"potentialAction":[{"@type":"SearchAction","target":{"@type":"EntryPoint","urlTemplate":"https:\/\/www.sestogrado.it\/it\/?s={search_term_string}"},"query-input":{"@type":"PropertyValueSpecification","valueRequired":true,"valueName":"search_term_string"}}],"inLanguage":"it-IT"},{"@type":"Organization","@id":"https:\/\/www.sestogrado.it\/it\/#organization","name":"Sestogrado","url":"https:\/\/www.sestogrado.it\/it\/","logo":{"@type":"ImageObject","inLanguage":"it-IT","@id":"https:\/\/www.sestogrado.it\/it\/#\/schema\/logo\/image\/","url":"https:\/\/www.sestogrado.it\/wp-content\/uploads\/2015\/03\/sestogrado-favicon.png","contentUrl":"https:\/\/www.sestogrado.it\/wp-content\/uploads\/2015\/03\/sestogrado-favicon.png","width":260,"height":260,"caption":"Sestogrado"},"image":{"@id":"https:\/\/www.sestogrado.it\/it\/#\/schema\/logo\/image\/"},"sameAs":["https:\/\/www.facebook.com\/pages\/Sestogrado\/1542635979353017?ref=bookmarks","https:\/\/www.youtube.com\/channel\/UC847kAfTkaJsWpc1jtQwr3Q"],"hasMerchantReturnPolicy":{"@type":"MerchantReturnPolicy","merchantReturnLink":"https:\/\/www.sestogrado.it\/it\/termini-e-condizioni\/"}}]},"product_brand":"Grivel","product_price_amount":"49.90","product_price_currency":"EUR","og_availability":"out of stock","product_availability":"out of stock","product_condition":"new"},"_links":{"self":[{"href":"https:\/\/www.sestogrado.it\/it\/wp-json\/wp\/v2\/product\/37832","targetHints":{"allow":["GET"]}}],"collection":[{"href":"https:\/\/www.sestogrado.it\/it\/wp-json\/wp\/v2\/product"}],"about":[{"href":"https:\/\/www.sestogrado.it\/it\/wp-json\/wp\/v2\/types\/product"}],"replies":[{"embeddable":true,"href":"https:\/\/www.sestogrado.it\/it\/wp-json\/wp\/v2\/comments?post=37832"}],"wp:featuredmedia":[{"embeddable":true,"href":"https:\/\/www.sestogrado.it\/it\/wp-json\/wp\/v2\/media\/37833"}],"wp:attachment":[{"href":"https:\/\/www.sestogrado.it\/it\/wp-json\/wp\/v2\/media?parent=37832"}],"wp:term":[{"taxonomy":"product_brand","embeddable":true,"href":"https:\/\/www.sestogrado.it\/it\/wp-json\/wp\/v2\/product_brand?post=37832"},{"taxonomy":"product_cat","embeddable":true,"href":"https:\/\/www.sestogrado.it\/it\/wp-json\/wp\/v2\/product_cat?post=37832"},{"taxonomy":"product_tag","embeddable":true,"href":"https:\/\/www.sestogrado.it\/it\/wp-json\/wp\/v2\/product_tag?post=37832"}],"curies":[{"name":"wp","href":"https:\/\/api.w.org\/{rel}","templated":true}]}}