{"id":366,"date":"2015-03-10T10:08:57","date_gmt":"2015-03-10T09:08:57","guid":{"rendered":"http:\/\/www.sestogrado.it\/prodotto\/corde\/petzl-arial-9-5-70m-corda-arrampicata-2\/"},"modified":"2026-04-27T14:34:55","modified_gmt":"2026-04-27T12:34:55","slug":"petzl-arial-9-5-corda-arrampicata","status":"publish","type":"product","link":"https:\/\/www.sestogrado.it\/it\/prodotto\/petzl-arial-9-5-corda-arrampicata\/","title":{"rendered":"Petzl Arial 9.5 corda arrampicata"},"content":{"rendered":"<p>Corda di qualit\u00e0 per arrampicare in ambiente. Lo spessore di 9.5 la rende facile e scorrevole per moschettonare, il trattamento Duratec Dry garantisce maggior durata e la rende pi\u00f9 repellente a sporco, polvere e umidit\u00e0.<\/p>\n<p>Con un diametro da 9,5 mm, la corda singola Petzl Arial\u00a09.5 \u00e8 destinata principalmente ai climber esperti ai quali garantir\u00e0, grazie al trattamento Duratec Dry, la massima longevit\u00e0 e performance in qualsiasi condizione.<\/p>\n<ul>\n<li>Corda polivalente per i climber esperti:<br \/>\n&#8211; corda sottile, eccellente compromesso tra peso e performance,<br \/>\n&#8211; utilizzo su roccia, misto, neve o ghiaccio.<\/li>\n<li>Maggiore longevit\u00e0 e facilit\u00e0 di utilizzo in qualsiasi condizione:<br \/>\n&#8211; trattamento Duratec Dry: trattamento idrofobo, la corda \u00e8 pi\u00f9 resistente all&#8217;acqua, alla sporcizia e all&#8217;abrasione; la maneggevolezza, la prensilit\u00e0 e le caratteristiche si conservano pi\u00f9 a lungo in condizioni di freddo e umidit\u00e0,<br \/>\n&#8211; finitura UltraSonic Finish: l\u2019anima e la calza sono unite alle loro estremit\u00e0 grazie ad una finitura a ultrasuono chiamata UltraSonic Finish; permette una maggiore resistenza ed evita la rottura dell&#8217;estremit\u00e0 della corda,<br \/>\n&#8211; avvolgimento ClimbReady: avvolgimento specifico per rendere la corda pronta all&#8217;uso; evita le manovre di svolgimento errate da parte dell&#8217;utilizzatore e aumenta la longevit\u00e0.<\/li>\n<li>Assicurazione pi\u00f9 efficace:<br \/>\n&#8211; corda arrampicata con marcatura Middle Mark: distinzione della met\u00e0-corda per facilitare le manovre.<br \/>\n&#8211; trattamento EverFlex: trattamento termico specifico che stabilizza i fili e rende la corda pi\u00f9 omogenea; garantisce un&#8217;eccellente prensilit\u00e0 e una maneggevolezza costante nel tempo.<\/li>\n<\/ul>\n<p><a href=\"https:\/\/www.sestogrado.it\/box\/recensione-corda-petzl-arial-9-5\/\" target=\"_blank\" rel=\"noopener noreferrer\">Abbiamo provato l&#8217;Arial 9.5 due giorni in falesia, leggi la nostra recensione<\/a><\/p>\n<p>&nbsp;<\/p>\n<div class=\"embed-responsive embed-responsive-16by9\"><iframe title=\"Corde dinamiche [IT]\" src=\"https:\/\/player.vimeo.com\/video\/84296684?dnt=1&amp;app_id=122963\" width=\"500\" height=\"281\" frameborder=\"0\" allow=\"autoplay; fullscreen; picture-in-picture; clipboard-write; encrypted-media; web-share\" referrerpolicy=\"strict-origin-when-cross-origin\"><\/iframe><\/div>\n","protected":false},"excerpt":{"rendered":"<p>Corda di qualit\u00e0 per arrampicare in ambiente. Lo spessore di 9.5 la rende facile e scorrevole per moschettonare, il trattamento [&hellip;]<\/p>\n","protected":false},"featured_media":55621,"comment_status":"open","ping_status":"closed","template":"","meta":{"_acf_changed":false},"product_brand":[50],"product_cat":[16,136],"product_tag":[413],"class_list":{"0":"post-366","1":"product","2":"type-product","3":"status-publish","4":"has-post-thumbnail","6":"product_brand-petzl","7":"product_cat-corde","8":"product_cat-corde-corde","9":"product_tag-corda-singola","11":"first","12":"instock","13":"sale","14":"taxable","15":"shipping-taxable","16":"purchasable","17":"product-type-variable"},"acf":[],"yoast_head":"<!-- This site is optimized with the Yoast SEO plugin v26.4 - https:\/\/yoast.com\/wordpress\/plugins\/seo\/ -->\n<title>Petzl Arial 9.5 corda arrampicata - Sestogrado<\/title>\n<meta name=\"description\" content=\"Corda singola leggere da 9.5mm destinata ai climber esperti. Trattamento Duratec Dry. Petzl Arial 9.5 60m, Arial 9.5 70m, Arial 9.5 80m. La corda singola Petzl Arial\u00a09.5 \u00e8 destinata principalmente ai climber esperti. Trattamento idrofobo, la corda \u00e8 pi\u00f9 resistente all&#039;acqua.\" \/>\n<meta name=\"robots\" content=\"index, follow, max-snippet:-1, max-image-preview:large, max-video-preview:-1\" \/>\n<link rel=\"canonical\" href=\"https:\/\/www.sestogrado.it\/it\/prodotto\/petzl-arial-9-5-corda-arrampicata\/\" \/>\n<meta property=\"og:locale\" content=\"it_IT\" \/>\n<meta property=\"og:type\" content=\"article\" \/>\n<meta property=\"og:title\" content=\"Petzl Arial 9.5 corda arrampicata - Sestogrado\" \/>\n<meta property=\"og:description\" content=\"Corda singola leggere da 9.5mm destinata ai climber esperti. Trattamento Duratec Dry. Petzl Arial 9.5 60m, Arial 9.5 70m, Arial 9.5 80m. La corda singola Petzl Arial\u00a09.5 \u00e8 destinata principalmente ai climber esperti. Trattamento idrofobo, la corda \u00e8 pi\u00f9 resistente all&#039;acqua.\" \/>\n<meta property=\"og:url\" content=\"https:\/\/www.sestogrado.it\/it\/prodotto\/petzl-arial-9-5-corda-arrampicata\/\" \/>\n<meta property=\"og:site_name\" content=\"Sestogrado\" \/>\n<meta property=\"article:publisher\" content=\"https:\/\/www.facebook.com\/pages\/Sestogrado\/1542635979353017?ref=bookmarks\" \/>\n<meta property=\"article:modified_time\" content=\"2026-04-27T12:34:55+00:00\" \/>\n<meta property=\"og:image\" content=\"https:\/\/www.sestogrado.it\/wp-content\/uploads\/2015\/03\/01-16.jpg\" \/>\n\t<meta property=\"og:image:width\" content=\"1200\" \/>\n\t<meta property=\"og:image:height\" content=\"1200\" \/>\n\t<meta property=\"og:image:type\" content=\"image\/jpeg\" \/>\n<meta name=\"twitter:label1\" content=\"Disponibilit\u00e0\" \/>\n\t<meta name=\"twitter:data1\" content=\"In stock\" \/>\n<script type=\"application\/ld+json\" class=\"yoast-schema-graph\">{\"@context\":\"https:\/\/schema.org\",\"@graph\":[{\"@type\":\"WebPage\",\"@id\":\"https:\/\/www.sestogrado.it\/it\/prodotto\/petzl-arial-9-5-corda-arrampicata\/\",\"url\":\"https:\/\/www.sestogrado.it\/it\/prodotto\/petzl-arial-9-5-corda-arrampicata\/\",\"name\":\"Petzl Arial 9.5 corda arrampicata - Sestogrado\",\"isPartOf\":{\"@id\":\"https:\/\/www.sestogrado.it\/it\/#website\"},\"primaryImageOfPage\":{\"@id\":\"https:\/\/www.sestogrado.it\/it\/prodotto\/petzl-arial-9-5-corda-arrampicata\/#primaryimage\"},\"image\":{\"@id\":\"https:\/\/www.sestogrado.it\/prodotto\/petzl-arial-9-5-corda-arrampicata\/#primaryimage\"},\"thumbnailUrl\":\"https:\/\/www.sestogrado.it\/wp-content\/uploads\/2015\/03\/01-16.jpg\",\"datePublished\":\"2015-03-10T09:08:57+00:00\",\"dateModified\":\"2026-04-27T12:34:55+00:00\",\"description\":\"Corda singola leggere da 9.5mm destinata ai climber esperti. Trattamento Duratec Dry. Petzl Arial 9.5 60m, Arial 9.5 70m, Arial 9.5 80m. La corda singola Petzl Arial\u00a09.5 \u00e8 destinata principalmente ai climber esperti. Trattamento idrofobo, la corda \u00e8 pi\u00f9 resistente all'acqua.\",\"breadcrumb\":{\"@id\":\"https:\/\/www.sestogrado.it\/it\/prodotto\/petzl-arial-9-5-corda-arrampicata\/#breadcrumb\"},\"inLanguage\":\"it-IT\",\"potentialAction\":[{\"@type\":\"ReadAction\",\"target\":[[\"https:\/\/www.sestogrado.it\/it\/prodotto\/petzl-arial-9-5-corda-arrampicata\/\"]]}]},{\"@type\":\"ImageObject\",\"inLanguage\":\"it-IT\",\"@id\":\"https:\/\/www.sestogrado.it\/it\/prodotto\/petzl-arial-9-5-corda-arrampicata\/#primaryimage\",\"url\":\"https:\/\/www.sestogrado.it\/wp-content\/uploads\/2015\/03\/01-16.jpg\",\"contentUrl\":\"https:\/\/www.sestogrado.it\/wp-content\/uploads\/2015\/03\/01-16.jpg\",\"width\":1200,\"height\":1200,\"caption\":\"petzl arial blue\"},{\"@type\":\"BreadcrumbList\",\"@id\":\"https:\/\/www.sestogrado.it\/it\/prodotto\/petzl-arial-9-5-corda-arrampicata\/#breadcrumb\",\"itemListElement\":[{\"@type\":\"ListItem\",\"position\":1,\"name\":\"Home\",\"item\":\"https:\/\/www.sestogrado.it\/it\/\"},{\"@type\":\"ListItem\",\"position\":2,\"name\":\"Shop\",\"item\":\"https:\/\/www.sestogrado.it\/it\/shop\/\"},{\"@type\":\"ListItem\",\"position\":3,\"name\":\"Petzl Arial 9.5 corda arrampicata\"}]},{\"@type\":\"WebSite\",\"@id\":\"https:\/\/www.sestogrado.it\/it\/#website\",\"url\":\"https:\/\/www.sestogrado.it\/it\/\",\"name\":\"Sestogrado\",\"description\":\"yes we climb\",\"publisher\":{\"@id\":\"https:\/\/www.sestogrado.it\/it\/#organization\"},\"potentialAction\":[{\"@type\":\"SearchAction\",\"target\":{\"@type\":\"EntryPoint\",\"urlTemplate\":\"https:\/\/www.sestogrado.it\/it\/?s={search_term_string}\"},\"query-input\":{\"@type\":\"PropertyValueSpecification\",\"valueRequired\":true,\"valueName\":\"search_term_string\"}}],\"inLanguage\":\"it-IT\"},{\"@type\":\"Organization\",\"@id\":\"https:\/\/www.sestogrado.it\/it\/#organization\",\"name\":\"Sestogrado\",\"url\":\"https:\/\/www.sestogrado.it\/it\/\",\"logo\":{\"@type\":\"ImageObject\",\"inLanguage\":\"it-IT\",\"@id\":\"https:\/\/www.sestogrado.it\/it\/#\/schema\/logo\/image\/\",\"url\":\"https:\/\/www.sestogrado.it\/wp-content\/uploads\/2015\/03\/sestogrado-favicon.png\",\"contentUrl\":\"https:\/\/www.sestogrado.it\/wp-content\/uploads\/2015\/03\/sestogrado-favicon.png\",\"width\":260,\"height\":260,\"caption\":\"Sestogrado\"},\"image\":{\"@id\":\"https:\/\/www.sestogrado.it\/it\/#\/schema\/logo\/image\/\"},\"sameAs\":[\"https:\/\/www.facebook.com\/pages\/Sestogrado\/1542635979353017?ref=bookmarks\",\"https:\/\/www.youtube.com\/channel\/UC847kAfTkaJsWpc1jtQwr3Q\"],\"hasMerchantReturnPolicy\":{\"@type\":\"MerchantReturnPolicy\",\"merchantReturnLink\":\"https:\/\/www.sestogrado.it\/it\/termini-e-condizioni\/\"}}]}<\/script>\n<meta property=\"product:brand\" content=\"Petzl\" \/>\n<meta property=\"og:availability\" content=\"instock\" \/>\n<meta property=\"product:availability\" content=\"instock\" \/>\n<meta property=\"product:condition\" content=\"new\" \/>\n<!-- \/ Yoast SEO plugin. -->","yoast_head_json":{"title":"Petzl Arial 9.5 corda arrampicata - Sestogrado","description":"Corda singola leggere da 9.5mm destinata ai climber esperti. Trattamento Duratec Dry. Petzl Arial 9.5 60m, Arial 9.5 70m, Arial 9.5 80m. La corda singola Petzl Arial\u00a09.5 \u00e8 destinata principalmente ai climber esperti. Trattamento idrofobo, la corda \u00e8 pi\u00f9 resistente all'acqua.","robots":{"index":"index","follow":"follow","max-snippet":"max-snippet:-1","max-image-preview":"max-image-preview:large","max-video-preview":"max-video-preview:-1"},"canonical":"https:\/\/www.sestogrado.it\/it\/prodotto\/petzl-arial-9-5-corda-arrampicata\/","og_locale":"it_IT","og_type":"article","og_title":"Petzl Arial 9.5 corda arrampicata - Sestogrado","og_description":"Corda singola leggere da 9.5mm destinata ai climber esperti. Trattamento Duratec Dry. Petzl Arial 9.5 60m, Arial 9.5 70m, Arial 9.5 80m. La corda singola Petzl Arial\u00a09.5 \u00e8 destinata principalmente ai climber esperti. Trattamento idrofobo, la corda \u00e8 pi\u00f9 resistente all'acqua.","og_url":"https:\/\/www.sestogrado.it\/it\/prodotto\/petzl-arial-9-5-corda-arrampicata\/","og_site_name":"Sestogrado","article_publisher":"https:\/\/www.facebook.com\/pages\/Sestogrado\/1542635979353017?ref=bookmarks","article_modified_time":"2026-04-27T12:34:55+00:00","og_image":[{"width":1200,"height":1200,"url":"https:\/\/www.sestogrado.it\/wp-content\/uploads\/2015\/03\/01-16.jpg","type":"image\/jpeg"}],"twitter_misc":{"Disponibilit\u00e0":"In stock"},"schema":{"@context":"https:\/\/schema.org","@graph":[{"@type":"WebPage","@id":"https:\/\/www.sestogrado.it\/it\/prodotto\/petzl-arial-9-5-corda-arrampicata\/","url":"https:\/\/www.sestogrado.it\/it\/prodotto\/petzl-arial-9-5-corda-arrampicata\/","name":"Petzl Arial 9.5 corda arrampicata - Sestogrado","isPartOf":{"@id":"https:\/\/www.sestogrado.it\/it\/#website"},"primaryImageOfPage":{"@id":"https:\/\/www.sestogrado.it\/it\/prodotto\/petzl-arial-9-5-corda-arrampicata\/#primaryimage"},"image":{"@id":"https:\/\/www.sestogrado.it\/prodotto\/petzl-arial-9-5-corda-arrampicata\/#primaryimage"},"thumbnailUrl":"https:\/\/www.sestogrado.it\/wp-content\/uploads\/2015\/03\/01-16.jpg","datePublished":"2015-03-10T09:08:57+00:00","dateModified":"2026-04-27T12:34:55+00:00","description":"Corda singola leggere da 9.5mm destinata ai climber esperti. Trattamento Duratec Dry. Petzl Arial 9.5 60m, Arial 9.5 70m, Arial 9.5 80m. La corda singola Petzl Arial\u00a09.5 \u00e8 destinata principalmente ai climber esperti. Trattamento idrofobo, la corda \u00e8 pi\u00f9 resistente all'acqua.","breadcrumb":{"@id":"https:\/\/www.sestogrado.it\/it\/prodotto\/petzl-arial-9-5-corda-arrampicata\/#breadcrumb"},"inLanguage":"it-IT","potentialAction":[{"@type":"ReadAction","target":[["https:\/\/www.sestogrado.it\/it\/prodotto\/petzl-arial-9-5-corda-arrampicata\/"]]}]},{"@type":"ImageObject","inLanguage":"it-IT","@id":"https:\/\/www.sestogrado.it\/it\/prodotto\/petzl-arial-9-5-corda-arrampicata\/#primaryimage","url":"https:\/\/www.sestogrado.it\/wp-content\/uploads\/2015\/03\/01-16.jpg","contentUrl":"https:\/\/www.sestogrado.it\/wp-content\/uploads\/2015\/03\/01-16.jpg","width":1200,"height":1200,"caption":"petzl arial blue"},{"@type":"BreadcrumbList","@id":"https:\/\/www.sestogrado.it\/it\/prodotto\/petzl-arial-9-5-corda-arrampicata\/#breadcrumb","itemListElement":[{"@type":"ListItem","position":1,"name":"Home","item":"https:\/\/www.sestogrado.it\/it\/"},{"@type":"ListItem","position":2,"name":"Shop","item":"https:\/\/www.sestogrado.it\/it\/shop\/"},{"@type":"ListItem","position":3,"name":"Petzl Arial 9.5 corda arrampicata"}]},{"@type":"WebSite","@id":"https:\/\/www.sestogrado.it\/it\/#website","url":"https:\/\/www.sestogrado.it\/it\/","name":"Sestogrado","description":"yes we climb","publisher":{"@id":"https:\/\/www.sestogrado.it\/it\/#organization"},"potentialAction":[{"@type":"SearchAction","target":{"@type":"EntryPoint","urlTemplate":"https:\/\/www.sestogrado.it\/it\/?s={search_term_string}"},"query-input":{"@type":"PropertyValueSpecification","valueRequired":true,"valueName":"search_term_string"}}],"inLanguage":"it-IT"},{"@type":"Organization","@id":"https:\/\/www.sestogrado.it\/it\/#organization","name":"Sestogrado","url":"https:\/\/www.sestogrado.it\/it\/","logo":{"@type":"ImageObject","inLanguage":"it-IT","@id":"https:\/\/www.sestogrado.it\/it\/#\/schema\/logo\/image\/","url":"https:\/\/www.sestogrado.it\/wp-content\/uploads\/2015\/03\/sestogrado-favicon.png","contentUrl":"https:\/\/www.sestogrado.it\/wp-content\/uploads\/2015\/03\/sestogrado-favicon.png","width":260,"height":260,"caption":"Sestogrado"},"image":{"@id":"https:\/\/www.sestogrado.it\/it\/#\/schema\/logo\/image\/"},"sameAs":["https:\/\/www.facebook.com\/pages\/Sestogrado\/1542635979353017?ref=bookmarks","https:\/\/www.youtube.com\/channel\/UC847kAfTkaJsWpc1jtQwr3Q"],"hasMerchantReturnPolicy":{"@type":"MerchantReturnPolicy","merchantReturnLink":"https:\/\/www.sestogrado.it\/it\/termini-e-condizioni\/"}}]},"product_brand":"Petzl","og_availability":"instock","product_availability":"instock","product_condition":"new"},"_links":{"self":[{"href":"https:\/\/www.sestogrado.it\/it\/wp-json\/wp\/v2\/product\/366","targetHints":{"allow":["GET"]}}],"collection":[{"href":"https:\/\/www.sestogrado.it\/it\/wp-json\/wp\/v2\/product"}],"about":[{"href":"https:\/\/www.sestogrado.it\/it\/wp-json\/wp\/v2\/types\/product"}],"replies":[{"embeddable":true,"href":"https:\/\/www.sestogrado.it\/it\/wp-json\/wp\/v2\/comments?post=366"}],"wp:featuredmedia":[{"embeddable":true,"href":"https:\/\/www.sestogrado.it\/it\/wp-json\/wp\/v2\/media\/55621"}],"wp:attachment":[{"href":"https:\/\/www.sestogrado.it\/it\/wp-json\/wp\/v2\/media?parent=366"}],"wp:term":[{"taxonomy":"product_brand","embeddable":true,"href":"https:\/\/www.sestogrado.it\/it\/wp-json\/wp\/v2\/product_brand?post=366"},{"taxonomy":"product_cat","embeddable":true,"href":"https:\/\/www.sestogrado.it\/it\/wp-json\/wp\/v2\/product_cat?post=366"},{"taxonomy":"product_tag","embeddable":true,"href":"https:\/\/www.sestogrado.it\/it\/wp-json\/wp\/v2\/product_tag?post=366"}],"curies":[{"name":"wp","href":"https:\/\/api.w.org\/{rel}","templated":true}]}}