{"id":36592,"date":"2020-07-14T08:38:08","date_gmt":"2020-07-14T06:38:08","guid":{"rendered":"https:\/\/www.sestogrado.it\/?post_type=product&#038;p=36592"},"modified":"2026-04-12T16:46:41","modified_gmt":"2026-04-12T14:46:41","slug":"grivel-trend-imbrago-arrampicata","status":"publish","type":"product","link":"https:\/\/www.sestogrado.it\/it\/prodotto\/grivel-trend-imbrago-arrampicata\/","title":{"rendered":"Grivel Trend imbrago arrampicata"},"content":{"rendered":"<p>Grivel Trend \u00e8 un imbrago sportivo con una fibbia ventrale e cosciali elasticizzati. La forma ergonomica di cintura e cosciali e l&#8217;imbottitura risvoltata assicurano comfort e vestibilit\u00e0 extra, per un peso complessivo ridotto.<\/p>\n<p>Un imbrago che sconvolge un po\u2019 la monotonia del mercato classico, un\u2019idea innovativa con un bel tocco di stile. Il Grivel Trend \u00e8 un imbrago leggero, pratico e veloce da mettere ed estremamente comodo. Quando sei appeso all&#8217;imbrago mentre vieni calato, quando sei appeso in sosta o a fare sicura i cosciali risultano particolarmente comodi. La fibbia \u00e8 di qualit\u00e0 ed \u00e8 facile da stringere ed allentare.<\/p>\n<ul>\n<li>Attivit\u00e0: arrampicata sportiva<\/li>\n<li>Certificazione: CE EN 12277<\/li>\n<li>Peso: 295 g<\/li>\n<\/ul>\n<p>&nbsp;<\/p>\n<p>&#8220;<em>La prima volta che ho visto il prototipo ho pensato \u201cOh mamma\u2026 Ma siete proprio sicuri?\u201d L\u2019effetto stupore e sorpresa che si voleva ottenere nel vedere uno stile del genere su un accessorio da arrampicata direi che \u00e8 stato azzeccato. \u00c8 uno stile fuori dall\u2019ordinario, mai presentato su un\u2019imbragatura, e come per tutte le cose nuove e stravaganti ci metti un momento ad adattarti al piacere della vista e ad immaginartelo in vita ma una volta fatta conoscenza e presa familiarit\u00e0 farai fatica a tornare ad uno stile semplice e monotono come quello degli imbraghi classici.<\/em>&#8221; Marcello Lombardi<\/p>\n<p><img decoding=\"async\" class=\"size-full wp-image-36593 img-fluid alignnone\" src=\"https:\/\/www.sestogrado.it\/wp-content\/uploads\/2020\/07\/lombardi.jpg\" alt=\"grivel trend\" width=\"900\" height=\"600\" srcset=\"https:\/\/www.sestogrado.it\/wp-content\/uploads\/2020\/07\/lombardi.jpg 900w, https:\/\/www.sestogrado.it\/wp-content\/uploads\/2020\/07\/lombardi-750x500.jpg 750w, https:\/\/www.sestogrado.it\/wp-content\/uploads\/2020\/07\/lombardi-300x200.jpg 300w, https:\/\/www.sestogrado.it\/wp-content\/uploads\/2020\/07\/lombardi-768x512.jpg 768w, https:\/\/www.sestogrado.it\/wp-content\/uploads\/2020\/07\/lombardi-635x423.jpg 635w, https:\/\/www.sestogrado.it\/wp-content\/uploads\/2020\/07\/lombardi-64x43.jpg 64w, https:\/\/www.sestogrado.it\/wp-content\/uploads\/2020\/07\/lombardi-120x80.jpg 120w\" sizes=\"(max-width: 900px) 100vw, 900px\" \/><\/p>\n<p><img decoding=\"async\" class=\"size-full wp-image-36594 img-fluid alignnone\" src=\"https:\/\/www.sestogrado.it\/wp-content\/uploads\/2020\/07\/trend_LNZ_4671_1800x1200.jpg\" alt=\"grivel trend\" width=\"900\" height=\"600\" srcset=\"https:\/\/www.sestogrado.it\/wp-content\/uploads\/2020\/07\/trend_LNZ_4671_1800x1200.jpg 900w, https:\/\/www.sestogrado.it\/wp-content\/uploads\/2020\/07\/trend_LNZ_4671_1800x1200-750x500.jpg 750w, https:\/\/www.sestogrado.it\/wp-content\/uploads\/2020\/07\/trend_LNZ_4671_1800x1200-300x200.jpg 300w, https:\/\/www.sestogrado.it\/wp-content\/uploads\/2020\/07\/trend_LNZ_4671_1800x1200-768x512.jpg 768w, https:\/\/www.sestogrado.it\/wp-content\/uploads\/2020\/07\/trend_LNZ_4671_1800x1200-635x423.jpg 635w, https:\/\/www.sestogrado.it\/wp-content\/uploads\/2020\/07\/trend_LNZ_4671_1800x1200-64x43.jpg 64w, https:\/\/www.sestogrado.it\/wp-content\/uploads\/2020\/07\/trend_LNZ_4671_1800x1200-120x80.jpg 120w\" sizes=\"(max-width: 900px) 100vw, 900px\" \/><\/p>\n<p>Nata nel 1818 a Courmayeur, la Grivel \u00e8 un\u2019azienda italiana che produce attrezzature ed equipaggiamenti per alpinismo, arrampicata ed outdoor esportando in 26 paesi.\u00a0\u00a0L\u2019azienda ha ottenuto la certificazione GS T\u00dcV dal 1992, ISO 9001 dal 1996, ISO 1400 dal 2004.\u00a0L\u2019obiettivo di\u00a0Grivel \u00e8 di facilitare la vita agli alpinisti e agli amanti della montagna\u00a0con prodotti tecnologicamente avanzati.<\/p>","protected":false},"excerpt":{"rendered":"<p>Grivel Trend \u00e8 un imbrago sportivo con una fibbia ventrale e cosciali elasticizzati. La forma ergonomica di cintura e cosciali [&hellip;]<\/p>\n","protected":false},"featured_media":36597,"comment_status":"open","ping_status":"closed","template":"","meta":{"_acf_changed":false},"product_brand":[126],"product_cat":[182],"product_tag":[],"class_list":{"0":"post-36592","1":"product","2":"type-product","3":"status-publish","4":"has-post-thumbnail","6":"product_brand-grivel","7":"product_cat-sportivi","9":"first","10":"instock","11":"sale","12":"taxable","13":"shipping-taxable","14":"purchasable","15":"product-type-variable"},"acf":[],"yoast_head":"<!-- This site is optimized with the Yoast SEO plugin v26.4 - https:\/\/yoast.com\/wordpress\/plugins\/seo\/ -->\n<title>Grivel Trend imbrago arrampicata - Sestogrado<\/title>\n<meta name=\"description\" content=\"Grivel Trend \u00e8 un imbrago sportivo con una fibbia ventrale e cosciali elasticizzati. La forma ergonomica di cintura e cosciali e l&#039;imbottitura risvoltata assicurano comfort e vestibilit\u00e0 extra, per un peso complessivo ridotto.Un imbrago che sconvolge un po\u2019 la monotonia del mercato classico, un\u2019idea innovativa con un bel tocco di stile. Il Grivel Trend \u00e8 un imbrago leggero, pratico e veloce da mettere ed estremamente comodo. Quando sei appeso all&#039;imbrago mentre vieni calato, quando sei appeso in sosta o a fare sicura i cosciali risultano particolarmente comodi. La fibbia \u00e8 di qualit\u00e0 ed \u00e8 facile da stringere ed allentare.\" \/>\n<meta name=\"robots\" content=\"index, follow, max-snippet:-1, max-image-preview:large, max-video-preview:-1\" \/>\n<link rel=\"canonical\" href=\"https:\/\/www.sestogrado.it\/it\/prodotto\/grivel-trend-imbrago-arrampicata\/\" \/>\n<meta property=\"og:locale\" content=\"it_IT\" \/>\n<meta property=\"og:type\" content=\"article\" \/>\n<meta property=\"og:title\" content=\"Grivel Trend imbrago arrampicata - Sestogrado\" \/>\n<meta property=\"og:description\" content=\"Grivel Trend \u00e8 un imbrago sportivo con una fibbia ventrale e cosciali elasticizzati. La forma ergonomica di cintura e cosciali e l&#039;imbottitura risvoltata assicurano comfort e vestibilit\u00e0 extra, per un peso complessivo ridotto.Un imbrago che sconvolge un po\u2019 la monotonia del mercato classico, un\u2019idea innovativa con un bel tocco di stile. Il Grivel Trend \u00e8 un imbrago leggero, pratico e veloce da mettere ed estremamente comodo. Quando sei appeso all&#039;imbrago mentre vieni calato, quando sei appeso in sosta o a fare sicura i cosciali risultano particolarmente comodi. La fibbia \u00e8 di qualit\u00e0 ed \u00e8 facile da stringere ed allentare.\" \/>\n<meta property=\"og:url\" content=\"https:\/\/www.sestogrado.it\/it\/prodotto\/grivel-trend-imbrago-arrampicata\/\" \/>\n<meta property=\"og:site_name\" content=\"Sestogrado\" \/>\n<meta property=\"article:publisher\" content=\"https:\/\/www.facebook.com\/pages\/Sestogrado\/1542635979353017?ref=bookmarks\" \/>\n<meta property=\"article:modified_time\" content=\"2026-04-12T14:46:41+00:00\" \/>\n<meta property=\"og:image\" content=\"https:\/\/www.sestogrado.it\/wp-content\/uploads\/2020\/07\/01-3.jpg\" \/>\n\t<meta property=\"og:image:width\" content=\"1000\" \/>\n\t<meta property=\"og:image:height\" content=\"1000\" \/>\n\t<meta property=\"og:image:type\" content=\"image\/jpeg\" \/>\n<meta name=\"twitter:label1\" content=\"Disponibilit\u00e0\" \/>\n\t<meta name=\"twitter:data1\" content=\"In stock\" \/>\n<script type=\"application\/ld+json\" class=\"yoast-schema-graph\">{\"@context\":\"https:\/\/schema.org\",\"@graph\":[{\"@type\":\"WebPage\",\"@id\":\"https:\/\/www.sestogrado.it\/it\/prodotto\/grivel-trend-imbrago-arrampicata\/\",\"url\":\"https:\/\/www.sestogrado.it\/it\/prodotto\/grivel-trend-imbrago-arrampicata\/\",\"name\":\"Grivel Trend imbrago arrampicata - Sestogrado\",\"isPartOf\":{\"@id\":\"https:\/\/www.sestogrado.it\/it\/#website\"},\"primaryImageOfPage\":{\"@id\":\"https:\/\/www.sestogrado.it\/it\/prodotto\/grivel-trend-imbrago-arrampicata\/#primaryimage\"},\"image\":{\"@id\":\"https:\/\/www.sestogrado.it\/prodotto\/grivel-trend-imbrago-arrampicata\/#primaryimage\"},\"thumbnailUrl\":\"https:\/\/www.sestogrado.it\/wp-content\/uploads\/2020\/07\/01-3.jpg\",\"datePublished\":\"2020-07-14T06:38:08+00:00\",\"dateModified\":\"2026-04-12T14:46:41+00:00\",\"description\":\"Grivel Trend \u00e8 un imbrago sportivo con una fibbia ventrale e cosciali elasticizzati. La forma ergonomica di cintura e cosciali e l'imbottitura risvoltata assicurano comfort e vestibilit\u00e0 extra, per un peso complessivo ridotto.Un imbrago che sconvolge un po\u2019 la monotonia del mercato classico, un\u2019idea innovativa con un bel tocco di stile. Il Grivel Trend \u00e8 un imbrago leggero, pratico e veloce da mettere ed estremamente comodo. Quando sei appeso all'imbrago mentre vieni calato, quando sei appeso in sosta o a fare sicura i cosciali risultano particolarmente comodi. La fibbia \u00e8 di qualit\u00e0 ed \u00e8 facile da stringere ed allentare.\",\"breadcrumb\":{\"@id\":\"https:\/\/www.sestogrado.it\/it\/prodotto\/grivel-trend-imbrago-arrampicata\/#breadcrumb\"},\"inLanguage\":\"it-IT\",\"potentialAction\":[{\"@type\":\"ReadAction\",\"target\":[[\"https:\/\/www.sestogrado.it\/it\/prodotto\/grivel-trend-imbrago-arrampicata\/\"]]}]},{\"@type\":\"ImageObject\",\"inLanguage\":\"it-IT\",\"@id\":\"https:\/\/www.sestogrado.it\/it\/prodotto\/grivel-trend-imbrago-arrampicata\/#primaryimage\",\"url\":\"https:\/\/www.sestogrado.it\/wp-content\/uploads\/2020\/07\/01-3.jpg\",\"contentUrl\":\"https:\/\/www.sestogrado.it\/wp-content\/uploads\/2020\/07\/01-3.jpg\",\"width\":1000,\"height\":1000,\"caption\":\"grivel trend black\"},{\"@type\":\"BreadcrumbList\",\"@id\":\"https:\/\/www.sestogrado.it\/it\/prodotto\/grivel-trend-imbrago-arrampicata\/#breadcrumb\",\"itemListElement\":[{\"@type\":\"ListItem\",\"position\":1,\"name\":\"Home\",\"item\":\"https:\/\/www.sestogrado.it\/it\/\"},{\"@type\":\"ListItem\",\"position\":2,\"name\":\"Shop\",\"item\":\"https:\/\/www.sestogrado.it\/it\/shop\/\"},{\"@type\":\"ListItem\",\"position\":3,\"name\":\"Grivel Trend imbrago arrampicata\"}]},{\"@type\":\"WebSite\",\"@id\":\"https:\/\/www.sestogrado.it\/it\/#website\",\"url\":\"https:\/\/www.sestogrado.it\/it\/\",\"name\":\"Sestogrado\",\"description\":\"yes we climb\",\"publisher\":{\"@id\":\"https:\/\/www.sestogrado.it\/it\/#organization\"},\"potentialAction\":[{\"@type\":\"SearchAction\",\"target\":{\"@type\":\"EntryPoint\",\"urlTemplate\":\"https:\/\/www.sestogrado.it\/it\/?s={search_term_string}\"},\"query-input\":{\"@type\":\"PropertyValueSpecification\",\"valueRequired\":true,\"valueName\":\"search_term_string\"}}],\"inLanguage\":\"it-IT\"},{\"@type\":\"Organization\",\"@id\":\"https:\/\/www.sestogrado.it\/it\/#organization\",\"name\":\"Sestogrado\",\"url\":\"https:\/\/www.sestogrado.it\/it\/\",\"logo\":{\"@type\":\"ImageObject\",\"inLanguage\":\"it-IT\",\"@id\":\"https:\/\/www.sestogrado.it\/it\/#\/schema\/logo\/image\/\",\"url\":\"https:\/\/www.sestogrado.it\/wp-content\/uploads\/2015\/03\/sestogrado-favicon.png\",\"contentUrl\":\"https:\/\/www.sestogrado.it\/wp-content\/uploads\/2015\/03\/sestogrado-favicon.png\",\"width\":260,\"height\":260,\"caption\":\"Sestogrado\"},\"image\":{\"@id\":\"https:\/\/www.sestogrado.it\/it\/#\/schema\/logo\/image\/\"},\"sameAs\":[\"https:\/\/www.facebook.com\/pages\/Sestogrado\/1542635979353017?ref=bookmarks\",\"https:\/\/www.youtube.com\/channel\/UC847kAfTkaJsWpc1jtQwr3Q\"],\"hasMerchantReturnPolicy\":{\"@type\":\"MerchantReturnPolicy\",\"merchantReturnLink\":\"https:\/\/www.sestogrado.it\/it\/termini-e-condizioni\/\"}}]}<\/script>\n<meta property=\"product:brand\" content=\"Grivel\" \/>\n<meta property=\"og:availability\" content=\"instock\" \/>\n<meta property=\"product:availability\" content=\"instock\" \/>\n<meta property=\"product:condition\" content=\"new\" \/>\n<!-- \/ Yoast SEO plugin. -->","yoast_head_json":{"title":"Grivel Trend imbrago arrampicata - Sestogrado","description":"Grivel Trend \u00e8 un imbrago sportivo con una fibbia ventrale e cosciali elasticizzati. La forma ergonomica di cintura e cosciali e l'imbottitura risvoltata assicurano comfort e vestibilit\u00e0 extra, per un peso complessivo ridotto.Un imbrago che sconvolge un po\u2019 la monotonia del mercato classico, un\u2019idea innovativa con un bel tocco di stile. Il Grivel Trend \u00e8 un imbrago leggero, pratico e veloce da mettere ed estremamente comodo. Quando sei appeso all'imbrago mentre vieni calato, quando sei appeso in sosta o a fare sicura i cosciali risultano particolarmente comodi. La fibbia \u00e8 di qualit\u00e0 ed \u00e8 facile da stringere ed allentare.","robots":{"index":"index","follow":"follow","max-snippet":"max-snippet:-1","max-image-preview":"max-image-preview:large","max-video-preview":"max-video-preview:-1"},"canonical":"https:\/\/www.sestogrado.it\/it\/prodotto\/grivel-trend-imbrago-arrampicata\/","og_locale":"it_IT","og_type":"article","og_title":"Grivel Trend imbrago arrampicata - Sestogrado","og_description":"Grivel Trend \u00e8 un imbrago sportivo con una fibbia ventrale e cosciali elasticizzati. La forma ergonomica di cintura e cosciali e l'imbottitura risvoltata assicurano comfort e vestibilit\u00e0 extra, per un peso complessivo ridotto.Un imbrago che sconvolge un po\u2019 la monotonia del mercato classico, un\u2019idea innovativa con un bel tocco di stile. Il Grivel Trend \u00e8 un imbrago leggero, pratico e veloce da mettere ed estremamente comodo. Quando sei appeso all'imbrago mentre vieni calato, quando sei appeso in sosta o a fare sicura i cosciali risultano particolarmente comodi. La fibbia \u00e8 di qualit\u00e0 ed \u00e8 facile da stringere ed allentare.","og_url":"https:\/\/www.sestogrado.it\/it\/prodotto\/grivel-trend-imbrago-arrampicata\/","og_site_name":"Sestogrado","article_publisher":"https:\/\/www.facebook.com\/pages\/Sestogrado\/1542635979353017?ref=bookmarks","article_modified_time":"2026-04-12T14:46:41+00:00","og_image":[{"width":1000,"height":1000,"url":"https:\/\/www.sestogrado.it\/wp-content\/uploads\/2020\/07\/01-3.jpg","type":"image\/jpeg"}],"twitter_misc":{"Disponibilit\u00e0":"In stock"},"schema":{"@context":"https:\/\/schema.org","@graph":[{"@type":"WebPage","@id":"https:\/\/www.sestogrado.it\/it\/prodotto\/grivel-trend-imbrago-arrampicata\/","url":"https:\/\/www.sestogrado.it\/it\/prodotto\/grivel-trend-imbrago-arrampicata\/","name":"Grivel Trend imbrago arrampicata - Sestogrado","isPartOf":{"@id":"https:\/\/www.sestogrado.it\/it\/#website"},"primaryImageOfPage":{"@id":"https:\/\/www.sestogrado.it\/it\/prodotto\/grivel-trend-imbrago-arrampicata\/#primaryimage"},"image":{"@id":"https:\/\/www.sestogrado.it\/prodotto\/grivel-trend-imbrago-arrampicata\/#primaryimage"},"thumbnailUrl":"https:\/\/www.sestogrado.it\/wp-content\/uploads\/2020\/07\/01-3.jpg","datePublished":"2020-07-14T06:38:08+00:00","dateModified":"2026-04-12T14:46:41+00:00","description":"Grivel Trend \u00e8 un imbrago sportivo con una fibbia ventrale e cosciali elasticizzati. La forma ergonomica di cintura e cosciali e l'imbottitura risvoltata assicurano comfort e vestibilit\u00e0 extra, per un peso complessivo ridotto.Un imbrago che sconvolge un po\u2019 la monotonia del mercato classico, un\u2019idea innovativa con un bel tocco di stile. Il Grivel Trend \u00e8 un imbrago leggero, pratico e veloce da mettere ed estremamente comodo. Quando sei appeso all'imbrago mentre vieni calato, quando sei appeso in sosta o a fare sicura i cosciali risultano particolarmente comodi. La fibbia \u00e8 di qualit\u00e0 ed \u00e8 facile da stringere ed allentare.","breadcrumb":{"@id":"https:\/\/www.sestogrado.it\/it\/prodotto\/grivel-trend-imbrago-arrampicata\/#breadcrumb"},"inLanguage":"it-IT","potentialAction":[{"@type":"ReadAction","target":[["https:\/\/www.sestogrado.it\/it\/prodotto\/grivel-trend-imbrago-arrampicata\/"]]}]},{"@type":"ImageObject","inLanguage":"it-IT","@id":"https:\/\/www.sestogrado.it\/it\/prodotto\/grivel-trend-imbrago-arrampicata\/#primaryimage","url":"https:\/\/www.sestogrado.it\/wp-content\/uploads\/2020\/07\/01-3.jpg","contentUrl":"https:\/\/www.sestogrado.it\/wp-content\/uploads\/2020\/07\/01-3.jpg","width":1000,"height":1000,"caption":"grivel trend black"},{"@type":"BreadcrumbList","@id":"https:\/\/www.sestogrado.it\/it\/prodotto\/grivel-trend-imbrago-arrampicata\/#breadcrumb","itemListElement":[{"@type":"ListItem","position":1,"name":"Home","item":"https:\/\/www.sestogrado.it\/it\/"},{"@type":"ListItem","position":2,"name":"Shop","item":"https:\/\/www.sestogrado.it\/it\/shop\/"},{"@type":"ListItem","position":3,"name":"Grivel Trend imbrago arrampicata"}]},{"@type":"WebSite","@id":"https:\/\/www.sestogrado.it\/it\/#website","url":"https:\/\/www.sestogrado.it\/it\/","name":"Sestogrado","description":"yes we climb","publisher":{"@id":"https:\/\/www.sestogrado.it\/it\/#organization"},"potentialAction":[{"@type":"SearchAction","target":{"@type":"EntryPoint","urlTemplate":"https:\/\/www.sestogrado.it\/it\/?s={search_term_string}"},"query-input":{"@type":"PropertyValueSpecification","valueRequired":true,"valueName":"search_term_string"}}],"inLanguage":"it-IT"},{"@type":"Organization","@id":"https:\/\/www.sestogrado.it\/it\/#organization","name":"Sestogrado","url":"https:\/\/www.sestogrado.it\/it\/","logo":{"@type":"ImageObject","inLanguage":"it-IT","@id":"https:\/\/www.sestogrado.it\/it\/#\/schema\/logo\/image\/","url":"https:\/\/www.sestogrado.it\/wp-content\/uploads\/2015\/03\/sestogrado-favicon.png","contentUrl":"https:\/\/www.sestogrado.it\/wp-content\/uploads\/2015\/03\/sestogrado-favicon.png","width":260,"height":260,"caption":"Sestogrado"},"image":{"@id":"https:\/\/www.sestogrado.it\/it\/#\/schema\/logo\/image\/"},"sameAs":["https:\/\/www.facebook.com\/pages\/Sestogrado\/1542635979353017?ref=bookmarks","https:\/\/www.youtube.com\/channel\/UC847kAfTkaJsWpc1jtQwr3Q"],"hasMerchantReturnPolicy":{"@type":"MerchantReturnPolicy","merchantReturnLink":"https:\/\/www.sestogrado.it\/it\/termini-e-condizioni\/"}}]},"product_brand":"Grivel","og_availability":"instock","product_availability":"instock","product_condition":"new"},"_links":{"self":[{"href":"https:\/\/www.sestogrado.it\/it\/wp-json\/wp\/v2\/product\/36592","targetHints":{"allow":["GET"]}}],"collection":[{"href":"https:\/\/www.sestogrado.it\/it\/wp-json\/wp\/v2\/product"}],"about":[{"href":"https:\/\/www.sestogrado.it\/it\/wp-json\/wp\/v2\/types\/product"}],"replies":[{"embeddable":true,"href":"https:\/\/www.sestogrado.it\/it\/wp-json\/wp\/v2\/comments?post=36592"}],"wp:featuredmedia":[{"embeddable":true,"href":"https:\/\/www.sestogrado.it\/it\/wp-json\/wp\/v2\/media\/36597"}],"wp:attachment":[{"href":"https:\/\/www.sestogrado.it\/it\/wp-json\/wp\/v2\/media?parent=36592"}],"wp:term":[{"taxonomy":"product_brand","embeddable":true,"href":"https:\/\/www.sestogrado.it\/it\/wp-json\/wp\/v2\/product_brand?post=36592"},{"taxonomy":"product_cat","embeddable":true,"href":"https:\/\/www.sestogrado.it\/it\/wp-json\/wp\/v2\/product_cat?post=36592"},{"taxonomy":"product_tag","embeddable":true,"href":"https:\/\/www.sestogrado.it\/it\/wp-json\/wp\/v2\/product_tag?post=36592"}],"curies":[{"name":"wp","href":"https:\/\/api.w.org\/{rel}","templated":true}]}}