{"id":36198,"date":"2020-07-08T15:13:57","date_gmt":"2020-07-08T13:13:57","guid":{"rendered":"https:\/\/www.sestogrado.it\/?post_type=product&#038;p=36198"},"modified":"2026-04-28T09:18:42","modified_gmt":"2026-04-28T07:18:42","slug":"blue-ice-helmet-holder-porta-casco","status":"publish","type":"product","link":"https:\/\/www.sestogrado.it\/it\/prodotto\/blue-ice-helmet-holder-porta-casco\/","title":{"rendered":"Blue Ice Helmet Holder porta casco"},"content":{"rendered":"<p>Il Blue Ice Helmet Holder \u00e8 l&#8217;accessorio ideale per fissare il casco allo zaino. A volte non \u00e8 possibile mettere il casco nello zaino, succede. Il porta casco \u00e8 l\u00ec per questo. Realizzato in resistente rete elastica, ti consente di appendere il tuo casco da arrampicata su qualsiasi zaino, grazie ai suoi quattro punti di attacco regolabili, evitando\u00a0sballottamenti del casco e perdita di equilibrio.<\/p>\n<ul>\n<li>Si collega a qualsiasi zaino grazie ai suoi quattro punti di attacco<\/li>\n<li>Due ganci regolabili<\/li>\n<li>Rete elastica resistente all&#8217;abrasione<\/li>\n<li>Progettato a Chamonix-Mont-Blanc<\/li>\n<\/ul>\n<p>&nbsp;<\/p>\n<p>Il Blue Ice Helmet Holder ha un ingombro minimo quando non utilizzato e pu\u00f2 essere riposto in qualsiasi tasca.<\/p>\n<p>&nbsp;<\/p>\n<p>Blue Ice \u00e8 un\u2019azienda con sede a Chamonix che produce solo articoli da alpinismo di alta qualit\u00e0. Gli zaini Blue Ice sono dedicati ad un alpinismo tecnico e di alto livello. Inizialmente era semplicemente una questione di vivere la nostra passione al massimo: arrampicare, sciare, esplorare o semplicemente entrare in contatto con noi stessi e le montagne \u2026 prima di estendere questo progetto a tutti gli amanti delle vette l\u00e0 fuori.<\/p>","protected":false},"excerpt":{"rendered":"<p>Il Blue Ice Helmet Holder \u00e8 l&#8217;accessorio ideale per fissare il casco allo zaino. A volte non \u00e8 possibile mettere [&hellip;]<\/p>\n","protected":false},"featured_media":36199,"comment_status":"open","ping_status":"closed","template":"","meta":{"_acf_changed":false},"product_brand":[641],"product_cat":[391,141],"product_tag":[],"class_list":{"0":"post-36198","1":"product","2":"type-product","3":"status-publish","4":"has-post-thumbnail","6":"product_brand-blue-ice","7":"product_cat-accessori-zaini","8":"product_cat-accessori-accessori","10":"first","11":"instock","12":"sale","13":"taxable","14":"shipping-taxable","15":"purchasable","16":"product-type-simple"},"acf":[],"yoast_head":"<!-- This site is optimized with the Yoast SEO plugin v26.4 - https:\/\/yoast.com\/wordpress\/plugins\/seo\/ -->\n<title>Blue Ice Helmet Holder porta casco - Sestogrado<\/title>\n<meta name=\"description\" content=\"Il Blue Ice Helmet Holder \u00e8 l&#039;accessorio ideale per fissare il casco allo zaino. A volte non \u00e8 possibile mettere il casco nello zaino, succede. Il porta casco \u00e8 l\u00ec per questo. Realizzato in resistente rete elastica, ti consente di appendere il tuo casco da arrampicata su qualsiasi zaino, grazie ai suoi quattro punti di attacco regolabili, evitando\u00a0sballottamenti del casco e perdita di equilibrio.\" \/>\n<meta name=\"robots\" content=\"index, follow, max-snippet:-1, max-image-preview:large, max-video-preview:-1\" \/>\n<link rel=\"canonical\" href=\"https:\/\/www.sestogrado.it\/it\/prodotto\/blue-ice-helmet-holder-porta-casco\/\" \/>\n<meta property=\"og:locale\" content=\"it_IT\" \/>\n<meta property=\"og:type\" content=\"article\" \/>\n<meta property=\"og:title\" content=\"Blue Ice Helmet Holder porta casco - Sestogrado\" \/>\n<meta property=\"og:description\" content=\"Il Blue Ice Helmet Holder \u00e8 l&#039;accessorio ideale per fissare il casco allo zaino. A volte non \u00e8 possibile mettere il casco nello zaino, succede. Il porta casco \u00e8 l\u00ec per questo. Realizzato in resistente rete elastica, ti consente di appendere il tuo casco da arrampicata su qualsiasi zaino, grazie ai suoi quattro punti di attacco regolabili, evitando\u00a0sballottamenti del casco e perdita di equilibrio.\" \/>\n<meta property=\"og:url\" content=\"https:\/\/www.sestogrado.it\/it\/prodotto\/blue-ice-helmet-holder-porta-casco\/\" \/>\n<meta property=\"og:site_name\" content=\"Sestogrado\" \/>\n<meta property=\"article:publisher\" content=\"https:\/\/www.facebook.com\/pages\/Sestogrado\/1542635979353017?ref=bookmarks\" \/>\n<meta property=\"article:modified_time\" content=\"2026-04-28T07:18:42+00:00\" \/>\n<meta property=\"og:image\" content=\"https:\/\/www.sestogrado.it\/wp-content\/uploads\/2020\/07\/01-2.jpg\" \/>\n\t<meta property=\"og:image:width\" content=\"1000\" \/>\n\t<meta property=\"og:image:height\" content=\"1000\" \/>\n\t<meta property=\"og:image:type\" content=\"image\/jpeg\" \/>\n<meta name=\"twitter:label1\" content=\"Prezzo\" \/>\n\t<meta name=\"twitter:data1\" content=\"&euro;&nbsp;12,90\" \/>\n\t<meta name=\"twitter:label2\" content=\"Disponibilit\u00e0\" \/>\n\t<meta name=\"twitter:data2\" content=\"In stock\" \/>\n<script type=\"application\/ld+json\" class=\"yoast-schema-graph\">{\"@context\":\"https:\/\/schema.org\",\"@graph\":[{\"@type\":\"WebPage\",\"@id\":\"https:\/\/www.sestogrado.it\/it\/prodotto\/blue-ice-helmet-holder-porta-casco\/\",\"url\":\"https:\/\/www.sestogrado.it\/it\/prodotto\/blue-ice-helmet-holder-porta-casco\/\",\"name\":\"Blue Ice Helmet Holder porta casco - Sestogrado\",\"isPartOf\":{\"@id\":\"https:\/\/www.sestogrado.it\/it\/#website\"},\"primaryImageOfPage\":{\"@id\":\"https:\/\/www.sestogrado.it\/it\/prodotto\/blue-ice-helmet-holder-porta-casco\/#primaryimage\"},\"image\":{\"@id\":\"https:\/\/www.sestogrado.it\/prodotto\/blue-ice-helmet-holder-porta-casco\/#primaryimage\"},\"thumbnailUrl\":\"https:\/\/www.sestogrado.it\/wp-content\/uploads\/2020\/07\/01-2.jpg\",\"datePublished\":\"2020-07-08T13:13:57+00:00\",\"dateModified\":\"2026-04-28T07:18:42+00:00\",\"description\":\"Il Blue Ice Helmet Holder \u00e8 l'accessorio ideale per fissare il casco allo zaino. A volte non \u00e8 possibile mettere il casco nello zaino, succede. Il porta casco \u00e8 l\u00ec per questo. Realizzato in resistente rete elastica, ti consente di appendere il tuo casco da arrampicata su qualsiasi zaino, grazie ai suoi quattro punti di attacco regolabili, evitando\u00a0sballottamenti del casco e perdita di equilibrio.\",\"breadcrumb\":{\"@id\":\"https:\/\/www.sestogrado.it\/it\/prodotto\/blue-ice-helmet-holder-porta-casco\/#breadcrumb\"},\"inLanguage\":\"it-IT\",\"potentialAction\":[{\"@type\":\"ReadAction\",\"target\":[[\"https:\/\/www.sestogrado.it\/it\/prodotto\/blue-ice-helmet-holder-porta-casco\/\"]]}]},{\"@type\":\"ImageObject\",\"inLanguage\":\"it-IT\",\"@id\":\"https:\/\/www.sestogrado.it\/it\/prodotto\/blue-ice-helmet-holder-porta-casco\/#primaryimage\",\"url\":\"https:\/\/www.sestogrado.it\/wp-content\/uploads\/2020\/07\/01-2.jpg\",\"contentUrl\":\"https:\/\/www.sestogrado.it\/wp-content\/uploads\/2020\/07\/01-2.jpg\",\"width\":1000,\"height\":1000,\"caption\":\"blue ice helmet holder\"},{\"@type\":\"BreadcrumbList\",\"@id\":\"https:\/\/www.sestogrado.it\/it\/prodotto\/blue-ice-helmet-holder-porta-casco\/#breadcrumb\",\"itemListElement\":[{\"@type\":\"ListItem\",\"position\":1,\"name\":\"Home\",\"item\":\"https:\/\/www.sestogrado.it\/it\/\"},{\"@type\":\"ListItem\",\"position\":2,\"name\":\"Shop\",\"item\":\"https:\/\/www.sestogrado.it\/it\/shop\/\"},{\"@type\":\"ListItem\",\"position\":3,\"name\":\"Blue Ice Helmet Holder porta casco\"}]},{\"@type\":\"WebSite\",\"@id\":\"https:\/\/www.sestogrado.it\/it\/#website\",\"url\":\"https:\/\/www.sestogrado.it\/it\/\",\"name\":\"Sestogrado\",\"description\":\"yes we climb\",\"publisher\":{\"@id\":\"https:\/\/www.sestogrado.it\/it\/#organization\"},\"potentialAction\":[{\"@type\":\"SearchAction\",\"target\":{\"@type\":\"EntryPoint\",\"urlTemplate\":\"https:\/\/www.sestogrado.it\/it\/?s={search_term_string}\"},\"query-input\":{\"@type\":\"PropertyValueSpecification\",\"valueRequired\":true,\"valueName\":\"search_term_string\"}}],\"inLanguage\":\"it-IT\"},{\"@type\":\"Organization\",\"@id\":\"https:\/\/www.sestogrado.it\/it\/#organization\",\"name\":\"Sestogrado\",\"url\":\"https:\/\/www.sestogrado.it\/it\/\",\"logo\":{\"@type\":\"ImageObject\",\"inLanguage\":\"it-IT\",\"@id\":\"https:\/\/www.sestogrado.it\/it\/#\/schema\/logo\/image\/\",\"url\":\"https:\/\/www.sestogrado.it\/wp-content\/uploads\/2015\/03\/sestogrado-favicon.png\",\"contentUrl\":\"https:\/\/www.sestogrado.it\/wp-content\/uploads\/2015\/03\/sestogrado-favicon.png\",\"width\":260,\"height\":260,\"caption\":\"Sestogrado\"},\"image\":{\"@id\":\"https:\/\/www.sestogrado.it\/it\/#\/schema\/logo\/image\/\"},\"sameAs\":[\"https:\/\/www.facebook.com\/pages\/Sestogrado\/1542635979353017?ref=bookmarks\",\"https:\/\/www.youtube.com\/channel\/UC847kAfTkaJsWpc1jtQwr3Q\"],\"hasMerchantReturnPolicy\":{\"@type\":\"MerchantReturnPolicy\",\"merchantReturnLink\":\"https:\/\/www.sestogrado.it\/it\/termini-e-condizioni\/\"}}]}<\/script>\n<meta property=\"product:brand\" content=\"Blue Ice\" \/>\n<meta property=\"product:price:amount\" content=\"12.90\" \/>\n<meta property=\"product:price:currency\" content=\"EUR\" \/>\n<meta property=\"og:availability\" content=\"instock\" \/>\n<meta property=\"product:availability\" content=\"instock\" \/>\n<meta property=\"product:condition\" content=\"new\" \/>\n<!-- \/ Yoast SEO plugin. -->","yoast_head_json":{"title":"Blue Ice Helmet Holder porta casco - Sestogrado","description":"Il Blue Ice Helmet Holder \u00e8 l'accessorio ideale per fissare il casco allo zaino. A volte non \u00e8 possibile mettere il casco nello zaino, succede. Il porta casco \u00e8 l\u00ec per questo. Realizzato in resistente rete elastica, ti consente di appendere il tuo casco da arrampicata su qualsiasi zaino, grazie ai suoi quattro punti di attacco regolabili, evitando\u00a0sballottamenti del casco e perdita di equilibrio.","robots":{"index":"index","follow":"follow","max-snippet":"max-snippet:-1","max-image-preview":"max-image-preview:large","max-video-preview":"max-video-preview:-1"},"canonical":"https:\/\/www.sestogrado.it\/it\/prodotto\/blue-ice-helmet-holder-porta-casco\/","og_locale":"it_IT","og_type":"article","og_title":"Blue Ice Helmet Holder porta casco - Sestogrado","og_description":"Il Blue Ice Helmet Holder \u00e8 l'accessorio ideale per fissare il casco allo zaino. A volte non \u00e8 possibile mettere il casco nello zaino, succede. Il porta casco \u00e8 l\u00ec per questo. Realizzato in resistente rete elastica, ti consente di appendere il tuo casco da arrampicata su qualsiasi zaino, grazie ai suoi quattro punti di attacco regolabili, evitando\u00a0sballottamenti del casco e perdita di equilibrio.","og_url":"https:\/\/www.sestogrado.it\/it\/prodotto\/blue-ice-helmet-holder-porta-casco\/","og_site_name":"Sestogrado","article_publisher":"https:\/\/www.facebook.com\/pages\/Sestogrado\/1542635979353017?ref=bookmarks","article_modified_time":"2026-04-28T07:18:42+00:00","og_image":[{"width":1000,"height":1000,"url":"https:\/\/www.sestogrado.it\/wp-content\/uploads\/2020\/07\/01-2.jpg","type":"image\/jpeg"}],"twitter_misc":{"Prezzo":"&euro;&nbsp;12,90","Disponibilit\u00e0":"In stock"},"schema":{"@context":"https:\/\/schema.org","@graph":[{"@type":"WebPage","@id":"https:\/\/www.sestogrado.it\/it\/prodotto\/blue-ice-helmet-holder-porta-casco\/","url":"https:\/\/www.sestogrado.it\/it\/prodotto\/blue-ice-helmet-holder-porta-casco\/","name":"Blue Ice Helmet Holder porta casco - Sestogrado","isPartOf":{"@id":"https:\/\/www.sestogrado.it\/it\/#website"},"primaryImageOfPage":{"@id":"https:\/\/www.sestogrado.it\/it\/prodotto\/blue-ice-helmet-holder-porta-casco\/#primaryimage"},"image":{"@id":"https:\/\/www.sestogrado.it\/prodotto\/blue-ice-helmet-holder-porta-casco\/#primaryimage"},"thumbnailUrl":"https:\/\/www.sestogrado.it\/wp-content\/uploads\/2020\/07\/01-2.jpg","datePublished":"2020-07-08T13:13:57+00:00","dateModified":"2026-04-28T07:18:42+00:00","description":"Il Blue Ice Helmet Holder \u00e8 l'accessorio ideale per fissare il casco allo zaino. A volte non \u00e8 possibile mettere il casco nello zaino, succede. Il porta casco \u00e8 l\u00ec per questo. Realizzato in resistente rete elastica, ti consente di appendere il tuo casco da arrampicata su qualsiasi zaino, grazie ai suoi quattro punti di attacco regolabili, evitando\u00a0sballottamenti del casco e perdita di equilibrio.","breadcrumb":{"@id":"https:\/\/www.sestogrado.it\/it\/prodotto\/blue-ice-helmet-holder-porta-casco\/#breadcrumb"},"inLanguage":"it-IT","potentialAction":[{"@type":"ReadAction","target":[["https:\/\/www.sestogrado.it\/it\/prodotto\/blue-ice-helmet-holder-porta-casco\/"]]}]},{"@type":"ImageObject","inLanguage":"it-IT","@id":"https:\/\/www.sestogrado.it\/it\/prodotto\/blue-ice-helmet-holder-porta-casco\/#primaryimage","url":"https:\/\/www.sestogrado.it\/wp-content\/uploads\/2020\/07\/01-2.jpg","contentUrl":"https:\/\/www.sestogrado.it\/wp-content\/uploads\/2020\/07\/01-2.jpg","width":1000,"height":1000,"caption":"blue ice helmet holder"},{"@type":"BreadcrumbList","@id":"https:\/\/www.sestogrado.it\/it\/prodotto\/blue-ice-helmet-holder-porta-casco\/#breadcrumb","itemListElement":[{"@type":"ListItem","position":1,"name":"Home","item":"https:\/\/www.sestogrado.it\/it\/"},{"@type":"ListItem","position":2,"name":"Shop","item":"https:\/\/www.sestogrado.it\/it\/shop\/"},{"@type":"ListItem","position":3,"name":"Blue Ice Helmet Holder porta casco"}]},{"@type":"WebSite","@id":"https:\/\/www.sestogrado.it\/it\/#website","url":"https:\/\/www.sestogrado.it\/it\/","name":"Sestogrado","description":"yes we climb","publisher":{"@id":"https:\/\/www.sestogrado.it\/it\/#organization"},"potentialAction":[{"@type":"SearchAction","target":{"@type":"EntryPoint","urlTemplate":"https:\/\/www.sestogrado.it\/it\/?s={search_term_string}"},"query-input":{"@type":"PropertyValueSpecification","valueRequired":true,"valueName":"search_term_string"}}],"inLanguage":"it-IT"},{"@type":"Organization","@id":"https:\/\/www.sestogrado.it\/it\/#organization","name":"Sestogrado","url":"https:\/\/www.sestogrado.it\/it\/","logo":{"@type":"ImageObject","inLanguage":"it-IT","@id":"https:\/\/www.sestogrado.it\/it\/#\/schema\/logo\/image\/","url":"https:\/\/www.sestogrado.it\/wp-content\/uploads\/2015\/03\/sestogrado-favicon.png","contentUrl":"https:\/\/www.sestogrado.it\/wp-content\/uploads\/2015\/03\/sestogrado-favicon.png","width":260,"height":260,"caption":"Sestogrado"},"image":{"@id":"https:\/\/www.sestogrado.it\/it\/#\/schema\/logo\/image\/"},"sameAs":["https:\/\/www.facebook.com\/pages\/Sestogrado\/1542635979353017?ref=bookmarks","https:\/\/www.youtube.com\/channel\/UC847kAfTkaJsWpc1jtQwr3Q"],"hasMerchantReturnPolicy":{"@type":"MerchantReturnPolicy","merchantReturnLink":"https:\/\/www.sestogrado.it\/it\/termini-e-condizioni\/"}}]},"product_brand":"Blue Ice","product_price_amount":"12.90","product_price_currency":"EUR","og_availability":"instock","product_availability":"instock","product_condition":"new"},"_links":{"self":[{"href":"https:\/\/www.sestogrado.it\/it\/wp-json\/wp\/v2\/product\/36198","targetHints":{"allow":["GET"]}}],"collection":[{"href":"https:\/\/www.sestogrado.it\/it\/wp-json\/wp\/v2\/product"}],"about":[{"href":"https:\/\/www.sestogrado.it\/it\/wp-json\/wp\/v2\/types\/product"}],"replies":[{"embeddable":true,"href":"https:\/\/www.sestogrado.it\/it\/wp-json\/wp\/v2\/comments?post=36198"}],"wp:featuredmedia":[{"embeddable":true,"href":"https:\/\/www.sestogrado.it\/it\/wp-json\/wp\/v2\/media\/36199"}],"wp:attachment":[{"href":"https:\/\/www.sestogrado.it\/it\/wp-json\/wp\/v2\/media?parent=36198"}],"wp:term":[{"taxonomy":"product_brand","embeddable":true,"href":"https:\/\/www.sestogrado.it\/it\/wp-json\/wp\/v2\/product_brand?post=36198"},{"taxonomy":"product_cat","embeddable":true,"href":"https:\/\/www.sestogrado.it\/it\/wp-json\/wp\/v2\/product_cat?post=36198"},{"taxonomy":"product_tag","embeddable":true,"href":"https:\/\/www.sestogrado.it\/it\/wp-json\/wp\/v2\/product_tag?post=36198"}],"curies":[{"name":"wp","href":"https:\/\/api.w.org\/{rel}","templated":true}]}}