{"id":36193,"date":"2023-11-29T10:00:53","date_gmt":"2023-11-29T09:00:53","guid":{"rendered":"https:\/\/www.sestogrado.it\/?post_type=product&#038;p=36193"},"modified":"2026-03-21T08:43:40","modified_gmt":"2026-03-21T07:43:40","slug":"grivel-x-monster-piccozza-da-ghiaccio-e-drytooling","status":"publish","type":"product","link":"https:\/\/www.sestogrado.it\/it\/prodotto\/grivel-x-monster-piccozza-da-ghiaccio-e-drytooling\/","title":{"rendered":"Grivel X Monster piccozza da ghiaccio e drytooling"},"content":{"rendered":"<p>La Grivel X Monster \u00e8 un attrezzo tecnico pensato per l&#8217;arrampicata sul ghiaccio, il dry-tooling, per chi ama spingersi oltre i propri limiti. Il manico \u00e8 composto da una lastra di acciaio, molto resistente e dalla curvatura molto pronunciata. La leggera elasticit\u00e0 del manico pu\u00f2 aiutare nell&#8217;utilizzo, soprattutto per gli incastri nelle fessure. Testa in acciaio forgiata in un pezzo unico, disponibile in versione paletta o martello.<\/p>\n<p>L&#8217;impugnatura \u00e8 progettata sull&#8217;intera lunghezza del manico, per affrontare pareti verticali, imprevisti e manovre delicate con numerose possibilit\u00e0 di presa ed \u00e8 particolarmente performante nei cambi di mano con agganci limite. Il manico \u00e8 resistente e con una curvatura molto pronunciata. La testa \u00e8 fornita di un piccolo martello a forma conica che pu\u00f2 essere utilizzato come blocchetto da incastro.<\/p>\n<p>La Grivel X-Monster garantisce una penetrazione precisa nel ghiaccio pi\u00f9 freddo grazie alla lama Ice in dotazione.<\/p>\n<ul>\n<li>Attivit\u00e0: arrampicata sul ghiaccio<\/li>\n<li>Materiali \/ costruzione \/ tecnologie:\u00a0acciaio, gomma, plastica,\u00a0forgiatura<\/li>\n<li>Certificazione: PPE category 2<\/li>\n<\/ul>\n<p>La struttura a lama della Grivel X Monster le d\u00e0 una flessione che assorbe notevolmente le torsioni sulla becca avvantaggiandola tutte quelle volte in cui viene usata ad incastro.<\/p>\n<p>&nbsp;<\/p>\n<p>FORGIATURA A CALDO GRIVEL<\/p>\n<p>I vantaggi della forgiatura a caldo sono i seguenti:<\/p>\n<ul>\n<li>Pi\u00f9 solido:<br \/>\nAttraverso il martellamento e lo stiramento, le fibre sono allineate e posizionate per fornire al pezzo la massima resistenza lungo la direzione richiesta<\/li>\n<li>Pi\u00f9 bello:<br \/>\nLa forgiatura consente di modellare l&#8217;acciaio in forme 3D, rendendolo pi\u00f9 spesso dove \u00e8 necessaria maggiore resistenza e pi\u00f9 sottile altrove<\/li>\n<li>Equilibrio pi\u00f9 leggero e migliore:<br \/>\nIl pezzo \u00e8 spesso solo dove serve, quindi ogni parte ha il giusto peso nel posto giusto e puoi sentirlo<\/li>\n<\/ul>\n<p><img decoding=\"async\" class=\"size-full wp-image-34567 img-fluid alignnone\" src=\"https:\/\/www.sestogrado.it\/wp-content\/uploads\/2020\/06\/Forgiatura_b_1024x1024.jpg\" alt=\"Forgiatura a caldo grivel\" width=\"800\" height=\"600\" srcset=\"https:\/\/www.sestogrado.it\/wp-content\/uploads\/2020\/06\/Forgiatura_b_1024x1024.jpg 800w, https:\/\/www.sestogrado.it\/wp-content\/uploads\/2020\/06\/Forgiatura_b_1024x1024-750x563.jpg 750w, https:\/\/www.sestogrado.it\/wp-content\/uploads\/2020\/06\/Forgiatura_b_1024x1024-300x225.jpg 300w, https:\/\/www.sestogrado.it\/wp-content\/uploads\/2020\/06\/Forgiatura_b_1024x1024-768x576.jpg 768w, https:\/\/www.sestogrado.it\/wp-content\/uploads\/2020\/06\/Forgiatura_b_1024x1024-600x450.jpg 600w, https:\/\/www.sestogrado.it\/wp-content\/uploads\/2020\/06\/Forgiatura_b_1024x1024-635x476.jpg 635w, https:\/\/www.sestogrado.it\/wp-content\/uploads\/2020\/06\/Forgiatura_b_1024x1024-64x48.jpg 64w, https:\/\/www.sestogrado.it\/wp-content\/uploads\/2020\/06\/Forgiatura_b_1024x1024-107x80.jpg 107w\" sizes=\"(max-width: 800px) 100vw, 800px\" \/><\/p>\n<p><img decoding=\"async\" class=\"size-full wp-image-34568 img-fluid alignnone\" src=\"https:\/\/www.sestogrado.it\/wp-content\/uploads\/2020\/06\/Mantice_b_1024x1024.jpg\" alt=\"Forgiatura a caldo grivel\" width=\"800\" height=\"600\" srcset=\"https:\/\/www.sestogrado.it\/wp-content\/uploads\/2020\/06\/Mantice_b_1024x1024.jpg 800w, https:\/\/www.sestogrado.it\/wp-content\/uploads\/2020\/06\/Mantice_b_1024x1024-750x563.jpg 750w, https:\/\/www.sestogrado.it\/wp-content\/uploads\/2020\/06\/Mantice_b_1024x1024-300x225.jpg 300w, https:\/\/www.sestogrado.it\/wp-content\/uploads\/2020\/06\/Mantice_b_1024x1024-768x576.jpg 768w, https:\/\/www.sestogrado.it\/wp-content\/uploads\/2020\/06\/Mantice_b_1024x1024-600x450.jpg 600w, https:\/\/www.sestogrado.it\/wp-content\/uploads\/2020\/06\/Mantice_b_1024x1024-635x476.jpg 635w, https:\/\/www.sestogrado.it\/wp-content\/uploads\/2020\/06\/Mantice_b_1024x1024-64x48.jpg 64w, https:\/\/www.sestogrado.it\/wp-content\/uploads\/2020\/06\/Mantice_b_1024x1024-107x80.jpg 107w\" sizes=\"(max-width: 800px) 100vw, 800px\" \/><\/p>\n<p>Nata nel 1818 a Courmayeur, la Grivel \u00e8 un\u2019azienda italiana che produce attrezzature ed equipaggiamenti per alpinismo, arrampicata ed outdoor esportando in 26 paesi.\u00a0\u00a0L\u2019azienda ha ottenuto la certificazione GS T\u00dcV dal 1992, ISO 9001 dal 1996, ISO 1400 dal 2004.\u00a0L\u2019obiettivo di\u00a0Grivel \u00e8 di facilitare la vita agli alpinisti e agli amanti della montagna\u00a0con prodotti tecnologicamente avanzati.<\/p>","protected":false},"excerpt":{"rendered":"<p>La Grivel X Monster \u00e8 un attrezzo tecnico pensato per l&#8217;arrampicata sul ghiaccio, il dry-tooling, per chi ama spingersi oltre [&hellip;]<\/p>\n","protected":false},"featured_media":145986,"comment_status":"open","ping_status":"closed","template":"","meta":{"_acf_changed":false},"product_brand":[126],"product_cat":[152],"product_tag":[],"class_list":{"0":"post-36193","1":"product","2":"type-product","3":"status-publish","4":"has-post-thumbnail","6":"product_brand-grivel","7":"product_cat-piccozze","9":"first","10":"instock","11":"sale","12":"taxable","13":"shipping-taxable","14":"purchasable","15":"product-type-variable"},"acf":[],"yoast_head":"<!-- This site is optimized with the Yoast SEO plugin v26.4 - https:\/\/yoast.com\/wordpress\/plugins\/seo\/ -->\n<title>Grivel X Monster piccozza da ghiaccio e drytooling - Sestogrado<\/title>\n<meta name=\"description\" content=\"La Grivel X Monster \u00e8 un attrezzo tecnico pensato per l&#039;arrampicata sul ghiaccio, il dry-tooling, per chi ama spingersi oltre i propri limiti. Il manico \u00e8 composto da una lastra di acciaio, molto resistente e dalla curvatura molto pronunciata. La leggera elasticit\u00e0 del manico pu\u00f2 aiutare nell&#039;utilizzo, soprattutto per gli incastri nelle fessure. Testa in acciaio forgiata in un pezzo unico, disponibile in versione paletta o martello.L&#039;impugnatura \u00e8 progettata sull&#039;intera lunghezza del manico, per affrontare pareti verticali, imprevisti e manovre delicate con numerose possibilit\u00e0 di presa ed \u00e8 particolarmente performante nei cambi di mano con agganci limite. Il manico \u00e8 resistente e con una curvatura molto pronunciata. La testa \u00e8 fornita di un piccolo martello a forma conica che pu\u00f2 essere utilizzato come blocchetto da incastro.La Grivel X-Monster garantisce una penetrazione precisa nel ghiaccio pi\u00f9 freddo grazie alla lama Ice in dotazione.\" \/>\n<meta name=\"robots\" content=\"index, follow, max-snippet:-1, max-image-preview:large, max-video-preview:-1\" \/>\n<link rel=\"canonical\" href=\"https:\/\/www.sestogrado.it\/it\/prodotto\/grivel-x-monster-piccozza-da-ghiaccio-e-drytooling\/\" \/>\n<meta property=\"og:locale\" content=\"it_IT\" \/>\n<meta property=\"og:type\" content=\"article\" \/>\n<meta property=\"og:title\" content=\"Grivel X Monster piccozza da ghiaccio e drytooling - Sestogrado\" \/>\n<meta property=\"og:description\" content=\"La Grivel X Monster \u00e8 un attrezzo tecnico pensato per l&#039;arrampicata sul ghiaccio, il dry-tooling, per chi ama spingersi oltre i propri limiti. Il manico \u00e8 composto da una lastra di acciaio, molto resistente e dalla curvatura molto pronunciata. La leggera elasticit\u00e0 del manico pu\u00f2 aiutare nell&#039;utilizzo, soprattutto per gli incastri nelle fessure. Testa in acciaio forgiata in un pezzo unico, disponibile in versione paletta o martello.L&#039;impugnatura \u00e8 progettata sull&#039;intera lunghezza del manico, per affrontare pareti verticali, imprevisti e manovre delicate con numerose possibilit\u00e0 di presa ed \u00e8 particolarmente performante nei cambi di mano con agganci limite. Il manico \u00e8 resistente e con una curvatura molto pronunciata. La testa \u00e8 fornita di un piccolo martello a forma conica che pu\u00f2 essere utilizzato come blocchetto da incastro.La Grivel X-Monster garantisce una penetrazione precisa nel ghiaccio pi\u00f9 freddo grazie alla lama Ice in dotazione.\" \/>\n<meta property=\"og:url\" content=\"https:\/\/www.sestogrado.it\/it\/prodotto\/grivel-x-monster-piccozza-da-ghiaccio-e-drytooling\/\" \/>\n<meta property=\"og:site_name\" content=\"Sestogrado\" \/>\n<meta property=\"article:publisher\" content=\"https:\/\/www.facebook.com\/pages\/Sestogrado\/1542635979353017?ref=bookmarks\" \/>\n<meta property=\"article:modified_time\" content=\"2026-03-21T07:43:40+00:00\" \/>\n<meta property=\"og:image\" content=\"https:\/\/www.sestogrado.it\/wp-content\/uploads\/2020\/07\/01-9-rotated.jpg\" \/>\n\t<meta property=\"og:image:width\" content=\"2000\" \/>\n\t<meta property=\"og:image:height\" content=\"2000\" \/>\n\t<meta property=\"og:image:type\" content=\"image\/jpeg\" \/>\n<meta name=\"twitter:label1\" content=\"Disponibilit\u00e0\" \/>\n\t<meta name=\"twitter:data1\" content=\"In stock\" \/>\n<script type=\"application\/ld+json\" class=\"yoast-schema-graph\">{\"@context\":\"https:\/\/schema.org\",\"@graph\":[{\"@type\":\"WebPage\",\"@id\":\"https:\/\/www.sestogrado.it\/it\/prodotto\/grivel-x-monster-piccozza-da-ghiaccio-e-drytooling\/\",\"url\":\"https:\/\/www.sestogrado.it\/it\/prodotto\/grivel-x-monster-piccozza-da-ghiaccio-e-drytooling\/\",\"name\":\"Grivel X Monster piccozza da ghiaccio e drytooling - Sestogrado\",\"isPartOf\":{\"@id\":\"https:\/\/www.sestogrado.it\/it\/#website\"},\"primaryImageOfPage\":{\"@id\":\"https:\/\/www.sestogrado.it\/it\/prodotto\/grivel-x-monster-piccozza-da-ghiaccio-e-drytooling\/#primaryimage\"},\"image\":{\"@id\":\"https:\/\/www.sestogrado.it\/prodotto\/grivel-x-monster-piccozza-da-ghiaccio-e-drytooling\/#primaryimage\"},\"thumbnailUrl\":\"https:\/\/www.sestogrado.it\/wp-content\/uploads\/2020\/07\/01-9-rotated.jpg\",\"datePublished\":\"2023-11-29T09:00:53+00:00\",\"dateModified\":\"2026-03-21T07:43:40+00:00\",\"description\":\"La Grivel X Monster \u00e8 un attrezzo tecnico pensato per l'arrampicata sul ghiaccio, il dry-tooling, per chi ama spingersi oltre i propri limiti. Il manico \u00e8 composto da una lastra di acciaio, molto resistente e dalla curvatura molto pronunciata. La leggera elasticit\u00e0 del manico pu\u00f2 aiutare nell'utilizzo, soprattutto per gli incastri nelle fessure. Testa in acciaio forgiata in un pezzo unico, disponibile in versione paletta o martello.L'impugnatura \u00e8 progettata sull'intera lunghezza del manico, per affrontare pareti verticali, imprevisti e manovre delicate con numerose possibilit\u00e0 di presa ed \u00e8 particolarmente performante nei cambi di mano con agganci limite. Il manico \u00e8 resistente e con una curvatura molto pronunciata. La testa \u00e8 fornita di un piccolo martello a forma conica che pu\u00f2 essere utilizzato come blocchetto da incastro.La Grivel X-Monster garantisce una penetrazione precisa nel ghiaccio pi\u00f9 freddo grazie alla lama Ice in dotazione.\",\"breadcrumb\":{\"@id\":\"https:\/\/www.sestogrado.it\/it\/prodotto\/grivel-x-monster-piccozza-da-ghiaccio-e-drytooling\/#breadcrumb\"},\"inLanguage\":\"it-IT\",\"potentialAction\":[{\"@type\":\"ReadAction\",\"target\":[[\"https:\/\/www.sestogrado.it\/it\/prodotto\/grivel-x-monster-piccozza-da-ghiaccio-e-drytooling\/\"]]}]},{\"@type\":\"ImageObject\",\"inLanguage\":\"it-IT\",\"@id\":\"https:\/\/www.sestogrado.it\/it\/prodotto\/grivel-x-monster-piccozza-da-ghiaccio-e-drytooling\/#primaryimage\",\"url\":\"https:\/\/www.sestogrado.it\/wp-content\/uploads\/2020\/07\/01-9-rotated.jpg\",\"contentUrl\":\"https:\/\/www.sestogrado.it\/wp-content\/uploads\/2020\/07\/01-9-rotated.jpg\",\"width\":2000,\"height\":2000,\"caption\":\"x-monster paletta\"},{\"@type\":\"BreadcrumbList\",\"@id\":\"https:\/\/www.sestogrado.it\/it\/prodotto\/grivel-x-monster-piccozza-da-ghiaccio-e-drytooling\/#breadcrumb\",\"itemListElement\":[{\"@type\":\"ListItem\",\"position\":1,\"name\":\"Home\",\"item\":\"https:\/\/www.sestogrado.it\/it\/\"},{\"@type\":\"ListItem\",\"position\":2,\"name\":\"Shop\",\"item\":\"https:\/\/www.sestogrado.it\/it\/shop\/\"},{\"@type\":\"ListItem\",\"position\":3,\"name\":\"Grivel X Monster piccozza da ghiaccio e drytooling\"}]},{\"@type\":\"WebSite\",\"@id\":\"https:\/\/www.sestogrado.it\/it\/#website\",\"url\":\"https:\/\/www.sestogrado.it\/it\/\",\"name\":\"Sestogrado\",\"description\":\"yes we climb\",\"publisher\":{\"@id\":\"https:\/\/www.sestogrado.it\/it\/#organization\"},\"potentialAction\":[{\"@type\":\"SearchAction\",\"target\":{\"@type\":\"EntryPoint\",\"urlTemplate\":\"https:\/\/www.sestogrado.it\/it\/?s={search_term_string}\"},\"query-input\":{\"@type\":\"PropertyValueSpecification\",\"valueRequired\":true,\"valueName\":\"search_term_string\"}}],\"inLanguage\":\"it-IT\"},{\"@type\":\"Organization\",\"@id\":\"https:\/\/www.sestogrado.it\/it\/#organization\",\"name\":\"Sestogrado\",\"url\":\"https:\/\/www.sestogrado.it\/it\/\",\"logo\":{\"@type\":\"ImageObject\",\"inLanguage\":\"it-IT\",\"@id\":\"https:\/\/www.sestogrado.it\/it\/#\/schema\/logo\/image\/\",\"url\":\"https:\/\/www.sestogrado.it\/wp-content\/uploads\/2015\/03\/sestogrado-favicon.png\",\"contentUrl\":\"https:\/\/www.sestogrado.it\/wp-content\/uploads\/2015\/03\/sestogrado-favicon.png\",\"width\":260,\"height\":260,\"caption\":\"Sestogrado\"},\"image\":{\"@id\":\"https:\/\/www.sestogrado.it\/it\/#\/schema\/logo\/image\/\"},\"sameAs\":[\"https:\/\/www.facebook.com\/pages\/Sestogrado\/1542635979353017?ref=bookmarks\",\"https:\/\/www.youtube.com\/channel\/UC847kAfTkaJsWpc1jtQwr3Q\"],\"hasMerchantReturnPolicy\":{\"@type\":\"MerchantReturnPolicy\",\"merchantReturnLink\":\"https:\/\/www.sestogrado.it\/it\/termini-e-condizioni\/\"}}]}<\/script>\n<meta property=\"product:brand\" content=\"Grivel\" \/>\n<meta property=\"og:availability\" content=\"instock\" \/>\n<meta property=\"product:availability\" content=\"instock\" \/>\n<meta property=\"product:condition\" content=\"new\" \/>\n<!-- \/ Yoast SEO plugin. -->","yoast_head_json":{"title":"Grivel X Monster piccozza da ghiaccio e drytooling - Sestogrado","description":"La Grivel X Monster \u00e8 un attrezzo tecnico pensato per l'arrampicata sul ghiaccio, il dry-tooling, per chi ama spingersi oltre i propri limiti. Il manico \u00e8 composto da una lastra di acciaio, molto resistente e dalla curvatura molto pronunciata. La leggera elasticit\u00e0 del manico pu\u00f2 aiutare nell'utilizzo, soprattutto per gli incastri nelle fessure. Testa in acciaio forgiata in un pezzo unico, disponibile in versione paletta o martello.L'impugnatura \u00e8 progettata sull'intera lunghezza del manico, per affrontare pareti verticali, imprevisti e manovre delicate con numerose possibilit\u00e0 di presa ed \u00e8 particolarmente performante nei cambi di mano con agganci limite. Il manico \u00e8 resistente e con una curvatura molto pronunciata. La testa \u00e8 fornita di un piccolo martello a forma conica che pu\u00f2 essere utilizzato come blocchetto da incastro.La Grivel X-Monster garantisce una penetrazione precisa nel ghiaccio pi\u00f9 freddo grazie alla lama Ice in dotazione.","robots":{"index":"index","follow":"follow","max-snippet":"max-snippet:-1","max-image-preview":"max-image-preview:large","max-video-preview":"max-video-preview:-1"},"canonical":"https:\/\/www.sestogrado.it\/it\/prodotto\/grivel-x-monster-piccozza-da-ghiaccio-e-drytooling\/","og_locale":"it_IT","og_type":"article","og_title":"Grivel X Monster piccozza da ghiaccio e drytooling - Sestogrado","og_description":"La Grivel X Monster \u00e8 un attrezzo tecnico pensato per l'arrampicata sul ghiaccio, il dry-tooling, per chi ama spingersi oltre i propri limiti. Il manico \u00e8 composto da una lastra di acciaio, molto resistente e dalla curvatura molto pronunciata. La leggera elasticit\u00e0 del manico pu\u00f2 aiutare nell'utilizzo, soprattutto per gli incastri nelle fessure. Testa in acciaio forgiata in un pezzo unico, disponibile in versione paletta o martello.L'impugnatura \u00e8 progettata sull'intera lunghezza del manico, per affrontare pareti verticali, imprevisti e manovre delicate con numerose possibilit\u00e0 di presa ed \u00e8 particolarmente performante nei cambi di mano con agganci limite. Il manico \u00e8 resistente e con una curvatura molto pronunciata. La testa \u00e8 fornita di un piccolo martello a forma conica che pu\u00f2 essere utilizzato come blocchetto da incastro.La Grivel X-Monster garantisce una penetrazione precisa nel ghiaccio pi\u00f9 freddo grazie alla lama Ice in dotazione.","og_url":"https:\/\/www.sestogrado.it\/it\/prodotto\/grivel-x-monster-piccozza-da-ghiaccio-e-drytooling\/","og_site_name":"Sestogrado","article_publisher":"https:\/\/www.facebook.com\/pages\/Sestogrado\/1542635979353017?ref=bookmarks","article_modified_time":"2026-03-21T07:43:40+00:00","og_image":[{"width":2000,"height":2000,"url":"https:\/\/www.sestogrado.it\/wp-content\/uploads\/2020\/07\/01-9-rotated.jpg","type":"image\/jpeg"}],"twitter_misc":{"Disponibilit\u00e0":"In stock"},"schema":{"@context":"https:\/\/schema.org","@graph":[{"@type":"WebPage","@id":"https:\/\/www.sestogrado.it\/it\/prodotto\/grivel-x-monster-piccozza-da-ghiaccio-e-drytooling\/","url":"https:\/\/www.sestogrado.it\/it\/prodotto\/grivel-x-monster-piccozza-da-ghiaccio-e-drytooling\/","name":"Grivel X Monster piccozza da ghiaccio e drytooling - Sestogrado","isPartOf":{"@id":"https:\/\/www.sestogrado.it\/it\/#website"},"primaryImageOfPage":{"@id":"https:\/\/www.sestogrado.it\/it\/prodotto\/grivel-x-monster-piccozza-da-ghiaccio-e-drytooling\/#primaryimage"},"image":{"@id":"https:\/\/www.sestogrado.it\/prodotto\/grivel-x-monster-piccozza-da-ghiaccio-e-drytooling\/#primaryimage"},"thumbnailUrl":"https:\/\/www.sestogrado.it\/wp-content\/uploads\/2020\/07\/01-9-rotated.jpg","datePublished":"2023-11-29T09:00:53+00:00","dateModified":"2026-03-21T07:43:40+00:00","description":"La Grivel X Monster \u00e8 un attrezzo tecnico pensato per l'arrampicata sul ghiaccio, il dry-tooling, per chi ama spingersi oltre i propri limiti. Il manico \u00e8 composto da una lastra di acciaio, molto resistente e dalla curvatura molto pronunciata. La leggera elasticit\u00e0 del manico pu\u00f2 aiutare nell'utilizzo, soprattutto per gli incastri nelle fessure. Testa in acciaio forgiata in un pezzo unico, disponibile in versione paletta o martello.L'impugnatura \u00e8 progettata sull'intera lunghezza del manico, per affrontare pareti verticali, imprevisti e manovre delicate con numerose possibilit\u00e0 di presa ed \u00e8 particolarmente performante nei cambi di mano con agganci limite. Il manico \u00e8 resistente e con una curvatura molto pronunciata. La testa \u00e8 fornita di un piccolo martello a forma conica che pu\u00f2 essere utilizzato come blocchetto da incastro.La Grivel X-Monster garantisce una penetrazione precisa nel ghiaccio pi\u00f9 freddo grazie alla lama Ice in dotazione.","breadcrumb":{"@id":"https:\/\/www.sestogrado.it\/it\/prodotto\/grivel-x-monster-piccozza-da-ghiaccio-e-drytooling\/#breadcrumb"},"inLanguage":"it-IT","potentialAction":[{"@type":"ReadAction","target":[["https:\/\/www.sestogrado.it\/it\/prodotto\/grivel-x-monster-piccozza-da-ghiaccio-e-drytooling\/"]]}]},{"@type":"ImageObject","inLanguage":"it-IT","@id":"https:\/\/www.sestogrado.it\/it\/prodotto\/grivel-x-monster-piccozza-da-ghiaccio-e-drytooling\/#primaryimage","url":"https:\/\/www.sestogrado.it\/wp-content\/uploads\/2020\/07\/01-9-rotated.jpg","contentUrl":"https:\/\/www.sestogrado.it\/wp-content\/uploads\/2020\/07\/01-9-rotated.jpg","width":2000,"height":2000,"caption":"x-monster paletta"},{"@type":"BreadcrumbList","@id":"https:\/\/www.sestogrado.it\/it\/prodotto\/grivel-x-monster-piccozza-da-ghiaccio-e-drytooling\/#breadcrumb","itemListElement":[{"@type":"ListItem","position":1,"name":"Home","item":"https:\/\/www.sestogrado.it\/it\/"},{"@type":"ListItem","position":2,"name":"Shop","item":"https:\/\/www.sestogrado.it\/it\/shop\/"},{"@type":"ListItem","position":3,"name":"Grivel X Monster piccozza da ghiaccio e drytooling"}]},{"@type":"WebSite","@id":"https:\/\/www.sestogrado.it\/it\/#website","url":"https:\/\/www.sestogrado.it\/it\/","name":"Sestogrado","description":"yes we climb","publisher":{"@id":"https:\/\/www.sestogrado.it\/it\/#organization"},"potentialAction":[{"@type":"SearchAction","target":{"@type":"EntryPoint","urlTemplate":"https:\/\/www.sestogrado.it\/it\/?s={search_term_string}"},"query-input":{"@type":"PropertyValueSpecification","valueRequired":true,"valueName":"search_term_string"}}],"inLanguage":"it-IT"},{"@type":"Organization","@id":"https:\/\/www.sestogrado.it\/it\/#organization","name":"Sestogrado","url":"https:\/\/www.sestogrado.it\/it\/","logo":{"@type":"ImageObject","inLanguage":"it-IT","@id":"https:\/\/www.sestogrado.it\/it\/#\/schema\/logo\/image\/","url":"https:\/\/www.sestogrado.it\/wp-content\/uploads\/2015\/03\/sestogrado-favicon.png","contentUrl":"https:\/\/www.sestogrado.it\/wp-content\/uploads\/2015\/03\/sestogrado-favicon.png","width":260,"height":260,"caption":"Sestogrado"},"image":{"@id":"https:\/\/www.sestogrado.it\/it\/#\/schema\/logo\/image\/"},"sameAs":["https:\/\/www.facebook.com\/pages\/Sestogrado\/1542635979353017?ref=bookmarks","https:\/\/www.youtube.com\/channel\/UC847kAfTkaJsWpc1jtQwr3Q"],"hasMerchantReturnPolicy":{"@type":"MerchantReturnPolicy","merchantReturnLink":"https:\/\/www.sestogrado.it\/it\/termini-e-condizioni\/"}}]},"product_brand":"Grivel","og_availability":"instock","product_availability":"instock","product_condition":"new"},"_links":{"self":[{"href":"https:\/\/www.sestogrado.it\/it\/wp-json\/wp\/v2\/product\/36193","targetHints":{"allow":["GET"]}}],"collection":[{"href":"https:\/\/www.sestogrado.it\/it\/wp-json\/wp\/v2\/product"}],"about":[{"href":"https:\/\/www.sestogrado.it\/it\/wp-json\/wp\/v2\/types\/product"}],"replies":[{"embeddable":true,"href":"https:\/\/www.sestogrado.it\/it\/wp-json\/wp\/v2\/comments?post=36193"}],"wp:featuredmedia":[{"embeddable":true,"href":"https:\/\/www.sestogrado.it\/it\/wp-json\/wp\/v2\/media\/145986"}],"wp:attachment":[{"href":"https:\/\/www.sestogrado.it\/it\/wp-json\/wp\/v2\/media?parent=36193"}],"wp:term":[{"taxonomy":"product_brand","embeddable":true,"href":"https:\/\/www.sestogrado.it\/it\/wp-json\/wp\/v2\/product_brand?post=36193"},{"taxonomy":"product_cat","embeddable":true,"href":"https:\/\/www.sestogrado.it\/it\/wp-json\/wp\/v2\/product_cat?post=36193"},{"taxonomy":"product_tag","embeddable":true,"href":"https:\/\/www.sestogrado.it\/it\/wp-json\/wp\/v2\/product_tag?post=36193"}],"curies":[{"name":"wp","href":"https:\/\/api.w.org\/{rel}","templated":true}]}}