{"id":36183,"date":"2020-07-08T14:07:44","date_gmt":"2020-07-08T12:07:44","guid":{"rendered":"https:\/\/www.sestogrado.it\/?post_type=product&#038;p=36183"},"modified":"2026-03-18T13:39:12","modified_gmt":"2026-03-18T12:39:12","slug":"black-diamond-wiregate-nut-tool-per-rimuovere-i-dadi","status":"publish","type":"product","link":"https:\/\/www.sestogrado.it\/it\/prodotto\/black-diamond-wiregate-nut-tool-per-rimuovere-i-dadi\/","title":{"rendered":"Black Diamond Wiregate Nut Tool per rimuovere i dadi"},"content":{"rendered":"<p>Il Black Ddiamond Wiregate Nut Tool \u00e8 un cavadadi o cavanut per rimuovere le protezioni veloci incastrate nella roccia. E&#8217; dotato di un moschettone a filo che ne consente un rapido aggancio all&#8217;imbrago.<\/p>\n<ul>\n<li>moschettone a filo per aggancio all&#8217;imbrago<\/li>\n<li>gancio arrotondato<\/li>\n<\/ul>\n<p>Dal profilo arrotondato e facile da impugnare, il Black Diamond Wiregate Nut Tool, aiuta a risolvere problemi che si incontrano nelle vie trad.<\/p>\n<p>&nbsp;<\/p>\n<p>Black Diamond dal 1957 rappresenta un punto di riferimento mondiale per l\u2019attrezzatura da arrampicata. Ci\u00f2 che all\u2019inizio era una attivit\u00e0 artigianale con incudine e martello oggi si \u00e8 trasformata in una societ\u00e0 globale con uffici in tre continenti. Il segreto di Black Diamond \u00e8 sempre lo stesso: essere una societ\u00e0 formata da appassionati climber. In Black Diamond si continua a sognare su ci\u00f2 che potrebbe essere e si continua ad essere critici su ci\u00f2 che esiste. E\u2019 cos\u00ec che il processo creativo per la realizzazione della migliore attrezzatura da arrampicata non avr\u00e0 mai fine.<\/p>","protected":false},"excerpt":{"rendered":"<p>Il Black Ddiamond Wiregate Nut Tool \u00e8 un cavadadi o cavanut per rimuovere le protezioni veloci incastrate nella roccia. E&#8217; [&hellip;]<\/p>\n","protected":false},"featured_media":36185,"comment_status":"open","ping_status":"closed","template":"","meta":{"_acf_changed":false},"product_brand":[121],"product_cat":[135],"product_tag":[],"class_list":{"0":"post-36183","1":"product","2":"type-product","3":"status-publish","4":"has-post-thumbnail","6":"product_brand-black-diamond","7":"product_cat-friends-e-nuts","9":"first","10":"instock","11":"sale","12":"taxable","13":"shipping-taxable","14":"purchasable","15":"product-type-simple"},"acf":[],"yoast_head":"<!-- This site is optimized with the Yoast SEO plugin v26.4 - https:\/\/yoast.com\/wordpress\/plugins\/seo\/ -->\n<title>Black Diamond Wiregate Nut Tool per rimuovere i dadi - Sestogrado<\/title>\n<meta name=\"description\" content=\"Il Black Ddiamond Wiregate Nut Tool \u00e8 un cavadadi o cavanut per rimuovere le protezioni veloci incastrate nella roccia. E&#039; dotato di un moschettone a filo che ne consente un rapido aggancio all&#039;imbrago.moschettone a filo per aggancio all&#039;imbragogancio arrotondatoDal profilo arrotondato e facile da impugnare, il Black Diamond Wiregate Nut Tool, aiuta a risolvere problemi che si incontrano nelle vie trad.\" \/>\n<meta name=\"robots\" content=\"index, follow, max-snippet:-1, max-image-preview:large, max-video-preview:-1\" \/>\n<link rel=\"canonical\" href=\"https:\/\/www.sestogrado.it\/it\/prodotto\/black-diamond-wiregate-nut-tool-per-rimuovere-i-dadi\/\" \/>\n<meta property=\"og:locale\" content=\"it_IT\" \/>\n<meta property=\"og:type\" content=\"article\" \/>\n<meta property=\"og:title\" content=\"Black Diamond Wiregate Nut Tool per rimuovere i dadi - Sestogrado\" \/>\n<meta property=\"og:description\" content=\"Il Black Ddiamond Wiregate Nut Tool \u00e8 un cavadadi o cavanut per rimuovere le protezioni veloci incastrate nella roccia. E&#039; dotato di un moschettone a filo che ne consente un rapido aggancio all&#039;imbrago.moschettone a filo per aggancio all&#039;imbragogancio arrotondatoDal profilo arrotondato e facile da impugnare, il Black Diamond Wiregate Nut Tool, aiuta a risolvere problemi che si incontrano nelle vie trad.\" \/>\n<meta property=\"og:url\" content=\"https:\/\/www.sestogrado.it\/it\/prodotto\/black-diamond-wiregate-nut-tool-per-rimuovere-i-dadi\/\" \/>\n<meta property=\"og:site_name\" content=\"Sestogrado\" \/>\n<meta property=\"article:publisher\" content=\"https:\/\/www.facebook.com\/pages\/Sestogrado\/1542635979353017?ref=bookmarks\" \/>\n<meta property=\"article:modified_time\" content=\"2026-03-18T12:39:12+00:00\" \/>\n<meta property=\"og:image\" content=\"https:\/\/www.sestogrado.it\/wp-content\/uploads\/2020\/07\/620062_Wiregate_Nut_Tool_web.jpg\" \/>\n\t<meta property=\"og:image:width\" content=\"600\" \/>\n\t<meta property=\"og:image:height\" content=\"540\" \/>\n\t<meta property=\"og:image:type\" content=\"image\/jpeg\" \/>\n<meta name=\"twitter:label1\" content=\"Prezzo\" \/>\n\t<meta name=\"twitter:data1\" content=\"&euro;&nbsp;19,00\" \/>\n\t<meta name=\"twitter:label2\" content=\"Disponibilit\u00e0\" \/>\n\t<meta name=\"twitter:data2\" content=\"In stock\" \/>\n<script type=\"application\/ld+json\" class=\"yoast-schema-graph\">{\"@context\":\"https:\/\/schema.org\",\"@graph\":[{\"@type\":\"WebPage\",\"@id\":\"https:\/\/www.sestogrado.it\/it\/prodotto\/black-diamond-wiregate-nut-tool-per-rimuovere-i-dadi\/\",\"url\":\"https:\/\/www.sestogrado.it\/it\/prodotto\/black-diamond-wiregate-nut-tool-per-rimuovere-i-dadi\/\",\"name\":\"Black Diamond Wiregate Nut Tool per rimuovere i dadi - Sestogrado\",\"isPartOf\":{\"@id\":\"https:\/\/www.sestogrado.it\/it\/#website\"},\"primaryImageOfPage\":{\"@id\":\"https:\/\/www.sestogrado.it\/it\/prodotto\/black-diamond-wiregate-nut-tool-per-rimuovere-i-dadi\/#primaryimage\"},\"image\":{\"@id\":\"https:\/\/www.sestogrado.it\/prodotto\/black-diamond-wiregate-nut-tool-per-rimuovere-i-dadi\/#primaryimage\"},\"thumbnailUrl\":\"https:\/\/www.sestogrado.it\/wp-content\/uploads\/2020\/07\/620062_Wiregate_Nut_Tool_web.jpg\",\"datePublished\":\"2020-07-08T12:07:44+00:00\",\"dateModified\":\"2026-03-18T12:39:12+00:00\",\"description\":\"Il Black Ddiamond Wiregate Nut Tool \u00e8 un cavadadi o cavanut per rimuovere le protezioni veloci incastrate nella roccia. E' dotato di un moschettone a filo che ne consente un rapido aggancio all'imbrago.moschettone a filo per aggancio all'imbragogancio arrotondatoDal profilo arrotondato e facile da impugnare, il Black Diamond Wiregate Nut Tool, aiuta a risolvere problemi che si incontrano nelle vie trad.\",\"breadcrumb\":{\"@id\":\"https:\/\/www.sestogrado.it\/it\/prodotto\/black-diamond-wiregate-nut-tool-per-rimuovere-i-dadi\/#breadcrumb\"},\"inLanguage\":\"it-IT\",\"potentialAction\":[{\"@type\":\"ReadAction\",\"target\":[[\"https:\/\/www.sestogrado.it\/it\/prodotto\/black-diamond-wiregate-nut-tool-per-rimuovere-i-dadi\/\"]]}]},{\"@type\":\"ImageObject\",\"inLanguage\":\"it-IT\",\"@id\":\"https:\/\/www.sestogrado.it\/it\/prodotto\/black-diamond-wiregate-nut-tool-per-rimuovere-i-dadi\/#primaryimage\",\"url\":\"https:\/\/www.sestogrado.it\/wp-content\/uploads\/2020\/07\/620062_Wiregate_Nut_Tool_web.jpg\",\"contentUrl\":\"https:\/\/www.sestogrado.it\/wp-content\/uploads\/2020\/07\/620062_Wiregate_Nut_Tool_web.jpg\",\"width\":600,\"height\":540,\"caption\":\"wiregate nut tool\"},{\"@type\":\"BreadcrumbList\",\"@id\":\"https:\/\/www.sestogrado.it\/it\/prodotto\/black-diamond-wiregate-nut-tool-per-rimuovere-i-dadi\/#breadcrumb\",\"itemListElement\":[{\"@type\":\"ListItem\",\"position\":1,\"name\":\"Home\",\"item\":\"https:\/\/www.sestogrado.it\/it\/\"},{\"@type\":\"ListItem\",\"position\":2,\"name\":\"Shop\",\"item\":\"https:\/\/www.sestogrado.it\/it\/shop\/\"},{\"@type\":\"ListItem\",\"position\":3,\"name\":\"Black Diamond Wiregate Nut Tool per rimuovere i dadi\"}]},{\"@type\":\"WebSite\",\"@id\":\"https:\/\/www.sestogrado.it\/it\/#website\",\"url\":\"https:\/\/www.sestogrado.it\/it\/\",\"name\":\"Sestogrado\",\"description\":\"yes we climb\",\"publisher\":{\"@id\":\"https:\/\/www.sestogrado.it\/it\/#organization\"},\"potentialAction\":[{\"@type\":\"SearchAction\",\"target\":{\"@type\":\"EntryPoint\",\"urlTemplate\":\"https:\/\/www.sestogrado.it\/it\/?s={search_term_string}\"},\"query-input\":{\"@type\":\"PropertyValueSpecification\",\"valueRequired\":true,\"valueName\":\"search_term_string\"}}],\"inLanguage\":\"it-IT\"},{\"@type\":\"Organization\",\"@id\":\"https:\/\/www.sestogrado.it\/it\/#organization\",\"name\":\"Sestogrado\",\"url\":\"https:\/\/www.sestogrado.it\/it\/\",\"logo\":{\"@type\":\"ImageObject\",\"inLanguage\":\"it-IT\",\"@id\":\"https:\/\/www.sestogrado.it\/it\/#\/schema\/logo\/image\/\",\"url\":\"https:\/\/www.sestogrado.it\/wp-content\/uploads\/2015\/03\/sestogrado-favicon.png\",\"contentUrl\":\"https:\/\/www.sestogrado.it\/wp-content\/uploads\/2015\/03\/sestogrado-favicon.png\",\"width\":260,\"height\":260,\"caption\":\"Sestogrado\"},\"image\":{\"@id\":\"https:\/\/www.sestogrado.it\/it\/#\/schema\/logo\/image\/\"},\"sameAs\":[\"https:\/\/www.facebook.com\/pages\/Sestogrado\/1542635979353017?ref=bookmarks\",\"https:\/\/www.youtube.com\/channel\/UC847kAfTkaJsWpc1jtQwr3Q\"],\"hasMerchantReturnPolicy\":{\"@type\":\"MerchantReturnPolicy\",\"merchantReturnLink\":\"https:\/\/www.sestogrado.it\/it\/termini-e-condizioni\/\"}}]}<\/script>\n<meta property=\"product:brand\" content=\"Black Diamond\" \/>\n<meta property=\"product:price:amount\" content=\"19.00\" \/>\n<meta property=\"product:price:currency\" content=\"EUR\" \/>\n<meta property=\"og:availability\" content=\"instock\" \/>\n<meta property=\"product:availability\" content=\"instock\" \/>\n<meta property=\"product:condition\" content=\"new\" \/>\n<!-- \/ Yoast SEO plugin. -->","yoast_head_json":{"title":"Black Diamond Wiregate Nut Tool per rimuovere i dadi - Sestogrado","description":"Il Black Ddiamond Wiregate Nut Tool \u00e8 un cavadadi o cavanut per rimuovere le protezioni veloci incastrate nella roccia. E' dotato di un moschettone a filo che ne consente un rapido aggancio all'imbrago.moschettone a filo per aggancio all'imbragogancio arrotondatoDal profilo arrotondato e facile da impugnare, il Black Diamond Wiregate Nut Tool, aiuta a risolvere problemi che si incontrano nelle vie trad.","robots":{"index":"index","follow":"follow","max-snippet":"max-snippet:-1","max-image-preview":"max-image-preview:large","max-video-preview":"max-video-preview:-1"},"canonical":"https:\/\/www.sestogrado.it\/it\/prodotto\/black-diamond-wiregate-nut-tool-per-rimuovere-i-dadi\/","og_locale":"it_IT","og_type":"article","og_title":"Black Diamond Wiregate Nut Tool per rimuovere i dadi - Sestogrado","og_description":"Il Black Ddiamond Wiregate Nut Tool \u00e8 un cavadadi o cavanut per rimuovere le protezioni veloci incastrate nella roccia. E' dotato di un moschettone a filo che ne consente un rapido aggancio all'imbrago.moschettone a filo per aggancio all'imbragogancio arrotondatoDal profilo arrotondato e facile da impugnare, il Black Diamond Wiregate Nut Tool, aiuta a risolvere problemi che si incontrano nelle vie trad.","og_url":"https:\/\/www.sestogrado.it\/it\/prodotto\/black-diamond-wiregate-nut-tool-per-rimuovere-i-dadi\/","og_site_name":"Sestogrado","article_publisher":"https:\/\/www.facebook.com\/pages\/Sestogrado\/1542635979353017?ref=bookmarks","article_modified_time":"2026-03-18T12:39:12+00:00","og_image":[{"width":600,"height":540,"url":"https:\/\/www.sestogrado.it\/wp-content\/uploads\/2020\/07\/620062_Wiregate_Nut_Tool_web.jpg","type":"image\/jpeg"}],"twitter_misc":{"Prezzo":"&euro;&nbsp;19,00","Disponibilit\u00e0":"In stock"},"schema":{"@context":"https:\/\/schema.org","@graph":[{"@type":"WebPage","@id":"https:\/\/www.sestogrado.it\/it\/prodotto\/black-diamond-wiregate-nut-tool-per-rimuovere-i-dadi\/","url":"https:\/\/www.sestogrado.it\/it\/prodotto\/black-diamond-wiregate-nut-tool-per-rimuovere-i-dadi\/","name":"Black Diamond Wiregate Nut Tool per rimuovere i dadi - Sestogrado","isPartOf":{"@id":"https:\/\/www.sestogrado.it\/it\/#website"},"primaryImageOfPage":{"@id":"https:\/\/www.sestogrado.it\/it\/prodotto\/black-diamond-wiregate-nut-tool-per-rimuovere-i-dadi\/#primaryimage"},"image":{"@id":"https:\/\/www.sestogrado.it\/prodotto\/black-diamond-wiregate-nut-tool-per-rimuovere-i-dadi\/#primaryimage"},"thumbnailUrl":"https:\/\/www.sestogrado.it\/wp-content\/uploads\/2020\/07\/620062_Wiregate_Nut_Tool_web.jpg","datePublished":"2020-07-08T12:07:44+00:00","dateModified":"2026-03-18T12:39:12+00:00","description":"Il Black Ddiamond Wiregate Nut Tool \u00e8 un cavadadi o cavanut per rimuovere le protezioni veloci incastrate nella roccia. E' dotato di un moschettone a filo che ne consente un rapido aggancio all'imbrago.moschettone a filo per aggancio all'imbragogancio arrotondatoDal profilo arrotondato e facile da impugnare, il Black Diamond Wiregate Nut Tool, aiuta a risolvere problemi che si incontrano nelle vie trad.","breadcrumb":{"@id":"https:\/\/www.sestogrado.it\/it\/prodotto\/black-diamond-wiregate-nut-tool-per-rimuovere-i-dadi\/#breadcrumb"},"inLanguage":"it-IT","potentialAction":[{"@type":"ReadAction","target":[["https:\/\/www.sestogrado.it\/it\/prodotto\/black-diamond-wiregate-nut-tool-per-rimuovere-i-dadi\/"]]}]},{"@type":"ImageObject","inLanguage":"it-IT","@id":"https:\/\/www.sestogrado.it\/it\/prodotto\/black-diamond-wiregate-nut-tool-per-rimuovere-i-dadi\/#primaryimage","url":"https:\/\/www.sestogrado.it\/wp-content\/uploads\/2020\/07\/620062_Wiregate_Nut_Tool_web.jpg","contentUrl":"https:\/\/www.sestogrado.it\/wp-content\/uploads\/2020\/07\/620062_Wiregate_Nut_Tool_web.jpg","width":600,"height":540,"caption":"wiregate nut tool"},{"@type":"BreadcrumbList","@id":"https:\/\/www.sestogrado.it\/it\/prodotto\/black-diamond-wiregate-nut-tool-per-rimuovere-i-dadi\/#breadcrumb","itemListElement":[{"@type":"ListItem","position":1,"name":"Home","item":"https:\/\/www.sestogrado.it\/it\/"},{"@type":"ListItem","position":2,"name":"Shop","item":"https:\/\/www.sestogrado.it\/it\/shop\/"},{"@type":"ListItem","position":3,"name":"Black Diamond Wiregate Nut Tool per rimuovere i dadi"}]},{"@type":"WebSite","@id":"https:\/\/www.sestogrado.it\/it\/#website","url":"https:\/\/www.sestogrado.it\/it\/","name":"Sestogrado","description":"yes we climb","publisher":{"@id":"https:\/\/www.sestogrado.it\/it\/#organization"},"potentialAction":[{"@type":"SearchAction","target":{"@type":"EntryPoint","urlTemplate":"https:\/\/www.sestogrado.it\/it\/?s={search_term_string}"},"query-input":{"@type":"PropertyValueSpecification","valueRequired":true,"valueName":"search_term_string"}}],"inLanguage":"it-IT"},{"@type":"Organization","@id":"https:\/\/www.sestogrado.it\/it\/#organization","name":"Sestogrado","url":"https:\/\/www.sestogrado.it\/it\/","logo":{"@type":"ImageObject","inLanguage":"it-IT","@id":"https:\/\/www.sestogrado.it\/it\/#\/schema\/logo\/image\/","url":"https:\/\/www.sestogrado.it\/wp-content\/uploads\/2015\/03\/sestogrado-favicon.png","contentUrl":"https:\/\/www.sestogrado.it\/wp-content\/uploads\/2015\/03\/sestogrado-favicon.png","width":260,"height":260,"caption":"Sestogrado"},"image":{"@id":"https:\/\/www.sestogrado.it\/it\/#\/schema\/logo\/image\/"},"sameAs":["https:\/\/www.facebook.com\/pages\/Sestogrado\/1542635979353017?ref=bookmarks","https:\/\/www.youtube.com\/channel\/UC847kAfTkaJsWpc1jtQwr3Q"],"hasMerchantReturnPolicy":{"@type":"MerchantReturnPolicy","merchantReturnLink":"https:\/\/www.sestogrado.it\/it\/termini-e-condizioni\/"}}]},"product_brand":"Black Diamond","product_price_amount":"19.00","product_price_currency":"EUR","og_availability":"instock","product_availability":"instock","product_condition":"new"},"_links":{"self":[{"href":"https:\/\/www.sestogrado.it\/it\/wp-json\/wp\/v2\/product\/36183","targetHints":{"allow":["GET"]}}],"collection":[{"href":"https:\/\/www.sestogrado.it\/it\/wp-json\/wp\/v2\/product"}],"about":[{"href":"https:\/\/www.sestogrado.it\/it\/wp-json\/wp\/v2\/types\/product"}],"replies":[{"embeddable":true,"href":"https:\/\/www.sestogrado.it\/it\/wp-json\/wp\/v2\/comments?post=36183"}],"wp:featuredmedia":[{"embeddable":true,"href":"https:\/\/www.sestogrado.it\/it\/wp-json\/wp\/v2\/media\/36185"}],"wp:attachment":[{"href":"https:\/\/www.sestogrado.it\/it\/wp-json\/wp\/v2\/media?parent=36183"}],"wp:term":[{"taxonomy":"product_brand","embeddable":true,"href":"https:\/\/www.sestogrado.it\/it\/wp-json\/wp\/v2\/product_brand?post=36183"},{"taxonomy":"product_cat","embeddable":true,"href":"https:\/\/www.sestogrado.it\/it\/wp-json\/wp\/v2\/product_cat?post=36183"},{"taxonomy":"product_tag","embeddable":true,"href":"https:\/\/www.sestogrado.it\/it\/wp-json\/wp\/v2\/product_tag?post=36183"}],"curies":[{"name":"wp","href":"https:\/\/api.w.org\/{rel}","templated":true}]}}