{"id":346,"date":"2015-03-09T19:00:56","date_gmt":"2015-03-09T18:00:56","guid":{"rendered":"http:\/\/www.sestogrado.it\/?post_type=product&#038;p=346"},"modified":"2026-05-05T09:32:30","modified_gmt":"2026-05-05T07:32:30","slug":"edelweiss-flashlight-ii-10-0-corda-arrampicata","status":"publish","type":"product","link":"https:\/\/www.sestogrado.it\/it\/prodotto\/edelweiss-flashlight-ii-10-0-corda-arrampicata\/","title":{"rendered":"Edelweiss Flashlight II 10.0 corda arrampicata"},"content":{"rendered":"<p>La Edelweiss Flashlight II 10.0 \u00e8 una corda di affermata progettazione ed estremamente diffusa nel mercato americano per le sue doti di facilit\u00e0 d&#8217;uso e comodit\u00e0 di assicurazione. E&#8217; una delle nostre corde preferite che utilizziamo per testare i materiali in falesia, leggi la nostra <a href=\"https:\/\/www.sestogrado.it\/box\/recensione-corda-edelweiss-flashlight-ii-10mm\/\" target=\"_blank\" rel=\"noopener noreferrer\">recensione<\/a>.<\/p>\n<p>Parte della linea Essential Line di Edelweiss, la Flashlight II 10.0 \u00e8 una corda singola dinamica robusta e resistente, facile e maneggevole da usare con una forza di arresto bassa\u00a0(8.2Kn) ed un peso al metro piuttosto contenuto per il suo spessore (63g\/m).\u00a0Questo perch\u00e9 la calza ha un rapporto importante rispetto all&#8217;anima della corda, studiata\u00a0apposta per essere resistente alle abrasioni ed agli spigoli.<\/p>\n<p>&#8220;Fatta per essere usata ed abusata&#8221;:\u00a0Arrampichi con una certa frequenza? ti piace lavorare le vie? arrampichi spesso in toprope? allora la Edelweiss Flashlight II \u00e8 la corda che fa per te. Con uno spessore di 10.0 \u00e8 una corda che si fa &#8220;maltrattare&#8221; su tiri da lavorare.\u00a0Perfetta per ogni giorno di arrampicata sia in falesia sia in indoor.<\/p>\n<ul>\n<li>Marcatura middle mark: la met\u00e0 corda \u00e8 segnata, le doppie sono pi\u00f9 facili e le calate pi\u00f9 sicure.<\/li>\n<li>Forza di arresto bassa 8.2kN<\/li>\n<li>Calza spessa, la corda resiste a lungo a calate e manovre<\/li>\n<li>La colorazione rosso fluo si far\u00e0 notare.<\/li>\n<\/ul>\n<p>&nbsp;<\/p>\n<p>La Edelweiss \u00e8 una azienda francese parte del gruppo Beal con cui condivide, oltre alla sede a Vienne, anche il know how tecnologico su alcuni brevetti come il trattamento unicore. I prodotti Edelweiss sono fedeli alla loro reputazione di solidit\u00e0 e affidabilit\u00e0, in una gamma che va dall\u2019alpinismo, al torrentismo, al climbing in cui la sicurezza e la libert\u00e0 di divertimento sono tutto.<\/p>\n","protected":false},"excerpt":{"rendered":"<p>La Edelweiss Flashlight II 10.0 \u00e8 una corda di affermata progettazione ed estremamente diffusa nel mercato americano per le sue [&hellip;]<\/p>\n","protected":false},"featured_media":52368,"comment_status":"open","ping_status":"closed","template":"","meta":{"_acf_changed":false},"product_brand":[52],"product_cat":[16,136],"product_tag":[413,416],"class_list":{"0":"post-346","1":"product","2":"type-product","3":"status-publish","4":"has-post-thumbnail","6":"product_brand-edelweiss","7":"product_cat-corde","8":"product_cat-corde-corde","9":"product_tag-corda-singola","10":"product_tag-corda-singola-dinamica","12":"first","13":"instock","14":"sale","15":"taxable","16":"shipping-taxable","17":"purchasable","18":"product-type-variable"},"acf":[],"yoast_head":"<!-- This site is optimized with the Yoast SEO plugin v26.4 - https:\/\/yoast.com\/wordpress\/plugins\/seo\/ -->\n<title>Edelweiss Flashlight II 10.0 corda arrampicata - Sestogrado<\/title>\n<meta name=\"description\" content=\"La Edelweiss Flashlight II 10.0 \u00e8 la sintesi perfetta per durata, facilit\u00e0 d\u2019uso e comodit\u00e0 di assicurazione. E\u2019 la corda perfetta per ogni giorno in parete. E&#039; una corda singola dinamica facile e maneggevole da usare con una forza di arresto bassa\u00a0(8.2Kn) ed un peso al metro piuttosto contenuto (63g\/m).\" \/>\n<meta name=\"robots\" content=\"index, follow, max-snippet:-1, max-image-preview:large, max-video-preview:-1\" \/>\n<link rel=\"canonical\" href=\"https:\/\/www.sestogrado.it\/it\/prodotto\/edelweiss-flashlight-ii-10-0-corda-arrampicata\/\" \/>\n<meta property=\"og:locale\" content=\"it_IT\" \/>\n<meta property=\"og:type\" content=\"article\" \/>\n<meta property=\"og:title\" content=\"Edelweiss Flashlight II 10.0 corda arrampicata - Sestogrado\" \/>\n<meta property=\"og:description\" content=\"La Edelweiss Flashlight II 10.0 \u00e8 la sintesi perfetta per durata, facilit\u00e0 d\u2019uso e comodit\u00e0 di assicurazione. E\u2019 la corda perfetta per ogni giorno in parete. E&#039; una corda singola dinamica facile e maneggevole da usare con una forza di arresto bassa\u00a0(8.2Kn) ed un peso al metro piuttosto contenuto (63g\/m).\" \/>\n<meta property=\"og:url\" content=\"https:\/\/www.sestogrado.it\/it\/prodotto\/edelweiss-flashlight-ii-10-0-corda-arrampicata\/\" \/>\n<meta property=\"og:site_name\" content=\"Sestogrado\" \/>\n<meta property=\"article:publisher\" content=\"https:\/\/www.facebook.com\/pages\/Sestogrado\/1542635979353017?ref=bookmarks\" \/>\n<meta property=\"article:modified_time\" content=\"2026-05-05T07:32:30+00:00\" \/>\n<meta property=\"og:image\" content=\"https:\/\/www.sestogrado.it\/wp-content\/uploads\/2015\/03\/Flashlight-1.jpg\" \/>\n\t<meta property=\"og:image:width\" content=\"720\" \/>\n\t<meta property=\"og:image:height\" content=\"720\" \/>\n\t<meta property=\"og:image:type\" content=\"image\/jpeg\" \/>\n<meta name=\"twitter:label1\" content=\"Disponibilit\u00e0\" \/>\n\t<meta name=\"twitter:data1\" content=\"In stock\" \/>\n<script type=\"application\/ld+json\" class=\"yoast-schema-graph\">{\"@context\":\"https:\/\/schema.org\",\"@graph\":[{\"@type\":\"WebPage\",\"@id\":\"https:\/\/www.sestogrado.it\/it\/prodotto\/edelweiss-flashlight-ii-10-0-corda-arrampicata\/\",\"url\":\"https:\/\/www.sestogrado.it\/it\/prodotto\/edelweiss-flashlight-ii-10-0-corda-arrampicata\/\",\"name\":\"Edelweiss Flashlight II 10.0 corda arrampicata - Sestogrado\",\"isPartOf\":{\"@id\":\"https:\/\/www.sestogrado.it\/it\/#website\"},\"primaryImageOfPage\":{\"@id\":\"https:\/\/www.sestogrado.it\/it\/prodotto\/edelweiss-flashlight-ii-10-0-corda-arrampicata\/#primaryimage\"},\"image\":{\"@id\":\"https:\/\/www.sestogrado.it\/prodotto\/edelweiss-flashlight-ii-10-0-corda-arrampicata\/#primaryimage\"},\"thumbnailUrl\":\"https:\/\/www.sestogrado.it\/wp-content\/uploads\/2015\/03\/Flashlight-1.jpg\",\"datePublished\":\"2015-03-09T18:00:56+00:00\",\"dateModified\":\"2026-05-05T07:32:30+00:00\",\"description\":\"La Edelweiss Flashlight II 10.0 \u00e8 la sintesi perfetta per durata, facilit\u00e0 d\u2019uso e comodit\u00e0 di assicurazione. E\u2019 la corda perfetta per ogni giorno in parete. E' una corda singola dinamica facile e maneggevole da usare con una forza di arresto bassa\u00a0(8.2Kn) ed un peso al metro piuttosto contenuto (63g\/m).\",\"breadcrumb\":{\"@id\":\"https:\/\/www.sestogrado.it\/it\/prodotto\/edelweiss-flashlight-ii-10-0-corda-arrampicata\/#breadcrumb\"},\"inLanguage\":\"it-IT\",\"potentialAction\":[{\"@type\":\"ReadAction\",\"target\":[[\"https:\/\/www.sestogrado.it\/it\/prodotto\/edelweiss-flashlight-ii-10-0-corda-arrampicata\/\"]]}]},{\"@type\":\"ImageObject\",\"inLanguage\":\"it-IT\",\"@id\":\"https:\/\/www.sestogrado.it\/it\/prodotto\/edelweiss-flashlight-ii-10-0-corda-arrampicata\/#primaryimage\",\"url\":\"https:\/\/www.sestogrado.it\/wp-content\/uploads\/2015\/03\/Flashlight-1.jpg\",\"contentUrl\":\"https:\/\/www.sestogrado.it\/wp-content\/uploads\/2015\/03\/Flashlight-1.jpg\",\"width\":720,\"height\":720,\"caption\":\"edelweiss Flashlight\"},{\"@type\":\"BreadcrumbList\",\"@id\":\"https:\/\/www.sestogrado.it\/it\/prodotto\/edelweiss-flashlight-ii-10-0-corda-arrampicata\/#breadcrumb\",\"itemListElement\":[{\"@type\":\"ListItem\",\"position\":1,\"name\":\"Home\",\"item\":\"https:\/\/www.sestogrado.it\/it\/\"},{\"@type\":\"ListItem\",\"position\":2,\"name\":\"Shop\",\"item\":\"https:\/\/www.sestogrado.it\/it\/shop\/\"},{\"@type\":\"ListItem\",\"position\":3,\"name\":\"Edelweiss Flashlight II 10.0 corda arrampicata\"}]},{\"@type\":\"WebSite\",\"@id\":\"https:\/\/www.sestogrado.it\/it\/#website\",\"url\":\"https:\/\/www.sestogrado.it\/it\/\",\"name\":\"Sestogrado\",\"description\":\"yes we climb\",\"publisher\":{\"@id\":\"https:\/\/www.sestogrado.it\/it\/#organization\"},\"potentialAction\":[{\"@type\":\"SearchAction\",\"target\":{\"@type\":\"EntryPoint\",\"urlTemplate\":\"https:\/\/www.sestogrado.it\/it\/?s={search_term_string}\"},\"query-input\":{\"@type\":\"PropertyValueSpecification\",\"valueRequired\":true,\"valueName\":\"search_term_string\"}}],\"inLanguage\":\"it-IT\"},{\"@type\":\"Organization\",\"@id\":\"https:\/\/www.sestogrado.it\/it\/#organization\",\"name\":\"Sestogrado\",\"url\":\"https:\/\/www.sestogrado.it\/it\/\",\"logo\":{\"@type\":\"ImageObject\",\"inLanguage\":\"it-IT\",\"@id\":\"https:\/\/www.sestogrado.it\/it\/#\/schema\/logo\/image\/\",\"url\":\"https:\/\/www.sestogrado.it\/wp-content\/uploads\/2015\/03\/sestogrado-favicon.png\",\"contentUrl\":\"https:\/\/www.sestogrado.it\/wp-content\/uploads\/2015\/03\/sestogrado-favicon.png\",\"width\":260,\"height\":260,\"caption\":\"Sestogrado\"},\"image\":{\"@id\":\"https:\/\/www.sestogrado.it\/it\/#\/schema\/logo\/image\/\"},\"sameAs\":[\"https:\/\/www.facebook.com\/pages\/Sestogrado\/1542635979353017?ref=bookmarks\",\"https:\/\/www.youtube.com\/channel\/UC847kAfTkaJsWpc1jtQwr3Q\"],\"hasMerchantReturnPolicy\":{\"@type\":\"MerchantReturnPolicy\",\"merchantReturnLink\":\"https:\/\/www.sestogrado.it\/it\/termini-e-condizioni\/\"}}]}<\/script>\n<meta property=\"product:brand\" content=\"Edelweiss\" \/>\n<meta property=\"og:availability\" content=\"instock\" \/>\n<meta property=\"product:availability\" content=\"instock\" \/>\n<meta property=\"product:retailer_item_id\" content=\"C2P10\" \/>\n<meta property=\"product:condition\" content=\"new\" \/>\n<!-- \/ Yoast SEO plugin. -->","yoast_head_json":{"title":"Edelweiss Flashlight II 10.0 corda arrampicata - Sestogrado","description":"La Edelweiss Flashlight II 10.0 \u00e8 la sintesi perfetta per durata, facilit\u00e0 d\u2019uso e comodit\u00e0 di assicurazione. E\u2019 la corda perfetta per ogni giorno in parete. E' una corda singola dinamica facile e maneggevole da usare con una forza di arresto bassa\u00a0(8.2Kn) ed un peso al metro piuttosto contenuto (63g\/m).","robots":{"index":"index","follow":"follow","max-snippet":"max-snippet:-1","max-image-preview":"max-image-preview:large","max-video-preview":"max-video-preview:-1"},"canonical":"https:\/\/www.sestogrado.it\/it\/prodotto\/edelweiss-flashlight-ii-10-0-corda-arrampicata\/","og_locale":"it_IT","og_type":"article","og_title":"Edelweiss Flashlight II 10.0 corda arrampicata - Sestogrado","og_description":"La Edelweiss Flashlight II 10.0 \u00e8 la sintesi perfetta per durata, facilit\u00e0 d\u2019uso e comodit\u00e0 di assicurazione. E\u2019 la corda perfetta per ogni giorno in parete. E' una corda singola dinamica facile e maneggevole da usare con una forza di arresto bassa\u00a0(8.2Kn) ed un peso al metro piuttosto contenuto (63g\/m).","og_url":"https:\/\/www.sestogrado.it\/it\/prodotto\/edelweiss-flashlight-ii-10-0-corda-arrampicata\/","og_site_name":"Sestogrado","article_publisher":"https:\/\/www.facebook.com\/pages\/Sestogrado\/1542635979353017?ref=bookmarks","article_modified_time":"2026-05-05T07:32:30+00:00","og_image":[{"width":720,"height":720,"url":"https:\/\/www.sestogrado.it\/wp-content\/uploads\/2015\/03\/Flashlight-1.jpg","type":"image\/jpeg"}],"twitter_misc":{"Disponibilit\u00e0":"In stock"},"schema":{"@context":"https:\/\/schema.org","@graph":[{"@type":"WebPage","@id":"https:\/\/www.sestogrado.it\/it\/prodotto\/edelweiss-flashlight-ii-10-0-corda-arrampicata\/","url":"https:\/\/www.sestogrado.it\/it\/prodotto\/edelweiss-flashlight-ii-10-0-corda-arrampicata\/","name":"Edelweiss Flashlight II 10.0 corda arrampicata - Sestogrado","isPartOf":{"@id":"https:\/\/www.sestogrado.it\/it\/#website"},"primaryImageOfPage":{"@id":"https:\/\/www.sestogrado.it\/it\/prodotto\/edelweiss-flashlight-ii-10-0-corda-arrampicata\/#primaryimage"},"image":{"@id":"https:\/\/www.sestogrado.it\/prodotto\/edelweiss-flashlight-ii-10-0-corda-arrampicata\/#primaryimage"},"thumbnailUrl":"https:\/\/www.sestogrado.it\/wp-content\/uploads\/2015\/03\/Flashlight-1.jpg","datePublished":"2015-03-09T18:00:56+00:00","dateModified":"2026-05-05T07:32:30+00:00","description":"La Edelweiss Flashlight II 10.0 \u00e8 la sintesi perfetta per durata, facilit\u00e0 d\u2019uso e comodit\u00e0 di assicurazione. E\u2019 la corda perfetta per ogni giorno in parete. E' una corda singola dinamica facile e maneggevole da usare con una forza di arresto bassa\u00a0(8.2Kn) ed un peso al metro piuttosto contenuto (63g\/m).","breadcrumb":{"@id":"https:\/\/www.sestogrado.it\/it\/prodotto\/edelweiss-flashlight-ii-10-0-corda-arrampicata\/#breadcrumb"},"inLanguage":"it-IT","potentialAction":[{"@type":"ReadAction","target":[["https:\/\/www.sestogrado.it\/it\/prodotto\/edelweiss-flashlight-ii-10-0-corda-arrampicata\/"]]}]},{"@type":"ImageObject","inLanguage":"it-IT","@id":"https:\/\/www.sestogrado.it\/it\/prodotto\/edelweiss-flashlight-ii-10-0-corda-arrampicata\/#primaryimage","url":"https:\/\/www.sestogrado.it\/wp-content\/uploads\/2015\/03\/Flashlight-1.jpg","contentUrl":"https:\/\/www.sestogrado.it\/wp-content\/uploads\/2015\/03\/Flashlight-1.jpg","width":720,"height":720,"caption":"edelweiss Flashlight"},{"@type":"BreadcrumbList","@id":"https:\/\/www.sestogrado.it\/it\/prodotto\/edelweiss-flashlight-ii-10-0-corda-arrampicata\/#breadcrumb","itemListElement":[{"@type":"ListItem","position":1,"name":"Home","item":"https:\/\/www.sestogrado.it\/it\/"},{"@type":"ListItem","position":2,"name":"Shop","item":"https:\/\/www.sestogrado.it\/it\/shop\/"},{"@type":"ListItem","position":3,"name":"Edelweiss Flashlight II 10.0 corda arrampicata"}]},{"@type":"WebSite","@id":"https:\/\/www.sestogrado.it\/it\/#website","url":"https:\/\/www.sestogrado.it\/it\/","name":"Sestogrado","description":"yes we climb","publisher":{"@id":"https:\/\/www.sestogrado.it\/it\/#organization"},"potentialAction":[{"@type":"SearchAction","target":{"@type":"EntryPoint","urlTemplate":"https:\/\/www.sestogrado.it\/it\/?s={search_term_string}"},"query-input":{"@type":"PropertyValueSpecification","valueRequired":true,"valueName":"search_term_string"}}],"inLanguage":"it-IT"},{"@type":"Organization","@id":"https:\/\/www.sestogrado.it\/it\/#organization","name":"Sestogrado","url":"https:\/\/www.sestogrado.it\/it\/","logo":{"@type":"ImageObject","inLanguage":"it-IT","@id":"https:\/\/www.sestogrado.it\/it\/#\/schema\/logo\/image\/","url":"https:\/\/www.sestogrado.it\/wp-content\/uploads\/2015\/03\/sestogrado-favicon.png","contentUrl":"https:\/\/www.sestogrado.it\/wp-content\/uploads\/2015\/03\/sestogrado-favicon.png","width":260,"height":260,"caption":"Sestogrado"},"image":{"@id":"https:\/\/www.sestogrado.it\/it\/#\/schema\/logo\/image\/"},"sameAs":["https:\/\/www.facebook.com\/pages\/Sestogrado\/1542635979353017?ref=bookmarks","https:\/\/www.youtube.com\/channel\/UC847kAfTkaJsWpc1jtQwr3Q"],"hasMerchantReturnPolicy":{"@type":"MerchantReturnPolicy","merchantReturnLink":"https:\/\/www.sestogrado.it\/it\/termini-e-condizioni\/"}}]},"product_brand":"Edelweiss","og_availability":"instock","product_availability":"instock","product_retailer_item_id":"C2P10","product_condition":"new"},"_links":{"self":[{"href":"https:\/\/www.sestogrado.it\/it\/wp-json\/wp\/v2\/product\/346","targetHints":{"allow":["GET"]}}],"collection":[{"href":"https:\/\/www.sestogrado.it\/it\/wp-json\/wp\/v2\/product"}],"about":[{"href":"https:\/\/www.sestogrado.it\/it\/wp-json\/wp\/v2\/types\/product"}],"replies":[{"embeddable":true,"href":"https:\/\/www.sestogrado.it\/it\/wp-json\/wp\/v2\/comments?post=346"}],"wp:featuredmedia":[{"embeddable":true,"href":"https:\/\/www.sestogrado.it\/it\/wp-json\/wp\/v2\/media\/52368"}],"wp:attachment":[{"href":"https:\/\/www.sestogrado.it\/it\/wp-json\/wp\/v2\/media?parent=346"}],"wp:term":[{"taxonomy":"product_brand","embeddable":true,"href":"https:\/\/www.sestogrado.it\/it\/wp-json\/wp\/v2\/product_brand?post=346"},{"taxonomy":"product_cat","embeddable":true,"href":"https:\/\/www.sestogrado.it\/it\/wp-json\/wp\/v2\/product_cat?post=346"},{"taxonomy":"product_tag","embeddable":true,"href":"https:\/\/www.sestogrado.it\/it\/wp-json\/wp\/v2\/product_tag?post=346"}],"curies":[{"name":"wp","href":"https:\/\/api.w.org\/{rel}","templated":true}]}}