{"id":34579,"date":"2024-11-27T08:00:05","date_gmt":"2024-11-27T07:00:05","guid":{"rendered":"https:\/\/www.sestogrado.it\/?post_type=product&#038;p=34579"},"modified":"2026-04-29T18:07:51","modified_gmt":"2026-04-29T16:07:51","slug":"grivel-the-north-machine-piccozza-da-ghiaccio","status":"publish","type":"product","link":"https:\/\/www.sestogrado.it\/it\/prodotto\/grivel-the-north-machine-piccozza-da-ghiaccio\/","title":{"rendered":"Grivel The North Machine piccozza da ghiaccio"},"content":{"rendered":"<p>La Grivel The North Machine \u00e8 una\u00a0piccozza tecnica progettata per l&#8217;alpinismo di alto livello, le pareti nord e l&#8217;arrampicata sul ghiaccio. Molto polivalente, \u00e8 dedicata all&#8217;alpinista pi\u00f9 esigente nelle sue avventure. Il Vario system consente la scelta di varie lame e vari accessori, adatti ad ogni esigenza. Il manico G bone con scanalature laterali consente una maggiore resistenza e rigidit\u00e0 con uno spessore inferiore. \u00a0Dispone di un&#8217;impugnatura ergonomica e la sua forma aiuta \u00a0a proteggere le dita. Puntale in widia.<\/p>\n<p>Il Vario System \u00e8 un sistema innovativo per lame e accessori intercambiabili. \u00c8 compatibile con tutte le piccozze della famiglia Machine (<a href=\"https:\/\/www.sestogrado.it\/it\/prodotto\/grivel-the-light-machine-piccozza\/\" target=\"_blank\" rel=\"noopener noreferrer\">Light Machine<\/a>, <a href=\"https:\/\/www.sestogrado.it\/it\/prodotto\/grivel-the-tech-machine-piccozza-ghiaccio\/\" target=\"_blank\" rel=\"noopener\">Tech Machine<\/a>).<\/p>\n<ul>\n<li>Attivit\u00e0: alpinismo tecnico, arrampicata sul ghiaccio<\/li>\n<li>Materiali \/ costruzione \/ tecnologie: lame e accessori in\u00a0acciaio, manico in alluminio<\/li>\n<li>Certificazione: CE EN 13089, type 2, UIAA 152<\/li>\n<li>Lame consigliate:\u00a0Ice Vario,\u00a0Total Ice\u00a0Vario,\u00a0Total Dry Vario<\/li>\n<li>Peso: 515g (18,2 once)<\/li>\n<li>Misura:\u00a047 cm<\/li>\n<\/ul>\n<p>&nbsp;<\/p>\n<p>La Grivel The North Machine \u00e8 ideale per ghiaccio verticale, cascate e l&#8217;alpinismo tecnico. Il rapporto peso-battuta \u00e8 molto buono, \u00e8 leggera e molto comoda per le mani. \u00c8 anche comoda per gli avvicinamenti, camminando su ghiacciai ripidi. Polivalente per vie tecniche di misto in tutto il mondo e a tutte le quote.<\/p>\n<p>&nbsp;<\/p>\n<p>Nata nel 1818 a Courmayeur, la Grivel \u00e8 un\u2019azienda italiana che produce attrezzature ed equipaggiamenti per alpinismo, arrampicata ed outdoor esportando in 26 paesi.\u00a0\u00a0L\u2019azienda ha ottenuto la certificazione GS T\u00dcV dal 1992, ISO 9001 dal 1996, ISO 1400 dal 2004.\u00a0L\u2019obiettivo di\u00a0Grivel \u00e8 di facilitare la vita agli alpinisti e agli amanti della montagna\u00a0con prodotti tecnologicamente avanzati.<\/p>","protected":false},"excerpt":{"rendered":"<p>La Grivel The North Machine \u00e8 una\u00a0piccozza tecnica progettata per l&#8217;alpinismo di alto livello, le pareti nord e l&#8217;arrampicata sul [&hellip;]<\/p>\n","protected":false},"featured_media":175209,"comment_status":"open","ping_status":"closed","template":"","meta":{"_acf_changed":false},"product_brand":[126],"product_cat":[152],"product_tag":[],"class_list":{"0":"post-34579","1":"product","2":"type-product","3":"status-publish","4":"has-post-thumbnail","6":"product_brand-grivel","7":"product_cat-piccozze","9":"first","10":"outofstock","11":"sale","12":"taxable","13":"shipping-taxable","14":"purchasable","15":"product-type-variable"},"acf":[],"yoast_head":"<!-- This site is optimized with the Yoast SEO plugin v26.4 - https:\/\/yoast.com\/wordpress\/plugins\/seo\/ -->\n<title>Grivel The North Machine piccozza da ghiaccio - Sestogrado<\/title>\n<meta name=\"description\" content=\"La Grivel The North Machine \u00e8 una\u00a0piccozza tecnica progettata per l&#039;alpinismo di alto livello, le pareti nord e l&#039;arrampicata sul ghiaccio. Molto polivalente, \u00e8 dedicata all&#039;alpinista pi\u00f9 esigente nelle sue avventure. Il Vario system consente la scelta di varie lame e vari accessori, adatti ad ogni esigenza. Il manico G bone con scanalature laterali consente una maggiore resistenza e rigidit\u00e0 con uno spessore inferiore. \u00a0Dispone di un&#039;impugnatura ergonomica e la sua forma aiuta \u00a0a proteggere le dita. Puntale in widia.Il Vario System \u00e8 un sistema innovativo per lame e accessori intercambiabili. \u00c8 compatibile con tutte le piccozze della famiglia Machine (Light Machine, North Machine Carbon).\" \/>\n<meta name=\"robots\" content=\"index, follow, max-snippet:-1, max-image-preview:large, max-video-preview:-1\" \/>\n<link rel=\"canonical\" href=\"https:\/\/www.sestogrado.it\/it\/prodotto\/grivel-the-north-machine-piccozza-da-ghiaccio\/\" \/>\n<meta property=\"og:locale\" content=\"it_IT\" \/>\n<meta property=\"og:type\" content=\"article\" \/>\n<meta property=\"og:title\" content=\"Grivel The North Machine piccozza da ghiaccio - Sestogrado\" \/>\n<meta property=\"og:description\" content=\"La Grivel The North Machine \u00e8 una\u00a0piccozza tecnica progettata per l&#039;alpinismo di alto livello, le pareti nord e l&#039;arrampicata sul ghiaccio. Molto polivalente, \u00e8 dedicata all&#039;alpinista pi\u00f9 esigente nelle sue avventure. Il Vario system consente la scelta di varie lame e vari accessori, adatti ad ogni esigenza. Il manico G bone con scanalature laterali consente una maggiore resistenza e rigidit\u00e0 con uno spessore inferiore. \u00a0Dispone di un&#039;impugnatura ergonomica e la sua forma aiuta \u00a0a proteggere le dita. Puntale in widia.Il Vario System \u00e8 un sistema innovativo per lame e accessori intercambiabili. \u00c8 compatibile con tutte le piccozze della famiglia Machine (Light Machine, North Machine Carbon).\" \/>\n<meta property=\"og:url\" content=\"https:\/\/www.sestogrado.it\/it\/prodotto\/grivel-the-north-machine-piccozza-da-ghiaccio\/\" \/>\n<meta property=\"og:site_name\" content=\"Sestogrado\" \/>\n<meta property=\"article:publisher\" content=\"https:\/\/www.facebook.com\/pages\/Sestogrado\/1542635979353017?ref=bookmarks\" \/>\n<meta property=\"article:modified_time\" content=\"2026-04-29T16:07:51+00:00\" \/>\n<meta property=\"og:image\" content=\"https:\/\/www.sestogrado.it\/wp-content\/uploads\/2020\/06\/01-6.jpg\" \/>\n\t<meta property=\"og:image:width\" content=\"1800\" \/>\n\t<meta property=\"og:image:height\" content=\"1800\" \/>\n\t<meta property=\"og:image:type\" content=\"image\/jpeg\" \/>\n<meta name=\"twitter:label1\" content=\"Disponibilit\u00e0\" \/>\n\t<meta name=\"twitter:data1\" content=\"Esaurito\" \/>\n<script type=\"application\/ld+json\" class=\"yoast-schema-graph\">{\"@context\":\"https:\/\/schema.org\",\"@graph\":[{\"@type\":\"WebPage\",\"@id\":\"https:\/\/www.sestogrado.it\/it\/prodotto\/grivel-the-north-machine-piccozza-da-ghiaccio\/\",\"url\":\"https:\/\/www.sestogrado.it\/it\/prodotto\/grivel-the-north-machine-piccozza-da-ghiaccio\/\",\"name\":\"Grivel The North Machine piccozza da ghiaccio - Sestogrado\",\"isPartOf\":{\"@id\":\"https:\/\/www.sestogrado.it\/it\/#website\"},\"primaryImageOfPage\":{\"@id\":\"https:\/\/www.sestogrado.it\/it\/prodotto\/grivel-the-north-machine-piccozza-da-ghiaccio\/#primaryimage\"},\"image\":{\"@id\":\"https:\/\/www.sestogrado.it\/prodotto\/grivel-the-north-machine-piccozza-da-ghiaccio\/#primaryimage\"},\"thumbnailUrl\":\"https:\/\/www.sestogrado.it\/wp-content\/uploads\/2020\/06\/01-6.jpg\",\"datePublished\":\"2024-11-27T07:00:05+00:00\",\"dateModified\":\"2026-04-29T16:07:51+00:00\",\"description\":\"La Grivel The North Machine \u00e8 una\u00a0piccozza tecnica progettata per l'alpinismo di alto livello, le pareti nord e l'arrampicata sul ghiaccio. Molto polivalente, \u00e8 dedicata all'alpinista pi\u00f9 esigente nelle sue avventure. Il Vario system consente la scelta di varie lame e vari accessori, adatti ad ogni esigenza. Il manico G bone con scanalature laterali consente una maggiore resistenza e rigidit\u00e0 con uno spessore inferiore. \u00a0Dispone di un'impugnatura ergonomica e la sua forma aiuta \u00a0a proteggere le dita. Puntale in widia.Il Vario System \u00e8 un sistema innovativo per lame e accessori intercambiabili. \u00c8 compatibile con tutte le piccozze della famiglia Machine (Light Machine, North Machine Carbon).\",\"breadcrumb\":{\"@id\":\"https:\/\/www.sestogrado.it\/it\/prodotto\/grivel-the-north-machine-piccozza-da-ghiaccio\/#breadcrumb\"},\"inLanguage\":\"it-IT\",\"potentialAction\":[{\"@type\":\"ReadAction\",\"target\":[[\"https:\/\/www.sestogrado.it\/it\/prodotto\/grivel-the-north-machine-piccozza-da-ghiaccio\/\"]]}]},{\"@type\":\"ImageObject\",\"inLanguage\":\"it-IT\",\"@id\":\"https:\/\/www.sestogrado.it\/it\/prodotto\/grivel-the-north-machine-piccozza-da-ghiaccio\/#primaryimage\",\"url\":\"https:\/\/www.sestogrado.it\/wp-content\/uploads\/2020\/06\/01-6.jpg\",\"contentUrl\":\"https:\/\/www.sestogrado.it\/wp-content\/uploads\/2020\/06\/01-6.jpg\",\"width\":1800,\"height\":1800,\"caption\":\"north machine paletta\"},{\"@type\":\"BreadcrumbList\",\"@id\":\"https:\/\/www.sestogrado.it\/it\/prodotto\/grivel-the-north-machine-piccozza-da-ghiaccio\/#breadcrumb\",\"itemListElement\":[{\"@type\":\"ListItem\",\"position\":1,\"name\":\"Home\",\"item\":\"https:\/\/www.sestogrado.it\/it\/\"},{\"@type\":\"ListItem\",\"position\":2,\"name\":\"Shop\",\"item\":\"https:\/\/www.sestogrado.it\/it\/shop\/\"},{\"@type\":\"ListItem\",\"position\":3,\"name\":\"Grivel The North Machine piccozza da ghiaccio\"}]},{\"@type\":\"WebSite\",\"@id\":\"https:\/\/www.sestogrado.it\/it\/#website\",\"url\":\"https:\/\/www.sestogrado.it\/it\/\",\"name\":\"Sestogrado\",\"description\":\"yes we climb\",\"publisher\":{\"@id\":\"https:\/\/www.sestogrado.it\/it\/#organization\"},\"potentialAction\":[{\"@type\":\"SearchAction\",\"target\":{\"@type\":\"EntryPoint\",\"urlTemplate\":\"https:\/\/www.sestogrado.it\/it\/?s={search_term_string}\"},\"query-input\":{\"@type\":\"PropertyValueSpecification\",\"valueRequired\":true,\"valueName\":\"search_term_string\"}}],\"inLanguage\":\"it-IT\"},{\"@type\":\"Organization\",\"@id\":\"https:\/\/www.sestogrado.it\/it\/#organization\",\"name\":\"Sestogrado\",\"url\":\"https:\/\/www.sestogrado.it\/it\/\",\"logo\":{\"@type\":\"ImageObject\",\"inLanguage\":\"it-IT\",\"@id\":\"https:\/\/www.sestogrado.it\/it\/#\/schema\/logo\/image\/\",\"url\":\"https:\/\/www.sestogrado.it\/wp-content\/uploads\/2015\/03\/sestogrado-favicon.png\",\"contentUrl\":\"https:\/\/www.sestogrado.it\/wp-content\/uploads\/2015\/03\/sestogrado-favicon.png\",\"width\":260,\"height\":260,\"caption\":\"Sestogrado\"},\"image\":{\"@id\":\"https:\/\/www.sestogrado.it\/it\/#\/schema\/logo\/image\/\"},\"sameAs\":[\"https:\/\/www.facebook.com\/pages\/Sestogrado\/1542635979353017?ref=bookmarks\",\"https:\/\/www.youtube.com\/channel\/UC847kAfTkaJsWpc1jtQwr3Q\"],\"hasMerchantReturnPolicy\":{\"@type\":\"MerchantReturnPolicy\",\"merchantReturnLink\":\"https:\/\/www.sestogrado.it\/it\/termini-e-condizioni\/\"}}]}<\/script>\n<meta property=\"product:brand\" content=\"Grivel\" \/>\n<meta property=\"og:availability\" content=\"out of stock\" \/>\n<meta property=\"product:availability\" content=\"out of stock\" \/>\n<meta property=\"product:condition\" content=\"new\" \/>\n<!-- \/ Yoast SEO plugin. -->","yoast_head_json":{"title":"Grivel The North Machine piccozza da ghiaccio - Sestogrado","description":"La Grivel The North Machine \u00e8 una\u00a0piccozza tecnica progettata per l'alpinismo di alto livello, le pareti nord e l'arrampicata sul ghiaccio. Molto polivalente, \u00e8 dedicata all'alpinista pi\u00f9 esigente nelle sue avventure. Il Vario system consente la scelta di varie lame e vari accessori, adatti ad ogni esigenza. Il manico G bone con scanalature laterali consente una maggiore resistenza e rigidit\u00e0 con uno spessore inferiore. \u00a0Dispone di un'impugnatura ergonomica e la sua forma aiuta \u00a0a proteggere le dita. Puntale in widia.Il Vario System \u00e8 un sistema innovativo per lame e accessori intercambiabili. \u00c8 compatibile con tutte le piccozze della famiglia Machine (Light Machine, North Machine Carbon).","robots":{"index":"index","follow":"follow","max-snippet":"max-snippet:-1","max-image-preview":"max-image-preview:large","max-video-preview":"max-video-preview:-1"},"canonical":"https:\/\/www.sestogrado.it\/it\/prodotto\/grivel-the-north-machine-piccozza-da-ghiaccio\/","og_locale":"it_IT","og_type":"article","og_title":"Grivel The North Machine piccozza da ghiaccio - Sestogrado","og_description":"La Grivel The North Machine \u00e8 una\u00a0piccozza tecnica progettata per l'alpinismo di alto livello, le pareti nord e l'arrampicata sul ghiaccio. Molto polivalente, \u00e8 dedicata all'alpinista pi\u00f9 esigente nelle sue avventure. Il Vario system consente la scelta di varie lame e vari accessori, adatti ad ogni esigenza. Il manico G bone con scanalature laterali consente una maggiore resistenza e rigidit\u00e0 con uno spessore inferiore. \u00a0Dispone di un'impugnatura ergonomica e la sua forma aiuta \u00a0a proteggere le dita. Puntale in widia.Il Vario System \u00e8 un sistema innovativo per lame e accessori intercambiabili. \u00c8 compatibile con tutte le piccozze della famiglia Machine (Light Machine, North Machine Carbon).","og_url":"https:\/\/www.sestogrado.it\/it\/prodotto\/grivel-the-north-machine-piccozza-da-ghiaccio\/","og_site_name":"Sestogrado","article_publisher":"https:\/\/www.facebook.com\/pages\/Sestogrado\/1542635979353017?ref=bookmarks","article_modified_time":"2026-04-29T16:07:51+00:00","og_image":[{"width":1800,"height":1800,"url":"https:\/\/www.sestogrado.it\/wp-content\/uploads\/2020\/06\/01-6.jpg","type":"image\/jpeg"}],"twitter_misc":{"Disponibilit\u00e0":"Esaurito"},"schema":{"@context":"https:\/\/schema.org","@graph":[{"@type":"WebPage","@id":"https:\/\/www.sestogrado.it\/it\/prodotto\/grivel-the-north-machine-piccozza-da-ghiaccio\/","url":"https:\/\/www.sestogrado.it\/it\/prodotto\/grivel-the-north-machine-piccozza-da-ghiaccio\/","name":"Grivel The North Machine piccozza da ghiaccio - Sestogrado","isPartOf":{"@id":"https:\/\/www.sestogrado.it\/it\/#website"},"primaryImageOfPage":{"@id":"https:\/\/www.sestogrado.it\/it\/prodotto\/grivel-the-north-machine-piccozza-da-ghiaccio\/#primaryimage"},"image":{"@id":"https:\/\/www.sestogrado.it\/prodotto\/grivel-the-north-machine-piccozza-da-ghiaccio\/#primaryimage"},"thumbnailUrl":"https:\/\/www.sestogrado.it\/wp-content\/uploads\/2020\/06\/01-6.jpg","datePublished":"2024-11-27T07:00:05+00:00","dateModified":"2026-04-29T16:07:51+00:00","description":"La Grivel The North Machine \u00e8 una\u00a0piccozza tecnica progettata per l'alpinismo di alto livello, le pareti nord e l'arrampicata sul ghiaccio. Molto polivalente, \u00e8 dedicata all'alpinista pi\u00f9 esigente nelle sue avventure. Il Vario system consente la scelta di varie lame e vari accessori, adatti ad ogni esigenza. Il manico G bone con scanalature laterali consente una maggiore resistenza e rigidit\u00e0 con uno spessore inferiore. \u00a0Dispone di un'impugnatura ergonomica e la sua forma aiuta \u00a0a proteggere le dita. Puntale in widia.Il Vario System \u00e8 un sistema innovativo per lame e accessori intercambiabili. \u00c8 compatibile con tutte le piccozze della famiglia Machine (Light Machine, North Machine Carbon).","breadcrumb":{"@id":"https:\/\/www.sestogrado.it\/it\/prodotto\/grivel-the-north-machine-piccozza-da-ghiaccio\/#breadcrumb"},"inLanguage":"it-IT","potentialAction":[{"@type":"ReadAction","target":[["https:\/\/www.sestogrado.it\/it\/prodotto\/grivel-the-north-machine-piccozza-da-ghiaccio\/"]]}]},{"@type":"ImageObject","inLanguage":"it-IT","@id":"https:\/\/www.sestogrado.it\/it\/prodotto\/grivel-the-north-machine-piccozza-da-ghiaccio\/#primaryimage","url":"https:\/\/www.sestogrado.it\/wp-content\/uploads\/2020\/06\/01-6.jpg","contentUrl":"https:\/\/www.sestogrado.it\/wp-content\/uploads\/2020\/06\/01-6.jpg","width":1800,"height":1800,"caption":"north machine paletta"},{"@type":"BreadcrumbList","@id":"https:\/\/www.sestogrado.it\/it\/prodotto\/grivel-the-north-machine-piccozza-da-ghiaccio\/#breadcrumb","itemListElement":[{"@type":"ListItem","position":1,"name":"Home","item":"https:\/\/www.sestogrado.it\/it\/"},{"@type":"ListItem","position":2,"name":"Shop","item":"https:\/\/www.sestogrado.it\/it\/shop\/"},{"@type":"ListItem","position":3,"name":"Grivel The North Machine piccozza da ghiaccio"}]},{"@type":"WebSite","@id":"https:\/\/www.sestogrado.it\/it\/#website","url":"https:\/\/www.sestogrado.it\/it\/","name":"Sestogrado","description":"yes we climb","publisher":{"@id":"https:\/\/www.sestogrado.it\/it\/#organization"},"potentialAction":[{"@type":"SearchAction","target":{"@type":"EntryPoint","urlTemplate":"https:\/\/www.sestogrado.it\/it\/?s={search_term_string}"},"query-input":{"@type":"PropertyValueSpecification","valueRequired":true,"valueName":"search_term_string"}}],"inLanguage":"it-IT"},{"@type":"Organization","@id":"https:\/\/www.sestogrado.it\/it\/#organization","name":"Sestogrado","url":"https:\/\/www.sestogrado.it\/it\/","logo":{"@type":"ImageObject","inLanguage":"it-IT","@id":"https:\/\/www.sestogrado.it\/it\/#\/schema\/logo\/image\/","url":"https:\/\/www.sestogrado.it\/wp-content\/uploads\/2015\/03\/sestogrado-favicon.png","contentUrl":"https:\/\/www.sestogrado.it\/wp-content\/uploads\/2015\/03\/sestogrado-favicon.png","width":260,"height":260,"caption":"Sestogrado"},"image":{"@id":"https:\/\/www.sestogrado.it\/it\/#\/schema\/logo\/image\/"},"sameAs":["https:\/\/www.facebook.com\/pages\/Sestogrado\/1542635979353017?ref=bookmarks","https:\/\/www.youtube.com\/channel\/UC847kAfTkaJsWpc1jtQwr3Q"],"hasMerchantReturnPolicy":{"@type":"MerchantReturnPolicy","merchantReturnLink":"https:\/\/www.sestogrado.it\/it\/termini-e-condizioni\/"}}]},"product_brand":"Grivel","og_availability":"out of stock","product_availability":"out of stock","product_condition":"new"},"_links":{"self":[{"href":"https:\/\/www.sestogrado.it\/it\/wp-json\/wp\/v2\/product\/34579","targetHints":{"allow":["GET"]}}],"collection":[{"href":"https:\/\/www.sestogrado.it\/it\/wp-json\/wp\/v2\/product"}],"about":[{"href":"https:\/\/www.sestogrado.it\/it\/wp-json\/wp\/v2\/types\/product"}],"replies":[{"embeddable":true,"href":"https:\/\/www.sestogrado.it\/it\/wp-json\/wp\/v2\/comments?post=34579"}],"wp:featuredmedia":[{"embeddable":true,"href":"https:\/\/www.sestogrado.it\/it\/wp-json\/wp\/v2\/media\/175209"}],"wp:attachment":[{"href":"https:\/\/www.sestogrado.it\/it\/wp-json\/wp\/v2\/media?parent=34579"}],"wp:term":[{"taxonomy":"product_brand","embeddable":true,"href":"https:\/\/www.sestogrado.it\/it\/wp-json\/wp\/v2\/product_brand?post=34579"},{"taxonomy":"product_cat","embeddable":true,"href":"https:\/\/www.sestogrado.it\/it\/wp-json\/wp\/v2\/product_cat?post=34579"},{"taxonomy":"product_tag","embeddable":true,"href":"https:\/\/www.sestogrado.it\/it\/wp-json\/wp\/v2\/product_tag?post=34579"}],"curies":[{"name":"wp","href":"https:\/\/api.w.org\/{rel}","templated":true}]}}