{"id":34566,"date":"2020-06-15T09:09:18","date_gmt":"2020-06-15T07:09:18","guid":{"rendered":"https:\/\/www.sestogrado.it\/?post_type=product&#038;p=34566"},"modified":"2023-03-01T00:22:58","modified_gmt":"2023-02-28T23:22:58","slug":"grivel-jorasses-2-0-g-piccozza-alpinismo","status":"publish","type":"product","link":"https:\/\/www.sestogrado.it\/it\/prodotto\/grivel-jorasses-2-0-g-piccozza-alpinismo\/","title":{"rendered":"Grivel Jorasses 2.0 G piccozza alpinismo"},"content":{"rendered":"<p>La Grivel Jorasses 2.0 G \u00e8 una piccozza tecnica per alpinismo, con testa forgiata in pezzo unico e manico G-Bone. Piccozza pensata per alpinisti esperti. La testa forgiata a caldo in pezzo unico la rende molto solida ed equilibrata. La curvatura della lama permette una battuta molto efficace, facile penetrazione ed estrazione dal ghiaccio. Il Manico in alluminio G- bone molto resistente, garantisce un&#8217;ottima presa ergonomica lungo tutto il manico. Come dragonne \u00e8 dotata del sistema innovativo Easy slider, che scorre lungo il manico e con la sua fettuccia elastica fissa la picozza all&#8217;imbragatura. Impugnatura in gomma per ottimo grip.<\/p>\n<ul>\n<li>Attivit\u00e0: alpinismo tecnico<\/li>\n<li>Materiali \/ costruzione \/ tecnologie: testa\u00a0forgiata\u00a0in\u00a0acciaio\u00a0in pezzo unico, manico G-bone in alluminio, impugnatura in gomma<\/li>\n<li>Certificazione: CE EN 13089, type 2, UIAA 152<\/li>\n<li>Fornita di Easy Slider dragonne elastica con moschettone<\/li>\n<li>Peso: 495\u00a0g<\/li>\n<\/ul>\n<p>La Grivel Jorasses 2.0 G \u00e8 ideale per i tour alpini, i canali di ghiaccio, le creste innevate. Si comporta bene anche su tratti di ghiaccio ripidi occasionali. Viene fornita con il pratico Easy slider, elastico e scorrevole, che funge anche da impugnatura per le sezioni ripide. E&#8217; un buon mix tra picca classica a picca tecnica.<\/p>\n<p>&nbsp;<\/p>\n<p>FORGIATURA A CALDO GRIVEL<\/p>\n<p>I vantaggi della forgiatura a caldo sono i seguenti:<\/p>\n<ul>\n<li>Pi\u00f9 solido:<br \/>\nAttraverso il martellamento e lo stiramento, le fibre sono allineate e posizionate per fornire al pezzo la massima resistenza lungo la direzione richiesta<\/li>\n<li>Pi\u00f9 bello:<br \/>\nLa forgiatura consente di modellare l&#8217;acciaio in forme 3D, rendendolo pi\u00f9 spesso dove \u00e8 necessaria maggiore resistenza e pi\u00f9 sottile altrove<\/li>\n<li>Equilibrio pi\u00f9 leggero e migliore:<br \/>\nIl pezzo \u00e8 spesso solo dove serve, quindi ogni parte ha il giusto peso nel posto giusto e puoi sentirlo<\/li>\n<\/ul>\n<p><img decoding=\"async\" class=\"size-full wp-image-34567 img-fluid alignnone\" src=\"https:\/\/www.sestogrado.it\/wp-content\/uploads\/2020\/06\/Forgiatura_b_1024x1024.jpg\" alt=\"Forgiatura a caldo grivel\" width=\"800\" height=\"600\" srcset=\"https:\/\/www.sestogrado.it\/wp-content\/uploads\/2020\/06\/Forgiatura_b_1024x1024.jpg 800w, https:\/\/www.sestogrado.it\/wp-content\/uploads\/2020\/06\/Forgiatura_b_1024x1024-750x563.jpg 750w, https:\/\/www.sestogrado.it\/wp-content\/uploads\/2020\/06\/Forgiatura_b_1024x1024-300x225.jpg 300w, https:\/\/www.sestogrado.it\/wp-content\/uploads\/2020\/06\/Forgiatura_b_1024x1024-768x576.jpg 768w, https:\/\/www.sestogrado.it\/wp-content\/uploads\/2020\/06\/Forgiatura_b_1024x1024-600x450.jpg 600w, https:\/\/www.sestogrado.it\/wp-content\/uploads\/2020\/06\/Forgiatura_b_1024x1024-635x476.jpg 635w, https:\/\/www.sestogrado.it\/wp-content\/uploads\/2020\/06\/Forgiatura_b_1024x1024-64x48.jpg 64w, https:\/\/www.sestogrado.it\/wp-content\/uploads\/2020\/06\/Forgiatura_b_1024x1024-107x80.jpg 107w\" sizes=\"(max-width: 800px) 100vw, 800px\" \/><\/p>\n<p><img decoding=\"async\" class=\"size-full wp-image-34568 img-fluid alignnone\" src=\"https:\/\/www.sestogrado.it\/wp-content\/uploads\/2020\/06\/Mantice_b_1024x1024.jpg\" alt=\"Forgiatura a caldo grivel\" width=\"800\" height=\"600\" srcset=\"https:\/\/www.sestogrado.it\/wp-content\/uploads\/2020\/06\/Mantice_b_1024x1024.jpg 800w, https:\/\/www.sestogrado.it\/wp-content\/uploads\/2020\/06\/Mantice_b_1024x1024-750x563.jpg 750w, https:\/\/www.sestogrado.it\/wp-content\/uploads\/2020\/06\/Mantice_b_1024x1024-300x225.jpg 300w, https:\/\/www.sestogrado.it\/wp-content\/uploads\/2020\/06\/Mantice_b_1024x1024-768x576.jpg 768w, https:\/\/www.sestogrado.it\/wp-content\/uploads\/2020\/06\/Mantice_b_1024x1024-600x450.jpg 600w, https:\/\/www.sestogrado.it\/wp-content\/uploads\/2020\/06\/Mantice_b_1024x1024-635x476.jpg 635w, https:\/\/www.sestogrado.it\/wp-content\/uploads\/2020\/06\/Mantice_b_1024x1024-64x48.jpg 64w, https:\/\/www.sestogrado.it\/wp-content\/uploads\/2020\/06\/Mantice_b_1024x1024-107x80.jpg 107w\" sizes=\"(max-width: 800px) 100vw, 800px\" \/><\/p>\n<p>Nata nel 1818 a Courmayeur, la Grivel \u00e8 un\u2019azienda italiana che produce attrezzature ed equipaggiamenti per alpinismo, arrampicata ed outdoor esportando in 26 paesi.\u00a0\u00a0L\u2019azienda ha ottenuto la certificazione GS T\u00dcV dal 1992, ISO 9001 dal 1996, ISO 1400 dal 2004.\u00a0L\u2019obiettivo di\u00a0Grivel \u00e8 di facilitare la vita agli alpinisti e agli amanti della montagna\u00a0con prodotti tecnologicamente avanzati.<\/p>","protected":false},"excerpt":{"rendered":"<p>La Grivel Jorasses 2.0 G \u00e8 una piccozza tecnica per alpinismo, con testa forgiata in pezzo unico e manico G-Bone. [&hellip;]<\/p>\n","protected":false},"featured_media":34574,"comment_status":"open","ping_status":"closed","template":"","meta":{"_acf_changed":false},"product_brand":[126],"product_cat":[152],"product_tag":[],"class_list":{"0":"post-34566","1":"product","2":"type-product","3":"status-publish","4":"has-post-thumbnail","6":"product_brand-grivel","7":"product_cat-piccozze","9":"first","10":"instock","11":"sale","12":"taxable","13":"shipping-taxable","14":"purchasable","15":"product-type-variable"},"acf":[],"yoast_head":"<!-- This site is optimized with the Yoast SEO plugin v26.4 - https:\/\/yoast.com\/wordpress\/plugins\/seo\/ -->\n<title>Grivel Jorasses 2.0 G piccozza alpinismo - Sestogrado<\/title>\n<meta name=\"description\" content=\"La Grivel Jorasses 2.0 G \u00e8 una piccozza tecnica per alpinismo, con testa\u00a0forgiata in pezzo unico e manico G-Bone. Piccozza pensata per alpinisti esperti. La testa\u00a0forgiata\u00a0a caldo in pezzo unico la rende molto solida ed equilibrata. La curvatura della lama permette una battuta molto efficace, facile penetrazione ed estrazione dal ghiaccio. Il Manico in alluminio G- bone molto resistente, garantisce un&#039;ottima presa ergonomica lungo tutto il manico. Si pu\u00f2 acquistare semplice oppure con il sistema innovativo Easy slider, che scorre lungo il manico e con la sua fettuccia elastica fissa la picozza all&#039;imbragatura. Impugnatura in gomma per ottimo grip.\" \/>\n<meta name=\"robots\" content=\"index, follow, max-snippet:-1, max-image-preview:large, max-video-preview:-1\" \/>\n<link rel=\"canonical\" href=\"https:\/\/www.sestogrado.it\/it\/prodotto\/grivel-jorasses-2-0-g-piccozza-alpinismo\/\" \/>\n<meta property=\"og:locale\" content=\"it_IT\" \/>\n<meta property=\"og:type\" content=\"article\" \/>\n<meta property=\"og:title\" content=\"Grivel Jorasses 2.0 G piccozza alpinismo - Sestogrado\" \/>\n<meta property=\"og:description\" content=\"La Grivel Jorasses 2.0 G \u00e8 una piccozza tecnica per alpinismo, con testa\u00a0forgiata in pezzo unico e manico G-Bone. Piccozza pensata per alpinisti esperti. La testa\u00a0forgiata\u00a0a caldo in pezzo unico la rende molto solida ed equilibrata. La curvatura della lama permette una battuta molto efficace, facile penetrazione ed estrazione dal ghiaccio. Il Manico in alluminio G- bone molto resistente, garantisce un&#039;ottima presa ergonomica lungo tutto il manico. Si pu\u00f2 acquistare semplice oppure con il sistema innovativo Easy slider, che scorre lungo il manico e con la sua fettuccia elastica fissa la picozza all&#039;imbragatura. Impugnatura in gomma per ottimo grip.\" \/>\n<meta property=\"og:url\" content=\"https:\/\/www.sestogrado.it\/it\/prodotto\/grivel-jorasses-2-0-g-piccozza-alpinismo\/\" \/>\n<meta property=\"og:site_name\" content=\"Sestogrado\" \/>\n<meta property=\"article:publisher\" content=\"https:\/\/www.facebook.com\/pages\/Sestogrado\/1542635979353017?ref=bookmarks\" \/>\n<meta property=\"article:modified_time\" content=\"2023-02-28T23:22:58+00:00\" \/>\n<meta property=\"og:image\" content=\"https:\/\/www.sestogrado.it\/wp-content\/uploads\/2020\/06\/01-3.jpg\" \/>\n\t<meta property=\"og:image:width\" content=\"1200\" \/>\n\t<meta property=\"og:image:height\" content=\"1200\" \/>\n\t<meta property=\"og:image:type\" content=\"image\/jpeg\" \/>\n<meta name=\"twitter:label1\" content=\"Disponibilit\u00e0\" \/>\n\t<meta name=\"twitter:data1\" content=\"In stock\" \/>\n<script type=\"application\/ld+json\" class=\"yoast-schema-graph\">{\"@context\":\"https:\/\/schema.org\",\"@graph\":[{\"@type\":\"WebPage\",\"@id\":\"https:\/\/www.sestogrado.it\/it\/prodotto\/grivel-jorasses-2-0-g-piccozza-alpinismo\/\",\"url\":\"https:\/\/www.sestogrado.it\/it\/prodotto\/grivel-jorasses-2-0-g-piccozza-alpinismo\/\",\"name\":\"Grivel Jorasses 2.0 G piccozza alpinismo - Sestogrado\",\"isPartOf\":{\"@id\":\"https:\/\/www.sestogrado.it\/it\/#website\"},\"primaryImageOfPage\":{\"@id\":\"https:\/\/www.sestogrado.it\/it\/prodotto\/grivel-jorasses-2-0-g-piccozza-alpinismo\/#primaryimage\"},\"image\":{\"@id\":\"https:\/\/www.sestogrado.it\/prodotto\/grivel-jorasses-2-0-g-piccozza-alpinismo\/#primaryimage\"},\"thumbnailUrl\":\"https:\/\/www.sestogrado.it\/wp-content\/uploads\/2020\/06\/01-3.jpg\",\"datePublished\":\"2020-06-15T07:09:18+00:00\",\"dateModified\":\"2023-02-28T23:22:58+00:00\",\"description\":\"La Grivel Jorasses 2.0 G \u00e8 una piccozza tecnica per alpinismo, con testa\u00a0forgiata in pezzo unico e manico G-Bone. Piccozza pensata per alpinisti esperti. La testa\u00a0forgiata\u00a0a caldo in pezzo unico la rende molto solida ed equilibrata. La curvatura della lama permette una battuta molto efficace, facile penetrazione ed estrazione dal ghiaccio. Il Manico in alluminio G- bone molto resistente, garantisce un'ottima presa ergonomica lungo tutto il manico. Si pu\u00f2 acquistare semplice oppure con il sistema innovativo Easy slider, che scorre lungo il manico e con la sua fettuccia elastica fissa la picozza all'imbragatura. Impugnatura in gomma per ottimo grip.\",\"breadcrumb\":{\"@id\":\"https:\/\/www.sestogrado.it\/it\/prodotto\/grivel-jorasses-2-0-g-piccozza-alpinismo\/#breadcrumb\"},\"inLanguage\":\"it-IT\",\"potentialAction\":[{\"@type\":\"ReadAction\",\"target\":[[\"https:\/\/www.sestogrado.it\/it\/prodotto\/grivel-jorasses-2-0-g-piccozza-alpinismo\/\"]]}]},{\"@type\":\"ImageObject\",\"inLanguage\":\"it-IT\",\"@id\":\"https:\/\/www.sestogrado.it\/it\/prodotto\/grivel-jorasses-2-0-g-piccozza-alpinismo\/#primaryimage\",\"url\":\"https:\/\/www.sestogrado.it\/wp-content\/uploads\/2020\/06\/01-3.jpg\",\"contentUrl\":\"https:\/\/www.sestogrado.it\/wp-content\/uploads\/2020\/06\/01-3.jpg\",\"width\":1200,\"height\":1200,\"caption\":\"grivel jorasses 2.0\"},{\"@type\":\"BreadcrumbList\",\"@id\":\"https:\/\/www.sestogrado.it\/it\/prodotto\/grivel-jorasses-2-0-g-piccozza-alpinismo\/#breadcrumb\",\"itemListElement\":[{\"@type\":\"ListItem\",\"position\":1,\"name\":\"Home\",\"item\":\"https:\/\/www.sestogrado.it\/it\/\"},{\"@type\":\"ListItem\",\"position\":2,\"name\":\"Shop\",\"item\":\"https:\/\/www.sestogrado.it\/it\/shop\/\"},{\"@type\":\"ListItem\",\"position\":3,\"name\":\"Grivel Jorasses 2.0 G piccozza alpinismo\"}]},{\"@type\":\"WebSite\",\"@id\":\"https:\/\/www.sestogrado.it\/it\/#website\",\"url\":\"https:\/\/www.sestogrado.it\/it\/\",\"name\":\"Sestogrado\",\"description\":\"yes we climb\",\"publisher\":{\"@id\":\"https:\/\/www.sestogrado.it\/it\/#organization\"},\"potentialAction\":[{\"@type\":\"SearchAction\",\"target\":{\"@type\":\"EntryPoint\",\"urlTemplate\":\"https:\/\/www.sestogrado.it\/it\/?s={search_term_string}\"},\"query-input\":{\"@type\":\"PropertyValueSpecification\",\"valueRequired\":true,\"valueName\":\"search_term_string\"}}],\"inLanguage\":\"it-IT\"},{\"@type\":\"Organization\",\"@id\":\"https:\/\/www.sestogrado.it\/it\/#organization\",\"name\":\"Sestogrado\",\"url\":\"https:\/\/www.sestogrado.it\/it\/\",\"logo\":{\"@type\":\"ImageObject\",\"inLanguage\":\"it-IT\",\"@id\":\"https:\/\/www.sestogrado.it\/it\/#\/schema\/logo\/image\/\",\"url\":\"https:\/\/www.sestogrado.it\/wp-content\/uploads\/2015\/03\/sestogrado-favicon.png\",\"contentUrl\":\"https:\/\/www.sestogrado.it\/wp-content\/uploads\/2015\/03\/sestogrado-favicon.png\",\"width\":260,\"height\":260,\"caption\":\"Sestogrado\"},\"image\":{\"@id\":\"https:\/\/www.sestogrado.it\/it\/#\/schema\/logo\/image\/\"},\"sameAs\":[\"https:\/\/www.facebook.com\/pages\/Sestogrado\/1542635979353017?ref=bookmarks\",\"https:\/\/www.youtube.com\/channel\/UC847kAfTkaJsWpc1jtQwr3Q\"],\"hasMerchantReturnPolicy\":{\"@type\":\"MerchantReturnPolicy\",\"merchantReturnLink\":\"https:\/\/www.sestogrado.it\/it\/termini-e-condizioni\/\"}}]}<\/script>\n<meta property=\"product:brand\" content=\"Grivel\" \/>\n<meta property=\"og:availability\" content=\"instock\" \/>\n<meta property=\"product:availability\" content=\"instock\" \/>\n<meta property=\"product:condition\" content=\"new\" \/>\n<!-- \/ Yoast SEO plugin. -->","yoast_head_json":{"title":"Grivel Jorasses 2.0 G piccozza alpinismo - Sestogrado","description":"La Grivel Jorasses 2.0 G \u00e8 una piccozza tecnica per alpinismo, con testa\u00a0forgiata in pezzo unico e manico G-Bone. Piccozza pensata per alpinisti esperti. La testa\u00a0forgiata\u00a0a caldo in pezzo unico la rende molto solida ed equilibrata. La curvatura della lama permette una battuta molto efficace, facile penetrazione ed estrazione dal ghiaccio. Il Manico in alluminio G- bone molto resistente, garantisce un'ottima presa ergonomica lungo tutto il manico. Si pu\u00f2 acquistare semplice oppure con il sistema innovativo Easy slider, che scorre lungo il manico e con la sua fettuccia elastica fissa la picozza all'imbragatura. Impugnatura in gomma per ottimo grip.","robots":{"index":"index","follow":"follow","max-snippet":"max-snippet:-1","max-image-preview":"max-image-preview:large","max-video-preview":"max-video-preview:-1"},"canonical":"https:\/\/www.sestogrado.it\/it\/prodotto\/grivel-jorasses-2-0-g-piccozza-alpinismo\/","og_locale":"it_IT","og_type":"article","og_title":"Grivel Jorasses 2.0 G piccozza alpinismo - Sestogrado","og_description":"La Grivel Jorasses 2.0 G \u00e8 una piccozza tecnica per alpinismo, con testa\u00a0forgiata in pezzo unico e manico G-Bone. Piccozza pensata per alpinisti esperti. La testa\u00a0forgiata\u00a0a caldo in pezzo unico la rende molto solida ed equilibrata. La curvatura della lama permette una battuta molto efficace, facile penetrazione ed estrazione dal ghiaccio. Il Manico in alluminio G- bone molto resistente, garantisce un'ottima presa ergonomica lungo tutto il manico. Si pu\u00f2 acquistare semplice oppure con il sistema innovativo Easy slider, che scorre lungo il manico e con la sua fettuccia elastica fissa la picozza all'imbragatura. Impugnatura in gomma per ottimo grip.","og_url":"https:\/\/www.sestogrado.it\/it\/prodotto\/grivel-jorasses-2-0-g-piccozza-alpinismo\/","og_site_name":"Sestogrado","article_publisher":"https:\/\/www.facebook.com\/pages\/Sestogrado\/1542635979353017?ref=bookmarks","article_modified_time":"2023-02-28T23:22:58+00:00","og_image":[{"width":1200,"height":1200,"url":"https:\/\/www.sestogrado.it\/wp-content\/uploads\/2020\/06\/01-3.jpg","type":"image\/jpeg"}],"twitter_misc":{"Disponibilit\u00e0":"In stock"},"schema":{"@context":"https:\/\/schema.org","@graph":[{"@type":"WebPage","@id":"https:\/\/www.sestogrado.it\/it\/prodotto\/grivel-jorasses-2-0-g-piccozza-alpinismo\/","url":"https:\/\/www.sestogrado.it\/it\/prodotto\/grivel-jorasses-2-0-g-piccozza-alpinismo\/","name":"Grivel Jorasses 2.0 G piccozza alpinismo - Sestogrado","isPartOf":{"@id":"https:\/\/www.sestogrado.it\/it\/#website"},"primaryImageOfPage":{"@id":"https:\/\/www.sestogrado.it\/it\/prodotto\/grivel-jorasses-2-0-g-piccozza-alpinismo\/#primaryimage"},"image":{"@id":"https:\/\/www.sestogrado.it\/prodotto\/grivel-jorasses-2-0-g-piccozza-alpinismo\/#primaryimage"},"thumbnailUrl":"https:\/\/www.sestogrado.it\/wp-content\/uploads\/2020\/06\/01-3.jpg","datePublished":"2020-06-15T07:09:18+00:00","dateModified":"2023-02-28T23:22:58+00:00","description":"La Grivel Jorasses 2.0 G \u00e8 una piccozza tecnica per alpinismo, con testa\u00a0forgiata in pezzo unico e manico G-Bone. Piccozza pensata per alpinisti esperti. La testa\u00a0forgiata\u00a0a caldo in pezzo unico la rende molto solida ed equilibrata. La curvatura della lama permette una battuta molto efficace, facile penetrazione ed estrazione dal ghiaccio. Il Manico in alluminio G- bone molto resistente, garantisce un'ottima presa ergonomica lungo tutto il manico. Si pu\u00f2 acquistare semplice oppure con il sistema innovativo Easy slider, che scorre lungo il manico e con la sua fettuccia elastica fissa la picozza all'imbragatura. Impugnatura in gomma per ottimo grip.","breadcrumb":{"@id":"https:\/\/www.sestogrado.it\/it\/prodotto\/grivel-jorasses-2-0-g-piccozza-alpinismo\/#breadcrumb"},"inLanguage":"it-IT","potentialAction":[{"@type":"ReadAction","target":[["https:\/\/www.sestogrado.it\/it\/prodotto\/grivel-jorasses-2-0-g-piccozza-alpinismo\/"]]}]},{"@type":"ImageObject","inLanguage":"it-IT","@id":"https:\/\/www.sestogrado.it\/it\/prodotto\/grivel-jorasses-2-0-g-piccozza-alpinismo\/#primaryimage","url":"https:\/\/www.sestogrado.it\/wp-content\/uploads\/2020\/06\/01-3.jpg","contentUrl":"https:\/\/www.sestogrado.it\/wp-content\/uploads\/2020\/06\/01-3.jpg","width":1200,"height":1200,"caption":"grivel jorasses 2.0"},{"@type":"BreadcrumbList","@id":"https:\/\/www.sestogrado.it\/it\/prodotto\/grivel-jorasses-2-0-g-piccozza-alpinismo\/#breadcrumb","itemListElement":[{"@type":"ListItem","position":1,"name":"Home","item":"https:\/\/www.sestogrado.it\/it\/"},{"@type":"ListItem","position":2,"name":"Shop","item":"https:\/\/www.sestogrado.it\/it\/shop\/"},{"@type":"ListItem","position":3,"name":"Grivel Jorasses 2.0 G piccozza alpinismo"}]},{"@type":"WebSite","@id":"https:\/\/www.sestogrado.it\/it\/#website","url":"https:\/\/www.sestogrado.it\/it\/","name":"Sestogrado","description":"yes we climb","publisher":{"@id":"https:\/\/www.sestogrado.it\/it\/#organization"},"potentialAction":[{"@type":"SearchAction","target":{"@type":"EntryPoint","urlTemplate":"https:\/\/www.sestogrado.it\/it\/?s={search_term_string}"},"query-input":{"@type":"PropertyValueSpecification","valueRequired":true,"valueName":"search_term_string"}}],"inLanguage":"it-IT"},{"@type":"Organization","@id":"https:\/\/www.sestogrado.it\/it\/#organization","name":"Sestogrado","url":"https:\/\/www.sestogrado.it\/it\/","logo":{"@type":"ImageObject","inLanguage":"it-IT","@id":"https:\/\/www.sestogrado.it\/it\/#\/schema\/logo\/image\/","url":"https:\/\/www.sestogrado.it\/wp-content\/uploads\/2015\/03\/sestogrado-favicon.png","contentUrl":"https:\/\/www.sestogrado.it\/wp-content\/uploads\/2015\/03\/sestogrado-favicon.png","width":260,"height":260,"caption":"Sestogrado"},"image":{"@id":"https:\/\/www.sestogrado.it\/it\/#\/schema\/logo\/image\/"},"sameAs":["https:\/\/www.facebook.com\/pages\/Sestogrado\/1542635979353017?ref=bookmarks","https:\/\/www.youtube.com\/channel\/UC847kAfTkaJsWpc1jtQwr3Q"],"hasMerchantReturnPolicy":{"@type":"MerchantReturnPolicy","merchantReturnLink":"https:\/\/www.sestogrado.it\/it\/termini-e-condizioni\/"}}]},"product_brand":"Grivel","og_availability":"instock","product_availability":"instock","product_condition":"new"},"_links":{"self":[{"href":"https:\/\/www.sestogrado.it\/it\/wp-json\/wp\/v2\/product\/34566","targetHints":{"allow":["GET"]}}],"collection":[{"href":"https:\/\/www.sestogrado.it\/it\/wp-json\/wp\/v2\/product"}],"about":[{"href":"https:\/\/www.sestogrado.it\/it\/wp-json\/wp\/v2\/types\/product"}],"replies":[{"embeddable":true,"href":"https:\/\/www.sestogrado.it\/it\/wp-json\/wp\/v2\/comments?post=34566"}],"wp:featuredmedia":[{"embeddable":true,"href":"https:\/\/www.sestogrado.it\/it\/wp-json\/wp\/v2\/media\/34574"}],"wp:attachment":[{"href":"https:\/\/www.sestogrado.it\/it\/wp-json\/wp\/v2\/media?parent=34566"}],"wp:term":[{"taxonomy":"product_brand","embeddable":true,"href":"https:\/\/www.sestogrado.it\/it\/wp-json\/wp\/v2\/product_brand?post=34566"},{"taxonomy":"product_cat","embeddable":true,"href":"https:\/\/www.sestogrado.it\/it\/wp-json\/wp\/v2\/product_cat?post=34566"},{"taxonomy":"product_tag","embeddable":true,"href":"https:\/\/www.sestogrado.it\/it\/wp-json\/wp\/v2\/product_tag?post=34566"}],"curies":[{"name":"wp","href":"https:\/\/api.w.org\/{rel}","templated":true}]}}