{"id":34508,"date":"2024-06-11T12:24:55","date_gmt":"2024-06-11T10:24:55","guid":{"rendered":"https:\/\/www.sestogrado.it\/?post_type=product&#038;p=34508"},"modified":"2026-04-28T02:18:39","modified_gmt":"2026-04-28T00:18:39","slug":"black-diamond-liteforge-moschettone-a-d-a-ghiera-arrampicata","status":"publish","type":"product","link":"https:\/\/www.sestogrado.it\/it\/prodotto\/black-diamond-liteforge-moschettone-a-d-a-ghiera-arrampicata\/","title":{"rendered":"Black Diamond Liteforge moschettone a D a ghiera arrampicata"},"content":{"rendered":"<p>Il Black Diamond Liteforge \u00e8 un moschettone a D, con chiusura a ghiera. La forma a D \u00e8 quella ottimale per far tenere al moschettone elevati carichi, per cui questo tipo di moschettone \u00e8 particolarmente indicato per la realizzazione di soste o prolungamento protezioni. Il Liteforge \u00e8 un moschettone a ghiera ultra leggero, progettato per alpinismo tecnico fast&amp;light. Sufficientemente ampio da ospitare un nodo barcaiolo, il Liteforge \u00e8 perfetto per alpinismo ed arrampicata, dove ogni grammo conta.<\/p>\n<ul>\n<li>ospita un nodo barcaiolo<\/li>\n<li>ideale da utilizzare per soste<\/li>\n<li>forgiato a caldo per massima efficienza in poco peso<\/li>\n<li>naso keylock anti impigliamento<\/li>\n<li>chiusura a ghiera<\/li>\n<li>forma a D, particolarmente robusto<\/li>\n<\/ul>\n<p>Il Black Diamond Liteforge \u00e8 un moschettone a D a ghiera, utile per svariati utilizzi sia in alpinismo sia in arrampicata sportiva.<\/p>\n<p>&nbsp;<\/p>\n<p>Black Diamond dal 1957 rappresenta un punto di riferimento mondiale per l\u2019attrezzatura da arrampicata. Ci\u00f2 che all\u2019inizio era una attivit\u00e0 artigianale con incudine e martello oggi si \u00e8 trasformata in una societ\u00e0 globale con uffici in tre continenti. Il segreto di Black Diamond \u00e8 sempre lo stesso: essere una societ\u00e0 formata da appassionati climber. In Black Diamond si continua a sognare su ci\u00f2 che potrebbe essere e si continua ad essere critici su ci\u00f2 che esiste. E\u2019 cos\u00ec che il processo creativo per la realizzazione della migliore attrezzatura da arrampicata non avr\u00e0 mai fine.<\/p>","protected":false},"excerpt":{"rendered":"<p>Il Black Diamond Liteforge \u00e8 un moschettone a D, con chiusura a ghiera. La forma a D \u00e8 quella ottimale [&hellip;]<\/p>\n","protected":false},"featured_media":34511,"comment_status":"open","ping_status":"closed","template":"","meta":{"_acf_changed":false},"product_brand":[121],"product_cat":[132],"product_tag":[],"class_list":{"0":"post-34508","1":"product","2":"type-product","3":"status-publish","4":"has-post-thumbnail","6":"product_brand-black-diamond","7":"product_cat-moschettoni","9":"first","10":"instock","11":"sale","12":"taxable","13":"shipping-taxable","14":"purchasable","15":"product-type-variable"},"acf":[],"yoast_head":"<!-- This site is optimized with the Yoast SEO plugin v26.4 - https:\/\/yoast.com\/wordpress\/plugins\/seo\/ -->\n<title>Black Diamond Liteforge moschettone a D a ghiera arrampicata - Sestogrado<\/title>\n<meta name=\"description\" content=\"Il Black Diamond Liteforge \u00e8 un moschettone a D, con chiusura a ghiera. La forma a D \u00e8 quella ottimale per far tenere al moschettone elevati carichi, per cui questo tipo di moschettone \u00e8 particolarmente indicato per la realizzazione di soste o prolungamento protezioni. Il Liteforge \u00e8 un moschettone a ghiera ultra leggero, progettato per alpinismo tecnico fast&amp;light. Sufficientemente ampio da ospitare un nodo barcaiolo, il Liteforge \u00e8 perfetto per alpinismo ed arrampicata, dove ogni grammo conta.\" \/>\n<meta name=\"robots\" content=\"index, follow, max-snippet:-1, max-image-preview:large, max-video-preview:-1\" \/>\n<link rel=\"canonical\" href=\"https:\/\/www.sestogrado.it\/it\/prodotto\/black-diamond-liteforge-moschettone-a-d-a-ghiera-arrampicata\/\" \/>\n<meta property=\"og:locale\" content=\"it_IT\" \/>\n<meta property=\"og:type\" content=\"article\" \/>\n<meta property=\"og:title\" content=\"Black Diamond Liteforge moschettone a D a ghiera arrampicata - Sestogrado\" \/>\n<meta property=\"og:description\" content=\"Il Black Diamond Liteforge \u00e8 un moschettone a D, con chiusura a ghiera. La forma a D \u00e8 quella ottimale per far tenere al moschettone elevati carichi, per cui questo tipo di moschettone \u00e8 particolarmente indicato per la realizzazione di soste o prolungamento protezioni. Il Liteforge \u00e8 un moschettone a ghiera ultra leggero, progettato per alpinismo tecnico fast&amp;light. Sufficientemente ampio da ospitare un nodo barcaiolo, il Liteforge \u00e8 perfetto per alpinismo ed arrampicata, dove ogni grammo conta.\" \/>\n<meta property=\"og:url\" content=\"https:\/\/www.sestogrado.it\/it\/prodotto\/black-diamond-liteforge-moschettone-a-d-a-ghiera-arrampicata\/\" \/>\n<meta property=\"og:site_name\" content=\"Sestogrado\" \/>\n<meta property=\"article:publisher\" content=\"https:\/\/www.facebook.com\/pages\/Sestogrado\/1542635979353017?ref=bookmarks\" \/>\n<meta property=\"article:modified_time\" content=\"2026-04-28T00:18:39+00:00\" \/>\n<meta property=\"og:image\" content=\"https:\/\/www.sestogrado.it\/wp-content\/uploads\/2020\/06\/liteforge-grigio.jpg\" \/>\n\t<meta property=\"og:image:width\" content=\"1500\" \/>\n\t<meta property=\"og:image:height\" content=\"1500\" \/>\n\t<meta property=\"og:image:type\" content=\"image\/jpeg\" \/>\n<meta name=\"twitter:label1\" content=\"Disponibilit\u00e0\" \/>\n\t<meta name=\"twitter:data1\" content=\"In stock\" \/>\n<script type=\"application\/ld+json\" class=\"yoast-schema-graph\">{\"@context\":\"https:\/\/schema.org\",\"@graph\":[{\"@type\":\"WebPage\",\"@id\":\"https:\/\/www.sestogrado.it\/it\/prodotto\/black-diamond-liteforge-moschettone-a-d-a-ghiera-arrampicata\/\",\"url\":\"https:\/\/www.sestogrado.it\/it\/prodotto\/black-diamond-liteforge-moschettone-a-d-a-ghiera-arrampicata\/\",\"name\":\"Black Diamond Liteforge moschettone a D a ghiera arrampicata - Sestogrado\",\"isPartOf\":{\"@id\":\"https:\/\/www.sestogrado.it\/it\/#website\"},\"primaryImageOfPage\":{\"@id\":\"https:\/\/www.sestogrado.it\/it\/prodotto\/black-diamond-liteforge-moschettone-a-d-a-ghiera-arrampicata\/#primaryimage\"},\"image\":{\"@id\":\"https:\/\/www.sestogrado.it\/prodotto\/black-diamond-liteforge-moschettone-a-d-a-ghiera-arrampicata\/#primaryimage\"},\"thumbnailUrl\":\"https:\/\/www.sestogrado.it\/wp-content\/uploads\/2020\/06\/liteforge-grigio.jpg\",\"datePublished\":\"2024-06-11T10:24:55+00:00\",\"dateModified\":\"2026-04-28T00:18:39+00:00\",\"description\":\"Il Black Diamond Liteforge \u00e8 un moschettone a D, con chiusura a ghiera. La forma a D \u00e8 quella ottimale per far tenere al moschettone elevati carichi, per cui questo tipo di moschettone \u00e8 particolarmente indicato per la realizzazione di soste o prolungamento protezioni. Il Liteforge \u00e8 un moschettone a ghiera ultra leggero, progettato per alpinismo tecnico fast&light. Sufficientemente ampio da ospitare un nodo barcaiolo, il Liteforge \u00e8 perfetto per alpinismo ed arrampicata, dove ogni grammo conta.\",\"breadcrumb\":{\"@id\":\"https:\/\/www.sestogrado.it\/it\/prodotto\/black-diamond-liteforge-moschettone-a-d-a-ghiera-arrampicata\/#breadcrumb\"},\"inLanguage\":\"it-IT\",\"potentialAction\":[{\"@type\":\"ReadAction\",\"target\":[[\"https:\/\/www.sestogrado.it\/it\/prodotto\/black-diamond-liteforge-moschettone-a-d-a-ghiera-arrampicata\/\"]]}]},{\"@type\":\"ImageObject\",\"inLanguage\":\"it-IT\",\"@id\":\"https:\/\/www.sestogrado.it\/it\/prodotto\/black-diamond-liteforge-moschettone-a-d-a-ghiera-arrampicata\/#primaryimage\",\"url\":\"https:\/\/www.sestogrado.it\/wp-content\/uploads\/2020\/06\/liteforge-grigio.jpg\",\"contentUrl\":\"https:\/\/www.sestogrado.it\/wp-content\/uploads\/2020\/06\/liteforge-grigio.jpg\",\"width\":1500,\"height\":1500,\"caption\":\"liteforge-grigio\"},{\"@type\":\"BreadcrumbList\",\"@id\":\"https:\/\/www.sestogrado.it\/it\/prodotto\/black-diamond-liteforge-moschettone-a-d-a-ghiera-arrampicata\/#breadcrumb\",\"itemListElement\":[{\"@type\":\"ListItem\",\"position\":1,\"name\":\"Home\",\"item\":\"https:\/\/www.sestogrado.it\/it\/\"},{\"@type\":\"ListItem\",\"position\":2,\"name\":\"Shop\",\"item\":\"https:\/\/www.sestogrado.it\/it\/shop\/\"},{\"@type\":\"ListItem\",\"position\":3,\"name\":\"Black Diamond Liteforge moschettone a D a ghiera arrampicata\"}]},{\"@type\":\"WebSite\",\"@id\":\"https:\/\/www.sestogrado.it\/it\/#website\",\"url\":\"https:\/\/www.sestogrado.it\/it\/\",\"name\":\"Sestogrado\",\"description\":\"yes we climb\",\"publisher\":{\"@id\":\"https:\/\/www.sestogrado.it\/it\/#organization\"},\"potentialAction\":[{\"@type\":\"SearchAction\",\"target\":{\"@type\":\"EntryPoint\",\"urlTemplate\":\"https:\/\/www.sestogrado.it\/it\/?s={search_term_string}\"},\"query-input\":{\"@type\":\"PropertyValueSpecification\",\"valueRequired\":true,\"valueName\":\"search_term_string\"}}],\"inLanguage\":\"it-IT\"},{\"@type\":\"Organization\",\"@id\":\"https:\/\/www.sestogrado.it\/it\/#organization\",\"name\":\"Sestogrado\",\"url\":\"https:\/\/www.sestogrado.it\/it\/\",\"logo\":{\"@type\":\"ImageObject\",\"inLanguage\":\"it-IT\",\"@id\":\"https:\/\/www.sestogrado.it\/it\/#\/schema\/logo\/image\/\",\"url\":\"https:\/\/www.sestogrado.it\/wp-content\/uploads\/2015\/03\/sestogrado-favicon.png\",\"contentUrl\":\"https:\/\/www.sestogrado.it\/wp-content\/uploads\/2015\/03\/sestogrado-favicon.png\",\"width\":260,\"height\":260,\"caption\":\"Sestogrado\"},\"image\":{\"@id\":\"https:\/\/www.sestogrado.it\/it\/#\/schema\/logo\/image\/\"},\"sameAs\":[\"https:\/\/www.facebook.com\/pages\/Sestogrado\/1542635979353017?ref=bookmarks\",\"https:\/\/www.youtube.com\/channel\/UC847kAfTkaJsWpc1jtQwr3Q\"],\"hasMerchantReturnPolicy\":{\"@type\":\"MerchantReturnPolicy\",\"merchantReturnLink\":\"https:\/\/www.sestogrado.it\/it\/termini-e-condizioni\/\"}}]}<\/script>\n<meta property=\"product:brand\" content=\"Black Diamond\" \/>\n<meta property=\"og:availability\" content=\"instock\" \/>\n<meta property=\"product:availability\" content=\"instock\" \/>\n<meta property=\"product:condition\" content=\"new\" \/>\n<!-- \/ Yoast SEO plugin. -->","yoast_head_json":{"title":"Black Diamond Liteforge moschettone a D a ghiera arrampicata - Sestogrado","description":"Il Black Diamond Liteforge \u00e8 un moschettone a D, con chiusura a ghiera. La forma a D \u00e8 quella ottimale per far tenere al moschettone elevati carichi, per cui questo tipo di moschettone \u00e8 particolarmente indicato per la realizzazione di soste o prolungamento protezioni. Il Liteforge \u00e8 un moschettone a ghiera ultra leggero, progettato per alpinismo tecnico fast&light. Sufficientemente ampio da ospitare un nodo barcaiolo, il Liteforge \u00e8 perfetto per alpinismo ed arrampicata, dove ogni grammo conta.","robots":{"index":"index","follow":"follow","max-snippet":"max-snippet:-1","max-image-preview":"max-image-preview:large","max-video-preview":"max-video-preview:-1"},"canonical":"https:\/\/www.sestogrado.it\/it\/prodotto\/black-diamond-liteforge-moschettone-a-d-a-ghiera-arrampicata\/","og_locale":"it_IT","og_type":"article","og_title":"Black Diamond Liteforge moschettone a D a ghiera arrampicata - Sestogrado","og_description":"Il Black Diamond Liteforge \u00e8 un moschettone a D, con chiusura a ghiera. La forma a D \u00e8 quella ottimale per far tenere al moschettone elevati carichi, per cui questo tipo di moschettone \u00e8 particolarmente indicato per la realizzazione di soste o prolungamento protezioni. Il Liteforge \u00e8 un moschettone a ghiera ultra leggero, progettato per alpinismo tecnico fast&light. Sufficientemente ampio da ospitare un nodo barcaiolo, il Liteforge \u00e8 perfetto per alpinismo ed arrampicata, dove ogni grammo conta.","og_url":"https:\/\/www.sestogrado.it\/it\/prodotto\/black-diamond-liteforge-moschettone-a-d-a-ghiera-arrampicata\/","og_site_name":"Sestogrado","article_publisher":"https:\/\/www.facebook.com\/pages\/Sestogrado\/1542635979353017?ref=bookmarks","article_modified_time":"2026-04-28T00:18:39+00:00","og_image":[{"width":1500,"height":1500,"url":"https:\/\/www.sestogrado.it\/wp-content\/uploads\/2020\/06\/liteforge-grigio.jpg","type":"image\/jpeg"}],"twitter_misc":{"Disponibilit\u00e0":"In stock"},"schema":{"@context":"https:\/\/schema.org","@graph":[{"@type":"WebPage","@id":"https:\/\/www.sestogrado.it\/it\/prodotto\/black-diamond-liteforge-moschettone-a-d-a-ghiera-arrampicata\/","url":"https:\/\/www.sestogrado.it\/it\/prodotto\/black-diamond-liteforge-moschettone-a-d-a-ghiera-arrampicata\/","name":"Black Diamond Liteforge moschettone a D a ghiera arrampicata - Sestogrado","isPartOf":{"@id":"https:\/\/www.sestogrado.it\/it\/#website"},"primaryImageOfPage":{"@id":"https:\/\/www.sestogrado.it\/it\/prodotto\/black-diamond-liteforge-moschettone-a-d-a-ghiera-arrampicata\/#primaryimage"},"image":{"@id":"https:\/\/www.sestogrado.it\/prodotto\/black-diamond-liteforge-moschettone-a-d-a-ghiera-arrampicata\/#primaryimage"},"thumbnailUrl":"https:\/\/www.sestogrado.it\/wp-content\/uploads\/2020\/06\/liteforge-grigio.jpg","datePublished":"2024-06-11T10:24:55+00:00","dateModified":"2026-04-28T00:18:39+00:00","description":"Il Black Diamond Liteforge \u00e8 un moschettone a D, con chiusura a ghiera. La forma a D \u00e8 quella ottimale per far tenere al moschettone elevati carichi, per cui questo tipo di moschettone \u00e8 particolarmente indicato per la realizzazione di soste o prolungamento protezioni. Il Liteforge \u00e8 un moschettone a ghiera ultra leggero, progettato per alpinismo tecnico fast&light. Sufficientemente ampio da ospitare un nodo barcaiolo, il Liteforge \u00e8 perfetto per alpinismo ed arrampicata, dove ogni grammo conta.","breadcrumb":{"@id":"https:\/\/www.sestogrado.it\/it\/prodotto\/black-diamond-liteforge-moschettone-a-d-a-ghiera-arrampicata\/#breadcrumb"},"inLanguage":"it-IT","potentialAction":[{"@type":"ReadAction","target":[["https:\/\/www.sestogrado.it\/it\/prodotto\/black-diamond-liteforge-moschettone-a-d-a-ghiera-arrampicata\/"]]}]},{"@type":"ImageObject","inLanguage":"it-IT","@id":"https:\/\/www.sestogrado.it\/it\/prodotto\/black-diamond-liteforge-moschettone-a-d-a-ghiera-arrampicata\/#primaryimage","url":"https:\/\/www.sestogrado.it\/wp-content\/uploads\/2020\/06\/liteforge-grigio.jpg","contentUrl":"https:\/\/www.sestogrado.it\/wp-content\/uploads\/2020\/06\/liteforge-grigio.jpg","width":1500,"height":1500,"caption":"liteforge-grigio"},{"@type":"BreadcrumbList","@id":"https:\/\/www.sestogrado.it\/it\/prodotto\/black-diamond-liteforge-moschettone-a-d-a-ghiera-arrampicata\/#breadcrumb","itemListElement":[{"@type":"ListItem","position":1,"name":"Home","item":"https:\/\/www.sestogrado.it\/it\/"},{"@type":"ListItem","position":2,"name":"Shop","item":"https:\/\/www.sestogrado.it\/it\/shop\/"},{"@type":"ListItem","position":3,"name":"Black Diamond Liteforge moschettone a D a ghiera arrampicata"}]},{"@type":"WebSite","@id":"https:\/\/www.sestogrado.it\/it\/#website","url":"https:\/\/www.sestogrado.it\/it\/","name":"Sestogrado","description":"yes we climb","publisher":{"@id":"https:\/\/www.sestogrado.it\/it\/#organization"},"potentialAction":[{"@type":"SearchAction","target":{"@type":"EntryPoint","urlTemplate":"https:\/\/www.sestogrado.it\/it\/?s={search_term_string}"},"query-input":{"@type":"PropertyValueSpecification","valueRequired":true,"valueName":"search_term_string"}}],"inLanguage":"it-IT"},{"@type":"Organization","@id":"https:\/\/www.sestogrado.it\/it\/#organization","name":"Sestogrado","url":"https:\/\/www.sestogrado.it\/it\/","logo":{"@type":"ImageObject","inLanguage":"it-IT","@id":"https:\/\/www.sestogrado.it\/it\/#\/schema\/logo\/image\/","url":"https:\/\/www.sestogrado.it\/wp-content\/uploads\/2015\/03\/sestogrado-favicon.png","contentUrl":"https:\/\/www.sestogrado.it\/wp-content\/uploads\/2015\/03\/sestogrado-favicon.png","width":260,"height":260,"caption":"Sestogrado"},"image":{"@id":"https:\/\/www.sestogrado.it\/it\/#\/schema\/logo\/image\/"},"sameAs":["https:\/\/www.facebook.com\/pages\/Sestogrado\/1542635979353017?ref=bookmarks","https:\/\/www.youtube.com\/channel\/UC847kAfTkaJsWpc1jtQwr3Q"],"hasMerchantReturnPolicy":{"@type":"MerchantReturnPolicy","merchantReturnLink":"https:\/\/www.sestogrado.it\/it\/termini-e-condizioni\/"}}]},"product_brand":"Black Diamond","og_availability":"instock","product_availability":"instock","product_condition":"new"},"_links":{"self":[{"href":"https:\/\/www.sestogrado.it\/it\/wp-json\/wp\/v2\/product\/34508","targetHints":{"allow":["GET"]}}],"collection":[{"href":"https:\/\/www.sestogrado.it\/it\/wp-json\/wp\/v2\/product"}],"about":[{"href":"https:\/\/www.sestogrado.it\/it\/wp-json\/wp\/v2\/types\/product"}],"replies":[{"embeddable":true,"href":"https:\/\/www.sestogrado.it\/it\/wp-json\/wp\/v2\/comments?post=34508"}],"wp:featuredmedia":[{"embeddable":true,"href":"https:\/\/www.sestogrado.it\/it\/wp-json\/wp\/v2\/media\/34511"}],"wp:attachment":[{"href":"https:\/\/www.sestogrado.it\/it\/wp-json\/wp\/v2\/media?parent=34508"}],"wp:term":[{"taxonomy":"product_brand","embeddable":true,"href":"https:\/\/www.sestogrado.it\/it\/wp-json\/wp\/v2\/product_brand?post=34508"},{"taxonomy":"product_cat","embeddable":true,"href":"https:\/\/www.sestogrado.it\/it\/wp-json\/wp\/v2\/product_cat?post=34508"},{"taxonomy":"product_tag","embeddable":true,"href":"https:\/\/www.sestogrado.it\/it\/wp-json\/wp\/v2\/product_tag?post=34508"}],"curies":[{"name":"wp","href":"https:\/\/api.w.org\/{rel}","templated":true}]}}