{"id":33708,"date":"2023-04-14T12:33:53","date_gmt":"2023-04-14T10:33:53","guid":{"rendered":"https:\/\/www.sestogrado.it\/?post_type=product&#038;p=33708"},"modified":"2026-03-04T20:06:05","modified_gmt":"2026-03-04T19:06:05","slug":"black-diamond-speed-30-zaino-arrampicata-e-alpinismo","status":"publish","type":"product","link":"https:\/\/www.sestogrado.it\/it\/prodotto\/black-diamond-speed-30-zaino-arrampicata-e-alpinismo\/","title":{"rendered":"Black Diamond Speed 30 zaino arrampicata e alpinismo"},"content":{"rendered":"<p>Black Diamond Speed 30 \u00e8 un collaudato zaino da montagna, testato ovunque, dalle Montagne Rocciose canadesi al massiccio del Fitz Roy.<\/p>\n<p>Il Black Diamond Speed \u200b\u200b\u00e8 progettato per prestazioni leggere su <strong>roccia, neve e ghiaccio<\/strong> in tutto il mondo. Caratterizzata da un <em>tessuto BD X-rip 210d<\/em> aggiornato con rivestimento UTS\u2122, la nuova Speed \u200b\u200b\u00e8 costruita per resistere stagione dopo stagione agli abusi in montagna. Lo zaino \u00e8 anche completamente smontabile con cintura in vita, coperchio e lenzuolo rimovibili, per ridurre al minimo il peso. Migliorato il comfort con un pannello posteriore aggiornato e traspirante e spallacci ridisegnati in schiuma a doppia densit\u00e0 per una migliore distribuzione del carico in avvicinamento pur rimanendo snelli sulla rotta. Gli <em>I PickPockets\u2122<\/em> sono il porta ramponi da ghiaccio ora con attrezzo in metallo <em>dogbone<\/em>, che garantisce fissaggio e stabilit\u00e0; oltre alle cinghie per ramponi senza intoppi e una cinghia di corda nascosta che fissa l&#8217;attrezzatura all&#8217;esterno. Le fibbie principali del cappuccio sono apribili anche con i guanti.<\/p>\n<ul>\n<li>Nuovo tessuto <strong>BD &#8220;X-rip&#8221; in nylon 210d<\/strong> con <strong>rivestimento UTS\u2122<\/strong><\/li>\n<li>Patch di abrasione anteriore saldato per una migliore protezione contro roccia, ghiaccio e punte di ramponi.<\/li>\n<li>Nuovo attacco per attrezzi da ghiaccio <em>dogbone<\/em> in metallo personalizzato con micro strumenti per ghiaccio <em>PickPockets\u2122<\/em> e cinghie per ramponi rimovibili da 20 mm<\/li>\n<li>Caricamento dall&#8217;alto, con coperchio <strong>rimovibile<\/strong>, chiusura della gonna con cordino e cinturino in corda a scomparsa<\/li>\n<li>Design <em>strippable<\/em>: telo\/cuscino da bivacco rimovibile e cintura in vita <strong>rimovibile<\/strong> con cintura fissa<\/li>\n<li>Imbracatura con tracolla ridisegnata per un maggiore comfort e durata<\/li>\n<li>Pannello posteriore ridisegnato e traspirante<\/li>\n<\/ul>\n<p>&nbsp;<\/p>\n<div class=\"embed-responsive embed-responsive-16by9\"><iframe title=\"Black Diamond Speed Packs\" width=\"500\" height=\"281\" src=\"https:\/\/www.youtube.com\/embed\/LG65SbzxV8Q?start=125&#038;feature=oembed\" frameborder=\"0\" allow=\"accelerometer; autoplay; clipboard-write; encrypted-media; gyroscope; picture-in-picture; web-share\" referrerpolicy=\"strict-origin-when-cross-origin\" allowfullscreen><\/iframe><\/div>\n<p>Il Black Diamond Speed 30 \u00e8 comodo nell&#8217;avvicinamento ed efficiente durante la via.<\/p>\n<p>Black Diamond dal 1957 rappresenta un punto di riferimento mondiale per l\u2019attrezzatura da arrampicata. Ci\u00f2 che all\u2019inizio era una attivit\u00e0 artigianale con incudine e martello oggi si \u00e8 trasformata in una societ\u00e0 globale con uffici in tre continenti. Il segreto di Black Diamond \u00e8 sempre lo stesso: essere una societ\u00e0 formata da appassionati climber. In Black Diamond si continua a sognare su ci\u00f2 che potrebbe essere e si continua ad essere critici su ci\u00f2 che esiste. E\u2019 cos\u00ec che il processo creativo per la realizzazione della migliore attrezzatura da arrampicata non avr\u00e0 mai fine.<\/p>","protected":false},"excerpt":{"rendered":"<p>Black Diamond Speed 30 \u00e8 un collaudato zaino da montagna, testato ovunque, dalle Montagne Rocciose canadesi al massiccio del Fitz [&hellip;]<\/p>\n","protected":false},"featured_media":102134,"comment_status":"open","ping_status":"closed","template":"","meta":{"_acf_changed":false},"product_brand":[121],"product_cat":[389],"product_tag":[],"class_list":{"0":"post-33708","1":"product","2":"type-product","3":"status-publish","4":"has-post-thumbnail","6":"product_brand-black-diamond","7":"product_cat-zaini-alpinismo","9":"first","10":"instock","11":"sale","12":"taxable","13":"shipping-taxable","14":"purchasable","15":"product-type-variable"},"acf":[],"yoast_head":"<!-- This site is optimized with the Yoast SEO plugin v26.4 - https:\/\/yoast.com\/wordpress\/plugins\/seo\/ -->\n<title>Black Diamond Speed 30 zaino arrampicata e alpinismo - Sestogrado<\/title>\n<meta name=\"description\" content=\"Black Diamond Speed 30 \u00e8 un collaudato zaino da montagna, testato ovunque, dalle Montagne Rocciose canadesi al massiccio del Fitz Roy. Il Black Diamond Speed \u200b\u200b\u00e8 progettato per prestazioni leggere su roccia, neve e ghiaccio in tutto il mondo. Caratterizzata da un tessuto BD X-rip 210d aggiornato con rivestimento UTS\u2122, la nuova Speed \u200b\u200b\u00e8 costruita per resistere stagione dopo stagione agli abusi in montagna. Lo zaino \u00e8 anche completamente smontabile con cintura in vita, coperchio e lenzuolo rimovibili, per ridurre al minimo il peso. Migliorato il comfort con un pannello posteriore aggiornato e traspirante e spallacci ridisegnati in schiuma a doppia densit\u00e0 per una migliore distribuzione del carico in avvicinamento pur rimanendo snelli sulla rotta. Gli I PickPockets\u2122 sono il porta ramponi da ghiaccio ora con attrezzo in metallo dogbone, che garantisce fissaggio e stabilit\u00e0; oltre alle cinghie per ramponi senza intoppi e una cinghia di corda nascosta che fissa l&#039;attrezzatura all&#039;esterno. Le fibbie principali del cappuccio sono apribili anche con i guanti.\" \/>\n<meta name=\"robots\" content=\"index, follow, max-snippet:-1, max-image-preview:large, max-video-preview:-1\" \/>\n<link rel=\"canonical\" href=\"https:\/\/www.sestogrado.it\/it\/prodotto\/black-diamond-speed-30-zaino-arrampicata-e-alpinismo\/\" \/>\n<meta property=\"og:locale\" content=\"it_IT\" \/>\n<meta property=\"og:type\" content=\"article\" \/>\n<meta property=\"og:title\" content=\"Black Diamond Speed 30 zaino arrampicata e alpinismo - Sestogrado\" \/>\n<meta property=\"og:description\" content=\"Black Diamond Speed 30 \u00e8 un collaudato zaino da montagna, testato ovunque, dalle Montagne Rocciose canadesi al massiccio del Fitz Roy. Il Black Diamond Speed \u200b\u200b\u00e8 progettato per prestazioni leggere su roccia, neve e ghiaccio in tutto il mondo. Caratterizzata da un tessuto BD X-rip 210d aggiornato con rivestimento UTS\u2122, la nuova Speed \u200b\u200b\u00e8 costruita per resistere stagione dopo stagione agli abusi in montagna. Lo zaino \u00e8 anche completamente smontabile con cintura in vita, coperchio e lenzuolo rimovibili, per ridurre al minimo il peso. Migliorato il comfort con un pannello posteriore aggiornato e traspirante e spallacci ridisegnati in schiuma a doppia densit\u00e0 per una migliore distribuzione del carico in avvicinamento pur rimanendo snelli sulla rotta. Gli I PickPockets\u2122 sono il porta ramponi da ghiaccio ora con attrezzo in metallo dogbone, che garantisce fissaggio e stabilit\u00e0; oltre alle cinghie per ramponi senza intoppi e una cinghia di corda nascosta che fissa l&#039;attrezzatura all&#039;esterno. Le fibbie principali del cappuccio sono apribili anche con i guanti.\" \/>\n<meta property=\"og:url\" content=\"https:\/\/www.sestogrado.it\/it\/prodotto\/black-diamond-speed-30-zaino-arrampicata-e-alpinismo\/\" \/>\n<meta property=\"og:site_name\" content=\"Sestogrado\" \/>\n<meta property=\"article:publisher\" content=\"https:\/\/www.facebook.com\/pages\/Sestogrado\/1542635979353017?ref=bookmarks\" \/>\n<meta property=\"article:modified_time\" content=\"2026-03-04T19:06:05+00:00\" \/>\n<meta property=\"og:image\" content=\"https:\/\/www.sestogrado.it\/wp-content\/uploads\/2020\/05\/681238_0004_SPEED-30-PACK_GRAPHITE_01_.jpg\" \/>\n\t<meta property=\"og:image:width\" content=\"1100\" \/>\n\t<meta property=\"og:image:height\" content=\"1100\" \/>\n\t<meta property=\"og:image:type\" content=\"image\/jpeg\" \/>\n<meta name=\"twitter:label1\" content=\"Disponibilit\u00e0\" \/>\n\t<meta name=\"twitter:data1\" content=\"In stock\" \/>\n<script type=\"application\/ld+json\" class=\"yoast-schema-graph\">{\"@context\":\"https:\/\/schema.org\",\"@graph\":[{\"@type\":\"WebPage\",\"@id\":\"https:\/\/www.sestogrado.it\/it\/prodotto\/black-diamond-speed-30-zaino-arrampicata-e-alpinismo\/\",\"url\":\"https:\/\/www.sestogrado.it\/it\/prodotto\/black-diamond-speed-30-zaino-arrampicata-e-alpinismo\/\",\"name\":\"Black Diamond Speed 30 zaino arrampicata e alpinismo - Sestogrado\",\"isPartOf\":{\"@id\":\"https:\/\/www.sestogrado.it\/it\/#website\"},\"primaryImageOfPage\":{\"@id\":\"https:\/\/www.sestogrado.it\/it\/prodotto\/black-diamond-speed-30-zaino-arrampicata-e-alpinismo\/#primaryimage\"},\"image\":{\"@id\":\"https:\/\/www.sestogrado.it\/prodotto\/black-diamond-speed-30-zaino-arrampicata-e-alpinismo\/#primaryimage\"},\"thumbnailUrl\":\"https:\/\/www.sestogrado.it\/wp-content\/uploads\/2020\/05\/681238_0004_SPEED-30-PACK_GRAPHITE_01_.jpg\",\"datePublished\":\"2023-04-14T10:33:53+00:00\",\"dateModified\":\"2026-03-04T19:06:05+00:00\",\"description\":\"Black Diamond Speed 30 \u00e8 un collaudato zaino da montagna, testato ovunque, dalle Montagne Rocciose canadesi al massiccio del Fitz Roy. Il Black Diamond Speed \u200b\u200b\u00e8 progettato per prestazioni leggere su roccia, neve e ghiaccio in tutto il mondo. Caratterizzata da un tessuto BD X-rip 210d aggiornato con rivestimento UTS\u2122, la nuova Speed \u200b\u200b\u00e8 costruita per resistere stagione dopo stagione agli abusi in montagna. Lo zaino \u00e8 anche completamente smontabile con cintura in vita, coperchio e lenzuolo rimovibili, per ridurre al minimo il peso. Migliorato il comfort con un pannello posteriore aggiornato e traspirante e spallacci ridisegnati in schiuma a doppia densit\u00e0 per una migliore distribuzione del carico in avvicinamento pur rimanendo snelli sulla rotta. Gli I PickPockets\u2122 sono il porta ramponi da ghiaccio ora con attrezzo in metallo dogbone, che garantisce fissaggio e stabilit\u00e0; oltre alle cinghie per ramponi senza intoppi e una cinghia di corda nascosta che fissa l'attrezzatura all'esterno. Le fibbie principali del cappuccio sono apribili anche con i guanti.\",\"breadcrumb\":{\"@id\":\"https:\/\/www.sestogrado.it\/it\/prodotto\/black-diamond-speed-30-zaino-arrampicata-e-alpinismo\/#breadcrumb\"},\"inLanguage\":\"it-IT\",\"potentialAction\":[{\"@type\":\"ReadAction\",\"target\":[[\"https:\/\/www.sestogrado.it\/it\/prodotto\/black-diamond-speed-30-zaino-arrampicata-e-alpinismo\/\"]]}]},{\"@type\":\"ImageObject\",\"inLanguage\":\"it-IT\",\"@id\":\"https:\/\/www.sestogrado.it\/it\/prodotto\/black-diamond-speed-30-zaino-arrampicata-e-alpinismo\/#primaryimage\",\"url\":\"https:\/\/www.sestogrado.it\/wp-content\/uploads\/2020\/05\/681238_0004_SPEED-30-PACK_GRAPHITE_01_.jpg\",\"contentUrl\":\"https:\/\/www.sestogrado.it\/wp-content\/uploads\/2020\/05\/681238_0004_SPEED-30-PACK_GRAPHITE_01_.jpg\",\"width\":1100,\"height\":1100,\"caption\":\"BD speed 30\"},{\"@type\":\"BreadcrumbList\",\"@id\":\"https:\/\/www.sestogrado.it\/it\/prodotto\/black-diamond-speed-30-zaino-arrampicata-e-alpinismo\/#breadcrumb\",\"itemListElement\":[{\"@type\":\"ListItem\",\"position\":1,\"name\":\"Home\",\"item\":\"https:\/\/www.sestogrado.it\/it\/\"},{\"@type\":\"ListItem\",\"position\":2,\"name\":\"Shop\",\"item\":\"https:\/\/www.sestogrado.it\/it\/shop\/\"},{\"@type\":\"ListItem\",\"position\":3,\"name\":\"Black Diamond Speed 30 zaino arrampicata e alpinismo\"}]},{\"@type\":\"WebSite\",\"@id\":\"https:\/\/www.sestogrado.it\/it\/#website\",\"url\":\"https:\/\/www.sestogrado.it\/it\/\",\"name\":\"Sestogrado\",\"description\":\"yes we climb\",\"publisher\":{\"@id\":\"https:\/\/www.sestogrado.it\/it\/#organization\"},\"potentialAction\":[{\"@type\":\"SearchAction\",\"target\":{\"@type\":\"EntryPoint\",\"urlTemplate\":\"https:\/\/www.sestogrado.it\/it\/?s={search_term_string}\"},\"query-input\":{\"@type\":\"PropertyValueSpecification\",\"valueRequired\":true,\"valueName\":\"search_term_string\"}}],\"inLanguage\":\"it-IT\"},{\"@type\":\"Organization\",\"@id\":\"https:\/\/www.sestogrado.it\/it\/#organization\",\"name\":\"Sestogrado\",\"url\":\"https:\/\/www.sestogrado.it\/it\/\",\"logo\":{\"@type\":\"ImageObject\",\"inLanguage\":\"it-IT\",\"@id\":\"https:\/\/www.sestogrado.it\/it\/#\/schema\/logo\/image\/\",\"url\":\"https:\/\/www.sestogrado.it\/wp-content\/uploads\/2015\/03\/sestogrado-favicon.png\",\"contentUrl\":\"https:\/\/www.sestogrado.it\/wp-content\/uploads\/2015\/03\/sestogrado-favicon.png\",\"width\":260,\"height\":260,\"caption\":\"Sestogrado\"},\"image\":{\"@id\":\"https:\/\/www.sestogrado.it\/it\/#\/schema\/logo\/image\/\"},\"sameAs\":[\"https:\/\/www.facebook.com\/pages\/Sestogrado\/1542635979353017?ref=bookmarks\",\"https:\/\/www.youtube.com\/channel\/UC847kAfTkaJsWpc1jtQwr3Q\"],\"hasMerchantReturnPolicy\":{\"@type\":\"MerchantReturnPolicy\",\"merchantReturnLink\":\"https:\/\/www.sestogrado.it\/it\/termini-e-condizioni\/\"}}]}<\/script>\n<meta property=\"product:brand\" content=\"Black Diamond\" \/>\n<meta property=\"og:availability\" content=\"instock\" \/>\n<meta property=\"product:availability\" content=\"instock\" \/>\n<meta property=\"product:condition\" content=\"new\" \/>\n<!-- \/ Yoast SEO plugin. -->","yoast_head_json":{"title":"Black Diamond Speed 30 zaino arrampicata e alpinismo - Sestogrado","description":"Black Diamond Speed 30 \u00e8 un collaudato zaino da montagna, testato ovunque, dalle Montagne Rocciose canadesi al massiccio del Fitz Roy. Il Black Diamond Speed \u200b\u200b\u00e8 progettato per prestazioni leggere su roccia, neve e ghiaccio in tutto il mondo. Caratterizzata da un tessuto BD X-rip 210d aggiornato con rivestimento UTS\u2122, la nuova Speed \u200b\u200b\u00e8 costruita per resistere stagione dopo stagione agli abusi in montagna. Lo zaino \u00e8 anche completamente smontabile con cintura in vita, coperchio e lenzuolo rimovibili, per ridurre al minimo il peso. Migliorato il comfort con un pannello posteriore aggiornato e traspirante e spallacci ridisegnati in schiuma a doppia densit\u00e0 per una migliore distribuzione del carico in avvicinamento pur rimanendo snelli sulla rotta. Gli I PickPockets\u2122 sono il porta ramponi da ghiaccio ora con attrezzo in metallo dogbone, che garantisce fissaggio e stabilit\u00e0; oltre alle cinghie per ramponi senza intoppi e una cinghia di corda nascosta che fissa l'attrezzatura all'esterno. Le fibbie principali del cappuccio sono apribili anche con i guanti.","robots":{"index":"index","follow":"follow","max-snippet":"max-snippet:-1","max-image-preview":"max-image-preview:large","max-video-preview":"max-video-preview:-1"},"canonical":"https:\/\/www.sestogrado.it\/it\/prodotto\/black-diamond-speed-30-zaino-arrampicata-e-alpinismo\/","og_locale":"it_IT","og_type":"article","og_title":"Black Diamond Speed 30 zaino arrampicata e alpinismo - Sestogrado","og_description":"Black Diamond Speed 30 \u00e8 un collaudato zaino da montagna, testato ovunque, dalle Montagne Rocciose canadesi al massiccio del Fitz Roy. Il Black Diamond Speed \u200b\u200b\u00e8 progettato per prestazioni leggere su roccia, neve e ghiaccio in tutto il mondo. Caratterizzata da un tessuto BD X-rip 210d aggiornato con rivestimento UTS\u2122, la nuova Speed \u200b\u200b\u00e8 costruita per resistere stagione dopo stagione agli abusi in montagna. Lo zaino \u00e8 anche completamente smontabile con cintura in vita, coperchio e lenzuolo rimovibili, per ridurre al minimo il peso. Migliorato il comfort con un pannello posteriore aggiornato e traspirante e spallacci ridisegnati in schiuma a doppia densit\u00e0 per una migliore distribuzione del carico in avvicinamento pur rimanendo snelli sulla rotta. Gli I PickPockets\u2122 sono il porta ramponi da ghiaccio ora con attrezzo in metallo dogbone, che garantisce fissaggio e stabilit\u00e0; oltre alle cinghie per ramponi senza intoppi e una cinghia di corda nascosta che fissa l'attrezzatura all'esterno. Le fibbie principali del cappuccio sono apribili anche con i guanti.","og_url":"https:\/\/www.sestogrado.it\/it\/prodotto\/black-diamond-speed-30-zaino-arrampicata-e-alpinismo\/","og_site_name":"Sestogrado","article_publisher":"https:\/\/www.facebook.com\/pages\/Sestogrado\/1542635979353017?ref=bookmarks","article_modified_time":"2026-03-04T19:06:05+00:00","og_image":[{"width":1100,"height":1100,"url":"https:\/\/www.sestogrado.it\/wp-content\/uploads\/2020\/05\/681238_0004_SPEED-30-PACK_GRAPHITE_01_.jpg","type":"image\/jpeg"}],"twitter_misc":{"Disponibilit\u00e0":"In stock"},"schema":{"@context":"https:\/\/schema.org","@graph":[{"@type":"WebPage","@id":"https:\/\/www.sestogrado.it\/it\/prodotto\/black-diamond-speed-30-zaino-arrampicata-e-alpinismo\/","url":"https:\/\/www.sestogrado.it\/it\/prodotto\/black-diamond-speed-30-zaino-arrampicata-e-alpinismo\/","name":"Black Diamond Speed 30 zaino arrampicata e alpinismo - Sestogrado","isPartOf":{"@id":"https:\/\/www.sestogrado.it\/it\/#website"},"primaryImageOfPage":{"@id":"https:\/\/www.sestogrado.it\/it\/prodotto\/black-diamond-speed-30-zaino-arrampicata-e-alpinismo\/#primaryimage"},"image":{"@id":"https:\/\/www.sestogrado.it\/prodotto\/black-diamond-speed-30-zaino-arrampicata-e-alpinismo\/#primaryimage"},"thumbnailUrl":"https:\/\/www.sestogrado.it\/wp-content\/uploads\/2020\/05\/681238_0004_SPEED-30-PACK_GRAPHITE_01_.jpg","datePublished":"2023-04-14T10:33:53+00:00","dateModified":"2026-03-04T19:06:05+00:00","description":"Black Diamond Speed 30 \u00e8 un collaudato zaino da montagna, testato ovunque, dalle Montagne Rocciose canadesi al massiccio del Fitz Roy. Il Black Diamond Speed \u200b\u200b\u00e8 progettato per prestazioni leggere su roccia, neve e ghiaccio in tutto il mondo. Caratterizzata da un tessuto BD X-rip 210d aggiornato con rivestimento UTS\u2122, la nuova Speed \u200b\u200b\u00e8 costruita per resistere stagione dopo stagione agli abusi in montagna. Lo zaino \u00e8 anche completamente smontabile con cintura in vita, coperchio e lenzuolo rimovibili, per ridurre al minimo il peso. Migliorato il comfort con un pannello posteriore aggiornato e traspirante e spallacci ridisegnati in schiuma a doppia densit\u00e0 per una migliore distribuzione del carico in avvicinamento pur rimanendo snelli sulla rotta. Gli I PickPockets\u2122 sono il porta ramponi da ghiaccio ora con attrezzo in metallo dogbone, che garantisce fissaggio e stabilit\u00e0; oltre alle cinghie per ramponi senza intoppi e una cinghia di corda nascosta che fissa l'attrezzatura all'esterno. Le fibbie principali del cappuccio sono apribili anche con i guanti.","breadcrumb":{"@id":"https:\/\/www.sestogrado.it\/it\/prodotto\/black-diamond-speed-30-zaino-arrampicata-e-alpinismo\/#breadcrumb"},"inLanguage":"it-IT","potentialAction":[{"@type":"ReadAction","target":[["https:\/\/www.sestogrado.it\/it\/prodotto\/black-diamond-speed-30-zaino-arrampicata-e-alpinismo\/"]]}]},{"@type":"ImageObject","inLanguage":"it-IT","@id":"https:\/\/www.sestogrado.it\/it\/prodotto\/black-diamond-speed-30-zaino-arrampicata-e-alpinismo\/#primaryimage","url":"https:\/\/www.sestogrado.it\/wp-content\/uploads\/2020\/05\/681238_0004_SPEED-30-PACK_GRAPHITE_01_.jpg","contentUrl":"https:\/\/www.sestogrado.it\/wp-content\/uploads\/2020\/05\/681238_0004_SPEED-30-PACK_GRAPHITE_01_.jpg","width":1100,"height":1100,"caption":"BD speed 30"},{"@type":"BreadcrumbList","@id":"https:\/\/www.sestogrado.it\/it\/prodotto\/black-diamond-speed-30-zaino-arrampicata-e-alpinismo\/#breadcrumb","itemListElement":[{"@type":"ListItem","position":1,"name":"Home","item":"https:\/\/www.sestogrado.it\/it\/"},{"@type":"ListItem","position":2,"name":"Shop","item":"https:\/\/www.sestogrado.it\/it\/shop\/"},{"@type":"ListItem","position":3,"name":"Black Diamond Speed 30 zaino arrampicata e alpinismo"}]},{"@type":"WebSite","@id":"https:\/\/www.sestogrado.it\/it\/#website","url":"https:\/\/www.sestogrado.it\/it\/","name":"Sestogrado","description":"yes we climb","publisher":{"@id":"https:\/\/www.sestogrado.it\/it\/#organization"},"potentialAction":[{"@type":"SearchAction","target":{"@type":"EntryPoint","urlTemplate":"https:\/\/www.sestogrado.it\/it\/?s={search_term_string}"},"query-input":{"@type":"PropertyValueSpecification","valueRequired":true,"valueName":"search_term_string"}}],"inLanguage":"it-IT"},{"@type":"Organization","@id":"https:\/\/www.sestogrado.it\/it\/#organization","name":"Sestogrado","url":"https:\/\/www.sestogrado.it\/it\/","logo":{"@type":"ImageObject","inLanguage":"it-IT","@id":"https:\/\/www.sestogrado.it\/it\/#\/schema\/logo\/image\/","url":"https:\/\/www.sestogrado.it\/wp-content\/uploads\/2015\/03\/sestogrado-favicon.png","contentUrl":"https:\/\/www.sestogrado.it\/wp-content\/uploads\/2015\/03\/sestogrado-favicon.png","width":260,"height":260,"caption":"Sestogrado"},"image":{"@id":"https:\/\/www.sestogrado.it\/it\/#\/schema\/logo\/image\/"},"sameAs":["https:\/\/www.facebook.com\/pages\/Sestogrado\/1542635979353017?ref=bookmarks","https:\/\/www.youtube.com\/channel\/UC847kAfTkaJsWpc1jtQwr3Q"],"hasMerchantReturnPolicy":{"@type":"MerchantReturnPolicy","merchantReturnLink":"https:\/\/www.sestogrado.it\/it\/termini-e-condizioni\/"}}]},"product_brand":"Black Diamond","og_availability":"instock","product_availability":"instock","product_condition":"new"},"_links":{"self":[{"href":"https:\/\/www.sestogrado.it\/it\/wp-json\/wp\/v2\/product\/33708","targetHints":{"allow":["GET"]}}],"collection":[{"href":"https:\/\/www.sestogrado.it\/it\/wp-json\/wp\/v2\/product"}],"about":[{"href":"https:\/\/www.sestogrado.it\/it\/wp-json\/wp\/v2\/types\/product"}],"replies":[{"embeddable":true,"href":"https:\/\/www.sestogrado.it\/it\/wp-json\/wp\/v2\/comments?post=33708"}],"wp:featuredmedia":[{"embeddable":true,"href":"https:\/\/www.sestogrado.it\/it\/wp-json\/wp\/v2\/media\/102134"}],"wp:attachment":[{"href":"https:\/\/www.sestogrado.it\/it\/wp-json\/wp\/v2\/media?parent=33708"}],"wp:term":[{"taxonomy":"product_brand","embeddable":true,"href":"https:\/\/www.sestogrado.it\/it\/wp-json\/wp\/v2\/product_brand?post=33708"},{"taxonomy":"product_cat","embeddable":true,"href":"https:\/\/www.sestogrado.it\/it\/wp-json\/wp\/v2\/product_cat?post=33708"},{"taxonomy":"product_tag","embeddable":true,"href":"https:\/\/www.sestogrado.it\/it\/wp-json\/wp\/v2\/product_tag?post=33708"}],"curies":[{"name":"wp","href":"https:\/\/api.w.org\/{rel}","templated":true}]}}