{"id":33276,"date":"2020-05-22T15:09:51","date_gmt":"2020-05-22T13:09:51","guid":{"rendered":"https:\/\/www.sestogrado.it\/?post_type=product&#038;p=33276"},"modified":"2024-10-28T09:45:49","modified_gmt":"2024-10-28T08:45:49","slug":"fizan-mascherina-per-sport-in-microfibra-filtrante-ed-elastica","status":"publish","type":"product","link":"https:\/\/www.sestogrado.it\/it\/prodotto\/fizan-mascherina-per-sport-in-microfibra-filtrante-ed-elastica\/","title":{"rendered":"Fizan Mascherina per sport in microfibra filtrante ed elastica"},"content":{"rendered":"<p>La Mascherina Fizan per sport \u00e8 una maschera per attivit\u00e0 sportiva all&#8217;aria aperta realizzata in microfibra senza cuciture, con sistema microfresh che favorisce la termoregolazione. E&#8217; un dispositivo che assolve la necessit\u00e0 di fornire una barriera, fornendo al contempo comfort e traspirabilit\u00e0. E&#8217; antibatterica nel combattere funghi ed odori, realizzata in tessuto idrorepellente, \u00e8 lavabile e riutilizzabile.<\/p>\n<ul>\n<li>100% poliestere, realizzata in microfibra senza cuciture, con sistema microfresh che favorisce la termoregolazione<\/li>\n<li>antibatterico, garantito per pi\u00f9 di 50 lavaggi, nel combattere batteri, funghi, cattivi odori<\/li>\n<li>tessuto idrorepellente<\/li>\n<li>eco friendly: evita il consumo di molte mascherine monouso<\/li>\n<li>facilmente lavabile e riutilizzabile per molte volte<\/li>\n<li>made in Italy: realizzato interamente in Italia<\/li>\n<\/ul>\n<p>La Mascherina Fizan \u00e8 comoda e pratica per attivit\u00e0 all&#8217;aria aperta, in qualsiasi contesto outdoor dove si effettua attivit\u00e0 intensa. Completamente riutilizzabile, non limita la respirazione ed evita il consumo di molte mascherine monouso.<\/p>\n<p>ATTENZIONE: non \u00e8 un DPI e non assolve a necessit\u00e0 di isolamento dove per questo siano previsti dispositivi omologati. Risponde ad obbligo o necessit\u00e0 di proteggere la propria respirazione nel corso di attivit\u00e0 sportiva outdoor.<\/p>","protected":false},"excerpt":{"rendered":"<p>La Mascherina Fizan per sport \u00e8 una maschera per attivit\u00e0 sportiva all&#8217;aria aperta realizzata in microfibra senza cuciture, con sistema [&hellip;]<\/p>\n","protected":false},"featured_media":33281,"comment_status":"open","ping_status":"closed","template":"","meta":{"_acf_changed":false},"product_brand":[544],"product_cat":[141],"product_tag":[],"class_list":{"0":"post-33276","1":"product","2":"type-product","3":"status-publish","4":"has-post-thumbnail","6":"product_brand-fizan","7":"product_cat-accessori-accessori","9":"first","10":"instock","11":"sale","12":"taxable","13":"shipping-taxable","14":"purchasable","15":"product-type-variable"},"acf":[],"yoast_head":"<!-- This site is optimized with the Yoast SEO plugin v26.4 - https:\/\/yoast.com\/wordpress\/plugins\/seo\/ -->\n<title>Fizan Mascherina per sport in microfibra filtrante ed elastica - Sestogrado<\/title>\n<meta name=\"description\" content=\"La Mascherina Fizan per sport \u00e8 una maschera per attivit\u00e0 sportiva all&#039;aria aperta realizzata in microfibra senza cuciture, con sistema microfresh che favorisce la termoregolazione. E&#039; un dispositivo che assolve la necessit\u00e0 di fornire una barriera, fornendo al contempo comfort e traspirabilit\u00e0. E&#039; antibatterica nel combattere funghi ed odori, realizzata in tessuto idrorepellente, \u00e8 lavabile e riutilizzabile.100% poliestere, realizzata in microfibra senza cuciture, con sistema microfresh che favorisce la termoregolazioneantibatterico, garantito per pi\u00f9 di 50 lavaggi, nel combattere batteri, funghi, cattivi odoritessuto idrorepellente. Eco friendly: evita il consumo di molte mascherine monousofacilmente lavabile e riutilizzabile per molte voltemade in Italy: realizzato interamente in Italia. La Mascherina Fizan \u00e8 comoda e pratica per attivit\u00e0 all&#039;aria aperta, in qualsiasi contesto outdoor dove si effettua attivit\u00e0 intensa. Completamente riutilizzabile, non limita la respirazione ed evita il consumo di molte mascherine monouso.\" \/>\n<meta name=\"robots\" content=\"index, follow, max-snippet:-1, max-image-preview:large, max-video-preview:-1\" \/>\n<link rel=\"canonical\" href=\"https:\/\/www.sestogrado.it\/it\/prodotto\/fizan-mascherina-per-sport-in-microfibra-filtrante-ed-elastica\/\" \/>\n<meta property=\"og:locale\" content=\"it_IT\" \/>\n<meta property=\"og:type\" content=\"article\" \/>\n<meta property=\"og:title\" content=\"Fizan Mascherina per sport in microfibra filtrante ed elastica - Sestogrado\" \/>\n<meta property=\"og:description\" content=\"La Mascherina Fizan per sport \u00e8 una maschera per attivit\u00e0 sportiva all&#039;aria aperta realizzata in microfibra senza cuciture, con sistema microfresh che favorisce la termoregolazione. E&#039; un dispositivo che assolve la necessit\u00e0 di fornire una barriera, fornendo al contempo comfort e traspirabilit\u00e0. E&#039; antibatterica nel combattere funghi ed odori, realizzata in tessuto idrorepellente, \u00e8 lavabile e riutilizzabile.100% poliestere, realizzata in microfibra senza cuciture, con sistema microfresh che favorisce la termoregolazioneantibatterico, garantito per pi\u00f9 di 50 lavaggi, nel combattere batteri, funghi, cattivi odoritessuto idrorepellente. Eco friendly: evita il consumo di molte mascherine monousofacilmente lavabile e riutilizzabile per molte voltemade in Italy: realizzato interamente in Italia. La Mascherina Fizan \u00e8 comoda e pratica per attivit\u00e0 all&#039;aria aperta, in qualsiasi contesto outdoor dove si effettua attivit\u00e0 intensa. Completamente riutilizzabile, non limita la respirazione ed evita il consumo di molte mascherine monouso.\" \/>\n<meta property=\"og:url\" content=\"https:\/\/www.sestogrado.it\/it\/prodotto\/fizan-mascherina-per-sport-in-microfibra-filtrante-ed-elastica\/\" \/>\n<meta property=\"og:site_name\" content=\"Sestogrado\" \/>\n<meta property=\"article:publisher\" content=\"https:\/\/www.facebook.com\/pages\/Sestogrado\/1542635979353017?ref=bookmarks\" \/>\n<meta property=\"article:modified_time\" content=\"2024-10-28T08:45:49+00:00\" \/>\n<meta property=\"og:image\" content=\"https:\/\/www.sestogrado.it\/wp-content\/uploads\/2020\/05\/04-italia.jpg\" \/>\n\t<meta property=\"og:image:width\" content=\"884\" \/>\n\t<meta property=\"og:image:height\" content=\"884\" \/>\n\t<meta property=\"og:image:type\" content=\"image\/jpeg\" \/>\n<meta name=\"twitter:label1\" content=\"Disponibilit\u00e0\" \/>\n\t<meta name=\"twitter:data1\" content=\"In stock\" \/>\n<script type=\"application\/ld+json\" class=\"yoast-schema-graph\">{\"@context\":\"https:\/\/schema.org\",\"@graph\":[{\"@type\":\"WebPage\",\"@id\":\"https:\/\/www.sestogrado.it\/it\/prodotto\/fizan-mascherina-per-sport-in-microfibra-filtrante-ed-elastica\/\",\"url\":\"https:\/\/www.sestogrado.it\/it\/prodotto\/fizan-mascherina-per-sport-in-microfibra-filtrante-ed-elastica\/\",\"name\":\"Fizan Mascherina per sport in microfibra filtrante ed elastica - Sestogrado\",\"isPartOf\":{\"@id\":\"https:\/\/www.sestogrado.it\/it\/#website\"},\"primaryImageOfPage\":{\"@id\":\"https:\/\/www.sestogrado.it\/it\/prodotto\/fizan-mascherina-per-sport-in-microfibra-filtrante-ed-elastica\/#primaryimage\"},\"image\":{\"@id\":\"https:\/\/www.sestogrado.it\/prodotto\/fizan-mascherina-per-sport-in-microfibra-filtrante-ed-elastica\/#primaryimage\"},\"thumbnailUrl\":\"https:\/\/www.sestogrado.it\/wp-content\/uploads\/2020\/05\/04-italia.jpg\",\"datePublished\":\"2020-05-22T13:09:51+00:00\",\"dateModified\":\"2024-10-28T08:45:49+00:00\",\"description\":\"La Mascherina Fizan per sport \u00e8 una maschera per attivit\u00e0 sportiva all'aria aperta realizzata in microfibra senza cuciture, con sistema microfresh che favorisce la termoregolazione. E' un dispositivo che assolve la necessit\u00e0 di fornire una barriera, fornendo al contempo comfort e traspirabilit\u00e0. E' antibatterica nel combattere funghi ed odori, realizzata in tessuto idrorepellente, \u00e8 lavabile e riutilizzabile.100% poliestere, realizzata in microfibra senza cuciture, con sistema microfresh che favorisce la termoregolazioneantibatterico, garantito per pi\u00f9 di 50 lavaggi, nel combattere batteri, funghi, cattivi odoritessuto idrorepellente. Eco friendly: evita il consumo di molte mascherine monousofacilmente lavabile e riutilizzabile per molte voltemade in Italy: realizzato interamente in Italia. La Mascherina Fizan \u00e8 comoda e pratica per attivit\u00e0 all'aria aperta, in qualsiasi contesto outdoor dove si effettua attivit\u00e0 intensa. Completamente riutilizzabile, non limita la respirazione ed evita il consumo di molte mascherine monouso.\",\"breadcrumb\":{\"@id\":\"https:\/\/www.sestogrado.it\/it\/prodotto\/fizan-mascherina-per-sport-in-microfibra-filtrante-ed-elastica\/#breadcrumb\"},\"inLanguage\":\"it-IT\",\"potentialAction\":[{\"@type\":\"ReadAction\",\"target\":[[\"https:\/\/www.sestogrado.it\/it\/prodotto\/fizan-mascherina-per-sport-in-microfibra-filtrante-ed-elastica\/\"]]}]},{\"@type\":\"ImageObject\",\"inLanguage\":\"it-IT\",\"@id\":\"https:\/\/www.sestogrado.it\/it\/prodotto\/fizan-mascherina-per-sport-in-microfibra-filtrante-ed-elastica\/#primaryimage\",\"url\":\"https:\/\/www.sestogrado.it\/wp-content\/uploads\/2020\/05\/04-italia.jpg\",\"contentUrl\":\"https:\/\/www.sestogrado.it\/wp-content\/uploads\/2020\/05\/04-italia.jpg\",\"width\":884,\"height\":884,\"caption\":\"mascherina italia\"},{\"@type\":\"BreadcrumbList\",\"@id\":\"https:\/\/www.sestogrado.it\/it\/prodotto\/fizan-mascherina-per-sport-in-microfibra-filtrante-ed-elastica\/#breadcrumb\",\"itemListElement\":[{\"@type\":\"ListItem\",\"position\":1,\"name\":\"Home\",\"item\":\"https:\/\/www.sestogrado.it\/it\/\"},{\"@type\":\"ListItem\",\"position\":2,\"name\":\"Shop\",\"item\":\"https:\/\/www.sestogrado.it\/it\/shop\/\"},{\"@type\":\"ListItem\",\"position\":3,\"name\":\"Fizan Mascherina per sport in microfibra filtrante ed elastica\"}]},{\"@type\":\"WebSite\",\"@id\":\"https:\/\/www.sestogrado.it\/it\/#website\",\"url\":\"https:\/\/www.sestogrado.it\/it\/\",\"name\":\"Sestogrado\",\"description\":\"yes we climb\",\"publisher\":{\"@id\":\"https:\/\/www.sestogrado.it\/it\/#organization\"},\"potentialAction\":[{\"@type\":\"SearchAction\",\"target\":{\"@type\":\"EntryPoint\",\"urlTemplate\":\"https:\/\/www.sestogrado.it\/it\/?s={search_term_string}\"},\"query-input\":{\"@type\":\"PropertyValueSpecification\",\"valueRequired\":true,\"valueName\":\"search_term_string\"}}],\"inLanguage\":\"it-IT\"},{\"@type\":\"Organization\",\"@id\":\"https:\/\/www.sestogrado.it\/it\/#organization\",\"name\":\"Sestogrado\",\"url\":\"https:\/\/www.sestogrado.it\/it\/\",\"logo\":{\"@type\":\"ImageObject\",\"inLanguage\":\"it-IT\",\"@id\":\"https:\/\/www.sestogrado.it\/it\/#\/schema\/logo\/image\/\",\"url\":\"https:\/\/www.sestogrado.it\/wp-content\/uploads\/2015\/03\/sestogrado-favicon.png\",\"contentUrl\":\"https:\/\/www.sestogrado.it\/wp-content\/uploads\/2015\/03\/sestogrado-favicon.png\",\"width\":260,\"height\":260,\"caption\":\"Sestogrado\"},\"image\":{\"@id\":\"https:\/\/www.sestogrado.it\/it\/#\/schema\/logo\/image\/\"},\"sameAs\":[\"https:\/\/www.facebook.com\/pages\/Sestogrado\/1542635979353017?ref=bookmarks\",\"https:\/\/www.youtube.com\/channel\/UC847kAfTkaJsWpc1jtQwr3Q\"],\"hasMerchantReturnPolicy\":{\"@type\":\"MerchantReturnPolicy\",\"merchantReturnLink\":\"https:\/\/www.sestogrado.it\/it\/termini-e-condizioni\/\"}}]}<\/script>\n<meta property=\"product:brand\" content=\"Fizan\" \/>\n<meta property=\"og:availability\" content=\"instock\" \/>\n<meta property=\"product:availability\" content=\"instock\" \/>\n<meta property=\"product:condition\" content=\"new\" \/>\n<!-- \/ Yoast SEO plugin. -->","yoast_head_json":{"title":"Fizan Mascherina per sport in microfibra filtrante ed elastica - Sestogrado","description":"La Mascherina Fizan per sport \u00e8 una maschera per attivit\u00e0 sportiva all'aria aperta realizzata in microfibra senza cuciture, con sistema microfresh che favorisce la termoregolazione. E' un dispositivo che assolve la necessit\u00e0 di fornire una barriera, fornendo al contempo comfort e traspirabilit\u00e0. E' antibatterica nel combattere funghi ed odori, realizzata in tessuto idrorepellente, \u00e8 lavabile e riutilizzabile.100% poliestere, realizzata in microfibra senza cuciture, con sistema microfresh che favorisce la termoregolazioneantibatterico, garantito per pi\u00f9 di 50 lavaggi, nel combattere batteri, funghi, cattivi odoritessuto idrorepellente. Eco friendly: evita il consumo di molte mascherine monousofacilmente lavabile e riutilizzabile per molte voltemade in Italy: realizzato interamente in Italia. La Mascherina Fizan \u00e8 comoda e pratica per attivit\u00e0 all'aria aperta, in qualsiasi contesto outdoor dove si effettua attivit\u00e0 intensa. Completamente riutilizzabile, non limita la respirazione ed evita il consumo di molte mascherine monouso.","robots":{"index":"index","follow":"follow","max-snippet":"max-snippet:-1","max-image-preview":"max-image-preview:large","max-video-preview":"max-video-preview:-1"},"canonical":"https:\/\/www.sestogrado.it\/it\/prodotto\/fizan-mascherina-per-sport-in-microfibra-filtrante-ed-elastica\/","og_locale":"it_IT","og_type":"article","og_title":"Fizan Mascherina per sport in microfibra filtrante ed elastica - Sestogrado","og_description":"La Mascherina Fizan per sport \u00e8 una maschera per attivit\u00e0 sportiva all'aria aperta realizzata in microfibra senza cuciture, con sistema microfresh che favorisce la termoregolazione. E' un dispositivo che assolve la necessit\u00e0 di fornire una barriera, fornendo al contempo comfort e traspirabilit\u00e0. E' antibatterica nel combattere funghi ed odori, realizzata in tessuto idrorepellente, \u00e8 lavabile e riutilizzabile.100% poliestere, realizzata in microfibra senza cuciture, con sistema microfresh che favorisce la termoregolazioneantibatterico, garantito per pi\u00f9 di 50 lavaggi, nel combattere batteri, funghi, cattivi odoritessuto idrorepellente. Eco friendly: evita il consumo di molte mascherine monousofacilmente lavabile e riutilizzabile per molte voltemade in Italy: realizzato interamente in Italia. La Mascherina Fizan \u00e8 comoda e pratica per attivit\u00e0 all'aria aperta, in qualsiasi contesto outdoor dove si effettua attivit\u00e0 intensa. Completamente riutilizzabile, non limita la respirazione ed evita il consumo di molte mascherine monouso.","og_url":"https:\/\/www.sestogrado.it\/it\/prodotto\/fizan-mascherina-per-sport-in-microfibra-filtrante-ed-elastica\/","og_site_name":"Sestogrado","article_publisher":"https:\/\/www.facebook.com\/pages\/Sestogrado\/1542635979353017?ref=bookmarks","article_modified_time":"2024-10-28T08:45:49+00:00","og_image":[{"width":884,"height":884,"url":"https:\/\/www.sestogrado.it\/wp-content\/uploads\/2020\/05\/04-italia.jpg","type":"image\/jpeg"}],"twitter_misc":{"Disponibilit\u00e0":"In stock"},"schema":{"@context":"https:\/\/schema.org","@graph":[{"@type":"WebPage","@id":"https:\/\/www.sestogrado.it\/it\/prodotto\/fizan-mascherina-per-sport-in-microfibra-filtrante-ed-elastica\/","url":"https:\/\/www.sestogrado.it\/it\/prodotto\/fizan-mascherina-per-sport-in-microfibra-filtrante-ed-elastica\/","name":"Fizan Mascherina per sport in microfibra filtrante ed elastica - Sestogrado","isPartOf":{"@id":"https:\/\/www.sestogrado.it\/it\/#website"},"primaryImageOfPage":{"@id":"https:\/\/www.sestogrado.it\/it\/prodotto\/fizan-mascherina-per-sport-in-microfibra-filtrante-ed-elastica\/#primaryimage"},"image":{"@id":"https:\/\/www.sestogrado.it\/prodotto\/fizan-mascherina-per-sport-in-microfibra-filtrante-ed-elastica\/#primaryimage"},"thumbnailUrl":"https:\/\/www.sestogrado.it\/wp-content\/uploads\/2020\/05\/04-italia.jpg","datePublished":"2020-05-22T13:09:51+00:00","dateModified":"2024-10-28T08:45:49+00:00","description":"La Mascherina Fizan per sport \u00e8 una maschera per attivit\u00e0 sportiva all'aria aperta realizzata in microfibra senza cuciture, con sistema microfresh che favorisce la termoregolazione. E' un dispositivo che assolve la necessit\u00e0 di fornire una barriera, fornendo al contempo comfort e traspirabilit\u00e0. E' antibatterica nel combattere funghi ed odori, realizzata in tessuto idrorepellente, \u00e8 lavabile e riutilizzabile.100% poliestere, realizzata in microfibra senza cuciture, con sistema microfresh che favorisce la termoregolazioneantibatterico, garantito per pi\u00f9 di 50 lavaggi, nel combattere batteri, funghi, cattivi odoritessuto idrorepellente. Eco friendly: evita il consumo di molte mascherine monousofacilmente lavabile e riutilizzabile per molte voltemade in Italy: realizzato interamente in Italia. La Mascherina Fizan \u00e8 comoda e pratica per attivit\u00e0 all'aria aperta, in qualsiasi contesto outdoor dove si effettua attivit\u00e0 intensa. Completamente riutilizzabile, non limita la respirazione ed evita il consumo di molte mascherine monouso.","breadcrumb":{"@id":"https:\/\/www.sestogrado.it\/it\/prodotto\/fizan-mascherina-per-sport-in-microfibra-filtrante-ed-elastica\/#breadcrumb"},"inLanguage":"it-IT","potentialAction":[{"@type":"ReadAction","target":[["https:\/\/www.sestogrado.it\/it\/prodotto\/fizan-mascherina-per-sport-in-microfibra-filtrante-ed-elastica\/"]]}]},{"@type":"ImageObject","inLanguage":"it-IT","@id":"https:\/\/www.sestogrado.it\/it\/prodotto\/fizan-mascherina-per-sport-in-microfibra-filtrante-ed-elastica\/#primaryimage","url":"https:\/\/www.sestogrado.it\/wp-content\/uploads\/2020\/05\/04-italia.jpg","contentUrl":"https:\/\/www.sestogrado.it\/wp-content\/uploads\/2020\/05\/04-italia.jpg","width":884,"height":884,"caption":"mascherina italia"},{"@type":"BreadcrumbList","@id":"https:\/\/www.sestogrado.it\/it\/prodotto\/fizan-mascherina-per-sport-in-microfibra-filtrante-ed-elastica\/#breadcrumb","itemListElement":[{"@type":"ListItem","position":1,"name":"Home","item":"https:\/\/www.sestogrado.it\/it\/"},{"@type":"ListItem","position":2,"name":"Shop","item":"https:\/\/www.sestogrado.it\/it\/shop\/"},{"@type":"ListItem","position":3,"name":"Fizan Mascherina per sport in microfibra filtrante ed elastica"}]},{"@type":"WebSite","@id":"https:\/\/www.sestogrado.it\/it\/#website","url":"https:\/\/www.sestogrado.it\/it\/","name":"Sestogrado","description":"yes we climb","publisher":{"@id":"https:\/\/www.sestogrado.it\/it\/#organization"},"potentialAction":[{"@type":"SearchAction","target":{"@type":"EntryPoint","urlTemplate":"https:\/\/www.sestogrado.it\/it\/?s={search_term_string}"},"query-input":{"@type":"PropertyValueSpecification","valueRequired":true,"valueName":"search_term_string"}}],"inLanguage":"it-IT"},{"@type":"Organization","@id":"https:\/\/www.sestogrado.it\/it\/#organization","name":"Sestogrado","url":"https:\/\/www.sestogrado.it\/it\/","logo":{"@type":"ImageObject","inLanguage":"it-IT","@id":"https:\/\/www.sestogrado.it\/it\/#\/schema\/logo\/image\/","url":"https:\/\/www.sestogrado.it\/wp-content\/uploads\/2015\/03\/sestogrado-favicon.png","contentUrl":"https:\/\/www.sestogrado.it\/wp-content\/uploads\/2015\/03\/sestogrado-favicon.png","width":260,"height":260,"caption":"Sestogrado"},"image":{"@id":"https:\/\/www.sestogrado.it\/it\/#\/schema\/logo\/image\/"},"sameAs":["https:\/\/www.facebook.com\/pages\/Sestogrado\/1542635979353017?ref=bookmarks","https:\/\/www.youtube.com\/channel\/UC847kAfTkaJsWpc1jtQwr3Q"],"hasMerchantReturnPolicy":{"@type":"MerchantReturnPolicy","merchantReturnLink":"https:\/\/www.sestogrado.it\/it\/termini-e-condizioni\/"}}]},"product_brand":"Fizan","og_availability":"instock","product_availability":"instock","product_condition":"new"},"_links":{"self":[{"href":"https:\/\/www.sestogrado.it\/it\/wp-json\/wp\/v2\/product\/33276","targetHints":{"allow":["GET"]}}],"collection":[{"href":"https:\/\/www.sestogrado.it\/it\/wp-json\/wp\/v2\/product"}],"about":[{"href":"https:\/\/www.sestogrado.it\/it\/wp-json\/wp\/v2\/types\/product"}],"replies":[{"embeddable":true,"href":"https:\/\/www.sestogrado.it\/it\/wp-json\/wp\/v2\/comments?post=33276"}],"wp:featuredmedia":[{"embeddable":true,"href":"https:\/\/www.sestogrado.it\/it\/wp-json\/wp\/v2\/media\/33281"}],"wp:attachment":[{"href":"https:\/\/www.sestogrado.it\/it\/wp-json\/wp\/v2\/media?parent=33276"}],"wp:term":[{"taxonomy":"product_brand","embeddable":true,"href":"https:\/\/www.sestogrado.it\/it\/wp-json\/wp\/v2\/product_brand?post=33276"},{"taxonomy":"product_cat","embeddable":true,"href":"https:\/\/www.sestogrado.it\/it\/wp-json\/wp\/v2\/product_cat?post=33276"},{"taxonomy":"product_tag","embeddable":true,"href":"https:\/\/www.sestogrado.it\/it\/wp-json\/wp\/v2\/product_tag?post=33276"}],"curies":[{"name":"wp","href":"https:\/\/api.w.org\/{rel}","templated":true}]}}