{"id":3292,"date":"2023-12-06T08:26:11","date_gmt":"2023-12-06T07:26:11","guid":{"rendered":"http:\/\/www.sestogrado.it\/?post_type=product&#038;p=3292"},"modified":"2026-04-02T11:17:50","modified_gmt":"2026-04-02T09:17:50","slug":"camp-stalker-ramponi","status":"publish","type":"product","link":"https:\/\/www.sestogrado.it\/it\/prodotto\/camp-stalker-ramponi\/","title":{"rendered":"Camp Stalker ramponi universali e semiautomatici"},"content":{"rendered":"<p>Il Camp Stalker \u00e8 il best seller dei ramponi da alpinismo Camp, grazie alla sua polivalenza e facile adattabilit\u00e0 ed \u00e8 disponibile in due versioni: Universal, compatibile con ogni tipo di scarpone, e Semiautomatico, con allaccio posteriore ottimizzato per scarponi con bordino sul tacco.<\/p>\n<ul>\n<li>Nuova geometria\u00a0ottimizzata per gli scarponi moderni<\/li>\n<li>Allacciatura semiautomatica adatta agli scarponi\u00a0semiramponabili<\/li>\n<li>Fitting ottimizzato per tutte le tipologie di scarponi nella versione universale<\/li>\n<li>L\u2019asta di regolazione flessibile e la geometria della piattaforma anteriore assicurano un perfetto adattamento durante la camminata<\/li>\n<li>12 punte per la massima affidabilit\u00e0 su terreni pi\u00f9 tecnici<\/li>\n<li>Facile da regolare senza l\u2019uso di attrezzi<\/li>\n<li>Antibott integrato ad azione attiva<\/li>\n<li>Custodia inclusa<\/li>\n<\/ul>\n<p>La costruzione classica in acciaio NiCrMo del Camp Stalker ha dimostrato di resistere alla prova del tempo. Gli attacchi flessibili sul tallone e sulla punta, in materiale termoplastico, e la nuova cinghia in nylon con anelli metallici lo rendono adatto a quasi tutti gli scarponi.<\/p>\n<p>Robusto rampone in acciaio, dall\u2019ottimo rapporto qualit\u00e0-prezzo, look rinnovato con una nuova verniciatura, la barra di collegamento flessibile assicura grande comfort durante la camminata.<\/p>\n<p>Il Camp Stalker \u00e8 un\u2019ottima scelta, dall\u2019eccellente rapporto qualit\u00e0-prezzo, per l\u2019alpinismo in generale e le escursioni sui ghiacciai.<\/p>\n<p>&nbsp;<\/p>\n<p>Concezione Articoli Montagna Premana<\/p>\n<p>Passione, lavoro e semplicit\u00e0 sono alcune delle parole chiave che da sempre hanno contraddistinto il modo di essere di C.A.M.P.<\/p>\n<p>Fondata nel\u00a01889 a Premana, paese dell\u2019alta Valsassina dove tutt\u2019oggi ha la sua sede, C.A.M.P.\u00a0realizza\u00a0prodotti che aiutano a realizzare i sogni ed i progetti di tutti coloro che frequentano la montagna.<\/p>","protected":false},"excerpt":{"rendered":"<p>Il Camp Stalker \u00e8 il best seller dei ramponi da alpinismo Camp, grazie alla sua polivalenza e facile adattabilit\u00e0 ed [&hellip;]<\/p>\n","protected":false},"featured_media":148616,"comment_status":"open","ping_status":"closed","template":"","meta":{"_acf_changed":false},"product_brand":[31],"product_cat":[153],"product_tag":[442,443],"class_list":{"0":"post-3292","1":"product","2":"type-product","3":"status-publish","4":"has-post-thumbnail","6":"product_brand-camp","7":"product_cat-ramponi","8":"product_tag-ramponi","9":"product_tag-ramponi-da-ghiaccio","11":"first","12":"instock","13":"sale","14":"taxable","15":"shipping-taxable","16":"purchasable","17":"product-type-variable"},"acf":[],"yoast_head":"<!-- This site is optimized with the Yoast SEO plugin v26.4 - https:\/\/yoast.com\/wordpress\/plugins\/seo\/ -->\n<title>Camp Stalker ramponi universali e semiautomatici - Sestogrado<\/title>\n<meta name=\"description\" content=\"Il Camp Stalker \u00e8 il best seller dei ramponi da alpinismo Camp, grazie alla sua polivalenza e facile adattabilit\u00e0 ed \u00e8 disponibile in due versioni: Universal, compatibile con ogni tipo di scarpone, e Semiautomatico, con allaccio posteriore ottimizzato per scarponi con bordino sul tacco. La costruzione classica in acciaio NiCrMo del Camp Stalker ha dimostrato di resistere alla prova del tempo. Gli attacchi flessibili sul tallone e sulla punta, in materiale termoplastico, e la nuova cinghia in nylon con anelli metallici lo rendono adatto a quasi tutti gli scarponi.Robusto rampone in acciaio, dall\u2019ottimo rapporto qualit\u00e0-prezzo, look rinnovato con una nuova verniciatura, la barra di collegamento flessibile assicura grande comfort durante la camminata.Il Camp Stalker \u00e8 un\u2019ottima scelta, dall\u2019eccellente rapporto qualit\u00e0-prezzo, per l\u2019alpinismo in generale e le escursioni sui ghiacciai.\" \/>\n<meta name=\"robots\" content=\"index, follow, max-snippet:-1, max-image-preview:large, max-video-preview:-1\" \/>\n<link rel=\"canonical\" href=\"https:\/\/www.sestogrado.it\/it\/prodotto\/camp-stalker-ramponi\/\" \/>\n<meta property=\"og:locale\" content=\"it_IT\" \/>\n<meta property=\"og:type\" content=\"article\" \/>\n<meta property=\"og:title\" content=\"Camp Stalker ramponi universali e semiautomatici - Sestogrado\" \/>\n<meta property=\"og:description\" content=\"Il Camp Stalker \u00e8 il best seller dei ramponi da alpinismo Camp, grazie alla sua polivalenza e facile adattabilit\u00e0 ed \u00e8 disponibile in due versioni: Universal, compatibile con ogni tipo di scarpone, e Semiautomatico, con allaccio posteriore ottimizzato per scarponi con bordino sul tacco. La costruzione classica in acciaio NiCrMo del Camp Stalker ha dimostrato di resistere alla prova del tempo. Gli attacchi flessibili sul tallone e sulla punta, in materiale termoplastico, e la nuova cinghia in nylon con anelli metallici lo rendono adatto a quasi tutti gli scarponi.Robusto rampone in acciaio, dall\u2019ottimo rapporto qualit\u00e0-prezzo, look rinnovato con una nuova verniciatura, la barra di collegamento flessibile assicura grande comfort durante la camminata.Il Camp Stalker \u00e8 un\u2019ottima scelta, dall\u2019eccellente rapporto qualit\u00e0-prezzo, per l\u2019alpinismo in generale e le escursioni sui ghiacciai.\" \/>\n<meta property=\"og:url\" content=\"https:\/\/www.sestogrado.it\/it\/prodotto\/camp-stalker-ramponi\/\" \/>\n<meta property=\"og:site_name\" content=\"Sestogrado\" \/>\n<meta property=\"article:publisher\" content=\"https:\/\/www.facebook.com\/pages\/Sestogrado\/1542635979353017?ref=bookmarks\" \/>\n<meta property=\"article:modified_time\" content=\"2026-04-02T09:17:50+00:00\" \/>\n<meta property=\"og:image\" content=\"https:\/\/www.sestogrado.it\/wp-content\/uploads\/2015\/11\/01-10.jpg\" \/>\n\t<meta property=\"og:image:width\" content=\"1600\" \/>\n\t<meta property=\"og:image:height\" content=\"1600\" \/>\n\t<meta property=\"og:image:type\" content=\"image\/jpeg\" \/>\n<meta name=\"twitter:label1\" content=\"Disponibilit\u00e0\" \/>\n\t<meta name=\"twitter:data1\" content=\"In stock\" \/>\n<script type=\"application\/ld+json\" class=\"yoast-schema-graph\">{\"@context\":\"https:\/\/schema.org\",\"@graph\":[{\"@type\":\"WebPage\",\"@id\":\"https:\/\/www.sestogrado.it\/it\/prodotto\/camp-stalker-ramponi\/\",\"url\":\"https:\/\/www.sestogrado.it\/it\/prodotto\/camp-stalker-ramponi\/\",\"name\":\"Camp Stalker ramponi universali e semiautomatici - Sestogrado\",\"isPartOf\":{\"@id\":\"https:\/\/www.sestogrado.it\/it\/#website\"},\"primaryImageOfPage\":{\"@id\":\"https:\/\/www.sestogrado.it\/it\/prodotto\/camp-stalker-ramponi\/#primaryimage\"},\"image\":{\"@id\":\"https:\/\/www.sestogrado.it\/prodotto\/camp-stalker-ramponi\/#primaryimage\"},\"thumbnailUrl\":\"https:\/\/www.sestogrado.it\/wp-content\/uploads\/2015\/11\/01-10.jpg\",\"datePublished\":\"2023-12-06T07:26:11+00:00\",\"dateModified\":\"2026-04-02T09:17:50+00:00\",\"description\":\"Il Camp Stalker \u00e8 il best seller dei ramponi da alpinismo Camp, grazie alla sua polivalenza e facile adattabilit\u00e0 ed \u00e8 disponibile in due versioni: Universal, compatibile con ogni tipo di scarpone, e Semiautomatico, con allaccio posteriore ottimizzato per scarponi con bordino sul tacco. La costruzione classica in acciaio NiCrMo del Camp Stalker ha dimostrato di resistere alla prova del tempo. Gli attacchi flessibili sul tallone e sulla punta, in materiale termoplastico, e la nuova cinghia in nylon con anelli metallici lo rendono adatto a quasi tutti gli scarponi.Robusto rampone in acciaio, dall\u2019ottimo rapporto qualit\u00e0-prezzo, look rinnovato con una nuova verniciatura, la barra di collegamento flessibile assicura grande comfort durante la camminata.Il Camp Stalker \u00e8 un\u2019ottima scelta, dall\u2019eccellente rapporto qualit\u00e0-prezzo, per l\u2019alpinismo in generale e le escursioni sui ghiacciai.\",\"breadcrumb\":{\"@id\":\"https:\/\/www.sestogrado.it\/it\/prodotto\/camp-stalker-ramponi\/#breadcrumb\"},\"inLanguage\":\"it-IT\",\"potentialAction\":[{\"@type\":\"ReadAction\",\"target\":[[\"https:\/\/www.sestogrado.it\/it\/prodotto\/camp-stalker-ramponi\/\"]]}]},{\"@type\":\"ImageObject\",\"inLanguage\":\"it-IT\",\"@id\":\"https:\/\/www.sestogrado.it\/it\/prodotto\/camp-stalker-ramponi\/#primaryimage\",\"url\":\"https:\/\/www.sestogrado.it\/wp-content\/uploads\/2015\/11\/01-10.jpg\",\"contentUrl\":\"https:\/\/www.sestogrado.it\/wp-content\/uploads\/2015\/11\/01-10.jpg\",\"width\":1600,\"height\":1600,\"caption\":\"stalker semiauto\"},{\"@type\":\"BreadcrumbList\",\"@id\":\"https:\/\/www.sestogrado.it\/it\/prodotto\/camp-stalker-ramponi\/#breadcrumb\",\"itemListElement\":[{\"@type\":\"ListItem\",\"position\":1,\"name\":\"Home\",\"item\":\"https:\/\/www.sestogrado.it\/it\/\"},{\"@type\":\"ListItem\",\"position\":2,\"name\":\"Shop\",\"item\":\"https:\/\/www.sestogrado.it\/it\/shop\/\"},{\"@type\":\"ListItem\",\"position\":3,\"name\":\"Camp Stalker ramponi universali e semiautomatici\"}]},{\"@type\":\"WebSite\",\"@id\":\"https:\/\/www.sestogrado.it\/it\/#website\",\"url\":\"https:\/\/www.sestogrado.it\/it\/\",\"name\":\"Sestogrado\",\"description\":\"yes we climb\",\"publisher\":{\"@id\":\"https:\/\/www.sestogrado.it\/it\/#organization\"},\"potentialAction\":[{\"@type\":\"SearchAction\",\"target\":{\"@type\":\"EntryPoint\",\"urlTemplate\":\"https:\/\/www.sestogrado.it\/it\/?s={search_term_string}\"},\"query-input\":{\"@type\":\"PropertyValueSpecification\",\"valueRequired\":true,\"valueName\":\"search_term_string\"}}],\"inLanguage\":\"it-IT\"},{\"@type\":\"Organization\",\"@id\":\"https:\/\/www.sestogrado.it\/it\/#organization\",\"name\":\"Sestogrado\",\"url\":\"https:\/\/www.sestogrado.it\/it\/\",\"logo\":{\"@type\":\"ImageObject\",\"inLanguage\":\"it-IT\",\"@id\":\"https:\/\/www.sestogrado.it\/it\/#\/schema\/logo\/image\/\",\"url\":\"https:\/\/www.sestogrado.it\/wp-content\/uploads\/2015\/03\/sestogrado-favicon.png\",\"contentUrl\":\"https:\/\/www.sestogrado.it\/wp-content\/uploads\/2015\/03\/sestogrado-favicon.png\",\"width\":260,\"height\":260,\"caption\":\"Sestogrado\"},\"image\":{\"@id\":\"https:\/\/www.sestogrado.it\/it\/#\/schema\/logo\/image\/\"},\"sameAs\":[\"https:\/\/www.facebook.com\/pages\/Sestogrado\/1542635979353017?ref=bookmarks\",\"https:\/\/www.youtube.com\/channel\/UC847kAfTkaJsWpc1jtQwr3Q\"],\"hasMerchantReturnPolicy\":{\"@type\":\"MerchantReturnPolicy\",\"merchantReturnLink\":\"https:\/\/www.sestogrado.it\/it\/termini-e-condizioni\/\"}}]}<\/script>\n<meta property=\"product:brand\" content=\"Camp\" \/>\n<meta property=\"og:availability\" content=\"instock\" \/>\n<meta property=\"product:availability\" content=\"instock\" \/>\n<meta property=\"product:condition\" content=\"new\" \/>\n<!-- \/ Yoast SEO plugin. -->","yoast_head_json":{"title":"Camp Stalker ramponi universali e semiautomatici - Sestogrado","description":"Il Camp Stalker \u00e8 il best seller dei ramponi da alpinismo Camp, grazie alla sua polivalenza e facile adattabilit\u00e0 ed \u00e8 disponibile in due versioni: Universal, compatibile con ogni tipo di scarpone, e Semiautomatico, con allaccio posteriore ottimizzato per scarponi con bordino sul tacco. La costruzione classica in acciaio NiCrMo del Camp Stalker ha dimostrato di resistere alla prova del tempo. Gli attacchi flessibili sul tallone e sulla punta, in materiale termoplastico, e la nuova cinghia in nylon con anelli metallici lo rendono adatto a quasi tutti gli scarponi.Robusto rampone in acciaio, dall\u2019ottimo rapporto qualit\u00e0-prezzo, look rinnovato con una nuova verniciatura, la barra di collegamento flessibile assicura grande comfort durante la camminata.Il Camp Stalker \u00e8 un\u2019ottima scelta, dall\u2019eccellente rapporto qualit\u00e0-prezzo, per l\u2019alpinismo in generale e le escursioni sui ghiacciai.","robots":{"index":"index","follow":"follow","max-snippet":"max-snippet:-1","max-image-preview":"max-image-preview:large","max-video-preview":"max-video-preview:-1"},"canonical":"https:\/\/www.sestogrado.it\/it\/prodotto\/camp-stalker-ramponi\/","og_locale":"it_IT","og_type":"article","og_title":"Camp Stalker ramponi universali e semiautomatici - Sestogrado","og_description":"Il Camp Stalker \u00e8 il best seller dei ramponi da alpinismo Camp, grazie alla sua polivalenza e facile adattabilit\u00e0 ed \u00e8 disponibile in due versioni: Universal, compatibile con ogni tipo di scarpone, e Semiautomatico, con allaccio posteriore ottimizzato per scarponi con bordino sul tacco. La costruzione classica in acciaio NiCrMo del Camp Stalker ha dimostrato di resistere alla prova del tempo. Gli attacchi flessibili sul tallone e sulla punta, in materiale termoplastico, e la nuova cinghia in nylon con anelli metallici lo rendono adatto a quasi tutti gli scarponi.Robusto rampone in acciaio, dall\u2019ottimo rapporto qualit\u00e0-prezzo, look rinnovato con una nuova verniciatura, la barra di collegamento flessibile assicura grande comfort durante la camminata.Il Camp Stalker \u00e8 un\u2019ottima scelta, dall\u2019eccellente rapporto qualit\u00e0-prezzo, per l\u2019alpinismo in generale e le escursioni sui ghiacciai.","og_url":"https:\/\/www.sestogrado.it\/it\/prodotto\/camp-stalker-ramponi\/","og_site_name":"Sestogrado","article_publisher":"https:\/\/www.facebook.com\/pages\/Sestogrado\/1542635979353017?ref=bookmarks","article_modified_time":"2026-04-02T09:17:50+00:00","og_image":[{"width":1600,"height":1600,"url":"https:\/\/www.sestogrado.it\/wp-content\/uploads\/2015\/11\/01-10.jpg","type":"image\/jpeg"}],"twitter_misc":{"Disponibilit\u00e0":"In stock"},"schema":{"@context":"https:\/\/schema.org","@graph":[{"@type":"WebPage","@id":"https:\/\/www.sestogrado.it\/it\/prodotto\/camp-stalker-ramponi\/","url":"https:\/\/www.sestogrado.it\/it\/prodotto\/camp-stalker-ramponi\/","name":"Camp Stalker ramponi universali e semiautomatici - Sestogrado","isPartOf":{"@id":"https:\/\/www.sestogrado.it\/it\/#website"},"primaryImageOfPage":{"@id":"https:\/\/www.sestogrado.it\/it\/prodotto\/camp-stalker-ramponi\/#primaryimage"},"image":{"@id":"https:\/\/www.sestogrado.it\/prodotto\/camp-stalker-ramponi\/#primaryimage"},"thumbnailUrl":"https:\/\/www.sestogrado.it\/wp-content\/uploads\/2015\/11\/01-10.jpg","datePublished":"2023-12-06T07:26:11+00:00","dateModified":"2026-04-02T09:17:50+00:00","description":"Il Camp Stalker \u00e8 il best seller dei ramponi da alpinismo Camp, grazie alla sua polivalenza e facile adattabilit\u00e0 ed \u00e8 disponibile in due versioni: Universal, compatibile con ogni tipo di scarpone, e Semiautomatico, con allaccio posteriore ottimizzato per scarponi con bordino sul tacco. La costruzione classica in acciaio NiCrMo del Camp Stalker ha dimostrato di resistere alla prova del tempo. Gli attacchi flessibili sul tallone e sulla punta, in materiale termoplastico, e la nuova cinghia in nylon con anelli metallici lo rendono adatto a quasi tutti gli scarponi.Robusto rampone in acciaio, dall\u2019ottimo rapporto qualit\u00e0-prezzo, look rinnovato con una nuova verniciatura, la barra di collegamento flessibile assicura grande comfort durante la camminata.Il Camp Stalker \u00e8 un\u2019ottima scelta, dall\u2019eccellente rapporto qualit\u00e0-prezzo, per l\u2019alpinismo in generale e le escursioni sui ghiacciai.","breadcrumb":{"@id":"https:\/\/www.sestogrado.it\/it\/prodotto\/camp-stalker-ramponi\/#breadcrumb"},"inLanguage":"it-IT","potentialAction":[{"@type":"ReadAction","target":[["https:\/\/www.sestogrado.it\/it\/prodotto\/camp-stalker-ramponi\/"]]}]},{"@type":"ImageObject","inLanguage":"it-IT","@id":"https:\/\/www.sestogrado.it\/it\/prodotto\/camp-stalker-ramponi\/#primaryimage","url":"https:\/\/www.sestogrado.it\/wp-content\/uploads\/2015\/11\/01-10.jpg","contentUrl":"https:\/\/www.sestogrado.it\/wp-content\/uploads\/2015\/11\/01-10.jpg","width":1600,"height":1600,"caption":"stalker semiauto"},{"@type":"BreadcrumbList","@id":"https:\/\/www.sestogrado.it\/it\/prodotto\/camp-stalker-ramponi\/#breadcrumb","itemListElement":[{"@type":"ListItem","position":1,"name":"Home","item":"https:\/\/www.sestogrado.it\/it\/"},{"@type":"ListItem","position":2,"name":"Shop","item":"https:\/\/www.sestogrado.it\/it\/shop\/"},{"@type":"ListItem","position":3,"name":"Camp Stalker ramponi universali e semiautomatici"}]},{"@type":"WebSite","@id":"https:\/\/www.sestogrado.it\/it\/#website","url":"https:\/\/www.sestogrado.it\/it\/","name":"Sestogrado","description":"yes we climb","publisher":{"@id":"https:\/\/www.sestogrado.it\/it\/#organization"},"potentialAction":[{"@type":"SearchAction","target":{"@type":"EntryPoint","urlTemplate":"https:\/\/www.sestogrado.it\/it\/?s={search_term_string}"},"query-input":{"@type":"PropertyValueSpecification","valueRequired":true,"valueName":"search_term_string"}}],"inLanguage":"it-IT"},{"@type":"Organization","@id":"https:\/\/www.sestogrado.it\/it\/#organization","name":"Sestogrado","url":"https:\/\/www.sestogrado.it\/it\/","logo":{"@type":"ImageObject","inLanguage":"it-IT","@id":"https:\/\/www.sestogrado.it\/it\/#\/schema\/logo\/image\/","url":"https:\/\/www.sestogrado.it\/wp-content\/uploads\/2015\/03\/sestogrado-favicon.png","contentUrl":"https:\/\/www.sestogrado.it\/wp-content\/uploads\/2015\/03\/sestogrado-favicon.png","width":260,"height":260,"caption":"Sestogrado"},"image":{"@id":"https:\/\/www.sestogrado.it\/it\/#\/schema\/logo\/image\/"},"sameAs":["https:\/\/www.facebook.com\/pages\/Sestogrado\/1542635979353017?ref=bookmarks","https:\/\/www.youtube.com\/channel\/UC847kAfTkaJsWpc1jtQwr3Q"],"hasMerchantReturnPolicy":{"@type":"MerchantReturnPolicy","merchantReturnLink":"https:\/\/www.sestogrado.it\/it\/termini-e-condizioni\/"}}]},"product_brand":"Camp","og_availability":"instock","product_availability":"instock","product_condition":"new"},"_links":{"self":[{"href":"https:\/\/www.sestogrado.it\/it\/wp-json\/wp\/v2\/product\/3292","targetHints":{"allow":["GET"]}}],"collection":[{"href":"https:\/\/www.sestogrado.it\/it\/wp-json\/wp\/v2\/product"}],"about":[{"href":"https:\/\/www.sestogrado.it\/it\/wp-json\/wp\/v2\/types\/product"}],"replies":[{"embeddable":true,"href":"https:\/\/www.sestogrado.it\/it\/wp-json\/wp\/v2\/comments?post=3292"}],"wp:featuredmedia":[{"embeddable":true,"href":"https:\/\/www.sestogrado.it\/it\/wp-json\/wp\/v2\/media\/148616"}],"wp:attachment":[{"href":"https:\/\/www.sestogrado.it\/it\/wp-json\/wp\/v2\/media?parent=3292"}],"wp:term":[{"taxonomy":"product_brand","embeddable":true,"href":"https:\/\/www.sestogrado.it\/it\/wp-json\/wp\/v2\/product_brand?post=3292"},{"taxonomy":"product_cat","embeddable":true,"href":"https:\/\/www.sestogrado.it\/it\/wp-json\/wp\/v2\/product_cat?post=3292"},{"taxonomy":"product_tag","embeddable":true,"href":"https:\/\/www.sestogrado.it\/it\/wp-json\/wp\/v2\/product_tag?post=3292"}],"curies":[{"name":"wp","href":"https:\/\/api.w.org\/{rel}","templated":true}]}}