{"id":32216,"date":"2020-05-05T10:30:05","date_gmt":"2020-05-05T08:30:05","guid":{"rendered":"https:\/\/www.sestogrado.it\/?post_type=product&#038;p=32216"},"modified":"2025-12-11T10:56:04","modified_gmt":"2025-12-11T09:56:04","slug":"buff-original-fascia-scaldacollo-in-microfibra-varie-fantasie","status":"publish","type":"product","link":"https:\/\/www.sestogrado.it\/it\/prodotto\/buff-original-fascia-scaldacollo-in-microfibra-varie-fantasie\/","title":{"rendered":"Buff Original fascia scaldacollo in microfibra varie fantasie"},"content":{"rendered":"<p>La fascia scaldacollo Buff Original \u00e8 una fascia tubolare disegnata per un utilizzo outdoor a 360 gradi. Fornisce protezione contro vento e freddo dutante attivit\u00e0 outdoor come trail running, trekking, bouldering, climbing. La fascia Buff Original ora \u00e8 pi\u00f9 comoda che mai, con una vestibilit\u00e0 che si adatta ad ogni collo, traspirante, in grado di proteggere la tua pelle dal vento e dai raggi solari. Senza cuciture e realizzata utilizzando esclusivamente microfibre derivanti da poliestere riciclato.<\/p>\n<ul>\n<li>tessuto elastico a 4 vie, molto morbido e traspirante<\/li>\n<li>ottimale gestione del sudore e dell&#8217;umidit\u00e0<\/li>\n<li>protezione solare<\/li>\n<li>100% privo di cuciture<\/li>\n<li>vestibilit\u00e0 Regular Fit<\/li>\n<\/ul>\n<p><img decoding=\"async\" class=\"size-full wp-image-32218 img-fluid alignnone\" src=\"https:\/\/www.sestogrado.it\/wp-content\/uploads\/2020\/05\/05.jpg\" alt=\"buff stile\" width=\"97\" height=\"96\" srcset=\"https:\/\/www.sestogrado.it\/wp-content\/uploads\/2020\/05\/05.jpg 97w, https:\/\/www.sestogrado.it\/wp-content\/uploads\/2020\/05\/05-45x45.jpg 45w, https:\/\/www.sestogrado.it\/wp-content\/uploads\/2020\/05\/05-64x63.jpg 64w, https:\/\/www.sestogrado.it\/wp-content\/uploads\/2020\/05\/05-81x80.jpg 81w\" sizes=\"(max-width: 97px) 100vw, 97px\" \/><\/p>\n<p>Si adatta ad ogni tipo di stile ed utilizzo, dalla fascia scaldacollo, al copricapo.<\/p>\n<p><img decoding=\"async\" class=\"size-full wp-image-32219 img-fluid alignnone\" src=\"https:\/\/www.sestogrado.it\/wp-content\/uploads\/2020\/05\/06.jpg\" alt=\"ultra stretch\" width=\"92\" height=\"99\" srcset=\"https:\/\/www.sestogrado.it\/wp-content\/uploads\/2020\/05\/06.jpg 92w, https:\/\/www.sestogrado.it\/wp-content\/uploads\/2020\/05\/06-64x69.jpg 64w, https:\/\/www.sestogrado.it\/wp-content\/uploads\/2020\/05\/06-74x80.jpg 74w\" sizes=\"(max-width: 92px) 100vw, 92px\" \/><\/p>\n<p>Tecnologia Ultra Stretch, tessuto elastico per massima adattabilit\u00e0 e vestibilit\u00e0.<\/p>\n<p><img decoding=\"async\" class=\"size-full wp-image-32200 img-fluid alignnone\" src=\"https:\/\/www.sestogrado.it\/wp-content\/uploads\/2020\/05\/03.jpg\" alt=\"buff materiali riciclati\" width=\"98\" height=\"101\" srcset=\"https:\/\/www.sestogrado.it\/wp-content\/uploads\/2020\/05\/03.jpg 98w, https:\/\/www.sestogrado.it\/wp-content\/uploads\/2020\/05\/03-45x45.jpg 45w, https:\/\/www.sestogrado.it\/wp-content\/uploads\/2020\/05\/03-64x66.jpg 64w, https:\/\/www.sestogrado.it\/wp-content\/uploads\/2020\/05\/03-78x80.jpg 78w\" sizes=\"(max-width: 98px) 100vw, 98px\" \/><\/p>\n<p>Realizzato con materiali riciclati. Fai di pi\u00f9 ora e aiuta a creare un mondo migliore.<\/p>\n<p><img decoding=\"async\" class=\"size-full wp-image-32201 img-fluid alignnone\" src=\"https:\/\/www.sestogrado.it\/wp-content\/uploads\/2020\/05\/04.jpg\" alt=\"upf 50\" width=\"93\" height=\"91\" srcset=\"https:\/\/www.sestogrado.it\/wp-content\/uploads\/2020\/05\/04.jpg 93w, https:\/\/www.sestogrado.it\/wp-content\/uploads\/2020\/05\/04-45x45.jpg 45w, https:\/\/www.sestogrado.it\/wp-content\/uploads\/2020\/05\/04-64x63.jpg 64w, https:\/\/www.sestogrado.it\/wp-content\/uploads\/2020\/05\/04-82x80.jpg 82w\" sizes=\"(max-width: 93px) 100vw, 93px\" \/><\/p>\n<p>Protezione solare certificata UPF50 + contro le radiazioni ultraviolette (UV).<\/p>\n<p>&nbsp;<\/p>\n<p>L&#8217;Original Buff \u00e8 la fascia scaldacollo per eccellenza, tecnica e traspirante.<\/p>\n<p>&nbsp;<\/p>\n<p>BUFF\u00ae nasce ad Igualada, a 60 chilometri da Barcellona, dove produce gli original Buff, i primi ed originali scaldacollo che hanno rivoluzionato l&#8217;attivit\u00e0 outdoor, fornendo protezione per runners, climbers, trail runners, ciclicsti, escursionisti ed alpinisti in tutto il mondo.<\/p>","protected":false},"excerpt":{"rendered":"<p>La fascia scaldacollo Buff Original \u00e8 una fascia tubolare disegnata per un utilizzo outdoor a 360 gradi. Fornisce protezione contro [&hellip;]<\/p>\n","protected":false},"featured_media":32235,"comment_status":"open","ping_status":"closed","template":"","meta":{"_acf_changed":false},"product_brand":[674],"product_cat":[141],"product_tag":[],"class_list":{"0":"post-32216","1":"product","2":"type-product","3":"status-publish","4":"has-post-thumbnail","6":"product_brand-buff","7":"product_cat-accessori-accessori","9":"first","10":"instock","11":"sale","12":"taxable","13":"shipping-taxable","14":"purchasable","15":"product-type-variable"},"acf":[],"yoast_head":"<!-- This site is optimized with the Yoast SEO plugin v26.4 - https:\/\/yoast.com\/wordpress\/plugins\/seo\/ -->\n<title>Buff Original fascia scaldacollo in microfibra varie fantasie - Sestogrado<\/title>\n<meta name=\"description\" content=\"La fascia scaldacollo Buff Original \u00e8 una fascia tubolare disegnata per un utilizzo outdoor a 360 gradi. Fornisce protezione contro vento e freddo dutante attivit\u00e0 outdoor come trail running, trekking, bouldering, climbing. La fascia Buff Original ora \u00e8 pi\u00f9 comoda che mai, con una vestibilit\u00e0 che si adatta ad ogni collo, traspirante, in grado di proteggere la tua pelle dal vento e dai raggi solari. Senza cuciture e realizzata utilizzando esclusivamente microfibre derivanti da poliestere riciclato.\" \/>\n<meta name=\"robots\" content=\"index, follow, max-snippet:-1, max-image-preview:large, max-video-preview:-1\" \/>\n<link rel=\"canonical\" href=\"https:\/\/www.sestogrado.it\/it\/prodotto\/buff-original-fascia-scaldacollo-in-microfibra-varie-fantasie\/\" \/>\n<meta property=\"og:locale\" content=\"it_IT\" \/>\n<meta property=\"og:type\" content=\"article\" \/>\n<meta property=\"og:title\" content=\"Buff Original fascia scaldacollo in microfibra varie fantasie - Sestogrado\" \/>\n<meta property=\"og:description\" content=\"La fascia scaldacollo Buff Original \u00e8 una fascia tubolare disegnata per un utilizzo outdoor a 360 gradi. Fornisce protezione contro vento e freddo dutante attivit\u00e0 outdoor come trail running, trekking, bouldering, climbing. La fascia Buff Original ora \u00e8 pi\u00f9 comoda che mai, con una vestibilit\u00e0 che si adatta ad ogni collo, traspirante, in grado di proteggere la tua pelle dal vento e dai raggi solari. Senza cuciture e realizzata utilizzando esclusivamente microfibre derivanti da poliestere riciclato.\" \/>\n<meta property=\"og:url\" content=\"https:\/\/www.sestogrado.it\/it\/prodotto\/buff-original-fascia-scaldacollo-in-microfibra-varie-fantasie\/\" \/>\n<meta property=\"og:site_name\" content=\"Sestogrado\" \/>\n<meta property=\"article:publisher\" content=\"https:\/\/www.facebook.com\/pages\/Sestogrado\/1542635979353017?ref=bookmarks\" \/>\n<meta property=\"article:modified_time\" content=\"2025-12-11T09:56:04+00:00\" \/>\n<meta property=\"og:image\" content=\"https:\/\/www.sestogrado.it\/wp-content\/uploads\/2020\/05\/shading-blue-cop.jpg\" \/>\n\t<meta property=\"og:image:width\" content=\"640\" \/>\n\t<meta property=\"og:image:height\" content=\"640\" \/>\n\t<meta property=\"og:image:type\" content=\"image\/jpeg\" \/>\n<meta name=\"twitter:label1\" content=\"Disponibilit\u00e0\" \/>\n\t<meta name=\"twitter:data1\" content=\"In stock\" \/>\n<script type=\"application\/ld+json\" class=\"yoast-schema-graph\">{\"@context\":\"https:\/\/schema.org\",\"@graph\":[{\"@type\":\"WebPage\",\"@id\":\"https:\/\/www.sestogrado.it\/it\/prodotto\/buff-original-fascia-scaldacollo-in-microfibra-varie-fantasie\/\",\"url\":\"https:\/\/www.sestogrado.it\/it\/prodotto\/buff-original-fascia-scaldacollo-in-microfibra-varie-fantasie\/\",\"name\":\"Buff Original fascia scaldacollo in microfibra varie fantasie - Sestogrado\",\"isPartOf\":{\"@id\":\"https:\/\/www.sestogrado.it\/it\/#website\"},\"primaryImageOfPage\":{\"@id\":\"https:\/\/www.sestogrado.it\/it\/prodotto\/buff-original-fascia-scaldacollo-in-microfibra-varie-fantasie\/#primaryimage\"},\"image\":{\"@id\":\"https:\/\/www.sestogrado.it\/prodotto\/buff-original-fascia-scaldacollo-in-microfibra-varie-fantasie\/#primaryimage\"},\"thumbnailUrl\":\"https:\/\/www.sestogrado.it\/wp-content\/uploads\/2020\/05\/shading-blue-cop.jpg\",\"datePublished\":\"2020-05-05T08:30:05+00:00\",\"dateModified\":\"2025-12-11T09:56:04+00:00\",\"description\":\"La fascia scaldacollo Buff Original \u00e8 una fascia tubolare disegnata per un utilizzo outdoor a 360 gradi. Fornisce protezione contro vento e freddo dutante attivit\u00e0 outdoor come trail running, trekking, bouldering, climbing. La fascia Buff Original ora \u00e8 pi\u00f9 comoda che mai, con una vestibilit\u00e0 che si adatta ad ogni collo, traspirante, in grado di proteggere la tua pelle dal vento e dai raggi solari. Senza cuciture e realizzata utilizzando esclusivamente microfibre derivanti da poliestere riciclato.\",\"breadcrumb\":{\"@id\":\"https:\/\/www.sestogrado.it\/it\/prodotto\/buff-original-fascia-scaldacollo-in-microfibra-varie-fantasie\/#breadcrumb\"},\"inLanguage\":\"it-IT\",\"potentialAction\":[{\"@type\":\"ReadAction\",\"target\":[[\"https:\/\/www.sestogrado.it\/it\/prodotto\/buff-original-fascia-scaldacollo-in-microfibra-varie-fantasie\/\"]]}]},{\"@type\":\"ImageObject\",\"inLanguage\":\"it-IT\",\"@id\":\"https:\/\/www.sestogrado.it\/it\/prodotto\/buff-original-fascia-scaldacollo-in-microfibra-varie-fantasie\/#primaryimage\",\"url\":\"https:\/\/www.sestogrado.it\/wp-content\/uploads\/2020\/05\/shading-blue-cop.jpg\",\"contentUrl\":\"https:\/\/www.sestogrado.it\/wp-content\/uploads\/2020\/05\/shading-blue-cop.jpg\",\"width\":640,\"height\":640},{\"@type\":\"BreadcrumbList\",\"@id\":\"https:\/\/www.sestogrado.it\/it\/prodotto\/buff-original-fascia-scaldacollo-in-microfibra-varie-fantasie\/#breadcrumb\",\"itemListElement\":[{\"@type\":\"ListItem\",\"position\":1,\"name\":\"Home\",\"item\":\"https:\/\/www.sestogrado.it\/it\/\"},{\"@type\":\"ListItem\",\"position\":2,\"name\":\"Shop\",\"item\":\"https:\/\/www.sestogrado.it\/it\/shop\/\"},{\"@type\":\"ListItem\",\"position\":3,\"name\":\"Buff Original tubular\"}]},{\"@type\":\"WebSite\",\"@id\":\"https:\/\/www.sestogrado.it\/it\/#website\",\"url\":\"https:\/\/www.sestogrado.it\/it\/\",\"name\":\"Sestogrado\",\"description\":\"yes we climb\",\"publisher\":{\"@id\":\"https:\/\/www.sestogrado.it\/it\/#organization\"},\"potentialAction\":[{\"@type\":\"SearchAction\",\"target\":{\"@type\":\"EntryPoint\",\"urlTemplate\":\"https:\/\/www.sestogrado.it\/it\/?s={search_term_string}\"},\"query-input\":{\"@type\":\"PropertyValueSpecification\",\"valueRequired\":true,\"valueName\":\"search_term_string\"}}],\"inLanguage\":\"it-IT\"},{\"@type\":\"Organization\",\"@id\":\"https:\/\/www.sestogrado.it\/it\/#organization\",\"name\":\"Sestogrado\",\"url\":\"https:\/\/www.sestogrado.it\/it\/\",\"logo\":{\"@type\":\"ImageObject\",\"inLanguage\":\"it-IT\",\"@id\":\"https:\/\/www.sestogrado.it\/it\/#\/schema\/logo\/image\/\",\"url\":\"https:\/\/www.sestogrado.it\/wp-content\/uploads\/2015\/03\/sestogrado-favicon.png\",\"contentUrl\":\"https:\/\/www.sestogrado.it\/wp-content\/uploads\/2015\/03\/sestogrado-favicon.png\",\"width\":260,\"height\":260,\"caption\":\"Sestogrado\"},\"image\":{\"@id\":\"https:\/\/www.sestogrado.it\/it\/#\/schema\/logo\/image\/\"},\"sameAs\":[\"https:\/\/www.facebook.com\/pages\/Sestogrado\/1542635979353017?ref=bookmarks\",\"https:\/\/www.youtube.com\/channel\/UC847kAfTkaJsWpc1jtQwr3Q\"],\"hasMerchantReturnPolicy\":{\"@type\":\"MerchantReturnPolicy\",\"merchantReturnLink\":\"https:\/\/www.sestogrado.it\/it\/termini-e-condizioni\/\"}}]}<\/script>\n<meta property=\"product:brand\" content=\"Buff\" \/>\n<meta property=\"og:availability\" content=\"instock\" \/>\n<meta property=\"product:availability\" content=\"instock\" \/>\n<meta property=\"product:condition\" content=\"new\" \/>\n<!-- \/ Yoast SEO plugin. -->","yoast_head_json":{"title":"Buff Original fascia scaldacollo in microfibra varie fantasie - Sestogrado","description":"La fascia scaldacollo Buff Original \u00e8 una fascia tubolare disegnata per un utilizzo outdoor a 360 gradi. Fornisce protezione contro vento e freddo dutante attivit\u00e0 outdoor come trail running, trekking, bouldering, climbing. La fascia Buff Original ora \u00e8 pi\u00f9 comoda che mai, con una vestibilit\u00e0 che si adatta ad ogni collo, traspirante, in grado di proteggere la tua pelle dal vento e dai raggi solari. Senza cuciture e realizzata utilizzando esclusivamente microfibre derivanti da poliestere riciclato.","robots":{"index":"index","follow":"follow","max-snippet":"max-snippet:-1","max-image-preview":"max-image-preview:large","max-video-preview":"max-video-preview:-1"},"canonical":"https:\/\/www.sestogrado.it\/it\/prodotto\/buff-original-fascia-scaldacollo-in-microfibra-varie-fantasie\/","og_locale":"it_IT","og_type":"article","og_title":"Buff Original fascia scaldacollo in microfibra varie fantasie - Sestogrado","og_description":"La fascia scaldacollo Buff Original \u00e8 una fascia tubolare disegnata per un utilizzo outdoor a 360 gradi. Fornisce protezione contro vento e freddo dutante attivit\u00e0 outdoor come trail running, trekking, bouldering, climbing. La fascia Buff Original ora \u00e8 pi\u00f9 comoda che mai, con una vestibilit\u00e0 che si adatta ad ogni collo, traspirante, in grado di proteggere la tua pelle dal vento e dai raggi solari. Senza cuciture e realizzata utilizzando esclusivamente microfibre derivanti da poliestere riciclato.","og_url":"https:\/\/www.sestogrado.it\/it\/prodotto\/buff-original-fascia-scaldacollo-in-microfibra-varie-fantasie\/","og_site_name":"Sestogrado","article_publisher":"https:\/\/www.facebook.com\/pages\/Sestogrado\/1542635979353017?ref=bookmarks","article_modified_time":"2025-12-11T09:56:04+00:00","og_image":[{"width":640,"height":640,"url":"https:\/\/www.sestogrado.it\/wp-content\/uploads\/2020\/05\/shading-blue-cop.jpg","type":"image\/jpeg"}],"twitter_misc":{"Disponibilit\u00e0":"In stock"},"schema":{"@context":"https:\/\/schema.org","@graph":[{"@type":"WebPage","@id":"https:\/\/www.sestogrado.it\/it\/prodotto\/buff-original-fascia-scaldacollo-in-microfibra-varie-fantasie\/","url":"https:\/\/www.sestogrado.it\/it\/prodotto\/buff-original-fascia-scaldacollo-in-microfibra-varie-fantasie\/","name":"Buff Original fascia scaldacollo in microfibra varie fantasie - Sestogrado","isPartOf":{"@id":"https:\/\/www.sestogrado.it\/it\/#website"},"primaryImageOfPage":{"@id":"https:\/\/www.sestogrado.it\/it\/prodotto\/buff-original-fascia-scaldacollo-in-microfibra-varie-fantasie\/#primaryimage"},"image":{"@id":"https:\/\/www.sestogrado.it\/prodotto\/buff-original-fascia-scaldacollo-in-microfibra-varie-fantasie\/#primaryimage"},"thumbnailUrl":"https:\/\/www.sestogrado.it\/wp-content\/uploads\/2020\/05\/shading-blue-cop.jpg","datePublished":"2020-05-05T08:30:05+00:00","dateModified":"2025-12-11T09:56:04+00:00","description":"La fascia scaldacollo Buff Original \u00e8 una fascia tubolare disegnata per un utilizzo outdoor a 360 gradi. Fornisce protezione contro vento e freddo dutante attivit\u00e0 outdoor come trail running, trekking, bouldering, climbing. La fascia Buff Original ora \u00e8 pi\u00f9 comoda che mai, con una vestibilit\u00e0 che si adatta ad ogni collo, traspirante, in grado di proteggere la tua pelle dal vento e dai raggi solari. Senza cuciture e realizzata utilizzando esclusivamente microfibre derivanti da poliestere riciclato.","breadcrumb":{"@id":"https:\/\/www.sestogrado.it\/it\/prodotto\/buff-original-fascia-scaldacollo-in-microfibra-varie-fantasie\/#breadcrumb"},"inLanguage":"it-IT","potentialAction":[{"@type":"ReadAction","target":[["https:\/\/www.sestogrado.it\/it\/prodotto\/buff-original-fascia-scaldacollo-in-microfibra-varie-fantasie\/"]]}]},{"@type":"ImageObject","inLanguage":"it-IT","@id":"https:\/\/www.sestogrado.it\/it\/prodotto\/buff-original-fascia-scaldacollo-in-microfibra-varie-fantasie\/#primaryimage","url":"https:\/\/www.sestogrado.it\/wp-content\/uploads\/2020\/05\/shading-blue-cop.jpg","contentUrl":"https:\/\/www.sestogrado.it\/wp-content\/uploads\/2020\/05\/shading-blue-cop.jpg","width":640,"height":640},{"@type":"BreadcrumbList","@id":"https:\/\/www.sestogrado.it\/it\/prodotto\/buff-original-fascia-scaldacollo-in-microfibra-varie-fantasie\/#breadcrumb","itemListElement":[{"@type":"ListItem","position":1,"name":"Home","item":"https:\/\/www.sestogrado.it\/it\/"},{"@type":"ListItem","position":2,"name":"Shop","item":"https:\/\/www.sestogrado.it\/it\/shop\/"},{"@type":"ListItem","position":3,"name":"Buff Original tubular"}]},{"@type":"WebSite","@id":"https:\/\/www.sestogrado.it\/it\/#website","url":"https:\/\/www.sestogrado.it\/it\/","name":"Sestogrado","description":"yes we climb","publisher":{"@id":"https:\/\/www.sestogrado.it\/it\/#organization"},"potentialAction":[{"@type":"SearchAction","target":{"@type":"EntryPoint","urlTemplate":"https:\/\/www.sestogrado.it\/it\/?s={search_term_string}"},"query-input":{"@type":"PropertyValueSpecification","valueRequired":true,"valueName":"search_term_string"}}],"inLanguage":"it-IT"},{"@type":"Organization","@id":"https:\/\/www.sestogrado.it\/it\/#organization","name":"Sestogrado","url":"https:\/\/www.sestogrado.it\/it\/","logo":{"@type":"ImageObject","inLanguage":"it-IT","@id":"https:\/\/www.sestogrado.it\/it\/#\/schema\/logo\/image\/","url":"https:\/\/www.sestogrado.it\/wp-content\/uploads\/2015\/03\/sestogrado-favicon.png","contentUrl":"https:\/\/www.sestogrado.it\/wp-content\/uploads\/2015\/03\/sestogrado-favicon.png","width":260,"height":260,"caption":"Sestogrado"},"image":{"@id":"https:\/\/www.sestogrado.it\/it\/#\/schema\/logo\/image\/"},"sameAs":["https:\/\/www.facebook.com\/pages\/Sestogrado\/1542635979353017?ref=bookmarks","https:\/\/www.youtube.com\/channel\/UC847kAfTkaJsWpc1jtQwr3Q"],"hasMerchantReturnPolicy":{"@type":"MerchantReturnPolicy","merchantReturnLink":"https:\/\/www.sestogrado.it\/it\/termini-e-condizioni\/"}}]},"product_brand":"Buff","og_availability":"instock","product_availability":"instock","product_condition":"new"},"_links":{"self":[{"href":"https:\/\/www.sestogrado.it\/it\/wp-json\/wp\/v2\/product\/32216","targetHints":{"allow":["GET"]}}],"collection":[{"href":"https:\/\/www.sestogrado.it\/it\/wp-json\/wp\/v2\/product"}],"about":[{"href":"https:\/\/www.sestogrado.it\/it\/wp-json\/wp\/v2\/types\/product"}],"replies":[{"embeddable":true,"href":"https:\/\/www.sestogrado.it\/it\/wp-json\/wp\/v2\/comments?post=32216"}],"wp:featuredmedia":[{"embeddable":true,"href":"https:\/\/www.sestogrado.it\/it\/wp-json\/wp\/v2\/media\/32235"}],"wp:attachment":[{"href":"https:\/\/www.sestogrado.it\/it\/wp-json\/wp\/v2\/media?parent=32216"}],"wp:term":[{"taxonomy":"product_brand","embeddable":true,"href":"https:\/\/www.sestogrado.it\/it\/wp-json\/wp\/v2\/product_brand?post=32216"},{"taxonomy":"product_cat","embeddable":true,"href":"https:\/\/www.sestogrado.it\/it\/wp-json\/wp\/v2\/product_cat?post=32216"},{"taxonomy":"product_tag","embeddable":true,"href":"https:\/\/www.sestogrado.it\/it\/wp-json\/wp\/v2\/product_tag?post=32216"}],"curies":[{"name":"wp","href":"https:\/\/api.w.org\/{rel}","templated":true}]}}