{"id":31580,"date":"2025-02-24T08:00:54","date_gmt":"2025-02-24T07:00:54","guid":{"rendered":"https:\/\/www.sestogrado.it\/?post_type=product&#038;p=31580"},"modified":"2025-05-28T21:30:02","modified_gmt":"2025-05-28T19:30:02","slug":"ossola-rock-falesie-guida-arrampicata","status":"publish","type":"product","link":"https:\/\/www.sestogrado.it\/it\/prodotto\/ossola-rock-falesie-guida-arrampicata\/","title":{"rendered":"Ossola Rock Falesie guida arrampicata"},"content":{"rendered":"<p><strong>Quinta edizione<\/strong>\u00a0della guida\u00a0<em>Ossola Rock<\/em>, questa volta suddivisa in due volumi distinti per le vie brevi e lunghe. La presente guida per le falesie fa fronte al notevole incremento nel numero dei siti del Verbano-Cusio-Ossola.<span class=\"Apple-converted-space\"><br \/>\n<\/span>Fra le\u00a0<strong>decine di novit\u00e0<\/strong>, falesie come la Torraccia, il Castello al Passet e la Cascata, importanti estensioni di falesie classiche come Ponte Romano e\u00a0<strong>nuove aree per il trad<\/strong>\u00a0come Ossolandia, alternativa alle ormai note Yosesigo e Cadarese.<span class=\"Apple-converted-space\"><br \/>\n<\/span>Non mancano i classici di Macugnaga, Sempione, Croveo, Formazza e Vigezzo e\u2026 a volte ritornano vecchi settori caduti nell\u2019oblio, ora rimaneggiati. Il tutto riscritto ex novo, corredato di nuove foto e riordinato per garantire una comoda fruibilit\u00e0.<br \/>\nEntrambe le guide comprendono anche una versione tedesca, visto che questa regione ricca in materia prima rocciosa \u00e8 divenuta ormai da anni un universo d\u2019arrampicata apprezzato a livello internazionale.<\/p>\n<p><strong>Enrico Serino<\/strong>\u00a0scopre alpinismo e free climbing a met\u00e0 anni Ottanta e ne fa uno stile di vita.<span class=\"Apple-converted-space\"><br \/>\n<\/span>Da giovanissimo parte con tecniche da autodidatta e comincia a percorrere pareti e cime delle Alpi. A 16 anni frequenta un corso del CAI, da met\u00e0 anni \u201990 \u00e8 istruttore nazionale di arrampicata libera.<span class=\"Apple-converted-space\"><br \/>\n<\/span>Al suo attivo ha centinaia di salite su 4000 e su cascate di ghiaccio, ma sono forse le vie lunghe su roccia il terreno prediletto. Da Novara si trasferisce per studio e lavoro a Edolo, poi in Valsesia, a Simplon Dorf dove fa per sette anni il casaro, quindi in Valle Vigezzo per avere le montagne ossolane sempre sotto mano. Numerose sono le sue salite esplorative o \u201cessenziali\u201d compiute senza lasciar traccia evidente, spesso in libera solitaria. Ultimamente si dedica di pi\u00f9 alle difficolt\u00e0 delle falesie e a qualche apertura qua e l\u00e0.<span class=\"Apple-converted-space\"><br \/>\n<\/span>Nella sua attivit\u00e0 di scrittore ha pubblicato diverse opere sulla montagna dal taglio alternativo fra cui romanzi, novelle, una guida trasversale sul Sempione e una specifica sulle fessure ossolane.<\/p>\n<p>Sfoglia l&#8217;anteprima:<\/p>\n<div class=\"embed-responsive embed-responsive-16by9\"><iframe title=\"Ossola Rock Falesie\" src=\"https:\/\/e.issuu.com\/embed.html?u=edizioni_versante_sud&#038;d=ossolarock_falesie_2025_ita_issuu\" style=\"border:none; width: 500px; height: 383px;\" allow=\"clipboard-write,allow-top-navigation,allow-top-navigation-by-user-activation,allow-downloads,allow-scripts,allow-same-origin,allow-popups,allow-modals,allow-popups-to-escape-sandbox,allow-forms\"  allowfullscreen=\"true\"><\/iframe><\/div>\n<p>&nbsp;<\/p>","protected":false},"excerpt":{"rendered":"<p>Quinta edizione\u00a0della guida\u00a0Ossola Rock, questa volta suddivisa in due volumi distinti per le vie brevi e lunghe. La presente guida [&hellip;]<\/p>\n","protected":false},"featured_media":183925,"comment_status":"open","ping_status":"closed","template":"","meta":{"_acf_changed":false},"product_brand":[99],"product_cat":[98],"product_tag":[],"class_list":{"0":"post-31580","1":"product","2":"type-product","3":"status-publish","4":"has-post-thumbnail","6":"product_brand-versante-sud","7":"product_cat-libri","9":"first","10":"instock","11":"taxable","12":"shipping-taxable","13":"purchasable","14":"product-type-simple"},"acf":[],"yoast_head":"<!-- This site is optimized with the Yoast SEO plugin v26.4 - https:\/\/yoast.com\/wordpress\/plugins\/seo\/ -->\n<title>Ossola Rock Falesie guida arrampicata - Sestogrado<\/title>\n<meta name=\"description\" content=\"Quinta edizione\u00a0della guida\u00a0Ossola Rock, questa volta suddivisa in due volumi distinti per le vie brevi e lunghe. La presente guida per le falesie fa fronte al notevole incremento nel numero dei siti del Verbano-Cusio-Ossola.Fra le\u00a0decine di novit\u00e0, falesie come la Torraccia, il Castello al Passet e la Cascata, importanti estensioni di falesie classiche come Ponte Romano e\u00a0nuove aree per il trad\u00a0come Ossolandia, alternativa alle ormai note Yosesigo e Cadarese.Non mancano i classici di Macugnaga, Sempione, Croveo, Formazza e Vigezzo e\u2026 a volte ritornano vecchi settori caduti nell\u2019oblio, ora rimaneggiati. Il tutto riscritto ex novo, corredato di nuove foto e riordinato per garantire una comoda fruibilit\u00e0.Entrambe le guide comprendono anche una versione tedesca, visto che questa regione ricca in materia prima rocciosa \u00e8 divenuta ormai da anni un universo d\u2019arrampicata apprezzato a livello internazionale.\" \/>\n<meta name=\"robots\" content=\"index, follow, max-snippet:-1, max-image-preview:large, max-video-preview:-1\" \/>\n<link rel=\"canonical\" href=\"https:\/\/www.sestogrado.it\/it\/prodotto\/ossola-rock-falesie-guida-arrampicata\/\" \/>\n<meta property=\"og:locale\" content=\"it_IT\" \/>\n<meta property=\"og:type\" content=\"article\" \/>\n<meta property=\"og:title\" content=\"Ossola Rock Falesie guida arrampicata - Sestogrado\" \/>\n<meta property=\"og:description\" content=\"Quinta edizione\u00a0della guida\u00a0Ossola Rock, questa volta suddivisa in due volumi distinti per le vie brevi e lunghe. La presente guida per le falesie fa fronte al notevole incremento nel numero dei siti del Verbano-Cusio-Ossola.Fra le\u00a0decine di novit\u00e0, falesie come la Torraccia, il Castello al Passet e la Cascata, importanti estensioni di falesie classiche come Ponte Romano e\u00a0nuove aree per il trad\u00a0come Ossolandia, alternativa alle ormai note Yosesigo e Cadarese.Non mancano i classici di Macugnaga, Sempione, Croveo, Formazza e Vigezzo e\u2026 a volte ritornano vecchi settori caduti nell\u2019oblio, ora rimaneggiati. Il tutto riscritto ex novo, corredato di nuove foto e riordinato per garantire una comoda fruibilit\u00e0.Entrambe le guide comprendono anche una versione tedesca, visto che questa regione ricca in materia prima rocciosa \u00e8 divenuta ormai da anni un universo d\u2019arrampicata apprezzato a livello internazionale.\" \/>\n<meta property=\"og:url\" content=\"https:\/\/www.sestogrado.it\/it\/prodotto\/ossola-rock-falesie-guida-arrampicata\/\" \/>\n<meta property=\"og:site_name\" content=\"Sestogrado\" \/>\n<meta property=\"article:publisher\" content=\"https:\/\/www.facebook.com\/pages\/Sestogrado\/1542635979353017?ref=bookmarks\" \/>\n<meta property=\"article:modified_time\" content=\"2025-05-28T19:30:02+00:00\" \/>\n<meta property=\"og:image\" content=\"https:\/\/www.sestogrado.it\/wp-content\/uploads\/2020\/04\/ossola-1.jpg\" \/>\n\t<meta property=\"og:image:width\" content=\"900\" \/>\n\t<meta property=\"og:image:height\" content=\"900\" \/>\n\t<meta property=\"og:image:type\" content=\"image\/jpeg\" \/>\n<meta name=\"twitter:label1\" content=\"Prezzo\" \/>\n\t<meta name=\"twitter:data1\" content=\"&euro;&nbsp;36,00\" \/>\n\t<meta name=\"twitter:label2\" content=\"Disponibilit\u00e0\" \/>\n\t<meta name=\"twitter:data2\" content=\"In stock\" \/>\n<script type=\"application\/ld+json\" class=\"yoast-schema-graph\">{\"@context\":\"https:\/\/schema.org\",\"@graph\":[{\"@type\":\"WebPage\",\"@id\":\"https:\/\/www.sestogrado.it\/it\/prodotto\/ossola-rock-falesie-guida-arrampicata\/\",\"url\":\"https:\/\/www.sestogrado.it\/it\/prodotto\/ossola-rock-falesie-guida-arrampicata\/\",\"name\":\"Ossola Rock Falesie guida arrampicata - Sestogrado\",\"isPartOf\":{\"@id\":\"https:\/\/www.sestogrado.it\/it\/#website\"},\"primaryImageOfPage\":{\"@id\":\"https:\/\/www.sestogrado.it\/it\/prodotto\/ossola-rock-falesie-guida-arrampicata\/#primaryimage\"},\"image\":{\"@id\":\"https:\/\/www.sestogrado.it\/prodotto\/ossola-rock-falesie-guida-arrampicata\/#primaryimage\"},\"thumbnailUrl\":\"https:\/\/www.sestogrado.it\/wp-content\/uploads\/2020\/04\/ossola-1.jpg\",\"datePublished\":\"2025-02-24T07:00:54+00:00\",\"dateModified\":\"2025-05-28T19:30:02+00:00\",\"description\":\"Quinta edizione\u00a0della guida\u00a0Ossola Rock, questa volta suddivisa in due volumi distinti per le vie brevi e lunghe. La presente guida per le falesie fa fronte al notevole incremento nel numero dei siti del Verbano-Cusio-Ossola.Fra le\u00a0decine di novit\u00e0, falesie come la Torraccia, il Castello al Passet e la Cascata, importanti estensioni di falesie classiche come Ponte Romano e\u00a0nuove aree per il trad\u00a0come Ossolandia, alternativa alle ormai note Yosesigo e Cadarese.Non mancano i classici di Macugnaga, Sempione, Croveo, Formazza e Vigezzo e\u2026 a volte ritornano vecchi settori caduti nell\u2019oblio, ora rimaneggiati. Il tutto riscritto ex novo, corredato di nuove foto e riordinato per garantire una comoda fruibilit\u00e0.Entrambe le guide comprendono anche una versione tedesca, visto che questa regione ricca in materia prima rocciosa \u00e8 divenuta ormai da anni un universo d\u2019arrampicata apprezzato a livello internazionale.\",\"breadcrumb\":{\"@id\":\"https:\/\/www.sestogrado.it\/it\/prodotto\/ossola-rock-falesie-guida-arrampicata\/#breadcrumb\"},\"inLanguage\":\"it-IT\",\"potentialAction\":[{\"@type\":\"ReadAction\",\"target\":[[\"https:\/\/www.sestogrado.it\/it\/prodotto\/ossola-rock-falesie-guida-arrampicata\/\"]]}]},{\"@type\":\"ImageObject\",\"inLanguage\":\"it-IT\",\"@id\":\"https:\/\/www.sestogrado.it\/it\/prodotto\/ossola-rock-falesie-guida-arrampicata\/#primaryimage\",\"url\":\"https:\/\/www.sestogrado.it\/wp-content\/uploads\/2020\/04\/ossola-1.jpg\",\"contentUrl\":\"https:\/\/www.sestogrado.it\/wp-content\/uploads\/2020\/04\/ossola-1.jpg\",\"width\":900,\"height\":900,\"caption\":\"ossola\"},{\"@type\":\"BreadcrumbList\",\"@id\":\"https:\/\/www.sestogrado.it\/it\/prodotto\/ossola-rock-falesie-guida-arrampicata\/#breadcrumb\",\"itemListElement\":[{\"@type\":\"ListItem\",\"position\":1,\"name\":\"Home\",\"item\":\"https:\/\/www.sestogrado.it\/it\/\"},{\"@type\":\"ListItem\",\"position\":2,\"name\":\"Shop\",\"item\":\"https:\/\/www.sestogrado.it\/it\/shop\/\"},{\"@type\":\"ListItem\",\"position\":3,\"name\":\"Ossola Rock Falesie guida arrampicata\"}]},{\"@type\":\"WebSite\",\"@id\":\"https:\/\/www.sestogrado.it\/it\/#website\",\"url\":\"https:\/\/www.sestogrado.it\/it\/\",\"name\":\"Sestogrado\",\"description\":\"yes we climb\",\"publisher\":{\"@id\":\"https:\/\/www.sestogrado.it\/it\/#organization\"},\"potentialAction\":[{\"@type\":\"SearchAction\",\"target\":{\"@type\":\"EntryPoint\",\"urlTemplate\":\"https:\/\/www.sestogrado.it\/it\/?s={search_term_string}\"},\"query-input\":{\"@type\":\"PropertyValueSpecification\",\"valueRequired\":true,\"valueName\":\"search_term_string\"}}],\"inLanguage\":\"it-IT\"},{\"@type\":\"Organization\",\"@id\":\"https:\/\/www.sestogrado.it\/it\/#organization\",\"name\":\"Sestogrado\",\"url\":\"https:\/\/www.sestogrado.it\/it\/\",\"logo\":{\"@type\":\"ImageObject\",\"inLanguage\":\"it-IT\",\"@id\":\"https:\/\/www.sestogrado.it\/it\/#\/schema\/logo\/image\/\",\"url\":\"https:\/\/www.sestogrado.it\/wp-content\/uploads\/2015\/03\/sestogrado-favicon.png\",\"contentUrl\":\"https:\/\/www.sestogrado.it\/wp-content\/uploads\/2015\/03\/sestogrado-favicon.png\",\"width\":260,\"height\":260,\"caption\":\"Sestogrado\"},\"image\":{\"@id\":\"https:\/\/www.sestogrado.it\/it\/#\/schema\/logo\/image\/\"},\"sameAs\":[\"https:\/\/www.facebook.com\/pages\/Sestogrado\/1542635979353017?ref=bookmarks\",\"https:\/\/www.youtube.com\/channel\/UC847kAfTkaJsWpc1jtQwr3Q\"],\"hasMerchantReturnPolicy\":{\"@type\":\"MerchantReturnPolicy\",\"merchantReturnLink\":\"https:\/\/www.sestogrado.it\/it\/termini-e-condizioni\/\"}}]}<\/script>\n<meta property=\"product:brand\" content=\"Versante Sud\" \/>\n<meta property=\"product:price:amount\" content=\"36.00\" \/>\n<meta property=\"product:price:currency\" content=\"EUR\" \/>\n<meta property=\"og:availability\" content=\"instock\" \/>\n<meta property=\"product:availability\" content=\"instock\" \/>\n<meta property=\"product:condition\" content=\"new\" \/>\n<!-- \/ Yoast SEO plugin. -->","yoast_head_json":{"title":"Ossola Rock Falesie guida arrampicata - Sestogrado","description":"Quinta edizione\u00a0della guida\u00a0Ossola Rock, questa volta suddivisa in due volumi distinti per le vie brevi e lunghe. La presente guida per le falesie fa fronte al notevole incremento nel numero dei siti del Verbano-Cusio-Ossola.Fra le\u00a0decine di novit\u00e0, falesie come la Torraccia, il Castello al Passet e la Cascata, importanti estensioni di falesie classiche come Ponte Romano e\u00a0nuove aree per il trad\u00a0come Ossolandia, alternativa alle ormai note Yosesigo e Cadarese.Non mancano i classici di Macugnaga, Sempione, Croveo, Formazza e Vigezzo e\u2026 a volte ritornano vecchi settori caduti nell\u2019oblio, ora rimaneggiati. Il tutto riscritto ex novo, corredato di nuove foto e riordinato per garantire una comoda fruibilit\u00e0.Entrambe le guide comprendono anche una versione tedesca, visto che questa regione ricca in materia prima rocciosa \u00e8 divenuta ormai da anni un universo d\u2019arrampicata apprezzato a livello internazionale.","robots":{"index":"index","follow":"follow","max-snippet":"max-snippet:-1","max-image-preview":"max-image-preview:large","max-video-preview":"max-video-preview:-1"},"canonical":"https:\/\/www.sestogrado.it\/it\/prodotto\/ossola-rock-falesie-guida-arrampicata\/","og_locale":"it_IT","og_type":"article","og_title":"Ossola Rock Falesie guida arrampicata - Sestogrado","og_description":"Quinta edizione\u00a0della guida\u00a0Ossola Rock, questa volta suddivisa in due volumi distinti per le vie brevi e lunghe. La presente guida per le falesie fa fronte al notevole incremento nel numero dei siti del Verbano-Cusio-Ossola.Fra le\u00a0decine di novit\u00e0, falesie come la Torraccia, il Castello al Passet e la Cascata, importanti estensioni di falesie classiche come Ponte Romano e\u00a0nuove aree per il trad\u00a0come Ossolandia, alternativa alle ormai note Yosesigo e Cadarese.Non mancano i classici di Macugnaga, Sempione, Croveo, Formazza e Vigezzo e\u2026 a volte ritornano vecchi settori caduti nell\u2019oblio, ora rimaneggiati. Il tutto riscritto ex novo, corredato di nuove foto e riordinato per garantire una comoda fruibilit\u00e0.Entrambe le guide comprendono anche una versione tedesca, visto che questa regione ricca in materia prima rocciosa \u00e8 divenuta ormai da anni un universo d\u2019arrampicata apprezzato a livello internazionale.","og_url":"https:\/\/www.sestogrado.it\/it\/prodotto\/ossola-rock-falesie-guida-arrampicata\/","og_site_name":"Sestogrado","article_publisher":"https:\/\/www.facebook.com\/pages\/Sestogrado\/1542635979353017?ref=bookmarks","article_modified_time":"2025-05-28T19:30:02+00:00","og_image":[{"width":900,"height":900,"url":"https:\/\/www.sestogrado.it\/wp-content\/uploads\/2020\/04\/ossola-1.jpg","type":"image\/jpeg"}],"twitter_misc":{"Prezzo":"&euro;&nbsp;36,00","Disponibilit\u00e0":"In stock"},"schema":{"@context":"https:\/\/schema.org","@graph":[{"@type":"WebPage","@id":"https:\/\/www.sestogrado.it\/it\/prodotto\/ossola-rock-falesie-guida-arrampicata\/","url":"https:\/\/www.sestogrado.it\/it\/prodotto\/ossola-rock-falesie-guida-arrampicata\/","name":"Ossola Rock Falesie guida arrampicata - Sestogrado","isPartOf":{"@id":"https:\/\/www.sestogrado.it\/it\/#website"},"primaryImageOfPage":{"@id":"https:\/\/www.sestogrado.it\/it\/prodotto\/ossola-rock-falesie-guida-arrampicata\/#primaryimage"},"image":{"@id":"https:\/\/www.sestogrado.it\/prodotto\/ossola-rock-falesie-guida-arrampicata\/#primaryimage"},"thumbnailUrl":"https:\/\/www.sestogrado.it\/wp-content\/uploads\/2020\/04\/ossola-1.jpg","datePublished":"2025-02-24T07:00:54+00:00","dateModified":"2025-05-28T19:30:02+00:00","description":"Quinta edizione\u00a0della guida\u00a0Ossola Rock, questa volta suddivisa in due volumi distinti per le vie brevi e lunghe. La presente guida per le falesie fa fronte al notevole incremento nel numero dei siti del Verbano-Cusio-Ossola.Fra le\u00a0decine di novit\u00e0, falesie come la Torraccia, il Castello al Passet e la Cascata, importanti estensioni di falesie classiche come Ponte Romano e\u00a0nuove aree per il trad\u00a0come Ossolandia, alternativa alle ormai note Yosesigo e Cadarese.Non mancano i classici di Macugnaga, Sempione, Croveo, Formazza e Vigezzo e\u2026 a volte ritornano vecchi settori caduti nell\u2019oblio, ora rimaneggiati. Il tutto riscritto ex novo, corredato di nuove foto e riordinato per garantire una comoda fruibilit\u00e0.Entrambe le guide comprendono anche una versione tedesca, visto che questa regione ricca in materia prima rocciosa \u00e8 divenuta ormai da anni un universo d\u2019arrampicata apprezzato a livello internazionale.","breadcrumb":{"@id":"https:\/\/www.sestogrado.it\/it\/prodotto\/ossola-rock-falesie-guida-arrampicata\/#breadcrumb"},"inLanguage":"it-IT","potentialAction":[{"@type":"ReadAction","target":[["https:\/\/www.sestogrado.it\/it\/prodotto\/ossola-rock-falesie-guida-arrampicata\/"]]}]},{"@type":"ImageObject","inLanguage":"it-IT","@id":"https:\/\/www.sestogrado.it\/it\/prodotto\/ossola-rock-falesie-guida-arrampicata\/#primaryimage","url":"https:\/\/www.sestogrado.it\/wp-content\/uploads\/2020\/04\/ossola-1.jpg","contentUrl":"https:\/\/www.sestogrado.it\/wp-content\/uploads\/2020\/04\/ossola-1.jpg","width":900,"height":900,"caption":"ossola"},{"@type":"BreadcrumbList","@id":"https:\/\/www.sestogrado.it\/it\/prodotto\/ossola-rock-falesie-guida-arrampicata\/#breadcrumb","itemListElement":[{"@type":"ListItem","position":1,"name":"Home","item":"https:\/\/www.sestogrado.it\/it\/"},{"@type":"ListItem","position":2,"name":"Shop","item":"https:\/\/www.sestogrado.it\/it\/shop\/"},{"@type":"ListItem","position":3,"name":"Ossola Rock Falesie guida arrampicata"}]},{"@type":"WebSite","@id":"https:\/\/www.sestogrado.it\/it\/#website","url":"https:\/\/www.sestogrado.it\/it\/","name":"Sestogrado","description":"yes we climb","publisher":{"@id":"https:\/\/www.sestogrado.it\/it\/#organization"},"potentialAction":[{"@type":"SearchAction","target":{"@type":"EntryPoint","urlTemplate":"https:\/\/www.sestogrado.it\/it\/?s={search_term_string}"},"query-input":{"@type":"PropertyValueSpecification","valueRequired":true,"valueName":"search_term_string"}}],"inLanguage":"it-IT"},{"@type":"Organization","@id":"https:\/\/www.sestogrado.it\/it\/#organization","name":"Sestogrado","url":"https:\/\/www.sestogrado.it\/it\/","logo":{"@type":"ImageObject","inLanguage":"it-IT","@id":"https:\/\/www.sestogrado.it\/it\/#\/schema\/logo\/image\/","url":"https:\/\/www.sestogrado.it\/wp-content\/uploads\/2015\/03\/sestogrado-favicon.png","contentUrl":"https:\/\/www.sestogrado.it\/wp-content\/uploads\/2015\/03\/sestogrado-favicon.png","width":260,"height":260,"caption":"Sestogrado"},"image":{"@id":"https:\/\/www.sestogrado.it\/it\/#\/schema\/logo\/image\/"},"sameAs":["https:\/\/www.facebook.com\/pages\/Sestogrado\/1542635979353017?ref=bookmarks","https:\/\/www.youtube.com\/channel\/UC847kAfTkaJsWpc1jtQwr3Q"],"hasMerchantReturnPolicy":{"@type":"MerchantReturnPolicy","merchantReturnLink":"https:\/\/www.sestogrado.it\/it\/termini-e-condizioni\/"}}]},"product_brand":"Versante Sud","product_price_amount":"36.00","product_price_currency":"EUR","og_availability":"instock","product_availability":"instock","product_condition":"new"},"_links":{"self":[{"href":"https:\/\/www.sestogrado.it\/it\/wp-json\/wp\/v2\/product\/31580","targetHints":{"allow":["GET"]}}],"collection":[{"href":"https:\/\/www.sestogrado.it\/it\/wp-json\/wp\/v2\/product"}],"about":[{"href":"https:\/\/www.sestogrado.it\/it\/wp-json\/wp\/v2\/types\/product"}],"replies":[{"embeddable":true,"href":"https:\/\/www.sestogrado.it\/it\/wp-json\/wp\/v2\/comments?post=31580"}],"wp:featuredmedia":[{"embeddable":true,"href":"https:\/\/www.sestogrado.it\/it\/wp-json\/wp\/v2\/media\/183925"}],"wp:attachment":[{"href":"https:\/\/www.sestogrado.it\/it\/wp-json\/wp\/v2\/media?parent=31580"}],"wp:term":[{"taxonomy":"product_brand","embeddable":true,"href":"https:\/\/www.sestogrado.it\/it\/wp-json\/wp\/v2\/product_brand?post=31580"},{"taxonomy":"product_cat","embeddable":true,"href":"https:\/\/www.sestogrado.it\/it\/wp-json\/wp\/v2\/product_cat?post=31580"},{"taxonomy":"product_tag","embeddable":true,"href":"https:\/\/www.sestogrado.it\/it\/wp-json\/wp\/v2\/product_tag?post=31580"}],"curies":[{"name":"wp","href":"https:\/\/api.w.org\/{rel}","templated":true}]}}