{"id":3148,"date":"2024-07-15T08:56:33","date_gmt":"2024-07-15T06:56:33","guid":{"rendered":"http:\/\/www.sestogrado.it\/?post_type=product&#038;p=3148"},"modified":"2025-10-14T08:58:06","modified_gmt":"2025-10-14T06:58:06","slug":"petzl-sitta-imbrago-arrampicata","status":"publish","type":"product","link":"https:\/\/www.sestogrado.it\/it\/prodotto\/petzl-sitta-imbrago-arrampicata\/","title":{"rendered":"Petzl Sitta imbrago arrampicata"},"content":{"rendered":"<p><\/p>\n<p class=\"productSubtitle\">Il Petzl Sitta \u00e8 la Ferrari degli imbraghi da arrampicata.<\/p>\n<p class=\"productSubtitle\">Pensata appositamente per i top climber che richiedono il massimo alla propria attrezzatura tecnica, il Petzl Sitta \u00e8 un&#8217;imbracatura d&#8217;arrampicata e alpinismo di alto livello che garantisce compattezza, leggerezza e massimo comfort. La costruzione WIREFRAME Technology dell&#8217;imbracatura SITTA, basata sull&#8217;utilizzo di fili Spectra\u00ae su cintura e cosciali, garantisce una ripartizione ottimale del carico e un comfort eccellente. Questa imbracatura permette all&#8217;arrampicatore una totale libert\u00e0 di movimento.<\/p>\n<p>\u00c8 anche molto compatta una volta sistemata nello zaino. In arrampicata come in alpinismo, avete completa libert\u00e0 di movimento, grazie alla sua cintura estremamente sottile e flessibile. I cinque portamateriali vi consentono di portare tutta l\u2019attrezzatura necessaria per progredire su ghiaccio o roccia. Grazie ad essa, potrete concatenare i vostri sogni: i punti di legatura rinforzati sono progettati per resistere solidamente agli sfregamenti della corda.<\/p>\n<div class=\"list\">\n<ul>\n<li>Il miglior rapporto leggerezza\/mobilit\u00e0\/comfort:<br \/>\n&#8211; cintura e cosciali estremamente sottili e flessibili, grazie alla tecnologia WIREFRAME. I fili in PEHD (polietilene ad alta densit\u00e0) utilizzati su cintura e cosciali garantiscono una ripartizione ottimale del carico senza dover ricorrere ad imbottiture. L\u2019estrema leggerezza e il comfort consentono all\u2019imbracatura di farsi dimenticare,<br \/>\n&#8211; ottima compattezza, una volta sistemata nella sua custodia,<br \/>\n&#8211; cosciali con regolazione permanente e grande flessibilit\u00e0 del collegamento cosciale-ponte per offrire una totale libert\u00e0 di movimento,<br \/>\n&#8211; cintura dotata di una fibbia DOUBLEBACK HD in alluminio forgiato, per uno scorrimento fluido della fettuccia di serraggio per una regolazione facile e rapida.<\/li>\n<li>Capacit\u00e0 di trasportare una grande quantit\u00e0 di materiale:<br \/>\n&#8211; due grandi portamateriali anteriori rigidi per trasportare molto materiale e facilitare l\u2019aggancio e lo sgancio dell\u2019attrezzatura. Ogni portamateriale anteriore dispone di un separatore mobile che consente di separare il portamateriale e ottimizzare la sistemazione (rinvii, blocchetti da incastro&#8230;). Il separatore pu\u00f2 essere fatto scorrere all\u2019indietro per avere un solo portamateriale di grande dimensione,<br \/>\n&#8211; due portamateriali posteriori semirigidi per portare il materiale in avanti e compatibili con l\u2019utilizzo dello zaino,<br \/>\n&#8211; un quinto portamateriale semirigido, di facile accesso, situato nella parte posteriore per corda di servizio, calzature, coltello&#8230;,<br \/>\n&#8211; due passanti per portamateriali CARITOOL. I passanti sono ottimizzati con <a href=\"https:\/\/www.sestogrado.it\/it\/prodotto\/petzl-caritool-evo-moschettone-portamateriali\/\" target=\"_blank\" rel=\"noopener\">CARITOOL EVO<\/a> e compatibili con <a href=\"https:\/\/www.sestogrado.it\/it\/prodotto\/petzl-caritool-moschettone-portamateriali\/\" target=\"_blank\" rel=\"noopener\">CARITOOL<\/a>.<\/li>\n<li>Resistenza rinforzata:<br \/>\n&#8211; punti di legatura rinforzati in PEHD per una maggiore resistenza all\u2019usura per sfregamento della corda,<br \/>\n&#8211; costruzione incollata della cintura e dei cosciali per garantire una resistenza ottimale all\u2019usura, favorendo la compattezza,<br \/>\n&#8211; tessuto esterno robusto, resistente all\u2019abrasione,<br \/>\n&#8211; tessuto interno traspirante per una buona regolazione della traspirazione e una rapida asciugatura,<\/li>\n<\/ul>\n<\/div>\n<div class=\"list\">\n<ul>\n<li>Materiali: poliammide, poliestere, alluminio, polietilene ad alta densit\u00e0<\/li>\n<li>Certificazione(i): CE EN 12277 type C, UKCA, UIAA<\/li>\n<\/ul>\n<\/div>\n<p>Senza compromessi, il Petzl Sitta \u00e8 destinato a costituire il punto di riferimento per gli imbraghi da arrampicata.<\/p>\n<p>&nbsp;<\/p>\n<p>&nbsp;<\/p>\n<p>L\u2019avventura Petzl \u00e8 iniziata con la passione di Fernand Petzl per la speleologia, passione al servizio della quale ha saputo mettere il suo talento di artigiano.<\/p>\n<p>Ne \u00e8 nata una competenza per la progettazione e la realizzazione di soluzioni per salire, calarsi, assicurarsi e avanzare nell\u2019oscurit\u00e0. Nel 1970, i primi prodotti marcati \u201cFernand Petzl\u201d sono realizzati nel laboratorio di Saint-Nazaire-les-Eymes (Is\u00e8re, Francia).<\/p>\n<p>Da allora, l\u2019azienda Petzl, creata nel 1975, \u00e8 riuscita a crescere e diventare un gruppo internazionale, conservando una dimensione familiare e la passione che animava Fernand Petzl.<\/p>","protected":false},"excerpt":{"rendered":"<p>Il Petzl Sitta \u00e8 la Ferrari degli imbraghi da arrampicata. Pensata appositamente per i top climber che richiedono il massimo [&hellip;]<\/p>\n","protected":false},"featured_media":166673,"comment_status":"open","ping_status":"closed","template":"","meta":{"_acf_changed":false},"product_brand":[50],"product_cat":[182,183],"product_tag":[409],"class_list":{"0":"post-3148","1":"product","2":"type-product","3":"status-publish","4":"has-post-thumbnail","6":"product_brand-petzl","7":"product_cat-sportivi","8":"product_cat-alpinismo","9":"product_tag-imbrago","11":"first","12":"instock","13":"sale","14":"taxable","15":"shipping-taxable","16":"purchasable","17":"product-type-variable"},"acf":[],"yoast_head":"<!-- This site is optimized with the Yoast SEO plugin v26.4 - https:\/\/yoast.com\/wordpress\/plugins\/seo\/ -->\n<title>Petzl Sitta imbrago arrampicata - Sestogrado<\/title>\n<meta name=\"description\" content=\"Il Petzl Sitta \u00e8 la Ferrari degli imbraghi da arrampicata.Pensata appositamente per i top climber che richiedono il massimo alla propria attrezzatura tecnica, il Petzl Sitta \u00e8 un&#039;imbracatura d&#039;arrampicata e alpinismo di alto livello che garantisce compattezza, leggerezza e massimo comfort. La costruzione WIREFRAME Technology dell&#039;imbracatura SITTA, basata sull&#039;utilizzo di fili Spectra\u00ae su cintura e cosciali, garantisce una ripartizione ottimale del carico e un comfort eccellente. Questa imbracatura permette all&#039;arrampicatore una totale libert\u00e0 di movimento.\u00c8 anche molto compatta una volta sistemata nello zaino. In arrampicata come in alpinismo, avete completa libert\u00e0 di movimento, grazie alla sua cintura estremamente sottile e flessibile. I cinque portamateriali vi consentono di portare tutta l\u2019attrezzatura necessaria per progredire su ghiaccio o roccia. Grazie ad essa, potrete concatenare i vostri sogni: i punti di legatura rinforzati sono progettati per resistere solidamente agli sfregamenti della corda.\" \/>\n<meta name=\"robots\" content=\"index, follow, max-snippet:-1, max-image-preview:large, max-video-preview:-1\" \/>\n<link rel=\"canonical\" href=\"https:\/\/www.sestogrado.it\/it\/prodotto\/petzl-sitta-imbrago-arrampicata\/\" \/>\n<meta property=\"og:locale\" content=\"it_IT\" \/>\n<meta property=\"og:type\" content=\"article\" \/>\n<meta property=\"og:title\" content=\"Petzl Sitta imbrago arrampicata - Sestogrado\" \/>\n<meta property=\"og:description\" content=\"Il Petzl Sitta \u00e8 la Ferrari degli imbraghi da arrampicata.Pensata appositamente per i top climber che richiedono il massimo alla propria attrezzatura tecnica, il Petzl Sitta \u00e8 un&#039;imbracatura d&#039;arrampicata e alpinismo di alto livello che garantisce compattezza, leggerezza e massimo comfort. La costruzione WIREFRAME Technology dell&#039;imbracatura SITTA, basata sull&#039;utilizzo di fili Spectra\u00ae su cintura e cosciali, garantisce una ripartizione ottimale del carico e un comfort eccellente. Questa imbracatura permette all&#039;arrampicatore una totale libert\u00e0 di movimento.\u00c8 anche molto compatta una volta sistemata nello zaino. In arrampicata come in alpinismo, avete completa libert\u00e0 di movimento, grazie alla sua cintura estremamente sottile e flessibile. I cinque portamateriali vi consentono di portare tutta l\u2019attrezzatura necessaria per progredire su ghiaccio o roccia. Grazie ad essa, potrete concatenare i vostri sogni: i punti di legatura rinforzati sono progettati per resistere solidamente agli sfregamenti della corda.\" \/>\n<meta property=\"og:url\" content=\"https:\/\/www.sestogrado.it\/it\/prodotto\/petzl-sitta-imbrago-arrampicata\/\" \/>\n<meta property=\"og:site_name\" content=\"Sestogrado\" \/>\n<meta property=\"article:publisher\" content=\"https:\/\/www.facebook.com\/pages\/Sestogrado\/1542635979353017?ref=bookmarks\" \/>\n<meta property=\"article:modified_time\" content=\"2025-10-14T06:58:06+00:00\" \/>\n<meta property=\"og:image\" content=\"https:\/\/www.sestogrado.it\/wp-content\/uploads\/2015\/11\/01-12.jpg\" \/>\n\t<meta property=\"og:image:width\" content=\"1165\" \/>\n\t<meta property=\"og:image:height\" content=\"1165\" \/>\n\t<meta property=\"og:image:type\" content=\"image\/jpeg\" \/>\n<meta name=\"twitter:label1\" content=\"Disponibilit\u00e0\" \/>\n\t<meta name=\"twitter:data1\" content=\"In stock\" \/>\n<script type=\"application\/ld+json\" class=\"yoast-schema-graph\">{\"@context\":\"https:\/\/schema.org\",\"@graph\":[{\"@type\":\"WebPage\",\"@id\":\"https:\/\/www.sestogrado.it\/it\/prodotto\/petzl-sitta-imbrago-arrampicata\/\",\"url\":\"https:\/\/www.sestogrado.it\/it\/prodotto\/petzl-sitta-imbrago-arrampicata\/\",\"name\":\"Petzl Sitta imbrago arrampicata - Sestogrado\",\"isPartOf\":{\"@id\":\"https:\/\/www.sestogrado.it\/it\/#website\"},\"primaryImageOfPage\":{\"@id\":\"https:\/\/www.sestogrado.it\/it\/prodotto\/petzl-sitta-imbrago-arrampicata\/#primaryimage\"},\"image\":{\"@id\":\"https:\/\/www.sestogrado.it\/prodotto\/petzl-sitta-imbrago-arrampicata\/#primaryimage\"},\"thumbnailUrl\":\"https:\/\/www.sestogrado.it\/wp-content\/uploads\/2015\/11\/01-12.jpg\",\"datePublished\":\"2024-07-15T06:56:33+00:00\",\"dateModified\":\"2025-10-14T06:58:06+00:00\",\"description\":\"Il Petzl Sitta \u00e8 la Ferrari degli imbraghi da arrampicata.Pensata appositamente per i top climber che richiedono il massimo alla propria attrezzatura tecnica, il Petzl Sitta \u00e8 un'imbracatura d'arrampicata e alpinismo di alto livello che garantisce compattezza, leggerezza e massimo comfort. La costruzione WIREFRAME Technology dell'imbracatura SITTA, basata sull'utilizzo di fili Spectra\u00ae su cintura e cosciali, garantisce una ripartizione ottimale del carico e un comfort eccellente. Questa imbracatura permette all'arrampicatore una totale libert\u00e0 di movimento.\u00c8 anche molto compatta una volta sistemata nello zaino. In arrampicata come in alpinismo, avete completa libert\u00e0 di movimento, grazie alla sua cintura estremamente sottile e flessibile. I cinque portamateriali vi consentono di portare tutta l\u2019attrezzatura necessaria per progredire su ghiaccio o roccia. Grazie ad essa, potrete concatenare i vostri sogni: i punti di legatura rinforzati sono progettati per resistere solidamente agli sfregamenti della corda.\",\"breadcrumb\":{\"@id\":\"https:\/\/www.sestogrado.it\/it\/prodotto\/petzl-sitta-imbrago-arrampicata\/#breadcrumb\"},\"inLanguage\":\"it-IT\",\"potentialAction\":[{\"@type\":\"ReadAction\",\"target\":[[\"https:\/\/www.sestogrado.it\/it\/prodotto\/petzl-sitta-imbrago-arrampicata\/\"]]}]},{\"@type\":\"ImageObject\",\"inLanguage\":\"it-IT\",\"@id\":\"https:\/\/www.sestogrado.it\/it\/prodotto\/petzl-sitta-imbrago-arrampicata\/#primaryimage\",\"url\":\"https:\/\/www.sestogrado.it\/wp-content\/uploads\/2015\/11\/01-12.jpg\",\"contentUrl\":\"https:\/\/www.sestogrado.it\/wp-content\/uploads\/2015\/11\/01-12.jpg\",\"width\":1165,\"height\":1165,\"caption\":\"sitta\"},{\"@type\":\"BreadcrumbList\",\"@id\":\"https:\/\/www.sestogrado.it\/it\/prodotto\/petzl-sitta-imbrago-arrampicata\/#breadcrumb\",\"itemListElement\":[{\"@type\":\"ListItem\",\"position\":1,\"name\":\"Home\",\"item\":\"https:\/\/www.sestogrado.it\/it\/\"},{\"@type\":\"ListItem\",\"position\":2,\"name\":\"Shop\",\"item\":\"https:\/\/www.sestogrado.it\/it\/shop\/\"},{\"@type\":\"ListItem\",\"position\":3,\"name\":\"Petzl Sitta imbrago arrampicata\"}]},{\"@type\":\"WebSite\",\"@id\":\"https:\/\/www.sestogrado.it\/it\/#website\",\"url\":\"https:\/\/www.sestogrado.it\/it\/\",\"name\":\"Sestogrado\",\"description\":\"yes we climb\",\"publisher\":{\"@id\":\"https:\/\/www.sestogrado.it\/it\/#organization\"},\"potentialAction\":[{\"@type\":\"SearchAction\",\"target\":{\"@type\":\"EntryPoint\",\"urlTemplate\":\"https:\/\/www.sestogrado.it\/it\/?s={search_term_string}\"},\"query-input\":{\"@type\":\"PropertyValueSpecification\",\"valueRequired\":true,\"valueName\":\"search_term_string\"}}],\"inLanguage\":\"it-IT\"},{\"@type\":\"Organization\",\"@id\":\"https:\/\/www.sestogrado.it\/it\/#organization\",\"name\":\"Sestogrado\",\"url\":\"https:\/\/www.sestogrado.it\/it\/\",\"logo\":{\"@type\":\"ImageObject\",\"inLanguage\":\"it-IT\",\"@id\":\"https:\/\/www.sestogrado.it\/it\/#\/schema\/logo\/image\/\",\"url\":\"https:\/\/www.sestogrado.it\/wp-content\/uploads\/2015\/03\/sestogrado-favicon.png\",\"contentUrl\":\"https:\/\/www.sestogrado.it\/wp-content\/uploads\/2015\/03\/sestogrado-favicon.png\",\"width\":260,\"height\":260,\"caption\":\"Sestogrado\"},\"image\":{\"@id\":\"https:\/\/www.sestogrado.it\/it\/#\/schema\/logo\/image\/\"},\"sameAs\":[\"https:\/\/www.facebook.com\/pages\/Sestogrado\/1542635979353017?ref=bookmarks\",\"https:\/\/www.youtube.com\/channel\/UC847kAfTkaJsWpc1jtQwr3Q\"],\"hasMerchantReturnPolicy\":{\"@type\":\"MerchantReturnPolicy\",\"merchantReturnLink\":\"https:\/\/www.sestogrado.it\/it\/termini-e-condizioni\/\"}}]}<\/script>\n<meta property=\"product:brand\" content=\"Petzl\" \/>\n<meta property=\"og:availability\" content=\"instock\" \/>\n<meta property=\"product:availability\" content=\"instock\" \/>\n<meta property=\"product:condition\" content=\"new\" \/>\n<!-- \/ Yoast SEO plugin. -->","yoast_head_json":{"title":"Petzl Sitta imbrago arrampicata - Sestogrado","description":"Il Petzl Sitta \u00e8 la Ferrari degli imbraghi da arrampicata.Pensata appositamente per i top climber che richiedono il massimo alla propria attrezzatura tecnica, il Petzl Sitta \u00e8 un'imbracatura d'arrampicata e alpinismo di alto livello che garantisce compattezza, leggerezza e massimo comfort. La costruzione WIREFRAME Technology dell'imbracatura SITTA, basata sull'utilizzo di fili Spectra\u00ae su cintura e cosciali, garantisce una ripartizione ottimale del carico e un comfort eccellente. Questa imbracatura permette all'arrampicatore una totale libert\u00e0 di movimento.\u00c8 anche molto compatta una volta sistemata nello zaino. In arrampicata come in alpinismo, avete completa libert\u00e0 di movimento, grazie alla sua cintura estremamente sottile e flessibile. I cinque portamateriali vi consentono di portare tutta l\u2019attrezzatura necessaria per progredire su ghiaccio o roccia. Grazie ad essa, potrete concatenare i vostri sogni: i punti di legatura rinforzati sono progettati per resistere solidamente agli sfregamenti della corda.","robots":{"index":"index","follow":"follow","max-snippet":"max-snippet:-1","max-image-preview":"max-image-preview:large","max-video-preview":"max-video-preview:-1"},"canonical":"https:\/\/www.sestogrado.it\/it\/prodotto\/petzl-sitta-imbrago-arrampicata\/","og_locale":"it_IT","og_type":"article","og_title":"Petzl Sitta imbrago arrampicata - Sestogrado","og_description":"Il Petzl Sitta \u00e8 la Ferrari degli imbraghi da arrampicata.Pensata appositamente per i top climber che richiedono il massimo alla propria attrezzatura tecnica, il Petzl Sitta \u00e8 un'imbracatura d'arrampicata e alpinismo di alto livello che garantisce compattezza, leggerezza e massimo comfort. La costruzione WIREFRAME Technology dell'imbracatura SITTA, basata sull'utilizzo di fili Spectra\u00ae su cintura e cosciali, garantisce una ripartizione ottimale del carico e un comfort eccellente. Questa imbracatura permette all'arrampicatore una totale libert\u00e0 di movimento.\u00c8 anche molto compatta una volta sistemata nello zaino. In arrampicata come in alpinismo, avete completa libert\u00e0 di movimento, grazie alla sua cintura estremamente sottile e flessibile. I cinque portamateriali vi consentono di portare tutta l\u2019attrezzatura necessaria per progredire su ghiaccio o roccia. Grazie ad essa, potrete concatenare i vostri sogni: i punti di legatura rinforzati sono progettati per resistere solidamente agli sfregamenti della corda.","og_url":"https:\/\/www.sestogrado.it\/it\/prodotto\/petzl-sitta-imbrago-arrampicata\/","og_site_name":"Sestogrado","article_publisher":"https:\/\/www.facebook.com\/pages\/Sestogrado\/1542635979353017?ref=bookmarks","article_modified_time":"2025-10-14T06:58:06+00:00","og_image":[{"width":1165,"height":1165,"url":"https:\/\/www.sestogrado.it\/wp-content\/uploads\/2015\/11\/01-12.jpg","type":"image\/jpeg"}],"twitter_misc":{"Disponibilit\u00e0":"In stock"},"schema":{"@context":"https:\/\/schema.org","@graph":[{"@type":"WebPage","@id":"https:\/\/www.sestogrado.it\/it\/prodotto\/petzl-sitta-imbrago-arrampicata\/","url":"https:\/\/www.sestogrado.it\/it\/prodotto\/petzl-sitta-imbrago-arrampicata\/","name":"Petzl Sitta imbrago arrampicata - Sestogrado","isPartOf":{"@id":"https:\/\/www.sestogrado.it\/it\/#website"},"primaryImageOfPage":{"@id":"https:\/\/www.sestogrado.it\/it\/prodotto\/petzl-sitta-imbrago-arrampicata\/#primaryimage"},"image":{"@id":"https:\/\/www.sestogrado.it\/prodotto\/petzl-sitta-imbrago-arrampicata\/#primaryimage"},"thumbnailUrl":"https:\/\/www.sestogrado.it\/wp-content\/uploads\/2015\/11\/01-12.jpg","datePublished":"2024-07-15T06:56:33+00:00","dateModified":"2025-10-14T06:58:06+00:00","description":"Il Petzl Sitta \u00e8 la Ferrari degli imbraghi da arrampicata.Pensata appositamente per i top climber che richiedono il massimo alla propria attrezzatura tecnica, il Petzl Sitta \u00e8 un'imbracatura d'arrampicata e alpinismo di alto livello che garantisce compattezza, leggerezza e massimo comfort. La costruzione WIREFRAME Technology dell'imbracatura SITTA, basata sull'utilizzo di fili Spectra\u00ae su cintura e cosciali, garantisce una ripartizione ottimale del carico e un comfort eccellente. Questa imbracatura permette all'arrampicatore una totale libert\u00e0 di movimento.\u00c8 anche molto compatta una volta sistemata nello zaino. In arrampicata come in alpinismo, avete completa libert\u00e0 di movimento, grazie alla sua cintura estremamente sottile e flessibile. I cinque portamateriali vi consentono di portare tutta l\u2019attrezzatura necessaria per progredire su ghiaccio o roccia. Grazie ad essa, potrete concatenare i vostri sogni: i punti di legatura rinforzati sono progettati per resistere solidamente agli sfregamenti della corda.","breadcrumb":{"@id":"https:\/\/www.sestogrado.it\/it\/prodotto\/petzl-sitta-imbrago-arrampicata\/#breadcrumb"},"inLanguage":"it-IT","potentialAction":[{"@type":"ReadAction","target":[["https:\/\/www.sestogrado.it\/it\/prodotto\/petzl-sitta-imbrago-arrampicata\/"]]}]},{"@type":"ImageObject","inLanguage":"it-IT","@id":"https:\/\/www.sestogrado.it\/it\/prodotto\/petzl-sitta-imbrago-arrampicata\/#primaryimage","url":"https:\/\/www.sestogrado.it\/wp-content\/uploads\/2015\/11\/01-12.jpg","contentUrl":"https:\/\/www.sestogrado.it\/wp-content\/uploads\/2015\/11\/01-12.jpg","width":1165,"height":1165,"caption":"sitta"},{"@type":"BreadcrumbList","@id":"https:\/\/www.sestogrado.it\/it\/prodotto\/petzl-sitta-imbrago-arrampicata\/#breadcrumb","itemListElement":[{"@type":"ListItem","position":1,"name":"Home","item":"https:\/\/www.sestogrado.it\/it\/"},{"@type":"ListItem","position":2,"name":"Shop","item":"https:\/\/www.sestogrado.it\/it\/shop\/"},{"@type":"ListItem","position":3,"name":"Petzl Sitta imbrago arrampicata"}]},{"@type":"WebSite","@id":"https:\/\/www.sestogrado.it\/it\/#website","url":"https:\/\/www.sestogrado.it\/it\/","name":"Sestogrado","description":"yes we climb","publisher":{"@id":"https:\/\/www.sestogrado.it\/it\/#organization"},"potentialAction":[{"@type":"SearchAction","target":{"@type":"EntryPoint","urlTemplate":"https:\/\/www.sestogrado.it\/it\/?s={search_term_string}"},"query-input":{"@type":"PropertyValueSpecification","valueRequired":true,"valueName":"search_term_string"}}],"inLanguage":"it-IT"},{"@type":"Organization","@id":"https:\/\/www.sestogrado.it\/it\/#organization","name":"Sestogrado","url":"https:\/\/www.sestogrado.it\/it\/","logo":{"@type":"ImageObject","inLanguage":"it-IT","@id":"https:\/\/www.sestogrado.it\/it\/#\/schema\/logo\/image\/","url":"https:\/\/www.sestogrado.it\/wp-content\/uploads\/2015\/03\/sestogrado-favicon.png","contentUrl":"https:\/\/www.sestogrado.it\/wp-content\/uploads\/2015\/03\/sestogrado-favicon.png","width":260,"height":260,"caption":"Sestogrado"},"image":{"@id":"https:\/\/www.sestogrado.it\/it\/#\/schema\/logo\/image\/"},"sameAs":["https:\/\/www.facebook.com\/pages\/Sestogrado\/1542635979353017?ref=bookmarks","https:\/\/www.youtube.com\/channel\/UC847kAfTkaJsWpc1jtQwr3Q"],"hasMerchantReturnPolicy":{"@type":"MerchantReturnPolicy","merchantReturnLink":"https:\/\/www.sestogrado.it\/it\/termini-e-condizioni\/"}}]},"product_brand":"Petzl","og_availability":"instock","product_availability":"instock","product_condition":"new"},"_links":{"self":[{"href":"https:\/\/www.sestogrado.it\/it\/wp-json\/wp\/v2\/product\/3148","targetHints":{"allow":["GET"]}}],"collection":[{"href":"https:\/\/www.sestogrado.it\/it\/wp-json\/wp\/v2\/product"}],"about":[{"href":"https:\/\/www.sestogrado.it\/it\/wp-json\/wp\/v2\/types\/product"}],"replies":[{"embeddable":true,"href":"https:\/\/www.sestogrado.it\/it\/wp-json\/wp\/v2\/comments?post=3148"}],"wp:featuredmedia":[{"embeddable":true,"href":"https:\/\/www.sestogrado.it\/it\/wp-json\/wp\/v2\/media\/166673"}],"wp:attachment":[{"href":"https:\/\/www.sestogrado.it\/it\/wp-json\/wp\/v2\/media?parent=3148"}],"wp:term":[{"taxonomy":"product_brand","embeddable":true,"href":"https:\/\/www.sestogrado.it\/it\/wp-json\/wp\/v2\/product_brand?post=3148"},{"taxonomy":"product_cat","embeddable":true,"href":"https:\/\/www.sestogrado.it\/it\/wp-json\/wp\/v2\/product_cat?post=3148"},{"taxonomy":"product_tag","embeddable":true,"href":"https:\/\/www.sestogrado.it\/it\/wp-json\/wp\/v2\/product_tag?post=3148"}],"curies":[{"name":"wp","href":"https:\/\/api.w.org\/{rel}","templated":true}]}}