{"id":30268,"date":"2020-04-03T10:55:37","date_gmt":"2020-04-03T08:55:37","guid":{"rendered":"https:\/\/www.sestogrado.it\/?post_type=product&#038;p=30268"},"modified":"2023-01-02T19:14:20","modified_gmt":"2023-01-02T18:14:20","slug":"explore-climbing-xc-tsaranoro-trave-arrampicata-in-legno","status":"publish","type":"product","link":"https:\/\/www.sestogrado.it\/it\/prodotto\/explore-climbing-xc-tsaranoro-trave-arrampicata-in-legno\/","title":{"rendered":"Explore Climbing XC Tsaranoro trave arrampicata in legno"},"content":{"rendered":"<p>L&#8217;Explore Climbing XC Tsaranoro \u00e8 un trave da arrampicata in legno che viene agganciato ad un unico punto fisso, tramite il cordino in dotazione. Il XC Tsaranoro ha un profilo arrotondato nella parte alta, ideale per scaldarsi e per effettuare trazioni ed \u00e8 dotato di tre serie di prese orizzontali a profondit\u00e0 variabile, da 15mm, 25mm e 40mm per qualsiasi intensit\u00e0 di allenamento.<\/p>\n<p>Il cordino regolabile da 6mm consente di variare l&#8217;inclinazione del trave per conferire maggiore severit\u00e0 all&#8217;allenamento.<\/p>\n<ul>\n<li>trave in legno made in Italy<\/li>\n<li>prese orizzontali da 15, 25 e 40mm per allenamento variabile<\/li>\n<li>inclinazione regolabile con cordino in dotazione<\/li>\n<li>portabile ed agganciabile dove vuoi<\/li>\n<li>qualit\u00e0 impagabile del legno, non rovina la pelle delle dita<\/li>\n<\/ul>\n<p>&nbsp;<\/p>\n<p>L&#8217;Explore Climbing Tsaranoro \u00e8 un trave portatile che pu\u00f2 essere agganciato ad un solo punto. Pu\u00f2 essere installato in casa o portato facilmente all&#8217;aperto per riscaldamento. Per ogni tipo di livello.<\/p>\n<p>&nbsp;<\/p>\n<p><iframe src=\"\/\/player.vimeo.com\/video\/222943202?title=0&amp;byline=0&amp;portrait=0&amp;color=8dc7dc\" width=\"425\" height=\"350\" allowfullscreen=\"allowfullscreen\" data-mce-fragment=\"1\"><\/iframe><\/p>\n<p>Explore Climbing produce travi e dispositivi di allenamento in legno per climber. Unisce l&#8217;alta qualit\u00e0 dell&#8217;artigianato italiano con la passione e la dedizione richieste da chi ama l&#8217;arrampicata. Tutti i travi in legno Explore Climbing sono prodotti e realizzati in Italia.<\/p>","protected":false},"excerpt":{"rendered":"<p>L&#8217;Explore Climbing XC Tsaranoro \u00e8 un trave da arrampicata in legno che viene agganciato ad un unico punto fisso, tramite [&hellip;]<\/p>\n","protected":false},"featured_media":30492,"comment_status":"open","ping_status":"closed","template":"","meta":{"_acf_changed":false},"product_brand":[658],"product_cat":[303],"product_tag":[],"class_list":{"0":"post-30268","1":"product","2":"type-product","3":"status-publish","4":"has-post-thumbnail","6":"product_brand-explore-climbing","7":"product_cat-allenamento","9":"first","10":"outofstock","11":"sale","12":"taxable","13":"shipping-taxable","14":"purchasable","15":"product-type-simple"},"acf":[],"yoast_head":"<!-- This site is optimized with the Yoast SEO plugin v26.4 - https:\/\/yoast.com\/wordpress\/plugins\/seo\/ -->\n<title>Explore Climbing XC Tsaranoro trave arrampicata in legno - Sestogrado<\/title>\n<meta name=\"description\" content=\"L&#039;Explore Climbing XC Tsaranoro \u00e8 un trave da arrampicata in legno che viene agganciato ad un unico punto fisso, tramite il cordino in dotazione. Il XC Tsaranoro ha un profilo arrotondato nella parte alta, ideale per scaldarsi e per effettuare trazioni ed \u00e8 dotato di tre serie di prese orizzontali a profondit\u00e0 variabile, da 15mm, 25mm e 40mm per qualsiasi intensit\u00e0 di allenamento.Il cordino regolabile da 6mm consente di variare l&#039;inclinazione del trave per conferire maggiore severit\u00e0 all&#039;allenamento.\" \/>\n<meta name=\"robots\" content=\"index, follow, max-snippet:-1, max-image-preview:large, max-video-preview:-1\" \/>\n<link rel=\"canonical\" href=\"https:\/\/www.sestogrado.it\/it\/prodotto\/explore-climbing-xc-tsaranoro-trave-arrampicata-in-legno\/\" \/>\n<meta property=\"og:locale\" content=\"it_IT\" \/>\n<meta property=\"og:type\" content=\"article\" \/>\n<meta property=\"og:title\" content=\"Explore Climbing XC Tsaranoro trave arrampicata in legno - Sestogrado\" \/>\n<meta property=\"og:description\" content=\"L&#039;Explore Climbing XC Tsaranoro \u00e8 un trave da arrampicata in legno che viene agganciato ad un unico punto fisso, tramite il cordino in dotazione. Il XC Tsaranoro ha un profilo arrotondato nella parte alta, ideale per scaldarsi e per effettuare trazioni ed \u00e8 dotato di tre serie di prese orizzontali a profondit\u00e0 variabile, da 15mm, 25mm e 40mm per qualsiasi intensit\u00e0 di allenamento.Il cordino regolabile da 6mm consente di variare l&#039;inclinazione del trave per conferire maggiore severit\u00e0 all&#039;allenamento.\" \/>\n<meta property=\"og:url\" content=\"https:\/\/www.sestogrado.it\/it\/prodotto\/explore-climbing-xc-tsaranoro-trave-arrampicata-in-legno\/\" \/>\n<meta property=\"og:site_name\" content=\"Sestogrado\" \/>\n<meta property=\"article:publisher\" content=\"https:\/\/www.facebook.com\/pages\/Sestogrado\/1542635979353017?ref=bookmarks\" \/>\n<meta property=\"article:modified_time\" content=\"2023-01-02T18:14:20+00:00\" \/>\n<meta property=\"og:image\" content=\"https:\/\/www.sestogrado.it\/wp-content\/uploads\/2020\/03\/01-11.jpg\" \/>\n\t<meta property=\"og:image:width\" content=\"1200\" \/>\n\t<meta property=\"og:image:height\" content=\"1200\" \/>\n\t<meta property=\"og:image:type\" content=\"image\/jpeg\" \/>\n<meta name=\"twitter:label1\" content=\"Prezzo\" \/>\n\t<meta name=\"twitter:data1\" content=\"&euro;&nbsp;75,00\" \/>\n\t<meta name=\"twitter:label2\" content=\"Disponibilit\u00e0\" \/>\n\t<meta name=\"twitter:data2\" content=\"Esaurito\" \/>\n<script type=\"application\/ld+json\" class=\"yoast-schema-graph\">{\"@context\":\"https:\/\/schema.org\",\"@graph\":[{\"@type\":\"WebPage\",\"@id\":\"https:\/\/www.sestogrado.it\/it\/prodotto\/explore-climbing-xc-tsaranoro-trave-arrampicata-in-legno\/\",\"url\":\"https:\/\/www.sestogrado.it\/it\/prodotto\/explore-climbing-xc-tsaranoro-trave-arrampicata-in-legno\/\",\"name\":\"Explore Climbing XC Tsaranoro trave arrampicata in legno - Sestogrado\",\"isPartOf\":{\"@id\":\"https:\/\/www.sestogrado.it\/it\/#website\"},\"primaryImageOfPage\":{\"@id\":\"https:\/\/www.sestogrado.it\/it\/prodotto\/explore-climbing-xc-tsaranoro-trave-arrampicata-in-legno\/#primaryimage\"},\"image\":{\"@id\":\"https:\/\/www.sestogrado.it\/prodotto\/explore-climbing-xc-tsaranoro-trave-arrampicata-in-legno\/#primaryimage\"},\"thumbnailUrl\":\"https:\/\/www.sestogrado.it\/wp-content\/uploads\/2020\/03\/01-11.jpg\",\"datePublished\":\"2020-04-03T08:55:37+00:00\",\"dateModified\":\"2023-01-02T18:14:20+00:00\",\"description\":\"L'Explore Climbing XC Tsaranoro \u00e8 un trave da arrampicata in legno che viene agganciato ad un unico punto fisso, tramite il cordino in dotazione. Il XC Tsaranoro ha un profilo arrotondato nella parte alta, ideale per scaldarsi e per effettuare trazioni ed \u00e8 dotato di tre serie di prese orizzontali a profondit\u00e0 variabile, da 15mm, 25mm e 40mm per qualsiasi intensit\u00e0 di allenamento.Il cordino regolabile da 6mm consente di variare l'inclinazione del trave per conferire maggiore severit\u00e0 all'allenamento.\",\"breadcrumb\":{\"@id\":\"https:\/\/www.sestogrado.it\/it\/prodotto\/explore-climbing-xc-tsaranoro-trave-arrampicata-in-legno\/#breadcrumb\"},\"inLanguage\":\"it-IT\",\"potentialAction\":[{\"@type\":\"ReadAction\",\"target\":[[\"https:\/\/www.sestogrado.it\/it\/prodotto\/explore-climbing-xc-tsaranoro-trave-arrampicata-in-legno\/\"]]}]},{\"@type\":\"ImageObject\",\"inLanguage\":\"it-IT\",\"@id\":\"https:\/\/www.sestogrado.it\/it\/prodotto\/explore-climbing-xc-tsaranoro-trave-arrampicata-in-legno\/#primaryimage\",\"url\":\"https:\/\/www.sestogrado.it\/wp-content\/uploads\/2020\/03\/01-11.jpg\",\"contentUrl\":\"https:\/\/www.sestogrado.it\/wp-content\/uploads\/2020\/03\/01-11.jpg\",\"width\":1200,\"height\":1200,\"caption\":\"tsaranoro\"},{\"@type\":\"BreadcrumbList\",\"@id\":\"https:\/\/www.sestogrado.it\/it\/prodotto\/explore-climbing-xc-tsaranoro-trave-arrampicata-in-legno\/#breadcrumb\",\"itemListElement\":[{\"@type\":\"ListItem\",\"position\":1,\"name\":\"Home\",\"item\":\"https:\/\/www.sestogrado.it\/it\/\"},{\"@type\":\"ListItem\",\"position\":2,\"name\":\"Shop\",\"item\":\"https:\/\/www.sestogrado.it\/it\/shop\/\"},{\"@type\":\"ListItem\",\"position\":3,\"name\":\"Explore Climbing XC Tsaranoro trave arrampicata in legno\"}]},{\"@type\":\"WebSite\",\"@id\":\"https:\/\/www.sestogrado.it\/it\/#website\",\"url\":\"https:\/\/www.sestogrado.it\/it\/\",\"name\":\"Sestogrado\",\"description\":\"yes we climb\",\"publisher\":{\"@id\":\"https:\/\/www.sestogrado.it\/it\/#organization\"},\"potentialAction\":[{\"@type\":\"SearchAction\",\"target\":{\"@type\":\"EntryPoint\",\"urlTemplate\":\"https:\/\/www.sestogrado.it\/it\/?s={search_term_string}\"},\"query-input\":{\"@type\":\"PropertyValueSpecification\",\"valueRequired\":true,\"valueName\":\"search_term_string\"}}],\"inLanguage\":\"it-IT\"},{\"@type\":\"Organization\",\"@id\":\"https:\/\/www.sestogrado.it\/it\/#organization\",\"name\":\"Sestogrado\",\"url\":\"https:\/\/www.sestogrado.it\/it\/\",\"logo\":{\"@type\":\"ImageObject\",\"inLanguage\":\"it-IT\",\"@id\":\"https:\/\/www.sestogrado.it\/it\/#\/schema\/logo\/image\/\",\"url\":\"https:\/\/www.sestogrado.it\/wp-content\/uploads\/2015\/03\/sestogrado-favicon.png\",\"contentUrl\":\"https:\/\/www.sestogrado.it\/wp-content\/uploads\/2015\/03\/sestogrado-favicon.png\",\"width\":260,\"height\":260,\"caption\":\"Sestogrado\"},\"image\":{\"@id\":\"https:\/\/www.sestogrado.it\/it\/#\/schema\/logo\/image\/\"},\"sameAs\":[\"https:\/\/www.facebook.com\/pages\/Sestogrado\/1542635979353017?ref=bookmarks\",\"https:\/\/www.youtube.com\/channel\/UC847kAfTkaJsWpc1jtQwr3Q\"],\"hasMerchantReturnPolicy\":{\"@type\":\"MerchantReturnPolicy\",\"merchantReturnLink\":\"https:\/\/www.sestogrado.it\/it\/termini-e-condizioni\/\"}}]}<\/script>\n<meta property=\"product:brand\" content=\"Explore Climbing\" \/>\n<meta property=\"product:price:amount\" content=\"75.00\" \/>\n<meta property=\"product:price:currency\" content=\"EUR\" \/>\n<meta property=\"og:availability\" content=\"out of stock\" \/>\n<meta property=\"product:availability\" content=\"out of stock\" \/>\n<meta property=\"product:condition\" content=\"new\" \/>\n<!-- \/ Yoast SEO plugin. -->","yoast_head_json":{"title":"Explore Climbing XC Tsaranoro trave arrampicata in legno - Sestogrado","description":"L'Explore Climbing XC Tsaranoro \u00e8 un trave da arrampicata in legno che viene agganciato ad un unico punto fisso, tramite il cordino in dotazione. Il XC Tsaranoro ha un profilo arrotondato nella parte alta, ideale per scaldarsi e per effettuare trazioni ed \u00e8 dotato di tre serie di prese orizzontali a profondit\u00e0 variabile, da 15mm, 25mm e 40mm per qualsiasi intensit\u00e0 di allenamento.Il cordino regolabile da 6mm consente di variare l'inclinazione del trave per conferire maggiore severit\u00e0 all'allenamento.","robots":{"index":"index","follow":"follow","max-snippet":"max-snippet:-1","max-image-preview":"max-image-preview:large","max-video-preview":"max-video-preview:-1"},"canonical":"https:\/\/www.sestogrado.it\/it\/prodotto\/explore-climbing-xc-tsaranoro-trave-arrampicata-in-legno\/","og_locale":"it_IT","og_type":"article","og_title":"Explore Climbing XC Tsaranoro trave arrampicata in legno - Sestogrado","og_description":"L'Explore Climbing XC Tsaranoro \u00e8 un trave da arrampicata in legno che viene agganciato ad un unico punto fisso, tramite il cordino in dotazione. Il XC Tsaranoro ha un profilo arrotondato nella parte alta, ideale per scaldarsi e per effettuare trazioni ed \u00e8 dotato di tre serie di prese orizzontali a profondit\u00e0 variabile, da 15mm, 25mm e 40mm per qualsiasi intensit\u00e0 di allenamento.Il cordino regolabile da 6mm consente di variare l'inclinazione del trave per conferire maggiore severit\u00e0 all'allenamento.","og_url":"https:\/\/www.sestogrado.it\/it\/prodotto\/explore-climbing-xc-tsaranoro-trave-arrampicata-in-legno\/","og_site_name":"Sestogrado","article_publisher":"https:\/\/www.facebook.com\/pages\/Sestogrado\/1542635979353017?ref=bookmarks","article_modified_time":"2023-01-02T18:14:20+00:00","og_image":[{"width":1200,"height":1200,"url":"https:\/\/www.sestogrado.it\/wp-content\/uploads\/2020\/03\/01-11.jpg","type":"image\/jpeg"}],"twitter_misc":{"Prezzo":"&euro;&nbsp;75,00","Disponibilit\u00e0":"Esaurito"},"schema":{"@context":"https:\/\/schema.org","@graph":[{"@type":"WebPage","@id":"https:\/\/www.sestogrado.it\/it\/prodotto\/explore-climbing-xc-tsaranoro-trave-arrampicata-in-legno\/","url":"https:\/\/www.sestogrado.it\/it\/prodotto\/explore-climbing-xc-tsaranoro-trave-arrampicata-in-legno\/","name":"Explore Climbing XC Tsaranoro trave arrampicata in legno - Sestogrado","isPartOf":{"@id":"https:\/\/www.sestogrado.it\/it\/#website"},"primaryImageOfPage":{"@id":"https:\/\/www.sestogrado.it\/it\/prodotto\/explore-climbing-xc-tsaranoro-trave-arrampicata-in-legno\/#primaryimage"},"image":{"@id":"https:\/\/www.sestogrado.it\/prodotto\/explore-climbing-xc-tsaranoro-trave-arrampicata-in-legno\/#primaryimage"},"thumbnailUrl":"https:\/\/www.sestogrado.it\/wp-content\/uploads\/2020\/03\/01-11.jpg","datePublished":"2020-04-03T08:55:37+00:00","dateModified":"2023-01-02T18:14:20+00:00","description":"L'Explore Climbing XC Tsaranoro \u00e8 un trave da arrampicata in legno che viene agganciato ad un unico punto fisso, tramite il cordino in dotazione. Il XC Tsaranoro ha un profilo arrotondato nella parte alta, ideale per scaldarsi e per effettuare trazioni ed \u00e8 dotato di tre serie di prese orizzontali a profondit\u00e0 variabile, da 15mm, 25mm e 40mm per qualsiasi intensit\u00e0 di allenamento.Il cordino regolabile da 6mm consente di variare l'inclinazione del trave per conferire maggiore severit\u00e0 all'allenamento.","breadcrumb":{"@id":"https:\/\/www.sestogrado.it\/it\/prodotto\/explore-climbing-xc-tsaranoro-trave-arrampicata-in-legno\/#breadcrumb"},"inLanguage":"it-IT","potentialAction":[{"@type":"ReadAction","target":[["https:\/\/www.sestogrado.it\/it\/prodotto\/explore-climbing-xc-tsaranoro-trave-arrampicata-in-legno\/"]]}]},{"@type":"ImageObject","inLanguage":"it-IT","@id":"https:\/\/www.sestogrado.it\/it\/prodotto\/explore-climbing-xc-tsaranoro-trave-arrampicata-in-legno\/#primaryimage","url":"https:\/\/www.sestogrado.it\/wp-content\/uploads\/2020\/03\/01-11.jpg","contentUrl":"https:\/\/www.sestogrado.it\/wp-content\/uploads\/2020\/03\/01-11.jpg","width":1200,"height":1200,"caption":"tsaranoro"},{"@type":"BreadcrumbList","@id":"https:\/\/www.sestogrado.it\/it\/prodotto\/explore-climbing-xc-tsaranoro-trave-arrampicata-in-legno\/#breadcrumb","itemListElement":[{"@type":"ListItem","position":1,"name":"Home","item":"https:\/\/www.sestogrado.it\/it\/"},{"@type":"ListItem","position":2,"name":"Shop","item":"https:\/\/www.sestogrado.it\/it\/shop\/"},{"@type":"ListItem","position":3,"name":"Explore Climbing XC Tsaranoro trave arrampicata in legno"}]},{"@type":"WebSite","@id":"https:\/\/www.sestogrado.it\/it\/#website","url":"https:\/\/www.sestogrado.it\/it\/","name":"Sestogrado","description":"yes we climb","publisher":{"@id":"https:\/\/www.sestogrado.it\/it\/#organization"},"potentialAction":[{"@type":"SearchAction","target":{"@type":"EntryPoint","urlTemplate":"https:\/\/www.sestogrado.it\/it\/?s={search_term_string}"},"query-input":{"@type":"PropertyValueSpecification","valueRequired":true,"valueName":"search_term_string"}}],"inLanguage":"it-IT"},{"@type":"Organization","@id":"https:\/\/www.sestogrado.it\/it\/#organization","name":"Sestogrado","url":"https:\/\/www.sestogrado.it\/it\/","logo":{"@type":"ImageObject","inLanguage":"it-IT","@id":"https:\/\/www.sestogrado.it\/it\/#\/schema\/logo\/image\/","url":"https:\/\/www.sestogrado.it\/wp-content\/uploads\/2015\/03\/sestogrado-favicon.png","contentUrl":"https:\/\/www.sestogrado.it\/wp-content\/uploads\/2015\/03\/sestogrado-favicon.png","width":260,"height":260,"caption":"Sestogrado"},"image":{"@id":"https:\/\/www.sestogrado.it\/it\/#\/schema\/logo\/image\/"},"sameAs":["https:\/\/www.facebook.com\/pages\/Sestogrado\/1542635979353017?ref=bookmarks","https:\/\/www.youtube.com\/channel\/UC847kAfTkaJsWpc1jtQwr3Q"],"hasMerchantReturnPolicy":{"@type":"MerchantReturnPolicy","merchantReturnLink":"https:\/\/www.sestogrado.it\/it\/termini-e-condizioni\/"}}]},"product_brand":"Explore Climbing","product_price_amount":"75.00","product_price_currency":"EUR","og_availability":"out of stock","product_availability":"out of stock","product_condition":"new"},"_links":{"self":[{"href":"https:\/\/www.sestogrado.it\/it\/wp-json\/wp\/v2\/product\/30268","targetHints":{"allow":["GET"]}}],"collection":[{"href":"https:\/\/www.sestogrado.it\/it\/wp-json\/wp\/v2\/product"}],"about":[{"href":"https:\/\/www.sestogrado.it\/it\/wp-json\/wp\/v2\/types\/product"}],"replies":[{"embeddable":true,"href":"https:\/\/www.sestogrado.it\/it\/wp-json\/wp\/v2\/comments?post=30268"}],"wp:featuredmedia":[{"embeddable":true,"href":"https:\/\/www.sestogrado.it\/it\/wp-json\/wp\/v2\/media\/30492"}],"wp:attachment":[{"href":"https:\/\/www.sestogrado.it\/it\/wp-json\/wp\/v2\/media?parent=30268"}],"wp:term":[{"taxonomy":"product_brand","embeddable":true,"href":"https:\/\/www.sestogrado.it\/it\/wp-json\/wp\/v2\/product_brand?post=30268"},{"taxonomy":"product_cat","embeddable":true,"href":"https:\/\/www.sestogrado.it\/it\/wp-json\/wp\/v2\/product_cat?post=30268"},{"taxonomy":"product_tag","embeddable":true,"href":"https:\/\/www.sestogrado.it\/it\/wp-json\/wp\/v2\/product_tag?post=30268"}],"curies":[{"name":"wp","href":"https:\/\/api.w.org\/{rel}","templated":true}]}}