{"id":30107,"date":"2020-04-02T09:48:59","date_gmt":"2020-04-02T07:48:59","guid":{"rendered":"https:\/\/www.sestogrado.it\/?post_type=product&#038;p=30107"},"modified":"2026-04-11T19:53:39","modified_gmt":"2026-04-11T17:53:39","slug":"black-diamond-momentum-4s-imbrago-arrampicata","status":"publish","type":"product","link":"https:\/\/www.sestogrado.it\/it\/prodotto\/black-diamond-momentum-4s-imbrago-arrampicata\/","title":{"rendered":"Black Diamond Momentum 4S imbrago arrampicata"},"content":{"rendered":"<p>Il Black Diamond 4S \u00e8 l&#8217;imbrago della linea Momentum di BD nella versione a 4 fibbie. Particolarmente versatile e destinato ad un utilizzo all around, per qualsiasi attivit\u00e0, il Black Diamond 4S fornisce la massima regolabilit\u00e0 in funzione della propria taglia. Due fibbie a regolazione rapida sulla cintura ventrale ed una per ogni cosciale forniscono facilit\u00e0 e rapidit\u00e0 di regolazione e rendono il Momentum 4S un imbrago 4 stagioni, utilizzabile per svariate attivit\u00e0 dal climbing in falesia, all&#8217;indoor, alle ferrate, all&#8217;alpinismo. La cintura ventrale dal profilo alto nella parte posteriore risulta particolarmente comoda per le lunghe sessioni in parete.<\/p>\n<ul>\n<li>due fibbie a regolazione rapida sulla cintura ventrale ed una per ogni cosciale, consentono massima regolabilit\u00e0<\/li>\n<li>alta cintura ventrale con costruzione Dual Core\u2122 fornisce elevato confort<\/li>\n<li>4 portamateriali pressofusi<\/li>\n<li>fettucce elasticizzate posteriori regolabili ed apribili<\/li>\n<li>disponibili in due taglia XS\/M e L\/XL<\/li>\n<\/ul>\n<p>La costruzione Dual Core\u2122 combina un design leggero e compatto con una ultra-confortevole ripartizione dell&#8217;area lombare di carico. Consiste in una cintura OpenAir che utilizza due fettucce separate sulla parte esterna ed un inserto nella parte centrale per conferire massima traspirabilit\u00e0. Cosciali costruiti da un\u00a0unico spezzone di nylon a tutta larghezza, ad alta resistenza, conferiscono sostegno totale e comfort per lunghe soste in parete.<\/p>\n<p><img decoding=\"async\" class=\"size-full wp-image-10220 aligncenter\" src=\"https:\/\/www.sestogrado.it\/wp-content\/uploads\/2015\/07\/tech-highlight_S15_dual-core.png\" alt=\"momentum ds\" width=\"450\" height=\"274\" srcset=\"https:\/\/www.sestogrado.it\/wp-content\/uploads\/2015\/07\/tech-highlight_S15_dual-core.png 450w, https:\/\/www.sestogrado.it\/wp-content\/uploads\/2015\/07\/tech-highlight_S15_dual-core-300x183.png 300w, https:\/\/www.sestogrado.it\/wp-content\/uploads\/2015\/07\/tech-highlight_S15_dual-core-105x64.png 105w\" sizes=\"(max-width: 450px) 100vw, 450px\" \/><\/p>\n<p>&nbsp;<\/p>\n<p>Il Black Diamond 4S \u00e8 un imbrago quattro stagioni, polivalente e comodo per ogni tipo di utilizzo.<\/p>\n<p>&nbsp;<\/p>\n<p>Black Diamond dal 1957 rappresenta un punto di riferimento mondiale per l&#8217;attrezzatura da arrampicata. Ci\u00f2 che all&#8217;inizio era una attivit\u00e0 artigianale con incudine e martello oggi si \u00e8 trasformata in una societ\u00e0 globale con uffici in tre continenti. Il segreto di Black Diamond \u00e8 sempre lo stesso: essere una societ\u00e0 formata da appassionati climber. In Black Diamond si continua a sognare su ci\u00f2 che potrebbe essere e si continua ad essere critici su ci\u00f2 che esiste. E&#8217; cos\u00ec che il processo creativo per la realizzazione della migliore attrezzatura da arrampicata non avr\u00e0 mai fine.<\/p>\n","protected":false},"excerpt":{"rendered":"<p>Il Black Diamond 4S \u00e8 l&#8217;imbrago della linea Momentum di BD nella versione a 4 fibbie. Particolarmente versatile e destinato [&hellip;]<\/p>\n","protected":false},"featured_media":30110,"comment_status":"open","ping_status":"closed","template":"","meta":{"_acf_changed":false},"product_brand":[121],"product_cat":[182,183],"product_tag":[],"class_list":{"0":"post-30107","1":"product","2":"type-product","3":"status-publish","4":"has-post-thumbnail","6":"product_brand-black-diamond","7":"product_cat-sportivi","8":"product_cat-alpinismo","10":"first","11":"instock","12":"sale","13":"taxable","14":"shipping-taxable","15":"purchasable","16":"product-type-variable"},"acf":[],"yoast_head":"<!-- This site is optimized with the Yoast SEO plugin v26.4 - https:\/\/yoast.com\/wordpress\/plugins\/seo\/ -->\n<title>Black Diamond Momentum 4S imbrago arrampicata - Sestogrado<\/title>\n<meta name=\"description\" content=\"Il Black Diamond 4S \u00e8 il nuovo imbrago della linea Momentum di BD nella versione a 4 fibbie. Particolarmente versatile e destinato ad un utilizzo all around, per qualsiasi attivit\u00e0, il Black Diamond 4S fornisce la massima regolabilit\u00e0 in funzione della propria taglia. Due fibbie a regolazione rapida sulla cintura ventrale ed una per ogni cosciale forniscono facilit\u00e0 e rapidit\u00e0 di regolazione e rendono il Momentum 4S un imbrago 4 stagioni, utilizzabile per svariate attivit\u00e0 dal climbing in falesia, all&#039;indoor, alle ferrate, all&#039;alpinismo. La cintura ventrale dal profilo alto nella parte posteriore risulta particolarmente comoda per le lunghe sessioni in parete.\" \/>\n<meta name=\"robots\" content=\"index, follow, max-snippet:-1, max-image-preview:large, max-video-preview:-1\" \/>\n<link rel=\"canonical\" href=\"https:\/\/www.sestogrado.it\/it\/prodotto\/black-diamond-momentum-4s-imbrago-arrampicata\/\" \/>\n<meta property=\"og:locale\" content=\"it_IT\" \/>\n<meta property=\"og:type\" content=\"article\" \/>\n<meta property=\"og:title\" content=\"Black Diamond Momentum 4S imbrago arrampicata - Sestogrado\" \/>\n<meta property=\"og:description\" content=\"Il Black Diamond 4S \u00e8 il nuovo imbrago della linea Momentum di BD nella versione a 4 fibbie. Particolarmente versatile e destinato ad un utilizzo all around, per qualsiasi attivit\u00e0, il Black Diamond 4S fornisce la massima regolabilit\u00e0 in funzione della propria taglia. Due fibbie a regolazione rapida sulla cintura ventrale ed una per ogni cosciale forniscono facilit\u00e0 e rapidit\u00e0 di regolazione e rendono il Momentum 4S un imbrago 4 stagioni, utilizzabile per svariate attivit\u00e0 dal climbing in falesia, all&#039;indoor, alle ferrate, all&#039;alpinismo. La cintura ventrale dal profilo alto nella parte posteriore risulta particolarmente comoda per le lunghe sessioni in parete.\" \/>\n<meta property=\"og:url\" content=\"https:\/\/www.sestogrado.it\/it\/prodotto\/black-diamond-momentum-4s-imbrago-arrampicata\/\" \/>\n<meta property=\"og:site_name\" content=\"Sestogrado\" \/>\n<meta property=\"article:publisher\" content=\"https:\/\/www.facebook.com\/pages\/Sestogrado\/1542635979353017?ref=bookmarks\" \/>\n<meta property=\"article:modified_time\" content=\"2026-04-11T17:53:39+00:00\" \/>\n<meta property=\"og:image\" content=\"https:\/\/www.sestogrado.it\/wp-content\/uploads\/2020\/03\/01-10.jpg\" \/>\n\t<meta property=\"og:image:width\" content=\"1200\" \/>\n\t<meta property=\"og:image:height\" content=\"1200\" \/>\n\t<meta property=\"og:image:type\" content=\"image\/jpeg\" \/>\n<meta name=\"twitter:label1\" content=\"Disponibilit\u00e0\" \/>\n\t<meta name=\"twitter:data1\" content=\"In stock\" \/>\n<script type=\"application\/ld+json\" class=\"yoast-schema-graph\">{\"@context\":\"https:\/\/schema.org\",\"@graph\":[{\"@type\":\"WebPage\",\"@id\":\"https:\/\/www.sestogrado.it\/it\/prodotto\/black-diamond-momentum-4s-imbrago-arrampicata\/\",\"url\":\"https:\/\/www.sestogrado.it\/it\/prodotto\/black-diamond-momentum-4s-imbrago-arrampicata\/\",\"name\":\"Black Diamond Momentum 4S imbrago arrampicata - Sestogrado\",\"isPartOf\":{\"@id\":\"https:\/\/www.sestogrado.it\/it\/#website\"},\"primaryImageOfPage\":{\"@id\":\"https:\/\/www.sestogrado.it\/it\/prodotto\/black-diamond-momentum-4s-imbrago-arrampicata\/#primaryimage\"},\"image\":{\"@id\":\"https:\/\/www.sestogrado.it\/prodotto\/black-diamond-momentum-4s-imbrago-arrampicata\/#primaryimage\"},\"thumbnailUrl\":\"https:\/\/www.sestogrado.it\/wp-content\/uploads\/2020\/03\/01-10.jpg\",\"datePublished\":\"2020-04-02T07:48:59+00:00\",\"dateModified\":\"2026-04-11T17:53:39+00:00\",\"description\":\"Il Black Diamond 4S \u00e8 il nuovo imbrago della linea Momentum di BD nella versione a 4 fibbie. Particolarmente versatile e destinato ad un utilizzo all around, per qualsiasi attivit\u00e0, il Black Diamond 4S fornisce la massima regolabilit\u00e0 in funzione della propria taglia. Due fibbie a regolazione rapida sulla cintura ventrale ed una per ogni cosciale forniscono facilit\u00e0 e rapidit\u00e0 di regolazione e rendono il Momentum 4S un imbrago 4 stagioni, utilizzabile per svariate attivit\u00e0 dal climbing in falesia, all'indoor, alle ferrate, all'alpinismo. La cintura ventrale dal profilo alto nella parte posteriore risulta particolarmente comoda per le lunghe sessioni in parete.\",\"breadcrumb\":{\"@id\":\"https:\/\/www.sestogrado.it\/it\/prodotto\/black-diamond-momentum-4s-imbrago-arrampicata\/#breadcrumb\"},\"inLanguage\":\"it-IT\",\"potentialAction\":[{\"@type\":\"ReadAction\",\"target\":[[\"https:\/\/www.sestogrado.it\/it\/prodotto\/black-diamond-momentum-4s-imbrago-arrampicata\/\"]]}]},{\"@type\":\"ImageObject\",\"inLanguage\":\"it-IT\",\"@id\":\"https:\/\/www.sestogrado.it\/it\/prodotto\/black-diamond-momentum-4s-imbrago-arrampicata\/#primaryimage\",\"url\":\"https:\/\/www.sestogrado.it\/wp-content\/uploads\/2020\/03\/01-10.jpg\",\"contentUrl\":\"https:\/\/www.sestogrado.it\/wp-content\/uploads\/2020\/03\/01-10.jpg\",\"width\":1200,\"height\":1200,\"caption\":\"momentum 4s\"},{\"@type\":\"BreadcrumbList\",\"@id\":\"https:\/\/www.sestogrado.it\/it\/prodotto\/black-diamond-momentum-4s-imbrago-arrampicata\/#breadcrumb\",\"itemListElement\":[{\"@type\":\"ListItem\",\"position\":1,\"name\":\"Home\",\"item\":\"https:\/\/www.sestogrado.it\/it\/\"},{\"@type\":\"ListItem\",\"position\":2,\"name\":\"Shop\",\"item\":\"https:\/\/www.sestogrado.it\/it\/shop\/\"},{\"@type\":\"ListItem\",\"position\":3,\"name\":\"Black Diamond Momentum 4S imbrago arrampicata\"}]},{\"@type\":\"WebSite\",\"@id\":\"https:\/\/www.sestogrado.it\/it\/#website\",\"url\":\"https:\/\/www.sestogrado.it\/it\/\",\"name\":\"Sestogrado\",\"description\":\"yes we climb\",\"publisher\":{\"@id\":\"https:\/\/www.sestogrado.it\/it\/#organization\"},\"potentialAction\":[{\"@type\":\"SearchAction\",\"target\":{\"@type\":\"EntryPoint\",\"urlTemplate\":\"https:\/\/www.sestogrado.it\/it\/?s={search_term_string}\"},\"query-input\":{\"@type\":\"PropertyValueSpecification\",\"valueRequired\":true,\"valueName\":\"search_term_string\"}}],\"inLanguage\":\"it-IT\"},{\"@type\":\"Organization\",\"@id\":\"https:\/\/www.sestogrado.it\/it\/#organization\",\"name\":\"Sestogrado\",\"url\":\"https:\/\/www.sestogrado.it\/it\/\",\"logo\":{\"@type\":\"ImageObject\",\"inLanguage\":\"it-IT\",\"@id\":\"https:\/\/www.sestogrado.it\/it\/#\/schema\/logo\/image\/\",\"url\":\"https:\/\/www.sestogrado.it\/wp-content\/uploads\/2015\/03\/sestogrado-favicon.png\",\"contentUrl\":\"https:\/\/www.sestogrado.it\/wp-content\/uploads\/2015\/03\/sestogrado-favicon.png\",\"width\":260,\"height\":260,\"caption\":\"Sestogrado\"},\"image\":{\"@id\":\"https:\/\/www.sestogrado.it\/it\/#\/schema\/logo\/image\/\"},\"sameAs\":[\"https:\/\/www.facebook.com\/pages\/Sestogrado\/1542635979353017?ref=bookmarks\",\"https:\/\/www.youtube.com\/channel\/UC847kAfTkaJsWpc1jtQwr3Q\"],\"hasMerchantReturnPolicy\":{\"@type\":\"MerchantReturnPolicy\",\"merchantReturnLink\":\"https:\/\/www.sestogrado.it\/it\/termini-e-condizioni\/\"}}]}<\/script>\n<meta property=\"product:brand\" content=\"Black Diamond\" \/>\n<meta property=\"og:availability\" content=\"instock\" \/>\n<meta property=\"product:availability\" content=\"instock\" \/>\n<meta property=\"product:condition\" content=\"new\" \/>\n<!-- \/ Yoast SEO plugin. -->","yoast_head_json":{"title":"Black Diamond Momentum 4S imbrago arrampicata - Sestogrado","description":"Il Black Diamond 4S \u00e8 il nuovo imbrago della linea Momentum di BD nella versione a 4 fibbie. Particolarmente versatile e destinato ad un utilizzo all around, per qualsiasi attivit\u00e0, il Black Diamond 4S fornisce la massima regolabilit\u00e0 in funzione della propria taglia. Due fibbie a regolazione rapida sulla cintura ventrale ed una per ogni cosciale forniscono facilit\u00e0 e rapidit\u00e0 di regolazione e rendono il Momentum 4S un imbrago 4 stagioni, utilizzabile per svariate attivit\u00e0 dal climbing in falesia, all'indoor, alle ferrate, all'alpinismo. La cintura ventrale dal profilo alto nella parte posteriore risulta particolarmente comoda per le lunghe sessioni in parete.","robots":{"index":"index","follow":"follow","max-snippet":"max-snippet:-1","max-image-preview":"max-image-preview:large","max-video-preview":"max-video-preview:-1"},"canonical":"https:\/\/www.sestogrado.it\/it\/prodotto\/black-diamond-momentum-4s-imbrago-arrampicata\/","og_locale":"it_IT","og_type":"article","og_title":"Black Diamond Momentum 4S imbrago arrampicata - Sestogrado","og_description":"Il Black Diamond 4S \u00e8 il nuovo imbrago della linea Momentum di BD nella versione a 4 fibbie. Particolarmente versatile e destinato ad un utilizzo all around, per qualsiasi attivit\u00e0, il Black Diamond 4S fornisce la massima regolabilit\u00e0 in funzione della propria taglia. Due fibbie a regolazione rapida sulla cintura ventrale ed una per ogni cosciale forniscono facilit\u00e0 e rapidit\u00e0 di regolazione e rendono il Momentum 4S un imbrago 4 stagioni, utilizzabile per svariate attivit\u00e0 dal climbing in falesia, all'indoor, alle ferrate, all'alpinismo. La cintura ventrale dal profilo alto nella parte posteriore risulta particolarmente comoda per le lunghe sessioni in parete.","og_url":"https:\/\/www.sestogrado.it\/it\/prodotto\/black-diamond-momentum-4s-imbrago-arrampicata\/","og_site_name":"Sestogrado","article_publisher":"https:\/\/www.facebook.com\/pages\/Sestogrado\/1542635979353017?ref=bookmarks","article_modified_time":"2026-04-11T17:53:39+00:00","og_image":[{"width":1200,"height":1200,"url":"https:\/\/www.sestogrado.it\/wp-content\/uploads\/2020\/03\/01-10.jpg","type":"image\/jpeg"}],"twitter_misc":{"Disponibilit\u00e0":"In stock"},"schema":{"@context":"https:\/\/schema.org","@graph":[{"@type":"WebPage","@id":"https:\/\/www.sestogrado.it\/it\/prodotto\/black-diamond-momentum-4s-imbrago-arrampicata\/","url":"https:\/\/www.sestogrado.it\/it\/prodotto\/black-diamond-momentum-4s-imbrago-arrampicata\/","name":"Black Diamond Momentum 4S imbrago arrampicata - Sestogrado","isPartOf":{"@id":"https:\/\/www.sestogrado.it\/it\/#website"},"primaryImageOfPage":{"@id":"https:\/\/www.sestogrado.it\/it\/prodotto\/black-diamond-momentum-4s-imbrago-arrampicata\/#primaryimage"},"image":{"@id":"https:\/\/www.sestogrado.it\/prodotto\/black-diamond-momentum-4s-imbrago-arrampicata\/#primaryimage"},"thumbnailUrl":"https:\/\/www.sestogrado.it\/wp-content\/uploads\/2020\/03\/01-10.jpg","datePublished":"2020-04-02T07:48:59+00:00","dateModified":"2026-04-11T17:53:39+00:00","description":"Il Black Diamond 4S \u00e8 il nuovo imbrago della linea Momentum di BD nella versione a 4 fibbie. Particolarmente versatile e destinato ad un utilizzo all around, per qualsiasi attivit\u00e0, il Black Diamond 4S fornisce la massima regolabilit\u00e0 in funzione della propria taglia. Due fibbie a regolazione rapida sulla cintura ventrale ed una per ogni cosciale forniscono facilit\u00e0 e rapidit\u00e0 di regolazione e rendono il Momentum 4S un imbrago 4 stagioni, utilizzabile per svariate attivit\u00e0 dal climbing in falesia, all'indoor, alle ferrate, all'alpinismo. La cintura ventrale dal profilo alto nella parte posteriore risulta particolarmente comoda per le lunghe sessioni in parete.","breadcrumb":{"@id":"https:\/\/www.sestogrado.it\/it\/prodotto\/black-diamond-momentum-4s-imbrago-arrampicata\/#breadcrumb"},"inLanguage":"it-IT","potentialAction":[{"@type":"ReadAction","target":[["https:\/\/www.sestogrado.it\/it\/prodotto\/black-diamond-momentum-4s-imbrago-arrampicata\/"]]}]},{"@type":"ImageObject","inLanguage":"it-IT","@id":"https:\/\/www.sestogrado.it\/it\/prodotto\/black-diamond-momentum-4s-imbrago-arrampicata\/#primaryimage","url":"https:\/\/www.sestogrado.it\/wp-content\/uploads\/2020\/03\/01-10.jpg","contentUrl":"https:\/\/www.sestogrado.it\/wp-content\/uploads\/2020\/03\/01-10.jpg","width":1200,"height":1200,"caption":"momentum 4s"},{"@type":"BreadcrumbList","@id":"https:\/\/www.sestogrado.it\/it\/prodotto\/black-diamond-momentum-4s-imbrago-arrampicata\/#breadcrumb","itemListElement":[{"@type":"ListItem","position":1,"name":"Home","item":"https:\/\/www.sestogrado.it\/it\/"},{"@type":"ListItem","position":2,"name":"Shop","item":"https:\/\/www.sestogrado.it\/it\/shop\/"},{"@type":"ListItem","position":3,"name":"Black Diamond Momentum 4S imbrago arrampicata"}]},{"@type":"WebSite","@id":"https:\/\/www.sestogrado.it\/it\/#website","url":"https:\/\/www.sestogrado.it\/it\/","name":"Sestogrado","description":"yes we climb","publisher":{"@id":"https:\/\/www.sestogrado.it\/it\/#organization"},"potentialAction":[{"@type":"SearchAction","target":{"@type":"EntryPoint","urlTemplate":"https:\/\/www.sestogrado.it\/it\/?s={search_term_string}"},"query-input":{"@type":"PropertyValueSpecification","valueRequired":true,"valueName":"search_term_string"}}],"inLanguage":"it-IT"},{"@type":"Organization","@id":"https:\/\/www.sestogrado.it\/it\/#organization","name":"Sestogrado","url":"https:\/\/www.sestogrado.it\/it\/","logo":{"@type":"ImageObject","inLanguage":"it-IT","@id":"https:\/\/www.sestogrado.it\/it\/#\/schema\/logo\/image\/","url":"https:\/\/www.sestogrado.it\/wp-content\/uploads\/2015\/03\/sestogrado-favicon.png","contentUrl":"https:\/\/www.sestogrado.it\/wp-content\/uploads\/2015\/03\/sestogrado-favicon.png","width":260,"height":260,"caption":"Sestogrado"},"image":{"@id":"https:\/\/www.sestogrado.it\/it\/#\/schema\/logo\/image\/"},"sameAs":["https:\/\/www.facebook.com\/pages\/Sestogrado\/1542635979353017?ref=bookmarks","https:\/\/www.youtube.com\/channel\/UC847kAfTkaJsWpc1jtQwr3Q"],"hasMerchantReturnPolicy":{"@type":"MerchantReturnPolicy","merchantReturnLink":"https:\/\/www.sestogrado.it\/it\/termini-e-condizioni\/"}}]},"product_brand":"Black Diamond","og_availability":"instock","product_availability":"instock","product_condition":"new"},"_links":{"self":[{"href":"https:\/\/www.sestogrado.it\/it\/wp-json\/wp\/v2\/product\/30107","targetHints":{"allow":["GET"]}}],"collection":[{"href":"https:\/\/www.sestogrado.it\/it\/wp-json\/wp\/v2\/product"}],"about":[{"href":"https:\/\/www.sestogrado.it\/it\/wp-json\/wp\/v2\/types\/product"}],"replies":[{"embeddable":true,"href":"https:\/\/www.sestogrado.it\/it\/wp-json\/wp\/v2\/comments?post=30107"}],"wp:featuredmedia":[{"embeddable":true,"href":"https:\/\/www.sestogrado.it\/it\/wp-json\/wp\/v2\/media\/30110"}],"wp:attachment":[{"href":"https:\/\/www.sestogrado.it\/it\/wp-json\/wp\/v2\/media?parent=30107"}],"wp:term":[{"taxonomy":"product_brand","embeddable":true,"href":"https:\/\/www.sestogrado.it\/it\/wp-json\/wp\/v2\/product_brand?post=30107"},{"taxonomy":"product_cat","embeddable":true,"href":"https:\/\/www.sestogrado.it\/it\/wp-json\/wp\/v2\/product_cat?post=30107"},{"taxonomy":"product_tag","embeddable":true,"href":"https:\/\/www.sestogrado.it\/it\/wp-json\/wp\/v2\/product_tag?post=30107"}],"curies":[{"name":"wp","href":"https:\/\/api.w.org\/{rel}","templated":true}]}}