{"id":2993,"date":"2015-10-19T10:41:29","date_gmt":"2015-10-19T08:41:29","guid":{"rendered":"http:\/\/www.sestogrado.it\/?post_type=product&#038;p=2993"},"modified":"2024-11-30T00:32:33","modified_gmt":"2024-11-29T23:32:33","slug":"petzl-gradistep-staffa-a-5-scalini","status":"publish","type":"product","link":"https:\/\/www.sestogrado.it\/it\/prodotto\/petzl-gradistep-staffa-a-5-scalini\/","title":{"rendered":"Petzl Gradistep staffa a 5 scalini"},"content":{"rendered":"<p>Il PETZL GRADISTEP \u00e8 una staffa a 5 scalini per passaggi in artificiale nelle vie di libera.<\/p>\n<p>E&#8217; la pi\u00f9 leggera staffa che c&#8217;\u00e8 in commercio ed \u00e8 ottima sia per le vie di roccia sia per le salite in stile alpino in cui si desirea viaggiare leggeri. La pi\u00f9 bella caratteristica \u00e8 la piccola custodia moschettonabile in cui si richiude la staffa.<\/p>\n<ul>\n<li>Custodia di sistemazione moschettonabile all&#8217;imbracatura.<\/li>\n<li>Montata con una STRING per mantenere il moschettone in posizione e proteggere la fettuccia dall&#8217;abrasione.<\/li>\n<\/ul>\n<p><\/p>","protected":false},"excerpt":{"rendered":"<p>Il PETZL GRADISTEP \u00e8 una staffa a 5 scalini per passaggi in artificiale nelle vie di libera. E&#8217; la pi\u00f9 [&hellip;]<\/p>\n","protected":false},"featured_media":2994,"comment_status":"open","ping_status":"closed","template":"","meta":{"_acf_changed":false},"product_brand":[50],"product_cat":[141,512],"product_tag":[],"class_list":{"0":"post-2993","1":"product","2":"type-product","3":"status-publish","4":"has-post-thumbnail","6":"product_brand-petzl","7":"product_cat-accessori-accessori","8":"product_cat-discensori-e-bloccanti","10":"first","11":"instock","12":"sale","13":"taxable","14":"shipping-taxable","15":"purchasable","16":"product-type-simple"},"acf":[],"yoast_head":"<!-- This site is optimized with the Yoast SEO plugin v26.4 - https:\/\/yoast.com\/wordpress\/plugins\/seo\/ -->\n<title>Petzl Gradistep staffa a 5 scalini - Sestogrado<\/title>\n<meta name=\"description\" content=\"Il PETZL GRADISTEP \u00e8 una staffa a 5 scalini per passaggi in artificiale nelle vie di libera. Petzl gradistep staffa arrampicata artificiale da Sestogrado.\" \/>\n<meta name=\"robots\" content=\"index, follow, max-snippet:-1, max-image-preview:large, max-video-preview:-1\" \/>\n<link rel=\"canonical\" href=\"https:\/\/www.sestogrado.it\/it\/prodotto\/petzl-gradistep-staffa-a-5-scalini\/\" \/>\n<meta property=\"og:locale\" content=\"it_IT\" \/>\n<meta property=\"og:type\" content=\"article\" \/>\n<meta property=\"og:title\" content=\"Petzl Gradistep staffa a 5 scalini - Sestogrado\" \/>\n<meta property=\"og:description\" content=\"Il PETZL GRADISTEP \u00e8 una staffa a 5 scalini per passaggi in artificiale nelle vie di libera. Petzl gradistep staffa arrampicata artificiale da Sestogrado.\" \/>\n<meta property=\"og:url\" content=\"https:\/\/www.sestogrado.it\/it\/prodotto\/petzl-gradistep-staffa-a-5-scalini\/\" \/>\n<meta property=\"og:site_name\" content=\"Sestogrado\" \/>\n<meta property=\"article:publisher\" content=\"https:\/\/www.facebook.com\/pages\/Sestogrado\/1542635979353017?ref=bookmarks\" \/>\n<meta property=\"article:modified_time\" content=\"2024-11-29T23:32:33+00:00\" \/>\n<meta property=\"og:image\" content=\"https:\/\/www.sestogrado.it\/wp-content\/uploads\/2015\/10\/gradi.jpg\" \/>\n\t<meta property=\"og:image:width\" content=\"720\" \/>\n\t<meta property=\"og:image:height\" content=\"960\" \/>\n\t<meta property=\"og:image:type\" content=\"image\/jpeg\" \/>\n<meta name=\"twitter:label1\" content=\"Prezzo\" \/>\n\t<meta name=\"twitter:data1\" content=\"&euro;&nbsp;37,00\" \/>\n\t<meta name=\"twitter:label2\" content=\"Disponibilit\u00e0\" \/>\n\t<meta name=\"twitter:data2\" content=\"In stock\" \/>\n<script type=\"application\/ld+json\" class=\"yoast-schema-graph\">{\"@context\":\"https:\/\/schema.org\",\"@graph\":[{\"@type\":\"WebPage\",\"@id\":\"https:\/\/www.sestogrado.it\/it\/prodotto\/petzl-gradistep-staffa-a-5-scalini\/\",\"url\":\"https:\/\/www.sestogrado.it\/it\/prodotto\/petzl-gradistep-staffa-a-5-scalini\/\",\"name\":\"Petzl Gradistep staffa a 5 scalini - Sestogrado\",\"isPartOf\":{\"@id\":\"https:\/\/www.sestogrado.it\/it\/#website\"},\"primaryImageOfPage\":{\"@id\":\"https:\/\/www.sestogrado.it\/it\/prodotto\/petzl-gradistep-staffa-a-5-scalini\/#primaryimage\"},\"image\":{\"@id\":\"https:\/\/www.sestogrado.it\/prodotto\/petzl-gradistep-staffa-a-5-scalini\/#primaryimage\"},\"thumbnailUrl\":\"https:\/\/www.sestogrado.it\/wp-content\/uploads\/2015\/10\/gradi.jpg\",\"datePublished\":\"2015-10-19T08:41:29+00:00\",\"dateModified\":\"2024-11-29T23:32:33+00:00\",\"description\":\"Il PETZL GRADISTEP \u00e8 una staffa a 5 scalini per passaggi in artificiale nelle vie di libera. Petzl gradistep staffa arrampicata artificiale da Sestogrado.\",\"breadcrumb\":{\"@id\":\"https:\/\/www.sestogrado.it\/it\/prodotto\/petzl-gradistep-staffa-a-5-scalini\/#breadcrumb\"},\"inLanguage\":\"it-IT\",\"potentialAction\":[{\"@type\":\"ReadAction\",\"target\":[[\"https:\/\/www.sestogrado.it\/it\/prodotto\/petzl-gradistep-staffa-a-5-scalini\/\"]]}]},{\"@type\":\"ImageObject\",\"inLanguage\":\"it-IT\",\"@id\":\"https:\/\/www.sestogrado.it\/it\/prodotto\/petzl-gradistep-staffa-a-5-scalini\/#primaryimage\",\"url\":\"https:\/\/www.sestogrado.it\/wp-content\/uploads\/2015\/10\/gradi.jpg\",\"contentUrl\":\"https:\/\/www.sestogrado.it\/wp-content\/uploads\/2015\/10\/gradi.jpg\",\"width\":720,\"height\":960,\"caption\":\"petzl gradistep\"},{\"@type\":\"BreadcrumbList\",\"@id\":\"https:\/\/www.sestogrado.it\/it\/prodotto\/petzl-gradistep-staffa-a-5-scalini\/#breadcrumb\",\"itemListElement\":[{\"@type\":\"ListItem\",\"position\":1,\"name\":\"Home\",\"item\":\"https:\/\/www.sestogrado.it\/it\/\"},{\"@type\":\"ListItem\",\"position\":2,\"name\":\"Shop\",\"item\":\"https:\/\/www.sestogrado.it\/it\/shop\/\"},{\"@type\":\"ListItem\",\"position\":3,\"name\":\"Petzl Gradistep staffa a 5 scalini\"}]},{\"@type\":\"WebSite\",\"@id\":\"https:\/\/www.sestogrado.it\/it\/#website\",\"url\":\"https:\/\/www.sestogrado.it\/it\/\",\"name\":\"Sestogrado\",\"description\":\"yes we climb\",\"publisher\":{\"@id\":\"https:\/\/www.sestogrado.it\/it\/#organization\"},\"potentialAction\":[{\"@type\":\"SearchAction\",\"target\":{\"@type\":\"EntryPoint\",\"urlTemplate\":\"https:\/\/www.sestogrado.it\/it\/?s={search_term_string}\"},\"query-input\":{\"@type\":\"PropertyValueSpecification\",\"valueRequired\":true,\"valueName\":\"search_term_string\"}}],\"inLanguage\":\"it-IT\"},{\"@type\":\"Organization\",\"@id\":\"https:\/\/www.sestogrado.it\/it\/#organization\",\"name\":\"Sestogrado\",\"url\":\"https:\/\/www.sestogrado.it\/it\/\",\"logo\":{\"@type\":\"ImageObject\",\"inLanguage\":\"it-IT\",\"@id\":\"https:\/\/www.sestogrado.it\/it\/#\/schema\/logo\/image\/\",\"url\":\"https:\/\/www.sestogrado.it\/wp-content\/uploads\/2015\/03\/sestogrado-favicon.png\",\"contentUrl\":\"https:\/\/www.sestogrado.it\/wp-content\/uploads\/2015\/03\/sestogrado-favicon.png\",\"width\":260,\"height\":260,\"caption\":\"Sestogrado\"},\"image\":{\"@id\":\"https:\/\/www.sestogrado.it\/it\/#\/schema\/logo\/image\/\"},\"sameAs\":[\"https:\/\/www.facebook.com\/pages\/Sestogrado\/1542635979353017?ref=bookmarks\",\"https:\/\/www.youtube.com\/channel\/UC847kAfTkaJsWpc1jtQwr3Q\"],\"hasMerchantReturnPolicy\":{\"@type\":\"MerchantReturnPolicy\",\"merchantReturnLink\":\"https:\/\/www.sestogrado.it\/it\/termini-e-condizioni\/\"}}]}<\/script>\n<meta property=\"product:brand\" content=\"Petzl\" \/>\n<meta property=\"product:price:amount\" content=\"37.00\" \/>\n<meta property=\"product:price:currency\" content=\"EUR\" \/>\n<meta property=\"og:availability\" content=\"instock\" \/>\n<meta property=\"product:availability\" content=\"instock\" \/>\n<meta property=\"product:condition\" content=\"new\" \/>\n<!-- \/ Yoast SEO plugin. -->","yoast_head_json":{"title":"Petzl Gradistep staffa a 5 scalini - Sestogrado","description":"Il PETZL GRADISTEP \u00e8 una staffa a 5 scalini per passaggi in artificiale nelle vie di libera. Petzl gradistep staffa arrampicata artificiale da Sestogrado.","robots":{"index":"index","follow":"follow","max-snippet":"max-snippet:-1","max-image-preview":"max-image-preview:large","max-video-preview":"max-video-preview:-1"},"canonical":"https:\/\/www.sestogrado.it\/it\/prodotto\/petzl-gradistep-staffa-a-5-scalini\/","og_locale":"it_IT","og_type":"article","og_title":"Petzl Gradistep staffa a 5 scalini - Sestogrado","og_description":"Il PETZL GRADISTEP \u00e8 una staffa a 5 scalini per passaggi in artificiale nelle vie di libera. Petzl gradistep staffa arrampicata artificiale da Sestogrado.","og_url":"https:\/\/www.sestogrado.it\/it\/prodotto\/petzl-gradistep-staffa-a-5-scalini\/","og_site_name":"Sestogrado","article_publisher":"https:\/\/www.facebook.com\/pages\/Sestogrado\/1542635979353017?ref=bookmarks","article_modified_time":"2024-11-29T23:32:33+00:00","og_image":[{"width":720,"height":960,"url":"https:\/\/www.sestogrado.it\/wp-content\/uploads\/2015\/10\/gradi.jpg","type":"image\/jpeg"}],"twitter_misc":{"Prezzo":"&euro;&nbsp;37,00","Disponibilit\u00e0":"In stock"},"schema":{"@context":"https:\/\/schema.org","@graph":[{"@type":"WebPage","@id":"https:\/\/www.sestogrado.it\/it\/prodotto\/petzl-gradistep-staffa-a-5-scalini\/","url":"https:\/\/www.sestogrado.it\/it\/prodotto\/petzl-gradistep-staffa-a-5-scalini\/","name":"Petzl Gradistep staffa a 5 scalini - Sestogrado","isPartOf":{"@id":"https:\/\/www.sestogrado.it\/it\/#website"},"primaryImageOfPage":{"@id":"https:\/\/www.sestogrado.it\/it\/prodotto\/petzl-gradistep-staffa-a-5-scalini\/#primaryimage"},"image":{"@id":"https:\/\/www.sestogrado.it\/prodotto\/petzl-gradistep-staffa-a-5-scalini\/#primaryimage"},"thumbnailUrl":"https:\/\/www.sestogrado.it\/wp-content\/uploads\/2015\/10\/gradi.jpg","datePublished":"2015-10-19T08:41:29+00:00","dateModified":"2024-11-29T23:32:33+00:00","description":"Il PETZL GRADISTEP \u00e8 una staffa a 5 scalini per passaggi in artificiale nelle vie di libera. Petzl gradistep staffa arrampicata artificiale da Sestogrado.","breadcrumb":{"@id":"https:\/\/www.sestogrado.it\/it\/prodotto\/petzl-gradistep-staffa-a-5-scalini\/#breadcrumb"},"inLanguage":"it-IT","potentialAction":[{"@type":"ReadAction","target":[["https:\/\/www.sestogrado.it\/it\/prodotto\/petzl-gradistep-staffa-a-5-scalini\/"]]}]},{"@type":"ImageObject","inLanguage":"it-IT","@id":"https:\/\/www.sestogrado.it\/it\/prodotto\/petzl-gradistep-staffa-a-5-scalini\/#primaryimage","url":"https:\/\/www.sestogrado.it\/wp-content\/uploads\/2015\/10\/gradi.jpg","contentUrl":"https:\/\/www.sestogrado.it\/wp-content\/uploads\/2015\/10\/gradi.jpg","width":720,"height":960,"caption":"petzl gradistep"},{"@type":"BreadcrumbList","@id":"https:\/\/www.sestogrado.it\/it\/prodotto\/petzl-gradistep-staffa-a-5-scalini\/#breadcrumb","itemListElement":[{"@type":"ListItem","position":1,"name":"Home","item":"https:\/\/www.sestogrado.it\/it\/"},{"@type":"ListItem","position":2,"name":"Shop","item":"https:\/\/www.sestogrado.it\/it\/shop\/"},{"@type":"ListItem","position":3,"name":"Petzl Gradistep staffa a 5 scalini"}]},{"@type":"WebSite","@id":"https:\/\/www.sestogrado.it\/it\/#website","url":"https:\/\/www.sestogrado.it\/it\/","name":"Sestogrado","description":"yes we climb","publisher":{"@id":"https:\/\/www.sestogrado.it\/it\/#organization"},"potentialAction":[{"@type":"SearchAction","target":{"@type":"EntryPoint","urlTemplate":"https:\/\/www.sestogrado.it\/it\/?s={search_term_string}"},"query-input":{"@type":"PropertyValueSpecification","valueRequired":true,"valueName":"search_term_string"}}],"inLanguage":"it-IT"},{"@type":"Organization","@id":"https:\/\/www.sestogrado.it\/it\/#organization","name":"Sestogrado","url":"https:\/\/www.sestogrado.it\/it\/","logo":{"@type":"ImageObject","inLanguage":"it-IT","@id":"https:\/\/www.sestogrado.it\/it\/#\/schema\/logo\/image\/","url":"https:\/\/www.sestogrado.it\/wp-content\/uploads\/2015\/03\/sestogrado-favicon.png","contentUrl":"https:\/\/www.sestogrado.it\/wp-content\/uploads\/2015\/03\/sestogrado-favicon.png","width":260,"height":260,"caption":"Sestogrado"},"image":{"@id":"https:\/\/www.sestogrado.it\/it\/#\/schema\/logo\/image\/"},"sameAs":["https:\/\/www.facebook.com\/pages\/Sestogrado\/1542635979353017?ref=bookmarks","https:\/\/www.youtube.com\/channel\/UC847kAfTkaJsWpc1jtQwr3Q"],"hasMerchantReturnPolicy":{"@type":"MerchantReturnPolicy","merchantReturnLink":"https:\/\/www.sestogrado.it\/it\/termini-e-condizioni\/"}}]},"product_brand":"Petzl","product_price_amount":"37.00","product_price_currency":"EUR","og_availability":"instock","product_availability":"instock","product_condition":"new"},"_links":{"self":[{"href":"https:\/\/www.sestogrado.it\/it\/wp-json\/wp\/v2\/product\/2993","targetHints":{"allow":["GET"]}}],"collection":[{"href":"https:\/\/www.sestogrado.it\/it\/wp-json\/wp\/v2\/product"}],"about":[{"href":"https:\/\/www.sestogrado.it\/it\/wp-json\/wp\/v2\/types\/product"}],"replies":[{"embeddable":true,"href":"https:\/\/www.sestogrado.it\/it\/wp-json\/wp\/v2\/comments?post=2993"}],"wp:featuredmedia":[{"embeddable":true,"href":"https:\/\/www.sestogrado.it\/it\/wp-json\/wp\/v2\/media\/2994"}],"wp:attachment":[{"href":"https:\/\/www.sestogrado.it\/it\/wp-json\/wp\/v2\/media?parent=2993"}],"wp:term":[{"taxonomy":"product_brand","embeddable":true,"href":"https:\/\/www.sestogrado.it\/it\/wp-json\/wp\/v2\/product_brand?post=2993"},{"taxonomy":"product_cat","embeddable":true,"href":"https:\/\/www.sestogrado.it\/it\/wp-json\/wp\/v2\/product_cat?post=2993"},{"taxonomy":"product_tag","embeddable":true,"href":"https:\/\/www.sestogrado.it\/it\/wp-json\/wp\/v2\/product_tag?post=2993"}],"curies":[{"name":"wp","href":"https:\/\/api.w.org\/{rel}","templated":true}]}}