{"id":299,"date":"2015-03-08T21:34:40","date_gmt":"2015-03-08T20:34:40","guid":{"rendered":"http:\/\/www.sestogrado.it\/?post_type=product&#038;p=299"},"modified":"2026-04-02T11:21:36","modified_gmt":"2026-04-02T09:21:36","slug":"camp-orbit-lock-moschettone-a-ghiera","status":"publish","type":"product","link":"https:\/\/www.sestogrado.it\/it\/prodotto\/camp-orbit-lock-moschettone-a-ghiera\/","title":{"rendered":"Camp Orbit Lock moschettone a ghiera"},"content":{"rendered":"<p><\/p>\n<div class=\"font_sito\" align=\"justify\">Il Camp Orbit Lock \u00e8 un moschettone a ghiera con chiusura SphereLock, anti impigliamento, ideale per le soste.<\/div>\n<div class=\"font_sito\" align=\"justify\">E&#8217; un moschettone a D asimmetrica con la parte alta pi\u00f9 ampia\u00a0per consentire una maggiore apertura della leva.<\/div>\n<div class=\"font_sito\" align=\"justify\">Con la leva chiusa tutto il carico si trasmette sulla \u201cspina\u201d del moschettone conferendo una tenuta pi\u00f9 elevata rispetto a\u00a0moschettoni di altra forma.<\/div>\n<ul>\n<li class=\"font_sito\">ampia apertura della leva<\/li>\n<li class=\"font_sito\">elevata tenuta di carico<\/li>\n<li class=\"font_sito\">ideali per realizzazione soste<\/li>\n<li class=\"font_sito\">se usati\u00a0come moschettoni per i rinvii la forma fa mantenere il corretto orientamento del rinvio stesso<\/li>\n<li>leggero e compatto, ideale per gli ancoraggi di sosta e le manovre<\/li>\n<li>ghiera leggera e comoda da azionare<\/li>\n<li>naso sottile con sistema brevettato SphereLock per la massima sicurezza<\/li>\n<li>marchiatura laser di sicurezza che indica se la ghiera \u00e8 aperta o chiusa<\/li>\n<\/ul>\n<div class=\"font_sito\" align=\"justify\">Leggero e con un&#8217;ampio vano per il passaggio delle corde, il Camp Orbit Lock \u00e8 un moschettone all around, pratico e funzionale per numerose situazioni.<\/div>\n<div class=\"font_sito\" align=\"justify\"><\/div>\n<div class=\"font_sito\" align=\"justify\">Passione, lavoro e semplicit\u00e0 sono alcune delle parole chiave che da sempre hanno contraddistinto il modo di essere di C.A.M.P. La passione \u00e8 quella per la montagna e per i prodotti che aiutano a realizzare i sogni ed i progetti di tutti coloro che la frequentano; il lavoro \u00e8 quello tramandato da oltre 115 anni in quattro distinte generazioni succedutesi alla guida dell\u2019azienda e la semplicit\u00e0 \u00e8 quella che contraddistingue un modo di essere e relazionarsi basato sulla seriet\u00e0 e lealt\u00e0.<\/div>\n<div class=\"font_sito\" align=\"justify\"><\/div>\n<p><\/p>","protected":false},"excerpt":{"rendered":"<p>Il Camp Orbit Lock \u00e8 un moschettone a ghiera con chiusura SphereLock, anti impigliamento, ideale per le soste. E&#8217; un [&hellip;]<\/p>\n","protected":false},"featured_media":109043,"comment_status":"open","ping_status":"closed","template":"","meta":{"_acf_changed":false},"product_brand":[31],"product_cat":[17,132],"product_tag":[469],"class_list":{"0":"post-299","1":"product","2":"type-product","3":"status-publish","4":"has-post-thumbnail","6":"product_brand-camp","7":"product_cat-ferramenta","8":"product_cat-moschettoni","9":"product_tag-moschettone-arrampicata","11":"first","12":"instock","13":"sale","14":"taxable","15":"shipping-taxable","16":"purchasable","17":"product-type-variable"},"acf":[],"yoast_head":"<!-- This site is optimized with the Yoast SEO plugin v26.4 - https:\/\/yoast.com\/wordpress\/plugins\/seo\/ -->\n<title>Camp Orbit Lock moschettone a ghiera - Sestogrado<\/title>\n<meta name=\"description\" content=\"Il Camp Orbit Lock \u00e8 un moschettone a ghiera con chiusura SphereLock, anti impigliamento, ideale per le soste.E&#039; un moschettone a D asimmetrica con la parte alta pi\u00f9 ampia\u00a0per consentire una maggiore apertura della leva.Con la leva chiusa tutto il carico si trasmette sulla \u201cspina\u201d del moschettone conferendo una tenuta pi\u00f9 elevata rispetto a\u00a0moschettoni di altra forma.\" \/>\n<meta name=\"robots\" content=\"index, follow, max-snippet:-1, max-image-preview:large, max-video-preview:-1\" \/>\n<link rel=\"canonical\" href=\"https:\/\/www.sestogrado.it\/it\/prodotto\/camp-orbit-lock-moschettone-a-ghiera\/\" \/>\n<meta property=\"og:locale\" content=\"it_IT\" \/>\n<meta property=\"og:type\" content=\"article\" \/>\n<meta property=\"og:title\" content=\"Camp Orbit Lock moschettone a ghiera - Sestogrado\" \/>\n<meta property=\"og:description\" content=\"Il Camp Orbit Lock \u00e8 un moschettone a ghiera con chiusura SphereLock, anti impigliamento, ideale per le soste.E&#039; un moschettone a D asimmetrica con la parte alta pi\u00f9 ampia\u00a0per consentire una maggiore apertura della leva.Con la leva chiusa tutto il carico si trasmette sulla \u201cspina\u201d del moschettone conferendo una tenuta pi\u00f9 elevata rispetto a\u00a0moschettoni di altra forma.\" \/>\n<meta property=\"og:url\" content=\"https:\/\/www.sestogrado.it\/it\/prodotto\/camp-orbit-lock-moschettone-a-ghiera\/\" \/>\n<meta property=\"og:site_name\" content=\"Sestogrado\" \/>\n<meta property=\"article:publisher\" content=\"https:\/\/www.facebook.com\/pages\/Sestogrado\/1542635979353017?ref=bookmarks\" \/>\n<meta property=\"article:modified_time\" content=\"2026-04-02T09:21:36+00:00\" \/>\n<meta property=\"og:image\" content=\"https:\/\/www.sestogrado.it\/wp-content\/uploads\/2015\/03\/292901.jpg\" \/>\n\t<meta property=\"og:image:width\" content=\"1600\" \/>\n\t<meta property=\"og:image:height\" content=\"1600\" \/>\n\t<meta property=\"og:image:type\" content=\"image\/jpeg\" \/>\n<meta name=\"twitter:label1\" content=\"Disponibilit\u00e0\" \/>\n\t<meta name=\"twitter:data1\" content=\"In stock\" \/>\n<script type=\"application\/ld+json\" class=\"yoast-schema-graph\">{\"@context\":\"https:\/\/schema.org\",\"@graph\":[{\"@type\":\"WebPage\",\"@id\":\"https:\/\/www.sestogrado.it\/it\/prodotto\/camp-orbit-lock-moschettone-a-ghiera\/\",\"url\":\"https:\/\/www.sestogrado.it\/it\/prodotto\/camp-orbit-lock-moschettone-a-ghiera\/\",\"name\":\"Camp Orbit Lock moschettone a ghiera - Sestogrado\",\"isPartOf\":{\"@id\":\"https:\/\/www.sestogrado.it\/it\/#website\"},\"primaryImageOfPage\":{\"@id\":\"https:\/\/www.sestogrado.it\/it\/prodotto\/camp-orbit-lock-moschettone-a-ghiera\/#primaryimage\"},\"image\":{\"@id\":\"https:\/\/www.sestogrado.it\/prodotto\/camp-orbit-lock-moschettone-a-ghiera\/#primaryimage\"},\"thumbnailUrl\":\"https:\/\/www.sestogrado.it\/wp-content\/uploads\/2015\/03\/292901.jpg\",\"datePublished\":\"2015-03-08T20:34:40+00:00\",\"dateModified\":\"2026-04-02T09:21:36+00:00\",\"description\":\"Il Camp Orbit Lock \u00e8 un moschettone a ghiera con chiusura SphereLock, anti impigliamento, ideale per le soste.E' un moschettone a D asimmetrica con la parte alta pi\u00f9 ampia\u00a0per consentire una maggiore apertura della leva.Con la leva chiusa tutto il carico si trasmette sulla \u201cspina\u201d del moschettone conferendo una tenuta pi\u00f9 elevata rispetto a\u00a0moschettoni di altra forma.\",\"breadcrumb\":{\"@id\":\"https:\/\/www.sestogrado.it\/it\/prodotto\/camp-orbit-lock-moschettone-a-ghiera\/#breadcrumb\"},\"inLanguage\":\"it-IT\",\"potentialAction\":[{\"@type\":\"ReadAction\",\"target\":[[\"https:\/\/www.sestogrado.it\/it\/prodotto\/camp-orbit-lock-moschettone-a-ghiera\/\"]]}]},{\"@type\":\"ImageObject\",\"inLanguage\":\"it-IT\",\"@id\":\"https:\/\/www.sestogrado.it\/it\/prodotto\/camp-orbit-lock-moschettone-a-ghiera\/#primaryimage\",\"url\":\"https:\/\/www.sestogrado.it\/wp-content\/uploads\/2015\/03\/292901.jpg\",\"contentUrl\":\"https:\/\/www.sestogrado.it\/wp-content\/uploads\/2015\/03\/292901.jpg\",\"width\":1600,\"height\":1600,\"caption\":\"camp orbit lock\"},{\"@type\":\"BreadcrumbList\",\"@id\":\"https:\/\/www.sestogrado.it\/it\/prodotto\/camp-orbit-lock-moschettone-a-ghiera\/#breadcrumb\",\"itemListElement\":[{\"@type\":\"ListItem\",\"position\":1,\"name\":\"Home\",\"item\":\"https:\/\/www.sestogrado.it\/it\/\"},{\"@type\":\"ListItem\",\"position\":2,\"name\":\"Shop\",\"item\":\"https:\/\/www.sestogrado.it\/it\/shop\/\"},{\"@type\":\"ListItem\",\"position\":3,\"name\":\"Camp Orbit Lock moschettone a ghiera\"}]},{\"@type\":\"WebSite\",\"@id\":\"https:\/\/www.sestogrado.it\/it\/#website\",\"url\":\"https:\/\/www.sestogrado.it\/it\/\",\"name\":\"Sestogrado\",\"description\":\"yes we climb\",\"publisher\":{\"@id\":\"https:\/\/www.sestogrado.it\/it\/#organization\"},\"potentialAction\":[{\"@type\":\"SearchAction\",\"target\":{\"@type\":\"EntryPoint\",\"urlTemplate\":\"https:\/\/www.sestogrado.it\/it\/?s={search_term_string}\"},\"query-input\":{\"@type\":\"PropertyValueSpecification\",\"valueRequired\":true,\"valueName\":\"search_term_string\"}}],\"inLanguage\":\"it-IT\"},{\"@type\":\"Organization\",\"@id\":\"https:\/\/www.sestogrado.it\/it\/#organization\",\"name\":\"Sestogrado\",\"url\":\"https:\/\/www.sestogrado.it\/it\/\",\"logo\":{\"@type\":\"ImageObject\",\"inLanguage\":\"it-IT\",\"@id\":\"https:\/\/www.sestogrado.it\/it\/#\/schema\/logo\/image\/\",\"url\":\"https:\/\/www.sestogrado.it\/wp-content\/uploads\/2015\/03\/sestogrado-favicon.png\",\"contentUrl\":\"https:\/\/www.sestogrado.it\/wp-content\/uploads\/2015\/03\/sestogrado-favicon.png\",\"width\":260,\"height\":260,\"caption\":\"Sestogrado\"},\"image\":{\"@id\":\"https:\/\/www.sestogrado.it\/it\/#\/schema\/logo\/image\/\"},\"sameAs\":[\"https:\/\/www.facebook.com\/pages\/Sestogrado\/1542635979353017?ref=bookmarks\",\"https:\/\/www.youtube.com\/channel\/UC847kAfTkaJsWpc1jtQwr3Q\"],\"hasMerchantReturnPolicy\":{\"@type\":\"MerchantReturnPolicy\",\"merchantReturnLink\":\"https:\/\/www.sestogrado.it\/it\/termini-e-condizioni\/\"}}]}<\/script>\n<meta property=\"product:brand\" content=\"Camp\" \/>\n<meta property=\"og:availability\" content=\"instock\" \/>\n<meta property=\"product:availability\" content=\"instock\" \/>\n<meta property=\"product:retailer_item_id\" content=\"126304\" \/>\n<meta property=\"product:condition\" content=\"new\" \/>\n<!-- \/ Yoast SEO plugin. -->","yoast_head_json":{"title":"Camp Orbit Lock moschettone a ghiera - Sestogrado","description":"Il Camp Orbit Lock \u00e8 un moschettone a ghiera con chiusura SphereLock, anti impigliamento, ideale per le soste.E' un moschettone a D asimmetrica con la parte alta pi\u00f9 ampia\u00a0per consentire una maggiore apertura della leva.Con la leva chiusa tutto il carico si trasmette sulla \u201cspina\u201d del moschettone conferendo una tenuta pi\u00f9 elevata rispetto a\u00a0moschettoni di altra forma.","robots":{"index":"index","follow":"follow","max-snippet":"max-snippet:-1","max-image-preview":"max-image-preview:large","max-video-preview":"max-video-preview:-1"},"canonical":"https:\/\/www.sestogrado.it\/it\/prodotto\/camp-orbit-lock-moschettone-a-ghiera\/","og_locale":"it_IT","og_type":"article","og_title":"Camp Orbit Lock moschettone a ghiera - Sestogrado","og_description":"Il Camp Orbit Lock \u00e8 un moschettone a ghiera con chiusura SphereLock, anti impigliamento, ideale per le soste.E' un moschettone a D asimmetrica con la parte alta pi\u00f9 ampia\u00a0per consentire una maggiore apertura della leva.Con la leva chiusa tutto il carico si trasmette sulla \u201cspina\u201d del moschettone conferendo una tenuta pi\u00f9 elevata rispetto a\u00a0moschettoni di altra forma.","og_url":"https:\/\/www.sestogrado.it\/it\/prodotto\/camp-orbit-lock-moschettone-a-ghiera\/","og_site_name":"Sestogrado","article_publisher":"https:\/\/www.facebook.com\/pages\/Sestogrado\/1542635979353017?ref=bookmarks","article_modified_time":"2026-04-02T09:21:36+00:00","og_image":[{"width":1600,"height":1600,"url":"https:\/\/www.sestogrado.it\/wp-content\/uploads\/2015\/03\/292901.jpg","type":"image\/jpeg"}],"twitter_misc":{"Disponibilit\u00e0":"In stock"},"schema":{"@context":"https:\/\/schema.org","@graph":[{"@type":"WebPage","@id":"https:\/\/www.sestogrado.it\/it\/prodotto\/camp-orbit-lock-moschettone-a-ghiera\/","url":"https:\/\/www.sestogrado.it\/it\/prodotto\/camp-orbit-lock-moschettone-a-ghiera\/","name":"Camp Orbit Lock moschettone a ghiera - Sestogrado","isPartOf":{"@id":"https:\/\/www.sestogrado.it\/it\/#website"},"primaryImageOfPage":{"@id":"https:\/\/www.sestogrado.it\/it\/prodotto\/camp-orbit-lock-moschettone-a-ghiera\/#primaryimage"},"image":{"@id":"https:\/\/www.sestogrado.it\/prodotto\/camp-orbit-lock-moschettone-a-ghiera\/#primaryimage"},"thumbnailUrl":"https:\/\/www.sestogrado.it\/wp-content\/uploads\/2015\/03\/292901.jpg","datePublished":"2015-03-08T20:34:40+00:00","dateModified":"2026-04-02T09:21:36+00:00","description":"Il Camp Orbit Lock \u00e8 un moschettone a ghiera con chiusura SphereLock, anti impigliamento, ideale per le soste.E' un moschettone a D asimmetrica con la parte alta pi\u00f9 ampia\u00a0per consentire una maggiore apertura della leva.Con la leva chiusa tutto il carico si trasmette sulla \u201cspina\u201d del moschettone conferendo una tenuta pi\u00f9 elevata rispetto a\u00a0moschettoni di altra forma.","breadcrumb":{"@id":"https:\/\/www.sestogrado.it\/it\/prodotto\/camp-orbit-lock-moschettone-a-ghiera\/#breadcrumb"},"inLanguage":"it-IT","potentialAction":[{"@type":"ReadAction","target":[["https:\/\/www.sestogrado.it\/it\/prodotto\/camp-orbit-lock-moschettone-a-ghiera\/"]]}]},{"@type":"ImageObject","inLanguage":"it-IT","@id":"https:\/\/www.sestogrado.it\/it\/prodotto\/camp-orbit-lock-moschettone-a-ghiera\/#primaryimage","url":"https:\/\/www.sestogrado.it\/wp-content\/uploads\/2015\/03\/292901.jpg","contentUrl":"https:\/\/www.sestogrado.it\/wp-content\/uploads\/2015\/03\/292901.jpg","width":1600,"height":1600,"caption":"camp orbit lock"},{"@type":"BreadcrumbList","@id":"https:\/\/www.sestogrado.it\/it\/prodotto\/camp-orbit-lock-moschettone-a-ghiera\/#breadcrumb","itemListElement":[{"@type":"ListItem","position":1,"name":"Home","item":"https:\/\/www.sestogrado.it\/it\/"},{"@type":"ListItem","position":2,"name":"Shop","item":"https:\/\/www.sestogrado.it\/it\/shop\/"},{"@type":"ListItem","position":3,"name":"Camp Orbit Lock moschettone a ghiera"}]},{"@type":"WebSite","@id":"https:\/\/www.sestogrado.it\/it\/#website","url":"https:\/\/www.sestogrado.it\/it\/","name":"Sestogrado","description":"yes we climb","publisher":{"@id":"https:\/\/www.sestogrado.it\/it\/#organization"},"potentialAction":[{"@type":"SearchAction","target":{"@type":"EntryPoint","urlTemplate":"https:\/\/www.sestogrado.it\/it\/?s={search_term_string}"},"query-input":{"@type":"PropertyValueSpecification","valueRequired":true,"valueName":"search_term_string"}}],"inLanguage":"it-IT"},{"@type":"Organization","@id":"https:\/\/www.sestogrado.it\/it\/#organization","name":"Sestogrado","url":"https:\/\/www.sestogrado.it\/it\/","logo":{"@type":"ImageObject","inLanguage":"it-IT","@id":"https:\/\/www.sestogrado.it\/it\/#\/schema\/logo\/image\/","url":"https:\/\/www.sestogrado.it\/wp-content\/uploads\/2015\/03\/sestogrado-favicon.png","contentUrl":"https:\/\/www.sestogrado.it\/wp-content\/uploads\/2015\/03\/sestogrado-favicon.png","width":260,"height":260,"caption":"Sestogrado"},"image":{"@id":"https:\/\/www.sestogrado.it\/it\/#\/schema\/logo\/image\/"},"sameAs":["https:\/\/www.facebook.com\/pages\/Sestogrado\/1542635979353017?ref=bookmarks","https:\/\/www.youtube.com\/channel\/UC847kAfTkaJsWpc1jtQwr3Q"],"hasMerchantReturnPolicy":{"@type":"MerchantReturnPolicy","merchantReturnLink":"https:\/\/www.sestogrado.it\/it\/termini-e-condizioni\/"}}]},"product_brand":"Camp","og_availability":"instock","product_availability":"instock","product_retailer_item_id":"126304","product_condition":"new"},"_links":{"self":[{"href":"https:\/\/www.sestogrado.it\/it\/wp-json\/wp\/v2\/product\/299","targetHints":{"allow":["GET"]}}],"collection":[{"href":"https:\/\/www.sestogrado.it\/it\/wp-json\/wp\/v2\/product"}],"about":[{"href":"https:\/\/www.sestogrado.it\/it\/wp-json\/wp\/v2\/types\/product"}],"replies":[{"embeddable":true,"href":"https:\/\/www.sestogrado.it\/it\/wp-json\/wp\/v2\/comments?post=299"}],"wp:featuredmedia":[{"embeddable":true,"href":"https:\/\/www.sestogrado.it\/it\/wp-json\/wp\/v2\/media\/109043"}],"wp:attachment":[{"href":"https:\/\/www.sestogrado.it\/it\/wp-json\/wp\/v2\/media?parent=299"}],"wp:term":[{"taxonomy":"product_brand","embeddable":true,"href":"https:\/\/www.sestogrado.it\/it\/wp-json\/wp\/v2\/product_brand?post=299"},{"taxonomy":"product_cat","embeddable":true,"href":"https:\/\/www.sestogrado.it\/it\/wp-json\/wp\/v2\/product_cat?post=299"},{"taxonomy":"product_tag","embeddable":true,"href":"https:\/\/www.sestogrado.it\/it\/wp-json\/wp\/v2\/product_tag?post=299"}],"curies":[{"name":"wp","href":"https:\/\/api.w.org\/{rel}","templated":true}]}}