{"id":29786,"date":"2020-03-19T10:48:40","date_gmt":"2020-03-19T09:48:40","guid":{"rendered":"https:\/\/www.sestogrado.it\/?post_type=product&#038;p=29786"},"modified":"2024-09-27T11:27:18","modified_gmt":"2024-09-27T09:27:18","slug":"spinchboard-solo-hybrid-trave-arrampicata-misto-legno-e-resina","status":"publish","type":"product","link":"https:\/\/www.sestogrado.it\/it\/prodotto\/spinchboard-solo-hybrid-trave-arrampicata-misto-legno-e-resina\/","title":{"rendered":"Spinchboard Solo Hybrid trave arrampicata misto legno e resina"},"content":{"rendered":"<p>Lo Spinchboard Solo Hybrid \u00e8 una trave da arrampicata in legno ed in resina, in grado di offrirti il meglio dei due materiali: sessioni di allenamento su superficie liscia e naturale del legno o su quella ad elevata aderenza della resina.<\/p>\n<p>Come per lo <a href=\"https:\/\/www.sestogrado.it\/it\/prodotto\/spinchboard-solo-trave-arrampicata\/\" target=\"_blank\" rel=\"noopener noreferrer\">Spinchboard Solo<\/a>, anche per l&#8217;Hybrid puoi variare le modalit\u00e0 di allenamento e passare dalla pi\u00f9 facile, modalit\u00e0 riscaldamento, alla pi\u00f9 difficile, modalit\u00e0 hard, e viceversa, semplicemente capovolgendo il trave a 180\u00b0 attraverso il montaggio a due bulloni.<\/p>\n<p>Il trave in resina Spinchboard Solo Hybrid offre grip elevato, prese, buchi, svasi nella parte alta e porta una mini palestra di arrampicata, estremamente compatta, in casa tua.<\/p>\n<p>Le tacche hanno una profondit\u00e0 di 2,5 e 3 cm mentre i bordi hanno uno spessore di 3,5 e 5,5 cm.<\/p>\n<ul>\n<li>possibilit\u00e0 di montare il trave in easy o hard mode<\/li>\n<li>4 tipi di svasi<\/li>\n<li>4 livelli di difficolt\u00e0 per buchi<\/li>\n<li>montaggio a 2 viti o viti tradizionali<\/li>\n<\/ul>\n<p>Il set Spinchboard Solo Hybrid include:<\/p>\n<ul>\n<li>trave Spinchboard Solo Hybrid<\/li>\n<li>2 bulloni M10, 2 dadi a T, 6 viti e 6 tasselli.<\/li>\n<\/ul>\n<p>&nbsp;<\/p>\n<p>Max Climbing \u00e8 un\u2019azienda con sede in Belgio, specializzata nella progettazione e produzione di attrezzatura per l\u2019allenamento all\u2019arrampicata di alta qualit\u00e0, per climbers di ogni livello. Chi l\u2019ha detto che l\u2019allenamento debba essere noioso? L\u2019allenamento pu\u00f2 essere divertente se effettuato con l\u2019attrezzatura giusta e con i metodi giusti. Max Climbing lo fa fornendo insieme ad attrezzatura innovativa, una chiara documentazione sui metodi di allenamento per renderli creativi e stimolanti.<\/p>","protected":false},"excerpt":{"rendered":"<p>Lo Spinchboard Solo Hybrid \u00e8 una trave da arrampicata in legno ed in resina, in grado di offrirti il meglio [&hellip;]<\/p>\n","protected":false},"featured_media":29787,"comment_status":"open","ping_status":"closed","template":"","meta":{"_acf_changed":false},"product_brand":[359],"product_cat":[303],"product_tag":[],"class_list":{"0":"post-29786","1":"product","2":"type-product","3":"status-publish","4":"has-post-thumbnail","6":"product_brand-max-climbing","7":"product_cat-allenamento","9":"first","10":"instock","11":"sale","12":"taxable","13":"shipping-taxable","14":"purchasable","15":"product-type-simple"},"acf":[],"yoast_head":"<!-- This site is optimized with the Yoast SEO plugin v26.4 - https:\/\/yoast.com\/wordpress\/plugins\/seo\/ -->\n<title>Spinchboard Solo Hybrid trave arrampicata misto legno e resina - Sestogrado<\/title>\n<meta name=\"description\" content=\"Lo Spinchboard Solo Hybrid \u00e8 una trave da arrampicata in legno ed in resina, in grado di offrirti il meglio dei due materiali: sessioni di allenamento su superficie liscia e naturale del legno o su quella ad elevata aderenza della resina.Come per lo Spinchboard Solo, anche per l&#039;Hybrid puoi variare le modalit\u00e0 di allenamento e passare dalla pi\u00f9 facile, modalit\u00e0 riscaldamento, alla pi\u00f9 difficile, modalit\u00e0 hard, e viceversa, semplicemente capovolgendo il trave a 180\u00b0 attraverso il montaggio a due bulloni.Il trave in resina Spinchboard Solo Hybrid offre grip elevato, prese, buchi, svasi nella parte alta e porta una mini palestra di arrampicata, estremamente compatta, in casa tua.Le tacche hanno una profondit\u00e0 di 2,5 e 3 cm mentre i bordi hanno uno spessore di 3,5 e 5,5 cm.\" \/>\n<meta name=\"robots\" content=\"index, follow, max-snippet:-1, max-image-preview:large, max-video-preview:-1\" \/>\n<link rel=\"canonical\" href=\"https:\/\/www.sestogrado.it\/it\/prodotto\/spinchboard-solo-hybrid-trave-arrampicata-misto-legno-e-resina\/\" \/>\n<meta property=\"og:locale\" content=\"it_IT\" \/>\n<meta property=\"og:type\" content=\"article\" \/>\n<meta property=\"og:title\" content=\"Spinchboard Solo Hybrid trave arrampicata misto legno e resina - Sestogrado\" \/>\n<meta property=\"og:description\" content=\"Lo Spinchboard Solo Hybrid \u00e8 una trave da arrampicata in legno ed in resina, in grado di offrirti il meglio dei due materiali: sessioni di allenamento su superficie liscia e naturale del legno o su quella ad elevata aderenza della resina.Come per lo Spinchboard Solo, anche per l&#039;Hybrid puoi variare le modalit\u00e0 di allenamento e passare dalla pi\u00f9 facile, modalit\u00e0 riscaldamento, alla pi\u00f9 difficile, modalit\u00e0 hard, e viceversa, semplicemente capovolgendo il trave a 180\u00b0 attraverso il montaggio a due bulloni.Il trave in resina Spinchboard Solo Hybrid offre grip elevato, prese, buchi, svasi nella parte alta e porta una mini palestra di arrampicata, estremamente compatta, in casa tua.Le tacche hanno una profondit\u00e0 di 2,5 e 3 cm mentre i bordi hanno uno spessore di 3,5 e 5,5 cm.\" \/>\n<meta property=\"og:url\" content=\"https:\/\/www.sestogrado.it\/it\/prodotto\/spinchboard-solo-hybrid-trave-arrampicata-misto-legno-e-resina\/\" \/>\n<meta property=\"og:site_name\" content=\"Sestogrado\" \/>\n<meta property=\"article:publisher\" content=\"https:\/\/www.facebook.com\/pages\/Sestogrado\/1542635979353017?ref=bookmarks\" \/>\n<meta property=\"article:modified_time\" content=\"2024-09-27T09:27:18+00:00\" \/>\n<meta property=\"og:image\" content=\"https:\/\/www.sestogrado.it\/wp-content\/uploads\/2020\/03\/max-climbing-spinchboard-solo-hybrid_2.jpg\" \/>\n\t<meta property=\"og:image:width\" content=\"1120\" \/>\n\t<meta property=\"og:image:height\" content=\"1120\" \/>\n\t<meta property=\"og:image:type\" content=\"image\/jpeg\" \/>\n<meta name=\"twitter:label1\" content=\"Prezzo\" \/>\n\t<meta name=\"twitter:data1\" content=\"&euro;&nbsp;89,00\" \/>\n\t<meta name=\"twitter:label2\" content=\"Disponibilit\u00e0\" \/>\n\t<meta name=\"twitter:data2\" content=\"In stock\" \/>\n<script type=\"application\/ld+json\" class=\"yoast-schema-graph\">{\"@context\":\"https:\/\/schema.org\",\"@graph\":[{\"@type\":\"WebPage\",\"@id\":\"https:\/\/www.sestogrado.it\/it\/prodotto\/spinchboard-solo-hybrid-trave-arrampicata-misto-legno-e-resina\/\",\"url\":\"https:\/\/www.sestogrado.it\/it\/prodotto\/spinchboard-solo-hybrid-trave-arrampicata-misto-legno-e-resina\/\",\"name\":\"Spinchboard Solo Hybrid trave arrampicata misto legno e resina - Sestogrado\",\"isPartOf\":{\"@id\":\"https:\/\/www.sestogrado.it\/it\/#website\"},\"primaryImageOfPage\":{\"@id\":\"https:\/\/www.sestogrado.it\/it\/prodotto\/spinchboard-solo-hybrid-trave-arrampicata-misto-legno-e-resina\/#primaryimage\"},\"image\":{\"@id\":\"https:\/\/www.sestogrado.it\/prodotto\/spinchboard-solo-hybrid-trave-arrampicata-misto-legno-e-resina\/#primaryimage\"},\"thumbnailUrl\":\"https:\/\/www.sestogrado.it\/wp-content\/uploads\/2020\/03\/max-climbing-spinchboard-solo-hybrid_2.jpg\",\"datePublished\":\"2020-03-19T09:48:40+00:00\",\"dateModified\":\"2024-09-27T09:27:18+00:00\",\"description\":\"Lo Spinchboard Solo Hybrid \u00e8 una trave da arrampicata in legno ed in resina, in grado di offrirti il meglio dei due materiali: sessioni di allenamento su superficie liscia e naturale del legno o su quella ad elevata aderenza della resina.Come per lo Spinchboard Solo, anche per l'Hybrid puoi variare le modalit\u00e0 di allenamento e passare dalla pi\u00f9 facile, modalit\u00e0 riscaldamento, alla pi\u00f9 difficile, modalit\u00e0 hard, e viceversa, semplicemente capovolgendo il trave a 180\u00b0 attraverso il montaggio a due bulloni.Il trave in resina Spinchboard Solo Hybrid offre grip elevato, prese, buchi, svasi nella parte alta e porta una mini palestra di arrampicata, estremamente compatta, in casa tua.Le tacche hanno una profondit\u00e0 di 2,5 e 3 cm mentre i bordi hanno uno spessore di 3,5 e 5,5 cm.\",\"breadcrumb\":{\"@id\":\"https:\/\/www.sestogrado.it\/it\/prodotto\/spinchboard-solo-hybrid-trave-arrampicata-misto-legno-e-resina\/#breadcrumb\"},\"inLanguage\":\"it-IT\",\"potentialAction\":[{\"@type\":\"ReadAction\",\"target\":[[\"https:\/\/www.sestogrado.it\/it\/prodotto\/spinchboard-solo-hybrid-trave-arrampicata-misto-legno-e-resina\/\"]]}]},{\"@type\":\"ImageObject\",\"inLanguage\":\"it-IT\",\"@id\":\"https:\/\/www.sestogrado.it\/it\/prodotto\/spinchboard-solo-hybrid-trave-arrampicata-misto-legno-e-resina\/#primaryimage\",\"url\":\"https:\/\/www.sestogrado.it\/wp-content\/uploads\/2020\/03\/max-climbing-spinchboard-solo-hybrid_2.jpg\",\"contentUrl\":\"https:\/\/www.sestogrado.it\/wp-content\/uploads\/2020\/03\/max-climbing-spinchboard-solo-hybrid_2.jpg\",\"width\":1120,\"height\":1120,\"caption\":\"spinchboard-solo-hybrid\"},{\"@type\":\"BreadcrumbList\",\"@id\":\"https:\/\/www.sestogrado.it\/it\/prodotto\/spinchboard-solo-hybrid-trave-arrampicata-misto-legno-e-resina\/#breadcrumb\",\"itemListElement\":[{\"@type\":\"ListItem\",\"position\":1,\"name\":\"Home\",\"item\":\"https:\/\/www.sestogrado.it\/it\/\"},{\"@type\":\"ListItem\",\"position\":2,\"name\":\"Shop\",\"item\":\"https:\/\/www.sestogrado.it\/it\/shop\/\"},{\"@type\":\"ListItem\",\"position\":3,\"name\":\"Spinchboard Solo Hybrid trave arrampicata misto legno e resina\"}]},{\"@type\":\"WebSite\",\"@id\":\"https:\/\/www.sestogrado.it\/it\/#website\",\"url\":\"https:\/\/www.sestogrado.it\/it\/\",\"name\":\"Sestogrado\",\"description\":\"yes we climb\",\"publisher\":{\"@id\":\"https:\/\/www.sestogrado.it\/it\/#organization\"},\"potentialAction\":[{\"@type\":\"SearchAction\",\"target\":{\"@type\":\"EntryPoint\",\"urlTemplate\":\"https:\/\/www.sestogrado.it\/it\/?s={search_term_string}\"},\"query-input\":{\"@type\":\"PropertyValueSpecification\",\"valueRequired\":true,\"valueName\":\"search_term_string\"}}],\"inLanguage\":\"it-IT\"},{\"@type\":\"Organization\",\"@id\":\"https:\/\/www.sestogrado.it\/it\/#organization\",\"name\":\"Sestogrado\",\"url\":\"https:\/\/www.sestogrado.it\/it\/\",\"logo\":{\"@type\":\"ImageObject\",\"inLanguage\":\"it-IT\",\"@id\":\"https:\/\/www.sestogrado.it\/it\/#\/schema\/logo\/image\/\",\"url\":\"https:\/\/www.sestogrado.it\/wp-content\/uploads\/2015\/03\/sestogrado-favicon.png\",\"contentUrl\":\"https:\/\/www.sestogrado.it\/wp-content\/uploads\/2015\/03\/sestogrado-favicon.png\",\"width\":260,\"height\":260,\"caption\":\"Sestogrado\"},\"image\":{\"@id\":\"https:\/\/www.sestogrado.it\/it\/#\/schema\/logo\/image\/\"},\"sameAs\":[\"https:\/\/www.facebook.com\/pages\/Sestogrado\/1542635979353017?ref=bookmarks\",\"https:\/\/www.youtube.com\/channel\/UC847kAfTkaJsWpc1jtQwr3Q\"],\"hasMerchantReturnPolicy\":{\"@type\":\"MerchantReturnPolicy\",\"merchantReturnLink\":\"https:\/\/www.sestogrado.it\/it\/termini-e-condizioni\/\"}}]}<\/script>\n<meta property=\"product:brand\" content=\"Max Climbing\" \/>\n<meta property=\"product:price:amount\" content=\"89.00\" \/>\n<meta property=\"product:price:currency\" content=\"EUR\" \/>\n<meta property=\"og:availability\" content=\"instock\" \/>\n<meta property=\"product:availability\" content=\"instock\" \/>\n<meta property=\"product:condition\" content=\"new\" \/>\n<!-- \/ Yoast SEO plugin. -->","yoast_head_json":{"title":"Spinchboard Solo Hybrid trave arrampicata misto legno e resina - Sestogrado","description":"Lo Spinchboard Solo Hybrid \u00e8 una trave da arrampicata in legno ed in resina, in grado di offrirti il meglio dei due materiali: sessioni di allenamento su superficie liscia e naturale del legno o su quella ad elevata aderenza della resina.Come per lo Spinchboard Solo, anche per l'Hybrid puoi variare le modalit\u00e0 di allenamento e passare dalla pi\u00f9 facile, modalit\u00e0 riscaldamento, alla pi\u00f9 difficile, modalit\u00e0 hard, e viceversa, semplicemente capovolgendo il trave a 180\u00b0 attraverso il montaggio a due bulloni.Il trave in resina Spinchboard Solo Hybrid offre grip elevato, prese, buchi, svasi nella parte alta e porta una mini palestra di arrampicata, estremamente compatta, in casa tua.Le tacche hanno una profondit\u00e0 di 2,5 e 3 cm mentre i bordi hanno uno spessore di 3,5 e 5,5 cm.","robots":{"index":"index","follow":"follow","max-snippet":"max-snippet:-1","max-image-preview":"max-image-preview:large","max-video-preview":"max-video-preview:-1"},"canonical":"https:\/\/www.sestogrado.it\/it\/prodotto\/spinchboard-solo-hybrid-trave-arrampicata-misto-legno-e-resina\/","og_locale":"it_IT","og_type":"article","og_title":"Spinchboard Solo Hybrid trave arrampicata misto legno e resina - Sestogrado","og_description":"Lo Spinchboard Solo Hybrid \u00e8 una trave da arrampicata in legno ed in resina, in grado di offrirti il meglio dei due materiali: sessioni di allenamento su superficie liscia e naturale del legno o su quella ad elevata aderenza della resina.Come per lo Spinchboard Solo, anche per l'Hybrid puoi variare le modalit\u00e0 di allenamento e passare dalla pi\u00f9 facile, modalit\u00e0 riscaldamento, alla pi\u00f9 difficile, modalit\u00e0 hard, e viceversa, semplicemente capovolgendo il trave a 180\u00b0 attraverso il montaggio a due bulloni.Il trave in resina Spinchboard Solo Hybrid offre grip elevato, prese, buchi, svasi nella parte alta e porta una mini palestra di arrampicata, estremamente compatta, in casa tua.Le tacche hanno una profondit\u00e0 di 2,5 e 3 cm mentre i bordi hanno uno spessore di 3,5 e 5,5 cm.","og_url":"https:\/\/www.sestogrado.it\/it\/prodotto\/spinchboard-solo-hybrid-trave-arrampicata-misto-legno-e-resina\/","og_site_name":"Sestogrado","article_publisher":"https:\/\/www.facebook.com\/pages\/Sestogrado\/1542635979353017?ref=bookmarks","article_modified_time":"2024-09-27T09:27:18+00:00","og_image":[{"width":1120,"height":1120,"url":"https:\/\/www.sestogrado.it\/wp-content\/uploads\/2020\/03\/max-climbing-spinchboard-solo-hybrid_2.jpg","type":"image\/jpeg"}],"twitter_misc":{"Prezzo":"&euro;&nbsp;89,00","Disponibilit\u00e0":"In stock"},"schema":{"@context":"https:\/\/schema.org","@graph":[{"@type":"WebPage","@id":"https:\/\/www.sestogrado.it\/it\/prodotto\/spinchboard-solo-hybrid-trave-arrampicata-misto-legno-e-resina\/","url":"https:\/\/www.sestogrado.it\/it\/prodotto\/spinchboard-solo-hybrid-trave-arrampicata-misto-legno-e-resina\/","name":"Spinchboard Solo Hybrid trave arrampicata misto legno e resina - Sestogrado","isPartOf":{"@id":"https:\/\/www.sestogrado.it\/it\/#website"},"primaryImageOfPage":{"@id":"https:\/\/www.sestogrado.it\/it\/prodotto\/spinchboard-solo-hybrid-trave-arrampicata-misto-legno-e-resina\/#primaryimage"},"image":{"@id":"https:\/\/www.sestogrado.it\/prodotto\/spinchboard-solo-hybrid-trave-arrampicata-misto-legno-e-resina\/#primaryimage"},"thumbnailUrl":"https:\/\/www.sestogrado.it\/wp-content\/uploads\/2020\/03\/max-climbing-spinchboard-solo-hybrid_2.jpg","datePublished":"2020-03-19T09:48:40+00:00","dateModified":"2024-09-27T09:27:18+00:00","description":"Lo Spinchboard Solo Hybrid \u00e8 una trave da arrampicata in legno ed in resina, in grado di offrirti il meglio dei due materiali: sessioni di allenamento su superficie liscia e naturale del legno o su quella ad elevata aderenza della resina.Come per lo Spinchboard Solo, anche per l'Hybrid puoi variare le modalit\u00e0 di allenamento e passare dalla pi\u00f9 facile, modalit\u00e0 riscaldamento, alla pi\u00f9 difficile, modalit\u00e0 hard, e viceversa, semplicemente capovolgendo il trave a 180\u00b0 attraverso il montaggio a due bulloni.Il trave in resina Spinchboard Solo Hybrid offre grip elevato, prese, buchi, svasi nella parte alta e porta una mini palestra di arrampicata, estremamente compatta, in casa tua.Le tacche hanno una profondit\u00e0 di 2,5 e 3 cm mentre i bordi hanno uno spessore di 3,5 e 5,5 cm.","breadcrumb":{"@id":"https:\/\/www.sestogrado.it\/it\/prodotto\/spinchboard-solo-hybrid-trave-arrampicata-misto-legno-e-resina\/#breadcrumb"},"inLanguage":"it-IT","potentialAction":[{"@type":"ReadAction","target":[["https:\/\/www.sestogrado.it\/it\/prodotto\/spinchboard-solo-hybrid-trave-arrampicata-misto-legno-e-resina\/"]]}]},{"@type":"ImageObject","inLanguage":"it-IT","@id":"https:\/\/www.sestogrado.it\/it\/prodotto\/spinchboard-solo-hybrid-trave-arrampicata-misto-legno-e-resina\/#primaryimage","url":"https:\/\/www.sestogrado.it\/wp-content\/uploads\/2020\/03\/max-climbing-spinchboard-solo-hybrid_2.jpg","contentUrl":"https:\/\/www.sestogrado.it\/wp-content\/uploads\/2020\/03\/max-climbing-spinchboard-solo-hybrid_2.jpg","width":1120,"height":1120,"caption":"spinchboard-solo-hybrid"},{"@type":"BreadcrumbList","@id":"https:\/\/www.sestogrado.it\/it\/prodotto\/spinchboard-solo-hybrid-trave-arrampicata-misto-legno-e-resina\/#breadcrumb","itemListElement":[{"@type":"ListItem","position":1,"name":"Home","item":"https:\/\/www.sestogrado.it\/it\/"},{"@type":"ListItem","position":2,"name":"Shop","item":"https:\/\/www.sestogrado.it\/it\/shop\/"},{"@type":"ListItem","position":3,"name":"Spinchboard Solo Hybrid trave arrampicata misto legno e resina"}]},{"@type":"WebSite","@id":"https:\/\/www.sestogrado.it\/it\/#website","url":"https:\/\/www.sestogrado.it\/it\/","name":"Sestogrado","description":"yes we climb","publisher":{"@id":"https:\/\/www.sestogrado.it\/it\/#organization"},"potentialAction":[{"@type":"SearchAction","target":{"@type":"EntryPoint","urlTemplate":"https:\/\/www.sestogrado.it\/it\/?s={search_term_string}"},"query-input":{"@type":"PropertyValueSpecification","valueRequired":true,"valueName":"search_term_string"}}],"inLanguage":"it-IT"},{"@type":"Organization","@id":"https:\/\/www.sestogrado.it\/it\/#organization","name":"Sestogrado","url":"https:\/\/www.sestogrado.it\/it\/","logo":{"@type":"ImageObject","inLanguage":"it-IT","@id":"https:\/\/www.sestogrado.it\/it\/#\/schema\/logo\/image\/","url":"https:\/\/www.sestogrado.it\/wp-content\/uploads\/2015\/03\/sestogrado-favicon.png","contentUrl":"https:\/\/www.sestogrado.it\/wp-content\/uploads\/2015\/03\/sestogrado-favicon.png","width":260,"height":260,"caption":"Sestogrado"},"image":{"@id":"https:\/\/www.sestogrado.it\/it\/#\/schema\/logo\/image\/"},"sameAs":["https:\/\/www.facebook.com\/pages\/Sestogrado\/1542635979353017?ref=bookmarks","https:\/\/www.youtube.com\/channel\/UC847kAfTkaJsWpc1jtQwr3Q"],"hasMerchantReturnPolicy":{"@type":"MerchantReturnPolicy","merchantReturnLink":"https:\/\/www.sestogrado.it\/it\/termini-e-condizioni\/"}}]},"product_brand":"Max Climbing","product_price_amount":"89.00","product_price_currency":"EUR","og_availability":"instock","product_availability":"instock","product_condition":"new"},"_links":{"self":[{"href":"https:\/\/www.sestogrado.it\/it\/wp-json\/wp\/v2\/product\/29786","targetHints":{"allow":["GET"]}}],"collection":[{"href":"https:\/\/www.sestogrado.it\/it\/wp-json\/wp\/v2\/product"}],"about":[{"href":"https:\/\/www.sestogrado.it\/it\/wp-json\/wp\/v2\/types\/product"}],"replies":[{"embeddable":true,"href":"https:\/\/www.sestogrado.it\/it\/wp-json\/wp\/v2\/comments?post=29786"}],"wp:featuredmedia":[{"embeddable":true,"href":"https:\/\/www.sestogrado.it\/it\/wp-json\/wp\/v2\/media\/29787"}],"wp:attachment":[{"href":"https:\/\/www.sestogrado.it\/it\/wp-json\/wp\/v2\/media?parent=29786"}],"wp:term":[{"taxonomy":"product_brand","embeddable":true,"href":"https:\/\/www.sestogrado.it\/it\/wp-json\/wp\/v2\/product_brand?post=29786"},{"taxonomy":"product_cat","embeddable":true,"href":"https:\/\/www.sestogrado.it\/it\/wp-json\/wp\/v2\/product_cat?post=29786"},{"taxonomy":"product_tag","embeddable":true,"href":"https:\/\/www.sestogrado.it\/it\/wp-json\/wp\/v2\/product_tag?post=29786"}],"curies":[{"name":"wp","href":"https:\/\/api.w.org\/{rel}","templated":true}]}}