{"id":29535,"date":"2020-03-13T14:53:11","date_gmt":"2020-03-13T13:53:11","guid":{"rendered":"https:\/\/www.sestogrado.it\/?post_type=product&#038;p=29535"},"modified":"2025-07-21T13:10:32","modified_gmt":"2025-07-21T11:10:32","slug":"black-diamond-lightweight-softshell-guanti-leggeri-running-trekking","status":"publish","type":"product","link":"https:\/\/www.sestogrado.it\/it\/prodotto\/black-diamond-lightweight-softshell-guanti-leggeri-running-trekking\/","title":{"rendered":"Black Diamond Lightweight Softshell guanti leggeri running trekking"},"content":{"rendered":"<p>I Black Diamond Lightweight Softshell sono dei guanti leggeri, ideali per trekking, running, sci primaverile, hiking ed altre attivit\u00e0 che si svolgono al fresco.<\/p>\n<p>Costruiti in leggero, traspirante e resistente all&#8217;acqua softshell, i Black Diamond Lightweigt Softshell sono dei guanti ideali in medie condizioni. Offrono protezione dinamica, altamente traspirante, per trail running, climbing, escursionismo. Realizzati in materiale touch sui pollici ed indici, consentono di utilizzare dispositivi digitali. I semplici polsini elasticizzati consentono di indossarli e toglierli rapidamente e tengono l&#8217;aria fredda fuori dalla mano.<\/p>\n<ul>\n<li>realizzati in sofshell fabric a 4 strati con trattamento DWR impermeabilizzante<\/li>\n<li>pollici ed indici digitali per utilizzo smartphone<\/li>\n<li>elasticizzati ed altamente traspiranti<\/li>\n<li>logo catarifrangente<\/li>\n<li>range ottimale di utilizzo: 4\/13\u00b0c<\/li>\n<\/ul>\n<p>&nbsp;<\/p>\n<p>I Black Diamond Lightweight Softshell sono guanti utilizzabili per numerose attivit\u00e0. Traspiranti, facilmente compattabili, sono ideali per outdoor sport in climi freschi.<\/p>\n<p>&nbsp;<\/p>\n<p>Per scegliere la taglia misurarsi la circonferenza del palmo, in corrispondenza delle nocche:<\/p>\n<p><img decoding=\"async\" class=\"size-full wp-image-23609 img-fluid alignnone\" src=\"https:\/\/www.sestogrado.it\/wp-content\/uploads\/2019\/10\/mano.png\" alt=\"mano\" width=\"300\" height=\"300\" srcset=\"https:\/\/www.sestogrado.it\/wp-content\/uploads\/2019\/10\/mano.png 300w, https:\/\/www.sestogrado.it\/wp-content\/uploads\/2019\/10\/mano-100x100.png 100w, https:\/\/www.sestogrado.it\/wp-content\/uploads\/2019\/10\/mano-220x220.png 220w, https:\/\/www.sestogrado.it\/wp-content\/uploads\/2019\/10\/mano-150x150.png 150w, https:\/\/www.sestogrado.it\/wp-content\/uploads\/2019\/10\/mano-45x45.png 45w, https:\/\/www.sestogrado.it\/wp-content\/uploads\/2019\/10\/mano-64x64.png 64w, https:\/\/www.sestogrado.it\/wp-content\/uploads\/2019\/10\/mano-80x80.png 80w\" sizes=\"(max-width: 300px) 100vw, 300px\" \/><\/p>\n<p>&nbsp;<\/p>\n<p>&nbsp;<\/p>\n<p>XXS 14.6-15.9cm<\/p>\n<p>XS 18.4-19.7cm<\/p>\n<p>S 19.7-21cm<\/p>\n<p>M 21.5-23cm<\/p>\n<p>L 23-24cm<\/p>\n<p>XL 24-25.4cm<\/p>\n<p>XXL 25.4-26.6cm<\/p>\n<p>Black Diamond dal 1957 rappresenta un punto di riferimento mondiale per l\u2019attrezzatura da arrampicata. Ci\u00f2 che all\u2019inizio era una attivit\u00e0 artigianale con incudine e martello oggi si \u00e8 trasformata in una societ\u00e0 globale con uffici in tre continenti. Il segreto di Black Diamond \u00e8 sempre lo stesso: essere una societ\u00e0 formata da appassionati climber. In Black Diamond si continua a sognare su ci\u00f2 che potrebbe essere e si continua ad essere critici su ci\u00f2 che esiste. E\u2019 cos\u00ec che il processo creativo per la realizzazione della migliore attrezzatura da arrampicata non avr\u00e0 mai fine.<\/p>\n","protected":false},"excerpt":{"rendered":"<p>I Black Diamond Lightweight Softshell sono dei guanti leggeri, ideali per trekking, running, sci primaverile, hiking ed altre attivit\u00e0 che [&hellip;]<\/p>\n","protected":false},"featured_media":29544,"comment_status":"open","ping_status":"closed","template":"","meta":{"_acf_changed":false},"product_brand":[121],"product_cat":[1427],"product_tag":[],"class_list":{"0":"post-29535","1":"product","2":"type-product","3":"status-publish","4":"has-post-thumbnail","6":"product_brand-black-diamond","7":"product_cat-outdoor","9":"first","10":"instock","11":"sale","12":"taxable","13":"shipping-taxable","14":"purchasable","15":"product-type-variable"},"acf":[],"yoast_head":"<!-- This site is optimized with the Yoast SEO plugin v26.4 - https:\/\/yoast.com\/wordpress\/plugins\/seo\/ -->\n<title>Black Diamond Lightweight Softshell guanti leggeri running trekking - Sestogrado<\/title>\n<meta name=\"description\" content=\"I Black Diamond Lightweight Softshell sono dei guanti leggeri, ideali per trekking, running, sci primaverile, hiking ed altre attivit\u00e0 che si svolgono al fresco.Costruiti in leggero, traspirante e resistente all&#039;acqua softshell, i Black Diamond Lightweigt Softshell sono dei guanti ideali in medie condizioni. Offrono protezione dinamica, altamente traspirante, per trail running, climbing, escursionismo. Realizzati in materiale touch sui pollici ed indici, consentono di utilizzare dispositivi digitali. I semplici polsini elasticizzati consentono di indossarli e toglierli rapidamente e tengono l&#039;aria fredda fuori dalla mano.\" \/>\n<meta name=\"robots\" content=\"index, follow, max-snippet:-1, max-image-preview:large, max-video-preview:-1\" \/>\n<link rel=\"canonical\" href=\"https:\/\/www.sestogrado.it\/it\/prodotto\/black-diamond-lightweight-softshell-guanti-leggeri-running-trekking\/\" \/>\n<meta property=\"og:locale\" content=\"it_IT\" \/>\n<meta property=\"og:type\" content=\"article\" \/>\n<meta property=\"og:title\" content=\"Black Diamond Lightweight Softshell guanti leggeri running trekking - Sestogrado\" \/>\n<meta property=\"og:description\" content=\"I Black Diamond Lightweight Softshell sono dei guanti leggeri, ideali per trekking, running, sci primaverile, hiking ed altre attivit\u00e0 che si svolgono al fresco.Costruiti in leggero, traspirante e resistente all&#039;acqua softshell, i Black Diamond Lightweigt Softshell sono dei guanti ideali in medie condizioni. Offrono protezione dinamica, altamente traspirante, per trail running, climbing, escursionismo. Realizzati in materiale touch sui pollici ed indici, consentono di utilizzare dispositivi digitali. I semplici polsini elasticizzati consentono di indossarli e toglierli rapidamente e tengono l&#039;aria fredda fuori dalla mano.\" \/>\n<meta property=\"og:url\" content=\"https:\/\/www.sestogrado.it\/it\/prodotto\/black-diamond-lightweight-softshell-guanti-leggeri-running-trekking\/\" \/>\n<meta property=\"og:site_name\" content=\"Sestogrado\" \/>\n<meta property=\"article:publisher\" content=\"https:\/\/www.facebook.com\/pages\/Sestogrado\/1542635979353017?ref=bookmarks\" \/>\n<meta property=\"article:modified_time\" content=\"2025-07-21T11:10:32+00:00\" \/>\n<meta property=\"og:image\" content=\"https:\/\/www.sestogrado.it\/wp-content\/uploads\/2020\/03\/lightweight.jpg\" \/>\n\t<meta property=\"og:image:width\" content=\"1200\" \/>\n\t<meta property=\"og:image:height\" content=\"1200\" \/>\n\t<meta property=\"og:image:type\" content=\"image\/jpeg\" \/>\n<meta name=\"twitter:label1\" content=\"Disponibilit\u00e0\" \/>\n\t<meta name=\"twitter:data1\" content=\"In stock\" \/>\n<script type=\"application\/ld+json\" class=\"yoast-schema-graph\">{\"@context\":\"https:\/\/schema.org\",\"@graph\":[{\"@type\":\"WebPage\",\"@id\":\"https:\/\/www.sestogrado.it\/it\/prodotto\/black-diamond-lightweight-softshell-guanti-leggeri-running-trekking\/\",\"url\":\"https:\/\/www.sestogrado.it\/it\/prodotto\/black-diamond-lightweight-softshell-guanti-leggeri-running-trekking\/\",\"name\":\"Black Diamond Lightweight Softshell guanti leggeri running trekking - Sestogrado\",\"isPartOf\":{\"@id\":\"https:\/\/www.sestogrado.it\/it\/#website\"},\"primaryImageOfPage\":{\"@id\":\"https:\/\/www.sestogrado.it\/it\/prodotto\/black-diamond-lightweight-softshell-guanti-leggeri-running-trekking\/#primaryimage\"},\"image\":{\"@id\":\"https:\/\/www.sestogrado.it\/prodotto\/black-diamond-lightweight-softshell-guanti-leggeri-running-trekking\/#primaryimage\"},\"thumbnailUrl\":\"https:\/\/www.sestogrado.it\/wp-content\/uploads\/2020\/03\/lightweight.jpg\",\"datePublished\":\"2020-03-13T13:53:11+00:00\",\"dateModified\":\"2025-07-21T11:10:32+00:00\",\"description\":\"I Black Diamond Lightweight Softshell sono dei guanti leggeri, ideali per trekking, running, sci primaverile, hiking ed altre attivit\u00e0 che si svolgono al fresco.Costruiti in leggero, traspirante e resistente all'acqua softshell, i Black Diamond Lightweigt Softshell sono dei guanti ideali in medie condizioni. Offrono protezione dinamica, altamente traspirante, per trail running, climbing, escursionismo. Realizzati in materiale touch sui pollici ed indici, consentono di utilizzare dispositivi digitali. I semplici polsini elasticizzati consentono di indossarli e toglierli rapidamente e tengono l'aria fredda fuori dalla mano.\",\"breadcrumb\":{\"@id\":\"https:\/\/www.sestogrado.it\/it\/prodotto\/black-diamond-lightweight-softshell-guanti-leggeri-running-trekking\/#breadcrumb\"},\"inLanguage\":\"it-IT\",\"potentialAction\":[{\"@type\":\"ReadAction\",\"target\":[[\"https:\/\/www.sestogrado.it\/it\/prodotto\/black-diamond-lightweight-softshell-guanti-leggeri-running-trekking\/\"]]}]},{\"@type\":\"ImageObject\",\"inLanguage\":\"it-IT\",\"@id\":\"https:\/\/www.sestogrado.it\/it\/prodotto\/black-diamond-lightweight-softshell-guanti-leggeri-running-trekking\/#primaryimage\",\"url\":\"https:\/\/www.sestogrado.it\/wp-content\/uploads\/2020\/03\/lightweight.jpg\",\"contentUrl\":\"https:\/\/www.sestogrado.it\/wp-content\/uploads\/2020\/03\/lightweight.jpg\",\"width\":1200,\"height\":1200,\"caption\":\"lightweight softshell\"},{\"@type\":\"BreadcrumbList\",\"@id\":\"https:\/\/www.sestogrado.it\/it\/prodotto\/black-diamond-lightweight-softshell-guanti-leggeri-running-trekking\/#breadcrumb\",\"itemListElement\":[{\"@type\":\"ListItem\",\"position\":1,\"name\":\"Home\",\"item\":\"https:\/\/www.sestogrado.it\/it\/\"},{\"@type\":\"ListItem\",\"position\":2,\"name\":\"Shop\",\"item\":\"https:\/\/www.sestogrado.it\/it\/shop\/\"},{\"@type\":\"ListItem\",\"position\":3,\"name\":\"Black Diamond Lightweight Softshell guanti leggeri running trekking\"}]},{\"@type\":\"WebSite\",\"@id\":\"https:\/\/www.sestogrado.it\/it\/#website\",\"url\":\"https:\/\/www.sestogrado.it\/it\/\",\"name\":\"Sestogrado\",\"description\":\"yes we climb\",\"publisher\":{\"@id\":\"https:\/\/www.sestogrado.it\/it\/#organization\"},\"potentialAction\":[{\"@type\":\"SearchAction\",\"target\":{\"@type\":\"EntryPoint\",\"urlTemplate\":\"https:\/\/www.sestogrado.it\/it\/?s={search_term_string}\"},\"query-input\":{\"@type\":\"PropertyValueSpecification\",\"valueRequired\":true,\"valueName\":\"search_term_string\"}}],\"inLanguage\":\"it-IT\"},{\"@type\":\"Organization\",\"@id\":\"https:\/\/www.sestogrado.it\/it\/#organization\",\"name\":\"Sestogrado\",\"url\":\"https:\/\/www.sestogrado.it\/it\/\",\"logo\":{\"@type\":\"ImageObject\",\"inLanguage\":\"it-IT\",\"@id\":\"https:\/\/www.sestogrado.it\/it\/#\/schema\/logo\/image\/\",\"url\":\"https:\/\/www.sestogrado.it\/wp-content\/uploads\/2015\/03\/sestogrado-favicon.png\",\"contentUrl\":\"https:\/\/www.sestogrado.it\/wp-content\/uploads\/2015\/03\/sestogrado-favicon.png\",\"width\":260,\"height\":260,\"caption\":\"Sestogrado\"},\"image\":{\"@id\":\"https:\/\/www.sestogrado.it\/it\/#\/schema\/logo\/image\/\"},\"sameAs\":[\"https:\/\/www.facebook.com\/pages\/Sestogrado\/1542635979353017?ref=bookmarks\",\"https:\/\/www.youtube.com\/channel\/UC847kAfTkaJsWpc1jtQwr3Q\"],\"hasMerchantReturnPolicy\":{\"@type\":\"MerchantReturnPolicy\",\"merchantReturnLink\":\"https:\/\/www.sestogrado.it\/it\/termini-e-condizioni\/\"}}]}<\/script>\n<meta property=\"product:brand\" content=\"Black Diamond\" \/>\n<meta property=\"og:availability\" content=\"instock\" \/>\n<meta property=\"product:availability\" content=\"instock\" \/>\n<meta property=\"product:condition\" content=\"new\" \/>\n<!-- \/ Yoast SEO plugin. -->","yoast_head_json":{"title":"Black Diamond Lightweight Softshell guanti leggeri running trekking - Sestogrado","description":"I Black Diamond Lightweight Softshell sono dei guanti leggeri, ideali per trekking, running, sci primaverile, hiking ed altre attivit\u00e0 che si svolgono al fresco.Costruiti in leggero, traspirante e resistente all'acqua softshell, i Black Diamond Lightweigt Softshell sono dei guanti ideali in medie condizioni. Offrono protezione dinamica, altamente traspirante, per trail running, climbing, escursionismo. Realizzati in materiale touch sui pollici ed indici, consentono di utilizzare dispositivi digitali. I semplici polsini elasticizzati consentono di indossarli e toglierli rapidamente e tengono l'aria fredda fuori dalla mano.","robots":{"index":"index","follow":"follow","max-snippet":"max-snippet:-1","max-image-preview":"max-image-preview:large","max-video-preview":"max-video-preview:-1"},"canonical":"https:\/\/www.sestogrado.it\/it\/prodotto\/black-diamond-lightweight-softshell-guanti-leggeri-running-trekking\/","og_locale":"it_IT","og_type":"article","og_title":"Black Diamond Lightweight Softshell guanti leggeri running trekking - Sestogrado","og_description":"I Black Diamond Lightweight Softshell sono dei guanti leggeri, ideali per trekking, running, sci primaverile, hiking ed altre attivit\u00e0 che si svolgono al fresco.Costruiti in leggero, traspirante e resistente all'acqua softshell, i Black Diamond Lightweigt Softshell sono dei guanti ideali in medie condizioni. Offrono protezione dinamica, altamente traspirante, per trail running, climbing, escursionismo. Realizzati in materiale touch sui pollici ed indici, consentono di utilizzare dispositivi digitali. I semplici polsini elasticizzati consentono di indossarli e toglierli rapidamente e tengono l'aria fredda fuori dalla mano.","og_url":"https:\/\/www.sestogrado.it\/it\/prodotto\/black-diamond-lightweight-softshell-guanti-leggeri-running-trekking\/","og_site_name":"Sestogrado","article_publisher":"https:\/\/www.facebook.com\/pages\/Sestogrado\/1542635979353017?ref=bookmarks","article_modified_time":"2025-07-21T11:10:32+00:00","og_image":[{"width":1200,"height":1200,"url":"https:\/\/www.sestogrado.it\/wp-content\/uploads\/2020\/03\/lightweight.jpg","type":"image\/jpeg"}],"twitter_misc":{"Disponibilit\u00e0":"In stock"},"schema":{"@context":"https:\/\/schema.org","@graph":[{"@type":"WebPage","@id":"https:\/\/www.sestogrado.it\/it\/prodotto\/black-diamond-lightweight-softshell-guanti-leggeri-running-trekking\/","url":"https:\/\/www.sestogrado.it\/it\/prodotto\/black-diamond-lightweight-softshell-guanti-leggeri-running-trekking\/","name":"Black Diamond Lightweight Softshell guanti leggeri running trekking - Sestogrado","isPartOf":{"@id":"https:\/\/www.sestogrado.it\/it\/#website"},"primaryImageOfPage":{"@id":"https:\/\/www.sestogrado.it\/it\/prodotto\/black-diamond-lightweight-softshell-guanti-leggeri-running-trekking\/#primaryimage"},"image":{"@id":"https:\/\/www.sestogrado.it\/prodotto\/black-diamond-lightweight-softshell-guanti-leggeri-running-trekking\/#primaryimage"},"thumbnailUrl":"https:\/\/www.sestogrado.it\/wp-content\/uploads\/2020\/03\/lightweight.jpg","datePublished":"2020-03-13T13:53:11+00:00","dateModified":"2025-07-21T11:10:32+00:00","description":"I Black Diamond Lightweight Softshell sono dei guanti leggeri, ideali per trekking, running, sci primaverile, hiking ed altre attivit\u00e0 che si svolgono al fresco.Costruiti in leggero, traspirante e resistente all'acqua softshell, i Black Diamond Lightweigt Softshell sono dei guanti ideali in medie condizioni. Offrono protezione dinamica, altamente traspirante, per trail running, climbing, escursionismo. Realizzati in materiale touch sui pollici ed indici, consentono di utilizzare dispositivi digitali. I semplici polsini elasticizzati consentono di indossarli e toglierli rapidamente e tengono l'aria fredda fuori dalla mano.","breadcrumb":{"@id":"https:\/\/www.sestogrado.it\/it\/prodotto\/black-diamond-lightweight-softshell-guanti-leggeri-running-trekking\/#breadcrumb"},"inLanguage":"it-IT","potentialAction":[{"@type":"ReadAction","target":[["https:\/\/www.sestogrado.it\/it\/prodotto\/black-diamond-lightweight-softshell-guanti-leggeri-running-trekking\/"]]}]},{"@type":"ImageObject","inLanguage":"it-IT","@id":"https:\/\/www.sestogrado.it\/it\/prodotto\/black-diamond-lightweight-softshell-guanti-leggeri-running-trekking\/#primaryimage","url":"https:\/\/www.sestogrado.it\/wp-content\/uploads\/2020\/03\/lightweight.jpg","contentUrl":"https:\/\/www.sestogrado.it\/wp-content\/uploads\/2020\/03\/lightweight.jpg","width":1200,"height":1200,"caption":"lightweight softshell"},{"@type":"BreadcrumbList","@id":"https:\/\/www.sestogrado.it\/it\/prodotto\/black-diamond-lightweight-softshell-guanti-leggeri-running-trekking\/#breadcrumb","itemListElement":[{"@type":"ListItem","position":1,"name":"Home","item":"https:\/\/www.sestogrado.it\/it\/"},{"@type":"ListItem","position":2,"name":"Shop","item":"https:\/\/www.sestogrado.it\/it\/shop\/"},{"@type":"ListItem","position":3,"name":"Black Diamond Lightweight Softshell guanti leggeri running trekking"}]},{"@type":"WebSite","@id":"https:\/\/www.sestogrado.it\/it\/#website","url":"https:\/\/www.sestogrado.it\/it\/","name":"Sestogrado","description":"yes we climb","publisher":{"@id":"https:\/\/www.sestogrado.it\/it\/#organization"},"potentialAction":[{"@type":"SearchAction","target":{"@type":"EntryPoint","urlTemplate":"https:\/\/www.sestogrado.it\/it\/?s={search_term_string}"},"query-input":{"@type":"PropertyValueSpecification","valueRequired":true,"valueName":"search_term_string"}}],"inLanguage":"it-IT"},{"@type":"Organization","@id":"https:\/\/www.sestogrado.it\/it\/#organization","name":"Sestogrado","url":"https:\/\/www.sestogrado.it\/it\/","logo":{"@type":"ImageObject","inLanguage":"it-IT","@id":"https:\/\/www.sestogrado.it\/it\/#\/schema\/logo\/image\/","url":"https:\/\/www.sestogrado.it\/wp-content\/uploads\/2015\/03\/sestogrado-favicon.png","contentUrl":"https:\/\/www.sestogrado.it\/wp-content\/uploads\/2015\/03\/sestogrado-favicon.png","width":260,"height":260,"caption":"Sestogrado"},"image":{"@id":"https:\/\/www.sestogrado.it\/it\/#\/schema\/logo\/image\/"},"sameAs":["https:\/\/www.facebook.com\/pages\/Sestogrado\/1542635979353017?ref=bookmarks","https:\/\/www.youtube.com\/channel\/UC847kAfTkaJsWpc1jtQwr3Q"],"hasMerchantReturnPolicy":{"@type":"MerchantReturnPolicy","merchantReturnLink":"https:\/\/www.sestogrado.it\/it\/termini-e-condizioni\/"}}]},"product_brand":"Black Diamond","og_availability":"instock","product_availability":"instock","product_condition":"new"},"_links":{"self":[{"href":"https:\/\/www.sestogrado.it\/it\/wp-json\/wp\/v2\/product\/29535","targetHints":{"allow":["GET"]}}],"collection":[{"href":"https:\/\/www.sestogrado.it\/it\/wp-json\/wp\/v2\/product"}],"about":[{"href":"https:\/\/www.sestogrado.it\/it\/wp-json\/wp\/v2\/types\/product"}],"replies":[{"embeddable":true,"href":"https:\/\/www.sestogrado.it\/it\/wp-json\/wp\/v2\/comments?post=29535"}],"wp:featuredmedia":[{"embeddable":true,"href":"https:\/\/www.sestogrado.it\/it\/wp-json\/wp\/v2\/media\/29544"}],"wp:attachment":[{"href":"https:\/\/www.sestogrado.it\/it\/wp-json\/wp\/v2\/media?parent=29535"}],"wp:term":[{"taxonomy":"product_brand","embeddable":true,"href":"https:\/\/www.sestogrado.it\/it\/wp-json\/wp\/v2\/product_brand?post=29535"},{"taxonomy":"product_cat","embeddable":true,"href":"https:\/\/www.sestogrado.it\/it\/wp-json\/wp\/v2\/product_cat?post=29535"},{"taxonomy":"product_tag","embeddable":true,"href":"https:\/\/www.sestogrado.it\/it\/wp-json\/wp\/v2\/product_tag?post=29535"}],"curies":[{"name":"wp","href":"https:\/\/api.w.org\/{rel}","templated":true}]}}