{"id":29463,"date":"2020-03-12T14:13:48","date_gmt":"2020-03-12T13:13:48","guid":{"rendered":"https:\/\/www.sestogrado.it\/?post_type=product&#038;p=29463"},"modified":"2025-02-14T13:46:47","modified_gmt":"2025-02-14T12:46:47","slug":"black-diamond-arc-guanti-alpinismo","status":"publish","type":"product","link":"https:\/\/www.sestogrado.it\/it\/prodotto\/black-diamond-arc-guanti-alpinismo\/","title":{"rendered":"Black Diamond Arc guanti alpinismo"},"content":{"rendered":"<p>I Black Diamond Arc sono dei guanti leggeri e ed impermeabili, inspirati alla filosofia costruttiva del motocross. Sono molto robusti ed adatti ad attivit\u00e0 alpinistiche, come sci alpinismo, ciaspole, ferrate, manovre di corda.<\/p>\n<p>Gli Arc sono pensati per mantenere la mano calda, asciutta e donare la massima versatilit\u00e0 e sensibilit\u00e0 possibile. Sci alpinismo, alpinismo classico o semplicemente una fredda giornata invernale in falesia, gli Arc saranno i tuoi caldi compagni. Il palmo in pelle Pittard assicura un ottimo grip sulle rocce e sugli sci, mentre gli inserti BDry faranno s\u00ed che le tue mani non sudino troppo. Il palmo in Pittard Oil tac fornisce eccezionale grip, tenuta e sensibilit\u00e0, ideale per impugnare attrezzi, ma, a fronte di questa sensibilit\u00e0, non rende gli Arc consigliabili per le veloci calate in doppia.<\/p>\n<p>Il BDry \u00e8 una membrana impermeabile che Black Diamond utilizza nei suoi guanti. Funziona come una barriera contro l&#8217;acqua che evita che le tue mani si bagnino e le mantiene calde e asciutte anche nelle pi\u00f9 lunghe giornate di sci.<\/p>\n<p>La 3M\u2122 Thinsulate\u2122 Insulation \u00e8 una linea completa di prodotti termici dell&#8217;azienda 3M, il cui obbiettivo \u00e8 trattenere, in poco spazio, molto calore. Questa tecnologia promette a chi indossa l&#8217;abbigliamento dotato di 3M\u2122 Thinsulate\u2122 Insulation di muoversi liberamente e con facilit\u00e0 anche nelle giornate fredde e senza congelare.<\/p>\n<ul>\n<li>palmo in Pittard&#8217;s Oil-Tac, sensibile ed aderente<\/li>\n<li>dorso in guscio a 2 strati elasticizzato<\/li>\n<li>imbottitura thinsulate 40g<\/li>\n<li>fodera impermeabile con BDry 100%<\/li>\n<li>temperatura di confort -9 \/ +4\u00b0<\/li>\n<\/ul>\n<p>Tecnici, impermeabili, compatti. I Black Diamond Arc sono i guanti da alpinismo pi\u00f9 pesanti della linea leggera di Black Diamond.<\/p>\n<p>&nbsp;<\/p>\n<p>Per scegliere la taglia misurarsi la circonferenza del palmo, in corrispondenza delle nocche:<\/p>\n<p><img decoding=\"async\" class=\"size-full wp-image-23609 img-fluid alignnone\" src=\"https:\/\/www.sestogrado.it\/wp-content\/uploads\/2019\/10\/mano.png\" alt=\"mano\" width=\"300\" height=\"300\" srcset=\"https:\/\/www.sestogrado.it\/wp-content\/uploads\/2019\/10\/mano.png 300w, https:\/\/www.sestogrado.it\/wp-content\/uploads\/2019\/10\/mano-100x100.png 100w, https:\/\/www.sestogrado.it\/wp-content\/uploads\/2019\/10\/mano-220x220.png 220w, https:\/\/www.sestogrado.it\/wp-content\/uploads\/2019\/10\/mano-150x150.png 150w, https:\/\/www.sestogrado.it\/wp-content\/uploads\/2019\/10\/mano-45x45.png 45w, https:\/\/www.sestogrado.it\/wp-content\/uploads\/2019\/10\/mano-64x64.png 64w, https:\/\/www.sestogrado.it\/wp-content\/uploads\/2019\/10\/mano-80x80.png 80w\" sizes=\"(max-width: 300px) 100vw, 300px\" \/><\/p>\n<p>XS meno di 19.50cm<\/p>\n<p>S 19.5-20,8cm<\/p>\n<p>M 21.3-22,8cm<\/p>\n<p>L 22,8-23,8cm<\/p>\n<p>XL 23,8-25.2cm<\/p>\n<p>XXL oltre 25.2cm<\/p>\n<p>&nbsp;<\/p>\n<p>Black Diamond dal 1957 rappresenta un punto di riferimento mondiale per l\u2019attrezzatura da arrampicata. Ci\u00f2 che all\u2019inizio era una attivit\u00e0 artigianale con incudine e martello oggi si \u00e8 trasformata in una societ\u00e0 globale con uffici in tre continenti. Il segreto di Black Diamond \u00e8 sempre lo stesso: essere una societ\u00e0 formata da appassionati climber. In Black Diamond si continua a sognare su ci\u00f2 che potrebbe essere e si continua ad essere critici su ci\u00f2 che esiste. E\u2019 cos\u00ec che il processo creativo per la realizzazione della migliore attrezzatura da arrampicata non avr\u00e0 mai fine.<\/p>","protected":false},"excerpt":{"rendered":"<p>I Black Diamond Arc sono dei guanti leggeri e ed impermeabili, inspirati alla filosofia costruttiva del motocross. Sono molto robusti [&hellip;]<\/p>\n","protected":false},"featured_media":29495,"comment_status":"open","ping_status":"closed","template":"","meta":{"_acf_changed":false},"product_brand":[121],"product_cat":[1428],"product_tag":[],"class_list":{"0":"post-29463","1":"product","2":"type-product","3":"status-publish","4":"has-post-thumbnail","6":"product_brand-black-diamond","7":"product_cat-guanti-da-alpinismo","9":"first","10":"instock","11":"sale","12":"taxable","13":"shipping-taxable","14":"purchasable","15":"product-type-variable"},"acf":[],"yoast_head":"<!-- This site is optimized with the Yoast SEO plugin v26.4 - https:\/\/yoast.com\/wordpress\/plugins\/seo\/ -->\n<title>Black Diamond Arc guanti alpinismo - Sestogrado<\/title>\n<meta name=\"description\" content=\"I Black Diamond Arc sono dei guanti leggeri e ed impermeabili, inspirati alla filosofia costruttiva del motocross. Sono molto robusti ed adatti ad attivit\u00e0 alpinistiche, come sci alpinismo, ciaspole, ferrate, manovre di corda.Gli Arc sono pensati per mantenere la mano calda, asciutta e donare la massima versatilit\u00e0 e sensibilit\u00e0 possibile. Sci alpinismo, alpinismo classico o semplicemente una fredda giornata invernale in falesia, gli Arc saranno i tuoi caldi compagni. Il palmo in pelle Pittard assicura un ottimo grip sulle rocce e sugli sci, mentre gli inserti BDry faranno s\u00ed che le tue mani non sudino troppo. Il palmo in Pittard Oil tac fornisce eccezionale grip, tenuta e sensibilit\u00e0, ideale per impugnare attrezzi, ma, a fronte di questa sensibilit\u00e0, non rende gli Arc consigliabili per le veloci calate in doppia.Il BDry \u00e8 una membrana impermeabile che Black Diamond utilizza nei suoi guanti. Funziona come una barriera contro l&#039;acqua che evita che le tue mani si bagnino e le mantiene calde e asciutte anche nelle pi\u00f9 lunghe giornate di sci.La 3M\u2122 Thinsulate\u2122 Insulation \u00e8 una linea completa di prodotti termici dell&#039;azienda 3M, il cui obbiettivo \u00e8 trattenere, in poco spazio, molto calore. Questa tecnologia promette a chi indossa l&#039;abbigliamento dotato di 3M\u2122 Thinsulate\u2122 Insulation di muoversi liberamente e con facilit\u00e0 anche nelle giornate fredde e senza congelare.\" \/>\n<meta name=\"robots\" content=\"index, follow, max-snippet:-1, max-image-preview:large, max-video-preview:-1\" \/>\n<link rel=\"canonical\" href=\"https:\/\/www.sestogrado.it\/it\/prodotto\/black-diamond-arc-guanti-alpinismo\/\" \/>\n<meta property=\"og:locale\" content=\"it_IT\" \/>\n<meta property=\"og:type\" content=\"article\" \/>\n<meta property=\"og:title\" content=\"Black Diamond Arc guanti alpinismo - Sestogrado\" \/>\n<meta property=\"og:description\" content=\"I Black Diamond Arc sono dei guanti leggeri e ed impermeabili, inspirati alla filosofia costruttiva del motocross. Sono molto robusti ed adatti ad attivit\u00e0 alpinistiche, come sci alpinismo, ciaspole, ferrate, manovre di corda.Gli Arc sono pensati per mantenere la mano calda, asciutta e donare la massima versatilit\u00e0 e sensibilit\u00e0 possibile. Sci alpinismo, alpinismo classico o semplicemente una fredda giornata invernale in falesia, gli Arc saranno i tuoi caldi compagni. Il palmo in pelle Pittard assicura un ottimo grip sulle rocce e sugli sci, mentre gli inserti BDry faranno s\u00ed che le tue mani non sudino troppo. Il palmo in Pittard Oil tac fornisce eccezionale grip, tenuta e sensibilit\u00e0, ideale per impugnare attrezzi, ma, a fronte di questa sensibilit\u00e0, non rende gli Arc consigliabili per le veloci calate in doppia.Il BDry \u00e8 una membrana impermeabile che Black Diamond utilizza nei suoi guanti. Funziona come una barriera contro l&#039;acqua che evita che le tue mani si bagnino e le mantiene calde e asciutte anche nelle pi\u00f9 lunghe giornate di sci.La 3M\u2122 Thinsulate\u2122 Insulation \u00e8 una linea completa di prodotti termici dell&#039;azienda 3M, il cui obbiettivo \u00e8 trattenere, in poco spazio, molto calore. Questa tecnologia promette a chi indossa l&#039;abbigliamento dotato di 3M\u2122 Thinsulate\u2122 Insulation di muoversi liberamente e con facilit\u00e0 anche nelle giornate fredde e senza congelare.\" \/>\n<meta property=\"og:url\" content=\"https:\/\/www.sestogrado.it\/it\/prodotto\/black-diamond-arc-guanti-alpinismo\/\" \/>\n<meta property=\"og:site_name\" content=\"Sestogrado\" \/>\n<meta property=\"article:publisher\" content=\"https:\/\/www.facebook.com\/pages\/Sestogrado\/1542635979353017?ref=bookmarks\" \/>\n<meta property=\"article:modified_time\" content=\"2025-02-14T12:46:47+00:00\" \/>\n<meta property=\"og:image\" content=\"https:\/\/www.sestogrado.it\/wp-content\/uploads\/2020\/03\/arc.jpg\" \/>\n\t<meta property=\"og:image:width\" content=\"1200\" \/>\n\t<meta property=\"og:image:height\" content=\"1200\" \/>\n\t<meta property=\"og:image:type\" content=\"image\/jpeg\" \/>\n<meta name=\"twitter:label1\" content=\"Disponibilit\u00e0\" \/>\n\t<meta name=\"twitter:data1\" content=\"In stock\" \/>\n<script type=\"application\/ld+json\" class=\"yoast-schema-graph\">{\"@context\":\"https:\/\/schema.org\",\"@graph\":[{\"@type\":\"WebPage\",\"@id\":\"https:\/\/www.sestogrado.it\/it\/prodotto\/black-diamond-arc-guanti-alpinismo\/\",\"url\":\"https:\/\/www.sestogrado.it\/it\/prodotto\/black-diamond-arc-guanti-alpinismo\/\",\"name\":\"Black Diamond Arc guanti alpinismo - Sestogrado\",\"isPartOf\":{\"@id\":\"https:\/\/www.sestogrado.it\/it\/#website\"},\"primaryImageOfPage\":{\"@id\":\"https:\/\/www.sestogrado.it\/it\/prodotto\/black-diamond-arc-guanti-alpinismo\/#primaryimage\"},\"image\":{\"@id\":\"https:\/\/www.sestogrado.it\/prodotto\/black-diamond-arc-guanti-alpinismo\/#primaryimage\"},\"thumbnailUrl\":\"https:\/\/www.sestogrado.it\/wp-content\/uploads\/2020\/03\/arc.jpg\",\"datePublished\":\"2020-03-12T13:13:48+00:00\",\"dateModified\":\"2025-02-14T12:46:47+00:00\",\"description\":\"I Black Diamond Arc sono dei guanti leggeri e ed impermeabili, inspirati alla filosofia costruttiva del motocross. Sono molto robusti ed adatti ad attivit\u00e0 alpinistiche, come sci alpinismo, ciaspole, ferrate, manovre di corda.Gli Arc sono pensati per mantenere la mano calda, asciutta e donare la massima versatilit\u00e0 e sensibilit\u00e0 possibile. Sci alpinismo, alpinismo classico o semplicemente una fredda giornata invernale in falesia, gli Arc saranno i tuoi caldi compagni. Il palmo in pelle Pittard assicura un ottimo grip sulle rocce e sugli sci, mentre gli inserti BDry faranno s\u00ed che le tue mani non sudino troppo. Il palmo in Pittard Oil tac fornisce eccezionale grip, tenuta e sensibilit\u00e0, ideale per impugnare attrezzi, ma, a fronte di questa sensibilit\u00e0, non rende gli Arc consigliabili per le veloci calate in doppia.Il BDry \u00e8 una membrana impermeabile che Black Diamond utilizza nei suoi guanti. Funziona come una barriera contro l'acqua che evita che le tue mani si bagnino e le mantiene calde e asciutte anche nelle pi\u00f9 lunghe giornate di sci.La 3M\u2122 Thinsulate\u2122 Insulation \u00e8 una linea completa di prodotti termici dell'azienda 3M, il cui obbiettivo \u00e8 trattenere, in poco spazio, molto calore. Questa tecnologia promette a chi indossa l'abbigliamento dotato di 3M\u2122 Thinsulate\u2122 Insulation di muoversi liberamente e con facilit\u00e0 anche nelle giornate fredde e senza congelare.\",\"breadcrumb\":{\"@id\":\"https:\/\/www.sestogrado.it\/it\/prodotto\/black-diamond-arc-guanti-alpinismo\/#breadcrumb\"},\"inLanguage\":\"it-IT\",\"potentialAction\":[{\"@type\":\"ReadAction\",\"target\":[[\"https:\/\/www.sestogrado.it\/it\/prodotto\/black-diamond-arc-guanti-alpinismo\/\"]]}]},{\"@type\":\"ImageObject\",\"inLanguage\":\"it-IT\",\"@id\":\"https:\/\/www.sestogrado.it\/it\/prodotto\/black-diamond-arc-guanti-alpinismo\/#primaryimage\",\"url\":\"https:\/\/www.sestogrado.it\/wp-content\/uploads\/2020\/03\/arc.jpg\",\"contentUrl\":\"https:\/\/www.sestogrado.it\/wp-content\/uploads\/2020\/03\/arc.jpg\",\"width\":1200,\"height\":1200,\"caption\":\"black diamond arc\"},{\"@type\":\"BreadcrumbList\",\"@id\":\"https:\/\/www.sestogrado.it\/it\/prodotto\/black-diamond-arc-guanti-alpinismo\/#breadcrumb\",\"itemListElement\":[{\"@type\":\"ListItem\",\"position\":1,\"name\":\"Home\",\"item\":\"https:\/\/www.sestogrado.it\/it\/\"},{\"@type\":\"ListItem\",\"position\":2,\"name\":\"Shop\",\"item\":\"https:\/\/www.sestogrado.it\/it\/shop\/\"},{\"@type\":\"ListItem\",\"position\":3,\"name\":\"Black Diamond Arc guanti alpinismo\"}]},{\"@type\":\"WebSite\",\"@id\":\"https:\/\/www.sestogrado.it\/it\/#website\",\"url\":\"https:\/\/www.sestogrado.it\/it\/\",\"name\":\"Sestogrado\",\"description\":\"yes we climb\",\"publisher\":{\"@id\":\"https:\/\/www.sestogrado.it\/it\/#organization\"},\"potentialAction\":[{\"@type\":\"SearchAction\",\"target\":{\"@type\":\"EntryPoint\",\"urlTemplate\":\"https:\/\/www.sestogrado.it\/it\/?s={search_term_string}\"},\"query-input\":{\"@type\":\"PropertyValueSpecification\",\"valueRequired\":true,\"valueName\":\"search_term_string\"}}],\"inLanguage\":\"it-IT\"},{\"@type\":\"Organization\",\"@id\":\"https:\/\/www.sestogrado.it\/it\/#organization\",\"name\":\"Sestogrado\",\"url\":\"https:\/\/www.sestogrado.it\/it\/\",\"logo\":{\"@type\":\"ImageObject\",\"inLanguage\":\"it-IT\",\"@id\":\"https:\/\/www.sestogrado.it\/it\/#\/schema\/logo\/image\/\",\"url\":\"https:\/\/www.sestogrado.it\/wp-content\/uploads\/2015\/03\/sestogrado-favicon.png\",\"contentUrl\":\"https:\/\/www.sestogrado.it\/wp-content\/uploads\/2015\/03\/sestogrado-favicon.png\",\"width\":260,\"height\":260,\"caption\":\"Sestogrado\"},\"image\":{\"@id\":\"https:\/\/www.sestogrado.it\/it\/#\/schema\/logo\/image\/\"},\"sameAs\":[\"https:\/\/www.facebook.com\/pages\/Sestogrado\/1542635979353017?ref=bookmarks\",\"https:\/\/www.youtube.com\/channel\/UC847kAfTkaJsWpc1jtQwr3Q\"],\"hasMerchantReturnPolicy\":{\"@type\":\"MerchantReturnPolicy\",\"merchantReturnLink\":\"https:\/\/www.sestogrado.it\/it\/termini-e-condizioni\/\"}}]}<\/script>\n<meta property=\"product:brand\" content=\"Black Diamond\" \/>\n<meta property=\"og:availability\" content=\"instock\" \/>\n<meta property=\"product:availability\" content=\"instock\" \/>\n<meta property=\"product:condition\" content=\"new\" \/>\n<!-- \/ Yoast SEO plugin. -->","yoast_head_json":{"title":"Black Diamond Arc guanti alpinismo - Sestogrado","description":"I Black Diamond Arc sono dei guanti leggeri e ed impermeabili, inspirati alla filosofia costruttiva del motocross. Sono molto robusti ed adatti ad attivit\u00e0 alpinistiche, come sci alpinismo, ciaspole, ferrate, manovre di corda.Gli Arc sono pensati per mantenere la mano calda, asciutta e donare la massima versatilit\u00e0 e sensibilit\u00e0 possibile. Sci alpinismo, alpinismo classico o semplicemente una fredda giornata invernale in falesia, gli Arc saranno i tuoi caldi compagni. Il palmo in pelle Pittard assicura un ottimo grip sulle rocce e sugli sci, mentre gli inserti BDry faranno s\u00ed che le tue mani non sudino troppo. Il palmo in Pittard Oil tac fornisce eccezionale grip, tenuta e sensibilit\u00e0, ideale per impugnare attrezzi, ma, a fronte di questa sensibilit\u00e0, non rende gli Arc consigliabili per le veloci calate in doppia.Il BDry \u00e8 una membrana impermeabile che Black Diamond utilizza nei suoi guanti. Funziona come una barriera contro l'acqua che evita che le tue mani si bagnino e le mantiene calde e asciutte anche nelle pi\u00f9 lunghe giornate di sci.La 3M\u2122 Thinsulate\u2122 Insulation \u00e8 una linea completa di prodotti termici dell'azienda 3M, il cui obbiettivo \u00e8 trattenere, in poco spazio, molto calore. Questa tecnologia promette a chi indossa l'abbigliamento dotato di 3M\u2122 Thinsulate\u2122 Insulation di muoversi liberamente e con facilit\u00e0 anche nelle giornate fredde e senza congelare.","robots":{"index":"index","follow":"follow","max-snippet":"max-snippet:-1","max-image-preview":"max-image-preview:large","max-video-preview":"max-video-preview:-1"},"canonical":"https:\/\/www.sestogrado.it\/it\/prodotto\/black-diamond-arc-guanti-alpinismo\/","og_locale":"it_IT","og_type":"article","og_title":"Black Diamond Arc guanti alpinismo - Sestogrado","og_description":"I Black Diamond Arc sono dei guanti leggeri e ed impermeabili, inspirati alla filosofia costruttiva del motocross. Sono molto robusti ed adatti ad attivit\u00e0 alpinistiche, come sci alpinismo, ciaspole, ferrate, manovre di corda.Gli Arc sono pensati per mantenere la mano calda, asciutta e donare la massima versatilit\u00e0 e sensibilit\u00e0 possibile. Sci alpinismo, alpinismo classico o semplicemente una fredda giornata invernale in falesia, gli Arc saranno i tuoi caldi compagni. Il palmo in pelle Pittard assicura un ottimo grip sulle rocce e sugli sci, mentre gli inserti BDry faranno s\u00ed che le tue mani non sudino troppo. Il palmo in Pittard Oil tac fornisce eccezionale grip, tenuta e sensibilit\u00e0, ideale per impugnare attrezzi, ma, a fronte di questa sensibilit\u00e0, non rende gli Arc consigliabili per le veloci calate in doppia.Il BDry \u00e8 una membrana impermeabile che Black Diamond utilizza nei suoi guanti. Funziona come una barriera contro l'acqua che evita che le tue mani si bagnino e le mantiene calde e asciutte anche nelle pi\u00f9 lunghe giornate di sci.La 3M\u2122 Thinsulate\u2122 Insulation \u00e8 una linea completa di prodotti termici dell'azienda 3M, il cui obbiettivo \u00e8 trattenere, in poco spazio, molto calore. Questa tecnologia promette a chi indossa l'abbigliamento dotato di 3M\u2122 Thinsulate\u2122 Insulation di muoversi liberamente e con facilit\u00e0 anche nelle giornate fredde e senza congelare.","og_url":"https:\/\/www.sestogrado.it\/it\/prodotto\/black-diamond-arc-guanti-alpinismo\/","og_site_name":"Sestogrado","article_publisher":"https:\/\/www.facebook.com\/pages\/Sestogrado\/1542635979353017?ref=bookmarks","article_modified_time":"2025-02-14T12:46:47+00:00","og_image":[{"width":1200,"height":1200,"url":"https:\/\/www.sestogrado.it\/wp-content\/uploads\/2020\/03\/arc.jpg","type":"image\/jpeg"}],"twitter_misc":{"Disponibilit\u00e0":"In stock"},"schema":{"@context":"https:\/\/schema.org","@graph":[{"@type":"WebPage","@id":"https:\/\/www.sestogrado.it\/it\/prodotto\/black-diamond-arc-guanti-alpinismo\/","url":"https:\/\/www.sestogrado.it\/it\/prodotto\/black-diamond-arc-guanti-alpinismo\/","name":"Black Diamond Arc guanti alpinismo - Sestogrado","isPartOf":{"@id":"https:\/\/www.sestogrado.it\/it\/#website"},"primaryImageOfPage":{"@id":"https:\/\/www.sestogrado.it\/it\/prodotto\/black-diamond-arc-guanti-alpinismo\/#primaryimage"},"image":{"@id":"https:\/\/www.sestogrado.it\/prodotto\/black-diamond-arc-guanti-alpinismo\/#primaryimage"},"thumbnailUrl":"https:\/\/www.sestogrado.it\/wp-content\/uploads\/2020\/03\/arc.jpg","datePublished":"2020-03-12T13:13:48+00:00","dateModified":"2025-02-14T12:46:47+00:00","description":"I Black Diamond Arc sono dei guanti leggeri e ed impermeabili, inspirati alla filosofia costruttiva del motocross. Sono molto robusti ed adatti ad attivit\u00e0 alpinistiche, come sci alpinismo, ciaspole, ferrate, manovre di corda.Gli Arc sono pensati per mantenere la mano calda, asciutta e donare la massima versatilit\u00e0 e sensibilit\u00e0 possibile. Sci alpinismo, alpinismo classico o semplicemente una fredda giornata invernale in falesia, gli Arc saranno i tuoi caldi compagni. Il palmo in pelle Pittard assicura un ottimo grip sulle rocce e sugli sci, mentre gli inserti BDry faranno s\u00ed che le tue mani non sudino troppo. Il palmo in Pittard Oil tac fornisce eccezionale grip, tenuta e sensibilit\u00e0, ideale per impugnare attrezzi, ma, a fronte di questa sensibilit\u00e0, non rende gli Arc consigliabili per le veloci calate in doppia.Il BDry \u00e8 una membrana impermeabile che Black Diamond utilizza nei suoi guanti. Funziona come una barriera contro l'acqua che evita che le tue mani si bagnino e le mantiene calde e asciutte anche nelle pi\u00f9 lunghe giornate di sci.La 3M\u2122 Thinsulate\u2122 Insulation \u00e8 una linea completa di prodotti termici dell'azienda 3M, il cui obbiettivo \u00e8 trattenere, in poco spazio, molto calore. Questa tecnologia promette a chi indossa l'abbigliamento dotato di 3M\u2122 Thinsulate\u2122 Insulation di muoversi liberamente e con facilit\u00e0 anche nelle giornate fredde e senza congelare.","breadcrumb":{"@id":"https:\/\/www.sestogrado.it\/it\/prodotto\/black-diamond-arc-guanti-alpinismo\/#breadcrumb"},"inLanguage":"it-IT","potentialAction":[{"@type":"ReadAction","target":[["https:\/\/www.sestogrado.it\/it\/prodotto\/black-diamond-arc-guanti-alpinismo\/"]]}]},{"@type":"ImageObject","inLanguage":"it-IT","@id":"https:\/\/www.sestogrado.it\/it\/prodotto\/black-diamond-arc-guanti-alpinismo\/#primaryimage","url":"https:\/\/www.sestogrado.it\/wp-content\/uploads\/2020\/03\/arc.jpg","contentUrl":"https:\/\/www.sestogrado.it\/wp-content\/uploads\/2020\/03\/arc.jpg","width":1200,"height":1200,"caption":"black diamond arc"},{"@type":"BreadcrumbList","@id":"https:\/\/www.sestogrado.it\/it\/prodotto\/black-diamond-arc-guanti-alpinismo\/#breadcrumb","itemListElement":[{"@type":"ListItem","position":1,"name":"Home","item":"https:\/\/www.sestogrado.it\/it\/"},{"@type":"ListItem","position":2,"name":"Shop","item":"https:\/\/www.sestogrado.it\/it\/shop\/"},{"@type":"ListItem","position":3,"name":"Black Diamond Arc guanti alpinismo"}]},{"@type":"WebSite","@id":"https:\/\/www.sestogrado.it\/it\/#website","url":"https:\/\/www.sestogrado.it\/it\/","name":"Sestogrado","description":"yes we climb","publisher":{"@id":"https:\/\/www.sestogrado.it\/it\/#organization"},"potentialAction":[{"@type":"SearchAction","target":{"@type":"EntryPoint","urlTemplate":"https:\/\/www.sestogrado.it\/it\/?s={search_term_string}"},"query-input":{"@type":"PropertyValueSpecification","valueRequired":true,"valueName":"search_term_string"}}],"inLanguage":"it-IT"},{"@type":"Organization","@id":"https:\/\/www.sestogrado.it\/it\/#organization","name":"Sestogrado","url":"https:\/\/www.sestogrado.it\/it\/","logo":{"@type":"ImageObject","inLanguage":"it-IT","@id":"https:\/\/www.sestogrado.it\/it\/#\/schema\/logo\/image\/","url":"https:\/\/www.sestogrado.it\/wp-content\/uploads\/2015\/03\/sestogrado-favicon.png","contentUrl":"https:\/\/www.sestogrado.it\/wp-content\/uploads\/2015\/03\/sestogrado-favicon.png","width":260,"height":260,"caption":"Sestogrado"},"image":{"@id":"https:\/\/www.sestogrado.it\/it\/#\/schema\/logo\/image\/"},"sameAs":["https:\/\/www.facebook.com\/pages\/Sestogrado\/1542635979353017?ref=bookmarks","https:\/\/www.youtube.com\/channel\/UC847kAfTkaJsWpc1jtQwr3Q"],"hasMerchantReturnPolicy":{"@type":"MerchantReturnPolicy","merchantReturnLink":"https:\/\/www.sestogrado.it\/it\/termini-e-condizioni\/"}}]},"product_brand":"Black Diamond","og_availability":"instock","product_availability":"instock","product_condition":"new"},"_links":{"self":[{"href":"https:\/\/www.sestogrado.it\/it\/wp-json\/wp\/v2\/product\/29463","targetHints":{"allow":["GET"]}}],"collection":[{"href":"https:\/\/www.sestogrado.it\/it\/wp-json\/wp\/v2\/product"}],"about":[{"href":"https:\/\/www.sestogrado.it\/it\/wp-json\/wp\/v2\/types\/product"}],"replies":[{"embeddable":true,"href":"https:\/\/www.sestogrado.it\/it\/wp-json\/wp\/v2\/comments?post=29463"}],"wp:featuredmedia":[{"embeddable":true,"href":"https:\/\/www.sestogrado.it\/it\/wp-json\/wp\/v2\/media\/29495"}],"wp:attachment":[{"href":"https:\/\/www.sestogrado.it\/it\/wp-json\/wp\/v2\/media?parent=29463"}],"wp:term":[{"taxonomy":"product_brand","embeddable":true,"href":"https:\/\/www.sestogrado.it\/it\/wp-json\/wp\/v2\/product_brand?post=29463"},{"taxonomy":"product_cat","embeddable":true,"href":"https:\/\/www.sestogrado.it\/it\/wp-json\/wp\/v2\/product_cat?post=29463"},{"taxonomy":"product_tag","embeddable":true,"href":"https:\/\/www.sestogrado.it\/it\/wp-json\/wp\/v2\/product_tag?post=29463"}],"curies":[{"name":"wp","href":"https:\/\/api.w.org\/{rel}","templated":true}]}}