{"id":29256,"date":"2020-03-12T14:03:24","date_gmt":"2020-03-12T13:03:24","guid":{"rendered":"https:\/\/www.sestogrado.it\/?post_type=product&#038;p=29256"},"modified":"2026-04-02T11:40:43","modified_gmt":"2026-04-02T09:40:43","slug":"black-diamond-miniwire-rackpack-set-moschettoni","status":"publish","type":"product","link":"https:\/\/www.sestogrado.it\/it\/prodotto\/black-diamond-miniwire-rackpack-set-moschettoni\/","title":{"rendered":"Black Diamond Miniwire rackpack set moschettoni"},"content":{"rendered":"<p>Il Black Diamond Miniwire \u00e8 un set di 6 moschettoni a filo, ultraleggeri, forgiati a caldo, di colori diversi per essere associati ai <a href=\"https:\/\/www.sestogrado.it\/it\/prodotto\/black-diamond-camalot-c4-friend-arrampicata-tutte-le-misure\/\" target=\"_blank\" rel=\"noopener noreferrer\">friend Camalot<\/a>. I Miniwire sono perfetti per minimizzare il peso e l&#8217;ingombro quando si effettuano spedizioni alpinistiche. Con un peso di soli 23 grammi per ogni moschettone \u00e8 come non averli.<\/p>\n<p>I Black Diamond Miniwire sono progettati per l&#8217;arrampicata trad, per l&#8217;alpinismo tecnico e possono essere utilizzati per la realizzazione di un <a href=\"https:\/\/www.sestogrado.it\/it\/come-realizzare-un-rinvio-alpinistico\/\" target=\"_blank\" rel=\"noopener noreferrer\">rinvio alpinistico<\/a>. Il Miniwire rackpack \u00e8 composto da 6 moschettoni a filo che sono ultraleggeri e perfettamente adattabili ai <a href=\"https:\/\/www.sestogrado.it\/it\/prodotto\/black-diamond-camalot-c4-friend-arrampicata-tutte-le-misure\/\" target=\"_blank\" rel=\"noopener noreferrer\">Camalot C4<\/a> o <a href=\"https:\/\/www.sestogrado.it\/it\/prodotto\/black-diamond-camalot-z4-friend-arrampicata-tutte-le-misure\/\" target=\"_blank\" rel=\"noopener noreferrer\">Z4<\/a>.<\/p>\n<ul>\n<li>Colori identificativi dei friend Camalot<\/li>\n<li>Peso di soli 23 grammi per moschettone, pienamente omologato UIAA<\/li>\n<li>Forgiatura a caldo per ottimizzare il peso<\/li>\n<li>La geometria del naso \u00e8 ottimizzata per migliorare il moschettonaggio e lo smoschettonaggio<\/li>\n<\/ul>\n<p>I Black Diamond Miniwire sono dei moschettoni ottimizzati per l&#8217;arrampicata dove il peso conta.<\/p>\n<p>&nbsp;<\/p>\n<p>Black Diamond dal 1957 rappresenta un punto di riferimento mondiale per l&#8217;attrezzatura da arrampicata. Ci\u00f2 che all&#8217;inizio era una attivit\u00e0 artigianale con incudine e martello oggi si \u00e8 trasformata in una societ\u00e0 globale con uffici in tre continenti. Il segreto di Black Diamond \u00e8 sempre lo stesso: essere una societ\u00e0 formata da appassionati climber. In Black Diamond si continua a sognare su ci\u00f2 che potrebbe essere e si continua ad essere critici su ci\u00f2 che esiste. E&#8217; cos\u00ec che il processo creativo per la realizzazione della migliore attrezzatura da arrampicata non avr\u00e0 mai fine.<\/p>","protected":false},"excerpt":{"rendered":"<p>Il Black Diamond Miniwire \u00e8 un set di 6 moschettoni a filo, ultraleggeri, forgiati a caldo, di colori diversi per [&hellip;]<\/p>\n","protected":false},"featured_media":29488,"comment_status":"open","ping_status":"closed","template":"","meta":{"_acf_changed":false},"product_brand":[121],"product_cat":[132],"product_tag":[],"class_list":{"0":"post-29256","1":"product","2":"type-product","3":"status-publish","4":"has-post-thumbnail","6":"product_brand-black-diamond","7":"product_cat-moschettoni","9":"first","10":"instock","11":"sale","12":"featured","13":"taxable","14":"shipping-taxable","15":"purchasable","16":"product-type-simple"},"acf":[],"yoast_head":"<!-- This site is optimized with the Yoast SEO plugin v26.4 - https:\/\/yoast.com\/wordpress\/plugins\/seo\/ -->\n<title>Black Diamond Miniwire rackpack set moschettoni - Sestogrado<\/title>\n<meta name=\"description\" content=\"Il Black Diamond Miniwire \u00e8 un set di 6 moschettoni a filo, ultraleggeri, forgiati a caldo, di colori diversi per essere associati ai friend Camalot. I Miniwire sono perfetti per minimizzare il peso e l&#039;ingombro quando si effettuano spedizioni alpinistiche. Con un peso di soli 23 grammi per ogni moschettone \u00e8 come non averli.I Black Diamond Miniwire sono progettati per l&#039;arrampicata trad, per l&#039;alpinismo tecnico e possono essere utilizzati per la realizzazione di un rinvio alpinistico. Il Miniwire rackpack \u00e8 composto da 6 moschettoni a filo che sono ultraleggeri e perfettamente adattabili ai Camalot.\" \/>\n<meta name=\"robots\" content=\"index, follow, max-snippet:-1, max-image-preview:large, max-video-preview:-1\" \/>\n<link rel=\"canonical\" href=\"https:\/\/www.sestogrado.it\/it\/prodotto\/black-diamond-miniwire-rackpack-set-moschettoni\/\" \/>\n<meta property=\"og:locale\" content=\"it_IT\" \/>\n<meta property=\"og:type\" content=\"article\" \/>\n<meta property=\"og:title\" content=\"Black Diamond Miniwire rackpack set moschettoni - Sestogrado\" \/>\n<meta property=\"og:description\" content=\"Il Black Diamond Miniwire \u00e8 un set di 6 moschettoni a filo, ultraleggeri, forgiati a caldo, di colori diversi per essere associati ai friend Camalot. I Miniwire sono perfetti per minimizzare il peso e l&#039;ingombro quando si effettuano spedizioni alpinistiche. Con un peso di soli 23 grammi per ogni moschettone \u00e8 come non averli.I Black Diamond Miniwire sono progettati per l&#039;arrampicata trad, per l&#039;alpinismo tecnico e possono essere utilizzati per la realizzazione di un rinvio alpinistico. Il Miniwire rackpack \u00e8 composto da 6 moschettoni a filo che sono ultraleggeri e perfettamente adattabili ai Camalot.\" \/>\n<meta property=\"og:url\" content=\"https:\/\/www.sestogrado.it\/it\/prodotto\/black-diamond-miniwire-rackpack-set-moschettoni\/\" \/>\n<meta property=\"og:site_name\" content=\"Sestogrado\" \/>\n<meta property=\"article:publisher\" content=\"https:\/\/www.facebook.com\/pages\/Sestogrado\/1542635979353017?ref=bookmarks\" \/>\n<meta property=\"article:modified_time\" content=\"2026-04-02T09:40:43+00:00\" \/>\n<meta property=\"og:image\" content=\"https:\/\/www.sestogrado.it\/wp-content\/uploads\/2020\/03\/01-7.jpg\" \/>\n\t<meta property=\"og:image:width\" content=\"1400\" \/>\n\t<meta property=\"og:image:height\" content=\"1400\" \/>\n\t<meta property=\"og:image:type\" content=\"image\/jpeg\" \/>\n<meta name=\"twitter:label1\" content=\"Prezzo\" \/>\n\t<meta name=\"twitter:data1\" content=\"&euro;&nbsp;55,00\" \/>\n\t<meta name=\"twitter:label2\" content=\"Disponibilit\u00e0\" \/>\n\t<meta name=\"twitter:data2\" content=\"In stock\" \/>\n<script type=\"application\/ld+json\" class=\"yoast-schema-graph\">{\"@context\":\"https:\/\/schema.org\",\"@graph\":[{\"@type\":\"WebPage\",\"@id\":\"https:\/\/www.sestogrado.it\/it\/prodotto\/black-diamond-miniwire-rackpack-set-moschettoni\/\",\"url\":\"https:\/\/www.sestogrado.it\/it\/prodotto\/black-diamond-miniwire-rackpack-set-moschettoni\/\",\"name\":\"Black Diamond Miniwire rackpack set moschettoni - Sestogrado\",\"isPartOf\":{\"@id\":\"https:\/\/www.sestogrado.it\/it\/#website\"},\"primaryImageOfPage\":{\"@id\":\"https:\/\/www.sestogrado.it\/it\/prodotto\/black-diamond-miniwire-rackpack-set-moschettoni\/#primaryimage\"},\"image\":{\"@id\":\"https:\/\/www.sestogrado.it\/prodotto\/black-diamond-miniwire-rackpack-set-moschettoni\/#primaryimage\"},\"thumbnailUrl\":\"https:\/\/www.sestogrado.it\/wp-content\/uploads\/2020\/03\/01-7.jpg\",\"datePublished\":\"2020-03-12T13:03:24+00:00\",\"dateModified\":\"2026-04-02T09:40:43+00:00\",\"description\":\"Il Black Diamond Miniwire \u00e8 un set di 6 moschettoni a filo, ultraleggeri, forgiati a caldo, di colori diversi per essere associati ai friend Camalot. I Miniwire sono perfetti per minimizzare il peso e l'ingombro quando si effettuano spedizioni alpinistiche. Con un peso di soli 23 grammi per ogni moschettone \u00e8 come non averli.I Black Diamond Miniwire sono progettati per l'arrampicata trad, per l'alpinismo tecnico e possono essere utilizzati per la realizzazione di un rinvio alpinistico. Il Miniwire rackpack \u00e8 composto da 6 moschettoni a filo che sono ultraleggeri e perfettamente adattabili ai Camalot.\",\"breadcrumb\":{\"@id\":\"https:\/\/www.sestogrado.it\/it\/prodotto\/black-diamond-miniwire-rackpack-set-moschettoni\/#breadcrumb\"},\"inLanguage\":\"it-IT\",\"potentialAction\":[{\"@type\":\"ReadAction\",\"target\":[[\"https:\/\/www.sestogrado.it\/it\/prodotto\/black-diamond-miniwire-rackpack-set-moschettoni\/\"]]}]},{\"@type\":\"ImageObject\",\"inLanguage\":\"it-IT\",\"@id\":\"https:\/\/www.sestogrado.it\/it\/prodotto\/black-diamond-miniwire-rackpack-set-moschettoni\/#primaryimage\",\"url\":\"https:\/\/www.sestogrado.it\/wp-content\/uploads\/2020\/03\/01-7.jpg\",\"contentUrl\":\"https:\/\/www.sestogrado.it\/wp-content\/uploads\/2020\/03\/01-7.jpg\",\"width\":1400,\"height\":1400,\"caption\":\"black diamond miniwire rackpack\"},{\"@type\":\"BreadcrumbList\",\"@id\":\"https:\/\/www.sestogrado.it\/it\/prodotto\/black-diamond-miniwire-rackpack-set-moschettoni\/#breadcrumb\",\"itemListElement\":[{\"@type\":\"ListItem\",\"position\":1,\"name\":\"Home\",\"item\":\"https:\/\/www.sestogrado.it\/it\/\"},{\"@type\":\"ListItem\",\"position\":2,\"name\":\"Shop\",\"item\":\"https:\/\/www.sestogrado.it\/it\/shop\/\"},{\"@type\":\"ListItem\",\"position\":3,\"name\":\"Black Diamond Miniwire rackpack set moschettoni\"}]},{\"@type\":\"WebSite\",\"@id\":\"https:\/\/www.sestogrado.it\/it\/#website\",\"url\":\"https:\/\/www.sestogrado.it\/it\/\",\"name\":\"Sestogrado\",\"description\":\"yes we climb\",\"publisher\":{\"@id\":\"https:\/\/www.sestogrado.it\/it\/#organization\"},\"potentialAction\":[{\"@type\":\"SearchAction\",\"target\":{\"@type\":\"EntryPoint\",\"urlTemplate\":\"https:\/\/www.sestogrado.it\/it\/?s={search_term_string}\"},\"query-input\":{\"@type\":\"PropertyValueSpecification\",\"valueRequired\":true,\"valueName\":\"search_term_string\"}}],\"inLanguage\":\"it-IT\"},{\"@type\":\"Organization\",\"@id\":\"https:\/\/www.sestogrado.it\/it\/#organization\",\"name\":\"Sestogrado\",\"url\":\"https:\/\/www.sestogrado.it\/it\/\",\"logo\":{\"@type\":\"ImageObject\",\"inLanguage\":\"it-IT\",\"@id\":\"https:\/\/www.sestogrado.it\/it\/#\/schema\/logo\/image\/\",\"url\":\"https:\/\/www.sestogrado.it\/wp-content\/uploads\/2015\/03\/sestogrado-favicon.png\",\"contentUrl\":\"https:\/\/www.sestogrado.it\/wp-content\/uploads\/2015\/03\/sestogrado-favicon.png\",\"width\":260,\"height\":260,\"caption\":\"Sestogrado\"},\"image\":{\"@id\":\"https:\/\/www.sestogrado.it\/it\/#\/schema\/logo\/image\/\"},\"sameAs\":[\"https:\/\/www.facebook.com\/pages\/Sestogrado\/1542635979353017?ref=bookmarks\",\"https:\/\/www.youtube.com\/channel\/UC847kAfTkaJsWpc1jtQwr3Q\"],\"hasMerchantReturnPolicy\":{\"@type\":\"MerchantReturnPolicy\",\"merchantReturnLink\":\"https:\/\/www.sestogrado.it\/it\/termini-e-condizioni\/\"}}]}<\/script>\n<meta property=\"product:brand\" content=\"Black Diamond\" \/>\n<meta property=\"product:price:amount\" content=\"55.00\" \/>\n<meta property=\"product:price:currency\" content=\"EUR\" \/>\n<meta property=\"og:availability\" content=\"instock\" \/>\n<meta property=\"product:availability\" content=\"instock\" \/>\n<meta property=\"product:condition\" content=\"new\" \/>\n<!-- \/ Yoast SEO plugin. -->","yoast_head_json":{"title":"Black Diamond Miniwire rackpack set moschettoni - Sestogrado","description":"Il Black Diamond Miniwire \u00e8 un set di 6 moschettoni a filo, ultraleggeri, forgiati a caldo, di colori diversi per essere associati ai friend Camalot. I Miniwire sono perfetti per minimizzare il peso e l'ingombro quando si effettuano spedizioni alpinistiche. Con un peso di soli 23 grammi per ogni moschettone \u00e8 come non averli.I Black Diamond Miniwire sono progettati per l'arrampicata trad, per l'alpinismo tecnico e possono essere utilizzati per la realizzazione di un rinvio alpinistico. Il Miniwire rackpack \u00e8 composto da 6 moschettoni a filo che sono ultraleggeri e perfettamente adattabili ai Camalot.","robots":{"index":"index","follow":"follow","max-snippet":"max-snippet:-1","max-image-preview":"max-image-preview:large","max-video-preview":"max-video-preview:-1"},"canonical":"https:\/\/www.sestogrado.it\/it\/prodotto\/black-diamond-miniwire-rackpack-set-moschettoni\/","og_locale":"it_IT","og_type":"article","og_title":"Black Diamond Miniwire rackpack set moschettoni - Sestogrado","og_description":"Il Black Diamond Miniwire \u00e8 un set di 6 moschettoni a filo, ultraleggeri, forgiati a caldo, di colori diversi per essere associati ai friend Camalot. I Miniwire sono perfetti per minimizzare il peso e l'ingombro quando si effettuano spedizioni alpinistiche. Con un peso di soli 23 grammi per ogni moschettone \u00e8 come non averli.I Black Diamond Miniwire sono progettati per l'arrampicata trad, per l'alpinismo tecnico e possono essere utilizzati per la realizzazione di un rinvio alpinistico. Il Miniwire rackpack \u00e8 composto da 6 moschettoni a filo che sono ultraleggeri e perfettamente adattabili ai Camalot.","og_url":"https:\/\/www.sestogrado.it\/it\/prodotto\/black-diamond-miniwire-rackpack-set-moschettoni\/","og_site_name":"Sestogrado","article_publisher":"https:\/\/www.facebook.com\/pages\/Sestogrado\/1542635979353017?ref=bookmarks","article_modified_time":"2026-04-02T09:40:43+00:00","og_image":[{"width":1400,"height":1400,"url":"https:\/\/www.sestogrado.it\/wp-content\/uploads\/2020\/03\/01-7.jpg","type":"image\/jpeg"}],"twitter_misc":{"Prezzo":"&euro;&nbsp;55,00","Disponibilit\u00e0":"In stock"},"schema":{"@context":"https:\/\/schema.org","@graph":[{"@type":"WebPage","@id":"https:\/\/www.sestogrado.it\/it\/prodotto\/black-diamond-miniwire-rackpack-set-moschettoni\/","url":"https:\/\/www.sestogrado.it\/it\/prodotto\/black-diamond-miniwire-rackpack-set-moschettoni\/","name":"Black Diamond Miniwire rackpack set moschettoni - Sestogrado","isPartOf":{"@id":"https:\/\/www.sestogrado.it\/it\/#website"},"primaryImageOfPage":{"@id":"https:\/\/www.sestogrado.it\/it\/prodotto\/black-diamond-miniwire-rackpack-set-moschettoni\/#primaryimage"},"image":{"@id":"https:\/\/www.sestogrado.it\/prodotto\/black-diamond-miniwire-rackpack-set-moschettoni\/#primaryimage"},"thumbnailUrl":"https:\/\/www.sestogrado.it\/wp-content\/uploads\/2020\/03\/01-7.jpg","datePublished":"2020-03-12T13:03:24+00:00","dateModified":"2026-04-02T09:40:43+00:00","description":"Il Black Diamond Miniwire \u00e8 un set di 6 moschettoni a filo, ultraleggeri, forgiati a caldo, di colori diversi per essere associati ai friend Camalot. I Miniwire sono perfetti per minimizzare il peso e l'ingombro quando si effettuano spedizioni alpinistiche. Con un peso di soli 23 grammi per ogni moschettone \u00e8 come non averli.I Black Diamond Miniwire sono progettati per l'arrampicata trad, per l'alpinismo tecnico e possono essere utilizzati per la realizzazione di un rinvio alpinistico. Il Miniwire rackpack \u00e8 composto da 6 moschettoni a filo che sono ultraleggeri e perfettamente adattabili ai Camalot.","breadcrumb":{"@id":"https:\/\/www.sestogrado.it\/it\/prodotto\/black-diamond-miniwire-rackpack-set-moschettoni\/#breadcrumb"},"inLanguage":"it-IT","potentialAction":[{"@type":"ReadAction","target":[["https:\/\/www.sestogrado.it\/it\/prodotto\/black-diamond-miniwire-rackpack-set-moschettoni\/"]]}]},{"@type":"ImageObject","inLanguage":"it-IT","@id":"https:\/\/www.sestogrado.it\/it\/prodotto\/black-diamond-miniwire-rackpack-set-moschettoni\/#primaryimage","url":"https:\/\/www.sestogrado.it\/wp-content\/uploads\/2020\/03\/01-7.jpg","contentUrl":"https:\/\/www.sestogrado.it\/wp-content\/uploads\/2020\/03\/01-7.jpg","width":1400,"height":1400,"caption":"black diamond miniwire rackpack"},{"@type":"BreadcrumbList","@id":"https:\/\/www.sestogrado.it\/it\/prodotto\/black-diamond-miniwire-rackpack-set-moschettoni\/#breadcrumb","itemListElement":[{"@type":"ListItem","position":1,"name":"Home","item":"https:\/\/www.sestogrado.it\/it\/"},{"@type":"ListItem","position":2,"name":"Shop","item":"https:\/\/www.sestogrado.it\/it\/shop\/"},{"@type":"ListItem","position":3,"name":"Black Diamond Miniwire rackpack set moschettoni"}]},{"@type":"WebSite","@id":"https:\/\/www.sestogrado.it\/it\/#website","url":"https:\/\/www.sestogrado.it\/it\/","name":"Sestogrado","description":"yes we climb","publisher":{"@id":"https:\/\/www.sestogrado.it\/it\/#organization"},"potentialAction":[{"@type":"SearchAction","target":{"@type":"EntryPoint","urlTemplate":"https:\/\/www.sestogrado.it\/it\/?s={search_term_string}"},"query-input":{"@type":"PropertyValueSpecification","valueRequired":true,"valueName":"search_term_string"}}],"inLanguage":"it-IT"},{"@type":"Organization","@id":"https:\/\/www.sestogrado.it\/it\/#organization","name":"Sestogrado","url":"https:\/\/www.sestogrado.it\/it\/","logo":{"@type":"ImageObject","inLanguage":"it-IT","@id":"https:\/\/www.sestogrado.it\/it\/#\/schema\/logo\/image\/","url":"https:\/\/www.sestogrado.it\/wp-content\/uploads\/2015\/03\/sestogrado-favicon.png","contentUrl":"https:\/\/www.sestogrado.it\/wp-content\/uploads\/2015\/03\/sestogrado-favicon.png","width":260,"height":260,"caption":"Sestogrado"},"image":{"@id":"https:\/\/www.sestogrado.it\/it\/#\/schema\/logo\/image\/"},"sameAs":["https:\/\/www.facebook.com\/pages\/Sestogrado\/1542635979353017?ref=bookmarks","https:\/\/www.youtube.com\/channel\/UC847kAfTkaJsWpc1jtQwr3Q"],"hasMerchantReturnPolicy":{"@type":"MerchantReturnPolicy","merchantReturnLink":"https:\/\/www.sestogrado.it\/it\/termini-e-condizioni\/"}}]},"product_brand":"Black Diamond","product_price_amount":"55.00","product_price_currency":"EUR","og_availability":"instock","product_availability":"instock","product_condition":"new"},"_links":{"self":[{"href":"https:\/\/www.sestogrado.it\/it\/wp-json\/wp\/v2\/product\/29256","targetHints":{"allow":["GET"]}}],"collection":[{"href":"https:\/\/www.sestogrado.it\/it\/wp-json\/wp\/v2\/product"}],"about":[{"href":"https:\/\/www.sestogrado.it\/it\/wp-json\/wp\/v2\/types\/product"}],"replies":[{"embeddable":true,"href":"https:\/\/www.sestogrado.it\/it\/wp-json\/wp\/v2\/comments?post=29256"}],"wp:featuredmedia":[{"embeddable":true,"href":"https:\/\/www.sestogrado.it\/it\/wp-json\/wp\/v2\/media\/29488"}],"wp:attachment":[{"href":"https:\/\/www.sestogrado.it\/it\/wp-json\/wp\/v2\/media?parent=29256"}],"wp:term":[{"taxonomy":"product_brand","embeddable":true,"href":"https:\/\/www.sestogrado.it\/it\/wp-json\/wp\/v2\/product_brand?post=29256"},{"taxonomy":"product_cat","embeddable":true,"href":"https:\/\/www.sestogrado.it\/it\/wp-json\/wp\/v2\/product_cat?post=29256"},{"taxonomy":"product_tag","embeddable":true,"href":"https:\/\/www.sestogrado.it\/it\/wp-json\/wp\/v2\/product_tag?post=29256"}],"curies":[{"name":"wp","href":"https:\/\/api.w.org\/{rel}","templated":true}]}}