{"id":29229,"date":"2020-03-06T14:23:34","date_gmt":"2020-03-06T13:23:34","guid":{"rendered":"https:\/\/www.sestogrado.it\/?post_type=product&#038;p=29229"},"modified":"2025-03-09T15:34:17","modified_gmt":"2025-03-09T14:34:17","slug":"camp-alp-mountain-imbrago-da-sci-alpinismo","status":"publish","type":"product","link":"https:\/\/www.sestogrado.it\/it\/prodotto\/camp-alp-mountain-imbrago-da-sci-alpinismo\/","title":{"rendered":"Camp Alp Mountain imbrago da sci alpinismo"},"content":{"rendered":"<p>Il Camp Alp Mountain \u00e8 un imbrago leggero e compatto caratterizzato da una costruzione in fettuccia portante rastremata analoga a quella dei modelli Alp Racing da scialpinismo competitivo e <a href=\"https:\/\/www.sestogrado.it\/it\/prodotto\/camp-flash-imbrago-arrampicata\/\" target=\"_blank\" rel=\"noopener noreferrer\">Flash<\/a> da arrampicata. La Alp Mountain \u00e8 invece ideale per l&#8217;alpinismo, anche in alta quota, grazie al suo connubio di leggerezza e comfort. Si apre completamente e si indossa rapidamente in qualsiasi situazione: basta inserire l&#8217;anello di servizio sulla cintura e poi chiudere i cosciali. I tiretti delle fibbie permettono di toglierla e indossarla facilmente anche coi guanti. La sua costruzione essenziale ne esalta la comodit\u00e0, assicurando la massima libert\u00e0 di movimento sia in arrampicata sia in camminata.<\/p>\n<p>\u2022 Leggera e compattabile<br \/>\n\u2022 Completamente apribile per essere indossata anche con gli sci o i ramponi ai piedi<br \/>\n\u2022 Cosciali e cintura con fettuccia portante a larghezza variabile, con fibbie in metallo a sgancio rapido che permettono una regolazione completa<br \/>\n\u2022 Imbottitura da 3 mm adesivizzata alla fettuccia portante della cintura<br \/>\n\u2022 3 portamateriali (2 laterali e 1 posteriore)<br \/>\n\u2022 Elastici di collegamento dei cosciali con fibbia in plastica a sgancio rapido<br \/>\n\u2022 6 slot integrati per i moschettoni portamateriali Hub<\/p>\n<p>&nbsp;<\/p>\n<p>Passione, lavoro e semplicit\u00e0 sono alcune delle parole chiave che da sempre hanno contraddistinto il modo di essere di C.A.M.P. La passione \u00e8 quella per la montagna e per i prodotti che aiutano a realizzare i sogni ed i progetti di tutti coloro che la frequentano; il lavoro \u00e8 quello tramandato da oltre 115 anni in quattro distinte generazioni succedutesi alla guida dell\u2019azienda e la semplicit\u00e0 \u00e8 quella che contraddistingue un modo di essere e relazionarsi basato sulla seriet\u00e0 e lealt\u00e0.<\/p>","protected":false},"excerpt":{"rendered":"<p>Il Camp Alp Mountain \u00e8 un imbrago leggero e compatto caratterizzato da una costruzione in fettuccia portante rastremata analoga a [&hellip;]<\/p>\n","protected":false},"featured_media":29235,"comment_status":"open","ping_status":"closed","template":"","meta":{"_acf_changed":false},"product_brand":[31],"product_cat":[1336],"product_tag":[],"class_list":{"0":"post-29229","1":"product","2":"type-product","3":"status-publish","4":"has-post-thumbnail","6":"product_brand-camp","7":"product_cat-scialpinismo","9":"first","10":"instock","11":"sale","12":"taxable","13":"shipping-taxable","14":"purchasable","15":"product-type-variable"},"acf":[],"yoast_head":"<!-- This site is optimized with the Yoast SEO plugin v26.4 - https:\/\/yoast.com\/wordpress\/plugins\/seo\/ -->\n<title>Camp Alp Mountain imbrago da sci alpinismo - Sestogrado<\/title>\n<meta name=\"description\" content=\"Il Camp Alp Mountain \u00e8 un imbrago leggero e compatto caratterizzato da una costruzione in fettuccia portante rastremata analoga a quella dei modelli Alp Racing da scialpinismo competitivo e Flash da arrampicata. La Alp Mountain \u00e8 invece ideale per l&#039;alpinismo, anche in alta quota, grazie al suo connubio di leggerezza e comfort. Si apre completamente e si indossa rapidamente in qualsiasi situazione: basta inserire l&#039;anello di servizio sulla cintura e poi chiudere i cosciali. I tiretti delle fibbie permettono di toglierla e indossarla facilmente anche coi guanti. La sua costruzione essenziale ne esalta la comodit\u00e0, assicurando la massima libert\u00e0 di movimento sia in arrampicata sia in camminata.\" \/>\n<meta name=\"robots\" content=\"index, follow, max-snippet:-1, max-image-preview:large, max-video-preview:-1\" \/>\n<link rel=\"canonical\" href=\"https:\/\/www.sestogrado.it\/it\/prodotto\/camp-alp-mountain-imbrago-da-sci-alpinismo\/\" \/>\n<meta property=\"og:locale\" content=\"it_IT\" \/>\n<meta property=\"og:type\" content=\"article\" \/>\n<meta property=\"og:title\" content=\"Camp Alp Mountain imbrago da sci alpinismo - Sestogrado\" \/>\n<meta property=\"og:description\" content=\"Il Camp Alp Mountain \u00e8 un imbrago leggero e compatto caratterizzato da una costruzione in fettuccia portante rastremata analoga a quella dei modelli Alp Racing da scialpinismo competitivo e Flash da arrampicata. La Alp Mountain \u00e8 invece ideale per l&#039;alpinismo, anche in alta quota, grazie al suo connubio di leggerezza e comfort. Si apre completamente e si indossa rapidamente in qualsiasi situazione: basta inserire l&#039;anello di servizio sulla cintura e poi chiudere i cosciali. I tiretti delle fibbie permettono di toglierla e indossarla facilmente anche coi guanti. La sua costruzione essenziale ne esalta la comodit\u00e0, assicurando la massima libert\u00e0 di movimento sia in arrampicata sia in camminata.\" \/>\n<meta property=\"og:url\" content=\"https:\/\/www.sestogrado.it\/it\/prodotto\/camp-alp-mountain-imbrago-da-sci-alpinismo\/\" \/>\n<meta property=\"og:site_name\" content=\"Sestogrado\" \/>\n<meta property=\"article:publisher\" content=\"https:\/\/www.facebook.com\/pages\/Sestogrado\/1542635979353017?ref=bookmarks\" \/>\n<meta property=\"article:modified_time\" content=\"2025-03-09T14:34:17+00:00\" \/>\n<meta property=\"og:image\" content=\"https:\/\/www.sestogrado.it\/wp-content\/uploads\/2020\/03\/01-4.jpg\" \/>\n\t<meta property=\"og:image:width\" content=\"1000\" \/>\n\t<meta property=\"og:image:height\" content=\"1000\" \/>\n\t<meta property=\"og:image:type\" content=\"image\/jpeg\" \/>\n<meta name=\"twitter:label1\" content=\"Disponibilit\u00e0\" \/>\n\t<meta name=\"twitter:data1\" content=\"In stock\" \/>\n<script type=\"application\/ld+json\" class=\"yoast-schema-graph\">{\"@context\":\"https:\/\/schema.org\",\"@graph\":[{\"@type\":\"WebPage\",\"@id\":\"https:\/\/www.sestogrado.it\/it\/prodotto\/camp-alp-mountain-imbrago-da-sci-alpinismo\/\",\"url\":\"https:\/\/www.sestogrado.it\/it\/prodotto\/camp-alp-mountain-imbrago-da-sci-alpinismo\/\",\"name\":\"Camp Alp Mountain imbrago da sci alpinismo - Sestogrado\",\"isPartOf\":{\"@id\":\"https:\/\/www.sestogrado.it\/it\/#website\"},\"primaryImageOfPage\":{\"@id\":\"https:\/\/www.sestogrado.it\/it\/prodotto\/camp-alp-mountain-imbrago-da-sci-alpinismo\/#primaryimage\"},\"image\":{\"@id\":\"https:\/\/www.sestogrado.it\/prodotto\/camp-alp-mountain-imbrago-da-sci-alpinismo\/#primaryimage\"},\"thumbnailUrl\":\"https:\/\/www.sestogrado.it\/wp-content\/uploads\/2020\/03\/01-4.jpg\",\"datePublished\":\"2020-03-06T13:23:34+00:00\",\"dateModified\":\"2025-03-09T14:34:17+00:00\",\"description\":\"Il Camp Alp Mountain \u00e8 un imbrago leggero e compatto caratterizzato da una costruzione in fettuccia portante rastremata analoga a quella dei modelli Alp Racing da scialpinismo competitivo e Flash da arrampicata. La Alp Mountain \u00e8 invece ideale per l'alpinismo, anche in alta quota, grazie al suo connubio di leggerezza e comfort. Si apre completamente e si indossa rapidamente in qualsiasi situazione: basta inserire l'anello di servizio sulla cintura e poi chiudere i cosciali. I tiretti delle fibbie permettono di toglierla e indossarla facilmente anche coi guanti. La sua costruzione essenziale ne esalta la comodit\u00e0, assicurando la massima libert\u00e0 di movimento sia in arrampicata sia in camminata.\",\"breadcrumb\":{\"@id\":\"https:\/\/www.sestogrado.it\/it\/prodotto\/camp-alp-mountain-imbrago-da-sci-alpinismo\/#breadcrumb\"},\"inLanguage\":\"it-IT\",\"potentialAction\":[{\"@type\":\"ReadAction\",\"target\":[[\"https:\/\/www.sestogrado.it\/it\/prodotto\/camp-alp-mountain-imbrago-da-sci-alpinismo\/\"]]}]},{\"@type\":\"ImageObject\",\"inLanguage\":\"it-IT\",\"@id\":\"https:\/\/www.sestogrado.it\/it\/prodotto\/camp-alp-mountain-imbrago-da-sci-alpinismo\/#primaryimage\",\"url\":\"https:\/\/www.sestogrado.it\/wp-content\/uploads\/2020\/03\/01-4.jpg\",\"contentUrl\":\"https:\/\/www.sestogrado.it\/wp-content\/uploads\/2020\/03\/01-4.jpg\",\"width\":1000,\"height\":1000,\"caption\":\"camp alp mountain\"},{\"@type\":\"BreadcrumbList\",\"@id\":\"https:\/\/www.sestogrado.it\/it\/prodotto\/camp-alp-mountain-imbrago-da-sci-alpinismo\/#breadcrumb\",\"itemListElement\":[{\"@type\":\"ListItem\",\"position\":1,\"name\":\"Home\",\"item\":\"https:\/\/www.sestogrado.it\/it\/\"},{\"@type\":\"ListItem\",\"position\":2,\"name\":\"Shop\",\"item\":\"https:\/\/www.sestogrado.it\/it\/shop\/\"},{\"@type\":\"ListItem\",\"position\":3,\"name\":\"Camp Alp Mountain imbrago da sci alpinismo\"}]},{\"@type\":\"WebSite\",\"@id\":\"https:\/\/www.sestogrado.it\/it\/#website\",\"url\":\"https:\/\/www.sestogrado.it\/it\/\",\"name\":\"Sestogrado\",\"description\":\"yes we climb\",\"publisher\":{\"@id\":\"https:\/\/www.sestogrado.it\/it\/#organization\"},\"potentialAction\":[{\"@type\":\"SearchAction\",\"target\":{\"@type\":\"EntryPoint\",\"urlTemplate\":\"https:\/\/www.sestogrado.it\/it\/?s={search_term_string}\"},\"query-input\":{\"@type\":\"PropertyValueSpecification\",\"valueRequired\":true,\"valueName\":\"search_term_string\"}}],\"inLanguage\":\"it-IT\"},{\"@type\":\"Organization\",\"@id\":\"https:\/\/www.sestogrado.it\/it\/#organization\",\"name\":\"Sestogrado\",\"url\":\"https:\/\/www.sestogrado.it\/it\/\",\"logo\":{\"@type\":\"ImageObject\",\"inLanguage\":\"it-IT\",\"@id\":\"https:\/\/www.sestogrado.it\/it\/#\/schema\/logo\/image\/\",\"url\":\"https:\/\/www.sestogrado.it\/wp-content\/uploads\/2015\/03\/sestogrado-favicon.png\",\"contentUrl\":\"https:\/\/www.sestogrado.it\/wp-content\/uploads\/2015\/03\/sestogrado-favicon.png\",\"width\":260,\"height\":260,\"caption\":\"Sestogrado\"},\"image\":{\"@id\":\"https:\/\/www.sestogrado.it\/it\/#\/schema\/logo\/image\/\"},\"sameAs\":[\"https:\/\/www.facebook.com\/pages\/Sestogrado\/1542635979353017?ref=bookmarks\",\"https:\/\/www.youtube.com\/channel\/UC847kAfTkaJsWpc1jtQwr3Q\"],\"hasMerchantReturnPolicy\":{\"@type\":\"MerchantReturnPolicy\",\"merchantReturnLink\":\"https:\/\/www.sestogrado.it\/it\/termini-e-condizioni\/\"}}]}<\/script>\n<meta property=\"product:brand\" content=\"Camp\" \/>\n<meta property=\"og:availability\" content=\"instock\" \/>\n<meta property=\"product:availability\" content=\"instock\" \/>\n<meta property=\"product:condition\" content=\"new\" \/>\n<!-- \/ Yoast SEO plugin. -->","yoast_head_json":{"title":"Camp Alp Mountain imbrago da sci alpinismo - Sestogrado","description":"Il Camp Alp Mountain \u00e8 un imbrago leggero e compatto caratterizzato da una costruzione in fettuccia portante rastremata analoga a quella dei modelli Alp Racing da scialpinismo competitivo e Flash da arrampicata. La Alp Mountain \u00e8 invece ideale per l'alpinismo, anche in alta quota, grazie al suo connubio di leggerezza e comfort. Si apre completamente e si indossa rapidamente in qualsiasi situazione: basta inserire l'anello di servizio sulla cintura e poi chiudere i cosciali. I tiretti delle fibbie permettono di toglierla e indossarla facilmente anche coi guanti. La sua costruzione essenziale ne esalta la comodit\u00e0, assicurando la massima libert\u00e0 di movimento sia in arrampicata sia in camminata.","robots":{"index":"index","follow":"follow","max-snippet":"max-snippet:-1","max-image-preview":"max-image-preview:large","max-video-preview":"max-video-preview:-1"},"canonical":"https:\/\/www.sestogrado.it\/it\/prodotto\/camp-alp-mountain-imbrago-da-sci-alpinismo\/","og_locale":"it_IT","og_type":"article","og_title":"Camp Alp Mountain imbrago da sci alpinismo - Sestogrado","og_description":"Il Camp Alp Mountain \u00e8 un imbrago leggero e compatto caratterizzato da una costruzione in fettuccia portante rastremata analoga a quella dei modelli Alp Racing da scialpinismo competitivo e Flash da arrampicata. La Alp Mountain \u00e8 invece ideale per l'alpinismo, anche in alta quota, grazie al suo connubio di leggerezza e comfort. Si apre completamente e si indossa rapidamente in qualsiasi situazione: basta inserire l'anello di servizio sulla cintura e poi chiudere i cosciali. I tiretti delle fibbie permettono di toglierla e indossarla facilmente anche coi guanti. La sua costruzione essenziale ne esalta la comodit\u00e0, assicurando la massima libert\u00e0 di movimento sia in arrampicata sia in camminata.","og_url":"https:\/\/www.sestogrado.it\/it\/prodotto\/camp-alp-mountain-imbrago-da-sci-alpinismo\/","og_site_name":"Sestogrado","article_publisher":"https:\/\/www.facebook.com\/pages\/Sestogrado\/1542635979353017?ref=bookmarks","article_modified_time":"2025-03-09T14:34:17+00:00","og_image":[{"width":1000,"height":1000,"url":"https:\/\/www.sestogrado.it\/wp-content\/uploads\/2020\/03\/01-4.jpg","type":"image\/jpeg"}],"twitter_misc":{"Disponibilit\u00e0":"In stock"},"schema":{"@context":"https:\/\/schema.org","@graph":[{"@type":"WebPage","@id":"https:\/\/www.sestogrado.it\/it\/prodotto\/camp-alp-mountain-imbrago-da-sci-alpinismo\/","url":"https:\/\/www.sestogrado.it\/it\/prodotto\/camp-alp-mountain-imbrago-da-sci-alpinismo\/","name":"Camp Alp Mountain imbrago da sci alpinismo - Sestogrado","isPartOf":{"@id":"https:\/\/www.sestogrado.it\/it\/#website"},"primaryImageOfPage":{"@id":"https:\/\/www.sestogrado.it\/it\/prodotto\/camp-alp-mountain-imbrago-da-sci-alpinismo\/#primaryimage"},"image":{"@id":"https:\/\/www.sestogrado.it\/prodotto\/camp-alp-mountain-imbrago-da-sci-alpinismo\/#primaryimage"},"thumbnailUrl":"https:\/\/www.sestogrado.it\/wp-content\/uploads\/2020\/03\/01-4.jpg","datePublished":"2020-03-06T13:23:34+00:00","dateModified":"2025-03-09T14:34:17+00:00","description":"Il Camp Alp Mountain \u00e8 un imbrago leggero e compatto caratterizzato da una costruzione in fettuccia portante rastremata analoga a quella dei modelli Alp Racing da scialpinismo competitivo e Flash da arrampicata. La Alp Mountain \u00e8 invece ideale per l'alpinismo, anche in alta quota, grazie al suo connubio di leggerezza e comfort. Si apre completamente e si indossa rapidamente in qualsiasi situazione: basta inserire l'anello di servizio sulla cintura e poi chiudere i cosciali. I tiretti delle fibbie permettono di toglierla e indossarla facilmente anche coi guanti. La sua costruzione essenziale ne esalta la comodit\u00e0, assicurando la massima libert\u00e0 di movimento sia in arrampicata sia in camminata.","breadcrumb":{"@id":"https:\/\/www.sestogrado.it\/it\/prodotto\/camp-alp-mountain-imbrago-da-sci-alpinismo\/#breadcrumb"},"inLanguage":"it-IT","potentialAction":[{"@type":"ReadAction","target":[["https:\/\/www.sestogrado.it\/it\/prodotto\/camp-alp-mountain-imbrago-da-sci-alpinismo\/"]]}]},{"@type":"ImageObject","inLanguage":"it-IT","@id":"https:\/\/www.sestogrado.it\/it\/prodotto\/camp-alp-mountain-imbrago-da-sci-alpinismo\/#primaryimage","url":"https:\/\/www.sestogrado.it\/wp-content\/uploads\/2020\/03\/01-4.jpg","contentUrl":"https:\/\/www.sestogrado.it\/wp-content\/uploads\/2020\/03\/01-4.jpg","width":1000,"height":1000,"caption":"camp alp mountain"},{"@type":"BreadcrumbList","@id":"https:\/\/www.sestogrado.it\/it\/prodotto\/camp-alp-mountain-imbrago-da-sci-alpinismo\/#breadcrumb","itemListElement":[{"@type":"ListItem","position":1,"name":"Home","item":"https:\/\/www.sestogrado.it\/it\/"},{"@type":"ListItem","position":2,"name":"Shop","item":"https:\/\/www.sestogrado.it\/it\/shop\/"},{"@type":"ListItem","position":3,"name":"Camp Alp Mountain imbrago da sci alpinismo"}]},{"@type":"WebSite","@id":"https:\/\/www.sestogrado.it\/it\/#website","url":"https:\/\/www.sestogrado.it\/it\/","name":"Sestogrado","description":"yes we climb","publisher":{"@id":"https:\/\/www.sestogrado.it\/it\/#organization"},"potentialAction":[{"@type":"SearchAction","target":{"@type":"EntryPoint","urlTemplate":"https:\/\/www.sestogrado.it\/it\/?s={search_term_string}"},"query-input":{"@type":"PropertyValueSpecification","valueRequired":true,"valueName":"search_term_string"}}],"inLanguage":"it-IT"},{"@type":"Organization","@id":"https:\/\/www.sestogrado.it\/it\/#organization","name":"Sestogrado","url":"https:\/\/www.sestogrado.it\/it\/","logo":{"@type":"ImageObject","inLanguage":"it-IT","@id":"https:\/\/www.sestogrado.it\/it\/#\/schema\/logo\/image\/","url":"https:\/\/www.sestogrado.it\/wp-content\/uploads\/2015\/03\/sestogrado-favicon.png","contentUrl":"https:\/\/www.sestogrado.it\/wp-content\/uploads\/2015\/03\/sestogrado-favicon.png","width":260,"height":260,"caption":"Sestogrado"},"image":{"@id":"https:\/\/www.sestogrado.it\/it\/#\/schema\/logo\/image\/"},"sameAs":["https:\/\/www.facebook.com\/pages\/Sestogrado\/1542635979353017?ref=bookmarks","https:\/\/www.youtube.com\/channel\/UC847kAfTkaJsWpc1jtQwr3Q"],"hasMerchantReturnPolicy":{"@type":"MerchantReturnPolicy","merchantReturnLink":"https:\/\/www.sestogrado.it\/it\/termini-e-condizioni\/"}}]},"product_brand":"Camp","og_availability":"instock","product_availability":"instock","product_condition":"new"},"_links":{"self":[{"href":"https:\/\/www.sestogrado.it\/it\/wp-json\/wp\/v2\/product\/29229","targetHints":{"allow":["GET"]}}],"collection":[{"href":"https:\/\/www.sestogrado.it\/it\/wp-json\/wp\/v2\/product"}],"about":[{"href":"https:\/\/www.sestogrado.it\/it\/wp-json\/wp\/v2\/types\/product"}],"replies":[{"embeddable":true,"href":"https:\/\/www.sestogrado.it\/it\/wp-json\/wp\/v2\/comments?post=29229"}],"wp:featuredmedia":[{"embeddable":true,"href":"https:\/\/www.sestogrado.it\/it\/wp-json\/wp\/v2\/media\/29235"}],"wp:attachment":[{"href":"https:\/\/www.sestogrado.it\/it\/wp-json\/wp\/v2\/media?parent=29229"}],"wp:term":[{"taxonomy":"product_brand","embeddable":true,"href":"https:\/\/www.sestogrado.it\/it\/wp-json\/wp\/v2\/product_brand?post=29229"},{"taxonomy":"product_cat","embeddable":true,"href":"https:\/\/www.sestogrado.it\/it\/wp-json\/wp\/v2\/product_cat?post=29229"},{"taxonomy":"product_tag","embeddable":true,"href":"https:\/\/www.sestogrado.it\/it\/wp-json\/wp\/v2\/product_tag?post=29229"}],"curies":[{"name":"wp","href":"https:\/\/api.w.org\/{rel}","templated":true}]}}