{"id":29098,"date":"2022-04-26T10:00:42","date_gmt":"2022-04-26T08:00:42","guid":{"rendered":"https:\/\/www.sestogrado.it\/?post_type=product&#038;p=29098"},"modified":"2026-03-18T08:59:42","modified_gmt":"2026-03-18T07:59:42","slug":"camp-m45-campack-zaino-arrampicata-alpinismo-45-litri","status":"publish","type":"product","link":"https:\/\/www.sestogrado.it\/it\/prodotto\/camp-m45-campack-zaino-arrampicata-alpinismo-45-litri\/","title":{"rendered":"Camp M45 Campack zaino arrampicata alpinismo 45 litri"},"content":{"rendered":"<p>Il Camp M45 \u00e8 uno zaino di grande capacit\u00e0 che garantisce lo stesso comfort elevato e la stessa stabilit\u00e0 dei modelli pi\u00f9 piccoli. Come per l&#8217;<a href=\"https:\/\/www.sestogrado.it\/it\/prodotto\/camp-m30-campack-zaino-arrampicata-alpinismo-30-litri\/\" target=\"_blank\" rel=\"noopener noreferrer\">M30<\/a>, di cui condivide tutte le caratteristiche tecniche ma con un litraggio maggiore, il Camp M45 \u00e8 caratterizzato da numerosi sistemi che rendono unici ed altamente tecnici gli zaini della linea Campack, come\u00a0 l&#8217;apertura BackDoor sullo schienale per un immediato accesso a tutto il contenuto senza rimuovere il materiale posto nella parte superiore dello zaino. Il comfort \u00e8 assicurato dal nuovo sistema di ventilazione XAir, dal telaio in filo d\u2019alluminio da 3 mm e dagli spallacci ergonomici e traspiranti. Il cinturone imbottito \u00e8 dotato di tasca con zip e di asola porta materiale, ed \u00e8 amovibile per non intralciare quando si indossa l\u2019imbragatura. L\u2019innovativo Balance System permette di regolare, comprimere e stabilizzare il carico agendo unicamente sulle fettucce sugli spallacci. Il cappuccio amovibile \u00e8 dotato di un\u2019ampia tasca principale e di una tasca pi\u00f9 piccola nella parte inferiore per gli oggetti di valore. In caso di emergenza, col cappuccio rimosso, la protezione della parte superiore dello zaino \u00e8 garantita da un\u2019apposita copertura a scomparsa. Completano il prodotto il doppio porta piccozza con fettucce amovibili superiori, placchette in alluminio inferiori e vano per le lame delle piccozze, il porta sci a scomparsa, il porta casco esterno a scomparsa e 2 ampie tasche elastiche interne con zip per organizzare al meglio il contenuto.<\/p>\n<p>\u2022 Sistema Full BackDoor<br \/>\n\u2022 Schienale con sistema di ventilazione XAir, morbida rete traspirante e tasca interna per hydrobag e accessori<br \/>\n\u2022 Telaio in filo d\u2019alluminio da 3 mm<br \/>\n\u2022 Spallacci ergonomici per un comfort eccezionale<br \/>\n\u2022 Cinturone imbottito con tasca con zip e asola porta materiale<br \/>\n\u2022 Cinturone amovibile durante le attivit\u00e0 pi\u00f9 tecniche<br \/>\n\u2022 Balance System con fettucce sugli spallacci per la regolazione, compressione e stabilizzazione del carico<br \/>\n\u2022 Cappuccio amovibile con ampia tasca principale e tasca secondaria nella parte inferiore per gli oggetti che richiedono maggiore protezione (telefono, portafoglio, chiavi\u2026)<br \/>\n\u2022 Copertura superiore a scomparsa, estraibile in caso di emergenza per proteggere la parte superiore dello zaino quando il cappuccio \u00e8 rimosso oppure utilizzabile come porta corda<br \/>\n\u2022 2 tasche elastiche interne con zip<br \/>\n\u2022 Doppio porta piccozza con fettucce amovibili superiori, placchette in alluminio inferiori e vano per le lame delle piccozze<br \/>\n\u2022 Porta sci a scomparsa con fettucce invertibili per fissare materiale aggiuntivo nella parte frontale dello zaino (es. materassino o snowboard)<br \/>\n\u2022 Porta casco esterno a scomparsa<br \/>\n\u2022 Predisposto per <a href=\"https:\/\/www.sestogrado.it\/it\/prodotto\/camelbak-crux-reservoir-sacca-idrica-per-idratazione-2-litri\/\" target=\"_blank\" rel=\"noopener\">hydrobag<\/a><\/p>\n<div class=\"embed-responsive embed-responsive-16by9\"><iframe title=\"ZAINI SERIE M \u2013 Tecnicit\u00e0 e prestazioni in parete\" width=\"500\" height=\"281\" src=\"https:\/\/www.youtube.com\/embed\/k9eMt4GteP8?feature=oembed\" frameborder=\"0\" allow=\"accelerometer; autoplay; clipboard-write; encrypted-media; gyroscope; picture-in-picture; web-share\" referrerpolicy=\"strict-origin-when-cross-origin\" allowfullscreen><\/iframe><\/div>\n<p>Il Camp M45 \u00e8 uno zaino tecnico e capiente, per alpinismo di pi\u00f9 giornate in parete.<\/p>\n<p>&nbsp;<\/p>\n<p>Passione, lavoro e semplicit\u00e0 sono alcune delle parole chiave che da sempre hanno contraddistinto il modo di essere di C.A.M.P.\u00a0Fondata nel\u00a01889 a Premana, paese dell\u2019alta Valsassina dove tutt\u2019oggi ha la sua sede, C.A.M.P.\u00a0realizza\u00a0prodotti che aiutano a realizzare i sogni ed i progetti di tutti coloro che frequentano la montagna.<\/p>","protected":false},"excerpt":{"rendered":"<p>Il Camp M45 \u00e8 uno zaino di grande capacit\u00e0 che garantisce lo stesso comfort elevato e la stessa stabilit\u00e0 dei [&hellip;]<\/p>\n","protected":false},"featured_media":100212,"comment_status":"open","ping_status":"closed","template":"","meta":{"_acf_changed":false},"product_brand":[31],"product_cat":[389,1432],"product_tag":[],"class_list":{"0":"post-29098","1":"product","2":"type-product","3":"status-publish","4":"has-post-thumbnail","6":"product_brand-camp","7":"product_cat-zaini-alpinismo","8":"product_cat-escursionismo","10":"first","11":"instock","12":"sale","13":"taxable","14":"shipping-taxable","15":"purchasable","16":"product-type-variable"},"acf":[],"yoast_head":"<!-- This site is optimized with the Yoast SEO plugin v26.4 - https:\/\/yoast.com\/wordpress\/plugins\/seo\/ -->\n<title>Camp M45 Campack zaino arrampicata alpinismo 45 litri - Sestogrado<\/title>\n<meta name=\"description\" content=\"Il Camp M45 \u00e8 uno zaino di grande capacit\u00e0 che garantisce lo stesso comfort elevato e la stessa stabilit\u00e0 dei modelli pi\u00f9 piccoli. Come per l&#039;M30, di cui condivide tutte le caratteristiche tecniche ma con un litraggio maggiore, il Camp M45 \u00e8 caratterizzato da numerosi sistemi che rendono unici ed altamente tecnici gli zaini della linea Campack, come\u00a0 l&#039;apertura BackDoor sullo schienale per un immediato accesso a tutto il contenuto senza rimuovere il materiale posto nella parte superiore dello zaino. Il comfort \u00e8 assicurato dal nuovo sistema di ventilazione XAir, dal telaio in filo d&#039;alluminio da 3mm e dagli spallacci ergonomici e traspiranti. Il cinturone imbottito \u00e8 dotato di tasca con zip e di asola porta materiali, ed \u00e8 amovibile per non intralciare quando si indossa l&#039;imbracatura. L&#039;innovativo Balance System permette di regolare, comprimere e stabilizzare il carico agendo unicamente sulle fettucce degli spallacci.Il cappuccio amovibile \u00e8 dotato di un ampia tasca principale e di una tasca pi\u00f9 piccola nella parte inferiore per riporre gli oggetti di valore. In caso di emergenza, col cappuccio rimosso, la protezione della parte superiore dello zaino \u00e8 garantita da un&#039;apposita copertura a scomparsa.Completano il Camp M45 due porta piccozze amovibili, porta sci a scomparsa, porta casco esterno a scomparsa e due ampie tasche elastiche interne per organizzare al meglio il contenuto.\" \/>\n<meta name=\"robots\" content=\"index, follow, max-snippet:-1, max-image-preview:large, max-video-preview:-1\" \/>\n<link rel=\"canonical\" href=\"https:\/\/www.sestogrado.it\/it\/prodotto\/camp-m45-campack-zaino-arrampicata-alpinismo-45-litri\/\" \/>\n<meta property=\"og:locale\" content=\"it_IT\" \/>\n<meta property=\"og:type\" content=\"article\" \/>\n<meta property=\"og:title\" content=\"Camp M45 Campack zaino arrampicata alpinismo 45 litri - Sestogrado\" \/>\n<meta property=\"og:description\" content=\"Il Camp M45 \u00e8 uno zaino di grande capacit\u00e0 che garantisce lo stesso comfort elevato e la stessa stabilit\u00e0 dei modelli pi\u00f9 piccoli. Come per l&#039;M30, di cui condivide tutte le caratteristiche tecniche ma con un litraggio maggiore, il Camp M45 \u00e8 caratterizzato da numerosi sistemi che rendono unici ed altamente tecnici gli zaini della linea Campack, come\u00a0 l&#039;apertura BackDoor sullo schienale per un immediato accesso a tutto il contenuto senza rimuovere il materiale posto nella parte superiore dello zaino. Il comfort \u00e8 assicurato dal nuovo sistema di ventilazione XAir, dal telaio in filo d&#039;alluminio da 3mm e dagli spallacci ergonomici e traspiranti. Il cinturone imbottito \u00e8 dotato di tasca con zip e di asola porta materiali, ed \u00e8 amovibile per non intralciare quando si indossa l&#039;imbracatura. L&#039;innovativo Balance System permette di regolare, comprimere e stabilizzare il carico agendo unicamente sulle fettucce degli spallacci.Il cappuccio amovibile \u00e8 dotato di un ampia tasca principale e di una tasca pi\u00f9 piccola nella parte inferiore per riporre gli oggetti di valore. In caso di emergenza, col cappuccio rimosso, la protezione della parte superiore dello zaino \u00e8 garantita da un&#039;apposita copertura a scomparsa.Completano il Camp M45 due porta piccozze amovibili, porta sci a scomparsa, porta casco esterno a scomparsa e due ampie tasche elastiche interne per organizzare al meglio il contenuto.\" \/>\n<meta property=\"og:url\" content=\"https:\/\/www.sestogrado.it\/it\/prodotto\/camp-m45-campack-zaino-arrampicata-alpinismo-45-litri\/\" \/>\n<meta property=\"og:site_name\" content=\"Sestogrado\" \/>\n<meta property=\"article:publisher\" content=\"https:\/\/www.facebook.com\/pages\/Sestogrado\/1542635979353017?ref=bookmarks\" \/>\n<meta property=\"article:modified_time\" content=\"2026-03-18T07:59:42+00:00\" \/>\n<meta property=\"og:image\" content=\"https:\/\/www.sestogrado.it\/wp-content\/uploads\/2020\/03\/3207-2.jpg\" \/>\n\t<meta property=\"og:image:width\" content=\"1200\" \/>\n\t<meta property=\"og:image:height\" content=\"1200\" \/>\n\t<meta property=\"og:image:type\" content=\"image\/jpeg\" \/>\n<meta name=\"twitter:label1\" content=\"Disponibilit\u00e0\" \/>\n\t<meta name=\"twitter:data1\" content=\"In stock\" \/>\n<script type=\"application\/ld+json\" class=\"yoast-schema-graph\">{\"@context\":\"https:\/\/schema.org\",\"@graph\":[{\"@type\":\"WebPage\",\"@id\":\"https:\/\/www.sestogrado.it\/it\/prodotto\/camp-m45-campack-zaino-arrampicata-alpinismo-45-litri\/\",\"url\":\"https:\/\/www.sestogrado.it\/it\/prodotto\/camp-m45-campack-zaino-arrampicata-alpinismo-45-litri\/\",\"name\":\"Camp M45 Campack zaino arrampicata alpinismo 45 litri - Sestogrado\",\"isPartOf\":{\"@id\":\"https:\/\/www.sestogrado.it\/it\/#website\"},\"primaryImageOfPage\":{\"@id\":\"https:\/\/www.sestogrado.it\/it\/prodotto\/camp-m45-campack-zaino-arrampicata-alpinismo-45-litri\/#primaryimage\"},\"image\":{\"@id\":\"https:\/\/www.sestogrado.it\/prodotto\/camp-m45-campack-zaino-arrampicata-alpinismo-45-litri\/#primaryimage\"},\"thumbnailUrl\":\"https:\/\/www.sestogrado.it\/wp-content\/uploads\/2020\/03\/3207-2.jpg\",\"datePublished\":\"2022-04-26T08:00:42+00:00\",\"dateModified\":\"2026-03-18T07:59:42+00:00\",\"description\":\"Il Camp M45 \u00e8 uno zaino di grande capacit\u00e0 che garantisce lo stesso comfort elevato e la stessa stabilit\u00e0 dei modelli pi\u00f9 piccoli. Come per l'M30, di cui condivide tutte le caratteristiche tecniche ma con un litraggio maggiore, il Camp M45 \u00e8 caratterizzato da numerosi sistemi che rendono unici ed altamente tecnici gli zaini della linea Campack, come\u00a0 l'apertura BackDoor sullo schienale per un immediato accesso a tutto il contenuto senza rimuovere il materiale posto nella parte superiore dello zaino. Il comfort \u00e8 assicurato dal nuovo sistema di ventilazione XAir, dal telaio in filo d'alluminio da 3mm e dagli spallacci ergonomici e traspiranti. Il cinturone imbottito \u00e8 dotato di tasca con zip e di asola porta materiali, ed \u00e8 amovibile per non intralciare quando si indossa l'imbracatura. L'innovativo Balance System permette di regolare, comprimere e stabilizzare il carico agendo unicamente sulle fettucce degli spallacci.Il cappuccio amovibile \u00e8 dotato di un ampia tasca principale e di una tasca pi\u00f9 piccola nella parte inferiore per riporre gli oggetti di valore. In caso di emergenza, col cappuccio rimosso, la protezione della parte superiore dello zaino \u00e8 garantita da un'apposita copertura a scomparsa.Completano il Camp M45 due porta piccozze amovibili, porta sci a scomparsa, porta casco esterno a scomparsa e due ampie tasche elastiche interne per organizzare al meglio il contenuto.\",\"breadcrumb\":{\"@id\":\"https:\/\/www.sestogrado.it\/it\/prodotto\/camp-m45-campack-zaino-arrampicata-alpinismo-45-litri\/#breadcrumb\"},\"inLanguage\":\"it-IT\",\"potentialAction\":[{\"@type\":\"ReadAction\",\"target\":[[\"https:\/\/www.sestogrado.it\/it\/prodotto\/camp-m45-campack-zaino-arrampicata-alpinismo-45-litri\/\"]]}]},{\"@type\":\"ImageObject\",\"inLanguage\":\"it-IT\",\"@id\":\"https:\/\/www.sestogrado.it\/it\/prodotto\/camp-m45-campack-zaino-arrampicata-alpinismo-45-litri\/#primaryimage\",\"url\":\"https:\/\/www.sestogrado.it\/wp-content\/uploads\/2020\/03\/3207-2.jpg\",\"contentUrl\":\"https:\/\/www.sestogrado.it\/wp-content\/uploads\/2020\/03\/3207-2.jpg\",\"width\":1200,\"height\":1200,\"caption\":\"camp m45 grigio\"},{\"@type\":\"BreadcrumbList\",\"@id\":\"https:\/\/www.sestogrado.it\/it\/prodotto\/camp-m45-campack-zaino-arrampicata-alpinismo-45-litri\/#breadcrumb\",\"itemListElement\":[{\"@type\":\"ListItem\",\"position\":1,\"name\":\"Home\",\"item\":\"https:\/\/www.sestogrado.it\/it\/\"},{\"@type\":\"ListItem\",\"position\":2,\"name\":\"Shop\",\"item\":\"https:\/\/www.sestogrado.it\/it\/shop\/\"},{\"@type\":\"ListItem\",\"position\":3,\"name\":\"Camp M45 Campack zaino arrampicata alpinismo 45 litri\"}]},{\"@type\":\"WebSite\",\"@id\":\"https:\/\/www.sestogrado.it\/it\/#website\",\"url\":\"https:\/\/www.sestogrado.it\/it\/\",\"name\":\"Sestogrado\",\"description\":\"yes we climb\",\"publisher\":{\"@id\":\"https:\/\/www.sestogrado.it\/it\/#organization\"},\"potentialAction\":[{\"@type\":\"SearchAction\",\"target\":{\"@type\":\"EntryPoint\",\"urlTemplate\":\"https:\/\/www.sestogrado.it\/it\/?s={search_term_string}\"},\"query-input\":{\"@type\":\"PropertyValueSpecification\",\"valueRequired\":true,\"valueName\":\"search_term_string\"}}],\"inLanguage\":\"it-IT\"},{\"@type\":\"Organization\",\"@id\":\"https:\/\/www.sestogrado.it\/it\/#organization\",\"name\":\"Sestogrado\",\"url\":\"https:\/\/www.sestogrado.it\/it\/\",\"logo\":{\"@type\":\"ImageObject\",\"inLanguage\":\"it-IT\",\"@id\":\"https:\/\/www.sestogrado.it\/it\/#\/schema\/logo\/image\/\",\"url\":\"https:\/\/www.sestogrado.it\/wp-content\/uploads\/2015\/03\/sestogrado-favicon.png\",\"contentUrl\":\"https:\/\/www.sestogrado.it\/wp-content\/uploads\/2015\/03\/sestogrado-favicon.png\",\"width\":260,\"height\":260,\"caption\":\"Sestogrado\"},\"image\":{\"@id\":\"https:\/\/www.sestogrado.it\/it\/#\/schema\/logo\/image\/\"},\"sameAs\":[\"https:\/\/www.facebook.com\/pages\/Sestogrado\/1542635979353017?ref=bookmarks\",\"https:\/\/www.youtube.com\/channel\/UC847kAfTkaJsWpc1jtQwr3Q\"],\"hasMerchantReturnPolicy\":{\"@type\":\"MerchantReturnPolicy\",\"merchantReturnLink\":\"https:\/\/www.sestogrado.it\/it\/termini-e-condizioni\/\"}}]}<\/script>\n<meta property=\"product:brand\" content=\"Camp\" \/>\n<meta property=\"og:availability\" content=\"instock\" \/>\n<meta property=\"product:availability\" content=\"instock\" \/>\n<meta property=\"product:condition\" content=\"new\" \/>\n<!-- \/ Yoast SEO plugin. -->","yoast_head_json":{"title":"Camp M45 Campack zaino arrampicata alpinismo 45 litri - Sestogrado","description":"Il Camp M45 \u00e8 uno zaino di grande capacit\u00e0 che garantisce lo stesso comfort elevato e la stessa stabilit\u00e0 dei modelli pi\u00f9 piccoli. Come per l'M30, di cui condivide tutte le caratteristiche tecniche ma con un litraggio maggiore, il Camp M45 \u00e8 caratterizzato da numerosi sistemi che rendono unici ed altamente tecnici gli zaini della linea Campack, come\u00a0 l'apertura BackDoor sullo schienale per un immediato accesso a tutto il contenuto senza rimuovere il materiale posto nella parte superiore dello zaino. Il comfort \u00e8 assicurato dal nuovo sistema di ventilazione XAir, dal telaio in filo d'alluminio da 3mm e dagli spallacci ergonomici e traspiranti. Il cinturone imbottito \u00e8 dotato di tasca con zip e di asola porta materiali, ed \u00e8 amovibile per non intralciare quando si indossa l'imbracatura. L'innovativo Balance System permette di regolare, comprimere e stabilizzare il carico agendo unicamente sulle fettucce degli spallacci.Il cappuccio amovibile \u00e8 dotato di un ampia tasca principale e di una tasca pi\u00f9 piccola nella parte inferiore per riporre gli oggetti di valore. In caso di emergenza, col cappuccio rimosso, la protezione della parte superiore dello zaino \u00e8 garantita da un'apposita copertura a scomparsa.Completano il Camp M45 due porta piccozze amovibili, porta sci a scomparsa, porta casco esterno a scomparsa e due ampie tasche elastiche interne per organizzare al meglio il contenuto.","robots":{"index":"index","follow":"follow","max-snippet":"max-snippet:-1","max-image-preview":"max-image-preview:large","max-video-preview":"max-video-preview:-1"},"canonical":"https:\/\/www.sestogrado.it\/it\/prodotto\/camp-m45-campack-zaino-arrampicata-alpinismo-45-litri\/","og_locale":"it_IT","og_type":"article","og_title":"Camp M45 Campack zaino arrampicata alpinismo 45 litri - Sestogrado","og_description":"Il Camp M45 \u00e8 uno zaino di grande capacit\u00e0 che garantisce lo stesso comfort elevato e la stessa stabilit\u00e0 dei modelli pi\u00f9 piccoli. Come per l'M30, di cui condivide tutte le caratteristiche tecniche ma con un litraggio maggiore, il Camp M45 \u00e8 caratterizzato da numerosi sistemi che rendono unici ed altamente tecnici gli zaini della linea Campack, come\u00a0 l'apertura BackDoor sullo schienale per un immediato accesso a tutto il contenuto senza rimuovere il materiale posto nella parte superiore dello zaino. Il comfort \u00e8 assicurato dal nuovo sistema di ventilazione XAir, dal telaio in filo d'alluminio da 3mm e dagli spallacci ergonomici e traspiranti. Il cinturone imbottito \u00e8 dotato di tasca con zip e di asola porta materiali, ed \u00e8 amovibile per non intralciare quando si indossa l'imbracatura. L'innovativo Balance System permette di regolare, comprimere e stabilizzare il carico agendo unicamente sulle fettucce degli spallacci.Il cappuccio amovibile \u00e8 dotato di un ampia tasca principale e di una tasca pi\u00f9 piccola nella parte inferiore per riporre gli oggetti di valore. In caso di emergenza, col cappuccio rimosso, la protezione della parte superiore dello zaino \u00e8 garantita da un'apposita copertura a scomparsa.Completano il Camp M45 due porta piccozze amovibili, porta sci a scomparsa, porta casco esterno a scomparsa e due ampie tasche elastiche interne per organizzare al meglio il contenuto.","og_url":"https:\/\/www.sestogrado.it\/it\/prodotto\/camp-m45-campack-zaino-arrampicata-alpinismo-45-litri\/","og_site_name":"Sestogrado","article_publisher":"https:\/\/www.facebook.com\/pages\/Sestogrado\/1542635979353017?ref=bookmarks","article_modified_time":"2026-03-18T07:59:42+00:00","og_image":[{"width":1200,"height":1200,"url":"https:\/\/www.sestogrado.it\/wp-content\/uploads\/2020\/03\/3207-2.jpg","type":"image\/jpeg"}],"twitter_misc":{"Disponibilit\u00e0":"In stock"},"schema":{"@context":"https:\/\/schema.org","@graph":[{"@type":"WebPage","@id":"https:\/\/www.sestogrado.it\/it\/prodotto\/camp-m45-campack-zaino-arrampicata-alpinismo-45-litri\/","url":"https:\/\/www.sestogrado.it\/it\/prodotto\/camp-m45-campack-zaino-arrampicata-alpinismo-45-litri\/","name":"Camp M45 Campack zaino arrampicata alpinismo 45 litri - Sestogrado","isPartOf":{"@id":"https:\/\/www.sestogrado.it\/it\/#website"},"primaryImageOfPage":{"@id":"https:\/\/www.sestogrado.it\/it\/prodotto\/camp-m45-campack-zaino-arrampicata-alpinismo-45-litri\/#primaryimage"},"image":{"@id":"https:\/\/www.sestogrado.it\/prodotto\/camp-m45-campack-zaino-arrampicata-alpinismo-45-litri\/#primaryimage"},"thumbnailUrl":"https:\/\/www.sestogrado.it\/wp-content\/uploads\/2020\/03\/3207-2.jpg","datePublished":"2022-04-26T08:00:42+00:00","dateModified":"2026-03-18T07:59:42+00:00","description":"Il Camp M45 \u00e8 uno zaino di grande capacit\u00e0 che garantisce lo stesso comfort elevato e la stessa stabilit\u00e0 dei modelli pi\u00f9 piccoli. Come per l'M30, di cui condivide tutte le caratteristiche tecniche ma con un litraggio maggiore, il Camp M45 \u00e8 caratterizzato da numerosi sistemi che rendono unici ed altamente tecnici gli zaini della linea Campack, come\u00a0 l'apertura BackDoor sullo schienale per un immediato accesso a tutto il contenuto senza rimuovere il materiale posto nella parte superiore dello zaino. Il comfort \u00e8 assicurato dal nuovo sistema di ventilazione XAir, dal telaio in filo d'alluminio da 3mm e dagli spallacci ergonomici e traspiranti. Il cinturone imbottito \u00e8 dotato di tasca con zip e di asola porta materiali, ed \u00e8 amovibile per non intralciare quando si indossa l'imbracatura. L'innovativo Balance System permette di regolare, comprimere e stabilizzare il carico agendo unicamente sulle fettucce degli spallacci.Il cappuccio amovibile \u00e8 dotato di un ampia tasca principale e di una tasca pi\u00f9 piccola nella parte inferiore per riporre gli oggetti di valore. In caso di emergenza, col cappuccio rimosso, la protezione della parte superiore dello zaino \u00e8 garantita da un'apposita copertura a scomparsa.Completano il Camp M45 due porta piccozze amovibili, porta sci a scomparsa, porta casco esterno a scomparsa e due ampie tasche elastiche interne per organizzare al meglio il contenuto.","breadcrumb":{"@id":"https:\/\/www.sestogrado.it\/it\/prodotto\/camp-m45-campack-zaino-arrampicata-alpinismo-45-litri\/#breadcrumb"},"inLanguage":"it-IT","potentialAction":[{"@type":"ReadAction","target":[["https:\/\/www.sestogrado.it\/it\/prodotto\/camp-m45-campack-zaino-arrampicata-alpinismo-45-litri\/"]]}]},{"@type":"ImageObject","inLanguage":"it-IT","@id":"https:\/\/www.sestogrado.it\/it\/prodotto\/camp-m45-campack-zaino-arrampicata-alpinismo-45-litri\/#primaryimage","url":"https:\/\/www.sestogrado.it\/wp-content\/uploads\/2020\/03\/3207-2.jpg","contentUrl":"https:\/\/www.sestogrado.it\/wp-content\/uploads\/2020\/03\/3207-2.jpg","width":1200,"height":1200,"caption":"camp m45 grigio"},{"@type":"BreadcrumbList","@id":"https:\/\/www.sestogrado.it\/it\/prodotto\/camp-m45-campack-zaino-arrampicata-alpinismo-45-litri\/#breadcrumb","itemListElement":[{"@type":"ListItem","position":1,"name":"Home","item":"https:\/\/www.sestogrado.it\/it\/"},{"@type":"ListItem","position":2,"name":"Shop","item":"https:\/\/www.sestogrado.it\/it\/shop\/"},{"@type":"ListItem","position":3,"name":"Camp M45 Campack zaino arrampicata alpinismo 45 litri"}]},{"@type":"WebSite","@id":"https:\/\/www.sestogrado.it\/it\/#website","url":"https:\/\/www.sestogrado.it\/it\/","name":"Sestogrado","description":"yes we climb","publisher":{"@id":"https:\/\/www.sestogrado.it\/it\/#organization"},"potentialAction":[{"@type":"SearchAction","target":{"@type":"EntryPoint","urlTemplate":"https:\/\/www.sestogrado.it\/it\/?s={search_term_string}"},"query-input":{"@type":"PropertyValueSpecification","valueRequired":true,"valueName":"search_term_string"}}],"inLanguage":"it-IT"},{"@type":"Organization","@id":"https:\/\/www.sestogrado.it\/it\/#organization","name":"Sestogrado","url":"https:\/\/www.sestogrado.it\/it\/","logo":{"@type":"ImageObject","inLanguage":"it-IT","@id":"https:\/\/www.sestogrado.it\/it\/#\/schema\/logo\/image\/","url":"https:\/\/www.sestogrado.it\/wp-content\/uploads\/2015\/03\/sestogrado-favicon.png","contentUrl":"https:\/\/www.sestogrado.it\/wp-content\/uploads\/2015\/03\/sestogrado-favicon.png","width":260,"height":260,"caption":"Sestogrado"},"image":{"@id":"https:\/\/www.sestogrado.it\/it\/#\/schema\/logo\/image\/"},"sameAs":["https:\/\/www.facebook.com\/pages\/Sestogrado\/1542635979353017?ref=bookmarks","https:\/\/www.youtube.com\/channel\/UC847kAfTkaJsWpc1jtQwr3Q"],"hasMerchantReturnPolicy":{"@type":"MerchantReturnPolicy","merchantReturnLink":"https:\/\/www.sestogrado.it\/it\/termini-e-condizioni\/"}}]},"product_brand":"Camp","og_availability":"instock","product_availability":"instock","product_condition":"new"},"_links":{"self":[{"href":"https:\/\/www.sestogrado.it\/it\/wp-json\/wp\/v2\/product\/29098","targetHints":{"allow":["GET"]}}],"collection":[{"href":"https:\/\/www.sestogrado.it\/it\/wp-json\/wp\/v2\/product"}],"about":[{"href":"https:\/\/www.sestogrado.it\/it\/wp-json\/wp\/v2\/types\/product"}],"replies":[{"embeddable":true,"href":"https:\/\/www.sestogrado.it\/it\/wp-json\/wp\/v2\/comments?post=29098"}],"wp:featuredmedia":[{"embeddable":true,"href":"https:\/\/www.sestogrado.it\/it\/wp-json\/wp\/v2\/media\/100212"}],"wp:attachment":[{"href":"https:\/\/www.sestogrado.it\/it\/wp-json\/wp\/v2\/media?parent=29098"}],"wp:term":[{"taxonomy":"product_brand","embeddable":true,"href":"https:\/\/www.sestogrado.it\/it\/wp-json\/wp\/v2\/product_brand?post=29098"},{"taxonomy":"product_cat","embeddable":true,"href":"https:\/\/www.sestogrado.it\/it\/wp-json\/wp\/v2\/product_cat?post=29098"},{"taxonomy":"product_tag","embeddable":true,"href":"https:\/\/www.sestogrado.it\/it\/wp-json\/wp\/v2\/product_tag?post=29098"}],"curies":[{"name":"wp","href":"https:\/\/api.w.org\/{rel}","templated":true}]}}