{"id":29061,"date":"2020-03-04T11:39:28","date_gmt":"2020-03-04T10:39:28","guid":{"rendered":"https:\/\/www.sestogrado.it\/?post_type=product&#038;p=29061"},"modified":"2022-08-30T11:25:44","modified_gmt":"2022-08-30T09:25:44","slug":"camp-cassin-torre-40-sacco-da-recupero-per-scalata-artificiale-alpinismo","status":"publish","type":"product","link":"https:\/\/www.sestogrado.it\/it\/prodotto\/camp-cassin-torre-40-sacco-da-recupero-per-scalata-artificiale-alpinismo\/","title":{"rendered":"Camp Cassin Torre 40 sacco da recupero per scalata artificiale, alpinismo"},"content":{"rendered":"<p>Il Camp Cassin Torre 40 \u00e8 un saccone da recupero compatto estremamente robusto e funzionale, dedicato all&#8217;arrampicata artificiale, alpinismo, big wall. La cintura e gli ampi spallacci imbottiti garantiscono il comfort durante gli avvicinamenti. Una volta in parete, la cintura pu\u00f2 essere rimossa e utilizzata come seggiolino grazie alle asole moschettonabili sui lati. Gli spallacci, sganciati in basso, possono essere infilati nell&#8217;apposita tasca (restando comunque collegati al saccone in modo che non vadano persi). Il robustissimo Tarpaulin TPU 4500D \u00e8 autoportante, conferendo al Cassin Torre 40 la rigidit\u00e0 necessaria per facilitare il carico e l&#8217;accesso al materiale. Le cinghie di sospensione, a lunghezza differenziata e con con asole interne moschettonabili, sono disegnate per non intralciare mai l&#8217;accesso all&#8217;interno del saccone. Le fettucce incrociate sul fondo permettono l&#8217;aggancio al portaledge, di un eventuale secondo saccone o del tubo igienico. All&#8217;interno del vano principale si trovano un&#8217;ampia tasca con zip e maniglia e 3 fettucce porta materiale.<\/p>\n<ul>\n<li>Saccone da recupero compatto da 40 litri<\/li>\n<li>Realizzato in Tarpaulin TPU 4500D per la massima resistenza all&#8217;usura anche a basse temperature<\/li>\n<li>La struttura principale \u00e8 termosaldata per garantire massima solidit\u00e0 e perfetta forma cilindrica<\/li>\n<li>Fondo rinforzato con fori di drenaggio<\/li>\n<li>Fettucce incrociate sul fondo per aggancio portaledge, secondo saccone o tubo igienico<\/li>\n<li>Spallacci imbottiti a scomparsa con sistema di avvicinamento del carico<\/li>\n<li>Cinghia sternale regolabile in altezza<\/li>\n<li>Cintura addominale amovibile imbottita con doppia regolazione, utilizzabile come seggiolino quando rimossa dal saccone<\/li>\n<li>Cinghie di sospensione di diversa lunghezza con asole interne<\/li>\n<li>Ampia tasca interna con zip e maniglia<\/li>\n<li>3 fettucce porta materiale interne<\/li>\n<li>Chiusura ad avvolgimento estremamente funzionale con fibbia in plastica, cordino e cinghia di sicurezza<\/li>\n<\/ul>\n<p>&nbsp;<\/p>\n<p>Il Cassin Torre 40 \u00e8 un saccone da recupero che per la sua estrema robustezza e grande funzionalit\u00e0 \u00e8 destinato a conquistare tutti gli appassionati dell&#8217;arrampicata artificiale.<\/p>\n<p>&nbsp;<\/p>\n<p>CASSIN \u00e8 pi\u00f9 di una storia. CASSIN \u00e8 una leggenda che ha due grandi protagonisti: la montagna e l\u2019uomo. Riccardo Cassin ha stabilito alcuni dei percorsi alpini pi\u00f9 iconici di oggi con gli strumenti che ha costruito da s\u00e9. CASSIN \u00e8 \u201calpinismo in evoluzione\u201d che sta per l\u2019esplorazione nel suo senso pi\u00f9 estremo, in luoghi che esistono solo oltre i confini conosciuti. Cassin \u00e8 concentrata sullo studio dei materiali e del design pi\u00f9 avanzato per aiutare a spingere oltre quest\u2019entusiasmante ricerca.<\/p>","protected":false},"excerpt":{"rendered":"<p>Il Camp Cassin Torre 40 \u00e8 un saccone da recupero compatto estremamente robusto e funzionale, dedicato all&#8217;arrampicata artificiale, alpinismo, big [&hellip;]<\/p>\n","protected":false},"featured_media":29065,"comment_status":"open","ping_status":"closed","template":"","meta":{"_acf_changed":false},"product_brand":[31],"product_cat":[389],"product_tag":[],"class_list":{"0":"post-29061","1":"product","2":"type-product","3":"status-publish","4":"has-post-thumbnail","6":"product_brand-camp","7":"product_cat-zaini-alpinismo","9":"first","10":"outofstock","11":"sale","12":"taxable","13":"shipping-taxable","14":"purchasable","15":"product-type-simple"},"acf":[],"yoast_head":"<!-- This site is optimized with the Yoast SEO plugin v26.4 - https:\/\/yoast.com\/wordpress\/plugins\/seo\/ -->\n<title>Camp Cassin Torre 40 sacco da recupero per scalata artificiale, alpinismo - Sestogrado<\/title>\n<meta name=\"description\" content=\"Il Cassin Torre 40 \u00e8 un saccone da recupero compatto estremamente robusto e funzionale, dedicato all&#039;arrampicata artificiale, alpinismo, big wall. La cintura e gli ampi spallacci imbottiti garantiscono il comfort durante gli avvicinamenti. Una volta in parete, la cintura pu\u00f2 essere rimossa e utilizzata come seggiolino grazie alle asole moschettonabili sui lati. Gli spallacci, sganciati in basso, possono essere infilati nell&#039;apposita tasca (restando comunque collegati al saccone in modo che non vadano persi). Il robustissimo Tarpaulin TPU 4500D \u00e8 autoportante, conferendo al Cassin Torre 40 la rigidit\u00e0 necessaria per facilitare il carico e l&#039;accesso al materiale. Le cinghie di sospensione, a lunghezza differenziata e con con asole interne moschettonabili, sono disegnate per non intralciare mai l&#039;accesso all&#039;interno del saccone. Le fettucce incrociate sul fondo permettono l&#039;aggancio al portaledge, di un eventuale secondo saccone o del tubo igienico. All&#039;interno del vano principale si trovano un&#039;ampia tasca con zip e maniglia e 3 fettucce porta materiale.\" \/>\n<meta name=\"robots\" content=\"index, follow, max-snippet:-1, max-image-preview:large, max-video-preview:-1\" \/>\n<link rel=\"canonical\" href=\"https:\/\/www.sestogrado.it\/it\/prodotto\/camp-cassin-torre-40-sacco-da-recupero-per-scalata-artificiale-alpinismo\/\" \/>\n<meta property=\"og:locale\" content=\"it_IT\" \/>\n<meta property=\"og:type\" content=\"article\" \/>\n<meta property=\"og:title\" content=\"Camp Cassin Torre 40 sacco da recupero per scalata artificiale, alpinismo - Sestogrado\" \/>\n<meta property=\"og:description\" content=\"Il Cassin Torre 40 \u00e8 un saccone da recupero compatto estremamente robusto e funzionale, dedicato all&#039;arrampicata artificiale, alpinismo, big wall. La cintura e gli ampi spallacci imbottiti garantiscono il comfort durante gli avvicinamenti. Una volta in parete, la cintura pu\u00f2 essere rimossa e utilizzata come seggiolino grazie alle asole moschettonabili sui lati. Gli spallacci, sganciati in basso, possono essere infilati nell&#039;apposita tasca (restando comunque collegati al saccone in modo che non vadano persi). Il robustissimo Tarpaulin TPU 4500D \u00e8 autoportante, conferendo al Cassin Torre 40 la rigidit\u00e0 necessaria per facilitare il carico e l&#039;accesso al materiale. Le cinghie di sospensione, a lunghezza differenziata e con con asole interne moschettonabili, sono disegnate per non intralciare mai l&#039;accesso all&#039;interno del saccone. Le fettucce incrociate sul fondo permettono l&#039;aggancio al portaledge, di un eventuale secondo saccone o del tubo igienico. All&#039;interno del vano principale si trovano un&#039;ampia tasca con zip e maniglia e 3 fettucce porta materiale.\" \/>\n<meta property=\"og:url\" content=\"https:\/\/www.sestogrado.it\/it\/prodotto\/camp-cassin-torre-40-sacco-da-recupero-per-scalata-artificiale-alpinismo\/\" \/>\n<meta property=\"og:site_name\" content=\"Sestogrado\" \/>\n<meta property=\"article:publisher\" content=\"https:\/\/www.facebook.com\/pages\/Sestogrado\/1542635979353017?ref=bookmarks\" \/>\n<meta property=\"article:modified_time\" content=\"2022-08-30T09:25:44+00:00\" \/>\n<meta property=\"og:image\" content=\"https:\/\/www.sestogrado.it\/wp-content\/uploads\/2020\/03\/2-2913-CASSIN-TORRE-40-20.jpg\" \/>\n\t<meta property=\"og:image:width\" content=\"1024\" \/>\n\t<meta property=\"og:image:height\" content=\"1024\" \/>\n\t<meta property=\"og:image:type\" content=\"image\/jpeg\" \/>\n<meta name=\"twitter:label1\" content=\"Prezzo\" \/>\n\t<meta name=\"twitter:data1\" content=\"&euro;&nbsp;130,00\" \/>\n\t<meta name=\"twitter:label2\" content=\"Disponibilit\u00e0\" \/>\n\t<meta name=\"twitter:data2\" content=\"Esaurito\" \/>\n<script type=\"application\/ld+json\" class=\"yoast-schema-graph\">{\"@context\":\"https:\/\/schema.org\",\"@graph\":[{\"@type\":\"WebPage\",\"@id\":\"https:\/\/www.sestogrado.it\/it\/prodotto\/camp-cassin-torre-40-sacco-da-recupero-per-scalata-artificiale-alpinismo\/\",\"url\":\"https:\/\/www.sestogrado.it\/it\/prodotto\/camp-cassin-torre-40-sacco-da-recupero-per-scalata-artificiale-alpinismo\/\",\"name\":\"Camp Cassin Torre 40 sacco da recupero per scalata artificiale, alpinismo - Sestogrado\",\"isPartOf\":{\"@id\":\"https:\/\/www.sestogrado.it\/it\/#website\"},\"primaryImageOfPage\":{\"@id\":\"https:\/\/www.sestogrado.it\/it\/prodotto\/camp-cassin-torre-40-sacco-da-recupero-per-scalata-artificiale-alpinismo\/#primaryimage\"},\"image\":{\"@id\":\"https:\/\/www.sestogrado.it\/prodotto\/camp-cassin-torre-40-sacco-da-recupero-per-scalata-artificiale-alpinismo\/#primaryimage\"},\"thumbnailUrl\":\"https:\/\/www.sestogrado.it\/wp-content\/uploads\/2020\/03\/2-2913-CASSIN-TORRE-40-20.jpg\",\"datePublished\":\"2020-03-04T10:39:28+00:00\",\"dateModified\":\"2022-08-30T09:25:44+00:00\",\"description\":\"Il Cassin Torre 40 \u00e8 un saccone da recupero compatto estremamente robusto e funzionale, dedicato all'arrampicata artificiale, alpinismo, big wall. La cintura e gli ampi spallacci imbottiti garantiscono il comfort durante gli avvicinamenti. Una volta in parete, la cintura pu\u00f2 essere rimossa e utilizzata come seggiolino grazie alle asole moschettonabili sui lati. Gli spallacci, sganciati in basso, possono essere infilati nell'apposita tasca (restando comunque collegati al saccone in modo che non vadano persi). Il robustissimo Tarpaulin TPU 4500D \u00e8 autoportante, conferendo al Cassin Torre 40 la rigidit\u00e0 necessaria per facilitare il carico e l'accesso al materiale. Le cinghie di sospensione, a lunghezza differenziata e con con asole interne moschettonabili, sono disegnate per non intralciare mai l'accesso all'interno del saccone. Le fettucce incrociate sul fondo permettono l'aggancio al portaledge, di un eventuale secondo saccone o del tubo igienico. All'interno del vano principale si trovano un'ampia tasca con zip e maniglia e 3 fettucce porta materiale.\",\"breadcrumb\":{\"@id\":\"https:\/\/www.sestogrado.it\/it\/prodotto\/camp-cassin-torre-40-sacco-da-recupero-per-scalata-artificiale-alpinismo\/#breadcrumb\"},\"inLanguage\":\"it-IT\",\"potentialAction\":[{\"@type\":\"ReadAction\",\"target\":[[\"https:\/\/www.sestogrado.it\/it\/prodotto\/camp-cassin-torre-40-sacco-da-recupero-per-scalata-artificiale-alpinismo\/\"]]}]},{\"@type\":\"ImageObject\",\"inLanguage\":\"it-IT\",\"@id\":\"https:\/\/www.sestogrado.it\/it\/prodotto\/camp-cassin-torre-40-sacco-da-recupero-per-scalata-artificiale-alpinismo\/#primaryimage\",\"url\":\"https:\/\/www.sestogrado.it\/wp-content\/uploads\/2020\/03\/2-2913-CASSIN-TORRE-40-20.jpg\",\"contentUrl\":\"https:\/\/www.sestogrado.it\/wp-content\/uploads\/2020\/03\/2-2913-CASSIN-TORRE-40-20.jpg\",\"width\":1024,\"height\":1024,\"caption\":\"Cassin torre 40\"},{\"@type\":\"BreadcrumbList\",\"@id\":\"https:\/\/www.sestogrado.it\/it\/prodotto\/camp-cassin-torre-40-sacco-da-recupero-per-scalata-artificiale-alpinismo\/#breadcrumb\",\"itemListElement\":[{\"@type\":\"ListItem\",\"position\":1,\"name\":\"Home\",\"item\":\"https:\/\/www.sestogrado.it\/it\/\"},{\"@type\":\"ListItem\",\"position\":2,\"name\":\"Shop\",\"item\":\"https:\/\/www.sestogrado.it\/it\/shop\/\"},{\"@type\":\"ListItem\",\"position\":3,\"name\":\"Camp Cassin Torre 40 sacco da recupero per scalata artificiale, alpinismo\"}]},{\"@type\":\"WebSite\",\"@id\":\"https:\/\/www.sestogrado.it\/it\/#website\",\"url\":\"https:\/\/www.sestogrado.it\/it\/\",\"name\":\"Sestogrado\",\"description\":\"yes we climb\",\"publisher\":{\"@id\":\"https:\/\/www.sestogrado.it\/it\/#organization\"},\"potentialAction\":[{\"@type\":\"SearchAction\",\"target\":{\"@type\":\"EntryPoint\",\"urlTemplate\":\"https:\/\/www.sestogrado.it\/it\/?s={search_term_string}\"},\"query-input\":{\"@type\":\"PropertyValueSpecification\",\"valueRequired\":true,\"valueName\":\"search_term_string\"}}],\"inLanguage\":\"it-IT\"},{\"@type\":\"Organization\",\"@id\":\"https:\/\/www.sestogrado.it\/it\/#organization\",\"name\":\"Sestogrado\",\"url\":\"https:\/\/www.sestogrado.it\/it\/\",\"logo\":{\"@type\":\"ImageObject\",\"inLanguage\":\"it-IT\",\"@id\":\"https:\/\/www.sestogrado.it\/it\/#\/schema\/logo\/image\/\",\"url\":\"https:\/\/www.sestogrado.it\/wp-content\/uploads\/2015\/03\/sestogrado-favicon.png\",\"contentUrl\":\"https:\/\/www.sestogrado.it\/wp-content\/uploads\/2015\/03\/sestogrado-favicon.png\",\"width\":260,\"height\":260,\"caption\":\"Sestogrado\"},\"image\":{\"@id\":\"https:\/\/www.sestogrado.it\/it\/#\/schema\/logo\/image\/\"},\"sameAs\":[\"https:\/\/www.facebook.com\/pages\/Sestogrado\/1542635979353017?ref=bookmarks\",\"https:\/\/www.youtube.com\/channel\/UC847kAfTkaJsWpc1jtQwr3Q\"],\"hasMerchantReturnPolicy\":{\"@type\":\"MerchantReturnPolicy\",\"merchantReturnLink\":\"https:\/\/www.sestogrado.it\/it\/termini-e-condizioni\/\"}}]}<\/script>\n<meta property=\"product:brand\" content=\"Camp\" \/>\n<meta property=\"product:price:amount\" content=\"130.00\" \/>\n<meta property=\"product:price:currency\" content=\"EUR\" \/>\n<meta property=\"og:availability\" content=\"out of stock\" \/>\n<meta property=\"product:availability\" content=\"out of stock\" \/>\n<meta property=\"product:condition\" content=\"new\" \/>\n<!-- \/ Yoast SEO plugin. -->","yoast_head_json":{"title":"Camp Cassin Torre 40 sacco da recupero per scalata artificiale, alpinismo - Sestogrado","description":"Il Cassin Torre 40 \u00e8 un saccone da recupero compatto estremamente robusto e funzionale, dedicato all'arrampicata artificiale, alpinismo, big wall. La cintura e gli ampi spallacci imbottiti garantiscono il comfort durante gli avvicinamenti. Una volta in parete, la cintura pu\u00f2 essere rimossa e utilizzata come seggiolino grazie alle asole moschettonabili sui lati. Gli spallacci, sganciati in basso, possono essere infilati nell'apposita tasca (restando comunque collegati al saccone in modo che non vadano persi). Il robustissimo Tarpaulin TPU 4500D \u00e8 autoportante, conferendo al Cassin Torre 40 la rigidit\u00e0 necessaria per facilitare il carico e l'accesso al materiale. Le cinghie di sospensione, a lunghezza differenziata e con con asole interne moschettonabili, sono disegnate per non intralciare mai l'accesso all'interno del saccone. Le fettucce incrociate sul fondo permettono l'aggancio al portaledge, di un eventuale secondo saccone o del tubo igienico. All'interno del vano principale si trovano un'ampia tasca con zip e maniglia e 3 fettucce porta materiale.","robots":{"index":"index","follow":"follow","max-snippet":"max-snippet:-1","max-image-preview":"max-image-preview:large","max-video-preview":"max-video-preview:-1"},"canonical":"https:\/\/www.sestogrado.it\/it\/prodotto\/camp-cassin-torre-40-sacco-da-recupero-per-scalata-artificiale-alpinismo\/","og_locale":"it_IT","og_type":"article","og_title":"Camp Cassin Torre 40 sacco da recupero per scalata artificiale, alpinismo - Sestogrado","og_description":"Il Cassin Torre 40 \u00e8 un saccone da recupero compatto estremamente robusto e funzionale, dedicato all'arrampicata artificiale, alpinismo, big wall. La cintura e gli ampi spallacci imbottiti garantiscono il comfort durante gli avvicinamenti. Una volta in parete, la cintura pu\u00f2 essere rimossa e utilizzata come seggiolino grazie alle asole moschettonabili sui lati. Gli spallacci, sganciati in basso, possono essere infilati nell'apposita tasca (restando comunque collegati al saccone in modo che non vadano persi). Il robustissimo Tarpaulin TPU 4500D \u00e8 autoportante, conferendo al Cassin Torre 40 la rigidit\u00e0 necessaria per facilitare il carico e l'accesso al materiale. Le cinghie di sospensione, a lunghezza differenziata e con con asole interne moschettonabili, sono disegnate per non intralciare mai l'accesso all'interno del saccone. Le fettucce incrociate sul fondo permettono l'aggancio al portaledge, di un eventuale secondo saccone o del tubo igienico. All'interno del vano principale si trovano un'ampia tasca con zip e maniglia e 3 fettucce porta materiale.","og_url":"https:\/\/www.sestogrado.it\/it\/prodotto\/camp-cassin-torre-40-sacco-da-recupero-per-scalata-artificiale-alpinismo\/","og_site_name":"Sestogrado","article_publisher":"https:\/\/www.facebook.com\/pages\/Sestogrado\/1542635979353017?ref=bookmarks","article_modified_time":"2022-08-30T09:25:44+00:00","og_image":[{"width":1024,"height":1024,"url":"https:\/\/www.sestogrado.it\/wp-content\/uploads\/2020\/03\/2-2913-CASSIN-TORRE-40-20.jpg","type":"image\/jpeg"}],"twitter_misc":{"Prezzo":"&euro;&nbsp;130,00","Disponibilit\u00e0":"Esaurito"},"schema":{"@context":"https:\/\/schema.org","@graph":[{"@type":"WebPage","@id":"https:\/\/www.sestogrado.it\/it\/prodotto\/camp-cassin-torre-40-sacco-da-recupero-per-scalata-artificiale-alpinismo\/","url":"https:\/\/www.sestogrado.it\/it\/prodotto\/camp-cassin-torre-40-sacco-da-recupero-per-scalata-artificiale-alpinismo\/","name":"Camp Cassin Torre 40 sacco da recupero per scalata artificiale, alpinismo - Sestogrado","isPartOf":{"@id":"https:\/\/www.sestogrado.it\/it\/#website"},"primaryImageOfPage":{"@id":"https:\/\/www.sestogrado.it\/it\/prodotto\/camp-cassin-torre-40-sacco-da-recupero-per-scalata-artificiale-alpinismo\/#primaryimage"},"image":{"@id":"https:\/\/www.sestogrado.it\/prodotto\/camp-cassin-torre-40-sacco-da-recupero-per-scalata-artificiale-alpinismo\/#primaryimage"},"thumbnailUrl":"https:\/\/www.sestogrado.it\/wp-content\/uploads\/2020\/03\/2-2913-CASSIN-TORRE-40-20.jpg","datePublished":"2020-03-04T10:39:28+00:00","dateModified":"2022-08-30T09:25:44+00:00","description":"Il Cassin Torre 40 \u00e8 un saccone da recupero compatto estremamente robusto e funzionale, dedicato all'arrampicata artificiale, alpinismo, big wall. La cintura e gli ampi spallacci imbottiti garantiscono il comfort durante gli avvicinamenti. Una volta in parete, la cintura pu\u00f2 essere rimossa e utilizzata come seggiolino grazie alle asole moschettonabili sui lati. Gli spallacci, sganciati in basso, possono essere infilati nell'apposita tasca (restando comunque collegati al saccone in modo che non vadano persi). Il robustissimo Tarpaulin TPU 4500D \u00e8 autoportante, conferendo al Cassin Torre 40 la rigidit\u00e0 necessaria per facilitare il carico e l'accesso al materiale. Le cinghie di sospensione, a lunghezza differenziata e con con asole interne moschettonabili, sono disegnate per non intralciare mai l'accesso all'interno del saccone. Le fettucce incrociate sul fondo permettono l'aggancio al portaledge, di un eventuale secondo saccone o del tubo igienico. All'interno del vano principale si trovano un'ampia tasca con zip e maniglia e 3 fettucce porta materiale.","breadcrumb":{"@id":"https:\/\/www.sestogrado.it\/it\/prodotto\/camp-cassin-torre-40-sacco-da-recupero-per-scalata-artificiale-alpinismo\/#breadcrumb"},"inLanguage":"it-IT","potentialAction":[{"@type":"ReadAction","target":[["https:\/\/www.sestogrado.it\/it\/prodotto\/camp-cassin-torre-40-sacco-da-recupero-per-scalata-artificiale-alpinismo\/"]]}]},{"@type":"ImageObject","inLanguage":"it-IT","@id":"https:\/\/www.sestogrado.it\/it\/prodotto\/camp-cassin-torre-40-sacco-da-recupero-per-scalata-artificiale-alpinismo\/#primaryimage","url":"https:\/\/www.sestogrado.it\/wp-content\/uploads\/2020\/03\/2-2913-CASSIN-TORRE-40-20.jpg","contentUrl":"https:\/\/www.sestogrado.it\/wp-content\/uploads\/2020\/03\/2-2913-CASSIN-TORRE-40-20.jpg","width":1024,"height":1024,"caption":"Cassin torre 40"},{"@type":"BreadcrumbList","@id":"https:\/\/www.sestogrado.it\/it\/prodotto\/camp-cassin-torre-40-sacco-da-recupero-per-scalata-artificiale-alpinismo\/#breadcrumb","itemListElement":[{"@type":"ListItem","position":1,"name":"Home","item":"https:\/\/www.sestogrado.it\/it\/"},{"@type":"ListItem","position":2,"name":"Shop","item":"https:\/\/www.sestogrado.it\/it\/shop\/"},{"@type":"ListItem","position":3,"name":"Camp Cassin Torre 40 sacco da recupero per scalata artificiale, alpinismo"}]},{"@type":"WebSite","@id":"https:\/\/www.sestogrado.it\/it\/#website","url":"https:\/\/www.sestogrado.it\/it\/","name":"Sestogrado","description":"yes we climb","publisher":{"@id":"https:\/\/www.sestogrado.it\/it\/#organization"},"potentialAction":[{"@type":"SearchAction","target":{"@type":"EntryPoint","urlTemplate":"https:\/\/www.sestogrado.it\/it\/?s={search_term_string}"},"query-input":{"@type":"PropertyValueSpecification","valueRequired":true,"valueName":"search_term_string"}}],"inLanguage":"it-IT"},{"@type":"Organization","@id":"https:\/\/www.sestogrado.it\/it\/#organization","name":"Sestogrado","url":"https:\/\/www.sestogrado.it\/it\/","logo":{"@type":"ImageObject","inLanguage":"it-IT","@id":"https:\/\/www.sestogrado.it\/it\/#\/schema\/logo\/image\/","url":"https:\/\/www.sestogrado.it\/wp-content\/uploads\/2015\/03\/sestogrado-favicon.png","contentUrl":"https:\/\/www.sestogrado.it\/wp-content\/uploads\/2015\/03\/sestogrado-favicon.png","width":260,"height":260,"caption":"Sestogrado"},"image":{"@id":"https:\/\/www.sestogrado.it\/it\/#\/schema\/logo\/image\/"},"sameAs":["https:\/\/www.facebook.com\/pages\/Sestogrado\/1542635979353017?ref=bookmarks","https:\/\/www.youtube.com\/channel\/UC847kAfTkaJsWpc1jtQwr3Q"],"hasMerchantReturnPolicy":{"@type":"MerchantReturnPolicy","merchantReturnLink":"https:\/\/www.sestogrado.it\/it\/termini-e-condizioni\/"}}]},"product_brand":"Camp","product_price_amount":"130.00","product_price_currency":"EUR","og_availability":"out of stock","product_availability":"out of stock","product_condition":"new"},"_links":{"self":[{"href":"https:\/\/www.sestogrado.it\/it\/wp-json\/wp\/v2\/product\/29061","targetHints":{"allow":["GET"]}}],"collection":[{"href":"https:\/\/www.sestogrado.it\/it\/wp-json\/wp\/v2\/product"}],"about":[{"href":"https:\/\/www.sestogrado.it\/it\/wp-json\/wp\/v2\/types\/product"}],"replies":[{"embeddable":true,"href":"https:\/\/www.sestogrado.it\/it\/wp-json\/wp\/v2\/comments?post=29061"}],"wp:featuredmedia":[{"embeddable":true,"href":"https:\/\/www.sestogrado.it\/it\/wp-json\/wp\/v2\/media\/29065"}],"wp:attachment":[{"href":"https:\/\/www.sestogrado.it\/it\/wp-json\/wp\/v2\/media?parent=29061"}],"wp:term":[{"taxonomy":"product_brand","embeddable":true,"href":"https:\/\/www.sestogrado.it\/it\/wp-json\/wp\/v2\/product_brand?post=29061"},{"taxonomy":"product_cat","embeddable":true,"href":"https:\/\/www.sestogrado.it\/it\/wp-json\/wp\/v2\/product_cat?post=29061"},{"taxonomy":"product_tag","embeddable":true,"href":"https:\/\/www.sestogrado.it\/it\/wp-json\/wp\/v2\/product_tag?post=29061"}],"curies":[{"name":"wp","href":"https:\/\/api.w.org\/{rel}","templated":true}]}}