{"id":29010,"date":"2020-03-03T15:56:03","date_gmt":"2020-03-03T14:56:03","guid":{"rendered":"https:\/\/www.sestogrado.it\/?post_type=product&#038;p=29010"},"modified":"2026-04-26T21:43:11","modified_gmt":"2026-04-26T19:43:11","slug":"camp-energy-cr4-imbrago-arrampicata","status":"publish","type":"product","link":"https:\/\/www.sestogrado.it\/it\/prodotto\/camp-energy-cr4-imbrago-arrampicata\/","title":{"rendered":"Camp Energy CR4 imbrago arrampicata"},"content":{"rendered":"<p>Il Camp Energy CR4 \u00e8 la versione con 4 fibbie di regolazione dell&#8217;imbrago <a href=\"https:\/\/www.sestogrado.it\/it\/prodotto\/camp-energy-imbrago-arrampicata\/\" target=\"_blank\" rel=\"noopener noreferrer\">Energy<\/a>. Beneficia cos\u00ec del collaudato design e della costruzione termoformata, che lo rende particolarmente comodo ed idoneo all&#8217;arrampicata su tutti i livelli. Le 4 fibbie di regolazione consentono una totale personalizzazione ed un adattamento a qualsiasi utilizzo, dall&#8217;arrampicata in falesia, alle vie trad, vie ferrate, arrampicata indoor, etc. Con una vestibilit\u00e0 perfetta in ogni stagione. Le due fibbie rapide autobloccanti in vita consentono siil pi\u00f9 alto range di vestibilit\u00e0 con la massima sicurezza. L&#8217;interno del Energy CR4 \u00e8 in materiale termoformato, un tessuto che tende ad adattarsi alla propria ergonomia, fornendo un perfetto adattamento al corpo di cintura e cosciali. I cosciali con fibbia garantiscono regolabilit\u00e0 in funzione della stagione; completano l&#8217;Energy CR4 quattro portamateriali in fettuccia con tubetto di rivestimento ed un anello di recupero posteriore.<\/p>\n<ul>\n<li>imbracatura polivalente, completamente regolabile per l&#8217;arrampicata su tutti i livelli<\/li>\n<li>cintura e cosciali con interno termoformato che si adatta perfettamente al corpo per un comfort eccezionale<\/li>\n<li>cintura con 2 fibbie rapide autobloccanti e cosciali regolabili<\/li>\n<li>4 anelli portamateriali rinforzati<\/li>\n<li>anello di recupero posteriore<\/li>\n<\/ul>\n<p>Il Camp Energy CR4 \u00e8 un imbrago completo e polivalente, ideale per ogni contesto alpinistico.<\/p>\n<p>&nbsp;<\/p>\n<p>Passione, lavoro e semplicit\u00e0 sono alcune delle parole chiave che da sempre hanno contraddistinto il modo di essere di C.A.M.P. La passione \u00e8 quella per la montagna e per i prodotti che aiutano a realizzare i sogni ed i progetti di tutti coloro che la frequentano; il lavoro \u00e8 quello tramandato da oltre 115 anni in quattro distinte generazioni succedutesi alla guida dell\u2019azienda e la semplicit\u00e0 \u00e8 quella che contraddistingue un modo di essere e relazionarsi basato sulla seriet\u00e0 e lealt\u00e0.<\/p>","protected":false},"excerpt":{"rendered":"<p>Il Camp Energy CR4 \u00e8 la versione con 4 fibbie di regolazione dell&#8217;imbrago Energy. Beneficia cos\u00ec del collaudato design e [&hellip;]<\/p>\n","protected":false},"featured_media":29011,"comment_status":"open","ping_status":"closed","template":"","meta":{"_acf_changed":false},"product_brand":[31],"product_cat":[183],"product_tag":[],"class_list":{"0":"post-29010","1":"product","2":"type-product","3":"status-publish","4":"has-post-thumbnail","6":"product_brand-camp","7":"product_cat-alpinismo","9":"first","10":"instock","11":"sale","12":"taxable","13":"shipping-taxable","14":"purchasable","15":"product-type-variable"},"acf":[],"yoast_head":"<!-- This site is optimized with the Yoast SEO plugin v26.4 - https:\/\/yoast.com\/wordpress\/plugins\/seo\/ -->\n<title>Camp Energy CR4 imbrago arrampicata - Sestogrado<\/title>\n<meta name=\"description\" content=\"Il Camp Energy CR4 \u00e8 la versione con 4 fibbie di regolazione dell&#039;imbrago Energy. Beneficia cos\u00ec del collaudato design e della costruzione termoformata, che lo rende particolarmente comodo ed idoneo all&#039;arrampicata su tutti i livelli. Le 4 fibbie di regolazione consentono una totale personalizzazione ed un adattamento a qualsiasi utilizzo, dall&#039;arrampicata in falesia, alle vie trad, vie ferrate, arrampicata indoor, etc. Con una vestibilit\u00e0 perfetta in ogni stagione. Le due fibbie rapide autobloccanti in vita consentono siil pi\u00f9 alto range di vestibilit\u00e0 con la massima sicurezza. L&#039;interno del Energy CR4 \u00e8 in materiale termoformato, un tessuto che tende ad adattarsi alla propria ergonomia, fornendo un perfetto adattamento al corpo di cintura e cosciali. I cosciali con fibbia garantiscono regolabilit\u00e0 in funzione della stagione; completano l&#039;Energy CR4 quattro portamateriali in fettuccia con tubetto di rivestimento ed un anello di recupero posteriore.\" \/>\n<meta name=\"robots\" content=\"index, follow, max-snippet:-1, max-image-preview:large, max-video-preview:-1\" \/>\n<link rel=\"canonical\" href=\"https:\/\/www.sestogrado.it\/it\/prodotto\/camp-energy-cr4-imbrago-arrampicata\/\" \/>\n<meta property=\"og:locale\" content=\"it_IT\" \/>\n<meta property=\"og:type\" content=\"article\" \/>\n<meta property=\"og:title\" content=\"Camp Energy CR4 imbrago arrampicata - Sestogrado\" \/>\n<meta property=\"og:description\" content=\"Il Camp Energy CR4 \u00e8 la versione con 4 fibbie di regolazione dell&#039;imbrago Energy. Beneficia cos\u00ec del collaudato design e della costruzione termoformata, che lo rende particolarmente comodo ed idoneo all&#039;arrampicata su tutti i livelli. Le 4 fibbie di regolazione consentono una totale personalizzazione ed un adattamento a qualsiasi utilizzo, dall&#039;arrampicata in falesia, alle vie trad, vie ferrate, arrampicata indoor, etc. Con una vestibilit\u00e0 perfetta in ogni stagione. Le due fibbie rapide autobloccanti in vita consentono siil pi\u00f9 alto range di vestibilit\u00e0 con la massima sicurezza. L&#039;interno del Energy CR4 \u00e8 in materiale termoformato, un tessuto che tende ad adattarsi alla propria ergonomia, fornendo un perfetto adattamento al corpo di cintura e cosciali. I cosciali con fibbia garantiscono regolabilit\u00e0 in funzione della stagione; completano l&#039;Energy CR4 quattro portamateriali in fettuccia con tubetto di rivestimento ed un anello di recupero posteriore.\" \/>\n<meta property=\"og:url\" content=\"https:\/\/www.sestogrado.it\/it\/prodotto\/camp-energy-cr4-imbrago-arrampicata\/\" \/>\n<meta property=\"og:site_name\" content=\"Sestogrado\" \/>\n<meta property=\"article:publisher\" content=\"https:\/\/www.facebook.com\/pages\/Sestogrado\/1542635979353017?ref=bookmarks\" \/>\n<meta property=\"article:modified_time\" content=\"2026-04-26T19:43:11+00:00\" \/>\n<meta property=\"og:image\" content=\"https:\/\/www.sestogrado.it\/wp-content\/uploads\/2020\/03\/01-2.jpg\" \/>\n\t<meta property=\"og:image:width\" content=\"1024\" \/>\n\t<meta property=\"og:image:height\" content=\"1024\" \/>\n\t<meta property=\"og:image:type\" content=\"image\/jpeg\" \/>\n<meta name=\"twitter:label1\" content=\"Disponibilit\u00e0\" \/>\n\t<meta name=\"twitter:data1\" content=\"In stock\" \/>\n<script type=\"application\/ld+json\" class=\"yoast-schema-graph\">{\"@context\":\"https:\/\/schema.org\",\"@graph\":[{\"@type\":\"WebPage\",\"@id\":\"https:\/\/www.sestogrado.it\/it\/prodotto\/camp-energy-cr4-imbrago-arrampicata\/\",\"url\":\"https:\/\/www.sestogrado.it\/it\/prodotto\/camp-energy-cr4-imbrago-arrampicata\/\",\"name\":\"Camp Energy CR4 imbrago arrampicata - Sestogrado\",\"isPartOf\":{\"@id\":\"https:\/\/www.sestogrado.it\/it\/#website\"},\"primaryImageOfPage\":{\"@id\":\"https:\/\/www.sestogrado.it\/it\/prodotto\/camp-energy-cr4-imbrago-arrampicata\/#primaryimage\"},\"image\":{\"@id\":\"https:\/\/www.sestogrado.it\/prodotto\/camp-energy-cr4-imbrago-arrampicata\/#primaryimage\"},\"thumbnailUrl\":\"https:\/\/www.sestogrado.it\/wp-content\/uploads\/2020\/03\/01-2.jpg\",\"datePublished\":\"2020-03-03T14:56:03+00:00\",\"dateModified\":\"2026-04-26T19:43:11+00:00\",\"description\":\"Il Camp Energy CR4 \u00e8 la versione con 4 fibbie di regolazione dell'imbrago Energy. Beneficia cos\u00ec del collaudato design e della costruzione termoformata, che lo rende particolarmente comodo ed idoneo all'arrampicata su tutti i livelli. Le 4 fibbie di regolazione consentono una totale personalizzazione ed un adattamento a qualsiasi utilizzo, dall'arrampicata in falesia, alle vie trad, vie ferrate, arrampicata indoor, etc. Con una vestibilit\u00e0 perfetta in ogni stagione. Le due fibbie rapide autobloccanti in vita consentono siil pi\u00f9 alto range di vestibilit\u00e0 con la massima sicurezza. L'interno del Energy CR4 \u00e8 in materiale termoformato, un tessuto che tende ad adattarsi alla propria ergonomia, fornendo un perfetto adattamento al corpo di cintura e cosciali. I cosciali con fibbia garantiscono regolabilit\u00e0 in funzione della stagione; completano l'Energy CR4 quattro portamateriali in fettuccia con tubetto di rivestimento ed un anello di recupero posteriore.\",\"breadcrumb\":{\"@id\":\"https:\/\/www.sestogrado.it\/it\/prodotto\/camp-energy-cr4-imbrago-arrampicata\/#breadcrumb\"},\"inLanguage\":\"it-IT\",\"potentialAction\":[{\"@type\":\"ReadAction\",\"target\":[[\"https:\/\/www.sestogrado.it\/it\/prodotto\/camp-energy-cr4-imbrago-arrampicata\/\"]]}]},{\"@type\":\"ImageObject\",\"inLanguage\":\"it-IT\",\"@id\":\"https:\/\/www.sestogrado.it\/it\/prodotto\/camp-energy-cr4-imbrago-arrampicata\/#primaryimage\",\"url\":\"https:\/\/www.sestogrado.it\/wp-content\/uploads\/2020\/03\/01-2.jpg\",\"contentUrl\":\"https:\/\/www.sestogrado.it\/wp-content\/uploads\/2020\/03\/01-2.jpg\",\"width\":1024,\"height\":1024,\"caption\":\"camp energy cr4\"},{\"@type\":\"BreadcrumbList\",\"@id\":\"https:\/\/www.sestogrado.it\/it\/prodotto\/camp-energy-cr4-imbrago-arrampicata\/#breadcrumb\",\"itemListElement\":[{\"@type\":\"ListItem\",\"position\":1,\"name\":\"Home\",\"item\":\"https:\/\/www.sestogrado.it\/it\/\"},{\"@type\":\"ListItem\",\"position\":2,\"name\":\"Shop\",\"item\":\"https:\/\/www.sestogrado.it\/it\/shop\/\"},{\"@type\":\"ListItem\",\"position\":3,\"name\":\"Camp Energy CR4 imbrago arrampicata\"}]},{\"@type\":\"WebSite\",\"@id\":\"https:\/\/www.sestogrado.it\/it\/#website\",\"url\":\"https:\/\/www.sestogrado.it\/it\/\",\"name\":\"Sestogrado\",\"description\":\"yes we climb\",\"publisher\":{\"@id\":\"https:\/\/www.sestogrado.it\/it\/#organization\"},\"potentialAction\":[{\"@type\":\"SearchAction\",\"target\":{\"@type\":\"EntryPoint\",\"urlTemplate\":\"https:\/\/www.sestogrado.it\/it\/?s={search_term_string}\"},\"query-input\":{\"@type\":\"PropertyValueSpecification\",\"valueRequired\":true,\"valueName\":\"search_term_string\"}}],\"inLanguage\":\"it-IT\"},{\"@type\":\"Organization\",\"@id\":\"https:\/\/www.sestogrado.it\/it\/#organization\",\"name\":\"Sestogrado\",\"url\":\"https:\/\/www.sestogrado.it\/it\/\",\"logo\":{\"@type\":\"ImageObject\",\"inLanguage\":\"it-IT\",\"@id\":\"https:\/\/www.sestogrado.it\/it\/#\/schema\/logo\/image\/\",\"url\":\"https:\/\/www.sestogrado.it\/wp-content\/uploads\/2015\/03\/sestogrado-favicon.png\",\"contentUrl\":\"https:\/\/www.sestogrado.it\/wp-content\/uploads\/2015\/03\/sestogrado-favicon.png\",\"width\":260,\"height\":260,\"caption\":\"Sestogrado\"},\"image\":{\"@id\":\"https:\/\/www.sestogrado.it\/it\/#\/schema\/logo\/image\/\"},\"sameAs\":[\"https:\/\/www.facebook.com\/pages\/Sestogrado\/1542635979353017?ref=bookmarks\",\"https:\/\/www.youtube.com\/channel\/UC847kAfTkaJsWpc1jtQwr3Q\"],\"hasMerchantReturnPolicy\":{\"@type\":\"MerchantReturnPolicy\",\"merchantReturnLink\":\"https:\/\/www.sestogrado.it\/it\/termini-e-condizioni\/\"}}]}<\/script>\n<meta property=\"product:brand\" content=\"Camp\" \/>\n<meta property=\"og:availability\" content=\"instock\" \/>\n<meta property=\"product:availability\" content=\"instock\" \/>\n<meta property=\"product:condition\" content=\"new\" \/>\n<!-- \/ Yoast SEO plugin. -->","yoast_head_json":{"title":"Camp Energy CR4 imbrago arrampicata - Sestogrado","description":"Il Camp Energy CR4 \u00e8 la versione con 4 fibbie di regolazione dell'imbrago Energy. Beneficia cos\u00ec del collaudato design e della costruzione termoformata, che lo rende particolarmente comodo ed idoneo all'arrampicata su tutti i livelli. Le 4 fibbie di regolazione consentono una totale personalizzazione ed un adattamento a qualsiasi utilizzo, dall'arrampicata in falesia, alle vie trad, vie ferrate, arrampicata indoor, etc. Con una vestibilit\u00e0 perfetta in ogni stagione. Le due fibbie rapide autobloccanti in vita consentono siil pi\u00f9 alto range di vestibilit\u00e0 con la massima sicurezza. L'interno del Energy CR4 \u00e8 in materiale termoformato, un tessuto che tende ad adattarsi alla propria ergonomia, fornendo un perfetto adattamento al corpo di cintura e cosciali. I cosciali con fibbia garantiscono regolabilit\u00e0 in funzione della stagione; completano l'Energy CR4 quattro portamateriali in fettuccia con tubetto di rivestimento ed un anello di recupero posteriore.","robots":{"index":"index","follow":"follow","max-snippet":"max-snippet:-1","max-image-preview":"max-image-preview:large","max-video-preview":"max-video-preview:-1"},"canonical":"https:\/\/www.sestogrado.it\/it\/prodotto\/camp-energy-cr4-imbrago-arrampicata\/","og_locale":"it_IT","og_type":"article","og_title":"Camp Energy CR4 imbrago arrampicata - Sestogrado","og_description":"Il Camp Energy CR4 \u00e8 la versione con 4 fibbie di regolazione dell'imbrago Energy. Beneficia cos\u00ec del collaudato design e della costruzione termoformata, che lo rende particolarmente comodo ed idoneo all'arrampicata su tutti i livelli. Le 4 fibbie di regolazione consentono una totale personalizzazione ed un adattamento a qualsiasi utilizzo, dall'arrampicata in falesia, alle vie trad, vie ferrate, arrampicata indoor, etc. Con una vestibilit\u00e0 perfetta in ogni stagione. Le due fibbie rapide autobloccanti in vita consentono siil pi\u00f9 alto range di vestibilit\u00e0 con la massima sicurezza. L'interno del Energy CR4 \u00e8 in materiale termoformato, un tessuto che tende ad adattarsi alla propria ergonomia, fornendo un perfetto adattamento al corpo di cintura e cosciali. I cosciali con fibbia garantiscono regolabilit\u00e0 in funzione della stagione; completano l'Energy CR4 quattro portamateriali in fettuccia con tubetto di rivestimento ed un anello di recupero posteriore.","og_url":"https:\/\/www.sestogrado.it\/it\/prodotto\/camp-energy-cr4-imbrago-arrampicata\/","og_site_name":"Sestogrado","article_publisher":"https:\/\/www.facebook.com\/pages\/Sestogrado\/1542635979353017?ref=bookmarks","article_modified_time":"2026-04-26T19:43:11+00:00","og_image":[{"width":1024,"height":1024,"url":"https:\/\/www.sestogrado.it\/wp-content\/uploads\/2020\/03\/01-2.jpg","type":"image\/jpeg"}],"twitter_misc":{"Disponibilit\u00e0":"In stock"},"schema":{"@context":"https:\/\/schema.org","@graph":[{"@type":"WebPage","@id":"https:\/\/www.sestogrado.it\/it\/prodotto\/camp-energy-cr4-imbrago-arrampicata\/","url":"https:\/\/www.sestogrado.it\/it\/prodotto\/camp-energy-cr4-imbrago-arrampicata\/","name":"Camp Energy CR4 imbrago arrampicata - Sestogrado","isPartOf":{"@id":"https:\/\/www.sestogrado.it\/it\/#website"},"primaryImageOfPage":{"@id":"https:\/\/www.sestogrado.it\/it\/prodotto\/camp-energy-cr4-imbrago-arrampicata\/#primaryimage"},"image":{"@id":"https:\/\/www.sestogrado.it\/prodotto\/camp-energy-cr4-imbrago-arrampicata\/#primaryimage"},"thumbnailUrl":"https:\/\/www.sestogrado.it\/wp-content\/uploads\/2020\/03\/01-2.jpg","datePublished":"2020-03-03T14:56:03+00:00","dateModified":"2026-04-26T19:43:11+00:00","description":"Il Camp Energy CR4 \u00e8 la versione con 4 fibbie di regolazione dell'imbrago Energy. Beneficia cos\u00ec del collaudato design e della costruzione termoformata, che lo rende particolarmente comodo ed idoneo all'arrampicata su tutti i livelli. Le 4 fibbie di regolazione consentono una totale personalizzazione ed un adattamento a qualsiasi utilizzo, dall'arrampicata in falesia, alle vie trad, vie ferrate, arrampicata indoor, etc. Con una vestibilit\u00e0 perfetta in ogni stagione. Le due fibbie rapide autobloccanti in vita consentono siil pi\u00f9 alto range di vestibilit\u00e0 con la massima sicurezza. L'interno del Energy CR4 \u00e8 in materiale termoformato, un tessuto che tende ad adattarsi alla propria ergonomia, fornendo un perfetto adattamento al corpo di cintura e cosciali. I cosciali con fibbia garantiscono regolabilit\u00e0 in funzione della stagione; completano l'Energy CR4 quattro portamateriali in fettuccia con tubetto di rivestimento ed un anello di recupero posteriore.","breadcrumb":{"@id":"https:\/\/www.sestogrado.it\/it\/prodotto\/camp-energy-cr4-imbrago-arrampicata\/#breadcrumb"},"inLanguage":"it-IT","potentialAction":[{"@type":"ReadAction","target":[["https:\/\/www.sestogrado.it\/it\/prodotto\/camp-energy-cr4-imbrago-arrampicata\/"]]}]},{"@type":"ImageObject","inLanguage":"it-IT","@id":"https:\/\/www.sestogrado.it\/it\/prodotto\/camp-energy-cr4-imbrago-arrampicata\/#primaryimage","url":"https:\/\/www.sestogrado.it\/wp-content\/uploads\/2020\/03\/01-2.jpg","contentUrl":"https:\/\/www.sestogrado.it\/wp-content\/uploads\/2020\/03\/01-2.jpg","width":1024,"height":1024,"caption":"camp energy cr4"},{"@type":"BreadcrumbList","@id":"https:\/\/www.sestogrado.it\/it\/prodotto\/camp-energy-cr4-imbrago-arrampicata\/#breadcrumb","itemListElement":[{"@type":"ListItem","position":1,"name":"Home","item":"https:\/\/www.sestogrado.it\/it\/"},{"@type":"ListItem","position":2,"name":"Shop","item":"https:\/\/www.sestogrado.it\/it\/shop\/"},{"@type":"ListItem","position":3,"name":"Camp Energy CR4 imbrago arrampicata"}]},{"@type":"WebSite","@id":"https:\/\/www.sestogrado.it\/it\/#website","url":"https:\/\/www.sestogrado.it\/it\/","name":"Sestogrado","description":"yes we climb","publisher":{"@id":"https:\/\/www.sestogrado.it\/it\/#organization"},"potentialAction":[{"@type":"SearchAction","target":{"@type":"EntryPoint","urlTemplate":"https:\/\/www.sestogrado.it\/it\/?s={search_term_string}"},"query-input":{"@type":"PropertyValueSpecification","valueRequired":true,"valueName":"search_term_string"}}],"inLanguage":"it-IT"},{"@type":"Organization","@id":"https:\/\/www.sestogrado.it\/it\/#organization","name":"Sestogrado","url":"https:\/\/www.sestogrado.it\/it\/","logo":{"@type":"ImageObject","inLanguage":"it-IT","@id":"https:\/\/www.sestogrado.it\/it\/#\/schema\/logo\/image\/","url":"https:\/\/www.sestogrado.it\/wp-content\/uploads\/2015\/03\/sestogrado-favicon.png","contentUrl":"https:\/\/www.sestogrado.it\/wp-content\/uploads\/2015\/03\/sestogrado-favicon.png","width":260,"height":260,"caption":"Sestogrado"},"image":{"@id":"https:\/\/www.sestogrado.it\/it\/#\/schema\/logo\/image\/"},"sameAs":["https:\/\/www.facebook.com\/pages\/Sestogrado\/1542635979353017?ref=bookmarks","https:\/\/www.youtube.com\/channel\/UC847kAfTkaJsWpc1jtQwr3Q"],"hasMerchantReturnPolicy":{"@type":"MerchantReturnPolicy","merchantReturnLink":"https:\/\/www.sestogrado.it\/it\/termini-e-condizioni\/"}}]},"product_brand":"Camp","og_availability":"instock","product_availability":"instock","product_condition":"new"},"_links":{"self":[{"href":"https:\/\/www.sestogrado.it\/it\/wp-json\/wp\/v2\/product\/29010","targetHints":{"allow":["GET"]}}],"collection":[{"href":"https:\/\/www.sestogrado.it\/it\/wp-json\/wp\/v2\/product"}],"about":[{"href":"https:\/\/www.sestogrado.it\/it\/wp-json\/wp\/v2\/types\/product"}],"replies":[{"embeddable":true,"href":"https:\/\/www.sestogrado.it\/it\/wp-json\/wp\/v2\/comments?post=29010"}],"wp:featuredmedia":[{"embeddable":true,"href":"https:\/\/www.sestogrado.it\/it\/wp-json\/wp\/v2\/media\/29011"}],"wp:attachment":[{"href":"https:\/\/www.sestogrado.it\/it\/wp-json\/wp\/v2\/media?parent=29010"}],"wp:term":[{"taxonomy":"product_brand","embeddable":true,"href":"https:\/\/www.sestogrado.it\/it\/wp-json\/wp\/v2\/product_brand?post=29010"},{"taxonomy":"product_cat","embeddable":true,"href":"https:\/\/www.sestogrado.it\/it\/wp-json\/wp\/v2\/product_cat?post=29010"},{"taxonomy":"product_tag","embeddable":true,"href":"https:\/\/www.sestogrado.it\/it\/wp-json\/wp\/v2\/product_tag?post=29010"}],"curies":[{"name":"wp","href":"https:\/\/api.w.org\/{rel}","templated":true}]}}