{"id":28953,"date":"2020-03-09T14:53:46","date_gmt":"2020-03-09T13:53:46","guid":{"rendered":"https:\/\/www.sestogrado.it\/?post_type=product&#038;p=28953"},"modified":"2026-02-15T22:22:40","modified_gmt":"2026-02-15T21:22:40","slug":"black-diamond-camalot-z4-friend-arrampicata-tutte-le-misure","status":"publish","type":"product","link":"https:\/\/www.sestogrado.it\/it\/prodotto\/black-diamond-camalot-z4-friend-arrampicata-tutte-le-misure\/","title":{"rendered":"Black Diamond Camalot Z4 friend arrampicata tutte le misure"},"content":{"rendered":"<p>Il Black Diamond Camalot Z4 \u00e8 un friend da arrampicata a stelo pieghevole. Grazie al rivoluzionario sistema RigidFlex, che rimane rigido durante il posizionamento, per flettersi quando &#8220;trazionato&#8221; lateralmente, gli Z4 forniscono la massima protezione nelle fessure pi\u00f9 piccole e dure da scovare. Il Camalot Z4 garantisce maneggevolezza, facilit\u00e0 di posizionamento nelle fessure pi\u00f9 ostiche e tenuta del friend una volta inserito.<\/p>\n<p>Nato dalla collaborazione diretta con top climber come Hazel Findlay, Carlo Traversi, Sam Elias, e Babsi Zangerl, il Camalot Z4 \u00e8 la realizzazione di un sogno: avere un friend a singolo stelo che rimanga rigido in mano ma che si fletta una volta posizionato. Grazie ai cavi indipendenti agganciati al grilletto, il Camalot Z4 non si piega n\u00e8 quando sotto tensione n\u00e8 quando si ritrae, ma quando \u00e8 posizionato lo stelo si flette, garantendo un posizionamento preciso, che non &#8220;cammina&#8221; dentro la fessura se trazionato. Lo stelo, nelle misure pi\u00f9 grandi (dalla 0.3 alla 0.75), \u00e8 dotato anche\u00a0 di una struttura a doppio cavo attorcigliato che conferisce una flessibilit\u00e0 uniforme in tutte le direzioni, mentre la costruzione e stelo singolo \u00e8 implementata nelle taglie pi\u00f9 piccole, per conferire il profilo pi\u00f9 sottile possibile al grilletto.<\/p>\n<p>Le camme del Camalot Z4 sono sabbiate per dare maggiore ruvidit\u00e0 e quindi grip a contatto con la roccia. Disponibile in sette misure, la pi\u00f9 piccola, la taglia 0, \u00e8 il friend pi\u00f9 piccolo mai realizzato.<\/p>\n<ul>\n<li>il nuovo sistema RigidFlex mantiene il friend Camalot Z4 rigido quando lo si posiziona ma in grado di flettersi una volta inserito<\/li>\n<li>struttura a doppio cavo per le misure pi\u00f9 grandi (0.3 &#8211; 0.75), stelo singolo per le misure pi\u00f9 piccole (0 &#8211; 0.2) per ridurre profilo<\/li>\n<li>larghezza della testa ridotta per posizionamenti stretti<\/li>\n<li>camme sabbiate per massimo grip<\/li>\n<li>leggera e durevole fettuccia in Dynex con colori differenziati per facile riconoscibilit\u00e0<\/li>\n<li>Associabili ai rackpack con moschettoni colorati\u00a0<a href=\"https:\/\/www.sestogrado.it\/it\/prodotto\/black-diamond-litewire-rackpack-set-moschettoni\/\" target=\"_blank\" rel=\"noopener noreferrer\">Litewire<\/a>\u00a0e\u00a0<a href=\"https:\/\/www.sestogrado.it\/it\/prodotto\/black-diamond-miniwire-rackpack-set-moschettoni\/\" target=\"_blank\" rel=\"noopener noreferrer\">Miniwire<\/a>\u00a0per un facile riconoscimento<\/li>\n<\/ul>\n<p>I Black Diamond Camalot Z4 sono il nuovo standard di riferimento per le piccole fessure, i posizionamenti scomodi, che necessitano di flessibilit\u00e0 ed orientabilit\u00e0 del friend.<\/p>\n<p>&nbsp;<\/p>\n<div class=\"attributeItem first\"><span class=\"attributeName\">Peso:\u00a0\u00a0<\/span><span class=\"attributeValue\"><br \/>\n[0] 43 g<br \/>\n[0.1] 45 g<br \/>\n[0.2] 48 g<br \/>\n[0.3] 54 g<br \/>\n[0.4] 61 g<br \/>\n[0.5] 77 g<br \/>\n[0.75] 93 g\u00a0<\/span><\/p>\n<div class=\"clearfix\"><\/div>\n<\/div>\n<div class=\"attributeItem \"><span class=\"attributeName\">Tenuta :\u00a0\u00a0<\/span><span class=\"attributeValue\"><br \/>\n[0] 5 kN<br \/>\n[0.1] 5 kN<br \/>\n[0.2] 6 kN<br \/>\n[0.3] 8 kN<br \/>\n[0.4] 9 kN<br \/>\n[0.5] 10 kN<br \/>\n[0.75] 10 kN\u00a0<\/span><\/p>\n<div class=\"clearfix\"><\/div>\n<\/div>\n<div class=\"attributeItem \"><span class=\"attributeName\">Range\u00a0:\u00a0\u00a0<\/span><span class=\"attributeValue\"><br \/>\n[0] 7.5-11.8 mm<br \/>\n[0.1] 8.8-13.8 mm<br \/>\n[0.2] 10.4-16.3 mm<br \/>\n[0.3] 12.4-22.6 mm<br \/>\n[0.4] 15.3-27.7 mm<br \/>\n[0.5] 18.8-33.9 mm<br \/>\n[0.75] 23.1-42.1 mm\u00a0<\/span><\/div>\n<p>Black Diamond dal 1957 rappresenta un punto di riferimento mondiale per l&#8217;attrezzatura da arrampicata. Ci\u00f2 che all&#8217;inizio era una attivit\u00e0 artigianale con incudine e martello oggi si \u00e8 trasformata in una societ\u00e0 globale con uffici in tre continenti. Il segreto di Black Diamond \u00e8 sempre lo stesso: essere una societ\u00e0 formata da appassionati climber. In Black Diamond si continua a sognare su ci\u00f2 che potrebbe essere e si continua ad essere critici su ci\u00f2 che esiste. E&#8217; cos\u00ec che il processo creativo per la realizzazione della migliore attrezzatura da arrampicata non avr\u00e0 mai fine.<\/p>\n","protected":false},"excerpt":{"rendered":"<p>Il Black Diamond Camalot Z4 \u00e8 un friend da arrampicata a stelo pieghevole. Grazie al rivoluzionario sistema RigidFlex, che rimane [&hellip;]<\/p>\n","protected":false},"featured_media":29168,"comment_status":"open","ping_status":"closed","template":"","meta":{"_acf_changed":false},"product_brand":[121],"product_cat":[135],"product_tag":[],"class_list":{"0":"post-28953","1":"product","2":"type-product","3":"status-publish","4":"has-post-thumbnail","6":"product_brand-black-diamond","7":"product_cat-friends-e-nuts","9":"first","10":"instock","11":"sale","12":"taxable","13":"shipping-taxable","14":"purchasable","15":"product-type-variable"},"acf":[],"yoast_head":"<!-- This site is optimized with the Yoast SEO plugin v26.4 - https:\/\/yoast.com\/wordpress\/plugins\/seo\/ -->\n<title>Black Diamond Camalot Z4 friend arrampicata tutte le misure - Sestogrado<\/title>\n<meta name=\"description\" content=\"Il Black Diamond Camalot Z4 \u00e8 un friend da arrampicata a stelo pieghevole, evoluzione del Camalot X4. Gli Z4 rappresentano il nuovo standard per i friend a stelo singolo pieghevole, grazie al nuovo rivoluzionario sistema RigidFlex che rimane rigido durante il posizionamento, per flettersi quando trazionato lateralmente. In questo modo il Camalot Z4 garantisce maneggevolezza, facilit\u00e0 di posizionamento nelle fessure pi\u00f9 ostiche e tenuta del friend una volta inserito.Nato dalla collaborazione diretta con top climber come Hazel Findlay, Carlo Traversi, Sam Elias, e Babsi Zangerl, il Camalot Z4 \u00e8 la realizzazione di un sogno: avere un friend a singolo stelo che rimanga rigido in mano ma che si fletta una volta posizionato. Grazie ai cavi indipendenti agganciati al grilletto, il Camalot Z4 non si piega n\u00e8 quando sotto tensione n\u00e8 quando si ritrae, ma quando \u00e8 posizionato lo stelo si flette, garantendo un posizionamento preciso, che non &quot;cammina&quot; dentro la fessura se trazionato. Lo stelo, nelle misure pi\u00f9 grandi, \u00e8 dotato anche\u00a0 di una struttura a doppio cavo attorcigliato che conferisce una flessibilit\u00e0 uniforme in tutte le direzioni, mentre la costruzione e stelo singolo \u00e8 implementata nelle taglie pi\u00f9 piccole, per conferire il profilo pi\u00f9 sottile possibile al grilletto.Le camme del Camalot Z4 sono sabbiate per dare maggiore ruvidit\u00e0 e quindi grip a contatto con la roccia. Disponibile in sette misure, la pi\u00f9 piccola, la taglia 0, \u00e8 il friend pi\u00f9 piccolo mai realizzato.\" \/>\n<meta name=\"robots\" content=\"index, follow, max-snippet:-1, max-image-preview:large, max-video-preview:-1\" \/>\n<link rel=\"canonical\" href=\"https:\/\/www.sestogrado.it\/it\/prodotto\/black-diamond-camalot-z4-friend-arrampicata-tutte-le-misure\/\" \/>\n<meta property=\"og:locale\" content=\"it_IT\" \/>\n<meta property=\"og:type\" content=\"article\" \/>\n<meta property=\"og:title\" content=\"Black Diamond Camalot Z4 friend arrampicata tutte le misure - Sestogrado\" \/>\n<meta property=\"og:description\" content=\"Il Black Diamond Camalot Z4 \u00e8 un friend da arrampicata a stelo pieghevole, evoluzione del Camalot X4. Gli Z4 rappresentano il nuovo standard per i friend a stelo singolo pieghevole, grazie al nuovo rivoluzionario sistema RigidFlex che rimane rigido durante il posizionamento, per flettersi quando trazionato lateralmente. In questo modo il Camalot Z4 garantisce maneggevolezza, facilit\u00e0 di posizionamento nelle fessure pi\u00f9 ostiche e tenuta del friend una volta inserito.Nato dalla collaborazione diretta con top climber come Hazel Findlay, Carlo Traversi, Sam Elias, e Babsi Zangerl, il Camalot Z4 \u00e8 la realizzazione di un sogno: avere un friend a singolo stelo che rimanga rigido in mano ma che si fletta una volta posizionato. Grazie ai cavi indipendenti agganciati al grilletto, il Camalot Z4 non si piega n\u00e8 quando sotto tensione n\u00e8 quando si ritrae, ma quando \u00e8 posizionato lo stelo si flette, garantendo un posizionamento preciso, che non &quot;cammina&quot; dentro la fessura se trazionato. Lo stelo, nelle misure pi\u00f9 grandi, \u00e8 dotato anche\u00a0 di una struttura a doppio cavo attorcigliato che conferisce una flessibilit\u00e0 uniforme in tutte le direzioni, mentre la costruzione e stelo singolo \u00e8 implementata nelle taglie pi\u00f9 piccole, per conferire il profilo pi\u00f9 sottile possibile al grilletto.Le camme del Camalot Z4 sono sabbiate per dare maggiore ruvidit\u00e0 e quindi grip a contatto con la roccia. Disponibile in sette misure, la pi\u00f9 piccola, la taglia 0, \u00e8 il friend pi\u00f9 piccolo mai realizzato.\" \/>\n<meta property=\"og:url\" content=\"https:\/\/www.sestogrado.it\/it\/prodotto\/black-diamond-camalot-z4-friend-arrampicata-tutte-le-misure\/\" \/>\n<meta property=\"og:site_name\" content=\"Sestogrado\" \/>\n<meta property=\"article:publisher\" content=\"https:\/\/www.facebook.com\/pages\/Sestogrado\/1542635979353017?ref=bookmarks\" \/>\n<meta property=\"article:modified_time\" content=\"2026-02-15T21:22:40+00:00\" \/>\n<meta property=\"og:image\" content=\"https:\/\/www.sestogrado.it\/wp-content\/uploads\/2020\/03\/copertina.jpg\" \/>\n\t<meta property=\"og:image:width\" content=\"1200\" \/>\n\t<meta property=\"og:image:height\" content=\"1200\" \/>\n\t<meta property=\"og:image:type\" content=\"image\/jpeg\" \/>\n<meta name=\"twitter:label1\" content=\"Disponibilit\u00e0\" \/>\n\t<meta name=\"twitter:data1\" content=\"In stock\" \/>\n<script type=\"application\/ld+json\" class=\"yoast-schema-graph\">{\"@context\":\"https:\/\/schema.org\",\"@graph\":[{\"@type\":\"WebPage\",\"@id\":\"https:\/\/www.sestogrado.it\/it\/prodotto\/black-diamond-camalot-z4-friend-arrampicata-tutte-le-misure\/\",\"url\":\"https:\/\/www.sestogrado.it\/it\/prodotto\/black-diamond-camalot-z4-friend-arrampicata-tutte-le-misure\/\",\"name\":\"Black Diamond Camalot Z4 friend arrampicata tutte le misure - Sestogrado\",\"isPartOf\":{\"@id\":\"https:\/\/www.sestogrado.it\/it\/#website\"},\"primaryImageOfPage\":{\"@id\":\"https:\/\/www.sestogrado.it\/it\/prodotto\/black-diamond-camalot-z4-friend-arrampicata-tutte-le-misure\/#primaryimage\"},\"image\":{\"@id\":\"https:\/\/www.sestogrado.it\/prodotto\/black-diamond-camalot-z4-friend-arrampicata-tutte-le-misure\/#primaryimage\"},\"thumbnailUrl\":\"https:\/\/www.sestogrado.it\/wp-content\/uploads\/2020\/03\/copertina.jpg\",\"datePublished\":\"2020-03-09T13:53:46+00:00\",\"dateModified\":\"2026-02-15T21:22:40+00:00\",\"description\":\"Il Black Diamond Camalot Z4 \u00e8 un friend da arrampicata a stelo pieghevole, evoluzione del Camalot X4. Gli Z4 rappresentano il nuovo standard per i friend a stelo singolo pieghevole, grazie al nuovo rivoluzionario sistema RigidFlex che rimane rigido durante il posizionamento, per flettersi quando trazionato lateralmente. In questo modo il Camalot Z4 garantisce maneggevolezza, facilit\u00e0 di posizionamento nelle fessure pi\u00f9 ostiche e tenuta del friend una volta inserito.Nato dalla collaborazione diretta con top climber come Hazel Findlay, Carlo Traversi, Sam Elias, e Babsi Zangerl, il Camalot Z4 \u00e8 la realizzazione di un sogno: avere un friend a singolo stelo che rimanga rigido in mano ma che si fletta una volta posizionato. Grazie ai cavi indipendenti agganciati al grilletto, il Camalot Z4 non si piega n\u00e8 quando sotto tensione n\u00e8 quando si ritrae, ma quando \u00e8 posizionato lo stelo si flette, garantendo un posizionamento preciso, che non \\\"cammina\\\" dentro la fessura se trazionato. Lo stelo, nelle misure pi\u00f9 grandi, \u00e8 dotato anche\u00a0 di una struttura a doppio cavo attorcigliato che conferisce una flessibilit\u00e0 uniforme in tutte le direzioni, mentre la costruzione e stelo singolo \u00e8 implementata nelle taglie pi\u00f9 piccole, per conferire il profilo pi\u00f9 sottile possibile al grilletto.Le camme del Camalot Z4 sono sabbiate per dare maggiore ruvidit\u00e0 e quindi grip a contatto con la roccia. Disponibile in sette misure, la pi\u00f9 piccola, la taglia 0, \u00e8 il friend pi\u00f9 piccolo mai realizzato.\",\"breadcrumb\":{\"@id\":\"https:\/\/www.sestogrado.it\/it\/prodotto\/black-diamond-camalot-z4-friend-arrampicata-tutte-le-misure\/#breadcrumb\"},\"inLanguage\":\"it-IT\",\"potentialAction\":[{\"@type\":\"ReadAction\",\"target\":[[\"https:\/\/www.sestogrado.it\/it\/prodotto\/black-diamond-camalot-z4-friend-arrampicata-tutte-le-misure\/\"]]}]},{\"@type\":\"ImageObject\",\"inLanguage\":\"it-IT\",\"@id\":\"https:\/\/www.sestogrado.it\/it\/prodotto\/black-diamond-camalot-z4-friend-arrampicata-tutte-le-misure\/#primaryimage\",\"url\":\"https:\/\/www.sestogrado.it\/wp-content\/uploads\/2020\/03\/copertina.jpg\",\"contentUrl\":\"https:\/\/www.sestogrado.it\/wp-content\/uploads\/2020\/03\/copertina.jpg\",\"width\":1200,\"height\":1200,\"caption\":\"black diamond camalot z4\"},{\"@type\":\"BreadcrumbList\",\"@id\":\"https:\/\/www.sestogrado.it\/it\/prodotto\/black-diamond-camalot-z4-friend-arrampicata-tutte-le-misure\/#breadcrumb\",\"itemListElement\":[{\"@type\":\"ListItem\",\"position\":1,\"name\":\"Home\",\"item\":\"https:\/\/www.sestogrado.it\/it\/\"},{\"@type\":\"ListItem\",\"position\":2,\"name\":\"Shop\",\"item\":\"https:\/\/www.sestogrado.it\/it\/shop\/\"},{\"@type\":\"ListItem\",\"position\":3,\"name\":\"Black Diamond Camalot Z4 friend arrampicata tutte le misure\"}]},{\"@type\":\"WebSite\",\"@id\":\"https:\/\/www.sestogrado.it\/it\/#website\",\"url\":\"https:\/\/www.sestogrado.it\/it\/\",\"name\":\"Sestogrado\",\"description\":\"yes we climb\",\"publisher\":{\"@id\":\"https:\/\/www.sestogrado.it\/it\/#organization\"},\"potentialAction\":[{\"@type\":\"SearchAction\",\"target\":{\"@type\":\"EntryPoint\",\"urlTemplate\":\"https:\/\/www.sestogrado.it\/it\/?s={search_term_string}\"},\"query-input\":{\"@type\":\"PropertyValueSpecification\",\"valueRequired\":true,\"valueName\":\"search_term_string\"}}],\"inLanguage\":\"it-IT\"},{\"@type\":\"Organization\",\"@id\":\"https:\/\/www.sestogrado.it\/it\/#organization\",\"name\":\"Sestogrado\",\"url\":\"https:\/\/www.sestogrado.it\/it\/\",\"logo\":{\"@type\":\"ImageObject\",\"inLanguage\":\"it-IT\",\"@id\":\"https:\/\/www.sestogrado.it\/it\/#\/schema\/logo\/image\/\",\"url\":\"https:\/\/www.sestogrado.it\/wp-content\/uploads\/2015\/03\/sestogrado-favicon.png\",\"contentUrl\":\"https:\/\/www.sestogrado.it\/wp-content\/uploads\/2015\/03\/sestogrado-favicon.png\",\"width\":260,\"height\":260,\"caption\":\"Sestogrado\"},\"image\":{\"@id\":\"https:\/\/www.sestogrado.it\/it\/#\/schema\/logo\/image\/\"},\"sameAs\":[\"https:\/\/www.facebook.com\/pages\/Sestogrado\/1542635979353017?ref=bookmarks\",\"https:\/\/www.youtube.com\/channel\/UC847kAfTkaJsWpc1jtQwr3Q\"],\"hasMerchantReturnPolicy\":{\"@type\":\"MerchantReturnPolicy\",\"merchantReturnLink\":\"https:\/\/www.sestogrado.it\/it\/termini-e-condizioni\/\"}}]}<\/script>\n<meta property=\"product:brand\" content=\"Black Diamond\" \/>\n<meta property=\"og:availability\" content=\"instock\" \/>\n<meta property=\"product:availability\" content=\"instock\" \/>\n<meta property=\"product:condition\" content=\"new\" \/>\n<!-- \/ Yoast SEO plugin. -->","yoast_head_json":{"title":"Black Diamond Camalot Z4 friend arrampicata tutte le misure - Sestogrado","description":"Il Black Diamond Camalot Z4 \u00e8 un friend da arrampicata a stelo pieghevole, evoluzione del Camalot X4. Gli Z4 rappresentano il nuovo standard per i friend a stelo singolo pieghevole, grazie al nuovo rivoluzionario sistema RigidFlex che rimane rigido durante il posizionamento, per flettersi quando trazionato lateralmente. In questo modo il Camalot Z4 garantisce maneggevolezza, facilit\u00e0 di posizionamento nelle fessure pi\u00f9 ostiche e tenuta del friend una volta inserito.Nato dalla collaborazione diretta con top climber come Hazel Findlay, Carlo Traversi, Sam Elias, e Babsi Zangerl, il Camalot Z4 \u00e8 la realizzazione di un sogno: avere un friend a singolo stelo che rimanga rigido in mano ma che si fletta una volta posizionato. Grazie ai cavi indipendenti agganciati al grilletto, il Camalot Z4 non si piega n\u00e8 quando sotto tensione n\u00e8 quando si ritrae, ma quando \u00e8 posizionato lo stelo si flette, garantendo un posizionamento preciso, che non \"cammina\" dentro la fessura se trazionato. Lo stelo, nelle misure pi\u00f9 grandi, \u00e8 dotato anche\u00a0 di una struttura a doppio cavo attorcigliato che conferisce una flessibilit\u00e0 uniforme in tutte le direzioni, mentre la costruzione e stelo singolo \u00e8 implementata nelle taglie pi\u00f9 piccole, per conferire il profilo pi\u00f9 sottile possibile al grilletto.Le camme del Camalot Z4 sono sabbiate per dare maggiore ruvidit\u00e0 e quindi grip a contatto con la roccia. Disponibile in sette misure, la pi\u00f9 piccola, la taglia 0, \u00e8 il friend pi\u00f9 piccolo mai realizzato.","robots":{"index":"index","follow":"follow","max-snippet":"max-snippet:-1","max-image-preview":"max-image-preview:large","max-video-preview":"max-video-preview:-1"},"canonical":"https:\/\/www.sestogrado.it\/it\/prodotto\/black-diamond-camalot-z4-friend-arrampicata-tutte-le-misure\/","og_locale":"it_IT","og_type":"article","og_title":"Black Diamond Camalot Z4 friend arrampicata tutte le misure - Sestogrado","og_description":"Il Black Diamond Camalot Z4 \u00e8 un friend da arrampicata a stelo pieghevole, evoluzione del Camalot X4. Gli Z4 rappresentano il nuovo standard per i friend a stelo singolo pieghevole, grazie al nuovo rivoluzionario sistema RigidFlex che rimane rigido durante il posizionamento, per flettersi quando trazionato lateralmente. In questo modo il Camalot Z4 garantisce maneggevolezza, facilit\u00e0 di posizionamento nelle fessure pi\u00f9 ostiche e tenuta del friend una volta inserito.Nato dalla collaborazione diretta con top climber come Hazel Findlay, Carlo Traversi, Sam Elias, e Babsi Zangerl, il Camalot Z4 \u00e8 la realizzazione di un sogno: avere un friend a singolo stelo che rimanga rigido in mano ma che si fletta una volta posizionato. Grazie ai cavi indipendenti agganciati al grilletto, il Camalot Z4 non si piega n\u00e8 quando sotto tensione n\u00e8 quando si ritrae, ma quando \u00e8 posizionato lo stelo si flette, garantendo un posizionamento preciso, che non \"cammina\" dentro la fessura se trazionato. Lo stelo, nelle misure pi\u00f9 grandi, \u00e8 dotato anche\u00a0 di una struttura a doppio cavo attorcigliato che conferisce una flessibilit\u00e0 uniforme in tutte le direzioni, mentre la costruzione e stelo singolo \u00e8 implementata nelle taglie pi\u00f9 piccole, per conferire il profilo pi\u00f9 sottile possibile al grilletto.Le camme del Camalot Z4 sono sabbiate per dare maggiore ruvidit\u00e0 e quindi grip a contatto con la roccia. Disponibile in sette misure, la pi\u00f9 piccola, la taglia 0, \u00e8 il friend pi\u00f9 piccolo mai realizzato.","og_url":"https:\/\/www.sestogrado.it\/it\/prodotto\/black-diamond-camalot-z4-friend-arrampicata-tutte-le-misure\/","og_site_name":"Sestogrado","article_publisher":"https:\/\/www.facebook.com\/pages\/Sestogrado\/1542635979353017?ref=bookmarks","article_modified_time":"2026-02-15T21:22:40+00:00","og_image":[{"width":1200,"height":1200,"url":"https:\/\/www.sestogrado.it\/wp-content\/uploads\/2020\/03\/copertina.jpg","type":"image\/jpeg"}],"twitter_misc":{"Disponibilit\u00e0":"In stock"},"schema":{"@context":"https:\/\/schema.org","@graph":[{"@type":"WebPage","@id":"https:\/\/www.sestogrado.it\/it\/prodotto\/black-diamond-camalot-z4-friend-arrampicata-tutte-le-misure\/","url":"https:\/\/www.sestogrado.it\/it\/prodotto\/black-diamond-camalot-z4-friend-arrampicata-tutte-le-misure\/","name":"Black Diamond Camalot Z4 friend arrampicata tutte le misure - Sestogrado","isPartOf":{"@id":"https:\/\/www.sestogrado.it\/it\/#website"},"primaryImageOfPage":{"@id":"https:\/\/www.sestogrado.it\/it\/prodotto\/black-diamond-camalot-z4-friend-arrampicata-tutte-le-misure\/#primaryimage"},"image":{"@id":"https:\/\/www.sestogrado.it\/prodotto\/black-diamond-camalot-z4-friend-arrampicata-tutte-le-misure\/#primaryimage"},"thumbnailUrl":"https:\/\/www.sestogrado.it\/wp-content\/uploads\/2020\/03\/copertina.jpg","datePublished":"2020-03-09T13:53:46+00:00","dateModified":"2026-02-15T21:22:40+00:00","description":"Il Black Diamond Camalot Z4 \u00e8 un friend da arrampicata a stelo pieghevole, evoluzione del Camalot X4. Gli Z4 rappresentano il nuovo standard per i friend a stelo singolo pieghevole, grazie al nuovo rivoluzionario sistema RigidFlex che rimane rigido durante il posizionamento, per flettersi quando trazionato lateralmente. In questo modo il Camalot Z4 garantisce maneggevolezza, facilit\u00e0 di posizionamento nelle fessure pi\u00f9 ostiche e tenuta del friend una volta inserito.Nato dalla collaborazione diretta con top climber come Hazel Findlay, Carlo Traversi, Sam Elias, e Babsi Zangerl, il Camalot Z4 \u00e8 la realizzazione di un sogno: avere un friend a singolo stelo che rimanga rigido in mano ma che si fletta una volta posizionato. Grazie ai cavi indipendenti agganciati al grilletto, il Camalot Z4 non si piega n\u00e8 quando sotto tensione n\u00e8 quando si ritrae, ma quando \u00e8 posizionato lo stelo si flette, garantendo un posizionamento preciso, che non \"cammina\" dentro la fessura se trazionato. Lo stelo, nelle misure pi\u00f9 grandi, \u00e8 dotato anche\u00a0 di una struttura a doppio cavo attorcigliato che conferisce una flessibilit\u00e0 uniforme in tutte le direzioni, mentre la costruzione e stelo singolo \u00e8 implementata nelle taglie pi\u00f9 piccole, per conferire il profilo pi\u00f9 sottile possibile al grilletto.Le camme del Camalot Z4 sono sabbiate per dare maggiore ruvidit\u00e0 e quindi grip a contatto con la roccia. Disponibile in sette misure, la pi\u00f9 piccola, la taglia 0, \u00e8 il friend pi\u00f9 piccolo mai realizzato.","breadcrumb":{"@id":"https:\/\/www.sestogrado.it\/it\/prodotto\/black-diamond-camalot-z4-friend-arrampicata-tutte-le-misure\/#breadcrumb"},"inLanguage":"it-IT","potentialAction":[{"@type":"ReadAction","target":[["https:\/\/www.sestogrado.it\/it\/prodotto\/black-diamond-camalot-z4-friend-arrampicata-tutte-le-misure\/"]]}]},{"@type":"ImageObject","inLanguage":"it-IT","@id":"https:\/\/www.sestogrado.it\/it\/prodotto\/black-diamond-camalot-z4-friend-arrampicata-tutte-le-misure\/#primaryimage","url":"https:\/\/www.sestogrado.it\/wp-content\/uploads\/2020\/03\/copertina.jpg","contentUrl":"https:\/\/www.sestogrado.it\/wp-content\/uploads\/2020\/03\/copertina.jpg","width":1200,"height":1200,"caption":"black diamond camalot z4"},{"@type":"BreadcrumbList","@id":"https:\/\/www.sestogrado.it\/it\/prodotto\/black-diamond-camalot-z4-friend-arrampicata-tutte-le-misure\/#breadcrumb","itemListElement":[{"@type":"ListItem","position":1,"name":"Home","item":"https:\/\/www.sestogrado.it\/it\/"},{"@type":"ListItem","position":2,"name":"Shop","item":"https:\/\/www.sestogrado.it\/it\/shop\/"},{"@type":"ListItem","position":3,"name":"Black Diamond Camalot Z4 friend arrampicata tutte le misure"}]},{"@type":"WebSite","@id":"https:\/\/www.sestogrado.it\/it\/#website","url":"https:\/\/www.sestogrado.it\/it\/","name":"Sestogrado","description":"yes we climb","publisher":{"@id":"https:\/\/www.sestogrado.it\/it\/#organization"},"potentialAction":[{"@type":"SearchAction","target":{"@type":"EntryPoint","urlTemplate":"https:\/\/www.sestogrado.it\/it\/?s={search_term_string}"},"query-input":{"@type":"PropertyValueSpecification","valueRequired":true,"valueName":"search_term_string"}}],"inLanguage":"it-IT"},{"@type":"Organization","@id":"https:\/\/www.sestogrado.it\/it\/#organization","name":"Sestogrado","url":"https:\/\/www.sestogrado.it\/it\/","logo":{"@type":"ImageObject","inLanguage":"it-IT","@id":"https:\/\/www.sestogrado.it\/it\/#\/schema\/logo\/image\/","url":"https:\/\/www.sestogrado.it\/wp-content\/uploads\/2015\/03\/sestogrado-favicon.png","contentUrl":"https:\/\/www.sestogrado.it\/wp-content\/uploads\/2015\/03\/sestogrado-favicon.png","width":260,"height":260,"caption":"Sestogrado"},"image":{"@id":"https:\/\/www.sestogrado.it\/it\/#\/schema\/logo\/image\/"},"sameAs":["https:\/\/www.facebook.com\/pages\/Sestogrado\/1542635979353017?ref=bookmarks","https:\/\/www.youtube.com\/channel\/UC847kAfTkaJsWpc1jtQwr3Q"],"hasMerchantReturnPolicy":{"@type":"MerchantReturnPolicy","merchantReturnLink":"https:\/\/www.sestogrado.it\/it\/termini-e-condizioni\/"}}]},"product_brand":"Black Diamond","og_availability":"instock","product_availability":"instock","product_condition":"new"},"_links":{"self":[{"href":"https:\/\/www.sestogrado.it\/it\/wp-json\/wp\/v2\/product\/28953","targetHints":{"allow":["GET"]}}],"collection":[{"href":"https:\/\/www.sestogrado.it\/it\/wp-json\/wp\/v2\/product"}],"about":[{"href":"https:\/\/www.sestogrado.it\/it\/wp-json\/wp\/v2\/types\/product"}],"replies":[{"embeddable":true,"href":"https:\/\/www.sestogrado.it\/it\/wp-json\/wp\/v2\/comments?post=28953"}],"wp:featuredmedia":[{"embeddable":true,"href":"https:\/\/www.sestogrado.it\/it\/wp-json\/wp\/v2\/media\/29168"}],"wp:attachment":[{"href":"https:\/\/www.sestogrado.it\/it\/wp-json\/wp\/v2\/media?parent=28953"}],"wp:term":[{"taxonomy":"product_brand","embeddable":true,"href":"https:\/\/www.sestogrado.it\/it\/wp-json\/wp\/v2\/product_brand?post=28953"},{"taxonomy":"product_cat","embeddable":true,"href":"https:\/\/www.sestogrado.it\/it\/wp-json\/wp\/v2\/product_cat?post=28953"},{"taxonomy":"product_tag","embeddable":true,"href":"https:\/\/www.sestogrado.it\/it\/wp-json\/wp\/v2\/product_tag?post=28953"}],"curies":[{"name":"wp","href":"https:\/\/api.w.org\/{rel}","templated":true}]}}