{"id":28946,"date":"2020-04-15T16:00:28","date_gmt":"2020-04-15T14:00:28","guid":{"rendered":"https:\/\/www.sestogrado.it\/?post_type=product&#038;p=28946"},"modified":"2026-04-19T19:13:41","modified_gmt":"2026-04-19T17:13:41","slug":"black-diamond-hotforge-hybrid-rinvio-rinvii-arrampicata","status":"publish","type":"product","link":"https:\/\/www.sestogrado.it\/it\/prodotto\/black-diamond-hotforge-hybrid-rinvio-rinvii-arrampicata\/","title":{"rendered":"Black Diamond Hotforge Hybrid rinvio rinvii arrampicata"},"content":{"rendered":"<p>Il Black Diamond Hotforge Hybrid \u00e8 la versione mixte, del rinvio <a href=\"https:\/\/www.sestogrado.it\/it\/prodotto\/black-diamond-hotforge-rinvio-rinvii-arrampicata\/\" target=\"_blank\" rel=\"noopener noreferrer\">Hotforge<\/a>. L&#8217;Hotforge Hybrid \u00e8 composto da un moschettone leva piena nella parte lato spit, e leva a filo nel moschettone lato corda. In questo modo beneficia dei lati positivi di ambo le soluzioni, con un solido moschettone leva piena a contatto dello spit ed un moschettone a filo, quindi con un inserimento corda pi\u00f9 morbido ed in grado di evitare il <a href=\"https:\/\/www.sestogrado.it\/it\/apertura-accidentale-dei-rinvii\/\" target=\"_blank\" rel=\"noopener noreferrer\">gate flutter<\/a>, lato corda.<\/p>\n<p>I moschettoni Hotforge Hybrid hanno un naso key lock che impedisce l&#8217;aggancio involontario del moschettone e sono facili per smoschettonare una via, entrambi i moschettoni sono differenziati cromaticamente per un pi\u00f9 rapido riconoscimento. La fettuccia in nylon da 18mm di spessore, non solo garantisce durata ed \u00e8 facile da impugnare, ma \u00e8 anche dotata di un ferma fettuccia antirotazione incorporato sotto al moschettone.<\/p>\n<ul>\n<li>Nuovo moschettone Hotforge lato spit e Hotwire lato corda<\/li>\n<li>Differenziazione cromatica per facile riconoscibilit\u00e0 mentre arrampichi<\/li>\n<li>Naso key lock<\/li>\n<li>Equipaggiati con una fettuccia da 18mm di spessore, disponibile in due lunghezze: 12 e 16cm<\/li>\n<\/ul>\n<p>Il Black Diamond Hotforge Hybrid \u00e8 un rinvio mixte solido e polivalente, ideale per chi apprezza la combinazione dei vantaggi delle due soluzioni, leva piena e vuota, in grado di offrire al tempo stesso leggerezza, comfort di moschettonaggio ed affidabilit\u00e0.<\/p>\n<p>&nbsp;<\/p>\n<p>Black Diamond dal 1957 rappresenta un punto di riferimento mondiale per l&#8217;attrezzatura da arrampicata. Ci\u00f2 che all&#8217;inizio era una attivit\u00e0 artigianale con incudine e martello oggi si \u00e8 trasformata in una societ\u00e0 globale con uffici in tre continenti. Il segreto di Black Diamond \u00e8 sempre lo stesso: essere una societ\u00e0 formata da appassionati climber. In Black Diamond si continua a sognare su ci\u00f2 che potrebbe essere e si continua ad essere critici su ci\u00f2 che esiste. E&#8217; cos\u00ec che il processo creativo per la realizzazione della migliore attrezzatura da arrampicata non avr\u00e0 mai fine.<\/p>","protected":false},"excerpt":{"rendered":"<p>Il Black Diamond Hotforge Hybrid \u00e8 la versione mixte, del rinvio Hotforge. L&#8217;Hotforge Hybrid \u00e8 composto da un moschettone leva [&hellip;]<\/p>\n","protected":false},"featured_media":28951,"comment_status":"open","ping_status":"closed","template":"","meta":{"_acf_changed":false},"product_brand":[121],"product_cat":[133],"product_tag":[],"class_list":{"0":"post-28946","1":"product","2":"type-product","3":"status-publish","4":"has-post-thumbnail","6":"product_brand-black-diamond","7":"product_cat-rinvii","9":"first","10":"instock","11":"sale","12":"taxable","13":"shipping-taxable","14":"purchasable","15":"product-type-variable"},"acf":[],"yoast_head":"<!-- This site is optimized with the Yoast SEO plugin v26.4 - https:\/\/yoast.com\/wordpress\/plugins\/seo\/ -->\n<title>Black Diamond Hotforge Hybrid rinvio rinvii arrampicata - Sestogrado<\/title>\n<meta name=\"description\" content=\"Il Black Diamond Hotforge Hybrid \u00e8 la versione mixte, del rinvio Hotforge. L&#039;Hotforge Hybrid \u00e8 composto da un moschettone leva piena nella parte lato spit, e leva a filo nel moschettone lato corda. In questo modo beneficia dei lati positivi di ambo le soluzioni, con un solido moschettone leva piena a contatto dello spit ed un moschettone a filo, quindi con un inserimento corda pi\u00f9 morbido ed in grado di evitare il gate flutter, lato corda.I moschettoni Hotforge Hybrid hanno un naso key lock che impedisce l&#039;aggancio involontario del moschettone e sono facili per smoschettonare una via, entrambi i moschettoni sono differenziati cromaticamente per un pi\u00f9 rapido riconoscimento. La fettuccia in nylon da 18mm di spessore, non solo garantisce durata ed \u00e8 facile da impugnare, ma \u00e8 anche dotata di un ferma fettuccia antirotazione incorporato sotto al moschettone.\" \/>\n<meta name=\"robots\" content=\"index, follow, max-snippet:-1, max-image-preview:large, max-video-preview:-1\" \/>\n<link rel=\"canonical\" href=\"https:\/\/www.sestogrado.it\/it\/prodotto\/black-diamond-hotforge-hybrid-rinvio-rinvii-arrampicata\/\" \/>\n<meta property=\"og:locale\" content=\"it_IT\" \/>\n<meta property=\"og:type\" content=\"article\" \/>\n<meta property=\"og:title\" content=\"Black Diamond Hotforge Hybrid rinvio rinvii arrampicata - Sestogrado\" \/>\n<meta property=\"og:description\" content=\"Il Black Diamond Hotforge Hybrid \u00e8 la versione mixte, del rinvio Hotforge. L&#039;Hotforge Hybrid \u00e8 composto da un moschettone leva piena nella parte lato spit, e leva a filo nel moschettone lato corda. In questo modo beneficia dei lati positivi di ambo le soluzioni, con un solido moschettone leva piena a contatto dello spit ed un moschettone a filo, quindi con un inserimento corda pi\u00f9 morbido ed in grado di evitare il gate flutter, lato corda.I moschettoni Hotforge Hybrid hanno un naso key lock che impedisce l&#039;aggancio involontario del moschettone e sono facili per smoschettonare una via, entrambi i moschettoni sono differenziati cromaticamente per un pi\u00f9 rapido riconoscimento. La fettuccia in nylon da 18mm di spessore, non solo garantisce durata ed \u00e8 facile da impugnare, ma \u00e8 anche dotata di un ferma fettuccia antirotazione incorporato sotto al moschettone.\" \/>\n<meta property=\"og:url\" content=\"https:\/\/www.sestogrado.it\/it\/prodotto\/black-diamond-hotforge-hybrid-rinvio-rinvii-arrampicata\/\" \/>\n<meta property=\"og:site_name\" content=\"Sestogrado\" \/>\n<meta property=\"article:publisher\" content=\"https:\/\/www.facebook.com\/pages\/Sestogrado\/1542635979353017?ref=bookmarks\" \/>\n<meta property=\"article:modified_time\" content=\"2026-04-19T17:13:41+00:00\" \/>\n<meta property=\"og:image\" content=\"https:\/\/www.sestogrado.it\/wp-content\/uploads\/2020\/03\/381117_6015_HOTFORGEHYBRIDQUICKDRAW12cm_UltraPink.jpg\" \/>\n\t<meta property=\"og:image:width\" content=\"1000\" \/>\n\t<meta property=\"og:image:height\" content=\"1000\" \/>\n\t<meta property=\"og:image:type\" content=\"image\/jpeg\" \/>\n<meta name=\"twitter:label1\" content=\"Disponibilit\u00e0\" \/>\n\t<meta name=\"twitter:data1\" content=\"In stock\" \/>\n<script type=\"application\/ld+json\" class=\"yoast-schema-graph\">{\"@context\":\"https:\/\/schema.org\",\"@graph\":[{\"@type\":\"WebPage\",\"@id\":\"https:\/\/www.sestogrado.it\/it\/prodotto\/black-diamond-hotforge-hybrid-rinvio-rinvii-arrampicata\/\",\"url\":\"https:\/\/www.sestogrado.it\/it\/prodotto\/black-diamond-hotforge-hybrid-rinvio-rinvii-arrampicata\/\",\"name\":\"Black Diamond Hotforge Hybrid rinvio rinvii arrampicata - Sestogrado\",\"isPartOf\":{\"@id\":\"https:\/\/www.sestogrado.it\/it\/#website\"},\"primaryImageOfPage\":{\"@id\":\"https:\/\/www.sestogrado.it\/it\/prodotto\/black-diamond-hotforge-hybrid-rinvio-rinvii-arrampicata\/#primaryimage\"},\"image\":{\"@id\":\"https:\/\/www.sestogrado.it\/prodotto\/black-diamond-hotforge-hybrid-rinvio-rinvii-arrampicata\/#primaryimage\"},\"thumbnailUrl\":\"https:\/\/www.sestogrado.it\/wp-content\/uploads\/2020\/03\/381117_6015_HOTFORGEHYBRIDQUICKDRAW12cm_UltraPink.jpg\",\"datePublished\":\"2020-04-15T14:00:28+00:00\",\"dateModified\":\"2026-04-19T17:13:41+00:00\",\"description\":\"Il Black Diamond Hotforge Hybrid \u00e8 la versione mixte, del rinvio Hotforge. L'Hotforge Hybrid \u00e8 composto da un moschettone leva piena nella parte lato spit, e leva a filo nel moschettone lato corda. In questo modo beneficia dei lati positivi di ambo le soluzioni, con un solido moschettone leva piena a contatto dello spit ed un moschettone a filo, quindi con un inserimento corda pi\u00f9 morbido ed in grado di evitare il gate flutter, lato corda.I moschettoni Hotforge Hybrid hanno un naso key lock che impedisce l'aggancio involontario del moschettone e sono facili per smoschettonare una via, entrambi i moschettoni sono differenziati cromaticamente per un pi\u00f9 rapido riconoscimento. La fettuccia in nylon da 18mm di spessore, non solo garantisce durata ed \u00e8 facile da impugnare, ma \u00e8 anche dotata di un ferma fettuccia antirotazione incorporato sotto al moschettone.\",\"breadcrumb\":{\"@id\":\"https:\/\/www.sestogrado.it\/it\/prodotto\/black-diamond-hotforge-hybrid-rinvio-rinvii-arrampicata\/#breadcrumb\"},\"inLanguage\":\"it-IT\",\"potentialAction\":[{\"@type\":\"ReadAction\",\"target\":[[\"https:\/\/www.sestogrado.it\/it\/prodotto\/black-diamond-hotforge-hybrid-rinvio-rinvii-arrampicata\/\"]]}]},{\"@type\":\"ImageObject\",\"inLanguage\":\"it-IT\",\"@id\":\"https:\/\/www.sestogrado.it\/it\/prodotto\/black-diamond-hotforge-hybrid-rinvio-rinvii-arrampicata\/#primaryimage\",\"url\":\"https:\/\/www.sestogrado.it\/wp-content\/uploads\/2020\/03\/381117_6015_HOTFORGEHYBRIDQUICKDRAW12cm_UltraPink.jpg\",\"contentUrl\":\"https:\/\/www.sestogrado.it\/wp-content\/uploads\/2020\/03\/381117_6015_HOTFORGEHYBRIDQUICKDRAW12cm_UltraPink.jpg\",\"width\":1000,\"height\":1000,\"caption\":\"hotforge hybrid ultra pink 12\"},{\"@type\":\"BreadcrumbList\",\"@id\":\"https:\/\/www.sestogrado.it\/it\/prodotto\/black-diamond-hotforge-hybrid-rinvio-rinvii-arrampicata\/#breadcrumb\",\"itemListElement\":[{\"@type\":\"ListItem\",\"position\":1,\"name\":\"Home\",\"item\":\"https:\/\/www.sestogrado.it\/it\/\"},{\"@type\":\"ListItem\",\"position\":2,\"name\":\"Shop\",\"item\":\"https:\/\/www.sestogrado.it\/it\/shop\/\"},{\"@type\":\"ListItem\",\"position\":3,\"name\":\"Black Diamond Hotforge Hybrid rinvio rinvii arrampicata\"}]},{\"@type\":\"WebSite\",\"@id\":\"https:\/\/www.sestogrado.it\/it\/#website\",\"url\":\"https:\/\/www.sestogrado.it\/it\/\",\"name\":\"Sestogrado\",\"description\":\"yes we climb\",\"publisher\":{\"@id\":\"https:\/\/www.sestogrado.it\/it\/#organization\"},\"potentialAction\":[{\"@type\":\"SearchAction\",\"target\":{\"@type\":\"EntryPoint\",\"urlTemplate\":\"https:\/\/www.sestogrado.it\/it\/?s={search_term_string}\"},\"query-input\":{\"@type\":\"PropertyValueSpecification\",\"valueRequired\":true,\"valueName\":\"search_term_string\"}}],\"inLanguage\":\"it-IT\"},{\"@type\":\"Organization\",\"@id\":\"https:\/\/www.sestogrado.it\/it\/#organization\",\"name\":\"Sestogrado\",\"url\":\"https:\/\/www.sestogrado.it\/it\/\",\"logo\":{\"@type\":\"ImageObject\",\"inLanguage\":\"it-IT\",\"@id\":\"https:\/\/www.sestogrado.it\/it\/#\/schema\/logo\/image\/\",\"url\":\"https:\/\/www.sestogrado.it\/wp-content\/uploads\/2015\/03\/sestogrado-favicon.png\",\"contentUrl\":\"https:\/\/www.sestogrado.it\/wp-content\/uploads\/2015\/03\/sestogrado-favicon.png\",\"width\":260,\"height\":260,\"caption\":\"Sestogrado\"},\"image\":{\"@id\":\"https:\/\/www.sestogrado.it\/it\/#\/schema\/logo\/image\/\"},\"sameAs\":[\"https:\/\/www.facebook.com\/pages\/Sestogrado\/1542635979353017?ref=bookmarks\",\"https:\/\/www.youtube.com\/channel\/UC847kAfTkaJsWpc1jtQwr3Q\"],\"hasMerchantReturnPolicy\":{\"@type\":\"MerchantReturnPolicy\",\"merchantReturnLink\":\"https:\/\/www.sestogrado.it\/it\/termini-e-condizioni\/\"}}]}<\/script>\n<meta property=\"product:brand\" content=\"Black Diamond\" \/>\n<meta property=\"og:availability\" content=\"instock\" \/>\n<meta property=\"product:availability\" content=\"instock\" \/>\n<meta property=\"product:condition\" content=\"new\" \/>\n<!-- \/ Yoast SEO plugin. -->","yoast_head_json":{"title":"Black Diamond Hotforge Hybrid rinvio rinvii arrampicata - Sestogrado","description":"Il Black Diamond Hotforge Hybrid \u00e8 la versione mixte, del rinvio Hotforge. L'Hotforge Hybrid \u00e8 composto da un moschettone leva piena nella parte lato spit, e leva a filo nel moschettone lato corda. In questo modo beneficia dei lati positivi di ambo le soluzioni, con un solido moschettone leva piena a contatto dello spit ed un moschettone a filo, quindi con un inserimento corda pi\u00f9 morbido ed in grado di evitare il gate flutter, lato corda.I moschettoni Hotforge Hybrid hanno un naso key lock che impedisce l'aggancio involontario del moschettone e sono facili per smoschettonare una via, entrambi i moschettoni sono differenziati cromaticamente per un pi\u00f9 rapido riconoscimento. La fettuccia in nylon da 18mm di spessore, non solo garantisce durata ed \u00e8 facile da impugnare, ma \u00e8 anche dotata di un ferma fettuccia antirotazione incorporato sotto al moschettone.","robots":{"index":"index","follow":"follow","max-snippet":"max-snippet:-1","max-image-preview":"max-image-preview:large","max-video-preview":"max-video-preview:-1"},"canonical":"https:\/\/www.sestogrado.it\/it\/prodotto\/black-diamond-hotforge-hybrid-rinvio-rinvii-arrampicata\/","og_locale":"it_IT","og_type":"article","og_title":"Black Diamond Hotforge Hybrid rinvio rinvii arrampicata - Sestogrado","og_description":"Il Black Diamond Hotforge Hybrid \u00e8 la versione mixte, del rinvio Hotforge. L'Hotforge Hybrid \u00e8 composto da un moschettone leva piena nella parte lato spit, e leva a filo nel moschettone lato corda. In questo modo beneficia dei lati positivi di ambo le soluzioni, con un solido moschettone leva piena a contatto dello spit ed un moschettone a filo, quindi con un inserimento corda pi\u00f9 morbido ed in grado di evitare il gate flutter, lato corda.I moschettoni Hotforge Hybrid hanno un naso key lock che impedisce l'aggancio involontario del moschettone e sono facili per smoschettonare una via, entrambi i moschettoni sono differenziati cromaticamente per un pi\u00f9 rapido riconoscimento. La fettuccia in nylon da 18mm di spessore, non solo garantisce durata ed \u00e8 facile da impugnare, ma \u00e8 anche dotata di un ferma fettuccia antirotazione incorporato sotto al moschettone.","og_url":"https:\/\/www.sestogrado.it\/it\/prodotto\/black-diamond-hotforge-hybrid-rinvio-rinvii-arrampicata\/","og_site_name":"Sestogrado","article_publisher":"https:\/\/www.facebook.com\/pages\/Sestogrado\/1542635979353017?ref=bookmarks","article_modified_time":"2026-04-19T17:13:41+00:00","og_image":[{"width":1000,"height":1000,"url":"https:\/\/www.sestogrado.it\/wp-content\/uploads\/2020\/03\/381117_6015_HOTFORGEHYBRIDQUICKDRAW12cm_UltraPink.jpg","type":"image\/jpeg"}],"twitter_misc":{"Disponibilit\u00e0":"In stock"},"schema":{"@context":"https:\/\/schema.org","@graph":[{"@type":"WebPage","@id":"https:\/\/www.sestogrado.it\/it\/prodotto\/black-diamond-hotforge-hybrid-rinvio-rinvii-arrampicata\/","url":"https:\/\/www.sestogrado.it\/it\/prodotto\/black-diamond-hotforge-hybrid-rinvio-rinvii-arrampicata\/","name":"Black Diamond Hotforge Hybrid rinvio rinvii arrampicata - Sestogrado","isPartOf":{"@id":"https:\/\/www.sestogrado.it\/it\/#website"},"primaryImageOfPage":{"@id":"https:\/\/www.sestogrado.it\/it\/prodotto\/black-diamond-hotforge-hybrid-rinvio-rinvii-arrampicata\/#primaryimage"},"image":{"@id":"https:\/\/www.sestogrado.it\/prodotto\/black-diamond-hotforge-hybrid-rinvio-rinvii-arrampicata\/#primaryimage"},"thumbnailUrl":"https:\/\/www.sestogrado.it\/wp-content\/uploads\/2020\/03\/381117_6015_HOTFORGEHYBRIDQUICKDRAW12cm_UltraPink.jpg","datePublished":"2020-04-15T14:00:28+00:00","dateModified":"2026-04-19T17:13:41+00:00","description":"Il Black Diamond Hotforge Hybrid \u00e8 la versione mixte, del rinvio Hotforge. L'Hotforge Hybrid \u00e8 composto da un moschettone leva piena nella parte lato spit, e leva a filo nel moschettone lato corda. In questo modo beneficia dei lati positivi di ambo le soluzioni, con un solido moschettone leva piena a contatto dello spit ed un moschettone a filo, quindi con un inserimento corda pi\u00f9 morbido ed in grado di evitare il gate flutter, lato corda.I moschettoni Hotforge Hybrid hanno un naso key lock che impedisce l'aggancio involontario del moschettone e sono facili per smoschettonare una via, entrambi i moschettoni sono differenziati cromaticamente per un pi\u00f9 rapido riconoscimento. La fettuccia in nylon da 18mm di spessore, non solo garantisce durata ed \u00e8 facile da impugnare, ma \u00e8 anche dotata di un ferma fettuccia antirotazione incorporato sotto al moschettone.","breadcrumb":{"@id":"https:\/\/www.sestogrado.it\/it\/prodotto\/black-diamond-hotforge-hybrid-rinvio-rinvii-arrampicata\/#breadcrumb"},"inLanguage":"it-IT","potentialAction":[{"@type":"ReadAction","target":[["https:\/\/www.sestogrado.it\/it\/prodotto\/black-diamond-hotforge-hybrid-rinvio-rinvii-arrampicata\/"]]}]},{"@type":"ImageObject","inLanguage":"it-IT","@id":"https:\/\/www.sestogrado.it\/it\/prodotto\/black-diamond-hotforge-hybrid-rinvio-rinvii-arrampicata\/#primaryimage","url":"https:\/\/www.sestogrado.it\/wp-content\/uploads\/2020\/03\/381117_6015_HOTFORGEHYBRIDQUICKDRAW12cm_UltraPink.jpg","contentUrl":"https:\/\/www.sestogrado.it\/wp-content\/uploads\/2020\/03\/381117_6015_HOTFORGEHYBRIDQUICKDRAW12cm_UltraPink.jpg","width":1000,"height":1000,"caption":"hotforge hybrid ultra pink 12"},{"@type":"BreadcrumbList","@id":"https:\/\/www.sestogrado.it\/it\/prodotto\/black-diamond-hotforge-hybrid-rinvio-rinvii-arrampicata\/#breadcrumb","itemListElement":[{"@type":"ListItem","position":1,"name":"Home","item":"https:\/\/www.sestogrado.it\/it\/"},{"@type":"ListItem","position":2,"name":"Shop","item":"https:\/\/www.sestogrado.it\/it\/shop\/"},{"@type":"ListItem","position":3,"name":"Black Diamond Hotforge Hybrid rinvio rinvii arrampicata"}]},{"@type":"WebSite","@id":"https:\/\/www.sestogrado.it\/it\/#website","url":"https:\/\/www.sestogrado.it\/it\/","name":"Sestogrado","description":"yes we climb","publisher":{"@id":"https:\/\/www.sestogrado.it\/it\/#organization"},"potentialAction":[{"@type":"SearchAction","target":{"@type":"EntryPoint","urlTemplate":"https:\/\/www.sestogrado.it\/it\/?s={search_term_string}"},"query-input":{"@type":"PropertyValueSpecification","valueRequired":true,"valueName":"search_term_string"}}],"inLanguage":"it-IT"},{"@type":"Organization","@id":"https:\/\/www.sestogrado.it\/it\/#organization","name":"Sestogrado","url":"https:\/\/www.sestogrado.it\/it\/","logo":{"@type":"ImageObject","inLanguage":"it-IT","@id":"https:\/\/www.sestogrado.it\/it\/#\/schema\/logo\/image\/","url":"https:\/\/www.sestogrado.it\/wp-content\/uploads\/2015\/03\/sestogrado-favicon.png","contentUrl":"https:\/\/www.sestogrado.it\/wp-content\/uploads\/2015\/03\/sestogrado-favicon.png","width":260,"height":260,"caption":"Sestogrado"},"image":{"@id":"https:\/\/www.sestogrado.it\/it\/#\/schema\/logo\/image\/"},"sameAs":["https:\/\/www.facebook.com\/pages\/Sestogrado\/1542635979353017?ref=bookmarks","https:\/\/www.youtube.com\/channel\/UC847kAfTkaJsWpc1jtQwr3Q"],"hasMerchantReturnPolicy":{"@type":"MerchantReturnPolicy","merchantReturnLink":"https:\/\/www.sestogrado.it\/it\/termini-e-condizioni\/"}}]},"product_brand":"Black Diamond","og_availability":"instock","product_availability":"instock","product_condition":"new"},"_links":{"self":[{"href":"https:\/\/www.sestogrado.it\/it\/wp-json\/wp\/v2\/product\/28946","targetHints":{"allow":["GET"]}}],"collection":[{"href":"https:\/\/www.sestogrado.it\/it\/wp-json\/wp\/v2\/product"}],"about":[{"href":"https:\/\/www.sestogrado.it\/it\/wp-json\/wp\/v2\/types\/product"}],"replies":[{"embeddable":true,"href":"https:\/\/www.sestogrado.it\/it\/wp-json\/wp\/v2\/comments?post=28946"}],"wp:featuredmedia":[{"embeddable":true,"href":"https:\/\/www.sestogrado.it\/it\/wp-json\/wp\/v2\/media\/28951"}],"wp:attachment":[{"href":"https:\/\/www.sestogrado.it\/it\/wp-json\/wp\/v2\/media?parent=28946"}],"wp:term":[{"taxonomy":"product_brand","embeddable":true,"href":"https:\/\/www.sestogrado.it\/it\/wp-json\/wp\/v2\/product_brand?post=28946"},{"taxonomy":"product_cat","embeddable":true,"href":"https:\/\/www.sestogrado.it\/it\/wp-json\/wp\/v2\/product_cat?post=28946"},{"taxonomy":"product_tag","embeddable":true,"href":"https:\/\/www.sestogrado.it\/it\/wp-json\/wp\/v2\/product_tag?post=28946"}],"curies":[{"name":"wp","href":"https:\/\/api.w.org\/{rel}","templated":true}]}}