{"id":28878,"date":"2020-03-09T14:25:40","date_gmt":"2020-03-09T13:25:40","guid":{"rendered":"https:\/\/www.sestogrado.it\/?post_type=product&#038;p=28878"},"modified":"2026-03-20T14:30:11","modified_gmt":"2026-03-20T13:30:11","slug":"black-diamond-hotwire-rinvio-rinvii-arrampicata","status":"publish","type":"product","link":"https:\/\/www.sestogrado.it\/it\/prodotto\/black-diamond-hotwire-rinvio-rinvii-arrampicata\/","title":{"rendered":"Black Diamond Hotwire rinvio rinvii arrampicata"},"content":{"rendered":"<p>Il Black Diamond Hotwire \u00e8 un rinvio leggero e versatile con moschettoni a filo, forgiati a caldo, HotWire. I moschettoni hanno un profilo a costruzione alleggerita, ed hanno un&#8217;ampia superficie dedicata all&#8217;alloggiamento della corda, per una maggiore durata, sia del moschettone sia della corda.<\/p>\n<p>Il Black Diamond HotWire \u00e8 un rinvio che beneficia della leggerezza dei due moschettoni a filo HotWire, forgiati a caldo e con un profilo particolarmente ampio. Equipaggiati con una robusta fettuccia in nylon da 18mm di spessore, sono disponibili nelle due lunghezze di 12 e 16cm. Il ferma fettuccia \u00e8 integrato per maggiore resistenza e durata ed i moschettoni hanno una differenziazione cromatica per una facile ed immediata riconoscibilit\u00e0.<\/p>\n<ul>\n<li>Un paio di moschettoni forgiati a caldo HotWire a leva filo<\/li>\n<li>Differenziazione cromatica per rapida riconoscibilit\u00e0<\/li>\n<li>La leva a filo riduce il fenomeno del <a href=\"https:\/\/www.sestogrado.it\/it\/apertura-accidentale-dei-rinvii\/\" target=\"_blank\" rel=\"noopener noreferrer\">gate flutter<\/a> e rende pi\u00f9 sicuro il rinvio<\/li>\n<li>Equipaggiato con una fettuccia in nylon da 18mm di spessore<\/li>\n<li>Disponibile nelle due lunghezze da 12 e 16cm<\/li>\n<\/ul>\n<p>&nbsp;<\/p>\n<p>Il Black Diamond HotWire \u00e8 un moschettone leggere e polivalente con moschettoni che favoriscono l&#8217;inserimento della corda. Sicurezza extra della leva a filo che limita il gate flutter.<\/p>\n<p>&nbsp;<\/p>\n<p>Black Diamond dal 1957 rappresenta un punto di riferimento mondiale per l&#8217;attrezzatura da arrampicata. Ci\u00f2 che all&#8217;inizio era una attivit\u00e0 artigianale con incudine e martello oggi si \u00e8 trasformata in una societ\u00e0 globale con uffici in tre continenti. Il segreto di Black Diamond \u00e8 sempre lo stesso: essere una societ\u00e0 formata da appassionati climber. In Black Diamond si continua a sognare su ci\u00f2 che potrebbe essere e si continua ad essere critici su ci\u00f2 che esiste. E&#8217; cos\u00ec che il processo creativo per la realizzazione della migliore attrezzatura da arrampicata non avr\u00e0 mai fine.<\/p>","protected":false},"excerpt":{"rendered":"<p>Il Black Diamond Hotwire \u00e8 un rinvio leggero e versatile con moschettoni a filo, forgiati a caldo, HotWire. I moschettoni [&hellip;]<\/p>\n","protected":false},"featured_media":28886,"comment_status":"open","ping_status":"closed","template":"","meta":{"_acf_changed":false},"product_brand":[121],"product_cat":[133],"product_tag":[],"class_list":{"0":"post-28878","1":"product","2":"type-product","3":"status-publish","4":"has-post-thumbnail","6":"product_brand-black-diamond","7":"product_cat-rinvii","9":"first","10":"instock","11":"sale","12":"taxable","13":"shipping-taxable","14":"purchasable","15":"product-type-variable"},"acf":[],"yoast_head":"<!-- This site is optimized with the Yoast SEO plugin v26.4 - https:\/\/yoast.com\/wordpress\/plugins\/seo\/ -->\n<title>Black Diamond Hotwire rinvio rinvii arrampicata - Sestogrado<\/title>\n<meta name=\"description\" content=\"Il Black Diamond Hotwire \u00e8 un rinvio leggero e versatile con moschettoni a filo, forgiati a caldo, HotWire. I moschettoni hanno un profilo a costruzione alleggerita, ed hanno un&#039;ampia superficie dedicata all&#039;alloggiamento della corda, per una maggiore durata, sia del moschettone sia della corda.Il Black Diamond HotWire \u00e8 un rinvio che beneficia della leggerezza dei due moschettoni a filo HotWire, forgiati a caldo e con un profilo particolarmente ampio. Equipaggiati con una robusta fettuccia in nylon da 18mm di spessore, sono disponibili nelle due lunghezze di 12 e 16cm. Il ferma fettuccia \u00e8 integrato per maggiore resistenza e durata ed i moschettoni hanno una differenziazione cromatica per una facile ed immediata riconoscibilit\u00e0.\" \/>\n<meta name=\"robots\" content=\"index, follow, max-snippet:-1, max-image-preview:large, max-video-preview:-1\" \/>\n<link rel=\"canonical\" href=\"https:\/\/www.sestogrado.it\/it\/prodotto\/black-diamond-hotwire-rinvio-rinvii-arrampicata\/\" \/>\n<meta property=\"og:locale\" content=\"it_IT\" \/>\n<meta property=\"og:type\" content=\"article\" \/>\n<meta property=\"og:title\" content=\"Black Diamond Hotwire rinvio rinvii arrampicata - Sestogrado\" \/>\n<meta property=\"og:description\" content=\"Il Black Diamond Hotwire \u00e8 un rinvio leggero e versatile con moschettoni a filo, forgiati a caldo, HotWire. I moschettoni hanno un profilo a costruzione alleggerita, ed hanno un&#039;ampia superficie dedicata all&#039;alloggiamento della corda, per una maggiore durata, sia del moschettone sia della corda.Il Black Diamond HotWire \u00e8 un rinvio che beneficia della leggerezza dei due moschettoni a filo HotWire, forgiati a caldo e con un profilo particolarmente ampio. Equipaggiati con una robusta fettuccia in nylon da 18mm di spessore, sono disponibili nelle due lunghezze di 12 e 16cm. Il ferma fettuccia \u00e8 integrato per maggiore resistenza e durata ed i moschettoni hanno una differenziazione cromatica per una facile ed immediata riconoscibilit\u00e0.\" \/>\n<meta property=\"og:url\" content=\"https:\/\/www.sestogrado.it\/it\/prodotto\/black-diamond-hotwire-rinvio-rinvii-arrampicata\/\" \/>\n<meta property=\"og:site_name\" content=\"Sestogrado\" \/>\n<meta property=\"article:publisher\" content=\"https:\/\/www.facebook.com\/pages\/Sestogrado\/1542635979353017?ref=bookmarks\" \/>\n<meta property=\"article:modified_time\" content=\"2026-03-20T13:30:11+00:00\" \/>\n<meta property=\"og:image\" content=\"https:\/\/www.sestogrado.it\/wp-content\/uploads\/2020\/03\/01.jpg\" \/>\n\t<meta property=\"og:image:width\" content=\"2000\" \/>\n\t<meta property=\"og:image:height\" content=\"1800\" \/>\n\t<meta property=\"og:image:type\" content=\"image\/jpeg\" \/>\n<meta name=\"twitter:label1\" content=\"Disponibilit\u00e0\" \/>\n\t<meta name=\"twitter:data1\" content=\"In stock\" \/>\n<script type=\"application\/ld+json\" class=\"yoast-schema-graph\">{\"@context\":\"https:\/\/schema.org\",\"@graph\":[{\"@type\":\"WebPage\",\"@id\":\"https:\/\/www.sestogrado.it\/it\/prodotto\/black-diamond-hotwire-rinvio-rinvii-arrampicata\/\",\"url\":\"https:\/\/www.sestogrado.it\/it\/prodotto\/black-diamond-hotwire-rinvio-rinvii-arrampicata\/\",\"name\":\"Black Diamond Hotwire rinvio rinvii arrampicata - Sestogrado\",\"isPartOf\":{\"@id\":\"https:\/\/www.sestogrado.it\/it\/#website\"},\"primaryImageOfPage\":{\"@id\":\"https:\/\/www.sestogrado.it\/it\/prodotto\/black-diamond-hotwire-rinvio-rinvii-arrampicata\/#primaryimage\"},\"image\":{\"@id\":\"https:\/\/www.sestogrado.it\/prodotto\/black-diamond-hotwire-rinvio-rinvii-arrampicata\/#primaryimage\"},\"thumbnailUrl\":\"https:\/\/www.sestogrado.it\/wp-content\/uploads\/2020\/03\/01.jpg\",\"datePublished\":\"2020-03-09T13:25:40+00:00\",\"dateModified\":\"2026-03-20T13:30:11+00:00\",\"description\":\"Il Black Diamond Hotwire \u00e8 un rinvio leggero e versatile con moschettoni a filo, forgiati a caldo, HotWire. I moschettoni hanno un profilo a costruzione alleggerita, ed hanno un'ampia superficie dedicata all'alloggiamento della corda, per una maggiore durata, sia del moschettone sia della corda.Il Black Diamond HotWire \u00e8 un rinvio che beneficia della leggerezza dei due moschettoni a filo HotWire, forgiati a caldo e con un profilo particolarmente ampio. Equipaggiati con una robusta fettuccia in nylon da 18mm di spessore, sono disponibili nelle due lunghezze di 12 e 16cm. Il ferma fettuccia \u00e8 integrato per maggiore resistenza e durata ed i moschettoni hanno una differenziazione cromatica per una facile ed immediata riconoscibilit\u00e0.\",\"breadcrumb\":{\"@id\":\"https:\/\/www.sestogrado.it\/it\/prodotto\/black-diamond-hotwire-rinvio-rinvii-arrampicata\/#breadcrumb\"},\"inLanguage\":\"it-IT\",\"potentialAction\":[{\"@type\":\"ReadAction\",\"target\":[[\"https:\/\/www.sestogrado.it\/it\/prodotto\/black-diamond-hotwire-rinvio-rinvii-arrampicata\/\"]]}]},{\"@type\":\"ImageObject\",\"inLanguage\":\"it-IT\",\"@id\":\"https:\/\/www.sestogrado.it\/it\/prodotto\/black-diamond-hotwire-rinvio-rinvii-arrampicata\/#primaryimage\",\"url\":\"https:\/\/www.sestogrado.it\/wp-content\/uploads\/2020\/03\/01.jpg\",\"contentUrl\":\"https:\/\/www.sestogrado.it\/wp-content\/uploads\/2020\/03\/01.jpg\",\"width\":2000,\"height\":1800,\"caption\":\"black diamond hotwire 12\"},{\"@type\":\"BreadcrumbList\",\"@id\":\"https:\/\/www.sestogrado.it\/it\/prodotto\/black-diamond-hotwire-rinvio-rinvii-arrampicata\/#breadcrumb\",\"itemListElement\":[{\"@type\":\"ListItem\",\"position\":1,\"name\":\"Home\",\"item\":\"https:\/\/www.sestogrado.it\/it\/\"},{\"@type\":\"ListItem\",\"position\":2,\"name\":\"Shop\",\"item\":\"https:\/\/www.sestogrado.it\/it\/shop\/\"},{\"@type\":\"ListItem\",\"position\":3,\"name\":\"Black Diamond Hotwire rinvio rinvii arrampicata\"}]},{\"@type\":\"WebSite\",\"@id\":\"https:\/\/www.sestogrado.it\/it\/#website\",\"url\":\"https:\/\/www.sestogrado.it\/it\/\",\"name\":\"Sestogrado\",\"description\":\"yes we climb\",\"publisher\":{\"@id\":\"https:\/\/www.sestogrado.it\/it\/#organization\"},\"potentialAction\":[{\"@type\":\"SearchAction\",\"target\":{\"@type\":\"EntryPoint\",\"urlTemplate\":\"https:\/\/www.sestogrado.it\/it\/?s={search_term_string}\"},\"query-input\":{\"@type\":\"PropertyValueSpecification\",\"valueRequired\":true,\"valueName\":\"search_term_string\"}}],\"inLanguage\":\"it-IT\"},{\"@type\":\"Organization\",\"@id\":\"https:\/\/www.sestogrado.it\/it\/#organization\",\"name\":\"Sestogrado\",\"url\":\"https:\/\/www.sestogrado.it\/it\/\",\"logo\":{\"@type\":\"ImageObject\",\"inLanguage\":\"it-IT\",\"@id\":\"https:\/\/www.sestogrado.it\/it\/#\/schema\/logo\/image\/\",\"url\":\"https:\/\/www.sestogrado.it\/wp-content\/uploads\/2015\/03\/sestogrado-favicon.png\",\"contentUrl\":\"https:\/\/www.sestogrado.it\/wp-content\/uploads\/2015\/03\/sestogrado-favicon.png\",\"width\":260,\"height\":260,\"caption\":\"Sestogrado\"},\"image\":{\"@id\":\"https:\/\/www.sestogrado.it\/it\/#\/schema\/logo\/image\/\"},\"sameAs\":[\"https:\/\/www.facebook.com\/pages\/Sestogrado\/1542635979353017?ref=bookmarks\",\"https:\/\/www.youtube.com\/channel\/UC847kAfTkaJsWpc1jtQwr3Q\"],\"hasMerchantReturnPolicy\":{\"@type\":\"MerchantReturnPolicy\",\"merchantReturnLink\":\"https:\/\/www.sestogrado.it\/it\/termini-e-condizioni\/\"}}]}<\/script>\n<meta property=\"product:brand\" content=\"Black Diamond\" \/>\n<meta property=\"og:availability\" content=\"instock\" \/>\n<meta property=\"product:availability\" content=\"instock\" \/>\n<meta property=\"product:condition\" content=\"new\" \/>\n<!-- \/ Yoast SEO plugin. -->","yoast_head_json":{"title":"Black Diamond Hotwire rinvio rinvii arrampicata - Sestogrado","description":"Il Black Diamond Hotwire \u00e8 un rinvio leggero e versatile con moschettoni a filo, forgiati a caldo, HotWire. I moschettoni hanno un profilo a costruzione alleggerita, ed hanno un'ampia superficie dedicata all'alloggiamento della corda, per una maggiore durata, sia del moschettone sia della corda.Il Black Diamond HotWire \u00e8 un rinvio che beneficia della leggerezza dei due moschettoni a filo HotWire, forgiati a caldo e con un profilo particolarmente ampio. Equipaggiati con una robusta fettuccia in nylon da 18mm di spessore, sono disponibili nelle due lunghezze di 12 e 16cm. Il ferma fettuccia \u00e8 integrato per maggiore resistenza e durata ed i moschettoni hanno una differenziazione cromatica per una facile ed immediata riconoscibilit\u00e0.","robots":{"index":"index","follow":"follow","max-snippet":"max-snippet:-1","max-image-preview":"max-image-preview:large","max-video-preview":"max-video-preview:-1"},"canonical":"https:\/\/www.sestogrado.it\/it\/prodotto\/black-diamond-hotwire-rinvio-rinvii-arrampicata\/","og_locale":"it_IT","og_type":"article","og_title":"Black Diamond Hotwire rinvio rinvii arrampicata - Sestogrado","og_description":"Il Black Diamond Hotwire \u00e8 un rinvio leggero e versatile con moschettoni a filo, forgiati a caldo, HotWire. I moschettoni hanno un profilo a costruzione alleggerita, ed hanno un'ampia superficie dedicata all'alloggiamento della corda, per una maggiore durata, sia del moschettone sia della corda.Il Black Diamond HotWire \u00e8 un rinvio che beneficia della leggerezza dei due moschettoni a filo HotWire, forgiati a caldo e con un profilo particolarmente ampio. Equipaggiati con una robusta fettuccia in nylon da 18mm di spessore, sono disponibili nelle due lunghezze di 12 e 16cm. Il ferma fettuccia \u00e8 integrato per maggiore resistenza e durata ed i moschettoni hanno una differenziazione cromatica per una facile ed immediata riconoscibilit\u00e0.","og_url":"https:\/\/www.sestogrado.it\/it\/prodotto\/black-diamond-hotwire-rinvio-rinvii-arrampicata\/","og_site_name":"Sestogrado","article_publisher":"https:\/\/www.facebook.com\/pages\/Sestogrado\/1542635979353017?ref=bookmarks","article_modified_time":"2026-03-20T13:30:11+00:00","og_image":[{"width":2000,"height":1800,"url":"https:\/\/www.sestogrado.it\/wp-content\/uploads\/2020\/03\/01.jpg","type":"image\/jpeg"}],"twitter_misc":{"Disponibilit\u00e0":"In stock"},"schema":{"@context":"https:\/\/schema.org","@graph":[{"@type":"WebPage","@id":"https:\/\/www.sestogrado.it\/it\/prodotto\/black-diamond-hotwire-rinvio-rinvii-arrampicata\/","url":"https:\/\/www.sestogrado.it\/it\/prodotto\/black-diamond-hotwire-rinvio-rinvii-arrampicata\/","name":"Black Diamond Hotwire rinvio rinvii arrampicata - Sestogrado","isPartOf":{"@id":"https:\/\/www.sestogrado.it\/it\/#website"},"primaryImageOfPage":{"@id":"https:\/\/www.sestogrado.it\/it\/prodotto\/black-diamond-hotwire-rinvio-rinvii-arrampicata\/#primaryimage"},"image":{"@id":"https:\/\/www.sestogrado.it\/prodotto\/black-diamond-hotwire-rinvio-rinvii-arrampicata\/#primaryimage"},"thumbnailUrl":"https:\/\/www.sestogrado.it\/wp-content\/uploads\/2020\/03\/01.jpg","datePublished":"2020-03-09T13:25:40+00:00","dateModified":"2026-03-20T13:30:11+00:00","description":"Il Black Diamond Hotwire \u00e8 un rinvio leggero e versatile con moschettoni a filo, forgiati a caldo, HotWire. I moschettoni hanno un profilo a costruzione alleggerita, ed hanno un'ampia superficie dedicata all'alloggiamento della corda, per una maggiore durata, sia del moschettone sia della corda.Il Black Diamond HotWire \u00e8 un rinvio che beneficia della leggerezza dei due moschettoni a filo HotWire, forgiati a caldo e con un profilo particolarmente ampio. Equipaggiati con una robusta fettuccia in nylon da 18mm di spessore, sono disponibili nelle due lunghezze di 12 e 16cm. Il ferma fettuccia \u00e8 integrato per maggiore resistenza e durata ed i moschettoni hanno una differenziazione cromatica per una facile ed immediata riconoscibilit\u00e0.","breadcrumb":{"@id":"https:\/\/www.sestogrado.it\/it\/prodotto\/black-diamond-hotwire-rinvio-rinvii-arrampicata\/#breadcrumb"},"inLanguage":"it-IT","potentialAction":[{"@type":"ReadAction","target":[["https:\/\/www.sestogrado.it\/it\/prodotto\/black-diamond-hotwire-rinvio-rinvii-arrampicata\/"]]}]},{"@type":"ImageObject","inLanguage":"it-IT","@id":"https:\/\/www.sestogrado.it\/it\/prodotto\/black-diamond-hotwire-rinvio-rinvii-arrampicata\/#primaryimage","url":"https:\/\/www.sestogrado.it\/wp-content\/uploads\/2020\/03\/01.jpg","contentUrl":"https:\/\/www.sestogrado.it\/wp-content\/uploads\/2020\/03\/01.jpg","width":2000,"height":1800,"caption":"black diamond hotwire 12"},{"@type":"BreadcrumbList","@id":"https:\/\/www.sestogrado.it\/it\/prodotto\/black-diamond-hotwire-rinvio-rinvii-arrampicata\/#breadcrumb","itemListElement":[{"@type":"ListItem","position":1,"name":"Home","item":"https:\/\/www.sestogrado.it\/it\/"},{"@type":"ListItem","position":2,"name":"Shop","item":"https:\/\/www.sestogrado.it\/it\/shop\/"},{"@type":"ListItem","position":3,"name":"Black Diamond Hotwire rinvio rinvii arrampicata"}]},{"@type":"WebSite","@id":"https:\/\/www.sestogrado.it\/it\/#website","url":"https:\/\/www.sestogrado.it\/it\/","name":"Sestogrado","description":"yes we climb","publisher":{"@id":"https:\/\/www.sestogrado.it\/it\/#organization"},"potentialAction":[{"@type":"SearchAction","target":{"@type":"EntryPoint","urlTemplate":"https:\/\/www.sestogrado.it\/it\/?s={search_term_string}"},"query-input":{"@type":"PropertyValueSpecification","valueRequired":true,"valueName":"search_term_string"}}],"inLanguage":"it-IT"},{"@type":"Organization","@id":"https:\/\/www.sestogrado.it\/it\/#organization","name":"Sestogrado","url":"https:\/\/www.sestogrado.it\/it\/","logo":{"@type":"ImageObject","inLanguage":"it-IT","@id":"https:\/\/www.sestogrado.it\/it\/#\/schema\/logo\/image\/","url":"https:\/\/www.sestogrado.it\/wp-content\/uploads\/2015\/03\/sestogrado-favicon.png","contentUrl":"https:\/\/www.sestogrado.it\/wp-content\/uploads\/2015\/03\/sestogrado-favicon.png","width":260,"height":260,"caption":"Sestogrado"},"image":{"@id":"https:\/\/www.sestogrado.it\/it\/#\/schema\/logo\/image\/"},"sameAs":["https:\/\/www.facebook.com\/pages\/Sestogrado\/1542635979353017?ref=bookmarks","https:\/\/www.youtube.com\/channel\/UC847kAfTkaJsWpc1jtQwr3Q"],"hasMerchantReturnPolicy":{"@type":"MerchantReturnPolicy","merchantReturnLink":"https:\/\/www.sestogrado.it\/it\/termini-e-condizioni\/"}}]},"product_brand":"Black Diamond","og_availability":"instock","product_availability":"instock","product_condition":"new"},"_links":{"self":[{"href":"https:\/\/www.sestogrado.it\/it\/wp-json\/wp\/v2\/product\/28878","targetHints":{"allow":["GET"]}}],"collection":[{"href":"https:\/\/www.sestogrado.it\/it\/wp-json\/wp\/v2\/product"}],"about":[{"href":"https:\/\/www.sestogrado.it\/it\/wp-json\/wp\/v2\/types\/product"}],"replies":[{"embeddable":true,"href":"https:\/\/www.sestogrado.it\/it\/wp-json\/wp\/v2\/comments?post=28878"}],"wp:featuredmedia":[{"embeddable":true,"href":"https:\/\/www.sestogrado.it\/it\/wp-json\/wp\/v2\/media\/28886"}],"wp:attachment":[{"href":"https:\/\/www.sestogrado.it\/it\/wp-json\/wp\/v2\/media?parent=28878"}],"wp:term":[{"taxonomy":"product_brand","embeddable":true,"href":"https:\/\/www.sestogrado.it\/it\/wp-json\/wp\/v2\/product_brand?post=28878"},{"taxonomy":"product_cat","embeddable":true,"href":"https:\/\/www.sestogrado.it\/it\/wp-json\/wp\/v2\/product_cat?post=28878"},{"taxonomy":"product_tag","embeddable":true,"href":"https:\/\/www.sestogrado.it\/it\/wp-json\/wp\/v2\/product_tag?post=28878"}],"curies":[{"name":"wp","href":"https:\/\/api.w.org\/{rel}","templated":true}]}}