{"id":28866,"date":"2020-03-02T14:32:03","date_gmt":"2020-03-02T13:32:03","guid":{"rendered":"https:\/\/www.sestogrado.it\/?post_type=product&#038;p=28866"},"modified":"2026-05-02T12:51:54","modified_gmt":"2026-05-02T10:51:54","slug":"black-diamond-vision-casco-arrampicata","status":"publish","type":"product","link":"https:\/\/www.sestogrado.it\/it\/prodotto\/black-diamond-vision-casco-arrampicata\/","title":{"rendered":"Black Diamond Vision casco arrampicata"},"content":{"rendered":"<p>Il Black Diamond Vision \u00e8 un casco da arrampicata ed alpinismo di nuova concezione, particolarmente comodo e robusto. Il Vision \u00e8 realizzato con la fusione di tre materiali diversi, la schiuma interna EPP, la schiuma in EPS per lo strato intermedio ed un guscio esterno in solido polycarbonato che tiene a bada ammaccature e graffi da corpi sporgenti, rimanendo incredibilmente leggero con un peso di soli 210 grammi. Il Vision \u00e8 progettato rispettando le linee guide ed i nuovi requisiti della UIAA sulla protezione da impatti laterali, con delle nuove protezioni ai lati, mentre le abbondanti prese di aerazione tengono la testa ventilata anche nelle giornate pi\u00f9 calde ed intense.<\/p>\n<p>Il sistema di calzata e l&#8217;allacciamento sottogola sono particolarmente ergonomici e consentono una vestibilit\u00e0 comoda e precisa. Le clip integrate per l&#8217;aggancio delle lampade frontali sono a basso profilo per non agganciarsi involontariamente a corpi esterni.<\/p>\n<ul>\n<li>3 fibre composite: EPP + EPS + scudo in polycarbonato rappresentano il casco pi\u00f9 resistente nella linea Black Diamond<\/li>\n<li>sistema di sospensione e basso profilo, per una calzata precisa ed ottimizzazione del volume del casco<\/li>\n<li>peso di soli 210 grammi<\/li>\n<li>porta lampade integrate a basso profilo<\/li>\n<li>inserti in velco removibili<\/li>\n<\/ul>\n<p>&nbsp;<\/p>\n<p>Il Black Diamond Vision \u00e8 il nuovo casco di alta gamma di Black Diamond, con una filosofia costruttiva di ultima generazione, in grado di fornire contemporaneamente massima sicurezza, protezione da impatti laterali, leggerezza, ventilazione e comfort. Top.<\/p>\n<p>&nbsp;<\/p>\n<p>Black Diamond dal 1957 rappresenta un punto di riferimento mondiale per l\u2019attrezzatura da arrampicata. Ci\u00f2 che all\u2019inizio era una attivit\u00e0 artigianale con incudine e martello oggi si \u00e8 trasformata in una societ\u00e0 globale con uffici in tre continenti. Il segreto di Black Diamond \u00e8 sempre lo stesso: essere una societ\u00e0 formata da appassionati climber. In Black Diamond si continua a sognare su ci\u00f2 che potrebbe essere e si continua ad essere critici su ci\u00f2 che esiste. E\u2019 cos\u00ec che il processo creativo per la realizzazione della migliore attrezzatura da arrampicata non avr\u00e0 mai fine.<\/p>","protected":false},"excerpt":{"rendered":"<p>Il Black Diamond Vision \u00e8 un casco da arrampicata ed alpinismo di nuova concezione, particolarmente comodo e robusto. Il Vision [&hellip;]<\/p>\n","protected":false},"featured_media":202122,"comment_status":"open","ping_status":"closed","template":"","meta":{"_acf_changed":false},"product_brand":[121],"product_cat":[143],"product_tag":[],"class_list":{"0":"post-28866","1":"product","2":"type-product","3":"status-publish","4":"has-post-thumbnail","6":"product_brand-black-diamond","7":"product_cat-caschi","9":"first","10":"instock","11":"sale","12":"taxable","13":"shipping-taxable","14":"purchasable","15":"product-type-variable"},"acf":[],"yoast_head":"<!-- This site is optimized with the Yoast SEO plugin v26.4 - https:\/\/yoast.com\/wordpress\/plugins\/seo\/ -->\n<title>Black Diamond Vision casco arrampicata - Sestogrado<\/title>\n<meta name=\"description\" content=\"Il Black Diamond Vision \u00e8 un casco da arrampicata ed alpinismo di nuova concezione, particolarmente comodo e robusto. Il Vision \u00e8 realizzato con la fusione di tre materiali diversi, la schiuma interna EPP, la schiuma in EPS per lo strato intermedio ed un guscio esterno in solido polycarbonato che tiene a bada ammaccature e graffi da corpi sporgenti, rimanendo incredibilmente leggero con un peso di soli 210 grammi. Il Vision \u00e8 progettato rispettando le linee guide ed i nuovi requisiti della UIAA sulla protezione da impatti laterali, con delle nuove protezioni ai lati, mentre le abbondanti prese di aerazione tengono la testa ventilata anche nelle giornate pi\u00f9 calde ed intense.Il sistema di calzata e l&#039;allacciamento sottogola sono particolarmente ergonomici e consentono una vestibilit\u00e0 comoda e precisa. Le clip integrate per l&#039;aggancio delle lampade frontali sono a basso profilo per non agganciarsi involontariamente a corpi esterni.\" \/>\n<meta name=\"robots\" content=\"index, follow, max-snippet:-1, max-image-preview:large, max-video-preview:-1\" \/>\n<link rel=\"canonical\" href=\"https:\/\/www.sestogrado.it\/it\/prodotto\/black-diamond-vision-casco-arrampicata\/\" \/>\n<meta property=\"og:locale\" content=\"it_IT\" \/>\n<meta property=\"og:type\" content=\"article\" \/>\n<meta property=\"og:title\" content=\"Black Diamond Vision casco arrampicata - Sestogrado\" \/>\n<meta property=\"og:description\" content=\"Il Black Diamond Vision \u00e8 un casco da arrampicata ed alpinismo di nuova concezione, particolarmente comodo e robusto. Il Vision \u00e8 realizzato con la fusione di tre materiali diversi, la schiuma interna EPP, la schiuma in EPS per lo strato intermedio ed un guscio esterno in solido polycarbonato che tiene a bada ammaccature e graffi da corpi sporgenti, rimanendo incredibilmente leggero con un peso di soli 210 grammi. Il Vision \u00e8 progettato rispettando le linee guide ed i nuovi requisiti della UIAA sulla protezione da impatti laterali, con delle nuove protezioni ai lati, mentre le abbondanti prese di aerazione tengono la testa ventilata anche nelle giornate pi\u00f9 calde ed intense.Il sistema di calzata e l&#039;allacciamento sottogola sono particolarmente ergonomici e consentono una vestibilit\u00e0 comoda e precisa. Le clip integrate per l&#039;aggancio delle lampade frontali sono a basso profilo per non agganciarsi involontariamente a corpi esterni.\" \/>\n<meta property=\"og:url\" content=\"https:\/\/www.sestogrado.it\/it\/prodotto\/black-diamond-vision-casco-arrampicata\/\" \/>\n<meta property=\"og:site_name\" content=\"Sestogrado\" \/>\n<meta property=\"article:publisher\" content=\"https:\/\/www.facebook.com\/pages\/Sestogrado\/1542635979353017?ref=bookmarks\" \/>\n<meta property=\"article:modified_time\" content=\"2026-05-02T10:51:54+00:00\" \/>\n<meta property=\"og:image\" content=\"https:\/\/www.sestogrado.it\/wp-content\/uploads\/2020\/03\/01-18.jpg\" \/>\n\t<meta property=\"og:image:width\" content=\"1200\" \/>\n\t<meta property=\"og:image:height\" content=\"1200\" \/>\n\t<meta property=\"og:image:type\" content=\"image\/jpeg\" \/>\n<meta name=\"twitter:label1\" content=\"Disponibilit\u00e0\" \/>\n\t<meta name=\"twitter:data1\" content=\"In stock\" \/>\n<script type=\"application\/ld+json\" class=\"yoast-schema-graph\">{\"@context\":\"https:\/\/schema.org\",\"@graph\":[{\"@type\":\"WebPage\",\"@id\":\"https:\/\/www.sestogrado.it\/it\/prodotto\/black-diamond-vision-casco-arrampicata\/\",\"url\":\"https:\/\/www.sestogrado.it\/it\/prodotto\/black-diamond-vision-casco-arrampicata\/\",\"name\":\"Black Diamond Vision casco arrampicata - Sestogrado\",\"isPartOf\":{\"@id\":\"https:\/\/www.sestogrado.it\/it\/#website\"},\"primaryImageOfPage\":{\"@id\":\"https:\/\/www.sestogrado.it\/it\/prodotto\/black-diamond-vision-casco-arrampicata\/#primaryimage\"},\"image\":{\"@id\":\"https:\/\/www.sestogrado.it\/prodotto\/black-diamond-vision-casco-arrampicata\/#primaryimage\"},\"thumbnailUrl\":\"https:\/\/www.sestogrado.it\/wp-content\/uploads\/2020\/03\/01-18.jpg\",\"datePublished\":\"2020-03-02T13:32:03+00:00\",\"dateModified\":\"2026-05-02T10:51:54+00:00\",\"description\":\"Il Black Diamond Vision \u00e8 un casco da arrampicata ed alpinismo di nuova concezione, particolarmente comodo e robusto. Il Vision \u00e8 realizzato con la fusione di tre materiali diversi, la schiuma interna EPP, la schiuma in EPS per lo strato intermedio ed un guscio esterno in solido polycarbonato che tiene a bada ammaccature e graffi da corpi sporgenti, rimanendo incredibilmente leggero con un peso di soli 210 grammi. Il Vision \u00e8 progettato rispettando le linee guide ed i nuovi requisiti della UIAA sulla protezione da impatti laterali, con delle nuove protezioni ai lati, mentre le abbondanti prese di aerazione tengono la testa ventilata anche nelle giornate pi\u00f9 calde ed intense.Il sistema di calzata e l'allacciamento sottogola sono particolarmente ergonomici e consentono una vestibilit\u00e0 comoda e precisa. Le clip integrate per l'aggancio delle lampade frontali sono a basso profilo per non agganciarsi involontariamente a corpi esterni.\",\"breadcrumb\":{\"@id\":\"https:\/\/www.sestogrado.it\/it\/prodotto\/black-diamond-vision-casco-arrampicata\/#breadcrumb\"},\"inLanguage\":\"it-IT\",\"potentialAction\":[{\"@type\":\"ReadAction\",\"target\":[[\"https:\/\/www.sestogrado.it\/it\/prodotto\/black-diamond-vision-casco-arrampicata\/\"]]}]},{\"@type\":\"ImageObject\",\"inLanguage\":\"it-IT\",\"@id\":\"https:\/\/www.sestogrado.it\/it\/prodotto\/black-diamond-vision-casco-arrampicata\/#primaryimage\",\"url\":\"https:\/\/www.sestogrado.it\/wp-content\/uploads\/2020\/03\/01-18.jpg\",\"contentUrl\":\"https:\/\/www.sestogrado.it\/wp-content\/uploads\/2020\/03\/01-18.jpg\",\"width\":1200,\"height\":1200,\"caption\":\"vision steel grey\"},{\"@type\":\"BreadcrumbList\",\"@id\":\"https:\/\/www.sestogrado.it\/it\/prodotto\/black-diamond-vision-casco-arrampicata\/#breadcrumb\",\"itemListElement\":[{\"@type\":\"ListItem\",\"position\":1,\"name\":\"Home\",\"item\":\"https:\/\/www.sestogrado.it\/it\/\"},{\"@type\":\"ListItem\",\"position\":2,\"name\":\"Shop\",\"item\":\"https:\/\/www.sestogrado.it\/it\/shop\/\"},{\"@type\":\"ListItem\",\"position\":3,\"name\":\"Black Diamond Vision casco arrampicata\"}]},{\"@type\":\"WebSite\",\"@id\":\"https:\/\/www.sestogrado.it\/it\/#website\",\"url\":\"https:\/\/www.sestogrado.it\/it\/\",\"name\":\"Sestogrado\",\"description\":\"yes we climb\",\"publisher\":{\"@id\":\"https:\/\/www.sestogrado.it\/it\/#organization\"},\"potentialAction\":[{\"@type\":\"SearchAction\",\"target\":{\"@type\":\"EntryPoint\",\"urlTemplate\":\"https:\/\/www.sestogrado.it\/it\/?s={search_term_string}\"},\"query-input\":{\"@type\":\"PropertyValueSpecification\",\"valueRequired\":true,\"valueName\":\"search_term_string\"}}],\"inLanguage\":\"it-IT\"},{\"@type\":\"Organization\",\"@id\":\"https:\/\/www.sestogrado.it\/it\/#organization\",\"name\":\"Sestogrado\",\"url\":\"https:\/\/www.sestogrado.it\/it\/\",\"logo\":{\"@type\":\"ImageObject\",\"inLanguage\":\"it-IT\",\"@id\":\"https:\/\/www.sestogrado.it\/it\/#\/schema\/logo\/image\/\",\"url\":\"https:\/\/www.sestogrado.it\/wp-content\/uploads\/2015\/03\/sestogrado-favicon.png\",\"contentUrl\":\"https:\/\/www.sestogrado.it\/wp-content\/uploads\/2015\/03\/sestogrado-favicon.png\",\"width\":260,\"height\":260,\"caption\":\"Sestogrado\"},\"image\":{\"@id\":\"https:\/\/www.sestogrado.it\/it\/#\/schema\/logo\/image\/\"},\"sameAs\":[\"https:\/\/www.facebook.com\/pages\/Sestogrado\/1542635979353017?ref=bookmarks\",\"https:\/\/www.youtube.com\/channel\/UC847kAfTkaJsWpc1jtQwr3Q\"],\"hasMerchantReturnPolicy\":{\"@type\":\"MerchantReturnPolicy\",\"merchantReturnLink\":\"https:\/\/www.sestogrado.it\/it\/termini-e-condizioni\/\"}}]}<\/script>\n<meta property=\"product:brand\" content=\"Black Diamond\" \/>\n<meta property=\"og:availability\" content=\"instock\" \/>\n<meta property=\"product:availability\" content=\"instock\" \/>\n<meta property=\"product:condition\" content=\"new\" \/>\n<!-- \/ Yoast SEO plugin. -->","yoast_head_json":{"title":"Black Diamond Vision casco arrampicata - Sestogrado","description":"Il Black Diamond Vision \u00e8 un casco da arrampicata ed alpinismo di nuova concezione, particolarmente comodo e robusto. Il Vision \u00e8 realizzato con la fusione di tre materiali diversi, la schiuma interna EPP, la schiuma in EPS per lo strato intermedio ed un guscio esterno in solido polycarbonato che tiene a bada ammaccature e graffi da corpi sporgenti, rimanendo incredibilmente leggero con un peso di soli 210 grammi. Il Vision \u00e8 progettato rispettando le linee guide ed i nuovi requisiti della UIAA sulla protezione da impatti laterali, con delle nuove protezioni ai lati, mentre le abbondanti prese di aerazione tengono la testa ventilata anche nelle giornate pi\u00f9 calde ed intense.Il sistema di calzata e l'allacciamento sottogola sono particolarmente ergonomici e consentono una vestibilit\u00e0 comoda e precisa. Le clip integrate per l'aggancio delle lampade frontali sono a basso profilo per non agganciarsi involontariamente a corpi esterni.","robots":{"index":"index","follow":"follow","max-snippet":"max-snippet:-1","max-image-preview":"max-image-preview:large","max-video-preview":"max-video-preview:-1"},"canonical":"https:\/\/www.sestogrado.it\/it\/prodotto\/black-diamond-vision-casco-arrampicata\/","og_locale":"it_IT","og_type":"article","og_title":"Black Diamond Vision casco arrampicata - Sestogrado","og_description":"Il Black Diamond Vision \u00e8 un casco da arrampicata ed alpinismo di nuova concezione, particolarmente comodo e robusto. Il Vision \u00e8 realizzato con la fusione di tre materiali diversi, la schiuma interna EPP, la schiuma in EPS per lo strato intermedio ed un guscio esterno in solido polycarbonato che tiene a bada ammaccature e graffi da corpi sporgenti, rimanendo incredibilmente leggero con un peso di soli 210 grammi. Il Vision \u00e8 progettato rispettando le linee guide ed i nuovi requisiti della UIAA sulla protezione da impatti laterali, con delle nuove protezioni ai lati, mentre le abbondanti prese di aerazione tengono la testa ventilata anche nelle giornate pi\u00f9 calde ed intense.Il sistema di calzata e l'allacciamento sottogola sono particolarmente ergonomici e consentono una vestibilit\u00e0 comoda e precisa. Le clip integrate per l'aggancio delle lampade frontali sono a basso profilo per non agganciarsi involontariamente a corpi esterni.","og_url":"https:\/\/www.sestogrado.it\/it\/prodotto\/black-diamond-vision-casco-arrampicata\/","og_site_name":"Sestogrado","article_publisher":"https:\/\/www.facebook.com\/pages\/Sestogrado\/1542635979353017?ref=bookmarks","article_modified_time":"2026-05-02T10:51:54+00:00","og_image":[{"width":1200,"height":1200,"url":"https:\/\/www.sestogrado.it\/wp-content\/uploads\/2020\/03\/01-18.jpg","type":"image\/jpeg"}],"twitter_misc":{"Disponibilit\u00e0":"In stock"},"schema":{"@context":"https:\/\/schema.org","@graph":[{"@type":"WebPage","@id":"https:\/\/www.sestogrado.it\/it\/prodotto\/black-diamond-vision-casco-arrampicata\/","url":"https:\/\/www.sestogrado.it\/it\/prodotto\/black-diamond-vision-casco-arrampicata\/","name":"Black Diamond Vision casco arrampicata - Sestogrado","isPartOf":{"@id":"https:\/\/www.sestogrado.it\/it\/#website"},"primaryImageOfPage":{"@id":"https:\/\/www.sestogrado.it\/it\/prodotto\/black-diamond-vision-casco-arrampicata\/#primaryimage"},"image":{"@id":"https:\/\/www.sestogrado.it\/prodotto\/black-diamond-vision-casco-arrampicata\/#primaryimage"},"thumbnailUrl":"https:\/\/www.sestogrado.it\/wp-content\/uploads\/2020\/03\/01-18.jpg","datePublished":"2020-03-02T13:32:03+00:00","dateModified":"2026-05-02T10:51:54+00:00","description":"Il Black Diamond Vision \u00e8 un casco da arrampicata ed alpinismo di nuova concezione, particolarmente comodo e robusto. Il Vision \u00e8 realizzato con la fusione di tre materiali diversi, la schiuma interna EPP, la schiuma in EPS per lo strato intermedio ed un guscio esterno in solido polycarbonato che tiene a bada ammaccature e graffi da corpi sporgenti, rimanendo incredibilmente leggero con un peso di soli 210 grammi. Il Vision \u00e8 progettato rispettando le linee guide ed i nuovi requisiti della UIAA sulla protezione da impatti laterali, con delle nuove protezioni ai lati, mentre le abbondanti prese di aerazione tengono la testa ventilata anche nelle giornate pi\u00f9 calde ed intense.Il sistema di calzata e l'allacciamento sottogola sono particolarmente ergonomici e consentono una vestibilit\u00e0 comoda e precisa. Le clip integrate per l'aggancio delle lampade frontali sono a basso profilo per non agganciarsi involontariamente a corpi esterni.","breadcrumb":{"@id":"https:\/\/www.sestogrado.it\/it\/prodotto\/black-diamond-vision-casco-arrampicata\/#breadcrumb"},"inLanguage":"it-IT","potentialAction":[{"@type":"ReadAction","target":[["https:\/\/www.sestogrado.it\/it\/prodotto\/black-diamond-vision-casco-arrampicata\/"]]}]},{"@type":"ImageObject","inLanguage":"it-IT","@id":"https:\/\/www.sestogrado.it\/it\/prodotto\/black-diamond-vision-casco-arrampicata\/#primaryimage","url":"https:\/\/www.sestogrado.it\/wp-content\/uploads\/2020\/03\/01-18.jpg","contentUrl":"https:\/\/www.sestogrado.it\/wp-content\/uploads\/2020\/03\/01-18.jpg","width":1200,"height":1200,"caption":"vision steel grey"},{"@type":"BreadcrumbList","@id":"https:\/\/www.sestogrado.it\/it\/prodotto\/black-diamond-vision-casco-arrampicata\/#breadcrumb","itemListElement":[{"@type":"ListItem","position":1,"name":"Home","item":"https:\/\/www.sestogrado.it\/it\/"},{"@type":"ListItem","position":2,"name":"Shop","item":"https:\/\/www.sestogrado.it\/it\/shop\/"},{"@type":"ListItem","position":3,"name":"Black Diamond Vision casco arrampicata"}]},{"@type":"WebSite","@id":"https:\/\/www.sestogrado.it\/it\/#website","url":"https:\/\/www.sestogrado.it\/it\/","name":"Sestogrado","description":"yes we climb","publisher":{"@id":"https:\/\/www.sestogrado.it\/it\/#organization"},"potentialAction":[{"@type":"SearchAction","target":{"@type":"EntryPoint","urlTemplate":"https:\/\/www.sestogrado.it\/it\/?s={search_term_string}"},"query-input":{"@type":"PropertyValueSpecification","valueRequired":true,"valueName":"search_term_string"}}],"inLanguage":"it-IT"},{"@type":"Organization","@id":"https:\/\/www.sestogrado.it\/it\/#organization","name":"Sestogrado","url":"https:\/\/www.sestogrado.it\/it\/","logo":{"@type":"ImageObject","inLanguage":"it-IT","@id":"https:\/\/www.sestogrado.it\/it\/#\/schema\/logo\/image\/","url":"https:\/\/www.sestogrado.it\/wp-content\/uploads\/2015\/03\/sestogrado-favicon.png","contentUrl":"https:\/\/www.sestogrado.it\/wp-content\/uploads\/2015\/03\/sestogrado-favicon.png","width":260,"height":260,"caption":"Sestogrado"},"image":{"@id":"https:\/\/www.sestogrado.it\/it\/#\/schema\/logo\/image\/"},"sameAs":["https:\/\/www.facebook.com\/pages\/Sestogrado\/1542635979353017?ref=bookmarks","https:\/\/www.youtube.com\/channel\/UC847kAfTkaJsWpc1jtQwr3Q"],"hasMerchantReturnPolicy":{"@type":"MerchantReturnPolicy","merchantReturnLink":"https:\/\/www.sestogrado.it\/it\/termini-e-condizioni\/"}}]},"product_brand":"Black Diamond","og_availability":"instock","product_availability":"instock","product_condition":"new"},"_links":{"self":[{"href":"https:\/\/www.sestogrado.it\/it\/wp-json\/wp\/v2\/product\/28866","targetHints":{"allow":["GET"]}}],"collection":[{"href":"https:\/\/www.sestogrado.it\/it\/wp-json\/wp\/v2\/product"}],"about":[{"href":"https:\/\/www.sestogrado.it\/it\/wp-json\/wp\/v2\/types\/product"}],"replies":[{"embeddable":true,"href":"https:\/\/www.sestogrado.it\/it\/wp-json\/wp\/v2\/comments?post=28866"}],"wp:featuredmedia":[{"embeddable":true,"href":"https:\/\/www.sestogrado.it\/it\/wp-json\/wp\/v2\/media\/202122"}],"wp:attachment":[{"href":"https:\/\/www.sestogrado.it\/it\/wp-json\/wp\/v2\/media?parent=28866"}],"wp:term":[{"taxonomy":"product_brand","embeddable":true,"href":"https:\/\/www.sestogrado.it\/it\/wp-json\/wp\/v2\/product_brand?post=28866"},{"taxonomy":"product_cat","embeddable":true,"href":"https:\/\/www.sestogrado.it\/it\/wp-json\/wp\/v2\/product_cat?post=28866"},{"taxonomy":"product_tag","embeddable":true,"href":"https:\/\/www.sestogrado.it\/it\/wp-json\/wp\/v2\/product_tag?post=28866"}],"curies":[{"name":"wp","href":"https:\/\/api.w.org\/{rel}","templated":true}]}}