{"id":28431,"date":"2022-10-06T09:00:18","date_gmt":"2022-10-06T07:00:18","guid":{"rendered":"https:\/\/www.sestogrado.it\/?post_type=product&#038;p=28431"},"modified":"2026-01-31T11:21:08","modified_gmt":"2026-01-31T10:21:08","slug":"blue-ice-warthog-40-l-zaino-arrampicata-alpinismo","status":"publish","type":"product","link":"https:\/\/www.sestogrado.it\/it\/prodotto\/blue-ice-warthog-40-l-zaino-arrampicata-alpinismo\/","title":{"rendered":"Blue Ice Warthog 40 L zaino arrampicata alpinismo"},"content":{"rendered":"<p>Il Blue Ice Warthog 40 \u00e8 uno zaino da 40 litri robusto e completo, dove riporre tutta la tua attrezzatura. Set di chiodi, corde, scarponi, ramponi, attrezzi, casco, giacca, piumino, cibo, bivy &#8230; Il Warthog 40L pu\u00f2 trasportare tutta l&#8217;attrezzatura alpinistica e non stancarsi mai.<\/p>\n<p>\u00c8 uno zaino audace e senza compromessi per gli obiettivi alpinistici pi\u00f9 seri e impegnativi. Costruito per offrire la massima vestibilit\u00e0 e fornito in due taglie, per adattarsi al meglio ad ogni corporatura, ha una capacit\u00e0 di trasporto senza eguali. Gli innovativi spallacci in laminato ibridi si ispirano alla costruzione dell&#8217;imbracatura da arrampicata per offrire un sistema di trasporto dal profilo super basso ma con una elevata distribuzione del carico e comfort. I tessuti rivestiti in carbonato tengono alla larga neve e ghiaccio e rendono questo zaino sempre pi\u00f9 robusto per un uso intensivo in condizioni invernali.<\/p>\n<ul>\n<li>Materiale: tessuto del corpo principale in nylon ripstop 210D Robic &#8211; materiale approvato Bluesign e privo di PFC e rivestimento frontale permanente senza fluorocarburi<\/li>\n<li>Lamiera rimovibile Atilon ad alta densit\u00e0<\/li>\n<li>Cintura in vita rimovibile con imbottiture per i fianchi galleggianti<\/li>\n<li>Cinghie di compressione laterali rimovibili<\/li>\n<li>Doppio porta piccozza<\/li>\n<li>Compatibile con portacasco (non incluso)<\/li>\n<li>Tasca esterna porta accessori con apertura protetta da zip<\/li>\n<li>Sistema di trasporto a basso profilo con spallacci ispirati all&#8217;imbracatura per una migliore vestibilit\u00e0 e trasporto<\/li>\n<li>Manicotto 3d per attrezzi da ghiaccio per una sicurezza dell&#8217;utensile senza pari<\/li>\n<li>Sistema integrato porta corda<\/li>\n<li>Tasca interna per accessori secondari con clip per chiavi<\/li>\n<li>Volume 40L<\/li>\n<li>Dimensioni 63x29x29cm<\/li>\n<li>Peso: 700g e 600g spogliato<\/li>\n<li>Due lunghezze di schienali disponibili: S (42cm) o M (47cm)<\/li>\n<\/ul>\n<p><iframe src=\"\/\/www.youtube.com\/embed\/sEpvTKO8weA\" width=\"560\" height=\"314\" allowfullscreen=\"allowfullscreen\"><\/iframe><\/p>\n<p>Come scegliere la taglia dello schienale:<\/p>\n<p><img decoding=\"async\" class=\" wp-image-28419 img-fluid alignnone\" src=\"https:\/\/www.sestogrado.it\/wp-content\/uploads\/2020\/02\/warthog-30l-pack.jpg\" alt=\"taglia schienale\" width=\"612\" height=\"612\" srcset=\"https:\/\/www.sestogrado.it\/wp-content\/uploads\/2020\/02\/warthog-30l-pack.jpg 1600w, https:\/\/www.sestogrado.it\/wp-content\/uploads\/2020\/02\/warthog-30l-pack-300x300.jpg 300w, https:\/\/www.sestogrado.it\/wp-content\/uploads\/2020\/02\/warthog-30l-pack-100x100.jpg 100w, https:\/\/www.sestogrado.it\/wp-content\/uploads\/2020\/02\/warthog-30l-pack-750x750.jpg 750w, https:\/\/www.sestogrado.it\/wp-content\/uploads\/2020\/02\/warthog-30l-pack-1024x1024.jpg 1024w, https:\/\/www.sestogrado.it\/wp-content\/uploads\/2020\/02\/warthog-30l-pack-150x150.jpg 150w, https:\/\/www.sestogrado.it\/wp-content\/uploads\/2020\/02\/warthog-30l-pack-768x768.jpg 768w, https:\/\/www.sestogrado.it\/wp-content\/uploads\/2020\/02\/warthog-30l-pack-1536x1536.jpg 1536w, https:\/\/www.sestogrado.it\/wp-content\/uploads\/2020\/02\/warthog-30l-pack-45x45.jpg 45w, https:\/\/www.sestogrado.it\/wp-content\/uploads\/2020\/02\/warthog-30l-pack-220x220.jpg 220w, https:\/\/www.sestogrado.it\/wp-content\/uploads\/2020\/02\/warthog-30l-pack-635x635.jpg 635w, https:\/\/www.sestogrado.it\/wp-content\/uploads\/2020\/02\/warthog-30l-pack-64x64.jpg 64w, https:\/\/www.sestogrado.it\/wp-content\/uploads\/2020\/02\/warthog-30l-pack-80x80.jpg 80w\" sizes=\"(max-width: 612px) 100vw, 612px\" \/><\/p>\n<p>Scegliere la lunghezza dello schienale, tra S e M, che pi\u00f9 si avvicina alla propria costituzione fisica, per avere un appoggio aderente e preciso dello zaino.<\/p>\n<p>Il Blue Ice Warthog 40L \u00e8 un robusto zaino da arrampicata completo e definitivo, per estenuanti spedizioni alpine. Mettilo alla prova, lo terrai per anni.<\/p>\n<p>&nbsp;<\/p>\n<p>Blue Ice \u00e8 un\u2019azienda con sede a Chamonix che produce solo articoli da alpinismo di alta qualit\u00e0. Gli zaini Blue Ice sono dedicati ad un alpinismo tecnico e di alto livello. Inizialmente era semplicemente una questione di vivere la nostra passione al massimo: arrampicare, sciare, esplorare o semplicemente entrare in contatto con noi stessi e le montagne \u2026 prima di estendere questo progetto a tutti gli amanti delle vette l\u00e0 fuori.<\/p>","protected":false},"excerpt":{"rendered":"<p>Il Blue Ice Warthog 40 \u00e8 uno zaino da 40 litri robusto e completo, dove riporre tutta la tua attrezzatura. [&hellip;]<\/p>\n","protected":false},"featured_media":114249,"comment_status":"open","ping_status":"closed","template":"","meta":{"_acf_changed":false},"product_brand":[641],"product_cat":[389],"product_tag":[],"class_list":{"0":"post-28431","1":"product","2":"type-product","3":"status-publish","4":"has-post-thumbnail","6":"product_brand-blue-ice","7":"product_cat-zaini-alpinismo","9":"first","10":"instock","11":"sale","12":"taxable","13":"shipping-taxable","14":"purchasable","15":"product-type-variable"},"acf":[],"yoast_head":"<!-- This site is optimized with the Yoast SEO plugin v26.4 - https:\/\/yoast.com\/wordpress\/plugins\/seo\/ -->\n<title>Blue Ice Warthog 40 L zaino arrampicata alpinismo - Sestogrado<\/title>\n<meta name=\"description\" content=\"Il Blue Ice Warthog 40 \u00e8 uno zaino da 40 litri robusto e completo, dove riporre tutta la tua attrezzatura. Set di chiodi, corde, scarponi, ramponi, attrezzi, casco, giacca, piumino, cibo, bivy ... Il Warthog 40L pu\u00f2 trasportare tutta l&#039;attrezzatura alpinistica e non stancarsi mai.\u00c8 uno zaino audace e senza compromessi per gli obiettivi alpinistici pi\u00f9 seri e impegnativi. Costruito per offrire la massima vestibilit\u00e0 e fornito in due taglie, per adattarsi al meglio ad ogni corporatura, ha una capacit\u00e0 di trasporto senza eguali. Gli innovativi spallacci in laminato ibridi si ispirano alla costruzione dell&#039;imbracatura da arrampicata per offrire un sistema di trasporto dal profilo super basso ma con una elevata distribuzione del carico e comfort. I tessuti rivestiti in carbonato tengono alla larga neve e ghiaccio e rendono questo zaino sempre pi\u00f9 robusto per un uso intensivo in condizioni invernali.\" \/>\n<meta name=\"robots\" content=\"index, follow, max-snippet:-1, max-image-preview:large, max-video-preview:-1\" \/>\n<link rel=\"canonical\" href=\"https:\/\/www.sestogrado.it\/it\/prodotto\/blue-ice-warthog-40-l-zaino-arrampicata-alpinismo\/\" \/>\n<meta property=\"og:locale\" content=\"it_IT\" \/>\n<meta property=\"og:type\" content=\"article\" \/>\n<meta property=\"og:title\" content=\"Blue Ice Warthog 40 L zaino arrampicata alpinismo - Sestogrado\" \/>\n<meta property=\"og:description\" content=\"Il Blue Ice Warthog 40 \u00e8 uno zaino da 40 litri robusto e completo, dove riporre tutta la tua attrezzatura. Set di chiodi, corde, scarponi, ramponi, attrezzi, casco, giacca, piumino, cibo, bivy ... Il Warthog 40L pu\u00f2 trasportare tutta l&#039;attrezzatura alpinistica e non stancarsi mai.\u00c8 uno zaino audace e senza compromessi per gli obiettivi alpinistici pi\u00f9 seri e impegnativi. Costruito per offrire la massima vestibilit\u00e0 e fornito in due taglie, per adattarsi al meglio ad ogni corporatura, ha una capacit\u00e0 di trasporto senza eguali. Gli innovativi spallacci in laminato ibridi si ispirano alla costruzione dell&#039;imbracatura da arrampicata per offrire un sistema di trasporto dal profilo super basso ma con una elevata distribuzione del carico e comfort. I tessuti rivestiti in carbonato tengono alla larga neve e ghiaccio e rendono questo zaino sempre pi\u00f9 robusto per un uso intensivo in condizioni invernali.\" \/>\n<meta property=\"og:url\" content=\"https:\/\/www.sestogrado.it\/it\/prodotto\/blue-ice-warthog-40-l-zaino-arrampicata-alpinismo\/\" \/>\n<meta property=\"og:site_name\" content=\"Sestogrado\" \/>\n<meta property=\"article:publisher\" content=\"https:\/\/www.facebook.com\/pages\/Sestogrado\/1542635979353017?ref=bookmarks\" \/>\n<meta property=\"article:modified_time\" content=\"2026-01-31T10:21:08+00:00\" \/>\n<meta property=\"og:image\" content=\"https:\/\/www.sestogrado.it\/wp-content\/uploads\/2020\/02\/Warthog40-1front-web.jpg\" \/>\n\t<meta property=\"og:image:width\" content=\"1600\" \/>\n\t<meta property=\"og:image:height\" content=\"1600\" \/>\n\t<meta property=\"og:image:type\" content=\"image\/jpeg\" \/>\n<meta name=\"twitter:label1\" content=\"Disponibilit\u00e0\" \/>\n\t<meta name=\"twitter:data1\" content=\"In stock\" \/>\n<script type=\"application\/ld+json\" class=\"yoast-schema-graph\">{\"@context\":\"https:\/\/schema.org\",\"@graph\":[{\"@type\":\"WebPage\",\"@id\":\"https:\/\/www.sestogrado.it\/it\/prodotto\/blue-ice-warthog-40-l-zaino-arrampicata-alpinismo\/\",\"url\":\"https:\/\/www.sestogrado.it\/it\/prodotto\/blue-ice-warthog-40-l-zaino-arrampicata-alpinismo\/\",\"name\":\"Blue Ice Warthog 40 L zaino arrampicata alpinismo - Sestogrado\",\"isPartOf\":{\"@id\":\"https:\/\/www.sestogrado.it\/it\/#website\"},\"primaryImageOfPage\":{\"@id\":\"https:\/\/www.sestogrado.it\/it\/prodotto\/blue-ice-warthog-40-l-zaino-arrampicata-alpinismo\/#primaryimage\"},\"image\":{\"@id\":\"https:\/\/www.sestogrado.it\/prodotto\/blue-ice-warthog-40-l-zaino-arrampicata-alpinismo\/#primaryimage\"},\"thumbnailUrl\":\"https:\/\/www.sestogrado.it\/wp-content\/uploads\/2020\/02\/Warthog40-1front-web.jpg\",\"datePublished\":\"2022-10-06T07:00:18+00:00\",\"dateModified\":\"2026-01-31T10:21:08+00:00\",\"description\":\"Il Blue Ice Warthog 40 \u00e8 uno zaino da 40 litri robusto e completo, dove riporre tutta la tua attrezzatura. Set di chiodi, corde, scarponi, ramponi, attrezzi, casco, giacca, piumino, cibo, bivy ... Il Warthog 40L pu\u00f2 trasportare tutta l'attrezzatura alpinistica e non stancarsi mai.\u00c8 uno zaino audace e senza compromessi per gli obiettivi alpinistici pi\u00f9 seri e impegnativi. Costruito per offrire la massima vestibilit\u00e0 e fornito in due taglie, per adattarsi al meglio ad ogni corporatura, ha una capacit\u00e0 di trasporto senza eguali. Gli innovativi spallacci in laminato ibridi si ispirano alla costruzione dell'imbracatura da arrampicata per offrire un sistema di trasporto dal profilo super basso ma con una elevata distribuzione del carico e comfort. I tessuti rivestiti in carbonato tengono alla larga neve e ghiaccio e rendono questo zaino sempre pi\u00f9 robusto per un uso intensivo in condizioni invernali.\",\"breadcrumb\":{\"@id\":\"https:\/\/www.sestogrado.it\/it\/prodotto\/blue-ice-warthog-40-l-zaino-arrampicata-alpinismo\/#breadcrumb\"},\"inLanguage\":\"it-IT\",\"potentialAction\":[{\"@type\":\"ReadAction\",\"target\":[[\"https:\/\/www.sestogrado.it\/it\/prodotto\/blue-ice-warthog-40-l-zaino-arrampicata-alpinismo\/\"]]}]},{\"@type\":\"ImageObject\",\"inLanguage\":\"it-IT\",\"@id\":\"https:\/\/www.sestogrado.it\/it\/prodotto\/blue-ice-warthog-40-l-zaino-arrampicata-alpinismo\/#primaryimage\",\"url\":\"https:\/\/www.sestogrado.it\/wp-content\/uploads\/2020\/02\/Warthog40-1front-web.jpg\",\"contentUrl\":\"https:\/\/www.sestogrado.it\/wp-content\/uploads\/2020\/02\/Warthog40-1front-web.jpg\",\"width\":1600,\"height\":1600,\"caption\":\"warthog 40\"},{\"@type\":\"BreadcrumbList\",\"@id\":\"https:\/\/www.sestogrado.it\/it\/prodotto\/blue-ice-warthog-40-l-zaino-arrampicata-alpinismo\/#breadcrumb\",\"itemListElement\":[{\"@type\":\"ListItem\",\"position\":1,\"name\":\"Home\",\"item\":\"https:\/\/www.sestogrado.it\/it\/\"},{\"@type\":\"ListItem\",\"position\":2,\"name\":\"Shop\",\"item\":\"https:\/\/www.sestogrado.it\/it\/shop\/\"},{\"@type\":\"ListItem\",\"position\":3,\"name\":\"Blue Ice Warthog 40 L zaino arrampicata alpinismo\"}]},{\"@type\":\"WebSite\",\"@id\":\"https:\/\/www.sestogrado.it\/it\/#website\",\"url\":\"https:\/\/www.sestogrado.it\/it\/\",\"name\":\"Sestogrado\",\"description\":\"yes we climb\",\"publisher\":{\"@id\":\"https:\/\/www.sestogrado.it\/it\/#organization\"},\"potentialAction\":[{\"@type\":\"SearchAction\",\"target\":{\"@type\":\"EntryPoint\",\"urlTemplate\":\"https:\/\/www.sestogrado.it\/it\/?s={search_term_string}\"},\"query-input\":{\"@type\":\"PropertyValueSpecification\",\"valueRequired\":true,\"valueName\":\"search_term_string\"}}],\"inLanguage\":\"it-IT\"},{\"@type\":\"Organization\",\"@id\":\"https:\/\/www.sestogrado.it\/it\/#organization\",\"name\":\"Sestogrado\",\"url\":\"https:\/\/www.sestogrado.it\/it\/\",\"logo\":{\"@type\":\"ImageObject\",\"inLanguage\":\"it-IT\",\"@id\":\"https:\/\/www.sestogrado.it\/it\/#\/schema\/logo\/image\/\",\"url\":\"https:\/\/www.sestogrado.it\/wp-content\/uploads\/2015\/03\/sestogrado-favicon.png\",\"contentUrl\":\"https:\/\/www.sestogrado.it\/wp-content\/uploads\/2015\/03\/sestogrado-favicon.png\",\"width\":260,\"height\":260,\"caption\":\"Sestogrado\"},\"image\":{\"@id\":\"https:\/\/www.sestogrado.it\/it\/#\/schema\/logo\/image\/\"},\"sameAs\":[\"https:\/\/www.facebook.com\/pages\/Sestogrado\/1542635979353017?ref=bookmarks\",\"https:\/\/www.youtube.com\/channel\/UC847kAfTkaJsWpc1jtQwr3Q\"],\"hasMerchantReturnPolicy\":{\"@type\":\"MerchantReturnPolicy\",\"merchantReturnLink\":\"https:\/\/www.sestogrado.it\/it\/termini-e-condizioni\/\"}}]}<\/script>\n<meta property=\"product:brand\" content=\"Blue Ice\" \/>\n<meta property=\"og:availability\" content=\"instock\" \/>\n<meta property=\"product:availability\" content=\"instock\" \/>\n<meta property=\"product:condition\" content=\"new\" \/>\n<!-- \/ Yoast SEO plugin. -->","yoast_head_json":{"title":"Blue Ice Warthog 40 L zaino arrampicata alpinismo - Sestogrado","description":"Il Blue Ice Warthog 40 \u00e8 uno zaino da 40 litri robusto e completo, dove riporre tutta la tua attrezzatura. Set di chiodi, corde, scarponi, ramponi, attrezzi, casco, giacca, piumino, cibo, bivy ... Il Warthog 40L pu\u00f2 trasportare tutta l'attrezzatura alpinistica e non stancarsi mai.\u00c8 uno zaino audace e senza compromessi per gli obiettivi alpinistici pi\u00f9 seri e impegnativi. Costruito per offrire la massima vestibilit\u00e0 e fornito in due taglie, per adattarsi al meglio ad ogni corporatura, ha una capacit\u00e0 di trasporto senza eguali. Gli innovativi spallacci in laminato ibridi si ispirano alla costruzione dell'imbracatura da arrampicata per offrire un sistema di trasporto dal profilo super basso ma con una elevata distribuzione del carico e comfort. I tessuti rivestiti in carbonato tengono alla larga neve e ghiaccio e rendono questo zaino sempre pi\u00f9 robusto per un uso intensivo in condizioni invernali.","robots":{"index":"index","follow":"follow","max-snippet":"max-snippet:-1","max-image-preview":"max-image-preview:large","max-video-preview":"max-video-preview:-1"},"canonical":"https:\/\/www.sestogrado.it\/it\/prodotto\/blue-ice-warthog-40-l-zaino-arrampicata-alpinismo\/","og_locale":"it_IT","og_type":"article","og_title":"Blue Ice Warthog 40 L zaino arrampicata alpinismo - Sestogrado","og_description":"Il Blue Ice Warthog 40 \u00e8 uno zaino da 40 litri robusto e completo, dove riporre tutta la tua attrezzatura. Set di chiodi, corde, scarponi, ramponi, attrezzi, casco, giacca, piumino, cibo, bivy ... Il Warthog 40L pu\u00f2 trasportare tutta l'attrezzatura alpinistica e non stancarsi mai.\u00c8 uno zaino audace e senza compromessi per gli obiettivi alpinistici pi\u00f9 seri e impegnativi. Costruito per offrire la massima vestibilit\u00e0 e fornito in due taglie, per adattarsi al meglio ad ogni corporatura, ha una capacit\u00e0 di trasporto senza eguali. Gli innovativi spallacci in laminato ibridi si ispirano alla costruzione dell'imbracatura da arrampicata per offrire un sistema di trasporto dal profilo super basso ma con una elevata distribuzione del carico e comfort. I tessuti rivestiti in carbonato tengono alla larga neve e ghiaccio e rendono questo zaino sempre pi\u00f9 robusto per un uso intensivo in condizioni invernali.","og_url":"https:\/\/www.sestogrado.it\/it\/prodotto\/blue-ice-warthog-40-l-zaino-arrampicata-alpinismo\/","og_site_name":"Sestogrado","article_publisher":"https:\/\/www.facebook.com\/pages\/Sestogrado\/1542635979353017?ref=bookmarks","article_modified_time":"2026-01-31T10:21:08+00:00","og_image":[{"width":1600,"height":1600,"url":"https:\/\/www.sestogrado.it\/wp-content\/uploads\/2020\/02\/Warthog40-1front-web.jpg","type":"image\/jpeg"}],"twitter_misc":{"Disponibilit\u00e0":"In stock"},"schema":{"@context":"https:\/\/schema.org","@graph":[{"@type":"WebPage","@id":"https:\/\/www.sestogrado.it\/it\/prodotto\/blue-ice-warthog-40-l-zaino-arrampicata-alpinismo\/","url":"https:\/\/www.sestogrado.it\/it\/prodotto\/blue-ice-warthog-40-l-zaino-arrampicata-alpinismo\/","name":"Blue Ice Warthog 40 L zaino arrampicata alpinismo - Sestogrado","isPartOf":{"@id":"https:\/\/www.sestogrado.it\/it\/#website"},"primaryImageOfPage":{"@id":"https:\/\/www.sestogrado.it\/it\/prodotto\/blue-ice-warthog-40-l-zaino-arrampicata-alpinismo\/#primaryimage"},"image":{"@id":"https:\/\/www.sestogrado.it\/prodotto\/blue-ice-warthog-40-l-zaino-arrampicata-alpinismo\/#primaryimage"},"thumbnailUrl":"https:\/\/www.sestogrado.it\/wp-content\/uploads\/2020\/02\/Warthog40-1front-web.jpg","datePublished":"2022-10-06T07:00:18+00:00","dateModified":"2026-01-31T10:21:08+00:00","description":"Il Blue Ice Warthog 40 \u00e8 uno zaino da 40 litri robusto e completo, dove riporre tutta la tua attrezzatura. Set di chiodi, corde, scarponi, ramponi, attrezzi, casco, giacca, piumino, cibo, bivy ... Il Warthog 40L pu\u00f2 trasportare tutta l'attrezzatura alpinistica e non stancarsi mai.\u00c8 uno zaino audace e senza compromessi per gli obiettivi alpinistici pi\u00f9 seri e impegnativi. Costruito per offrire la massima vestibilit\u00e0 e fornito in due taglie, per adattarsi al meglio ad ogni corporatura, ha una capacit\u00e0 di trasporto senza eguali. Gli innovativi spallacci in laminato ibridi si ispirano alla costruzione dell'imbracatura da arrampicata per offrire un sistema di trasporto dal profilo super basso ma con una elevata distribuzione del carico e comfort. I tessuti rivestiti in carbonato tengono alla larga neve e ghiaccio e rendono questo zaino sempre pi\u00f9 robusto per un uso intensivo in condizioni invernali.","breadcrumb":{"@id":"https:\/\/www.sestogrado.it\/it\/prodotto\/blue-ice-warthog-40-l-zaino-arrampicata-alpinismo\/#breadcrumb"},"inLanguage":"it-IT","potentialAction":[{"@type":"ReadAction","target":[["https:\/\/www.sestogrado.it\/it\/prodotto\/blue-ice-warthog-40-l-zaino-arrampicata-alpinismo\/"]]}]},{"@type":"ImageObject","inLanguage":"it-IT","@id":"https:\/\/www.sestogrado.it\/it\/prodotto\/blue-ice-warthog-40-l-zaino-arrampicata-alpinismo\/#primaryimage","url":"https:\/\/www.sestogrado.it\/wp-content\/uploads\/2020\/02\/Warthog40-1front-web.jpg","contentUrl":"https:\/\/www.sestogrado.it\/wp-content\/uploads\/2020\/02\/Warthog40-1front-web.jpg","width":1600,"height":1600,"caption":"warthog 40"},{"@type":"BreadcrumbList","@id":"https:\/\/www.sestogrado.it\/it\/prodotto\/blue-ice-warthog-40-l-zaino-arrampicata-alpinismo\/#breadcrumb","itemListElement":[{"@type":"ListItem","position":1,"name":"Home","item":"https:\/\/www.sestogrado.it\/it\/"},{"@type":"ListItem","position":2,"name":"Shop","item":"https:\/\/www.sestogrado.it\/it\/shop\/"},{"@type":"ListItem","position":3,"name":"Blue Ice Warthog 40 L zaino arrampicata alpinismo"}]},{"@type":"WebSite","@id":"https:\/\/www.sestogrado.it\/it\/#website","url":"https:\/\/www.sestogrado.it\/it\/","name":"Sestogrado","description":"yes we climb","publisher":{"@id":"https:\/\/www.sestogrado.it\/it\/#organization"},"potentialAction":[{"@type":"SearchAction","target":{"@type":"EntryPoint","urlTemplate":"https:\/\/www.sestogrado.it\/it\/?s={search_term_string}"},"query-input":{"@type":"PropertyValueSpecification","valueRequired":true,"valueName":"search_term_string"}}],"inLanguage":"it-IT"},{"@type":"Organization","@id":"https:\/\/www.sestogrado.it\/it\/#organization","name":"Sestogrado","url":"https:\/\/www.sestogrado.it\/it\/","logo":{"@type":"ImageObject","inLanguage":"it-IT","@id":"https:\/\/www.sestogrado.it\/it\/#\/schema\/logo\/image\/","url":"https:\/\/www.sestogrado.it\/wp-content\/uploads\/2015\/03\/sestogrado-favicon.png","contentUrl":"https:\/\/www.sestogrado.it\/wp-content\/uploads\/2015\/03\/sestogrado-favicon.png","width":260,"height":260,"caption":"Sestogrado"},"image":{"@id":"https:\/\/www.sestogrado.it\/it\/#\/schema\/logo\/image\/"},"sameAs":["https:\/\/www.facebook.com\/pages\/Sestogrado\/1542635979353017?ref=bookmarks","https:\/\/www.youtube.com\/channel\/UC847kAfTkaJsWpc1jtQwr3Q"],"hasMerchantReturnPolicy":{"@type":"MerchantReturnPolicy","merchantReturnLink":"https:\/\/www.sestogrado.it\/it\/termini-e-condizioni\/"}}]},"product_brand":"Blue Ice","og_availability":"instock","product_availability":"instock","product_condition":"new"},"_links":{"self":[{"href":"https:\/\/www.sestogrado.it\/it\/wp-json\/wp\/v2\/product\/28431","targetHints":{"allow":["GET"]}}],"collection":[{"href":"https:\/\/www.sestogrado.it\/it\/wp-json\/wp\/v2\/product"}],"about":[{"href":"https:\/\/www.sestogrado.it\/it\/wp-json\/wp\/v2\/types\/product"}],"replies":[{"embeddable":true,"href":"https:\/\/www.sestogrado.it\/it\/wp-json\/wp\/v2\/comments?post=28431"}],"wp:featuredmedia":[{"embeddable":true,"href":"https:\/\/www.sestogrado.it\/it\/wp-json\/wp\/v2\/media\/114249"}],"wp:attachment":[{"href":"https:\/\/www.sestogrado.it\/it\/wp-json\/wp\/v2\/media?parent=28431"}],"wp:term":[{"taxonomy":"product_brand","embeddable":true,"href":"https:\/\/www.sestogrado.it\/it\/wp-json\/wp\/v2\/product_brand?post=28431"},{"taxonomy":"product_cat","embeddable":true,"href":"https:\/\/www.sestogrado.it\/it\/wp-json\/wp\/v2\/product_cat?post=28431"},{"taxonomy":"product_tag","embeddable":true,"href":"https:\/\/www.sestogrado.it\/it\/wp-json\/wp\/v2\/product_tag?post=28431"}],"curies":[{"name":"wp","href":"https:\/\/api.w.org\/{rel}","templated":true}]}}