{"id":28356,"date":"2020-02-20T11:18:28","date_gmt":"2020-02-20T10:18:28","guid":{"rendered":"https:\/\/www.sestogrado.it\/?post_type=product&#038;p=28356"},"modified":"2022-02-02T16:40:01","modified_gmt":"2022-02-02T15:40:01","slug":"camelbak-chute-mag-vacuum-insulated-borraccia-termica-thermos","status":"publish","type":"product","link":"https:\/\/www.sestogrado.it\/it\/prodotto\/camelbak-chute-mag-vacuum-insulated-borraccia-termica-thermos\/","title":{"rendered":"Camelbak Chute Mag SST Vacuum Insulated borraccia termica thermos"},"content":{"rendered":"<p>Il Camelbak Chute Mag SST Vacuum \u00e8 la borraccia di Camelbak che, grazie al tappo magnetico che rimane in posizione aperta, offre un flusso d&#8217;acqua elevato senza alcuno spreco. La versione SST Vacuum Insulated \u00e8 realizzata con una doppia parete in acciaio inox (Stainless Steel) con vuoto all&#8217;interno per massimo isolamento termico e per tenere al fresco le tue bevande fresche, ed al caldo le tue bevande calde.<\/p>\n<ul>\n<li>Isolamento Vacuum, doppia parete in acciaio inox con vuoto all&#8217;interno per massimo isolamento termico<\/li>\n<li>Il tappo rimane reclinato grazie al magnete e permettere di bere agevolmente<\/li>\n<li>Impugnatura confortevole<\/li>\n<li>Anti perdite, tappo a vite sicuro<\/li>\n<li><span class=\"a-list-item\">La parte superiore magnetica si ripone in modo sicuro mentre si beve.<\/span><\/li>\n<li><span class=\"a-list-item\">A prova di perdite quando \u00e8 chiuso.<\/span><\/li>\n<li><span class=\"a-list-item\">Isolamento sottovuoto a doppia parete per mantenere la temperatura<\/span><\/li>\n<li><span class=\"a-list-item\">Rimane asciutto: isolamento a prova di sudore.<\/span><\/li>\n<li><span class=\"a-list-item\">Facile maniglia per il trasporto.<\/span><\/li>\n<li>18\/8 ACCIAIO INOX<\/li>\n<li>Resistente agli odori e alle macchie<\/li>\n<li>Tappo lavabile in lavastoviglie, corpo a mano<\/li>\n<li>Tappo universale compatibile con tutti i prodotti Camelbak<\/li>\n<li>BPA, BPS, &amp; BPF free<\/li>\n<li>Tiene le bevande al fresco per 24\/48 ore e le bevande calde per 6 ore<\/li>\n<\/ul>\n<p>&nbsp;<\/p>\n<p>Il Camelbak Chute Mag Vacuum Insulated \u00e8 disponibile nel formato da 1 e da 1.2 litri. Questa bottiglia isolata sotto vuoto mantiene i liquidi freddi per 24 ore (anche pi\u00f9 a lungo se aggiungi il ghiaccio), e caldi per 6. Uno degli accessori per l&#8217;escursionismo indispensabili.<\/p>\n<p>&nbsp;<\/p>\n<p>&nbsp;<\/p>\n<p>Camelbak \u00e8 il marchio leader per lo sviluppo di sistemi di idratazione per l&#8217;outdoor in grado di combinare perfettamente capacit\u00e0, protezione, comodit\u00e0 e stabilit\u00e0. Da quando ha inventato nel 1989 il Camelbak per l&#8217;idratazione senza mani, l&#8217;azienda americana fornisce dispositivi per l&#8217;idratazione ad atleti e sportivi in tutto il mondo.<\/p>","protected":false},"excerpt":{"rendered":"<p>Il Camelbak Chute Mag SST Vacuum \u00e8 la borraccia di Camelbak che, grazie al tappo magnetico che rimane in posizione [&hellip;]<\/p>\n","protected":false},"featured_media":36797,"comment_status":"open","ping_status":"closed","template":"","meta":{"_acf_changed":false},"product_brand":[645],"product_cat":[1233],"product_tag":[],"class_list":{"0":"post-28356","1":"product","2":"type-product","3":"status-publish","4":"has-post-thumbnail","6":"product_brand-camelbak","7":"product_cat-idratazione","9":"first","10":"outofstock","11":"sale","12":"taxable","13":"shipping-taxable","14":"purchasable","15":"product-type-variable"},"acf":[],"yoast_head":"<!-- This site is optimized with the Yoast SEO plugin v26.4 - https:\/\/yoast.com\/wordpress\/plugins\/seo\/ -->\n<title>Camelbak Chute Mag SST Vacuum Insulated borraccia termica thermos - Sestogrado<\/title>\n<meta name=\"description\" content=\"Il Camelbak Chute Mag \u00e8 la borraccia di Camelbak che, grazie al tappo magnetico che rimane in posizione aperta, offre un flusso d&#039;acqua elevato senza alcuno spreco. La versione Vacuum Insulated \u00e8 realizzata con una doppia parete in acciaio inox con vuoto all&#039;interno per massimo isolamento termico e per tenere al fresco le tue bevande fresche, ed al caldo le tue bevande calde. Il Camelbak Chute Mag Vacuum Insulated \u00e8 disponibile nel formato da 1.2 litri. Questa\u00a0bottiglia\u00a0isolata sotto vuoto mantiene i liquidi freddi per 24 ore (anche pi\u00f9 a lungo se aggiungi il ghiaccio), e caldi per\u00a06. Uno degli\u00a0accessori\u00a0per l&#039;escursionismo\u00a0indispensabili.\" \/>\n<meta name=\"robots\" content=\"index, follow, max-snippet:-1, max-image-preview:large, max-video-preview:-1\" \/>\n<link rel=\"canonical\" href=\"https:\/\/www.sestogrado.it\/it\/prodotto\/camelbak-chute-mag-vacuum-insulated-borraccia-termica-thermos\/\" \/>\n<meta property=\"og:locale\" content=\"it_IT\" \/>\n<meta property=\"og:type\" content=\"article\" \/>\n<meta property=\"og:title\" content=\"Camelbak Chute Mag SST Vacuum Insulated borraccia termica thermos - Sestogrado\" \/>\n<meta property=\"og:description\" content=\"Il Camelbak Chute Mag \u00e8 la borraccia di Camelbak che, grazie al tappo magnetico che rimane in posizione aperta, offre un flusso d&#039;acqua elevato senza alcuno spreco. La versione Vacuum Insulated \u00e8 realizzata con una doppia parete in acciaio inox con vuoto all&#039;interno per massimo isolamento termico e per tenere al fresco le tue bevande fresche, ed al caldo le tue bevande calde. Il Camelbak Chute Mag Vacuum Insulated \u00e8 disponibile nel formato da 1.2 litri. Questa\u00a0bottiglia\u00a0isolata sotto vuoto mantiene i liquidi freddi per 24 ore (anche pi\u00f9 a lungo se aggiungi il ghiaccio), e caldi per\u00a06. Uno degli\u00a0accessori\u00a0per l&#039;escursionismo\u00a0indispensabili.\" \/>\n<meta property=\"og:url\" content=\"https:\/\/www.sestogrado.it\/it\/prodotto\/camelbak-chute-mag-vacuum-insulated-borraccia-termica-thermos\/\" \/>\n<meta property=\"og:site_name\" content=\"Sestogrado\" \/>\n<meta property=\"article:publisher\" content=\"https:\/\/www.facebook.com\/pages\/Sestogrado\/1542635979353017?ref=bookmarks\" \/>\n<meta property=\"article:modified_time\" content=\"2022-02-02T15:40:01+00:00\" \/>\n<meta property=\"og:image\" content=\"https:\/\/www.sestogrado.it\/wp-content\/uploads\/2020\/02\/1l-sst.jpg\" \/>\n\t<meta property=\"og:image:width\" content=\"687\" \/>\n\t<meta property=\"og:image:height\" content=\"687\" \/>\n\t<meta property=\"og:image:type\" content=\"image\/jpeg\" \/>\n<meta name=\"twitter:label1\" content=\"Disponibilit\u00e0\" \/>\n\t<meta name=\"twitter:data1\" content=\"Esaurito\" \/>\n<script type=\"application\/ld+json\" class=\"yoast-schema-graph\">{\"@context\":\"https:\/\/schema.org\",\"@graph\":[{\"@type\":\"WebPage\",\"@id\":\"https:\/\/www.sestogrado.it\/it\/prodotto\/camelbak-chute-mag-vacuum-insulated-borraccia-termica-thermos\/\",\"url\":\"https:\/\/www.sestogrado.it\/it\/prodotto\/camelbak-chute-mag-vacuum-insulated-borraccia-termica-thermos\/\",\"name\":\"Camelbak Chute Mag SST Vacuum Insulated borraccia termica thermos - Sestogrado\",\"isPartOf\":{\"@id\":\"https:\/\/www.sestogrado.it\/it\/#website\"},\"primaryImageOfPage\":{\"@id\":\"https:\/\/www.sestogrado.it\/it\/prodotto\/camelbak-chute-mag-vacuum-insulated-borraccia-termica-thermos\/#primaryimage\"},\"image\":{\"@id\":\"https:\/\/www.sestogrado.it\/prodotto\/camelbak-chute-mag-vacuum-insulated-borraccia-termica-thermos\/#primaryimage\"},\"thumbnailUrl\":\"https:\/\/www.sestogrado.it\/wp-content\/uploads\/2020\/02\/1l-sst.jpg\",\"datePublished\":\"2020-02-20T10:18:28+00:00\",\"dateModified\":\"2022-02-02T15:40:01+00:00\",\"description\":\"Il Camelbak Chute Mag \u00e8 la borraccia di Camelbak che, grazie al tappo magnetico che rimane in posizione aperta, offre un flusso d'acqua elevato senza alcuno spreco. La versione Vacuum Insulated \u00e8 realizzata con una doppia parete in acciaio inox con vuoto all'interno per massimo isolamento termico e per tenere al fresco le tue bevande fresche, ed al caldo le tue bevande calde. Il Camelbak Chute Mag Vacuum Insulated \u00e8 disponibile nel formato da 1.2 litri. Questa\u00a0bottiglia\u00a0isolata sotto vuoto mantiene i liquidi freddi per 24 ore (anche pi\u00f9 a lungo se aggiungi il ghiaccio), e caldi per\u00a06. Uno degli\u00a0accessori\u00a0per l'escursionismo\u00a0indispensabili.\",\"breadcrumb\":{\"@id\":\"https:\/\/www.sestogrado.it\/it\/prodotto\/camelbak-chute-mag-vacuum-insulated-borraccia-termica-thermos\/#breadcrumb\"},\"inLanguage\":\"it-IT\",\"potentialAction\":[{\"@type\":\"ReadAction\",\"target\":[[\"https:\/\/www.sestogrado.it\/it\/prodotto\/camelbak-chute-mag-vacuum-insulated-borraccia-termica-thermos\/\"]]}]},{\"@type\":\"ImageObject\",\"inLanguage\":\"it-IT\",\"@id\":\"https:\/\/www.sestogrado.it\/it\/prodotto\/camelbak-chute-mag-vacuum-insulated-borraccia-termica-thermos\/#primaryimage\",\"url\":\"https:\/\/www.sestogrado.it\/wp-content\/uploads\/2020\/02\/1l-sst.jpg\",\"contentUrl\":\"https:\/\/www.sestogrado.it\/wp-content\/uploads\/2020\/02\/1l-sst.jpg\",\"width\":687,\"height\":687,\"caption\":\"1l sst\"},{\"@type\":\"BreadcrumbList\",\"@id\":\"https:\/\/www.sestogrado.it\/it\/prodotto\/camelbak-chute-mag-vacuum-insulated-borraccia-termica-thermos\/#breadcrumb\",\"itemListElement\":[{\"@type\":\"ListItem\",\"position\":1,\"name\":\"Home\",\"item\":\"https:\/\/www.sestogrado.it\/it\/\"},{\"@type\":\"ListItem\",\"position\":2,\"name\":\"Shop\",\"item\":\"https:\/\/www.sestogrado.it\/it\/shop\/\"},{\"@type\":\"ListItem\",\"position\":3,\"name\":\"Camelbak Chute Mag SST Vacuum Insulated borraccia termica thermos\"}]},{\"@type\":\"WebSite\",\"@id\":\"https:\/\/www.sestogrado.it\/it\/#website\",\"url\":\"https:\/\/www.sestogrado.it\/it\/\",\"name\":\"Sestogrado\",\"description\":\"yes we climb\",\"publisher\":{\"@id\":\"https:\/\/www.sestogrado.it\/it\/#organization\"},\"potentialAction\":[{\"@type\":\"SearchAction\",\"target\":{\"@type\":\"EntryPoint\",\"urlTemplate\":\"https:\/\/www.sestogrado.it\/it\/?s={search_term_string}\"},\"query-input\":{\"@type\":\"PropertyValueSpecification\",\"valueRequired\":true,\"valueName\":\"search_term_string\"}}],\"inLanguage\":\"it-IT\"},{\"@type\":\"Organization\",\"@id\":\"https:\/\/www.sestogrado.it\/it\/#organization\",\"name\":\"Sestogrado\",\"url\":\"https:\/\/www.sestogrado.it\/it\/\",\"logo\":{\"@type\":\"ImageObject\",\"inLanguage\":\"it-IT\",\"@id\":\"https:\/\/www.sestogrado.it\/it\/#\/schema\/logo\/image\/\",\"url\":\"https:\/\/www.sestogrado.it\/wp-content\/uploads\/2015\/03\/sestogrado-favicon.png\",\"contentUrl\":\"https:\/\/www.sestogrado.it\/wp-content\/uploads\/2015\/03\/sestogrado-favicon.png\",\"width\":260,\"height\":260,\"caption\":\"Sestogrado\"},\"image\":{\"@id\":\"https:\/\/www.sestogrado.it\/it\/#\/schema\/logo\/image\/\"},\"sameAs\":[\"https:\/\/www.facebook.com\/pages\/Sestogrado\/1542635979353017?ref=bookmarks\",\"https:\/\/www.youtube.com\/channel\/UC847kAfTkaJsWpc1jtQwr3Q\"],\"hasMerchantReturnPolicy\":{\"@type\":\"MerchantReturnPolicy\",\"merchantReturnLink\":\"https:\/\/www.sestogrado.it\/it\/termini-e-condizioni\/\"}}]}<\/script>\n<meta property=\"product:brand\" content=\"Camelbak\" \/>\n<meta property=\"og:availability\" content=\"out of stock\" \/>\n<meta property=\"product:availability\" content=\"out of stock\" \/>\n<meta property=\"product:condition\" content=\"new\" \/>\n<!-- \/ Yoast SEO plugin. -->","yoast_head_json":{"title":"Camelbak Chute Mag SST Vacuum Insulated borraccia termica thermos - Sestogrado","description":"Il Camelbak Chute Mag \u00e8 la borraccia di Camelbak che, grazie al tappo magnetico che rimane in posizione aperta, offre un flusso d'acqua elevato senza alcuno spreco. La versione Vacuum Insulated \u00e8 realizzata con una doppia parete in acciaio inox con vuoto all'interno per massimo isolamento termico e per tenere al fresco le tue bevande fresche, ed al caldo le tue bevande calde. Il Camelbak Chute Mag Vacuum Insulated \u00e8 disponibile nel formato da 1.2 litri. Questa\u00a0bottiglia\u00a0isolata sotto vuoto mantiene i liquidi freddi per 24 ore (anche pi\u00f9 a lungo se aggiungi il ghiaccio), e caldi per\u00a06. Uno degli\u00a0accessori\u00a0per l'escursionismo\u00a0indispensabili.","robots":{"index":"index","follow":"follow","max-snippet":"max-snippet:-1","max-image-preview":"max-image-preview:large","max-video-preview":"max-video-preview:-1"},"canonical":"https:\/\/www.sestogrado.it\/it\/prodotto\/camelbak-chute-mag-vacuum-insulated-borraccia-termica-thermos\/","og_locale":"it_IT","og_type":"article","og_title":"Camelbak Chute Mag SST Vacuum Insulated borraccia termica thermos - Sestogrado","og_description":"Il Camelbak Chute Mag \u00e8 la borraccia di Camelbak che, grazie al tappo magnetico che rimane in posizione aperta, offre un flusso d'acqua elevato senza alcuno spreco. La versione Vacuum Insulated \u00e8 realizzata con una doppia parete in acciaio inox con vuoto all'interno per massimo isolamento termico e per tenere al fresco le tue bevande fresche, ed al caldo le tue bevande calde. Il Camelbak Chute Mag Vacuum Insulated \u00e8 disponibile nel formato da 1.2 litri. Questa\u00a0bottiglia\u00a0isolata sotto vuoto mantiene i liquidi freddi per 24 ore (anche pi\u00f9 a lungo se aggiungi il ghiaccio), e caldi per\u00a06. Uno degli\u00a0accessori\u00a0per l'escursionismo\u00a0indispensabili.","og_url":"https:\/\/www.sestogrado.it\/it\/prodotto\/camelbak-chute-mag-vacuum-insulated-borraccia-termica-thermos\/","og_site_name":"Sestogrado","article_publisher":"https:\/\/www.facebook.com\/pages\/Sestogrado\/1542635979353017?ref=bookmarks","article_modified_time":"2022-02-02T15:40:01+00:00","og_image":[{"width":687,"height":687,"url":"https:\/\/www.sestogrado.it\/wp-content\/uploads\/2020\/02\/1l-sst.jpg","type":"image\/jpeg"}],"twitter_misc":{"Disponibilit\u00e0":"Esaurito"},"schema":{"@context":"https:\/\/schema.org","@graph":[{"@type":"WebPage","@id":"https:\/\/www.sestogrado.it\/it\/prodotto\/camelbak-chute-mag-vacuum-insulated-borraccia-termica-thermos\/","url":"https:\/\/www.sestogrado.it\/it\/prodotto\/camelbak-chute-mag-vacuum-insulated-borraccia-termica-thermos\/","name":"Camelbak Chute Mag SST Vacuum Insulated borraccia termica thermos - Sestogrado","isPartOf":{"@id":"https:\/\/www.sestogrado.it\/it\/#website"},"primaryImageOfPage":{"@id":"https:\/\/www.sestogrado.it\/it\/prodotto\/camelbak-chute-mag-vacuum-insulated-borraccia-termica-thermos\/#primaryimage"},"image":{"@id":"https:\/\/www.sestogrado.it\/prodotto\/camelbak-chute-mag-vacuum-insulated-borraccia-termica-thermos\/#primaryimage"},"thumbnailUrl":"https:\/\/www.sestogrado.it\/wp-content\/uploads\/2020\/02\/1l-sst.jpg","datePublished":"2020-02-20T10:18:28+00:00","dateModified":"2022-02-02T15:40:01+00:00","description":"Il Camelbak Chute Mag \u00e8 la borraccia di Camelbak che, grazie al tappo magnetico che rimane in posizione aperta, offre un flusso d'acqua elevato senza alcuno spreco. La versione Vacuum Insulated \u00e8 realizzata con una doppia parete in acciaio inox con vuoto all'interno per massimo isolamento termico e per tenere al fresco le tue bevande fresche, ed al caldo le tue bevande calde. Il Camelbak Chute Mag Vacuum Insulated \u00e8 disponibile nel formato da 1.2 litri. Questa\u00a0bottiglia\u00a0isolata sotto vuoto mantiene i liquidi freddi per 24 ore (anche pi\u00f9 a lungo se aggiungi il ghiaccio), e caldi per\u00a06. Uno degli\u00a0accessori\u00a0per l'escursionismo\u00a0indispensabili.","breadcrumb":{"@id":"https:\/\/www.sestogrado.it\/it\/prodotto\/camelbak-chute-mag-vacuum-insulated-borraccia-termica-thermos\/#breadcrumb"},"inLanguage":"it-IT","potentialAction":[{"@type":"ReadAction","target":[["https:\/\/www.sestogrado.it\/it\/prodotto\/camelbak-chute-mag-vacuum-insulated-borraccia-termica-thermos\/"]]}]},{"@type":"ImageObject","inLanguage":"it-IT","@id":"https:\/\/www.sestogrado.it\/it\/prodotto\/camelbak-chute-mag-vacuum-insulated-borraccia-termica-thermos\/#primaryimage","url":"https:\/\/www.sestogrado.it\/wp-content\/uploads\/2020\/02\/1l-sst.jpg","contentUrl":"https:\/\/www.sestogrado.it\/wp-content\/uploads\/2020\/02\/1l-sst.jpg","width":687,"height":687,"caption":"1l sst"},{"@type":"BreadcrumbList","@id":"https:\/\/www.sestogrado.it\/it\/prodotto\/camelbak-chute-mag-vacuum-insulated-borraccia-termica-thermos\/#breadcrumb","itemListElement":[{"@type":"ListItem","position":1,"name":"Home","item":"https:\/\/www.sestogrado.it\/it\/"},{"@type":"ListItem","position":2,"name":"Shop","item":"https:\/\/www.sestogrado.it\/it\/shop\/"},{"@type":"ListItem","position":3,"name":"Camelbak Chute Mag SST Vacuum Insulated borraccia termica thermos"}]},{"@type":"WebSite","@id":"https:\/\/www.sestogrado.it\/it\/#website","url":"https:\/\/www.sestogrado.it\/it\/","name":"Sestogrado","description":"yes we climb","publisher":{"@id":"https:\/\/www.sestogrado.it\/it\/#organization"},"potentialAction":[{"@type":"SearchAction","target":{"@type":"EntryPoint","urlTemplate":"https:\/\/www.sestogrado.it\/it\/?s={search_term_string}"},"query-input":{"@type":"PropertyValueSpecification","valueRequired":true,"valueName":"search_term_string"}}],"inLanguage":"it-IT"},{"@type":"Organization","@id":"https:\/\/www.sestogrado.it\/it\/#organization","name":"Sestogrado","url":"https:\/\/www.sestogrado.it\/it\/","logo":{"@type":"ImageObject","inLanguage":"it-IT","@id":"https:\/\/www.sestogrado.it\/it\/#\/schema\/logo\/image\/","url":"https:\/\/www.sestogrado.it\/wp-content\/uploads\/2015\/03\/sestogrado-favicon.png","contentUrl":"https:\/\/www.sestogrado.it\/wp-content\/uploads\/2015\/03\/sestogrado-favicon.png","width":260,"height":260,"caption":"Sestogrado"},"image":{"@id":"https:\/\/www.sestogrado.it\/it\/#\/schema\/logo\/image\/"},"sameAs":["https:\/\/www.facebook.com\/pages\/Sestogrado\/1542635979353017?ref=bookmarks","https:\/\/www.youtube.com\/channel\/UC847kAfTkaJsWpc1jtQwr3Q"],"hasMerchantReturnPolicy":{"@type":"MerchantReturnPolicy","merchantReturnLink":"https:\/\/www.sestogrado.it\/it\/termini-e-condizioni\/"}}]},"product_brand":"Camelbak","og_availability":"out of stock","product_availability":"out of stock","product_condition":"new"},"_links":{"self":[{"href":"https:\/\/www.sestogrado.it\/it\/wp-json\/wp\/v2\/product\/28356","targetHints":{"allow":["GET"]}}],"collection":[{"href":"https:\/\/www.sestogrado.it\/it\/wp-json\/wp\/v2\/product"}],"about":[{"href":"https:\/\/www.sestogrado.it\/it\/wp-json\/wp\/v2\/types\/product"}],"replies":[{"embeddable":true,"href":"https:\/\/www.sestogrado.it\/it\/wp-json\/wp\/v2\/comments?post=28356"}],"wp:featuredmedia":[{"embeddable":true,"href":"https:\/\/www.sestogrado.it\/it\/wp-json\/wp\/v2\/media\/36797"}],"wp:attachment":[{"href":"https:\/\/www.sestogrado.it\/it\/wp-json\/wp\/v2\/media?parent=28356"}],"wp:term":[{"taxonomy":"product_brand","embeddable":true,"href":"https:\/\/www.sestogrado.it\/it\/wp-json\/wp\/v2\/product_brand?post=28356"},{"taxonomy":"product_cat","embeddable":true,"href":"https:\/\/www.sestogrado.it\/it\/wp-json\/wp\/v2\/product_cat?post=28356"},{"taxonomy":"product_tag","embeddable":true,"href":"https:\/\/www.sestogrado.it\/it\/wp-json\/wp\/v2\/product_tag?post=28356"}],"curies":[{"name":"wp","href":"https:\/\/api.w.org\/{rel}","templated":true}]}}