{"id":28230,"date":"2020-02-19T10:28:19","date_gmt":"2020-02-19T09:28:19","guid":{"rendered":"https:\/\/www.sestogrado.it\/?post_type=product&#038;p=28230"},"modified":"2025-10-07T18:09:21","modified_gmt":"2025-10-07T16:09:21","slug":"camelbak-crux-reservoir-sacca-idrica-per-idratazione-2-litri","status":"publish","type":"product","link":"https:\/\/www.sestogrado.it\/it\/prodotto\/camelbak-crux-reservoir-sacca-idrica-per-idratazione-2-litri\/","title":{"rendered":"Camelbak Crux Reservoir sacca idrica per idratazione 2L"},"content":{"rendered":"<p>Il <strong>Camelbak Crux Reservoir sacca idrica per idratazione 2L<\/strong> \u00e8 una sacca ideata per <strong>contenere liquidi<\/strong>, facilmente collegabile allo zaino <strong>per bere senza doversi fermare<\/strong>.<\/p>\n<p>Ideale per trekking, vie ferrate, arrampicate, scialpinismo, mountain bike, trail running e tutte le situazioni in cui vuoi idratarti senza perdere tempo e cercare la borraccia nello zaino. Il Camelbak Crux Reservoir \u00e8 disponibile in tre formati:<a href=\"https:\/\/www.sestogrado.it\/it\/prodotto\/camelbak-crux-reservoir-sacca-idrica-per-idratazione-15l\/\" target=\"_blank\" rel=\"noopener\"> 1.5 litri<\/a>, 2 litri e <a href=\"https:\/\/www.sestogrado.it\/it\/prodotto\/camelbak-crux-reservoir-sacca-idrica-per-idratazione-3l\/\" target=\"_blank\" rel=\"noopener\">3 litri<\/a>. Il Camelback consente un continuo afflusso di liquido senza dover interrompere l\u2019attivit\u00e0 sportiva. Il Camelbak Crux Reservoir \u00e8 un camelbak tecnico, realizzato con trattamento che inibisce la crescita di batteri, facile da riempire, aprire e pulire.<\/p>\n<ul>\n<li>Apertura facile, tappo anti perdita con maniglia ergonomica<\/li>\n<li>Big Bite Valve: valvola a morso che si chiude ermeticamente da sola<\/li>\n<li>Levetta on\/off: chiusura di sicurezza per la valvola a morso<\/li>\n<li>Divisorio interno per bilanciare il contenuto anche con carico parziale di acqua<\/li>\n<li>Trattamento tecnologico Hydroguard\u2122 che inibisce la crescita dei batteri nella sacca e nel tubo<\/li>\n<li>Indicatore di quantit\u00e0 sulla sacca<\/li>\n<li>Garantisce un flusso di acqua veloce<\/li>\n<li>Il\u00a0Quicklink\u2122 System permette di staccare il tubo dalla sacca con un pulsante senza perdite<\/li>\n<li>BPA\/BPS\/BFA FREE<\/li>\n<li>Disponibile nel formato da <a href=\"https:\/\/www.sestogrado.it\/it\/prodotto\/camelbak-crux-reservoir-sacca-idrica-per-idratazione-15l\/\" target=\"_blank\" rel=\"noopener\">1.5litri<\/a>, 2litri e <a href=\"https:\/\/www.sestogrado.it\/it\/prodotto\/camelbak-crux-reservoir-sacca-idrica-per-idratazione-3l\/\" target=\"_blank\" rel=\"noopener\">3litri<\/a><\/li>\n<\/ul>\n<p>&nbsp;<\/p>\n<p>I sistemi di idratazione Camelbak Crux sono il cuore del marchio Camelbak. Forniscono idratazione indossabile per ogni avventura. Robusti e affidabili.<\/p>\n<p>&nbsp;<\/p>\n<p>Camelbak \u00e8 il marchio leader per lo sviluppo di sistemi di idratazione per l&#8217;outdoor in grado di combinare perfettamente capacit\u00e0, protezione, comodit\u00e0 e stabilit\u00e0. Da quando ha inventato nel 1989 il Camelbak per l&#8217;idratazione senza mani, l&#8217;azienda americana fornisce dispositivi per l&#8217;idratazione ad atleti e sportivi in tutto il mondo.<\/p>","protected":false},"excerpt":{"rendered":"<p>Il Camelbak Crux Reservoir sacca idrica per idratazione 2L \u00e8 una sacca ideata per contenere liquidi, facilmente collegabile allo zaino [&hellip;]<\/p>\n","protected":false},"featured_media":28251,"comment_status":"open","ping_status":"closed","template":"","meta":{"_acf_changed":false},"product_brand":[645],"product_cat":[391,1233],"product_tag":[1280,1281],"class_list":{"0":"post-28230","1":"product","2":"type-product","3":"status-publish","4":"has-post-thumbnail","6":"product_brand-camelbak","7":"product_cat-accessori-zaini","8":"product_cat-idratazione","9":"product_tag-camelbak-2-litri","10":"product_tag-camelbak-2l","12":"first","13":"instock","14":"sale","15":"taxable","16":"shipping-taxable","17":"purchasable","18":"product-type-simple"},"acf":[],"yoast_head":"<!-- This site is optimized with the Yoast SEO plugin v26.4 - https:\/\/yoast.com\/wordpress\/plugins\/seo\/ -->\n<title>Camelbak Crux Reservoir sacca idrica per idratazione 2L - Sestogrado<\/title>\n<meta name=\"description\" content=\"Il Camelbak Crux Reservoir sacca idrica per idratazione 2L \u00e8 una sacca ideata per contenere liquidi, facilmente collegabile allo zaino per bere senza doversi fermare.Ideale per trekking, vie ferrate, arrampicate, scialpinismo, mountain bike, trail running e tutte le situazioni in cui vuoi idratarti senza perdere tempo e cercare la borraccia nello zaino. Il Camelbak Crux Reservoir \u00e8 disponibile in tre formati: 1.5 litri, 2 litri e 3 litri. Il Camelback consente un continuo afflusso di liquido senza dover interrompere l\u2019attivit\u00e0 sportiva. Il Camelbak Crux Reservoir \u00e8 un camelbak tecnico, realizzato con trattamento che inibisce la crescita di batteri, facile da riempire, aprire e pulire.\" \/>\n<meta name=\"robots\" content=\"index, follow, max-snippet:-1, max-image-preview:large, max-video-preview:-1\" \/>\n<link rel=\"canonical\" href=\"https:\/\/www.sestogrado.it\/it\/prodotto\/camelbak-crux-reservoir-sacca-idrica-per-idratazione-2-litri\/\" \/>\n<meta property=\"og:locale\" content=\"it_IT\" \/>\n<meta property=\"og:type\" content=\"article\" \/>\n<meta property=\"og:title\" content=\"Camelbak Crux Reservoir sacca idrica per idratazione 2L - Sestogrado\" \/>\n<meta property=\"og:description\" content=\"Il Camelbak Crux Reservoir sacca idrica per idratazione 2L \u00e8 una sacca ideata per contenere liquidi, facilmente collegabile allo zaino per bere senza doversi fermare.Ideale per trekking, vie ferrate, arrampicate, scialpinismo, mountain bike, trail running e tutte le situazioni in cui vuoi idratarti senza perdere tempo e cercare la borraccia nello zaino. Il Camelbak Crux Reservoir \u00e8 disponibile in tre formati: 1.5 litri, 2 litri e 3 litri. Il Camelback consente un continuo afflusso di liquido senza dover interrompere l\u2019attivit\u00e0 sportiva. Il Camelbak Crux Reservoir \u00e8 un camelbak tecnico, realizzato con trattamento che inibisce la crescita di batteri, facile da riempire, aprire e pulire.\" \/>\n<meta property=\"og:url\" content=\"https:\/\/www.sestogrado.it\/it\/prodotto\/camelbak-crux-reservoir-sacca-idrica-per-idratazione-2-litri\/\" \/>\n<meta property=\"og:site_name\" content=\"Sestogrado\" \/>\n<meta property=\"article:publisher\" content=\"https:\/\/www.facebook.com\/pages\/Sestogrado\/1542635979353017?ref=bookmarks\" \/>\n<meta property=\"article:modified_time\" content=\"2025-10-07T16:09:21+00:00\" \/>\n<meta property=\"og:image\" content=\"https:\/\/www.sestogrado.it\/wp-content\/uploads\/2020\/02\/crux-2.jpg\" \/>\n\t<meta property=\"og:image:width\" content=\"700\" \/>\n\t<meta property=\"og:image:height\" content=\"700\" \/>\n\t<meta property=\"og:image:type\" content=\"image\/jpeg\" \/>\n<meta name=\"twitter:label1\" content=\"Prezzo\" \/>\n\t<meta name=\"twitter:data1\" content=\"&euro;&nbsp;36,90\" \/>\n\t<meta name=\"twitter:label2\" content=\"Disponibilit\u00e0\" \/>\n\t<meta name=\"twitter:data2\" content=\"In stock\" \/>\n<script type=\"application\/ld+json\" class=\"yoast-schema-graph\">{\"@context\":\"https:\/\/schema.org\",\"@graph\":[{\"@type\":\"WebPage\",\"@id\":\"https:\/\/www.sestogrado.it\/it\/prodotto\/camelbak-crux-reservoir-sacca-idrica-per-idratazione-2-litri\/\",\"url\":\"https:\/\/www.sestogrado.it\/it\/prodotto\/camelbak-crux-reservoir-sacca-idrica-per-idratazione-2-litri\/\",\"name\":\"Camelbak Crux Reservoir sacca idrica per idratazione 2L - Sestogrado\",\"isPartOf\":{\"@id\":\"https:\/\/www.sestogrado.it\/it\/#website\"},\"primaryImageOfPage\":{\"@id\":\"https:\/\/www.sestogrado.it\/it\/prodotto\/camelbak-crux-reservoir-sacca-idrica-per-idratazione-2-litri\/#primaryimage\"},\"image\":{\"@id\":\"https:\/\/www.sestogrado.it\/prodotto\/camelbak-crux-reservoir-sacca-idrica-per-idratazione-2-litri\/#primaryimage\"},\"thumbnailUrl\":\"https:\/\/www.sestogrado.it\/wp-content\/uploads\/2020\/02\/crux-2.jpg\",\"datePublished\":\"2020-02-19T09:28:19+00:00\",\"dateModified\":\"2025-10-07T16:09:21+00:00\",\"description\":\"Il Camelbak Crux Reservoir sacca idrica per idratazione 2L \u00e8 una sacca ideata per contenere liquidi, facilmente collegabile allo zaino per bere senza doversi fermare.Ideale per trekking, vie ferrate, arrampicate, scialpinismo, mountain bike, trail running e tutte le situazioni in cui vuoi idratarti senza perdere tempo e cercare la borraccia nello zaino. Il Camelbak Crux Reservoir \u00e8 disponibile in tre formati: 1.5 litri, 2 litri e 3 litri. Il Camelback consente un continuo afflusso di liquido senza dover interrompere l\u2019attivit\u00e0 sportiva. Il Camelbak Crux Reservoir \u00e8 un camelbak tecnico, realizzato con trattamento che inibisce la crescita di batteri, facile da riempire, aprire e pulire.\",\"breadcrumb\":{\"@id\":\"https:\/\/www.sestogrado.it\/it\/prodotto\/camelbak-crux-reservoir-sacca-idrica-per-idratazione-2-litri\/#breadcrumb\"},\"inLanguage\":\"it-IT\",\"potentialAction\":[{\"@type\":\"ReadAction\",\"target\":[[\"https:\/\/www.sestogrado.it\/it\/prodotto\/camelbak-crux-reservoir-sacca-idrica-per-idratazione-2-litri\/\"]]}]},{\"@type\":\"ImageObject\",\"inLanguage\":\"it-IT\",\"@id\":\"https:\/\/www.sestogrado.it\/it\/prodotto\/camelbak-crux-reservoir-sacca-idrica-per-idratazione-2-litri\/#primaryimage\",\"url\":\"https:\/\/www.sestogrado.it\/wp-content\/uploads\/2020\/02\/crux-2.jpg\",\"contentUrl\":\"https:\/\/www.sestogrado.it\/wp-content\/uploads\/2020\/02\/crux-2.jpg\",\"width\":700,\"height\":700,\"caption\":\"camelbak crux 2l\"},{\"@type\":\"BreadcrumbList\",\"@id\":\"https:\/\/www.sestogrado.it\/it\/prodotto\/camelbak-crux-reservoir-sacca-idrica-per-idratazione-2-litri\/#breadcrumb\",\"itemListElement\":[{\"@type\":\"ListItem\",\"position\":1,\"name\":\"Home\",\"item\":\"https:\/\/www.sestogrado.it\/it\/\"},{\"@type\":\"ListItem\",\"position\":2,\"name\":\"Shop\",\"item\":\"https:\/\/www.sestogrado.it\/it\/shop\/\"},{\"@type\":\"ListItem\",\"position\":3,\"name\":\"Camelbak Crux Reservoir sacca idrica per idratazione 2L\"}]},{\"@type\":\"WebSite\",\"@id\":\"https:\/\/www.sestogrado.it\/it\/#website\",\"url\":\"https:\/\/www.sestogrado.it\/it\/\",\"name\":\"Sestogrado\",\"description\":\"yes we climb\",\"publisher\":{\"@id\":\"https:\/\/www.sestogrado.it\/it\/#organization\"},\"potentialAction\":[{\"@type\":\"SearchAction\",\"target\":{\"@type\":\"EntryPoint\",\"urlTemplate\":\"https:\/\/www.sestogrado.it\/it\/?s={search_term_string}\"},\"query-input\":{\"@type\":\"PropertyValueSpecification\",\"valueRequired\":true,\"valueName\":\"search_term_string\"}}],\"inLanguage\":\"it-IT\"},{\"@type\":\"Organization\",\"@id\":\"https:\/\/www.sestogrado.it\/it\/#organization\",\"name\":\"Sestogrado\",\"url\":\"https:\/\/www.sestogrado.it\/it\/\",\"logo\":{\"@type\":\"ImageObject\",\"inLanguage\":\"it-IT\",\"@id\":\"https:\/\/www.sestogrado.it\/it\/#\/schema\/logo\/image\/\",\"url\":\"https:\/\/www.sestogrado.it\/wp-content\/uploads\/2015\/03\/sestogrado-favicon.png\",\"contentUrl\":\"https:\/\/www.sestogrado.it\/wp-content\/uploads\/2015\/03\/sestogrado-favicon.png\",\"width\":260,\"height\":260,\"caption\":\"Sestogrado\"},\"image\":{\"@id\":\"https:\/\/www.sestogrado.it\/it\/#\/schema\/logo\/image\/\"},\"sameAs\":[\"https:\/\/www.facebook.com\/pages\/Sestogrado\/1542635979353017?ref=bookmarks\",\"https:\/\/www.youtube.com\/channel\/UC847kAfTkaJsWpc1jtQwr3Q\"],\"hasMerchantReturnPolicy\":{\"@type\":\"MerchantReturnPolicy\",\"merchantReturnLink\":\"https:\/\/www.sestogrado.it\/it\/termini-e-condizioni\/\"}}]}<\/script>\n<meta property=\"product:brand\" content=\"Camelbak\" \/>\n<meta property=\"product:price:amount\" content=\"36.90\" \/>\n<meta property=\"product:price:currency\" content=\"EUR\" \/>\n<meta property=\"og:availability\" content=\"instock\" \/>\n<meta property=\"product:availability\" content=\"instock\" \/>\n<meta property=\"product:condition\" content=\"new\" \/>\n<!-- \/ Yoast SEO plugin. -->","yoast_head_json":{"title":"Camelbak Crux Reservoir sacca idrica per idratazione 2L - Sestogrado","description":"Il Camelbak Crux Reservoir sacca idrica per idratazione 2L \u00e8 una sacca ideata per contenere liquidi, facilmente collegabile allo zaino per bere senza doversi fermare.Ideale per trekking, vie ferrate, arrampicate, scialpinismo, mountain bike, trail running e tutte le situazioni in cui vuoi idratarti senza perdere tempo e cercare la borraccia nello zaino. Il Camelbak Crux Reservoir \u00e8 disponibile in tre formati: 1.5 litri, 2 litri e 3 litri. Il Camelback consente un continuo afflusso di liquido senza dover interrompere l\u2019attivit\u00e0 sportiva. Il Camelbak Crux Reservoir \u00e8 un camelbak tecnico, realizzato con trattamento che inibisce la crescita di batteri, facile da riempire, aprire e pulire.","robots":{"index":"index","follow":"follow","max-snippet":"max-snippet:-1","max-image-preview":"max-image-preview:large","max-video-preview":"max-video-preview:-1"},"canonical":"https:\/\/www.sestogrado.it\/it\/prodotto\/camelbak-crux-reservoir-sacca-idrica-per-idratazione-2-litri\/","og_locale":"it_IT","og_type":"article","og_title":"Camelbak Crux Reservoir sacca idrica per idratazione 2L - Sestogrado","og_description":"Il Camelbak Crux Reservoir sacca idrica per idratazione 2L \u00e8 una sacca ideata per contenere liquidi, facilmente collegabile allo zaino per bere senza doversi fermare.Ideale per trekking, vie ferrate, arrampicate, scialpinismo, mountain bike, trail running e tutte le situazioni in cui vuoi idratarti senza perdere tempo e cercare la borraccia nello zaino. Il Camelbak Crux Reservoir \u00e8 disponibile in tre formati: 1.5 litri, 2 litri e 3 litri. Il Camelback consente un continuo afflusso di liquido senza dover interrompere l\u2019attivit\u00e0 sportiva. Il Camelbak Crux Reservoir \u00e8 un camelbak tecnico, realizzato con trattamento che inibisce la crescita di batteri, facile da riempire, aprire e pulire.","og_url":"https:\/\/www.sestogrado.it\/it\/prodotto\/camelbak-crux-reservoir-sacca-idrica-per-idratazione-2-litri\/","og_site_name":"Sestogrado","article_publisher":"https:\/\/www.facebook.com\/pages\/Sestogrado\/1542635979353017?ref=bookmarks","article_modified_time":"2025-10-07T16:09:21+00:00","og_image":[{"width":700,"height":700,"url":"https:\/\/www.sestogrado.it\/wp-content\/uploads\/2020\/02\/crux-2.jpg","type":"image\/jpeg"}],"twitter_misc":{"Prezzo":"&euro;&nbsp;36,90","Disponibilit\u00e0":"In stock"},"schema":{"@context":"https:\/\/schema.org","@graph":[{"@type":"WebPage","@id":"https:\/\/www.sestogrado.it\/it\/prodotto\/camelbak-crux-reservoir-sacca-idrica-per-idratazione-2-litri\/","url":"https:\/\/www.sestogrado.it\/it\/prodotto\/camelbak-crux-reservoir-sacca-idrica-per-idratazione-2-litri\/","name":"Camelbak Crux Reservoir sacca idrica per idratazione 2L - Sestogrado","isPartOf":{"@id":"https:\/\/www.sestogrado.it\/it\/#website"},"primaryImageOfPage":{"@id":"https:\/\/www.sestogrado.it\/it\/prodotto\/camelbak-crux-reservoir-sacca-idrica-per-idratazione-2-litri\/#primaryimage"},"image":{"@id":"https:\/\/www.sestogrado.it\/prodotto\/camelbak-crux-reservoir-sacca-idrica-per-idratazione-2-litri\/#primaryimage"},"thumbnailUrl":"https:\/\/www.sestogrado.it\/wp-content\/uploads\/2020\/02\/crux-2.jpg","datePublished":"2020-02-19T09:28:19+00:00","dateModified":"2025-10-07T16:09:21+00:00","description":"Il Camelbak Crux Reservoir sacca idrica per idratazione 2L \u00e8 una sacca ideata per contenere liquidi, facilmente collegabile allo zaino per bere senza doversi fermare.Ideale per trekking, vie ferrate, arrampicate, scialpinismo, mountain bike, trail running e tutte le situazioni in cui vuoi idratarti senza perdere tempo e cercare la borraccia nello zaino. Il Camelbak Crux Reservoir \u00e8 disponibile in tre formati: 1.5 litri, 2 litri e 3 litri. Il Camelback consente un continuo afflusso di liquido senza dover interrompere l\u2019attivit\u00e0 sportiva. Il Camelbak Crux Reservoir \u00e8 un camelbak tecnico, realizzato con trattamento che inibisce la crescita di batteri, facile da riempire, aprire e pulire.","breadcrumb":{"@id":"https:\/\/www.sestogrado.it\/it\/prodotto\/camelbak-crux-reservoir-sacca-idrica-per-idratazione-2-litri\/#breadcrumb"},"inLanguage":"it-IT","potentialAction":[{"@type":"ReadAction","target":[["https:\/\/www.sestogrado.it\/it\/prodotto\/camelbak-crux-reservoir-sacca-idrica-per-idratazione-2-litri\/"]]}]},{"@type":"ImageObject","inLanguage":"it-IT","@id":"https:\/\/www.sestogrado.it\/it\/prodotto\/camelbak-crux-reservoir-sacca-idrica-per-idratazione-2-litri\/#primaryimage","url":"https:\/\/www.sestogrado.it\/wp-content\/uploads\/2020\/02\/crux-2.jpg","contentUrl":"https:\/\/www.sestogrado.it\/wp-content\/uploads\/2020\/02\/crux-2.jpg","width":700,"height":700,"caption":"camelbak crux 2l"},{"@type":"BreadcrumbList","@id":"https:\/\/www.sestogrado.it\/it\/prodotto\/camelbak-crux-reservoir-sacca-idrica-per-idratazione-2-litri\/#breadcrumb","itemListElement":[{"@type":"ListItem","position":1,"name":"Home","item":"https:\/\/www.sestogrado.it\/it\/"},{"@type":"ListItem","position":2,"name":"Shop","item":"https:\/\/www.sestogrado.it\/it\/shop\/"},{"@type":"ListItem","position":3,"name":"Camelbak Crux Reservoir sacca idrica per idratazione 2L"}]},{"@type":"WebSite","@id":"https:\/\/www.sestogrado.it\/it\/#website","url":"https:\/\/www.sestogrado.it\/it\/","name":"Sestogrado","description":"yes we climb","publisher":{"@id":"https:\/\/www.sestogrado.it\/it\/#organization"},"potentialAction":[{"@type":"SearchAction","target":{"@type":"EntryPoint","urlTemplate":"https:\/\/www.sestogrado.it\/it\/?s={search_term_string}"},"query-input":{"@type":"PropertyValueSpecification","valueRequired":true,"valueName":"search_term_string"}}],"inLanguage":"it-IT"},{"@type":"Organization","@id":"https:\/\/www.sestogrado.it\/it\/#organization","name":"Sestogrado","url":"https:\/\/www.sestogrado.it\/it\/","logo":{"@type":"ImageObject","inLanguage":"it-IT","@id":"https:\/\/www.sestogrado.it\/it\/#\/schema\/logo\/image\/","url":"https:\/\/www.sestogrado.it\/wp-content\/uploads\/2015\/03\/sestogrado-favicon.png","contentUrl":"https:\/\/www.sestogrado.it\/wp-content\/uploads\/2015\/03\/sestogrado-favicon.png","width":260,"height":260,"caption":"Sestogrado"},"image":{"@id":"https:\/\/www.sestogrado.it\/it\/#\/schema\/logo\/image\/"},"sameAs":["https:\/\/www.facebook.com\/pages\/Sestogrado\/1542635979353017?ref=bookmarks","https:\/\/www.youtube.com\/channel\/UC847kAfTkaJsWpc1jtQwr3Q"],"hasMerchantReturnPolicy":{"@type":"MerchantReturnPolicy","merchantReturnLink":"https:\/\/www.sestogrado.it\/it\/termini-e-condizioni\/"}}]},"product_brand":"Camelbak","product_price_amount":"36.90","product_price_currency":"EUR","og_availability":"instock","product_availability":"instock","product_condition":"new"},"_links":{"self":[{"href":"https:\/\/www.sestogrado.it\/it\/wp-json\/wp\/v2\/product\/28230","targetHints":{"allow":["GET"]}}],"collection":[{"href":"https:\/\/www.sestogrado.it\/it\/wp-json\/wp\/v2\/product"}],"about":[{"href":"https:\/\/www.sestogrado.it\/it\/wp-json\/wp\/v2\/types\/product"}],"replies":[{"embeddable":true,"href":"https:\/\/www.sestogrado.it\/it\/wp-json\/wp\/v2\/comments?post=28230"}],"wp:featuredmedia":[{"embeddable":true,"href":"https:\/\/www.sestogrado.it\/it\/wp-json\/wp\/v2\/media\/28251"}],"wp:attachment":[{"href":"https:\/\/www.sestogrado.it\/it\/wp-json\/wp\/v2\/media?parent=28230"}],"wp:term":[{"taxonomy":"product_brand","embeddable":true,"href":"https:\/\/www.sestogrado.it\/it\/wp-json\/wp\/v2\/product_brand?post=28230"},{"taxonomy":"product_cat","embeddable":true,"href":"https:\/\/www.sestogrado.it\/it\/wp-json\/wp\/v2\/product_cat?post=28230"},{"taxonomy":"product_tag","embeddable":true,"href":"https:\/\/www.sestogrado.it\/it\/wp-json\/wp\/v2\/product_tag?post=28230"}],"curies":[{"name":"wp","href":"https:\/\/api.w.org\/{rel}","templated":true}]}}