{"id":28173,"date":"2020-02-17T18:27:25","date_gmt":"2020-02-17T17:27:25","guid":{"rendered":"https:\/\/www.sestogrado.it\/?post_type=product&#038;p=28173"},"modified":"2026-01-13T11:14:48","modified_gmt":"2026-01-13T10:14:48","slug":"black-diamond-stance-guanti-isolanti-e-comprimibili","status":"publish","type":"product","link":"https:\/\/www.sestogrado.it\/it\/prodotto\/black-diamond-stance-guanti-isolanti-e-comprimibili\/","title":{"rendered":"Black Diamond Stance guanti comprimibili"},"content":{"rendered":"<p>Gli Stance sono dei guanti comprimibili ultra-ripiegabili e altamente versatili. Ti tengono le dita al caldo durante le escursioni sugli sci, le escursioni invernali e le sessioni di pulizia delle auto dopo la tempesta.<\/p>\n<p>Progettati per riprodurre le prestazioni isolanti del nostro Parka Stance Belay durante le gelide salite alpine e le fredde giornate invernali in falesia, i guanti Black Diamond Stance sono giacche imbottite altamente comprimibili per le tue mani. Isolate con isolamento PrimaLoft\u00ae Gold per prestazioni di alto livello e calore anche quando bagnate, le Stances sono ideali per soste super fredde e creste sommitali non tecniche. Le toppe sul palmo in pelle di capra garantiscono una maggiore durata durante l&#8217;assicurazione o il lavoro con le corde, mentre la sacca con cordino inclusa fornisce spazio compresso quando riposta nello zaino.<\/p>\n<ul>\n<li>Guscio ultraleggero Pertex\u00ae Endurance<\/li>\n<li>Isolamento PrimaLoft Gold da 133 g sul dorso della mano e sul palmo<\/li>\n<li>Patch sul palmo in pelle di capra<\/li>\n<li>Custodia inclusa con chiusura con cordino<\/li>\n<\/ul>\n<div class=\"attributeItem first\">\n<p><span class=\"attributeName\">Peso al paio :\u00a0 <\/span><span class=\"attributeValue\">85 g<\/span><\/p>\n<div class=\"clearfix\"><\/div>\n<\/div>\n<div class=\"attributeItem \"><span class=\"attributeName\">Temperatura Range :\u00a0 <\/span><span class=\"attributeValue\">-9\/+4 \u00b0C<\/span><\/div>\n<div>\n<p>Per scegliere la taglia misurarsi la circonferenza del palmo, in corrispondenza delle nocche:<\/p>\n<p><img decoding=\"async\" class=\"size-full wp-image-23609 img-fluid alignnone\" src=\"https:\/\/www.sestogrado.it\/wp-content\/uploads\/2019\/10\/mano.png\" alt=\"mano\" width=\"300\" height=\"300\" srcset=\"https:\/\/www.sestogrado.it\/wp-content\/uploads\/2019\/10\/mano.png 300w, https:\/\/www.sestogrado.it\/wp-content\/uploads\/2019\/10\/mano-100x100.png 100w, https:\/\/www.sestogrado.it\/wp-content\/uploads\/2019\/10\/mano-220x220.png 220w, https:\/\/www.sestogrado.it\/wp-content\/uploads\/2019\/10\/mano-150x150.png 150w, https:\/\/www.sestogrado.it\/wp-content\/uploads\/2019\/10\/mano-45x45.png 45w, https:\/\/www.sestogrado.it\/wp-content\/uploads\/2019\/10\/mano-64x64.png 64w, https:\/\/www.sestogrado.it\/wp-content\/uploads\/2019\/10\/mano-80x80.png 80w\" sizes=\"(max-width: 300px) 100vw, 300px\" \/><\/p>\n<p>&nbsp;<\/p>\n<p>&nbsp;<\/p>\n<p>XXS 14.6-15.9cm<\/p>\n<p>XS 18.4-19.7cm<\/p>\n<p>S 19.7-21cm<\/p>\n<p>M 21.5-23cm<\/p>\n<p>L 23-24cm<\/p>\n<p>XL 24-25.4cm<\/p>\n<p>XXL 25.4-26.6cm<\/p>\n<p>Black Diamond dal 1957 rappresenta un punto di riferimento mondiale per l\u2019attrezzatura da arrampicata. Ci\u00f2 che all\u2019inizio era una attivit\u00e0 artigianale con incudine e martello oggi si \u00e8 trasformata in una societ\u00e0 globale con uffici in tre continenti. Il segreto di Black Diamond \u00e8 sempre lo stesso: essere una societ\u00e0 formata da appassionati climber. In Black Diamond si continua a sognare su ci\u00f2 che potrebbe essere e si continua ad essere critici su ci\u00f2 che esiste. E\u2019 cos\u00ec che il processo creativo per la realizzazione della migliore attrezzatura da arrampicata non avr\u00e0 mai fine.<\/p>\n<\/div>\n<p><\/p>","protected":false},"excerpt":{"rendered":"<p>Gli Stance sono dei guanti comprimibili ultra-ripiegabili e altamente versatili. Ti tengono le dita al caldo durante le escursioni sugli [&hellip;]<\/p>\n","protected":false},"featured_media":28175,"comment_status":"open","ping_status":"closed","template":"","meta":{"_acf_changed":false},"product_brand":[121],"product_cat":[1427],"product_tag":[],"class_list":{"0":"post-28173","1":"product","2":"type-product","3":"status-publish","4":"has-post-thumbnail","6":"product_brand-black-diamond","7":"product_cat-outdoor","9":"first","10":"instock","11":"sale","12":"taxable","13":"shipping-taxable","14":"purchasable","15":"product-type-variable"},"acf":[],"yoast_head":"<!-- This site is optimized with the Yoast SEO plugin v26.4 - https:\/\/yoast.com\/wordpress\/plugins\/seo\/ -->\n<title>Black Diamond Stance guanti comprimibili - Sestogrado<\/title>\n<meta name=\"description\" content=\"I Black Diamond Stance sono dei guanti comprimibili e facili da trasportare. Sono ideali come guanti da sci alpinismo, alpinismo invernale e come guanti da emergenza da tenere sempre nello zaino.Assicurano una capacit\u00e0 termica da -9\u00b0 a +4\u00b0.Realizzati con lo stesso materiale isolante utilizzato per i Parka e le giacche da sci, i Black Diamond Stance sono compattabili per occupare il minimo spazio e forniscono eccellente isolamento termico. Foderati con PrimaLoft\u00ae Gold, offrono una termicit\u00e0 elevata anche con clima umido. Gli Stance sono comodissimi per fare sicura con clima freddo o per effettuare ascensioni non tecniche. Il palmo in pelle di capra fornisce durata e resistenza nel fare sicura o manovre con la corda. I guanti sono forniti di sacchettino per compattarli e trasportarli con il minimo ingombro.\" \/>\n<meta name=\"robots\" content=\"index, follow, max-snippet:-1, max-image-preview:large, max-video-preview:-1\" \/>\n<link rel=\"canonical\" href=\"https:\/\/www.sestogrado.it\/it\/prodotto\/black-diamond-stance-guanti-isolanti-e-comprimibili\/\" \/>\n<meta property=\"og:locale\" content=\"it_IT\" \/>\n<meta property=\"og:type\" content=\"article\" \/>\n<meta property=\"og:title\" content=\"Black Diamond Stance guanti comprimibili - Sestogrado\" \/>\n<meta property=\"og:description\" content=\"I Black Diamond Stance sono dei guanti comprimibili e facili da trasportare. Sono ideali come guanti da sci alpinismo, alpinismo invernale e come guanti da emergenza da tenere sempre nello zaino.Assicurano una capacit\u00e0 termica da -9\u00b0 a +4\u00b0.Realizzati con lo stesso materiale isolante utilizzato per i Parka e le giacche da sci, i Black Diamond Stance sono compattabili per occupare il minimo spazio e forniscono eccellente isolamento termico. Foderati con PrimaLoft\u00ae Gold, offrono una termicit\u00e0 elevata anche con clima umido. Gli Stance sono comodissimi per fare sicura con clima freddo o per effettuare ascensioni non tecniche. Il palmo in pelle di capra fornisce durata e resistenza nel fare sicura o manovre con la corda. I guanti sono forniti di sacchettino per compattarli e trasportarli con il minimo ingombro.\" \/>\n<meta property=\"og:url\" content=\"https:\/\/www.sestogrado.it\/it\/prodotto\/black-diamond-stance-guanti-isolanti-e-comprimibili\/\" \/>\n<meta property=\"og:site_name\" content=\"Sestogrado\" \/>\n<meta property=\"article:publisher\" content=\"https:\/\/www.facebook.com\/pages\/Sestogrado\/1542635979353017?ref=bookmarks\" \/>\n<meta property=\"article:modified_time\" content=\"2026-01-13T10:14:48+00:00\" \/>\n<meta property=\"og:image\" content=\"https:\/\/www.sestogrado.it\/wp-content\/uploads\/2020\/02\/01-6.jpg\" \/>\n\t<meta property=\"og:image:width\" content=\"1000\" \/>\n\t<meta property=\"og:image:height\" content=\"1000\" \/>\n\t<meta property=\"og:image:type\" content=\"image\/jpeg\" \/>\n<meta name=\"twitter:label1\" content=\"Disponibilit\u00e0\" \/>\n\t<meta name=\"twitter:data1\" content=\"In stock\" \/>\n<script type=\"application\/ld+json\" class=\"yoast-schema-graph\">{\"@context\":\"https:\/\/schema.org\",\"@graph\":[{\"@type\":\"WebPage\",\"@id\":\"https:\/\/www.sestogrado.it\/it\/prodotto\/black-diamond-stance-guanti-isolanti-e-comprimibili\/\",\"url\":\"https:\/\/www.sestogrado.it\/it\/prodotto\/black-diamond-stance-guanti-isolanti-e-comprimibili\/\",\"name\":\"Black Diamond Stance guanti comprimibili - Sestogrado\",\"isPartOf\":{\"@id\":\"https:\/\/www.sestogrado.it\/it\/#website\"},\"primaryImageOfPage\":{\"@id\":\"https:\/\/www.sestogrado.it\/it\/prodotto\/black-diamond-stance-guanti-isolanti-e-comprimibili\/#primaryimage\"},\"image\":{\"@id\":\"https:\/\/www.sestogrado.it\/prodotto\/black-diamond-stance-guanti-isolanti-e-comprimibili\/#primaryimage\"},\"thumbnailUrl\":\"https:\/\/www.sestogrado.it\/wp-content\/uploads\/2020\/02\/01-6.jpg\",\"datePublished\":\"2020-02-17T17:27:25+00:00\",\"dateModified\":\"2026-01-13T10:14:48+00:00\",\"description\":\"I Black Diamond Stance sono dei guanti comprimibili e facili da trasportare. Sono ideali come guanti da sci alpinismo, alpinismo invernale e come guanti da emergenza da tenere sempre nello zaino.Assicurano una capacit\u00e0 termica da -9\u00b0 a +4\u00b0.Realizzati con lo stesso materiale isolante utilizzato per i Parka e le giacche da sci, i Black Diamond Stance sono compattabili per occupare il minimo spazio e forniscono eccellente isolamento termico. Foderati con PrimaLoft\u00ae Gold, offrono una termicit\u00e0 elevata anche con clima umido. Gli Stance sono comodissimi per fare sicura con clima freddo o per effettuare ascensioni non tecniche. Il palmo in pelle di capra fornisce durata e resistenza nel fare sicura o manovre con la corda. I guanti sono forniti di sacchettino per compattarli e trasportarli con il minimo ingombro.\",\"breadcrumb\":{\"@id\":\"https:\/\/www.sestogrado.it\/it\/prodotto\/black-diamond-stance-guanti-isolanti-e-comprimibili\/#breadcrumb\"},\"inLanguage\":\"it-IT\",\"potentialAction\":[{\"@type\":\"ReadAction\",\"target\":[[\"https:\/\/www.sestogrado.it\/it\/prodotto\/black-diamond-stance-guanti-isolanti-e-comprimibili\/\"]]}]},{\"@type\":\"ImageObject\",\"inLanguage\":\"it-IT\",\"@id\":\"https:\/\/www.sestogrado.it\/it\/prodotto\/black-diamond-stance-guanti-isolanti-e-comprimibili\/#primaryimage\",\"url\":\"https:\/\/www.sestogrado.it\/wp-content\/uploads\/2020\/02\/01-6.jpg\",\"contentUrl\":\"https:\/\/www.sestogrado.it\/wp-content\/uploads\/2020\/02\/01-6.jpg\",\"width\":1000,\"height\":1000,\"caption\":\"black diamond stance\"},{\"@type\":\"BreadcrumbList\",\"@id\":\"https:\/\/www.sestogrado.it\/it\/prodotto\/black-diamond-stance-guanti-isolanti-e-comprimibili\/#breadcrumb\",\"itemListElement\":[{\"@type\":\"ListItem\",\"position\":1,\"name\":\"Home\",\"item\":\"https:\/\/www.sestogrado.it\/it\/\"},{\"@type\":\"ListItem\",\"position\":2,\"name\":\"Shop\",\"item\":\"https:\/\/www.sestogrado.it\/it\/shop\/\"},{\"@type\":\"ListItem\",\"position\":3,\"name\":\"Black Diamond Stance guanti comprimibili\"}]},{\"@type\":\"WebSite\",\"@id\":\"https:\/\/www.sestogrado.it\/it\/#website\",\"url\":\"https:\/\/www.sestogrado.it\/it\/\",\"name\":\"Sestogrado\",\"description\":\"yes we climb\",\"publisher\":{\"@id\":\"https:\/\/www.sestogrado.it\/it\/#organization\"},\"potentialAction\":[{\"@type\":\"SearchAction\",\"target\":{\"@type\":\"EntryPoint\",\"urlTemplate\":\"https:\/\/www.sestogrado.it\/it\/?s={search_term_string}\"},\"query-input\":{\"@type\":\"PropertyValueSpecification\",\"valueRequired\":true,\"valueName\":\"search_term_string\"}}],\"inLanguage\":\"it-IT\"},{\"@type\":\"Organization\",\"@id\":\"https:\/\/www.sestogrado.it\/it\/#organization\",\"name\":\"Sestogrado\",\"url\":\"https:\/\/www.sestogrado.it\/it\/\",\"logo\":{\"@type\":\"ImageObject\",\"inLanguage\":\"it-IT\",\"@id\":\"https:\/\/www.sestogrado.it\/it\/#\/schema\/logo\/image\/\",\"url\":\"https:\/\/www.sestogrado.it\/wp-content\/uploads\/2015\/03\/sestogrado-favicon.png\",\"contentUrl\":\"https:\/\/www.sestogrado.it\/wp-content\/uploads\/2015\/03\/sestogrado-favicon.png\",\"width\":260,\"height\":260,\"caption\":\"Sestogrado\"},\"image\":{\"@id\":\"https:\/\/www.sestogrado.it\/it\/#\/schema\/logo\/image\/\"},\"sameAs\":[\"https:\/\/www.facebook.com\/pages\/Sestogrado\/1542635979353017?ref=bookmarks\",\"https:\/\/www.youtube.com\/channel\/UC847kAfTkaJsWpc1jtQwr3Q\"],\"hasMerchantReturnPolicy\":{\"@type\":\"MerchantReturnPolicy\",\"merchantReturnLink\":\"https:\/\/www.sestogrado.it\/it\/termini-e-condizioni\/\"}}]}<\/script>\n<meta property=\"product:brand\" content=\"Black Diamond\" \/>\n<meta property=\"og:availability\" content=\"instock\" \/>\n<meta property=\"product:availability\" content=\"instock\" \/>\n<meta property=\"product:condition\" content=\"new\" \/>\n<!-- \/ Yoast SEO plugin. -->","yoast_head_json":{"title":"Black Diamond Stance guanti comprimibili - Sestogrado","description":"I Black Diamond Stance sono dei guanti comprimibili e facili da trasportare. Sono ideali come guanti da sci alpinismo, alpinismo invernale e come guanti da emergenza da tenere sempre nello zaino.Assicurano una capacit\u00e0 termica da -9\u00b0 a +4\u00b0.Realizzati con lo stesso materiale isolante utilizzato per i Parka e le giacche da sci, i Black Diamond Stance sono compattabili per occupare il minimo spazio e forniscono eccellente isolamento termico. Foderati con PrimaLoft\u00ae Gold, offrono una termicit\u00e0 elevata anche con clima umido. Gli Stance sono comodissimi per fare sicura con clima freddo o per effettuare ascensioni non tecniche. Il palmo in pelle di capra fornisce durata e resistenza nel fare sicura o manovre con la corda. I guanti sono forniti di sacchettino per compattarli e trasportarli con il minimo ingombro.","robots":{"index":"index","follow":"follow","max-snippet":"max-snippet:-1","max-image-preview":"max-image-preview:large","max-video-preview":"max-video-preview:-1"},"canonical":"https:\/\/www.sestogrado.it\/it\/prodotto\/black-diamond-stance-guanti-isolanti-e-comprimibili\/","og_locale":"it_IT","og_type":"article","og_title":"Black Diamond Stance guanti comprimibili - Sestogrado","og_description":"I Black Diamond Stance sono dei guanti comprimibili e facili da trasportare. Sono ideali come guanti da sci alpinismo, alpinismo invernale e come guanti da emergenza da tenere sempre nello zaino.Assicurano una capacit\u00e0 termica da -9\u00b0 a +4\u00b0.Realizzati con lo stesso materiale isolante utilizzato per i Parka e le giacche da sci, i Black Diamond Stance sono compattabili per occupare il minimo spazio e forniscono eccellente isolamento termico. Foderati con PrimaLoft\u00ae Gold, offrono una termicit\u00e0 elevata anche con clima umido. Gli Stance sono comodissimi per fare sicura con clima freddo o per effettuare ascensioni non tecniche. Il palmo in pelle di capra fornisce durata e resistenza nel fare sicura o manovre con la corda. I guanti sono forniti di sacchettino per compattarli e trasportarli con il minimo ingombro.","og_url":"https:\/\/www.sestogrado.it\/it\/prodotto\/black-diamond-stance-guanti-isolanti-e-comprimibili\/","og_site_name":"Sestogrado","article_publisher":"https:\/\/www.facebook.com\/pages\/Sestogrado\/1542635979353017?ref=bookmarks","article_modified_time":"2026-01-13T10:14:48+00:00","og_image":[{"width":1000,"height":1000,"url":"https:\/\/www.sestogrado.it\/wp-content\/uploads\/2020\/02\/01-6.jpg","type":"image\/jpeg"}],"twitter_misc":{"Disponibilit\u00e0":"In stock"},"schema":{"@context":"https:\/\/schema.org","@graph":[{"@type":"WebPage","@id":"https:\/\/www.sestogrado.it\/it\/prodotto\/black-diamond-stance-guanti-isolanti-e-comprimibili\/","url":"https:\/\/www.sestogrado.it\/it\/prodotto\/black-diamond-stance-guanti-isolanti-e-comprimibili\/","name":"Black Diamond Stance guanti comprimibili - Sestogrado","isPartOf":{"@id":"https:\/\/www.sestogrado.it\/it\/#website"},"primaryImageOfPage":{"@id":"https:\/\/www.sestogrado.it\/it\/prodotto\/black-diamond-stance-guanti-isolanti-e-comprimibili\/#primaryimage"},"image":{"@id":"https:\/\/www.sestogrado.it\/prodotto\/black-diamond-stance-guanti-isolanti-e-comprimibili\/#primaryimage"},"thumbnailUrl":"https:\/\/www.sestogrado.it\/wp-content\/uploads\/2020\/02\/01-6.jpg","datePublished":"2020-02-17T17:27:25+00:00","dateModified":"2026-01-13T10:14:48+00:00","description":"I Black Diamond Stance sono dei guanti comprimibili e facili da trasportare. Sono ideali come guanti da sci alpinismo, alpinismo invernale e come guanti da emergenza da tenere sempre nello zaino.Assicurano una capacit\u00e0 termica da -9\u00b0 a +4\u00b0.Realizzati con lo stesso materiale isolante utilizzato per i Parka e le giacche da sci, i Black Diamond Stance sono compattabili per occupare il minimo spazio e forniscono eccellente isolamento termico. Foderati con PrimaLoft\u00ae Gold, offrono una termicit\u00e0 elevata anche con clima umido. Gli Stance sono comodissimi per fare sicura con clima freddo o per effettuare ascensioni non tecniche. Il palmo in pelle di capra fornisce durata e resistenza nel fare sicura o manovre con la corda. I guanti sono forniti di sacchettino per compattarli e trasportarli con il minimo ingombro.","breadcrumb":{"@id":"https:\/\/www.sestogrado.it\/it\/prodotto\/black-diamond-stance-guanti-isolanti-e-comprimibili\/#breadcrumb"},"inLanguage":"it-IT","potentialAction":[{"@type":"ReadAction","target":[["https:\/\/www.sestogrado.it\/it\/prodotto\/black-diamond-stance-guanti-isolanti-e-comprimibili\/"]]}]},{"@type":"ImageObject","inLanguage":"it-IT","@id":"https:\/\/www.sestogrado.it\/it\/prodotto\/black-diamond-stance-guanti-isolanti-e-comprimibili\/#primaryimage","url":"https:\/\/www.sestogrado.it\/wp-content\/uploads\/2020\/02\/01-6.jpg","contentUrl":"https:\/\/www.sestogrado.it\/wp-content\/uploads\/2020\/02\/01-6.jpg","width":1000,"height":1000,"caption":"black diamond stance"},{"@type":"BreadcrumbList","@id":"https:\/\/www.sestogrado.it\/it\/prodotto\/black-diamond-stance-guanti-isolanti-e-comprimibili\/#breadcrumb","itemListElement":[{"@type":"ListItem","position":1,"name":"Home","item":"https:\/\/www.sestogrado.it\/it\/"},{"@type":"ListItem","position":2,"name":"Shop","item":"https:\/\/www.sestogrado.it\/it\/shop\/"},{"@type":"ListItem","position":3,"name":"Black Diamond Stance guanti comprimibili"}]},{"@type":"WebSite","@id":"https:\/\/www.sestogrado.it\/it\/#website","url":"https:\/\/www.sestogrado.it\/it\/","name":"Sestogrado","description":"yes we climb","publisher":{"@id":"https:\/\/www.sestogrado.it\/it\/#organization"},"potentialAction":[{"@type":"SearchAction","target":{"@type":"EntryPoint","urlTemplate":"https:\/\/www.sestogrado.it\/it\/?s={search_term_string}"},"query-input":{"@type":"PropertyValueSpecification","valueRequired":true,"valueName":"search_term_string"}}],"inLanguage":"it-IT"},{"@type":"Organization","@id":"https:\/\/www.sestogrado.it\/it\/#organization","name":"Sestogrado","url":"https:\/\/www.sestogrado.it\/it\/","logo":{"@type":"ImageObject","inLanguage":"it-IT","@id":"https:\/\/www.sestogrado.it\/it\/#\/schema\/logo\/image\/","url":"https:\/\/www.sestogrado.it\/wp-content\/uploads\/2015\/03\/sestogrado-favicon.png","contentUrl":"https:\/\/www.sestogrado.it\/wp-content\/uploads\/2015\/03\/sestogrado-favicon.png","width":260,"height":260,"caption":"Sestogrado"},"image":{"@id":"https:\/\/www.sestogrado.it\/it\/#\/schema\/logo\/image\/"},"sameAs":["https:\/\/www.facebook.com\/pages\/Sestogrado\/1542635979353017?ref=bookmarks","https:\/\/www.youtube.com\/channel\/UC847kAfTkaJsWpc1jtQwr3Q"],"hasMerchantReturnPolicy":{"@type":"MerchantReturnPolicy","merchantReturnLink":"https:\/\/www.sestogrado.it\/it\/termini-e-condizioni\/"}}]},"product_brand":"Black Diamond","og_availability":"instock","product_availability":"instock","product_condition":"new"},"_links":{"self":[{"href":"https:\/\/www.sestogrado.it\/it\/wp-json\/wp\/v2\/product\/28173","targetHints":{"allow":["GET"]}}],"collection":[{"href":"https:\/\/www.sestogrado.it\/it\/wp-json\/wp\/v2\/product"}],"about":[{"href":"https:\/\/www.sestogrado.it\/it\/wp-json\/wp\/v2\/types\/product"}],"replies":[{"embeddable":true,"href":"https:\/\/www.sestogrado.it\/it\/wp-json\/wp\/v2\/comments?post=28173"}],"wp:featuredmedia":[{"embeddable":true,"href":"https:\/\/www.sestogrado.it\/it\/wp-json\/wp\/v2\/media\/28175"}],"wp:attachment":[{"href":"https:\/\/www.sestogrado.it\/it\/wp-json\/wp\/v2\/media?parent=28173"}],"wp:term":[{"taxonomy":"product_brand","embeddable":true,"href":"https:\/\/www.sestogrado.it\/it\/wp-json\/wp\/v2\/product_brand?post=28173"},{"taxonomy":"product_cat","embeddable":true,"href":"https:\/\/www.sestogrado.it\/it\/wp-json\/wp\/v2\/product_cat?post=28173"},{"taxonomy":"product_tag","embeddable":true,"href":"https:\/\/www.sestogrado.it\/it\/wp-json\/wp\/v2\/product_tag?post=28173"}],"curies":[{"name":"wp","href":"https:\/\/api.w.org\/{rel}","templated":true}]}}