{"id":27994,"date":"2022-08-03T12:08:11","date_gmt":"2022-08-03T10:08:11","guid":{"rendered":"https:\/\/www.sestogrado.it\/?post_type=product&#038;p=27994"},"modified":"2026-02-21T18:04:38","modified_gmt":"2026-02-21T17:04:38","slug":"camp-m20-campack-zaino-arrampicata-alpinismo-20-litri","status":"publish","type":"product","link":"https:\/\/www.sestogrado.it\/it\/prodotto\/camp-m20-campack-zaino-arrampicata-alpinismo-20-litri\/","title":{"rendered":"Camp M20 Campack zaino arrampicata alpinismo 20 litri"},"content":{"rendered":"<p>Il Camp M20 \u00e8 uno zaino ideale per le uscite light &amp; fast. Contiene molti degli esclusivi sistemi che caratterizzano la linea degli zaini C.A.M.P., come l\u2019apertura Full BackDoor sullo schienale per un immediato accesso a tutto il contenuto senza rimuovere il materiale posto nella parte superiore. Il comfort \u00e8 assicurato dal nuovo sistema di ventilazione XAir e dagli spallacci ergonomici e traspiranti. Il cinturone imbottito \u00e8 dotato di 2 asole porta materiale ed \u00e8 amovibile per non intralciare quando si indossa l\u2019imbragatura. Il cappuccio presenta un doppio sistema di chiusura, con zip e coulisse, per evitare aperture accidentali e garantire la massima protezione in caso di maltempo. Completano il prodotto il sistema di avanzamento del carico sugli spallacci, il doppio porta piccozza con cordini elastici superiori, placchette in alluminio inferiori e vano per le lame delle piccozze, il porta sci, il porta casco esterno a scomparsa e le tasche esterne che aumentano la capacit\u00e0.<\/p>\n<ul>\n<li>Sistema Full BackDoor<\/li>\n<li>Schienale con sistema di ventilazione XAir, morbida rete traspirante e tasca interna per hydrobag e accessori<\/li>\n<li>Spallacci ergonomici per un comfort eccezionale<\/li>\n<li>Cinturone imbottito con 2 asole porta materiale, amovibile durante le attivit\u00e0 pi\u00f9 tecniche<\/li>\n<li>Sistema di avanzamento del carico sugli spallacci<\/li>\n<li>Cappuccio con doppio sistema di chiusura (zip e coulisse) per la massima sicurezza e protezione dalle intemperie<\/li>\n<li>Il cappuccio con zip crea un vano ulteriore che permette una divisione del contenuto per averne immediatamente a disposizione una parte<\/li>\n<li>Tasca con zip verticale e 2 ampie tasche elastiche esterne<\/li>\n<li>Doppio porta piccozza con cordini elastici superiori, placchette in alluminio inferiori e vano per le lame delle piccozze<\/li>\n<li>Porta sci con fettucce a scomparsa superiori e fettucce fisse inferiori<\/li>\n<li>Porta casco esterno a scomparsa<\/li>\n<li>Porta corda a scomparsa<\/li>\n<li>Predisposto per <a href=\"https:\/\/www.sestogrado.it\/it\/prodotto\/camelbak-crux-reservoir-sacca-idrica-per-idratazione-2-litri\/\" target=\"_blank\" rel=\"noopener\">hydrobag<\/a><\/li>\n<\/ul>\n<p>Il Camp M20 \u00e8 uno zaino tecnico, completo e polivalente per ogni attivit\u00e0 verticale.<\/p>\n<p>&nbsp;<\/p>\n<p>Passione, lavoro e semplicit\u00e0 sono alcune delle parole chiave che da sempre hanno contraddistinto il modo di essere di C.A.M.P.\u00a0Fondata nel\u00a01889 a Premana, paese dell\u2019alta Valsassina dove tutt\u2019oggi ha la sua sede, C.A.M.P.\u00a0realizza\u00a0prodotti che aiutano a realizzare i sogni ed i progetti di tutti coloro che frequentano la montagna.<\/p>","protected":false},"excerpt":{"rendered":"<p>Il Camp M20 \u00e8 uno zaino ideale per le uscite light &amp; fast. Contiene molti degli esclusivi sistemi che caratterizzano [&hellip;]<\/p>\n","protected":false},"featured_media":108979,"comment_status":"open","ping_status":"closed","template":"","meta":{"_acf_changed":false},"product_brand":[31],"product_cat":[389,1432],"product_tag":[],"class_list":{"0":"post-27994","1":"product","2":"type-product","3":"status-publish","4":"has-post-thumbnail","6":"product_brand-camp","7":"product_cat-zaini-alpinismo","8":"product_cat-escursionismo","10":"first","11":"instock","12":"sale","13":"taxable","14":"shipping-taxable","15":"purchasable","16":"product-type-variable"},"acf":[],"yoast_head":"<!-- This site is optimized with the Yoast SEO plugin v26.4 - https:\/\/yoast.com\/wordpress\/plugins\/seo\/ -->\n<title>Camp M20 Campack zaino arrampicata alpinismo 20 litri - Sestogrado<\/title>\n<meta name=\"description\" content=\"Il Camp M20 \u00e8 uno zaino ideale per le uscite light &amp; fast. Contiene molti degli esclusivi sistemi che caratterizzano la linea degli zaini C.A.M.P., come l\u2019apertura Full BackDoor sullo schienale per un immediato accesso a tutto il contenuto senza rimuovere il materiale posto nella parte superiore. Il comfort \u00e8 assicurato dal nuovo sistema di ventilazione XAir e dagli spallacci ergonomici e traspiranti. Il cinturone imbottito \u00e8 dotato di 2 asole porta materiale ed \u00e8 amovibile per non intralciare quando si indossa l\u2019imbragatura. Il cappuccio presenta un doppio sistema di chiusura, con zip e coulisse, per evitare aperture accidentali e garantire la massima protezione in caso di maltempo. Completano il prodotto il sistema di avanzamento del carico sugli spallacci, il doppio porta piccozza con cordini elastici superiori, placchette in alluminio inferiori e vano per le lame delle piccozze, il porta sci, il porta casco esterno a scomparsa e le tasche esterne che aumentano la capacit\u00e0.\" \/>\n<meta name=\"robots\" content=\"index, follow, max-snippet:-1, max-image-preview:large, max-video-preview:-1\" \/>\n<link rel=\"canonical\" href=\"https:\/\/www.sestogrado.it\/it\/prodotto\/camp-m20-campack-zaino-arrampicata-alpinismo-20-litri\/\" \/>\n<meta property=\"og:locale\" content=\"it_IT\" \/>\n<meta property=\"og:type\" content=\"article\" \/>\n<meta property=\"og:title\" content=\"Camp M20 Campack zaino arrampicata alpinismo 20 litri - Sestogrado\" \/>\n<meta property=\"og:description\" content=\"Il Camp M20 \u00e8 uno zaino ideale per le uscite light &amp; fast. Contiene molti degli esclusivi sistemi che caratterizzano la linea degli zaini C.A.M.P., come l\u2019apertura Full BackDoor sullo schienale per un immediato accesso a tutto il contenuto senza rimuovere il materiale posto nella parte superiore. Il comfort \u00e8 assicurato dal nuovo sistema di ventilazione XAir e dagli spallacci ergonomici e traspiranti. Il cinturone imbottito \u00e8 dotato di 2 asole porta materiale ed \u00e8 amovibile per non intralciare quando si indossa l\u2019imbragatura. Il cappuccio presenta un doppio sistema di chiusura, con zip e coulisse, per evitare aperture accidentali e garantire la massima protezione in caso di maltempo. Completano il prodotto il sistema di avanzamento del carico sugli spallacci, il doppio porta piccozza con cordini elastici superiori, placchette in alluminio inferiori e vano per le lame delle piccozze, il porta sci, il porta casco esterno a scomparsa e le tasche esterne che aumentano la capacit\u00e0.\" \/>\n<meta property=\"og:url\" content=\"https:\/\/www.sestogrado.it\/it\/prodotto\/camp-m20-campack-zaino-arrampicata-alpinismo-20-litri\/\" \/>\n<meta property=\"og:site_name\" content=\"Sestogrado\" \/>\n<meta property=\"article:publisher\" content=\"https:\/\/www.facebook.com\/pages\/Sestogrado\/1542635979353017?ref=bookmarks\" \/>\n<meta property=\"article:modified_time\" content=\"2026-02-21T17:04:38+00:00\" \/>\n<meta property=\"og:image\" content=\"https:\/\/www.sestogrado.it\/wp-content\/uploads\/2020\/02\/3205-2.jpg\" \/>\n\t<meta property=\"og:image:width\" content=\"1200\" \/>\n\t<meta property=\"og:image:height\" content=\"1200\" \/>\n\t<meta property=\"og:image:type\" content=\"image\/jpeg\" \/>\n<meta name=\"twitter:label1\" content=\"Disponibilit\u00e0\" \/>\n\t<meta name=\"twitter:data1\" content=\"In stock\" \/>\n<script type=\"application\/ld+json\" class=\"yoast-schema-graph\">{\"@context\":\"https:\/\/schema.org\",\"@graph\":[{\"@type\":\"WebPage\",\"@id\":\"https:\/\/www.sestogrado.it\/it\/prodotto\/camp-m20-campack-zaino-arrampicata-alpinismo-20-litri\/\",\"url\":\"https:\/\/www.sestogrado.it\/it\/prodotto\/camp-m20-campack-zaino-arrampicata-alpinismo-20-litri\/\",\"name\":\"Camp M20 Campack zaino arrampicata alpinismo 20 litri - Sestogrado\",\"isPartOf\":{\"@id\":\"https:\/\/www.sestogrado.it\/it\/#website\"},\"primaryImageOfPage\":{\"@id\":\"https:\/\/www.sestogrado.it\/it\/prodotto\/camp-m20-campack-zaino-arrampicata-alpinismo-20-litri\/#primaryimage\"},\"image\":{\"@id\":\"https:\/\/www.sestogrado.it\/prodotto\/camp-m20-campack-zaino-arrampicata-alpinismo-20-litri\/#primaryimage\"},\"thumbnailUrl\":\"https:\/\/www.sestogrado.it\/wp-content\/uploads\/2020\/02\/3205-2.jpg\",\"datePublished\":\"2022-08-03T10:08:11+00:00\",\"dateModified\":\"2026-02-21T17:04:38+00:00\",\"description\":\"Il Camp M20 \u00e8 uno zaino ideale per le uscite light & fast. Contiene molti degli esclusivi sistemi che caratterizzano la linea degli zaini C.A.M.P., come l\u2019apertura Full BackDoor sullo schienale per un immediato accesso a tutto il contenuto senza rimuovere il materiale posto nella parte superiore. Il comfort \u00e8 assicurato dal nuovo sistema di ventilazione XAir e dagli spallacci ergonomici e traspiranti. Il cinturone imbottito \u00e8 dotato di 2 asole porta materiale ed \u00e8 amovibile per non intralciare quando si indossa l\u2019imbragatura. Il cappuccio presenta un doppio sistema di chiusura, con zip e coulisse, per evitare aperture accidentali e garantire la massima protezione in caso di maltempo. Completano il prodotto il sistema di avanzamento del carico sugli spallacci, il doppio porta piccozza con cordini elastici superiori, placchette in alluminio inferiori e vano per le lame delle piccozze, il porta sci, il porta casco esterno a scomparsa e le tasche esterne che aumentano la capacit\u00e0.\",\"breadcrumb\":{\"@id\":\"https:\/\/www.sestogrado.it\/it\/prodotto\/camp-m20-campack-zaino-arrampicata-alpinismo-20-litri\/#breadcrumb\"},\"inLanguage\":\"it-IT\",\"potentialAction\":[{\"@type\":\"ReadAction\",\"target\":[[\"https:\/\/www.sestogrado.it\/it\/prodotto\/camp-m20-campack-zaino-arrampicata-alpinismo-20-litri\/\"]]}]},{\"@type\":\"ImageObject\",\"inLanguage\":\"it-IT\",\"@id\":\"https:\/\/www.sestogrado.it\/it\/prodotto\/camp-m20-campack-zaino-arrampicata-alpinismo-20-litri\/#primaryimage\",\"url\":\"https:\/\/www.sestogrado.it\/wp-content\/uploads\/2020\/02\/3205-2.jpg\",\"contentUrl\":\"https:\/\/www.sestogrado.it\/wp-content\/uploads\/2020\/02\/3205-2.jpg\",\"width\":1200,\"height\":1200,\"caption\":\"camp m20 grigio\"},{\"@type\":\"BreadcrumbList\",\"@id\":\"https:\/\/www.sestogrado.it\/it\/prodotto\/camp-m20-campack-zaino-arrampicata-alpinismo-20-litri\/#breadcrumb\",\"itemListElement\":[{\"@type\":\"ListItem\",\"position\":1,\"name\":\"Home\",\"item\":\"https:\/\/www.sestogrado.it\/it\/\"},{\"@type\":\"ListItem\",\"position\":2,\"name\":\"Shop\",\"item\":\"https:\/\/www.sestogrado.it\/it\/shop\/\"},{\"@type\":\"ListItem\",\"position\":3,\"name\":\"Camp M20 Campack zaino arrampicata alpinismo 20 litri\"}]},{\"@type\":\"WebSite\",\"@id\":\"https:\/\/www.sestogrado.it\/it\/#website\",\"url\":\"https:\/\/www.sestogrado.it\/it\/\",\"name\":\"Sestogrado\",\"description\":\"yes we climb\",\"publisher\":{\"@id\":\"https:\/\/www.sestogrado.it\/it\/#organization\"},\"potentialAction\":[{\"@type\":\"SearchAction\",\"target\":{\"@type\":\"EntryPoint\",\"urlTemplate\":\"https:\/\/www.sestogrado.it\/it\/?s={search_term_string}\"},\"query-input\":{\"@type\":\"PropertyValueSpecification\",\"valueRequired\":true,\"valueName\":\"search_term_string\"}}],\"inLanguage\":\"it-IT\"},{\"@type\":\"Organization\",\"@id\":\"https:\/\/www.sestogrado.it\/it\/#organization\",\"name\":\"Sestogrado\",\"url\":\"https:\/\/www.sestogrado.it\/it\/\",\"logo\":{\"@type\":\"ImageObject\",\"inLanguage\":\"it-IT\",\"@id\":\"https:\/\/www.sestogrado.it\/it\/#\/schema\/logo\/image\/\",\"url\":\"https:\/\/www.sestogrado.it\/wp-content\/uploads\/2015\/03\/sestogrado-favicon.png\",\"contentUrl\":\"https:\/\/www.sestogrado.it\/wp-content\/uploads\/2015\/03\/sestogrado-favicon.png\",\"width\":260,\"height\":260,\"caption\":\"Sestogrado\"},\"image\":{\"@id\":\"https:\/\/www.sestogrado.it\/it\/#\/schema\/logo\/image\/\"},\"sameAs\":[\"https:\/\/www.facebook.com\/pages\/Sestogrado\/1542635979353017?ref=bookmarks\",\"https:\/\/www.youtube.com\/channel\/UC847kAfTkaJsWpc1jtQwr3Q\"],\"hasMerchantReturnPolicy\":{\"@type\":\"MerchantReturnPolicy\",\"merchantReturnLink\":\"https:\/\/www.sestogrado.it\/it\/termini-e-condizioni\/\"}}]}<\/script>\n<meta property=\"product:brand\" content=\"Camp\" \/>\n<meta property=\"og:availability\" content=\"instock\" \/>\n<meta property=\"product:availability\" content=\"instock\" \/>\n<meta property=\"product:condition\" content=\"new\" \/>\n<!-- \/ Yoast SEO plugin. -->","yoast_head_json":{"title":"Camp M20 Campack zaino arrampicata alpinismo 20 litri - Sestogrado","description":"Il Camp M20 \u00e8 uno zaino ideale per le uscite light & fast. Contiene molti degli esclusivi sistemi che caratterizzano la linea degli zaini C.A.M.P., come l\u2019apertura Full BackDoor sullo schienale per un immediato accesso a tutto il contenuto senza rimuovere il materiale posto nella parte superiore. Il comfort \u00e8 assicurato dal nuovo sistema di ventilazione XAir e dagli spallacci ergonomici e traspiranti. Il cinturone imbottito \u00e8 dotato di 2 asole porta materiale ed \u00e8 amovibile per non intralciare quando si indossa l\u2019imbragatura. Il cappuccio presenta un doppio sistema di chiusura, con zip e coulisse, per evitare aperture accidentali e garantire la massima protezione in caso di maltempo. Completano il prodotto il sistema di avanzamento del carico sugli spallacci, il doppio porta piccozza con cordini elastici superiori, placchette in alluminio inferiori e vano per le lame delle piccozze, il porta sci, il porta casco esterno a scomparsa e le tasche esterne che aumentano la capacit\u00e0.","robots":{"index":"index","follow":"follow","max-snippet":"max-snippet:-1","max-image-preview":"max-image-preview:large","max-video-preview":"max-video-preview:-1"},"canonical":"https:\/\/www.sestogrado.it\/it\/prodotto\/camp-m20-campack-zaino-arrampicata-alpinismo-20-litri\/","og_locale":"it_IT","og_type":"article","og_title":"Camp M20 Campack zaino arrampicata alpinismo 20 litri - Sestogrado","og_description":"Il Camp M20 \u00e8 uno zaino ideale per le uscite light & fast. Contiene molti degli esclusivi sistemi che caratterizzano la linea degli zaini C.A.M.P., come l\u2019apertura Full BackDoor sullo schienale per un immediato accesso a tutto il contenuto senza rimuovere il materiale posto nella parte superiore. Il comfort \u00e8 assicurato dal nuovo sistema di ventilazione XAir e dagli spallacci ergonomici e traspiranti. Il cinturone imbottito \u00e8 dotato di 2 asole porta materiale ed \u00e8 amovibile per non intralciare quando si indossa l\u2019imbragatura. Il cappuccio presenta un doppio sistema di chiusura, con zip e coulisse, per evitare aperture accidentali e garantire la massima protezione in caso di maltempo. Completano il prodotto il sistema di avanzamento del carico sugli spallacci, il doppio porta piccozza con cordini elastici superiori, placchette in alluminio inferiori e vano per le lame delle piccozze, il porta sci, il porta casco esterno a scomparsa e le tasche esterne che aumentano la capacit\u00e0.","og_url":"https:\/\/www.sestogrado.it\/it\/prodotto\/camp-m20-campack-zaino-arrampicata-alpinismo-20-litri\/","og_site_name":"Sestogrado","article_publisher":"https:\/\/www.facebook.com\/pages\/Sestogrado\/1542635979353017?ref=bookmarks","article_modified_time":"2026-02-21T17:04:38+00:00","og_image":[{"width":1200,"height":1200,"url":"https:\/\/www.sestogrado.it\/wp-content\/uploads\/2020\/02\/3205-2.jpg","type":"image\/jpeg"}],"twitter_misc":{"Disponibilit\u00e0":"In stock"},"schema":{"@context":"https:\/\/schema.org","@graph":[{"@type":"WebPage","@id":"https:\/\/www.sestogrado.it\/it\/prodotto\/camp-m20-campack-zaino-arrampicata-alpinismo-20-litri\/","url":"https:\/\/www.sestogrado.it\/it\/prodotto\/camp-m20-campack-zaino-arrampicata-alpinismo-20-litri\/","name":"Camp M20 Campack zaino arrampicata alpinismo 20 litri - Sestogrado","isPartOf":{"@id":"https:\/\/www.sestogrado.it\/it\/#website"},"primaryImageOfPage":{"@id":"https:\/\/www.sestogrado.it\/it\/prodotto\/camp-m20-campack-zaino-arrampicata-alpinismo-20-litri\/#primaryimage"},"image":{"@id":"https:\/\/www.sestogrado.it\/prodotto\/camp-m20-campack-zaino-arrampicata-alpinismo-20-litri\/#primaryimage"},"thumbnailUrl":"https:\/\/www.sestogrado.it\/wp-content\/uploads\/2020\/02\/3205-2.jpg","datePublished":"2022-08-03T10:08:11+00:00","dateModified":"2026-02-21T17:04:38+00:00","description":"Il Camp M20 \u00e8 uno zaino ideale per le uscite light & fast. Contiene molti degli esclusivi sistemi che caratterizzano la linea degli zaini C.A.M.P., come l\u2019apertura Full BackDoor sullo schienale per un immediato accesso a tutto il contenuto senza rimuovere il materiale posto nella parte superiore. Il comfort \u00e8 assicurato dal nuovo sistema di ventilazione XAir e dagli spallacci ergonomici e traspiranti. Il cinturone imbottito \u00e8 dotato di 2 asole porta materiale ed \u00e8 amovibile per non intralciare quando si indossa l\u2019imbragatura. Il cappuccio presenta un doppio sistema di chiusura, con zip e coulisse, per evitare aperture accidentali e garantire la massima protezione in caso di maltempo. Completano il prodotto il sistema di avanzamento del carico sugli spallacci, il doppio porta piccozza con cordini elastici superiori, placchette in alluminio inferiori e vano per le lame delle piccozze, il porta sci, il porta casco esterno a scomparsa e le tasche esterne che aumentano la capacit\u00e0.","breadcrumb":{"@id":"https:\/\/www.sestogrado.it\/it\/prodotto\/camp-m20-campack-zaino-arrampicata-alpinismo-20-litri\/#breadcrumb"},"inLanguage":"it-IT","potentialAction":[{"@type":"ReadAction","target":[["https:\/\/www.sestogrado.it\/it\/prodotto\/camp-m20-campack-zaino-arrampicata-alpinismo-20-litri\/"]]}]},{"@type":"ImageObject","inLanguage":"it-IT","@id":"https:\/\/www.sestogrado.it\/it\/prodotto\/camp-m20-campack-zaino-arrampicata-alpinismo-20-litri\/#primaryimage","url":"https:\/\/www.sestogrado.it\/wp-content\/uploads\/2020\/02\/3205-2.jpg","contentUrl":"https:\/\/www.sestogrado.it\/wp-content\/uploads\/2020\/02\/3205-2.jpg","width":1200,"height":1200,"caption":"camp m20 grigio"},{"@type":"BreadcrumbList","@id":"https:\/\/www.sestogrado.it\/it\/prodotto\/camp-m20-campack-zaino-arrampicata-alpinismo-20-litri\/#breadcrumb","itemListElement":[{"@type":"ListItem","position":1,"name":"Home","item":"https:\/\/www.sestogrado.it\/it\/"},{"@type":"ListItem","position":2,"name":"Shop","item":"https:\/\/www.sestogrado.it\/it\/shop\/"},{"@type":"ListItem","position":3,"name":"Camp M20 Campack zaino arrampicata alpinismo 20 litri"}]},{"@type":"WebSite","@id":"https:\/\/www.sestogrado.it\/it\/#website","url":"https:\/\/www.sestogrado.it\/it\/","name":"Sestogrado","description":"yes we climb","publisher":{"@id":"https:\/\/www.sestogrado.it\/it\/#organization"},"potentialAction":[{"@type":"SearchAction","target":{"@type":"EntryPoint","urlTemplate":"https:\/\/www.sestogrado.it\/it\/?s={search_term_string}"},"query-input":{"@type":"PropertyValueSpecification","valueRequired":true,"valueName":"search_term_string"}}],"inLanguage":"it-IT"},{"@type":"Organization","@id":"https:\/\/www.sestogrado.it\/it\/#organization","name":"Sestogrado","url":"https:\/\/www.sestogrado.it\/it\/","logo":{"@type":"ImageObject","inLanguage":"it-IT","@id":"https:\/\/www.sestogrado.it\/it\/#\/schema\/logo\/image\/","url":"https:\/\/www.sestogrado.it\/wp-content\/uploads\/2015\/03\/sestogrado-favicon.png","contentUrl":"https:\/\/www.sestogrado.it\/wp-content\/uploads\/2015\/03\/sestogrado-favicon.png","width":260,"height":260,"caption":"Sestogrado"},"image":{"@id":"https:\/\/www.sestogrado.it\/it\/#\/schema\/logo\/image\/"},"sameAs":["https:\/\/www.facebook.com\/pages\/Sestogrado\/1542635979353017?ref=bookmarks","https:\/\/www.youtube.com\/channel\/UC847kAfTkaJsWpc1jtQwr3Q"],"hasMerchantReturnPolicy":{"@type":"MerchantReturnPolicy","merchantReturnLink":"https:\/\/www.sestogrado.it\/it\/termini-e-condizioni\/"}}]},"product_brand":"Camp","og_availability":"instock","product_availability":"instock","product_condition":"new"},"_links":{"self":[{"href":"https:\/\/www.sestogrado.it\/it\/wp-json\/wp\/v2\/product\/27994","targetHints":{"allow":["GET"]}}],"collection":[{"href":"https:\/\/www.sestogrado.it\/it\/wp-json\/wp\/v2\/product"}],"about":[{"href":"https:\/\/www.sestogrado.it\/it\/wp-json\/wp\/v2\/types\/product"}],"replies":[{"embeddable":true,"href":"https:\/\/www.sestogrado.it\/it\/wp-json\/wp\/v2\/comments?post=27994"}],"wp:featuredmedia":[{"embeddable":true,"href":"https:\/\/www.sestogrado.it\/it\/wp-json\/wp\/v2\/media\/108979"}],"wp:attachment":[{"href":"https:\/\/www.sestogrado.it\/it\/wp-json\/wp\/v2\/media?parent=27994"}],"wp:term":[{"taxonomy":"product_brand","embeddable":true,"href":"https:\/\/www.sestogrado.it\/it\/wp-json\/wp\/v2\/product_brand?post=27994"},{"taxonomy":"product_cat","embeddable":true,"href":"https:\/\/www.sestogrado.it\/it\/wp-json\/wp\/v2\/product_cat?post=27994"},{"taxonomy":"product_tag","embeddable":true,"href":"https:\/\/www.sestogrado.it\/it\/wp-json\/wp\/v2\/product_tag?post=27994"}],"curies":[{"name":"wp","href":"https:\/\/api.w.org\/{rel}","templated":true}]}}