{"id":27567,"date":"2022-04-08T15:22:23","date_gmt":"2022-04-08T13:22:23","guid":{"rendered":"https:\/\/www.sestogrado.it\/?post_type=product&#038;p=27567"},"modified":"2026-04-25T23:15:27","modified_gmt":"2026-04-25T21:15:27","slug":"grivel-g14-new-matic-evo-ramponi-semiautomatici-da-ghiaccio","status":"publish","type":"product","link":"https:\/\/www.sestogrado.it\/it\/prodotto\/grivel-g14-new-matic-evo-ramponi-semiautomatici-da-ghiaccio\/","title":{"rendered":"Grivel G14 New Matic EVO ramponi semiautomatici da ghiaccio"},"content":{"rendered":"<p>I Grivel G14 New Matic EVO sono dei ramponi semiautomatici da ghiaccio di alto livello a 12 punte per alpinismo classico, con punte anteriori intercambiabili forgiate a caldo per la massima penetrazione nel ghiaccio e precisione nei passaggi tecnici.<\/p>\n<p>Il <strong>nuovo sistema di allacciatura posteriore EVO<\/strong> \u00e8 pi\u00f9 moderno, leggero e minimale, rispetto alla versione precedente. La nuova leva e staffa posteriori sono pi\u00f9 semplici, un pezzo invece di cinque. La leva, con design &#8220;Stealth&#8221; \u00e8 pi\u00f9 leggera e consente pi\u00f9 posizioni per adattarsi a tutti gli scarponi. La fettuccia \u00e8 pi\u00f9 leggera e sottile (12mm invece di 14mm) e la fibbia \u00e8 pi\u00f9 minimale, facile da usare e con forte tenuta.<\/p>\n<p>Con il G14 Grivel introduce il nuovo standard dell\u2019efficienza e della qualit\u00e0 nel rampone classico, dotandolo di due punte anteriori forgiate a caldo! Le punte forgiate del rampone hanno dimostrato largamente la validit\u00e0 di questa soluzione: migliore penetrazione nel ghiaccio, migliore efficacia del colpo senza rimbalzo anche con ghiaccio molto duro, doppio vantaggio della forma verticale e di quella orizzontale. Il Grivel G14 ha tutto questo su una base semplice, leggera, facilmente regolabile, con la possibilit\u00e0 di sostituire le punte consumate, e di passare dalla configurazione con due punte a quella monopunta seguendo il proprio desiderio o le caratteristiche della via. I Grivel G14 sono dotati di Antibott sia nella parte anteriore sia in quella posteriore.<\/p>\n<ul>\n<li>allacciatura New Matic EVO semiautomatica, per scarponi privi di aletta anteriore<\/li>\n<li>Antibott anteriore e posteriore incluso<\/li>\n<li>taglia 36 &#8211; 47<\/li>\n<li>peso 1154g<\/li>\n<li>numero punte 11-12<\/li>\n<li>Materiale: acciaio Nichel Cromo Molibdeno<\/li>\n<li>Stampatura 3D<\/li>\n<li>Punte frontali forgiate a caldo e sostituibili<\/li>\n<li>Struttura semi rigida<\/li>\n<li>Asimmetrici<\/li>\n<li>Certificazione CE<\/li>\n<\/ul>\n<p>&nbsp;<\/p>\n<p>I Grivel G14 New Mati EVO sono un rampone per alpinismo classico, tecnici e leggeri con dotazioni elevate per affrontare i passaggi tecnici.<\/p>\n<p><img decoding=\"async\" class=\"alignnone size-full wp-image-99063 img-fluid\" src=\"https:\/\/www.sestogrado.it\/wp-content\/uploads\/2020\/02\/web_house_CA8A7220_160x160.jpg\" alt=\"steve\" width=\"160\" height=\"160\" srcset=\"https:\/\/www.sestogrado.it\/wp-content\/uploads\/2020\/02\/web_house_CA8A7220_160x160.jpg 160w, https:\/\/www.sestogrado.it\/wp-content\/uploads\/2020\/02\/web_house_CA8A7220_160x160-100x100.jpg 100w, https:\/\/www.sestogrado.it\/wp-content\/uploads\/2020\/02\/web_house_CA8A7220_160x160-150x150.jpg 150w, https:\/\/www.sestogrado.it\/wp-content\/uploads\/2020\/02\/web_house_CA8A7220_160x160-45x45.jpg 45w, https:\/\/www.sestogrado.it\/wp-content\/uploads\/2020\/02\/web_house_CA8A7220_160x160-80x80.jpg 80w, https:\/\/www.sestogrado.it\/wp-content\/uploads\/2020\/02\/web_house_CA8A7220_160x160-60x60.jpg 60w, https:\/\/www.sestogrado.it\/wp-content\/uploads\/2020\/02\/web_house_CA8A7220_160x160-90x90.jpg 90w\" sizes=\"(max-width: 160px) 100vw, 160px\" \/><\/p>\n<p><em>&#8220;Quando combini un telaio in acciaio pieno leggero con punti anteriori in acciaio forgiato a caldo ad alto tenore di carbonio, sarai a casa sulle rotte pi\u00f9 grandi e difficili del mondo. E francamente, rende un rampone eccezionale per alpinismo, arrampicata su ghiaccio d&#8217;acqua e alpinismo generale &#8220;<\/em><br \/>\n<strong>Steve House<\/strong><\/p>\n<p>&nbsp;<\/p>\n<p>Come funziona l&#8217;Antibott di Grivel:<\/p>\n<p><iframe src=\"\/\/www.youtube.com\/embed\/jHScUx_DsD0?feature=emb_logo\" width=\"560\" height=\"314\" allowfullscreen=\"allowfullscreen\"><\/iframe><\/p>\n<p>&nbsp;<\/p>","protected":false},"excerpt":{"rendered":"<p>I Grivel G14 New Matic EVO sono dei ramponi semiautomatici da ghiaccio di alto livello a 12 punte per alpinismo [&hellip;]<\/p>\n","protected":false},"featured_media":99064,"comment_status":"open","ping_status":"closed","template":"","meta":{"_acf_changed":false},"product_brand":[126],"product_cat":[153],"product_tag":[],"class_list":{"0":"post-27567","1":"product","2":"type-product","3":"status-publish","4":"has-post-thumbnail","6":"product_brand-grivel","7":"product_cat-ramponi","9":"first","10":"instock","11":"sale","12":"taxable","13":"shipping-taxable","14":"purchasable","15":"product-type-simple"},"acf":[],"yoast_head":"<!-- This site is optimized with the Yoast SEO plugin v26.4 - https:\/\/yoast.com\/wordpress\/plugins\/seo\/ -->\n<title>Grivel G14 New Matic EVO ramponi semiautomatici da ghiaccio - Sestogrado<\/title>\n<meta name=\"description\" content=\"I Grivel G14 New Matic sono dei ramponi semiautomatici da ghiaccio di alto livello a 12 punte per alpinismo classico, con punte anteriori intercambiabili forgiate a caldo per la massima penetrazione nel ghiaccio e precisione nei passaggi tecnici.Con il G14 Grivel introduce il nuovo standard dell\u2019efficienza e della qualit\u00e0 nel rampone classico, dotandolo di due punte anteriori forgiate a caldo! Le punte forgiate del rampone hanno dimostrato largamente la validit\u00e0 di questa soluzione: migliore penetrazione nel ghiaccio, migliore efficacia del colpo senza rimbalzo anche con ghiaccio molto duro, doppio vantaggio della forma verticale e di quella orizzontale. Il Grivel G14 ha tutto questo su una base semplice, leggera, facilmente regolabile, con la possibilit\u00e0 di sostituire le punte consumate, e di passare dalla configurazione con due punte a quella monopunta seguendo il proprio desiderio o le caratteristiche della via. I Grivel G14 sono dotati di Antibott sia nella parte anteriore sia in quella posteriore.\" \/>\n<meta name=\"robots\" content=\"index, follow, max-snippet:-1, max-image-preview:large, max-video-preview:-1\" \/>\n<link rel=\"canonical\" href=\"https:\/\/www.sestogrado.it\/it\/prodotto\/grivel-g14-new-matic-evo-ramponi-semiautomatici-da-ghiaccio\/\" \/>\n<meta property=\"og:locale\" content=\"it_IT\" \/>\n<meta property=\"og:type\" content=\"article\" \/>\n<meta property=\"og:title\" content=\"Grivel G14 New Matic EVO ramponi semiautomatici da ghiaccio - Sestogrado\" \/>\n<meta property=\"og:description\" content=\"I Grivel G14 New Matic sono dei ramponi semiautomatici da ghiaccio di alto livello a 12 punte per alpinismo classico, con punte anteriori intercambiabili forgiate a caldo per la massima penetrazione nel ghiaccio e precisione nei passaggi tecnici.Con il G14 Grivel introduce il nuovo standard dell\u2019efficienza e della qualit\u00e0 nel rampone classico, dotandolo di due punte anteriori forgiate a caldo! Le punte forgiate del rampone hanno dimostrato largamente la validit\u00e0 di questa soluzione: migliore penetrazione nel ghiaccio, migliore efficacia del colpo senza rimbalzo anche con ghiaccio molto duro, doppio vantaggio della forma verticale e di quella orizzontale. Il Grivel G14 ha tutto questo su una base semplice, leggera, facilmente regolabile, con la possibilit\u00e0 di sostituire le punte consumate, e di passare dalla configurazione con due punte a quella monopunta seguendo il proprio desiderio o le caratteristiche della via. I Grivel G14 sono dotati di Antibott sia nella parte anteriore sia in quella posteriore.\" \/>\n<meta property=\"og:url\" content=\"https:\/\/www.sestogrado.it\/it\/prodotto\/grivel-g14-new-matic-evo-ramponi-semiautomatici-da-ghiaccio\/\" \/>\n<meta property=\"og:site_name\" content=\"Sestogrado\" \/>\n<meta property=\"article:publisher\" content=\"https:\/\/www.facebook.com\/pages\/Sestogrado\/1542635979353017?ref=bookmarks\" \/>\n<meta property=\"article:modified_time\" content=\"2026-04-25T21:15:27+00:00\" \/>\n<meta property=\"og:image\" content=\"https:\/\/www.sestogrado.it\/wp-content\/uploads\/2020\/02\/01-15.jpg\" \/>\n\t<meta property=\"og:image:width\" content=\"1575\" \/>\n\t<meta property=\"og:image:height\" content=\"1575\" \/>\n\t<meta property=\"og:image:type\" content=\"image\/jpeg\" \/>\n<meta name=\"twitter:label1\" content=\"Prezzo\" \/>\n\t<meta name=\"twitter:data1\" content=\"&euro;&nbsp;179,00\" \/>\n\t<meta name=\"twitter:label2\" content=\"Disponibilit\u00e0\" \/>\n\t<meta name=\"twitter:data2\" content=\"In stock\" \/>\n<script type=\"application\/ld+json\" class=\"yoast-schema-graph\">{\"@context\":\"https:\/\/schema.org\",\"@graph\":[{\"@type\":\"WebPage\",\"@id\":\"https:\/\/www.sestogrado.it\/it\/prodotto\/grivel-g14-new-matic-evo-ramponi-semiautomatici-da-ghiaccio\/\",\"url\":\"https:\/\/www.sestogrado.it\/it\/prodotto\/grivel-g14-new-matic-evo-ramponi-semiautomatici-da-ghiaccio\/\",\"name\":\"Grivel G14 New Matic EVO ramponi semiautomatici da ghiaccio - Sestogrado\",\"isPartOf\":{\"@id\":\"https:\/\/www.sestogrado.it\/it\/#website\"},\"primaryImageOfPage\":{\"@id\":\"https:\/\/www.sestogrado.it\/it\/prodotto\/grivel-g14-new-matic-evo-ramponi-semiautomatici-da-ghiaccio\/#primaryimage\"},\"image\":{\"@id\":\"https:\/\/www.sestogrado.it\/prodotto\/grivel-g14-new-matic-evo-ramponi-semiautomatici-da-ghiaccio\/#primaryimage\"},\"thumbnailUrl\":\"https:\/\/www.sestogrado.it\/wp-content\/uploads\/2020\/02\/01-15.jpg\",\"datePublished\":\"2022-04-08T13:22:23+00:00\",\"dateModified\":\"2026-04-25T21:15:27+00:00\",\"description\":\"I Grivel G14 New Matic sono dei ramponi semiautomatici da ghiaccio di alto livello a 12 punte per alpinismo classico, con punte anteriori intercambiabili forgiate a caldo per la massima penetrazione nel ghiaccio e precisione nei passaggi tecnici.Con il G14 Grivel introduce il nuovo standard dell\u2019efficienza e della qualit\u00e0 nel rampone classico, dotandolo di due punte anteriori forgiate a caldo! Le punte forgiate del rampone hanno dimostrato largamente la validit\u00e0 di questa soluzione: migliore penetrazione nel ghiaccio, migliore efficacia del colpo senza rimbalzo anche con ghiaccio molto duro, doppio vantaggio della forma verticale e di quella orizzontale. Il Grivel G14 ha tutto questo su una base semplice, leggera, facilmente regolabile, con la possibilit\u00e0 di sostituire le punte consumate, e di passare dalla configurazione con due punte a quella monopunta seguendo il proprio desiderio o le caratteristiche della via. I Grivel G14 sono dotati di Antibott sia nella parte anteriore sia in quella posteriore.\",\"breadcrumb\":{\"@id\":\"https:\/\/www.sestogrado.it\/it\/prodotto\/grivel-g14-new-matic-evo-ramponi-semiautomatici-da-ghiaccio\/#breadcrumb\"},\"inLanguage\":\"it-IT\",\"potentialAction\":[{\"@type\":\"ReadAction\",\"target\":[[\"https:\/\/www.sestogrado.it\/it\/prodotto\/grivel-g14-new-matic-evo-ramponi-semiautomatici-da-ghiaccio\/\"]]}]},{\"@type\":\"ImageObject\",\"inLanguage\":\"it-IT\",\"@id\":\"https:\/\/www.sestogrado.it\/it\/prodotto\/grivel-g14-new-matic-evo-ramponi-semiautomatici-da-ghiaccio\/#primaryimage\",\"url\":\"https:\/\/www.sestogrado.it\/wp-content\/uploads\/2020\/02\/01-15.jpg\",\"contentUrl\":\"https:\/\/www.sestogrado.it\/wp-content\/uploads\/2020\/02\/01-15.jpg\",\"width\":1575,\"height\":1575,\"caption\":\"g14 new matic evo\"},{\"@type\":\"BreadcrumbList\",\"@id\":\"https:\/\/www.sestogrado.it\/it\/prodotto\/grivel-g14-new-matic-evo-ramponi-semiautomatici-da-ghiaccio\/#breadcrumb\",\"itemListElement\":[{\"@type\":\"ListItem\",\"position\":1,\"name\":\"Home\",\"item\":\"https:\/\/www.sestogrado.it\/it\/\"},{\"@type\":\"ListItem\",\"position\":2,\"name\":\"Shop\",\"item\":\"https:\/\/www.sestogrado.it\/it\/shop\/\"},{\"@type\":\"ListItem\",\"position\":3,\"name\":\"Grivel G14 New Matic EVO ramponi semiautomatici da ghiaccio\"}]},{\"@type\":\"WebSite\",\"@id\":\"https:\/\/www.sestogrado.it\/it\/#website\",\"url\":\"https:\/\/www.sestogrado.it\/it\/\",\"name\":\"Sestogrado\",\"description\":\"yes we climb\",\"publisher\":{\"@id\":\"https:\/\/www.sestogrado.it\/it\/#organization\"},\"potentialAction\":[{\"@type\":\"SearchAction\",\"target\":{\"@type\":\"EntryPoint\",\"urlTemplate\":\"https:\/\/www.sestogrado.it\/it\/?s={search_term_string}\"},\"query-input\":{\"@type\":\"PropertyValueSpecification\",\"valueRequired\":true,\"valueName\":\"search_term_string\"}}],\"inLanguage\":\"it-IT\"},{\"@type\":\"Organization\",\"@id\":\"https:\/\/www.sestogrado.it\/it\/#organization\",\"name\":\"Sestogrado\",\"url\":\"https:\/\/www.sestogrado.it\/it\/\",\"logo\":{\"@type\":\"ImageObject\",\"inLanguage\":\"it-IT\",\"@id\":\"https:\/\/www.sestogrado.it\/it\/#\/schema\/logo\/image\/\",\"url\":\"https:\/\/www.sestogrado.it\/wp-content\/uploads\/2015\/03\/sestogrado-favicon.png\",\"contentUrl\":\"https:\/\/www.sestogrado.it\/wp-content\/uploads\/2015\/03\/sestogrado-favicon.png\",\"width\":260,\"height\":260,\"caption\":\"Sestogrado\"},\"image\":{\"@id\":\"https:\/\/www.sestogrado.it\/it\/#\/schema\/logo\/image\/\"},\"sameAs\":[\"https:\/\/www.facebook.com\/pages\/Sestogrado\/1542635979353017?ref=bookmarks\",\"https:\/\/www.youtube.com\/channel\/UC847kAfTkaJsWpc1jtQwr3Q\"],\"hasMerchantReturnPolicy\":{\"@type\":\"MerchantReturnPolicy\",\"merchantReturnLink\":\"https:\/\/www.sestogrado.it\/it\/termini-e-condizioni\/\"}}]}<\/script>\n<meta property=\"product:brand\" content=\"Grivel\" \/>\n<meta property=\"product:price:amount\" content=\"179.00\" \/>\n<meta property=\"product:price:currency\" content=\"EUR\" \/>\n<meta property=\"og:availability\" content=\"instock\" \/>\n<meta property=\"product:availability\" content=\"instock\" \/>\n<meta property=\"product:condition\" content=\"new\" \/>\n<!-- \/ Yoast SEO plugin. -->","yoast_head_json":{"title":"Grivel G14 New Matic EVO ramponi semiautomatici da ghiaccio - Sestogrado","description":"I Grivel G14 New Matic sono dei ramponi semiautomatici da ghiaccio di alto livello a 12 punte per alpinismo classico, con punte anteriori intercambiabili forgiate a caldo per la massima penetrazione nel ghiaccio e precisione nei passaggi tecnici.Con il G14 Grivel introduce il nuovo standard dell\u2019efficienza e della qualit\u00e0 nel rampone classico, dotandolo di due punte anteriori forgiate a caldo! Le punte forgiate del rampone hanno dimostrato largamente la validit\u00e0 di questa soluzione: migliore penetrazione nel ghiaccio, migliore efficacia del colpo senza rimbalzo anche con ghiaccio molto duro, doppio vantaggio della forma verticale e di quella orizzontale. Il Grivel G14 ha tutto questo su una base semplice, leggera, facilmente regolabile, con la possibilit\u00e0 di sostituire le punte consumate, e di passare dalla configurazione con due punte a quella monopunta seguendo il proprio desiderio o le caratteristiche della via. I Grivel G14 sono dotati di Antibott sia nella parte anteriore sia in quella posteriore.","robots":{"index":"index","follow":"follow","max-snippet":"max-snippet:-1","max-image-preview":"max-image-preview:large","max-video-preview":"max-video-preview:-1"},"canonical":"https:\/\/www.sestogrado.it\/it\/prodotto\/grivel-g14-new-matic-evo-ramponi-semiautomatici-da-ghiaccio\/","og_locale":"it_IT","og_type":"article","og_title":"Grivel G14 New Matic EVO ramponi semiautomatici da ghiaccio - Sestogrado","og_description":"I Grivel G14 New Matic sono dei ramponi semiautomatici da ghiaccio di alto livello a 12 punte per alpinismo classico, con punte anteriori intercambiabili forgiate a caldo per la massima penetrazione nel ghiaccio e precisione nei passaggi tecnici.Con il G14 Grivel introduce il nuovo standard dell\u2019efficienza e della qualit\u00e0 nel rampone classico, dotandolo di due punte anteriori forgiate a caldo! Le punte forgiate del rampone hanno dimostrato largamente la validit\u00e0 di questa soluzione: migliore penetrazione nel ghiaccio, migliore efficacia del colpo senza rimbalzo anche con ghiaccio molto duro, doppio vantaggio della forma verticale e di quella orizzontale. Il Grivel G14 ha tutto questo su una base semplice, leggera, facilmente regolabile, con la possibilit\u00e0 di sostituire le punte consumate, e di passare dalla configurazione con due punte a quella monopunta seguendo il proprio desiderio o le caratteristiche della via. I Grivel G14 sono dotati di Antibott sia nella parte anteriore sia in quella posteriore.","og_url":"https:\/\/www.sestogrado.it\/it\/prodotto\/grivel-g14-new-matic-evo-ramponi-semiautomatici-da-ghiaccio\/","og_site_name":"Sestogrado","article_publisher":"https:\/\/www.facebook.com\/pages\/Sestogrado\/1542635979353017?ref=bookmarks","article_modified_time":"2026-04-25T21:15:27+00:00","og_image":[{"width":1575,"height":1575,"url":"https:\/\/www.sestogrado.it\/wp-content\/uploads\/2020\/02\/01-15.jpg","type":"image\/jpeg"}],"twitter_misc":{"Prezzo":"&euro;&nbsp;179,00","Disponibilit\u00e0":"In stock"},"schema":{"@context":"https:\/\/schema.org","@graph":[{"@type":"WebPage","@id":"https:\/\/www.sestogrado.it\/it\/prodotto\/grivel-g14-new-matic-evo-ramponi-semiautomatici-da-ghiaccio\/","url":"https:\/\/www.sestogrado.it\/it\/prodotto\/grivel-g14-new-matic-evo-ramponi-semiautomatici-da-ghiaccio\/","name":"Grivel G14 New Matic EVO ramponi semiautomatici da ghiaccio - Sestogrado","isPartOf":{"@id":"https:\/\/www.sestogrado.it\/it\/#website"},"primaryImageOfPage":{"@id":"https:\/\/www.sestogrado.it\/it\/prodotto\/grivel-g14-new-matic-evo-ramponi-semiautomatici-da-ghiaccio\/#primaryimage"},"image":{"@id":"https:\/\/www.sestogrado.it\/prodotto\/grivel-g14-new-matic-evo-ramponi-semiautomatici-da-ghiaccio\/#primaryimage"},"thumbnailUrl":"https:\/\/www.sestogrado.it\/wp-content\/uploads\/2020\/02\/01-15.jpg","datePublished":"2022-04-08T13:22:23+00:00","dateModified":"2026-04-25T21:15:27+00:00","description":"I Grivel G14 New Matic sono dei ramponi semiautomatici da ghiaccio di alto livello a 12 punte per alpinismo classico, con punte anteriori intercambiabili forgiate a caldo per la massima penetrazione nel ghiaccio e precisione nei passaggi tecnici.Con il G14 Grivel introduce il nuovo standard dell\u2019efficienza e della qualit\u00e0 nel rampone classico, dotandolo di due punte anteriori forgiate a caldo! Le punte forgiate del rampone hanno dimostrato largamente la validit\u00e0 di questa soluzione: migliore penetrazione nel ghiaccio, migliore efficacia del colpo senza rimbalzo anche con ghiaccio molto duro, doppio vantaggio della forma verticale e di quella orizzontale. Il Grivel G14 ha tutto questo su una base semplice, leggera, facilmente regolabile, con la possibilit\u00e0 di sostituire le punte consumate, e di passare dalla configurazione con due punte a quella monopunta seguendo il proprio desiderio o le caratteristiche della via. I Grivel G14 sono dotati di Antibott sia nella parte anteriore sia in quella posteriore.","breadcrumb":{"@id":"https:\/\/www.sestogrado.it\/it\/prodotto\/grivel-g14-new-matic-evo-ramponi-semiautomatici-da-ghiaccio\/#breadcrumb"},"inLanguage":"it-IT","potentialAction":[{"@type":"ReadAction","target":[["https:\/\/www.sestogrado.it\/it\/prodotto\/grivel-g14-new-matic-evo-ramponi-semiautomatici-da-ghiaccio\/"]]}]},{"@type":"ImageObject","inLanguage":"it-IT","@id":"https:\/\/www.sestogrado.it\/it\/prodotto\/grivel-g14-new-matic-evo-ramponi-semiautomatici-da-ghiaccio\/#primaryimage","url":"https:\/\/www.sestogrado.it\/wp-content\/uploads\/2020\/02\/01-15.jpg","contentUrl":"https:\/\/www.sestogrado.it\/wp-content\/uploads\/2020\/02\/01-15.jpg","width":1575,"height":1575,"caption":"g14 new matic evo"},{"@type":"BreadcrumbList","@id":"https:\/\/www.sestogrado.it\/it\/prodotto\/grivel-g14-new-matic-evo-ramponi-semiautomatici-da-ghiaccio\/#breadcrumb","itemListElement":[{"@type":"ListItem","position":1,"name":"Home","item":"https:\/\/www.sestogrado.it\/it\/"},{"@type":"ListItem","position":2,"name":"Shop","item":"https:\/\/www.sestogrado.it\/it\/shop\/"},{"@type":"ListItem","position":3,"name":"Grivel G14 New Matic EVO ramponi semiautomatici da ghiaccio"}]},{"@type":"WebSite","@id":"https:\/\/www.sestogrado.it\/it\/#website","url":"https:\/\/www.sestogrado.it\/it\/","name":"Sestogrado","description":"yes we climb","publisher":{"@id":"https:\/\/www.sestogrado.it\/it\/#organization"},"potentialAction":[{"@type":"SearchAction","target":{"@type":"EntryPoint","urlTemplate":"https:\/\/www.sestogrado.it\/it\/?s={search_term_string}"},"query-input":{"@type":"PropertyValueSpecification","valueRequired":true,"valueName":"search_term_string"}}],"inLanguage":"it-IT"},{"@type":"Organization","@id":"https:\/\/www.sestogrado.it\/it\/#organization","name":"Sestogrado","url":"https:\/\/www.sestogrado.it\/it\/","logo":{"@type":"ImageObject","inLanguage":"it-IT","@id":"https:\/\/www.sestogrado.it\/it\/#\/schema\/logo\/image\/","url":"https:\/\/www.sestogrado.it\/wp-content\/uploads\/2015\/03\/sestogrado-favicon.png","contentUrl":"https:\/\/www.sestogrado.it\/wp-content\/uploads\/2015\/03\/sestogrado-favicon.png","width":260,"height":260,"caption":"Sestogrado"},"image":{"@id":"https:\/\/www.sestogrado.it\/it\/#\/schema\/logo\/image\/"},"sameAs":["https:\/\/www.facebook.com\/pages\/Sestogrado\/1542635979353017?ref=bookmarks","https:\/\/www.youtube.com\/channel\/UC847kAfTkaJsWpc1jtQwr3Q"],"hasMerchantReturnPolicy":{"@type":"MerchantReturnPolicy","merchantReturnLink":"https:\/\/www.sestogrado.it\/it\/termini-e-condizioni\/"}}]},"product_brand":"Grivel","product_price_amount":"179.00","product_price_currency":"EUR","og_availability":"instock","product_availability":"instock","product_condition":"new"},"_links":{"self":[{"href":"https:\/\/www.sestogrado.it\/it\/wp-json\/wp\/v2\/product\/27567","targetHints":{"allow":["GET"]}}],"collection":[{"href":"https:\/\/www.sestogrado.it\/it\/wp-json\/wp\/v2\/product"}],"about":[{"href":"https:\/\/www.sestogrado.it\/it\/wp-json\/wp\/v2\/types\/product"}],"replies":[{"embeddable":true,"href":"https:\/\/www.sestogrado.it\/it\/wp-json\/wp\/v2\/comments?post=27567"}],"wp:featuredmedia":[{"embeddable":true,"href":"https:\/\/www.sestogrado.it\/it\/wp-json\/wp\/v2\/media\/99064"}],"wp:attachment":[{"href":"https:\/\/www.sestogrado.it\/it\/wp-json\/wp\/v2\/media?parent=27567"}],"wp:term":[{"taxonomy":"product_brand","embeddable":true,"href":"https:\/\/www.sestogrado.it\/it\/wp-json\/wp\/v2\/product_brand?post=27567"},{"taxonomy":"product_cat","embeddable":true,"href":"https:\/\/www.sestogrado.it\/it\/wp-json\/wp\/v2\/product_cat?post=27567"},{"taxonomy":"product_tag","embeddable":true,"href":"https:\/\/www.sestogrado.it\/it\/wp-json\/wp\/v2\/product_tag?post=27567"}],"curies":[{"name":"wp","href":"https:\/\/api.w.org\/{rel}","templated":true}]}}