{"id":27220,"date":"2020-02-03T15:55:05","date_gmt":"2020-02-03T14:55:05","guid":{"rendered":"https:\/\/www.sestogrado.it\/?post_type=product&#038;p=27220"},"modified":"2026-04-26T11:11:52","modified_gmt":"2026-04-26T09:11:52","slug":"black-diamond-mont-blanc-guanti-leggeri-per-outdoor","status":"publish","type":"product","link":"https:\/\/www.sestogrado.it\/it\/prodotto\/black-diamond-mont-blanc-guanti-leggeri-per-outdoor\/","title":{"rendered":"Black Diamond Mont Blanc guanti leggeri per outdoor"},"content":{"rendered":"<p>I Black Diamond Mont Blanc sono dei guanti leggeri, elastici, resistenti alle intemperie, che offrono una super aderenza sul palmo.<\/p>\n<p>Ispirati alla leggendaria gara Ultra-Trail du Mont Blanc, i guanti Black Diamond Mont Blanc sono progettati per offrire traspirabilit\u00e0 e protezione in condizioni di tempo leggero, con un range ottimale di temperatura tra i -4 ed i +4 gradi. Sono particolarmente efficienti durante le ultra-gare e tutte le attivit\u00e0 outdoor ad alto rendimento aerobico. Il leggero tessuto elasticizzato presenta una finitura resistente alle intemperie ed il palmo texturizzato offre una presa salda su bastoncini da trekking, bottiglie e altri elementi essenziali. Il Mont Blanc dispone anche di punte delle dita digitali che ti consentono di utilizzare il telefono o qualsiasi dispositivo touch.<\/p>\n<ul>\n<li>Guscio elasticizzato resistente agli agenti atmosferici<\/li>\n<li>Palmo elasticizzato traspirante con texture in silicone per massimo grip<\/li>\n<li>Punta delle dita digitali consente di utilizzare dispositivi touchscreen<\/li>\n<li>Polsino elasticizzato a basso profilo<\/li>\n<\/ul>\n<p>&nbsp;<\/p>\n<p>I Black Diamond Mont Blanc sono guanti utilizzati ed apprezzati da alpinisti, trail runners, in virt\u00f9 di una eccezionale aderenza, che li rende particolarmente comodi. Possono essere utilizzati per sci alpinismo, running, mountain bike e tutte le attivit\u00e0 outdoor che richiedono protezioni delle mani dalle intemperie.<\/p>\n<p>&nbsp;<\/p>\n<p>Per scegliere la taglia misurarsi la circonferenza del palmo, in corrispondenza delle nocche:<\/p>\n<p><img decoding=\"async\" class=\"size-full wp-image-23609 img-fluid alignnone\" src=\"https:\/\/www.sestogrado.it\/wp-content\/uploads\/2019\/10\/mano.png\" alt=\"mano\" width=\"300\" height=\"300\" srcset=\"https:\/\/www.sestogrado.it\/wp-content\/uploads\/2019\/10\/mano.png 300w, https:\/\/www.sestogrado.it\/wp-content\/uploads\/2019\/10\/mano-100x100.png 100w, https:\/\/www.sestogrado.it\/wp-content\/uploads\/2019\/10\/mano-220x220.png 220w, https:\/\/www.sestogrado.it\/wp-content\/uploads\/2019\/10\/mano-150x150.png 150w, https:\/\/www.sestogrado.it\/wp-content\/uploads\/2019\/10\/mano-45x45.png 45w, https:\/\/www.sestogrado.it\/wp-content\/uploads\/2019\/10\/mano-64x64.png 64w, https:\/\/www.sestogrado.it\/wp-content\/uploads\/2019\/10\/mano-80x80.png 80w\" sizes=\"(max-width: 300px) 100vw, 300px\" \/><\/p>\n<p>XXS 14.6-15.9cm<\/p>\n<p>XS 18.4-19.7cm<\/p>\n<p>S 19.7-21cm<\/p>\n<p>M 21.5-23cm<\/p>\n<p>L 23-24cm<\/p>\n<p>XL 24-25.4cm<\/p>\n<p>XXL 25.4-26.6cm<\/p>\n<p id=\"tw-target-text\" class=\"tw-data-text tw-text-large tw-ta\" dir=\"ltr\" data-placeholder=\"Traduzione\">Black Diamond dal 1957 rappresenta un punto di riferimento mondiale per l\u2019attrezzatura da arrampicata. Ci\u00f2 che all\u2019inizio era una attivit\u00e0 artigianale con incudine e martello oggi si \u00e8 trasformata in una societ\u00e0 globale con uffici in tre continenti. Il segreto di Black Diamond \u00e8 sempre lo stesso: essere una societ\u00e0 formata da appassionati climber. In Black Diamond si continua a sognare su ci\u00f2 che potrebbe essere e si continua ad essere critici su ci\u00f2 che esiste. E\u2019 cos\u00ec che il processo creativo per la realizzazione della migliore attrezzatura da arrampicata non avr\u00e0 mai fine.<\/p>\n","protected":false},"excerpt":{"rendered":"<p>I Black Diamond Mont Blanc sono dei guanti leggeri, elastici, resistenti alle intemperie, che offrono una super aderenza sul palmo. [&hellip;]<\/p>\n","protected":false},"featured_media":27221,"comment_status":"open","ping_status":"closed","template":"","meta":{"_acf_changed":false},"product_brand":[121],"product_cat":[1427],"product_tag":[],"class_list":{"0":"post-27220","1":"product","2":"type-product","3":"status-publish","4":"has-post-thumbnail","6":"product_brand-black-diamond","7":"product_cat-outdoor","9":"first","10":"instock","11":"sale","12":"taxable","13":"shipping-taxable","14":"purchasable","15":"product-type-variable"},"acf":[],"yoast_head":"<!-- This site is optimized with the Yoast SEO plugin v26.4 - https:\/\/yoast.com\/wordpress\/plugins\/seo\/ -->\n<title>Black Diamond Mont Blanc guanti leggeri per outdoor - Sestogrado<\/title>\n<meta name=\"description\" content=\"I Black Diamond Mont Blanc sono dei guanti leggeri, elastici, resistenti alle intemperie, che offrono una super aderenza sul palmo.Ispirati alla leggendaria gara Ultra-Trail du Mont Blanc, i guanti Black Diamond Mont Blanc sono progettati per offrire traspirabilit\u00e0 e protezione in condizioni di tempo leggero, con un range ottimale di temperatura tra i -4 ed i +4 gradi. Sono particolarmente efficienti durante le ultra-gare e tutte le attivit\u00e0 outdoor ad alto rendimento aerobico. Il leggero tessuto elasticizzato presenta una finitura resistente alle intemperie ed il palmo texturizzato offre una presa salda su bastoncini da trekking, bottiglie e altri elementi essenziali. Il Mont Blanc dispone anche di punte delle dita digitali che ti consentono di utilizzare il telefono o qualsiasi dispositivo touch.\" \/>\n<meta name=\"robots\" content=\"index, follow, max-snippet:-1, max-image-preview:large, max-video-preview:-1\" \/>\n<link rel=\"canonical\" href=\"https:\/\/www.sestogrado.it\/it\/prodotto\/black-diamond-mont-blanc-guanti-leggeri-per-outdoor\/\" \/>\n<meta property=\"og:locale\" content=\"it_IT\" \/>\n<meta property=\"og:type\" content=\"article\" \/>\n<meta property=\"og:title\" content=\"Black Diamond Mont Blanc guanti leggeri per outdoor - Sestogrado\" \/>\n<meta property=\"og:description\" content=\"I Black Diamond Mont Blanc sono dei guanti leggeri, elastici, resistenti alle intemperie, che offrono una super aderenza sul palmo.Ispirati alla leggendaria gara Ultra-Trail du Mont Blanc, i guanti Black Diamond Mont Blanc sono progettati per offrire traspirabilit\u00e0 e protezione in condizioni di tempo leggero, con un range ottimale di temperatura tra i -4 ed i +4 gradi. Sono particolarmente efficienti durante le ultra-gare e tutte le attivit\u00e0 outdoor ad alto rendimento aerobico. Il leggero tessuto elasticizzato presenta una finitura resistente alle intemperie ed il palmo texturizzato offre una presa salda su bastoncini da trekking, bottiglie e altri elementi essenziali. Il Mont Blanc dispone anche di punte delle dita digitali che ti consentono di utilizzare il telefono o qualsiasi dispositivo touch.\" \/>\n<meta property=\"og:url\" content=\"https:\/\/www.sestogrado.it\/it\/prodotto\/black-diamond-mont-blanc-guanti-leggeri-per-outdoor\/\" \/>\n<meta property=\"og:site_name\" content=\"Sestogrado\" \/>\n<meta property=\"article:publisher\" content=\"https:\/\/www.facebook.com\/pages\/Sestogrado\/1542635979353017?ref=bookmarks\" \/>\n<meta property=\"article:modified_time\" content=\"2026-04-26T09:11:52+00:00\" \/>\n<meta property=\"og:image\" content=\"https:\/\/www.sestogrado.it\/wp-content\/uploads\/2020\/01\/01-4.jpg\" \/>\n\t<meta property=\"og:image:width\" content=\"1200\" \/>\n\t<meta property=\"og:image:height\" content=\"1200\" \/>\n\t<meta property=\"og:image:type\" content=\"image\/jpeg\" \/>\n<meta name=\"twitter:label1\" content=\"Disponibilit\u00e0\" \/>\n\t<meta name=\"twitter:data1\" content=\"In stock\" \/>\n<script type=\"application\/ld+json\" class=\"yoast-schema-graph\">{\"@context\":\"https:\/\/schema.org\",\"@graph\":[{\"@type\":\"WebPage\",\"@id\":\"https:\/\/www.sestogrado.it\/it\/prodotto\/black-diamond-mont-blanc-guanti-leggeri-per-outdoor\/\",\"url\":\"https:\/\/www.sestogrado.it\/it\/prodotto\/black-diamond-mont-blanc-guanti-leggeri-per-outdoor\/\",\"name\":\"Black Diamond Mont Blanc guanti leggeri per outdoor - Sestogrado\",\"isPartOf\":{\"@id\":\"https:\/\/www.sestogrado.it\/it\/#website\"},\"primaryImageOfPage\":{\"@id\":\"https:\/\/www.sestogrado.it\/it\/prodotto\/black-diamond-mont-blanc-guanti-leggeri-per-outdoor\/#primaryimage\"},\"image\":{\"@id\":\"https:\/\/www.sestogrado.it\/prodotto\/black-diamond-mont-blanc-guanti-leggeri-per-outdoor\/#primaryimage\"},\"thumbnailUrl\":\"https:\/\/www.sestogrado.it\/wp-content\/uploads\/2020\/01\/01-4.jpg\",\"datePublished\":\"2020-02-03T14:55:05+00:00\",\"dateModified\":\"2026-04-26T09:11:52+00:00\",\"description\":\"I Black Diamond Mont Blanc sono dei guanti leggeri, elastici, resistenti alle intemperie, che offrono una super aderenza sul palmo.Ispirati alla leggendaria gara Ultra-Trail du Mont Blanc, i guanti Black Diamond Mont Blanc sono progettati per offrire traspirabilit\u00e0 e protezione in condizioni di tempo leggero, con un range ottimale di temperatura tra i -4 ed i +4 gradi. Sono particolarmente efficienti durante le ultra-gare e tutte le attivit\u00e0 outdoor ad alto rendimento aerobico. Il leggero tessuto elasticizzato presenta una finitura resistente alle intemperie ed il palmo texturizzato offre una presa salda su bastoncini da trekking, bottiglie e altri elementi essenziali. Il Mont Blanc dispone anche di punte delle dita digitali che ti consentono di utilizzare il telefono o qualsiasi dispositivo touch.\",\"breadcrumb\":{\"@id\":\"https:\/\/www.sestogrado.it\/it\/prodotto\/black-diamond-mont-blanc-guanti-leggeri-per-outdoor\/#breadcrumb\"},\"inLanguage\":\"it-IT\",\"potentialAction\":[{\"@type\":\"ReadAction\",\"target\":[[\"https:\/\/www.sestogrado.it\/it\/prodotto\/black-diamond-mont-blanc-guanti-leggeri-per-outdoor\/\"]]}]},{\"@type\":\"ImageObject\",\"inLanguage\":\"it-IT\",\"@id\":\"https:\/\/www.sestogrado.it\/it\/prodotto\/black-diamond-mont-blanc-guanti-leggeri-per-outdoor\/#primaryimage\",\"url\":\"https:\/\/www.sestogrado.it\/wp-content\/uploads\/2020\/01\/01-4.jpg\",\"contentUrl\":\"https:\/\/www.sestogrado.it\/wp-content\/uploads\/2020\/01\/01-4.jpg\",\"width\":1200,\"height\":1200,\"caption\":\"black diamond mont blanc\"},{\"@type\":\"BreadcrumbList\",\"@id\":\"https:\/\/www.sestogrado.it\/it\/prodotto\/black-diamond-mont-blanc-guanti-leggeri-per-outdoor\/#breadcrumb\",\"itemListElement\":[{\"@type\":\"ListItem\",\"position\":1,\"name\":\"Home\",\"item\":\"https:\/\/www.sestogrado.it\/it\/\"},{\"@type\":\"ListItem\",\"position\":2,\"name\":\"Shop\",\"item\":\"https:\/\/www.sestogrado.it\/it\/shop\/\"},{\"@type\":\"ListItem\",\"position\":3,\"name\":\"Black Diamond Mont Blanc guanti leggeri per outdoor\"}]},{\"@type\":\"WebSite\",\"@id\":\"https:\/\/www.sestogrado.it\/it\/#website\",\"url\":\"https:\/\/www.sestogrado.it\/it\/\",\"name\":\"Sestogrado\",\"description\":\"yes we climb\",\"publisher\":{\"@id\":\"https:\/\/www.sestogrado.it\/it\/#organization\"},\"potentialAction\":[{\"@type\":\"SearchAction\",\"target\":{\"@type\":\"EntryPoint\",\"urlTemplate\":\"https:\/\/www.sestogrado.it\/it\/?s={search_term_string}\"},\"query-input\":{\"@type\":\"PropertyValueSpecification\",\"valueRequired\":true,\"valueName\":\"search_term_string\"}}],\"inLanguage\":\"it-IT\"},{\"@type\":\"Organization\",\"@id\":\"https:\/\/www.sestogrado.it\/it\/#organization\",\"name\":\"Sestogrado\",\"url\":\"https:\/\/www.sestogrado.it\/it\/\",\"logo\":{\"@type\":\"ImageObject\",\"inLanguage\":\"it-IT\",\"@id\":\"https:\/\/www.sestogrado.it\/it\/#\/schema\/logo\/image\/\",\"url\":\"https:\/\/www.sestogrado.it\/wp-content\/uploads\/2015\/03\/sestogrado-favicon.png\",\"contentUrl\":\"https:\/\/www.sestogrado.it\/wp-content\/uploads\/2015\/03\/sestogrado-favicon.png\",\"width\":260,\"height\":260,\"caption\":\"Sestogrado\"},\"image\":{\"@id\":\"https:\/\/www.sestogrado.it\/it\/#\/schema\/logo\/image\/\"},\"sameAs\":[\"https:\/\/www.facebook.com\/pages\/Sestogrado\/1542635979353017?ref=bookmarks\",\"https:\/\/www.youtube.com\/channel\/UC847kAfTkaJsWpc1jtQwr3Q\"],\"hasMerchantReturnPolicy\":{\"@type\":\"MerchantReturnPolicy\",\"merchantReturnLink\":\"https:\/\/www.sestogrado.it\/it\/termini-e-condizioni\/\"}}]}<\/script>\n<meta property=\"product:brand\" content=\"Black Diamond\" \/>\n<meta property=\"og:availability\" content=\"instock\" \/>\n<meta property=\"product:availability\" content=\"instock\" \/>\n<meta property=\"product:condition\" content=\"new\" \/>\n<!-- \/ Yoast SEO plugin. -->","yoast_head_json":{"title":"Black Diamond Mont Blanc guanti leggeri per outdoor - Sestogrado","description":"I Black Diamond Mont Blanc sono dei guanti leggeri, elastici, resistenti alle intemperie, che offrono una super aderenza sul palmo.Ispirati alla leggendaria gara Ultra-Trail du Mont Blanc, i guanti Black Diamond Mont Blanc sono progettati per offrire traspirabilit\u00e0 e protezione in condizioni di tempo leggero, con un range ottimale di temperatura tra i -4 ed i +4 gradi. Sono particolarmente efficienti durante le ultra-gare e tutte le attivit\u00e0 outdoor ad alto rendimento aerobico. Il leggero tessuto elasticizzato presenta una finitura resistente alle intemperie ed il palmo texturizzato offre una presa salda su bastoncini da trekking, bottiglie e altri elementi essenziali. Il Mont Blanc dispone anche di punte delle dita digitali che ti consentono di utilizzare il telefono o qualsiasi dispositivo touch.","robots":{"index":"index","follow":"follow","max-snippet":"max-snippet:-1","max-image-preview":"max-image-preview:large","max-video-preview":"max-video-preview:-1"},"canonical":"https:\/\/www.sestogrado.it\/it\/prodotto\/black-diamond-mont-blanc-guanti-leggeri-per-outdoor\/","og_locale":"it_IT","og_type":"article","og_title":"Black Diamond Mont Blanc guanti leggeri per outdoor - Sestogrado","og_description":"I Black Diamond Mont Blanc sono dei guanti leggeri, elastici, resistenti alle intemperie, che offrono una super aderenza sul palmo.Ispirati alla leggendaria gara Ultra-Trail du Mont Blanc, i guanti Black Diamond Mont Blanc sono progettati per offrire traspirabilit\u00e0 e protezione in condizioni di tempo leggero, con un range ottimale di temperatura tra i -4 ed i +4 gradi. Sono particolarmente efficienti durante le ultra-gare e tutte le attivit\u00e0 outdoor ad alto rendimento aerobico. Il leggero tessuto elasticizzato presenta una finitura resistente alle intemperie ed il palmo texturizzato offre una presa salda su bastoncini da trekking, bottiglie e altri elementi essenziali. Il Mont Blanc dispone anche di punte delle dita digitali che ti consentono di utilizzare il telefono o qualsiasi dispositivo touch.","og_url":"https:\/\/www.sestogrado.it\/it\/prodotto\/black-diamond-mont-blanc-guanti-leggeri-per-outdoor\/","og_site_name":"Sestogrado","article_publisher":"https:\/\/www.facebook.com\/pages\/Sestogrado\/1542635979353017?ref=bookmarks","article_modified_time":"2026-04-26T09:11:52+00:00","og_image":[{"width":1200,"height":1200,"url":"https:\/\/www.sestogrado.it\/wp-content\/uploads\/2020\/01\/01-4.jpg","type":"image\/jpeg"}],"twitter_misc":{"Disponibilit\u00e0":"In stock"},"schema":{"@context":"https:\/\/schema.org","@graph":[{"@type":"WebPage","@id":"https:\/\/www.sestogrado.it\/it\/prodotto\/black-diamond-mont-blanc-guanti-leggeri-per-outdoor\/","url":"https:\/\/www.sestogrado.it\/it\/prodotto\/black-diamond-mont-blanc-guanti-leggeri-per-outdoor\/","name":"Black Diamond Mont Blanc guanti leggeri per outdoor - Sestogrado","isPartOf":{"@id":"https:\/\/www.sestogrado.it\/it\/#website"},"primaryImageOfPage":{"@id":"https:\/\/www.sestogrado.it\/it\/prodotto\/black-diamond-mont-blanc-guanti-leggeri-per-outdoor\/#primaryimage"},"image":{"@id":"https:\/\/www.sestogrado.it\/prodotto\/black-diamond-mont-blanc-guanti-leggeri-per-outdoor\/#primaryimage"},"thumbnailUrl":"https:\/\/www.sestogrado.it\/wp-content\/uploads\/2020\/01\/01-4.jpg","datePublished":"2020-02-03T14:55:05+00:00","dateModified":"2026-04-26T09:11:52+00:00","description":"I Black Diamond Mont Blanc sono dei guanti leggeri, elastici, resistenti alle intemperie, che offrono una super aderenza sul palmo.Ispirati alla leggendaria gara Ultra-Trail du Mont Blanc, i guanti Black Diamond Mont Blanc sono progettati per offrire traspirabilit\u00e0 e protezione in condizioni di tempo leggero, con un range ottimale di temperatura tra i -4 ed i +4 gradi. Sono particolarmente efficienti durante le ultra-gare e tutte le attivit\u00e0 outdoor ad alto rendimento aerobico. Il leggero tessuto elasticizzato presenta una finitura resistente alle intemperie ed il palmo texturizzato offre una presa salda su bastoncini da trekking, bottiglie e altri elementi essenziali. Il Mont Blanc dispone anche di punte delle dita digitali che ti consentono di utilizzare il telefono o qualsiasi dispositivo touch.","breadcrumb":{"@id":"https:\/\/www.sestogrado.it\/it\/prodotto\/black-diamond-mont-blanc-guanti-leggeri-per-outdoor\/#breadcrumb"},"inLanguage":"it-IT","potentialAction":[{"@type":"ReadAction","target":[["https:\/\/www.sestogrado.it\/it\/prodotto\/black-diamond-mont-blanc-guanti-leggeri-per-outdoor\/"]]}]},{"@type":"ImageObject","inLanguage":"it-IT","@id":"https:\/\/www.sestogrado.it\/it\/prodotto\/black-diamond-mont-blanc-guanti-leggeri-per-outdoor\/#primaryimage","url":"https:\/\/www.sestogrado.it\/wp-content\/uploads\/2020\/01\/01-4.jpg","contentUrl":"https:\/\/www.sestogrado.it\/wp-content\/uploads\/2020\/01\/01-4.jpg","width":1200,"height":1200,"caption":"black diamond mont blanc"},{"@type":"BreadcrumbList","@id":"https:\/\/www.sestogrado.it\/it\/prodotto\/black-diamond-mont-blanc-guanti-leggeri-per-outdoor\/#breadcrumb","itemListElement":[{"@type":"ListItem","position":1,"name":"Home","item":"https:\/\/www.sestogrado.it\/it\/"},{"@type":"ListItem","position":2,"name":"Shop","item":"https:\/\/www.sestogrado.it\/it\/shop\/"},{"@type":"ListItem","position":3,"name":"Black Diamond Mont Blanc guanti leggeri per outdoor"}]},{"@type":"WebSite","@id":"https:\/\/www.sestogrado.it\/it\/#website","url":"https:\/\/www.sestogrado.it\/it\/","name":"Sestogrado","description":"yes we climb","publisher":{"@id":"https:\/\/www.sestogrado.it\/it\/#organization"},"potentialAction":[{"@type":"SearchAction","target":{"@type":"EntryPoint","urlTemplate":"https:\/\/www.sestogrado.it\/it\/?s={search_term_string}"},"query-input":{"@type":"PropertyValueSpecification","valueRequired":true,"valueName":"search_term_string"}}],"inLanguage":"it-IT"},{"@type":"Organization","@id":"https:\/\/www.sestogrado.it\/it\/#organization","name":"Sestogrado","url":"https:\/\/www.sestogrado.it\/it\/","logo":{"@type":"ImageObject","inLanguage":"it-IT","@id":"https:\/\/www.sestogrado.it\/it\/#\/schema\/logo\/image\/","url":"https:\/\/www.sestogrado.it\/wp-content\/uploads\/2015\/03\/sestogrado-favicon.png","contentUrl":"https:\/\/www.sestogrado.it\/wp-content\/uploads\/2015\/03\/sestogrado-favicon.png","width":260,"height":260,"caption":"Sestogrado"},"image":{"@id":"https:\/\/www.sestogrado.it\/it\/#\/schema\/logo\/image\/"},"sameAs":["https:\/\/www.facebook.com\/pages\/Sestogrado\/1542635979353017?ref=bookmarks","https:\/\/www.youtube.com\/channel\/UC847kAfTkaJsWpc1jtQwr3Q"],"hasMerchantReturnPolicy":{"@type":"MerchantReturnPolicy","merchantReturnLink":"https:\/\/www.sestogrado.it\/it\/termini-e-condizioni\/"}}]},"product_brand":"Black Diamond","og_availability":"instock","product_availability":"instock","product_condition":"new"},"_links":{"self":[{"href":"https:\/\/www.sestogrado.it\/it\/wp-json\/wp\/v2\/product\/27220","targetHints":{"allow":["GET"]}}],"collection":[{"href":"https:\/\/www.sestogrado.it\/it\/wp-json\/wp\/v2\/product"}],"about":[{"href":"https:\/\/www.sestogrado.it\/it\/wp-json\/wp\/v2\/types\/product"}],"replies":[{"embeddable":true,"href":"https:\/\/www.sestogrado.it\/it\/wp-json\/wp\/v2\/comments?post=27220"}],"wp:featuredmedia":[{"embeddable":true,"href":"https:\/\/www.sestogrado.it\/it\/wp-json\/wp\/v2\/media\/27221"}],"wp:attachment":[{"href":"https:\/\/www.sestogrado.it\/it\/wp-json\/wp\/v2\/media?parent=27220"}],"wp:term":[{"taxonomy":"product_brand","embeddable":true,"href":"https:\/\/www.sestogrado.it\/it\/wp-json\/wp\/v2\/product_brand?post=27220"},{"taxonomy":"product_cat","embeddable":true,"href":"https:\/\/www.sestogrado.it\/it\/wp-json\/wp\/v2\/product_cat?post=27220"},{"taxonomy":"product_tag","embeddable":true,"href":"https:\/\/www.sestogrado.it\/it\/wp-json\/wp\/v2\/product_tag?post=27220"}],"curies":[{"name":"wp","href":"https:\/\/api.w.org\/{rel}","templated":true}]}}