{"id":26531,"date":"2020-01-15T14:41:14","date_gmt":"2020-01-15T13:41:14","guid":{"rendered":"https:\/\/www.sestogrado.it\/?post_type=product&#038;p=26531"},"modified":"2026-02-27T14:25:38","modified_gmt":"2026-02-27T13:25:38","slug":"ferrino-cervino-ghette-neve-ghiaccio-alpinismo","status":"publish","type":"product","link":"https:\/\/www.sestogrado.it\/it\/prodotto\/ferrino-cervino-ghette-neve-ghiaccio-alpinismo\/","title":{"rendered":"Ferrino Cervino Ghette neve ghiaccio alpinismo"},"content":{"rendered":"<p>Le Ferrino Cervino sono delle ghette, fornite in coppia, dedicate ad alpinismo, escursionismo invernale e ciaspole. Sono delle ghette tecniche completamente impermeabili, realizzate in tessuto \u201cSupertex\u201d con regolazione e chiusura rapida.<br \/>\nLe caratteristiche principali sono:<\/p>\n<ul>\n<li>Design\u00a0slim per non essere d&#8217;intralcio nella progressione<\/li>\n<li>Tessuto \u201cSupertex\u201d: resistente a strappi e abrasione, impermeabile alla pioggia e alla neve<\/li>\n<li>Cinturino sottopiede in Reinforced laminated Fabric, resistente a strappi e abrasioni<\/li>\n<li>Apertura laterale\u00a0con velcro e bottoni automatici<\/li>\n<li>Regolazione superiore con elastico\u00a0e sistema di chiusura rapida &#8220;One touch&#8221;<\/li>\n<\/ul>\n<p><strong>Tessuto Supertex<\/strong>: fibra di poliestere e PVC estremamente robusto, prodotto tramite un processo di rivestimento in cui il PVC liquido penetra intensamente attraverso la fibra di poliestere fin nelle zone pi\u00f9 piccole creando cos\u00ec un forte legame adesivo per tutta la superficie del tessuto. Le conseguenze sono elevata robustezza e indeformabilit\u00e0.<\/p>\n<p>&nbsp;<\/p>\n<p>Le Ferrino Cervino sono ghette a taglia unica, fornite in coppia, dalla pratica regolazione. Totalmente impermeabili per neve, ghiaccio, alpinismo.<\/p>\n<p>&nbsp;<\/p>\n<p>1870 Tutto inizia in un negozio di vernici, a Torino. Cesare Ferrino ha un\u2019intuizione rivoluzionaria: impermeabilizzare i tessuti. Il successo \u00e8 immediato, in tutta italia. Dal tessuto alla manifattura le prime tende in dotazione a esploratori e alpinisti, poi gli anni dell\u2019alpinismo leggendario, nel 1994 l&#8217;installazione sul Monte Rosa a 3585 del HighLab, un laboratorio permanente in alta quota nel\u00a0rifugio Quintino Sella, per le prove di nuovi materiali e prototipi. Ferrino \u00e8 un punto di riferimento per le grandi avventure outdoor, nel 1870 come oggi.<\/p>","protected":false},"excerpt":{"rendered":"<p>Le Ferrino Cervino sono delle ghette, fornite in coppia, dedicate ad alpinismo, escursionismo invernale e ciaspole. Sono delle ghette tecniche [&hellip;]<\/p>\n","protected":false},"featured_media":27945,"comment_status":"open","ping_status":"closed","template":"","meta":{"_acf_changed":false},"product_brand":[614],"product_cat":[711],"product_tag":[],"class_list":{"0":"post-26531","1":"product","2":"type-product","3":"status-publish","4":"has-post-thumbnail","6":"product_brand-ferrino","7":"product_cat-ciaspole-e-ghette","9":"first","10":"instock","11":"sale","12":"taxable","13":"shipping-taxable","14":"purchasable","15":"product-type-variable"},"acf":[],"yoast_head":"<!-- This site is optimized with the Yoast SEO plugin v26.4 - https:\/\/yoast.com\/wordpress\/plugins\/seo\/ -->\n<title>Ferrino Cervino Ghette neve ghiaccio alpinismo - Sestogrado<\/title>\n<meta name=\"description\" content=\"Le Ferrino Cervino sono delle ghette, fornite in coppia, dedicate ad alpinismo, escursionismo invernale e ciaspole. Sono delle ghette tecniche completamente impermeabili, realizzate in tessuto \u201cSupertex\u201d con regolazione e chiusura rapida. Tessuto Supertex: fibra di poliestere e PVC estremamente robusto, prodotto tramite un processo di rivestimento in cui il PVC liquido penetra intensamente attraverso la fibra di poliestere fin nelle zone pi\u00f9 piccole creando cos\u00ec un forte legame adesivo per tutta la superficie del tessuto. Le conseguenze sono elevata robustezza e indeformabilit\u00e0.Le Ferrino Cervino sono ghette a taglia unica, fornite in coppia, dalla pratica regolazione. Totalmente impermeabili per neve, ghiaccio, alpinismo.\" \/>\n<meta name=\"robots\" content=\"index, follow, max-snippet:-1, max-image-preview:large, max-video-preview:-1\" \/>\n<link rel=\"canonical\" href=\"https:\/\/www.sestogrado.it\/it\/prodotto\/ferrino-cervino-ghette-neve-ghiaccio-alpinismo\/\" \/>\n<meta property=\"og:locale\" content=\"it_IT\" \/>\n<meta property=\"og:type\" content=\"article\" \/>\n<meta property=\"og:title\" content=\"Ferrino Cervino Ghette neve ghiaccio alpinismo - Sestogrado\" \/>\n<meta property=\"og:description\" content=\"Le Ferrino Cervino sono delle ghette, fornite in coppia, dedicate ad alpinismo, escursionismo invernale e ciaspole. Sono delle ghette tecniche completamente impermeabili, realizzate in tessuto \u201cSupertex\u201d con regolazione e chiusura rapida. Tessuto Supertex: fibra di poliestere e PVC estremamente robusto, prodotto tramite un processo di rivestimento in cui il PVC liquido penetra intensamente attraverso la fibra di poliestere fin nelle zone pi\u00f9 piccole creando cos\u00ec un forte legame adesivo per tutta la superficie del tessuto. Le conseguenze sono elevata robustezza e indeformabilit\u00e0.Le Ferrino Cervino sono ghette a taglia unica, fornite in coppia, dalla pratica regolazione. Totalmente impermeabili per neve, ghiaccio, alpinismo.\" \/>\n<meta property=\"og:url\" content=\"https:\/\/www.sestogrado.it\/it\/prodotto\/ferrino-cervino-ghette-neve-ghiaccio-alpinismo\/\" \/>\n<meta property=\"og:site_name\" content=\"Sestogrado\" \/>\n<meta property=\"article:publisher\" content=\"https:\/\/www.facebook.com\/pages\/Sestogrado\/1542635979353017?ref=bookmarks\" \/>\n<meta property=\"article:modified_time\" content=\"2026-02-27T13:25:38+00:00\" \/>\n<meta property=\"og:image\" content=\"https:\/\/www.sestogrado.it\/wp-content\/uploads\/2020\/01\/01-7.jpg\" \/>\n\t<meta property=\"og:image:width\" content=\"1333\" \/>\n\t<meta property=\"og:image:height\" content=\"1333\" \/>\n\t<meta property=\"og:image:type\" content=\"image\/jpeg\" \/>\n<meta name=\"twitter:label1\" content=\"Disponibilit\u00e0\" \/>\n\t<meta name=\"twitter:data1\" content=\"In stock\" \/>\n<script type=\"application\/ld+json\" class=\"yoast-schema-graph\">{\"@context\":\"https:\/\/schema.org\",\"@graph\":[{\"@type\":\"WebPage\",\"@id\":\"https:\/\/www.sestogrado.it\/it\/prodotto\/ferrino-cervino-ghette-neve-ghiaccio-alpinismo\/\",\"url\":\"https:\/\/www.sestogrado.it\/it\/prodotto\/ferrino-cervino-ghette-neve-ghiaccio-alpinismo\/\",\"name\":\"Ferrino Cervino Ghette neve ghiaccio alpinismo - Sestogrado\",\"isPartOf\":{\"@id\":\"https:\/\/www.sestogrado.it\/it\/#website\"},\"primaryImageOfPage\":{\"@id\":\"https:\/\/www.sestogrado.it\/it\/prodotto\/ferrino-cervino-ghette-neve-ghiaccio-alpinismo\/#primaryimage\"},\"image\":{\"@id\":\"https:\/\/www.sestogrado.it\/prodotto\/ferrino-cervino-ghette-neve-ghiaccio-alpinismo\/#primaryimage\"},\"thumbnailUrl\":\"https:\/\/www.sestogrado.it\/wp-content\/uploads\/2020\/01\/01-7.jpg\",\"datePublished\":\"2020-01-15T13:41:14+00:00\",\"dateModified\":\"2026-02-27T13:25:38+00:00\",\"description\":\"Le Ferrino Cervino sono delle ghette, fornite in coppia, dedicate ad alpinismo, escursionismo invernale e ciaspole. Sono delle ghette tecniche completamente impermeabili, realizzate in tessuto \u201cSupertex\u201d con regolazione e chiusura rapida. Tessuto Supertex: fibra di poliestere e PVC estremamente robusto, prodotto tramite un processo di rivestimento in cui il PVC liquido penetra intensamente attraverso la fibra di poliestere fin nelle zone pi\u00f9 piccole creando cos\u00ec un forte legame adesivo per tutta la superficie del tessuto. Le conseguenze sono elevata robustezza e indeformabilit\u00e0.Le Ferrino Cervino sono ghette a taglia unica, fornite in coppia, dalla pratica regolazione. Totalmente impermeabili per neve, ghiaccio, alpinismo.\",\"breadcrumb\":{\"@id\":\"https:\/\/www.sestogrado.it\/it\/prodotto\/ferrino-cervino-ghette-neve-ghiaccio-alpinismo\/#breadcrumb\"},\"inLanguage\":\"it-IT\",\"potentialAction\":[{\"@type\":\"ReadAction\",\"target\":[[\"https:\/\/www.sestogrado.it\/it\/prodotto\/ferrino-cervino-ghette-neve-ghiaccio-alpinismo\/\"]]}]},{\"@type\":\"ImageObject\",\"inLanguage\":\"it-IT\",\"@id\":\"https:\/\/www.sestogrado.it\/it\/prodotto\/ferrino-cervino-ghette-neve-ghiaccio-alpinismo\/#primaryimage\",\"url\":\"https:\/\/www.sestogrado.it\/wp-content\/uploads\/2020\/01\/01-7.jpg\",\"contentUrl\":\"https:\/\/www.sestogrado.it\/wp-content\/uploads\/2020\/01\/01-7.jpg\",\"width\":1333,\"height\":1333,\"caption\":\"cervino nero\"},{\"@type\":\"BreadcrumbList\",\"@id\":\"https:\/\/www.sestogrado.it\/it\/prodotto\/ferrino-cervino-ghette-neve-ghiaccio-alpinismo\/#breadcrumb\",\"itemListElement\":[{\"@type\":\"ListItem\",\"position\":1,\"name\":\"Home\",\"item\":\"https:\/\/www.sestogrado.it\/it\/\"},{\"@type\":\"ListItem\",\"position\":2,\"name\":\"Shop\",\"item\":\"https:\/\/www.sestogrado.it\/it\/shop\/\"},{\"@type\":\"ListItem\",\"position\":3,\"name\":\"Ferrino Cervino Ghette neve ghiaccio alpinismo\"}]},{\"@type\":\"WebSite\",\"@id\":\"https:\/\/www.sestogrado.it\/it\/#website\",\"url\":\"https:\/\/www.sestogrado.it\/it\/\",\"name\":\"Sestogrado\",\"description\":\"yes we climb\",\"publisher\":{\"@id\":\"https:\/\/www.sestogrado.it\/it\/#organization\"},\"potentialAction\":[{\"@type\":\"SearchAction\",\"target\":{\"@type\":\"EntryPoint\",\"urlTemplate\":\"https:\/\/www.sestogrado.it\/it\/?s={search_term_string}\"},\"query-input\":{\"@type\":\"PropertyValueSpecification\",\"valueRequired\":true,\"valueName\":\"search_term_string\"}}],\"inLanguage\":\"it-IT\"},{\"@type\":\"Organization\",\"@id\":\"https:\/\/www.sestogrado.it\/it\/#organization\",\"name\":\"Sestogrado\",\"url\":\"https:\/\/www.sestogrado.it\/it\/\",\"logo\":{\"@type\":\"ImageObject\",\"inLanguage\":\"it-IT\",\"@id\":\"https:\/\/www.sestogrado.it\/it\/#\/schema\/logo\/image\/\",\"url\":\"https:\/\/www.sestogrado.it\/wp-content\/uploads\/2015\/03\/sestogrado-favicon.png\",\"contentUrl\":\"https:\/\/www.sestogrado.it\/wp-content\/uploads\/2015\/03\/sestogrado-favicon.png\",\"width\":260,\"height\":260,\"caption\":\"Sestogrado\"},\"image\":{\"@id\":\"https:\/\/www.sestogrado.it\/it\/#\/schema\/logo\/image\/\"},\"sameAs\":[\"https:\/\/www.facebook.com\/pages\/Sestogrado\/1542635979353017?ref=bookmarks\",\"https:\/\/www.youtube.com\/channel\/UC847kAfTkaJsWpc1jtQwr3Q\"],\"hasMerchantReturnPolicy\":{\"@type\":\"MerchantReturnPolicy\",\"merchantReturnLink\":\"https:\/\/www.sestogrado.it\/it\/termini-e-condizioni\/\"}}]}<\/script>\n<meta property=\"product:brand\" content=\"Ferrino\" \/>\n<meta property=\"og:availability\" content=\"instock\" \/>\n<meta property=\"product:availability\" content=\"instock\" \/>\n<meta property=\"product:condition\" content=\"new\" \/>\n<!-- \/ Yoast SEO plugin. -->","yoast_head_json":{"title":"Ferrino Cervino Ghette neve ghiaccio alpinismo - Sestogrado","description":"Le Ferrino Cervino sono delle ghette, fornite in coppia, dedicate ad alpinismo, escursionismo invernale e ciaspole. Sono delle ghette tecniche completamente impermeabili, realizzate in tessuto \u201cSupertex\u201d con regolazione e chiusura rapida. Tessuto Supertex: fibra di poliestere e PVC estremamente robusto, prodotto tramite un processo di rivestimento in cui il PVC liquido penetra intensamente attraverso la fibra di poliestere fin nelle zone pi\u00f9 piccole creando cos\u00ec un forte legame adesivo per tutta la superficie del tessuto. Le conseguenze sono elevata robustezza e indeformabilit\u00e0.Le Ferrino Cervino sono ghette a taglia unica, fornite in coppia, dalla pratica regolazione. Totalmente impermeabili per neve, ghiaccio, alpinismo.","robots":{"index":"index","follow":"follow","max-snippet":"max-snippet:-1","max-image-preview":"max-image-preview:large","max-video-preview":"max-video-preview:-1"},"canonical":"https:\/\/www.sestogrado.it\/it\/prodotto\/ferrino-cervino-ghette-neve-ghiaccio-alpinismo\/","og_locale":"it_IT","og_type":"article","og_title":"Ferrino Cervino Ghette neve ghiaccio alpinismo - Sestogrado","og_description":"Le Ferrino Cervino sono delle ghette, fornite in coppia, dedicate ad alpinismo, escursionismo invernale e ciaspole. Sono delle ghette tecniche completamente impermeabili, realizzate in tessuto \u201cSupertex\u201d con regolazione e chiusura rapida. Tessuto Supertex: fibra di poliestere e PVC estremamente robusto, prodotto tramite un processo di rivestimento in cui il PVC liquido penetra intensamente attraverso la fibra di poliestere fin nelle zone pi\u00f9 piccole creando cos\u00ec un forte legame adesivo per tutta la superficie del tessuto. Le conseguenze sono elevata robustezza e indeformabilit\u00e0.Le Ferrino Cervino sono ghette a taglia unica, fornite in coppia, dalla pratica regolazione. Totalmente impermeabili per neve, ghiaccio, alpinismo.","og_url":"https:\/\/www.sestogrado.it\/it\/prodotto\/ferrino-cervino-ghette-neve-ghiaccio-alpinismo\/","og_site_name":"Sestogrado","article_publisher":"https:\/\/www.facebook.com\/pages\/Sestogrado\/1542635979353017?ref=bookmarks","article_modified_time":"2026-02-27T13:25:38+00:00","og_image":[{"width":1333,"height":1333,"url":"https:\/\/www.sestogrado.it\/wp-content\/uploads\/2020\/01\/01-7.jpg","type":"image\/jpeg"}],"twitter_misc":{"Disponibilit\u00e0":"In stock"},"schema":{"@context":"https:\/\/schema.org","@graph":[{"@type":"WebPage","@id":"https:\/\/www.sestogrado.it\/it\/prodotto\/ferrino-cervino-ghette-neve-ghiaccio-alpinismo\/","url":"https:\/\/www.sestogrado.it\/it\/prodotto\/ferrino-cervino-ghette-neve-ghiaccio-alpinismo\/","name":"Ferrino Cervino Ghette neve ghiaccio alpinismo - Sestogrado","isPartOf":{"@id":"https:\/\/www.sestogrado.it\/it\/#website"},"primaryImageOfPage":{"@id":"https:\/\/www.sestogrado.it\/it\/prodotto\/ferrino-cervino-ghette-neve-ghiaccio-alpinismo\/#primaryimage"},"image":{"@id":"https:\/\/www.sestogrado.it\/prodotto\/ferrino-cervino-ghette-neve-ghiaccio-alpinismo\/#primaryimage"},"thumbnailUrl":"https:\/\/www.sestogrado.it\/wp-content\/uploads\/2020\/01\/01-7.jpg","datePublished":"2020-01-15T13:41:14+00:00","dateModified":"2026-02-27T13:25:38+00:00","description":"Le Ferrino Cervino sono delle ghette, fornite in coppia, dedicate ad alpinismo, escursionismo invernale e ciaspole. Sono delle ghette tecniche completamente impermeabili, realizzate in tessuto \u201cSupertex\u201d con regolazione e chiusura rapida. Tessuto Supertex: fibra di poliestere e PVC estremamente robusto, prodotto tramite un processo di rivestimento in cui il PVC liquido penetra intensamente attraverso la fibra di poliestere fin nelle zone pi\u00f9 piccole creando cos\u00ec un forte legame adesivo per tutta la superficie del tessuto. Le conseguenze sono elevata robustezza e indeformabilit\u00e0.Le Ferrino Cervino sono ghette a taglia unica, fornite in coppia, dalla pratica regolazione. Totalmente impermeabili per neve, ghiaccio, alpinismo.","breadcrumb":{"@id":"https:\/\/www.sestogrado.it\/it\/prodotto\/ferrino-cervino-ghette-neve-ghiaccio-alpinismo\/#breadcrumb"},"inLanguage":"it-IT","potentialAction":[{"@type":"ReadAction","target":[["https:\/\/www.sestogrado.it\/it\/prodotto\/ferrino-cervino-ghette-neve-ghiaccio-alpinismo\/"]]}]},{"@type":"ImageObject","inLanguage":"it-IT","@id":"https:\/\/www.sestogrado.it\/it\/prodotto\/ferrino-cervino-ghette-neve-ghiaccio-alpinismo\/#primaryimage","url":"https:\/\/www.sestogrado.it\/wp-content\/uploads\/2020\/01\/01-7.jpg","contentUrl":"https:\/\/www.sestogrado.it\/wp-content\/uploads\/2020\/01\/01-7.jpg","width":1333,"height":1333,"caption":"cervino nero"},{"@type":"BreadcrumbList","@id":"https:\/\/www.sestogrado.it\/it\/prodotto\/ferrino-cervino-ghette-neve-ghiaccio-alpinismo\/#breadcrumb","itemListElement":[{"@type":"ListItem","position":1,"name":"Home","item":"https:\/\/www.sestogrado.it\/it\/"},{"@type":"ListItem","position":2,"name":"Shop","item":"https:\/\/www.sestogrado.it\/it\/shop\/"},{"@type":"ListItem","position":3,"name":"Ferrino Cervino Ghette neve ghiaccio alpinismo"}]},{"@type":"WebSite","@id":"https:\/\/www.sestogrado.it\/it\/#website","url":"https:\/\/www.sestogrado.it\/it\/","name":"Sestogrado","description":"yes we climb","publisher":{"@id":"https:\/\/www.sestogrado.it\/it\/#organization"},"potentialAction":[{"@type":"SearchAction","target":{"@type":"EntryPoint","urlTemplate":"https:\/\/www.sestogrado.it\/it\/?s={search_term_string}"},"query-input":{"@type":"PropertyValueSpecification","valueRequired":true,"valueName":"search_term_string"}}],"inLanguage":"it-IT"},{"@type":"Organization","@id":"https:\/\/www.sestogrado.it\/it\/#organization","name":"Sestogrado","url":"https:\/\/www.sestogrado.it\/it\/","logo":{"@type":"ImageObject","inLanguage":"it-IT","@id":"https:\/\/www.sestogrado.it\/it\/#\/schema\/logo\/image\/","url":"https:\/\/www.sestogrado.it\/wp-content\/uploads\/2015\/03\/sestogrado-favicon.png","contentUrl":"https:\/\/www.sestogrado.it\/wp-content\/uploads\/2015\/03\/sestogrado-favicon.png","width":260,"height":260,"caption":"Sestogrado"},"image":{"@id":"https:\/\/www.sestogrado.it\/it\/#\/schema\/logo\/image\/"},"sameAs":["https:\/\/www.facebook.com\/pages\/Sestogrado\/1542635979353017?ref=bookmarks","https:\/\/www.youtube.com\/channel\/UC847kAfTkaJsWpc1jtQwr3Q"],"hasMerchantReturnPolicy":{"@type":"MerchantReturnPolicy","merchantReturnLink":"https:\/\/www.sestogrado.it\/it\/termini-e-condizioni\/"}}]},"product_brand":"Ferrino","og_availability":"instock","product_availability":"instock","product_condition":"new"},"_links":{"self":[{"href":"https:\/\/www.sestogrado.it\/it\/wp-json\/wp\/v2\/product\/26531","targetHints":{"allow":["GET"]}}],"collection":[{"href":"https:\/\/www.sestogrado.it\/it\/wp-json\/wp\/v2\/product"}],"about":[{"href":"https:\/\/www.sestogrado.it\/it\/wp-json\/wp\/v2\/types\/product"}],"replies":[{"embeddable":true,"href":"https:\/\/www.sestogrado.it\/it\/wp-json\/wp\/v2\/comments?post=26531"}],"wp:featuredmedia":[{"embeddable":true,"href":"https:\/\/www.sestogrado.it\/it\/wp-json\/wp\/v2\/media\/27945"}],"wp:attachment":[{"href":"https:\/\/www.sestogrado.it\/it\/wp-json\/wp\/v2\/media?parent=26531"}],"wp:term":[{"taxonomy":"product_brand","embeddable":true,"href":"https:\/\/www.sestogrado.it\/it\/wp-json\/wp\/v2\/product_brand?post=26531"},{"taxonomy":"product_cat","embeddable":true,"href":"https:\/\/www.sestogrado.it\/it\/wp-json\/wp\/v2\/product_cat?post=26531"},{"taxonomy":"product_tag","embeddable":true,"href":"https:\/\/www.sestogrado.it\/it\/wp-json\/wp\/v2\/product_tag?post=26531"}],"curies":[{"name":"wp","href":"https:\/\/api.w.org\/{rel}","templated":true}]}}