{"id":25536,"date":"2019-12-18T16:13:05","date_gmt":"2019-12-18T15:13:05","guid":{"rendered":"https:\/\/www.sestogrado.it\/?post_type=product&#038;p=25536"},"modified":"2026-01-19T13:57:10","modified_gmt":"2026-01-19T12:57:10","slug":"black-diamond-enforcer-guanti-da-alpinismo-ghiaccio","status":"publish","type":"product","link":"https:\/\/www.sestogrado.it\/it\/prodotto\/black-diamond-enforcer-guanti-da-alpinismo-ghiaccio\/","title":{"rendered":"Black Diamond Enforcer guanti da alpinismo ghiaccio"},"content":{"rendered":"<p>I Black Diamond Enforcer sono sviluppati per <strong>affrontare il ghiaccio nelle giornate invernali pi\u00f9 rigide<\/strong>. Offrono il massimo calore e la massima protezione, grazie a materiali e costruzione di altissima qualit\u00e0.<\/p>\n<p id=\"tw-target-text\" class=\"tw-data-text tw-text-large tw-ta\" dir=\"ltr\" data-placeholder=\"Traduzione\"><span class=\"Y2IQFc\" lang=\"it\">Combinando un inserto GORE-TEX impermeabile e traspirante con isolamento PrimaLoft Gold da 170 grammi sul dorso della mano e una fodera in pile fissa da 190 g, l&#8217;Enforcer offre una <strong>protezione completa dal calore e dagli agenti atmosferici<\/strong>. Il guscio elasticizzato in 4 direzioni sulle dita mantiene l&#8217;Enforcer abile ed elastico durante l&#8217;arrampicata e la toppa in TPU sulle nocche protegge dall&#8217;abrasione. Un cinturino da polso Hypalon a basso profilo con chiusura a strappo \u00e8 stato aggiunto per una maggiore sicurezza e il polsino lungo si stringe verso il basso per sigillare la deriva. <\/span><\/p>\n<p class=\"tw-data-text tw-text-large tw-ta\" dir=\"ltr\" data-placeholder=\"Traduzione\"><span class=\"Y2IQFc\" lang=\"it\">La vestibilit\u00e0 pre-curvata specifica per l&#8217;uso su ghiaccio, le dita articolate e la struttura avvolgente offrono<strong> comfort e sicurezza<\/strong> durante l&#8217;arrampicata tecnica ad alte quote.<\/span><\/p>\n<ul>\n<li id=\"tw-target-text\" class=\"tw-data-text tw-text-large tw-ta\" data-placeholder=\"Traduzione\"><span class=\"Y2IQFc\" lang=\"it\">Inserto Gore-Tex impermeabile e traspirante al 100% <\/span><\/li>\n<li class=\"tw-data-text tw-text-large tw-ta\" data-placeholder=\"Traduzione\"><span class=\"Y2IQFc\" lang=\"it\">170 g di isolamento PrimaLoft Gold sul dorso della mano <\/span><\/li>\n<li class=\"tw-data-text tw-text-large tw-ta\" data-placeholder=\"Traduzione\"><span class=\"Y2IQFc\" lang=\"it\">Fodera fissa in pile da 190 g <\/span><\/li>\n<li class=\"tw-data-text tw-text-large tw-ta\" data-placeholder=\"Traduzione\"><span class=\"Y2IQFc\" lang=\"it\">Cinturino da polso Hypalon a basso profilo con chiusura a strappo <\/span><\/li>\n<li class=\"tw-data-text tw-text-large tw-ta\" data-placeholder=\"Traduzione\"><span class=\"Y2IQFc\" lang=\"it\">Guscio elasticizzato in 4 direzioni sulle dita <\/span><\/li>\n<li class=\"tw-data-text tw-text-large tw-ta\" data-placeholder=\"Traduzione\"><span class=\"Y2IQFc\" lang=\"it\">Guscio antistrappo Pertex Shield <\/span><\/li>\n<li class=\"tw-data-text tw-text-large tw-ta\" data-placeholder=\"Traduzione\"><span class=\"Y2IQFc\" lang=\"it\">Palmo in pelle di capra e toppa sul palmo con panno in pelle scamosciata <\/span><\/li>\n<li data-placeholder=\"Traduzione\"><span class=\"Y2IQFc\" lang=\"it\">Taglia: XS-XL<\/span><\/li>\n<\/ul>\n<p>I Black Diamond Enforcer sono il top per il ghiaccio e l&#8217;alpinismo in condizioni invernali rigide.<\/p>\n<p>&nbsp;<\/p>\n<p>Per scegliere la taglia misurarsi la circonferenza del palmo, in corrispondenza delle nocche:<\/p>\n<p><img decoding=\"async\" class=\"size-full wp-image-23609 img-fluid alignnone\" src=\"https:\/\/www.sestogrado.it\/wp-content\/uploads\/2019\/10\/mano.png\" alt=\"mano\" width=\"300\" height=\"300\" srcset=\"https:\/\/www.sestogrado.it\/wp-content\/uploads\/2019\/10\/mano.png 300w, https:\/\/www.sestogrado.it\/wp-content\/uploads\/2019\/10\/mano-100x100.png 100w, https:\/\/www.sestogrado.it\/wp-content\/uploads\/2019\/10\/mano-220x220.png 220w, https:\/\/www.sestogrado.it\/wp-content\/uploads\/2019\/10\/mano-150x150.png 150w, https:\/\/www.sestogrado.it\/wp-content\/uploads\/2019\/10\/mano-45x45.png 45w, https:\/\/www.sestogrado.it\/wp-content\/uploads\/2019\/10\/mano-64x64.png 64w, https:\/\/www.sestogrado.it\/wp-content\/uploads\/2019\/10\/mano-80x80.png 80w\" sizes=\"(max-width: 300px) 100vw, 300px\" \/><\/p>\n<p>&nbsp;<\/p>\n<p>XS 17.1 &#8211; 18.4cm<\/p>\n<p>S 18.4 &#8211; 19.7cm<\/p>\n<p>M 19.7 &#8211; 21cm<\/p>\n<p>L 21 &#8211; 22.2cm<\/p>\n<p>XL 22.2 &#8211; 24cm<\/p>\n<p>&nbsp;<\/p>\n<p><img decoding=\"async\" class=\" wp-image-25537 img-fluid alignnone\" src=\"https:\/\/www.sestogrado.it\/wp-content\/uploads\/2019\/12\/GORE-TEX\u00ae_Logo.jpg\" alt=\"gore tex\" width=\"181\" height=\"181\" srcset=\"https:\/\/www.sestogrado.it\/wp-content\/uploads\/2019\/12\/GORE-TEX\u00ae_Logo.jpg 400w, https:\/\/www.sestogrado.it\/wp-content\/uploads\/2019\/12\/GORE-TEX\u00ae_Logo-300x300.jpg 300w, https:\/\/www.sestogrado.it\/wp-content\/uploads\/2019\/12\/GORE-TEX\u00ae_Logo-100x100.jpg 100w, https:\/\/www.sestogrado.it\/wp-content\/uploads\/2019\/12\/GORE-TEX\u00ae_Logo-150x150.jpg 150w, https:\/\/www.sestogrado.it\/wp-content\/uploads\/2019\/12\/GORE-TEX\u00ae_Logo-45x45.jpg 45w, https:\/\/www.sestogrado.it\/wp-content\/uploads\/2019\/12\/GORE-TEX\u00ae_Logo-220x220.jpg 220w, https:\/\/www.sestogrado.it\/wp-content\/uploads\/2019\/12\/GORE-TEX\u00ae_Logo-64x64.jpg 64w, https:\/\/www.sestogrado.it\/wp-content\/uploads\/2019\/12\/GORE-TEX\u00ae_Logo-80x80.jpg 80w\" sizes=\"(max-width: 181px) 100vw, 181px\" \/><\/p>\n<h4 class=\"feature-title\">GORE-TEX\u00ae<\/h4>\n<div class=\"product-feature-description\">\n<p>I prodotti GORE-TEX\u00ae sono caratterizzati da una struttura a 3 strati che comprende una speciale membrana GORE-TEX\u00ae ad alta performance, unita ad uno strato esterno rinforzato e ad una robusta fodera interna. Il punto di forza \u00e8 che i tre strati non si spostano: in questo modo, l&#8217;usura \u00e8 minore e la resistenza risulta ulteriormente potenziata. Questa specifica struttura pu\u00f2 essere utilizzata anche con strati isolanti e imbottiti per offrire calore e tenervi all&#8217;asciutto.<br \/>\nLa membrana GORE-TEX\u00ae \u00e8 costituita da 9 miliardi di pori per pollice quadrato e ogni poro \u00e8 20.000 volte pi\u00f9 piccolo di una goccia d&#8217;acqua. Questi minuscoli fori sono troppo piccoli per essere penetrati dall&#8217;acqua e dal vento, ed \u00e8 proprio questa caratteristica che consente a W.L GORE &amp; Associates di garantire sia la performance impermeabile sia il livello di calore offerti dai capi realizzati in tessuto GORE-TEX\u00ae. La dimensione dei micropori consente tuttavia il passaggio del vapore acqueo e quindi un&#8217;ottimale traspirazione del sudore verso l&#8217;esterno, senza sensazioni di disagio o umidit\u00e0 per chi indossa la giacca.<\/p>\n<h4 class=\"feature-title\">IMBOTTITURA PRIMALOFT\u00ae<\/h4>\n<p>L&#8217;imbottitura PrimaLoft\u00ae \u00e8 realizzata con fibre di due diverse dimensioni, in grado di offrire un&#8217;eccellente efficacia termica e un&#8217;insuperabile morbidezza. \u00c8 resistente, confortevole e conserva l&#8217;85% del proprio potere isolante anche se bagnata.<\/p>\n<\/div>\n<p>&nbsp;<\/p>\n<p id=\"tw-target-text\" class=\"tw-data-text tw-text-large tw-ta\" dir=\"ltr\" data-placeholder=\"Traduzione\">Black Diamond dal 1957 rappresenta un punto di riferimento mondiale per l\u2019attrezzatura da arrampicata. Ci\u00f2 che all\u2019inizio era una attivit\u00e0 artigianale con incudine e martello oggi si \u00e8 trasformata in una societ\u00e0 globale con uffici in tre continenti. Il segreto di Black Diamond \u00e8 sempre lo stesso: essere una societ\u00e0 formata da appassionati climber. In Black Diamond si continua a sognare su ci\u00f2 che potrebbe essere e si continua ad essere critici su ci\u00f2 che esiste. E\u2019 cos\u00ec che il processo creativo per la realizzazione della migliore attrezzatura da arrampicata non avr\u00e0 mai fine.<\/p>\n<p><\/p>","protected":false},"excerpt":{"rendered":"<p>I Black Diamond Enforcer sono sviluppati per affrontare il ghiaccio nelle giornate invernali pi\u00f9 rigide. Offrono il massimo calore e [&hellip;]<\/p>\n","protected":false},"featured_media":88804,"comment_status":"open","ping_status":"closed","template":"","meta":{"_acf_changed":false},"product_brand":[121],"product_cat":[1428,1429],"product_tag":[],"class_list":{"0":"post-25536","1":"product","2":"type-product","3":"status-publish","4":"has-post-thumbnail","6":"product_brand-black-diamond","7":"product_cat-guanti-da-alpinismo","8":"product_cat-hot","10":"first","11":"outofstock","12":"sale","13":"taxable","14":"shipping-taxable","15":"purchasable","16":"product-type-variable"},"acf":[],"yoast_head":"<!-- This site is optimized with the Yoast SEO plugin v26.4 - https:\/\/yoast.com\/wordpress\/plugins\/seo\/ -->\n<title>Black Diamond Enforcer guanti da alpinismo ghiaccio - Sestogrado<\/title>\n<meta name=\"description\" content=\"I Black Diamond Enforcer sono sviluppati per affrontare il ghiaccio nelle giornate invernali pi\u00f9 rigide. Offrono il massimo calore e la massima protezione, grazie a materiali e costruzione di altissima qualit\u00e0.Caratterizzato da un inserto GORE-TEX\u00ae impermeabile e traspirante e da un isolamento PrimaLoft\u00ae One da 170 g, l&#039;Enforcer offre calore e protezione dagli agenti atmosferici mantenendo la sensibilit\u00e0 e prensilit\u00e0 richiesta dagli attrezzi da ghiaccio. Il lungo polsino si allaccia per sigillare la parte elicoidale e l&#039;imbottitura in EVA sulle nocche protegge dal ghiaccio duro.\" \/>\n<meta name=\"robots\" content=\"index, follow, max-snippet:-1, max-image-preview:large, max-video-preview:-1\" \/>\n<link rel=\"canonical\" href=\"https:\/\/www.sestogrado.it\/it\/prodotto\/black-diamond-enforcer-guanti-da-alpinismo-ghiaccio\/\" \/>\n<meta property=\"og:locale\" content=\"it_IT\" \/>\n<meta property=\"og:type\" content=\"article\" \/>\n<meta property=\"og:title\" content=\"Black Diamond Enforcer guanti da alpinismo ghiaccio - Sestogrado\" \/>\n<meta property=\"og:description\" content=\"I Black Diamond Enforcer sono sviluppati per affrontare il ghiaccio nelle giornate invernali pi\u00f9 rigide. Offrono il massimo calore e la massima protezione, grazie a materiali e costruzione di altissima qualit\u00e0.Caratterizzato da un inserto GORE-TEX\u00ae impermeabile e traspirante e da un isolamento PrimaLoft\u00ae One da 170 g, l&#039;Enforcer offre calore e protezione dagli agenti atmosferici mantenendo la sensibilit\u00e0 e prensilit\u00e0 richiesta dagli attrezzi da ghiaccio. Il lungo polsino si allaccia per sigillare la parte elicoidale e l&#039;imbottitura in EVA sulle nocche protegge dal ghiaccio duro.\" \/>\n<meta property=\"og:url\" content=\"https:\/\/www.sestogrado.it\/it\/prodotto\/black-diamond-enforcer-guanti-da-alpinismo-ghiaccio\/\" \/>\n<meta property=\"og:site_name\" content=\"Sestogrado\" \/>\n<meta property=\"article:publisher\" content=\"https:\/\/www.facebook.com\/pages\/Sestogrado\/1542635979353017?ref=bookmarks\" \/>\n<meta property=\"article:modified_time\" content=\"2026-01-19T12:57:10+00:00\" \/>\n<meta property=\"og:image\" content=\"https:\/\/www.sestogrado.it\/wp-content\/uploads\/2019\/12\/8315_source_1624001939.jpg\" \/>\n\t<meta property=\"og:image:width\" content=\"1200\" \/>\n\t<meta property=\"og:image:height\" content=\"1200\" \/>\n\t<meta property=\"og:image:type\" content=\"image\/jpeg\" \/>\n<meta name=\"twitter:label1\" content=\"Disponibilit\u00e0\" \/>\n\t<meta name=\"twitter:data1\" content=\"Esaurito\" \/>\n<script type=\"application\/ld+json\" class=\"yoast-schema-graph\">{\"@context\":\"https:\/\/schema.org\",\"@graph\":[{\"@type\":\"WebPage\",\"@id\":\"https:\/\/www.sestogrado.it\/it\/prodotto\/black-diamond-enforcer-guanti-da-alpinismo-ghiaccio\/\",\"url\":\"https:\/\/www.sestogrado.it\/it\/prodotto\/black-diamond-enforcer-guanti-da-alpinismo-ghiaccio\/\",\"name\":\"Black Diamond Enforcer guanti da alpinismo ghiaccio - Sestogrado\",\"isPartOf\":{\"@id\":\"https:\/\/www.sestogrado.it\/it\/#website\"},\"primaryImageOfPage\":{\"@id\":\"https:\/\/www.sestogrado.it\/it\/prodotto\/black-diamond-enforcer-guanti-da-alpinismo-ghiaccio\/#primaryimage\"},\"image\":{\"@id\":\"https:\/\/www.sestogrado.it\/prodotto\/black-diamond-enforcer-guanti-da-alpinismo-ghiaccio\/#primaryimage\"},\"thumbnailUrl\":\"https:\/\/www.sestogrado.it\/wp-content\/uploads\/2019\/12\/8315_source_1624001939.jpg\",\"datePublished\":\"2019-12-18T15:13:05+00:00\",\"dateModified\":\"2026-01-19T12:57:10+00:00\",\"description\":\"I Black Diamond Enforcer sono sviluppati per affrontare il ghiaccio nelle giornate invernali pi\u00f9 rigide. Offrono il massimo calore e la massima protezione, grazie a materiali e costruzione di altissima qualit\u00e0.Caratterizzato da un inserto GORE-TEX\u00ae impermeabile e traspirante e da un isolamento PrimaLoft\u00ae One da 170 g, l'Enforcer offre calore e protezione dagli agenti atmosferici mantenendo la sensibilit\u00e0 e prensilit\u00e0 richiesta dagli attrezzi da ghiaccio. Il lungo polsino si allaccia per sigillare la parte elicoidale e l'imbottitura in EVA sulle nocche protegge dal ghiaccio duro.\",\"breadcrumb\":{\"@id\":\"https:\/\/www.sestogrado.it\/it\/prodotto\/black-diamond-enforcer-guanti-da-alpinismo-ghiaccio\/#breadcrumb\"},\"inLanguage\":\"it-IT\",\"potentialAction\":[{\"@type\":\"ReadAction\",\"target\":[[\"https:\/\/www.sestogrado.it\/it\/prodotto\/black-diamond-enforcer-guanti-da-alpinismo-ghiaccio\/\"]]}]},{\"@type\":\"ImageObject\",\"inLanguage\":\"it-IT\",\"@id\":\"https:\/\/www.sestogrado.it\/it\/prodotto\/black-diamond-enforcer-guanti-da-alpinismo-ghiaccio\/#primaryimage\",\"url\":\"https:\/\/www.sestogrado.it\/wp-content\/uploads\/2019\/12\/8315_source_1624001939.jpg\",\"contentUrl\":\"https:\/\/www.sestogrado.it\/wp-content\/uploads\/2019\/12\/8315_source_1624001939.jpg\",\"width\":1200,\"height\":1200,\"caption\":\"BLACK DIAMOND ENFORCER GUANTI DA ALPINISMO\"},{\"@type\":\"BreadcrumbList\",\"@id\":\"https:\/\/www.sestogrado.it\/it\/prodotto\/black-diamond-enforcer-guanti-da-alpinismo-ghiaccio\/#breadcrumb\",\"itemListElement\":[{\"@type\":\"ListItem\",\"position\":1,\"name\":\"Home\",\"item\":\"https:\/\/www.sestogrado.it\/it\/\"},{\"@type\":\"ListItem\",\"position\":2,\"name\":\"Shop\",\"item\":\"https:\/\/www.sestogrado.it\/it\/shop\/\"},{\"@type\":\"ListItem\",\"position\":3,\"name\":\"Black Diamond Enforcer guanti da alpinismo ghiaccio\"}]},{\"@type\":\"WebSite\",\"@id\":\"https:\/\/www.sestogrado.it\/it\/#website\",\"url\":\"https:\/\/www.sestogrado.it\/it\/\",\"name\":\"Sestogrado\",\"description\":\"yes we climb\",\"publisher\":{\"@id\":\"https:\/\/www.sestogrado.it\/it\/#organization\"},\"potentialAction\":[{\"@type\":\"SearchAction\",\"target\":{\"@type\":\"EntryPoint\",\"urlTemplate\":\"https:\/\/www.sestogrado.it\/it\/?s={search_term_string}\"},\"query-input\":{\"@type\":\"PropertyValueSpecification\",\"valueRequired\":true,\"valueName\":\"search_term_string\"}}],\"inLanguage\":\"it-IT\"},{\"@type\":\"Organization\",\"@id\":\"https:\/\/www.sestogrado.it\/it\/#organization\",\"name\":\"Sestogrado\",\"url\":\"https:\/\/www.sestogrado.it\/it\/\",\"logo\":{\"@type\":\"ImageObject\",\"inLanguage\":\"it-IT\",\"@id\":\"https:\/\/www.sestogrado.it\/it\/#\/schema\/logo\/image\/\",\"url\":\"https:\/\/www.sestogrado.it\/wp-content\/uploads\/2015\/03\/sestogrado-favicon.png\",\"contentUrl\":\"https:\/\/www.sestogrado.it\/wp-content\/uploads\/2015\/03\/sestogrado-favicon.png\",\"width\":260,\"height\":260,\"caption\":\"Sestogrado\"},\"image\":{\"@id\":\"https:\/\/www.sestogrado.it\/it\/#\/schema\/logo\/image\/\"},\"sameAs\":[\"https:\/\/www.facebook.com\/pages\/Sestogrado\/1542635979353017?ref=bookmarks\",\"https:\/\/www.youtube.com\/channel\/UC847kAfTkaJsWpc1jtQwr3Q\"],\"hasMerchantReturnPolicy\":{\"@type\":\"MerchantReturnPolicy\",\"merchantReturnLink\":\"https:\/\/www.sestogrado.it\/it\/termini-e-condizioni\/\"}}]}<\/script>\n<meta property=\"product:brand\" content=\"Black Diamond\" \/>\n<meta property=\"og:availability\" content=\"out of stock\" \/>\n<meta property=\"product:availability\" content=\"out of stock\" \/>\n<meta property=\"product:condition\" content=\"new\" \/>\n<!-- \/ Yoast SEO plugin. -->","yoast_head_json":{"title":"Black Diamond Enforcer guanti da alpinismo ghiaccio - Sestogrado","description":"I Black Diamond Enforcer sono sviluppati per affrontare il ghiaccio nelle giornate invernali pi\u00f9 rigide. Offrono il massimo calore e la massima protezione, grazie a materiali e costruzione di altissima qualit\u00e0.Caratterizzato da un inserto GORE-TEX\u00ae impermeabile e traspirante e da un isolamento PrimaLoft\u00ae One da 170 g, l'Enforcer offre calore e protezione dagli agenti atmosferici mantenendo la sensibilit\u00e0 e prensilit\u00e0 richiesta dagli attrezzi da ghiaccio. Il lungo polsino si allaccia per sigillare la parte elicoidale e l'imbottitura in EVA sulle nocche protegge dal ghiaccio duro.","robots":{"index":"index","follow":"follow","max-snippet":"max-snippet:-1","max-image-preview":"max-image-preview:large","max-video-preview":"max-video-preview:-1"},"canonical":"https:\/\/www.sestogrado.it\/it\/prodotto\/black-diamond-enforcer-guanti-da-alpinismo-ghiaccio\/","og_locale":"it_IT","og_type":"article","og_title":"Black Diamond Enforcer guanti da alpinismo ghiaccio - Sestogrado","og_description":"I Black Diamond Enforcer sono sviluppati per affrontare il ghiaccio nelle giornate invernali pi\u00f9 rigide. Offrono il massimo calore e la massima protezione, grazie a materiali e costruzione di altissima qualit\u00e0.Caratterizzato da un inserto GORE-TEX\u00ae impermeabile e traspirante e da un isolamento PrimaLoft\u00ae One da 170 g, l'Enforcer offre calore e protezione dagli agenti atmosferici mantenendo la sensibilit\u00e0 e prensilit\u00e0 richiesta dagli attrezzi da ghiaccio. Il lungo polsino si allaccia per sigillare la parte elicoidale e l'imbottitura in EVA sulle nocche protegge dal ghiaccio duro.","og_url":"https:\/\/www.sestogrado.it\/it\/prodotto\/black-diamond-enforcer-guanti-da-alpinismo-ghiaccio\/","og_site_name":"Sestogrado","article_publisher":"https:\/\/www.facebook.com\/pages\/Sestogrado\/1542635979353017?ref=bookmarks","article_modified_time":"2026-01-19T12:57:10+00:00","og_image":[{"width":1200,"height":1200,"url":"https:\/\/www.sestogrado.it\/wp-content\/uploads\/2019\/12\/8315_source_1624001939.jpg","type":"image\/jpeg"}],"twitter_misc":{"Disponibilit\u00e0":"Esaurito"},"schema":{"@context":"https:\/\/schema.org","@graph":[{"@type":"WebPage","@id":"https:\/\/www.sestogrado.it\/it\/prodotto\/black-diamond-enforcer-guanti-da-alpinismo-ghiaccio\/","url":"https:\/\/www.sestogrado.it\/it\/prodotto\/black-diamond-enforcer-guanti-da-alpinismo-ghiaccio\/","name":"Black Diamond Enforcer guanti da alpinismo ghiaccio - Sestogrado","isPartOf":{"@id":"https:\/\/www.sestogrado.it\/it\/#website"},"primaryImageOfPage":{"@id":"https:\/\/www.sestogrado.it\/it\/prodotto\/black-diamond-enforcer-guanti-da-alpinismo-ghiaccio\/#primaryimage"},"image":{"@id":"https:\/\/www.sestogrado.it\/prodotto\/black-diamond-enforcer-guanti-da-alpinismo-ghiaccio\/#primaryimage"},"thumbnailUrl":"https:\/\/www.sestogrado.it\/wp-content\/uploads\/2019\/12\/8315_source_1624001939.jpg","datePublished":"2019-12-18T15:13:05+00:00","dateModified":"2026-01-19T12:57:10+00:00","description":"I Black Diamond Enforcer sono sviluppati per affrontare il ghiaccio nelle giornate invernali pi\u00f9 rigide. Offrono il massimo calore e la massima protezione, grazie a materiali e costruzione di altissima qualit\u00e0.Caratterizzato da un inserto GORE-TEX\u00ae impermeabile e traspirante e da un isolamento PrimaLoft\u00ae One da 170 g, l'Enforcer offre calore e protezione dagli agenti atmosferici mantenendo la sensibilit\u00e0 e prensilit\u00e0 richiesta dagli attrezzi da ghiaccio. Il lungo polsino si allaccia per sigillare la parte elicoidale e l'imbottitura in EVA sulle nocche protegge dal ghiaccio duro.","breadcrumb":{"@id":"https:\/\/www.sestogrado.it\/it\/prodotto\/black-diamond-enforcer-guanti-da-alpinismo-ghiaccio\/#breadcrumb"},"inLanguage":"it-IT","potentialAction":[{"@type":"ReadAction","target":[["https:\/\/www.sestogrado.it\/it\/prodotto\/black-diamond-enforcer-guanti-da-alpinismo-ghiaccio\/"]]}]},{"@type":"ImageObject","inLanguage":"it-IT","@id":"https:\/\/www.sestogrado.it\/it\/prodotto\/black-diamond-enforcer-guanti-da-alpinismo-ghiaccio\/#primaryimage","url":"https:\/\/www.sestogrado.it\/wp-content\/uploads\/2019\/12\/8315_source_1624001939.jpg","contentUrl":"https:\/\/www.sestogrado.it\/wp-content\/uploads\/2019\/12\/8315_source_1624001939.jpg","width":1200,"height":1200,"caption":"BLACK DIAMOND ENFORCER GUANTI DA ALPINISMO"},{"@type":"BreadcrumbList","@id":"https:\/\/www.sestogrado.it\/it\/prodotto\/black-diamond-enforcer-guanti-da-alpinismo-ghiaccio\/#breadcrumb","itemListElement":[{"@type":"ListItem","position":1,"name":"Home","item":"https:\/\/www.sestogrado.it\/it\/"},{"@type":"ListItem","position":2,"name":"Shop","item":"https:\/\/www.sestogrado.it\/it\/shop\/"},{"@type":"ListItem","position":3,"name":"Black Diamond Enforcer guanti da alpinismo ghiaccio"}]},{"@type":"WebSite","@id":"https:\/\/www.sestogrado.it\/it\/#website","url":"https:\/\/www.sestogrado.it\/it\/","name":"Sestogrado","description":"yes we climb","publisher":{"@id":"https:\/\/www.sestogrado.it\/it\/#organization"},"potentialAction":[{"@type":"SearchAction","target":{"@type":"EntryPoint","urlTemplate":"https:\/\/www.sestogrado.it\/it\/?s={search_term_string}"},"query-input":{"@type":"PropertyValueSpecification","valueRequired":true,"valueName":"search_term_string"}}],"inLanguage":"it-IT"},{"@type":"Organization","@id":"https:\/\/www.sestogrado.it\/it\/#organization","name":"Sestogrado","url":"https:\/\/www.sestogrado.it\/it\/","logo":{"@type":"ImageObject","inLanguage":"it-IT","@id":"https:\/\/www.sestogrado.it\/it\/#\/schema\/logo\/image\/","url":"https:\/\/www.sestogrado.it\/wp-content\/uploads\/2015\/03\/sestogrado-favicon.png","contentUrl":"https:\/\/www.sestogrado.it\/wp-content\/uploads\/2015\/03\/sestogrado-favicon.png","width":260,"height":260,"caption":"Sestogrado"},"image":{"@id":"https:\/\/www.sestogrado.it\/it\/#\/schema\/logo\/image\/"},"sameAs":["https:\/\/www.facebook.com\/pages\/Sestogrado\/1542635979353017?ref=bookmarks","https:\/\/www.youtube.com\/channel\/UC847kAfTkaJsWpc1jtQwr3Q"],"hasMerchantReturnPolicy":{"@type":"MerchantReturnPolicy","merchantReturnLink":"https:\/\/www.sestogrado.it\/it\/termini-e-condizioni\/"}}]},"product_brand":"Black Diamond","og_availability":"out of stock","product_availability":"out of stock","product_condition":"new"},"_links":{"self":[{"href":"https:\/\/www.sestogrado.it\/it\/wp-json\/wp\/v2\/product\/25536","targetHints":{"allow":["GET"]}}],"collection":[{"href":"https:\/\/www.sestogrado.it\/it\/wp-json\/wp\/v2\/product"}],"about":[{"href":"https:\/\/www.sestogrado.it\/it\/wp-json\/wp\/v2\/types\/product"}],"replies":[{"embeddable":true,"href":"https:\/\/www.sestogrado.it\/it\/wp-json\/wp\/v2\/comments?post=25536"}],"wp:featuredmedia":[{"embeddable":true,"href":"https:\/\/www.sestogrado.it\/it\/wp-json\/wp\/v2\/media\/88804"}],"wp:attachment":[{"href":"https:\/\/www.sestogrado.it\/it\/wp-json\/wp\/v2\/media?parent=25536"}],"wp:term":[{"taxonomy":"product_brand","embeddable":true,"href":"https:\/\/www.sestogrado.it\/it\/wp-json\/wp\/v2\/product_brand?post=25536"},{"taxonomy":"product_cat","embeddable":true,"href":"https:\/\/www.sestogrado.it\/it\/wp-json\/wp\/v2\/product_cat?post=25536"},{"taxonomy":"product_tag","embeddable":true,"href":"https:\/\/www.sestogrado.it\/it\/wp-json\/wp\/v2\/product_tag?post=25536"}],"curies":[{"name":"wp","href":"https:\/\/api.w.org\/{rel}","templated":true}]}}