{"id":25070,"date":"2026-03-18T09:00:49","date_gmt":"2026-03-18T08:00:49","guid":{"rendered":"https:\/\/www.sestogrado.it\/?post_type=product&#038;p=25070"},"modified":"2026-04-25T06:14:18","modified_gmt":"2026-04-25T04:14:18","slug":"petzl-swift-rl-1200-reactive-lighting-lampada-frontale","status":"publish","type":"product","link":"https:\/\/www.sestogrado.it\/it\/prodotto\/petzl-swift-rl-1200-reactive-lighting-lampada-frontale\/","title":{"rendered":"Petzl Swift RL 1200 Reactive Lighting lampada frontale"},"content":{"rendered":"<p>Con 1200 lumen per 92 g, SWIFT RL \u00e8 la lampada frontale per tutte le vostre escursioni sportive notturne pi\u00f9 impegnative! Dotata della tecnologia REACTIVE LIGHTING, un sensore valuta la luminosit\u00e0 ambientale e adatta automaticamente la potenza d\u2019illuminazione alle vostre esigenze. Ultrasottile, modulare e facile da regolare, la sua fascia elastica sa farsi dimenticare, pur assicurando una stabilit\u00e0 ottimale nelle escursioni dinamiche e impegnative di alpinismo o sci. Si pu\u00f2 contare anche sull\u2019illuminazione rossa, fissa o lampeggiante, in caso di necessit\u00e0. Ricaricabile, sar\u00e0 sempre pronta per accompagnarvi nelle vostre escursioni sotto le stelle.<\/p>\n<ul>\n<li>Lampada frontale ultrapotente e intelligente:<br \/>\n&#8211; eccellente rapporto potenza\/peso, 1200 lumen per soli 92 g,<br \/>\n&#8211; 1200 lumen per vedere fino a 168 m,<br \/>\n&#8211; due modalit\u00e0 d\u2019illuminazione: REACTIVE LIGHTING o STANDARD LIGHTING,<br \/>\n&#8211; maggiore autonomia, comfort visivo e interventi manuali ridotti con la modalit\u00e0 REACTIVE LIGHTING: la potenza d\u2019illuminazione e la forma del fascio luminoso si adattano automaticamente, grazie ad un sensore di luminosit\u00e0 ambientale che consente di ottimizzare l\u2019utilizzo della batteria,<br \/>\n&#8211; adatta alle attivit\u00e0 di lunga durata, grazie alla sua autonomia minima garantita di 7 ore con potenza intermedia, in modalit\u00e0 REACTIVE LIGHTING,<br \/>\n&#8211; modalit\u00e0 BOOST per 6 secondi, accessibile rapidamente con un doppio tocco sul lato della lampada, ideale per il riconoscimento del percorso.<\/li>\n<li>Fascia elastica ultrasottile, confortevole e modulare:<br \/>\n&#8211; fascia elastica facilmente regolabile per una stabilit\u00e0 ottimale nelle discese della corsa a piedi o con gli sci, grazie alla sua struttura in due parti (brevetto Petzl),<br \/>\n&#8211; imbottitura di comfort amovibile per una soluzione pi\u00f9 leggera e aerata secondo le esigenze,<br \/>\n&#8211; fascia elastica con filo riflettente per rimanere visibile anche con scarsa luminosit\u00e0,<br \/>\n&#8211; completamente progettata con materiali riciclati, la fascia elastica \u00e8 smontabile, lavabile e sostituibile.<\/li>\n<li>Progettata per le attivit\u00e0 outdoor dinamiche:<br \/>\n&#8211; fascio luminoso misto che risponde alle esigenze di un\u2019illuminazione confortevole e performante per le attivit\u00e0 outdoor: visione di prossimit\u00e0 o lontana,<br \/>\n&#8211; illuminazione rossa fissa o lampeggiante in base alle esigenze,<br \/>\n&#8211; batteria performante alle basse temperature che conserva il 90 % della sua autonomia quando fa freddo fino a -5\u00b0 C.<\/li>\n<li>Semplicit\u00e0 di utilizzo:<br \/>\n&#8211; singolo pulsante che consente di accedere a tutte le funzioni: ON\/OFF, funzioni e livelli d\u2019illuminazione e bloccaggio,<br \/>\n&#8211; custodia di sistemazione SHELL LT ultraleggera che consente di trasformare la lampada in lanterna o conservarla,<br \/>\n&#8211; funzione LOCK per evitare le accensioni involontarie durante il trasporto\/stoccaggio,<br \/>\n&#8211; batteria R2250 ricaricabile mediante una porta USB-C (cavo per la ricarica non fornito), con indicatore di carica luminoso,<br \/>\n&#8211; indicatore di potenza a cinque livelli per consultare con precisione il livello della batteria.<\/li>\n<li>Riparazione: fascia elastica, custodia e batteria disponibili come pezzi di ricambio, per prolungare la durata di vita della lampada.<\/li>\n<li>Potenza: 1200 lumen (ANSI FL 1 STANDARD)<\/li>\n<li>Peso: 92 g<\/li>\n<li>Tecnologia: REACTIVE LIGHTING o STANDARD LIGHTING<\/li>\n<li>Tipo di fascio luminoso: misto<\/li>\n<li>Alimentazione: batteria litio-ione 2250 mAh (3,85 V \/ 8,47 Wh), ricaricabile mediante una porta USB-C<\/li>\n<li>Tempo di carica: 5 h<\/li>\n<li>Impermeabilit\u00e0: IPX4 (resistente alle intemperie)<\/li>\n<li>Certificazione(i): CE<\/li>\n<\/ul>\n<p>&nbsp;<\/p>\n<p><strong data-start=\"110\" data-end=\"163\">Affidabile, potente e progettata per il movimento<\/strong>, SWIFT RL \u00e8 la frontale ideale per chi affronta attivit\u00e0 notturne ad alta intensit\u00e0 come alpinismo, sci alpinismo e trail in quota. Grazie alla tecnologia intelligente REACTIVE LIGHTING, alla leggerezza estrema e alla gestione energetica ottimizzata, offre sempre la luce giusta nel momento giusto. Una compagna indispensabile per spingere i propri limiti anche dopo il tramonto, quando la montagna cambia ritmo ma l\u2019avventura continua.<\/p>","protected":false},"excerpt":{"rendered":"<p>Con 1200 lumen per 92 g, SWIFT RL \u00e8 la lampada frontale per tutte le vostre escursioni sportive notturne pi\u00f9 [&hellip;]<\/p>\n","protected":false},"featured_media":213485,"comment_status":"open","ping_status":"closed","template":"","meta":{"_acf_changed":false},"product_brand":[50],"product_cat":[380],"product_tag":[417,461],"class_list":{"0":"post-25070","1":"product","2":"type-product","3":"status-publish","4":"has-post-thumbnail","6":"product_brand-petzl","7":"product_cat-illuminazione","8":"product_tag-frontale","9":"product_tag-lampada-frontale","11":"first","12":"instock","13":"sale","14":"taxable","15":"shipping-taxable","16":"purchasable","17":"product-type-variable"},"acf":[],"yoast_head":"<!-- This site is optimized with the Yoast SEO plugin v26.4 - https:\/\/yoast.com\/wordpress\/plugins\/seo\/ -->\n<title>Petzl Swift RL 1200 Reactive Lighting lampada frontale - Sestogrado<\/title>\n<meta name=\"description\" content=\"Con 1200 lumen per 92 g, SWIFT RL \u00e8 la lampada frontale per tutte le vostre escursioni sportive notturne pi\u00f9 impegnative! Dotata della tecnologia REACTIVE LIGHTING, un sensore valuta la luminosit\u00e0 ambientale e adatta automaticamente la potenza d\u2019illuminazione alle vostre esigenze. Ultrasottile, modulare e facile da regolare, la sua fascia elastica sa farsi dimenticare, pur assicurando una stabilit\u00e0 ottimale nelle escursioni dinamiche e impegnative di alpinismo o sci. Si pu\u00f2 contare anche sull\u2019illuminazione rossa, fissa o lampeggiante, in caso di necessit\u00e0. Ricaricabile, sar\u00e0 sempre pronta per accompagnarvi nelle vostre escursioni sotto le stelle.\" \/>\n<meta name=\"robots\" content=\"index, follow, max-snippet:-1, max-image-preview:large, max-video-preview:-1\" \/>\n<link rel=\"canonical\" href=\"https:\/\/www.sestogrado.it\/it\/prodotto\/petzl-swift-rl-1200-reactive-lighting-lampada-frontale\/\" \/>\n<meta property=\"og:locale\" content=\"it_IT\" \/>\n<meta property=\"og:type\" content=\"article\" \/>\n<meta property=\"og:title\" content=\"Petzl Swift RL 1200 Reactive Lighting lampada frontale - Sestogrado\" \/>\n<meta property=\"og:description\" content=\"Con 1200 lumen per 92 g, SWIFT RL \u00e8 la lampada frontale per tutte le vostre escursioni sportive notturne pi\u00f9 impegnative! Dotata della tecnologia REACTIVE LIGHTING, un sensore valuta la luminosit\u00e0 ambientale e adatta automaticamente la potenza d\u2019illuminazione alle vostre esigenze. Ultrasottile, modulare e facile da regolare, la sua fascia elastica sa farsi dimenticare, pur assicurando una stabilit\u00e0 ottimale nelle escursioni dinamiche e impegnative di alpinismo o sci. Si pu\u00f2 contare anche sull\u2019illuminazione rossa, fissa o lampeggiante, in caso di necessit\u00e0. Ricaricabile, sar\u00e0 sempre pronta per accompagnarvi nelle vostre escursioni sotto le stelle.\" \/>\n<meta property=\"og:url\" content=\"https:\/\/www.sestogrado.it\/it\/prodotto\/petzl-swift-rl-1200-reactive-lighting-lampada-frontale\/\" \/>\n<meta property=\"og:site_name\" content=\"Sestogrado\" \/>\n<meta property=\"article:publisher\" content=\"https:\/\/www.facebook.com\/pages\/Sestogrado\/1542635979353017?ref=bookmarks\" \/>\n<meta property=\"article:modified_time\" content=\"2026-04-25T04:14:18+00:00\" \/>\n<meta property=\"og:image\" content=\"https:\/\/www.sestogrado.it\/wp-content\/uploads\/2025\/09\/01-1.jpg\" \/>\n\t<meta property=\"og:image:width\" content=\"1200\" \/>\n\t<meta property=\"og:image:height\" content=\"1200\" \/>\n\t<meta property=\"og:image:type\" content=\"image\/jpeg\" \/>\n<meta name=\"twitter:label1\" content=\"Disponibilit\u00e0\" \/>\n\t<meta name=\"twitter:data1\" content=\"In stock\" \/>\n<script type=\"application\/ld+json\" class=\"yoast-schema-graph\">{\"@context\":\"https:\/\/schema.org\",\"@graph\":[{\"@type\":\"WebPage\",\"@id\":\"https:\/\/www.sestogrado.it\/it\/prodotto\/petzl-swift-rl-1200-reactive-lighting-lampada-frontale\/\",\"url\":\"https:\/\/www.sestogrado.it\/it\/prodotto\/petzl-swift-rl-1200-reactive-lighting-lampada-frontale\/\",\"name\":\"Petzl Swift RL 1200 Reactive Lighting lampada frontale - Sestogrado\",\"isPartOf\":{\"@id\":\"https:\/\/www.sestogrado.it\/it\/#website\"},\"primaryImageOfPage\":{\"@id\":\"https:\/\/www.sestogrado.it\/it\/prodotto\/petzl-swift-rl-1200-reactive-lighting-lampada-frontale\/#primaryimage\"},\"image\":{\"@id\":\"https:\/\/www.sestogrado.it\/prodotto\/petzl-swift-rl-1200-reactive-lighting-lampada-frontale\/#primaryimage\"},\"thumbnailUrl\":\"https:\/\/www.sestogrado.it\/wp-content\/uploads\/2025\/09\/01-1.jpg\",\"datePublished\":\"2026-03-18T08:00:49+00:00\",\"dateModified\":\"2026-04-25T04:14:18+00:00\",\"description\":\"Con 1200 lumen per 92 g, SWIFT RL \u00e8 la lampada frontale per tutte le vostre escursioni sportive notturne pi\u00f9 impegnative! Dotata della tecnologia REACTIVE LIGHTING, un sensore valuta la luminosit\u00e0 ambientale e adatta automaticamente la potenza d\u2019illuminazione alle vostre esigenze. Ultrasottile, modulare e facile da regolare, la sua fascia elastica sa farsi dimenticare, pur assicurando una stabilit\u00e0 ottimale nelle escursioni dinamiche e impegnative di alpinismo o sci. Si pu\u00f2 contare anche sull\u2019illuminazione rossa, fissa o lampeggiante, in caso di necessit\u00e0. Ricaricabile, sar\u00e0 sempre pronta per accompagnarvi nelle vostre escursioni sotto le stelle.\",\"breadcrumb\":{\"@id\":\"https:\/\/www.sestogrado.it\/it\/prodotto\/petzl-swift-rl-1200-reactive-lighting-lampada-frontale\/#breadcrumb\"},\"inLanguage\":\"it-IT\",\"potentialAction\":[{\"@type\":\"ReadAction\",\"target\":[[\"https:\/\/www.sestogrado.it\/it\/prodotto\/petzl-swift-rl-1200-reactive-lighting-lampada-frontale\/\"]]}]},{\"@type\":\"ImageObject\",\"inLanguage\":\"it-IT\",\"@id\":\"https:\/\/www.sestogrado.it\/it\/prodotto\/petzl-swift-rl-1200-reactive-lighting-lampada-frontale\/#primaryimage\",\"url\":\"https:\/\/www.sestogrado.it\/wp-content\/uploads\/2025\/09\/01-1.jpg\",\"contentUrl\":\"https:\/\/www.sestogrado.it\/wp-content\/uploads\/2025\/09\/01-1.jpg\",\"width\":1200,\"height\":1200,\"caption\":\"swift arancio nero\"},{\"@type\":\"BreadcrumbList\",\"@id\":\"https:\/\/www.sestogrado.it\/it\/prodotto\/petzl-swift-rl-1200-reactive-lighting-lampada-frontale\/#breadcrumb\",\"itemListElement\":[{\"@type\":\"ListItem\",\"position\":1,\"name\":\"Home\",\"item\":\"https:\/\/www.sestogrado.it\/it\/\"},{\"@type\":\"ListItem\",\"position\":2,\"name\":\"Shop\",\"item\":\"https:\/\/www.sestogrado.it\/it\/shop\/\"},{\"@type\":\"ListItem\",\"position\":3,\"name\":\"Petzl Swift RL 1200 Reactive Lighting lampada frontale\"}]},{\"@type\":\"WebSite\",\"@id\":\"https:\/\/www.sestogrado.it\/it\/#website\",\"url\":\"https:\/\/www.sestogrado.it\/it\/\",\"name\":\"Sestogrado\",\"description\":\"yes we climb\",\"publisher\":{\"@id\":\"https:\/\/www.sestogrado.it\/it\/#organization\"},\"potentialAction\":[{\"@type\":\"SearchAction\",\"target\":{\"@type\":\"EntryPoint\",\"urlTemplate\":\"https:\/\/www.sestogrado.it\/it\/?s={search_term_string}\"},\"query-input\":{\"@type\":\"PropertyValueSpecification\",\"valueRequired\":true,\"valueName\":\"search_term_string\"}}],\"inLanguage\":\"it-IT\"},{\"@type\":\"Organization\",\"@id\":\"https:\/\/www.sestogrado.it\/it\/#organization\",\"name\":\"Sestogrado\",\"url\":\"https:\/\/www.sestogrado.it\/it\/\",\"logo\":{\"@type\":\"ImageObject\",\"inLanguage\":\"it-IT\",\"@id\":\"https:\/\/www.sestogrado.it\/it\/#\/schema\/logo\/image\/\",\"url\":\"https:\/\/www.sestogrado.it\/wp-content\/uploads\/2015\/03\/sestogrado-favicon.png\",\"contentUrl\":\"https:\/\/www.sestogrado.it\/wp-content\/uploads\/2015\/03\/sestogrado-favicon.png\",\"width\":260,\"height\":260,\"caption\":\"Sestogrado\"},\"image\":{\"@id\":\"https:\/\/www.sestogrado.it\/it\/#\/schema\/logo\/image\/\"},\"sameAs\":[\"https:\/\/www.facebook.com\/pages\/Sestogrado\/1542635979353017?ref=bookmarks\",\"https:\/\/www.youtube.com\/channel\/UC847kAfTkaJsWpc1jtQwr3Q\"],\"hasMerchantReturnPolicy\":{\"@type\":\"MerchantReturnPolicy\",\"merchantReturnLink\":\"https:\/\/www.sestogrado.it\/it\/termini-e-condizioni\/\"}}]}<\/script>\n<meta property=\"product:brand\" content=\"Petzl\" \/>\n<meta property=\"og:availability\" content=\"instock\" \/>\n<meta property=\"product:availability\" content=\"instock\" \/>\n<meta property=\"product:condition\" content=\"new\" \/>\n<!-- \/ Yoast SEO plugin. -->","yoast_head_json":{"title":"Petzl Swift RL 1200 Reactive Lighting lampada frontale - Sestogrado","description":"Con 1200 lumen per 92 g, SWIFT RL \u00e8 la lampada frontale per tutte le vostre escursioni sportive notturne pi\u00f9 impegnative! Dotata della tecnologia REACTIVE LIGHTING, un sensore valuta la luminosit\u00e0 ambientale e adatta automaticamente la potenza d\u2019illuminazione alle vostre esigenze. Ultrasottile, modulare e facile da regolare, la sua fascia elastica sa farsi dimenticare, pur assicurando una stabilit\u00e0 ottimale nelle escursioni dinamiche e impegnative di alpinismo o sci. Si pu\u00f2 contare anche sull\u2019illuminazione rossa, fissa o lampeggiante, in caso di necessit\u00e0. Ricaricabile, sar\u00e0 sempre pronta per accompagnarvi nelle vostre escursioni sotto le stelle.","robots":{"index":"index","follow":"follow","max-snippet":"max-snippet:-1","max-image-preview":"max-image-preview:large","max-video-preview":"max-video-preview:-1"},"canonical":"https:\/\/www.sestogrado.it\/it\/prodotto\/petzl-swift-rl-1200-reactive-lighting-lampada-frontale\/","og_locale":"it_IT","og_type":"article","og_title":"Petzl Swift RL 1200 Reactive Lighting lampada frontale - Sestogrado","og_description":"Con 1200 lumen per 92 g, SWIFT RL \u00e8 la lampada frontale per tutte le vostre escursioni sportive notturne pi\u00f9 impegnative! Dotata della tecnologia REACTIVE LIGHTING, un sensore valuta la luminosit\u00e0 ambientale e adatta automaticamente la potenza d\u2019illuminazione alle vostre esigenze. Ultrasottile, modulare e facile da regolare, la sua fascia elastica sa farsi dimenticare, pur assicurando una stabilit\u00e0 ottimale nelle escursioni dinamiche e impegnative di alpinismo o sci. Si pu\u00f2 contare anche sull\u2019illuminazione rossa, fissa o lampeggiante, in caso di necessit\u00e0. Ricaricabile, sar\u00e0 sempre pronta per accompagnarvi nelle vostre escursioni sotto le stelle.","og_url":"https:\/\/www.sestogrado.it\/it\/prodotto\/petzl-swift-rl-1200-reactive-lighting-lampada-frontale\/","og_site_name":"Sestogrado","article_publisher":"https:\/\/www.facebook.com\/pages\/Sestogrado\/1542635979353017?ref=bookmarks","article_modified_time":"2026-04-25T04:14:18+00:00","og_image":[{"width":1200,"height":1200,"url":"https:\/\/www.sestogrado.it\/wp-content\/uploads\/2025\/09\/01-1.jpg","type":"image\/jpeg"}],"twitter_misc":{"Disponibilit\u00e0":"In stock"},"schema":{"@context":"https:\/\/schema.org","@graph":[{"@type":"WebPage","@id":"https:\/\/www.sestogrado.it\/it\/prodotto\/petzl-swift-rl-1200-reactive-lighting-lampada-frontale\/","url":"https:\/\/www.sestogrado.it\/it\/prodotto\/petzl-swift-rl-1200-reactive-lighting-lampada-frontale\/","name":"Petzl Swift RL 1200 Reactive Lighting lampada frontale - Sestogrado","isPartOf":{"@id":"https:\/\/www.sestogrado.it\/it\/#website"},"primaryImageOfPage":{"@id":"https:\/\/www.sestogrado.it\/it\/prodotto\/petzl-swift-rl-1200-reactive-lighting-lampada-frontale\/#primaryimage"},"image":{"@id":"https:\/\/www.sestogrado.it\/prodotto\/petzl-swift-rl-1200-reactive-lighting-lampada-frontale\/#primaryimage"},"thumbnailUrl":"https:\/\/www.sestogrado.it\/wp-content\/uploads\/2025\/09\/01-1.jpg","datePublished":"2026-03-18T08:00:49+00:00","dateModified":"2026-04-25T04:14:18+00:00","description":"Con 1200 lumen per 92 g, SWIFT RL \u00e8 la lampada frontale per tutte le vostre escursioni sportive notturne pi\u00f9 impegnative! Dotata della tecnologia REACTIVE LIGHTING, un sensore valuta la luminosit\u00e0 ambientale e adatta automaticamente la potenza d\u2019illuminazione alle vostre esigenze. Ultrasottile, modulare e facile da regolare, la sua fascia elastica sa farsi dimenticare, pur assicurando una stabilit\u00e0 ottimale nelle escursioni dinamiche e impegnative di alpinismo o sci. Si pu\u00f2 contare anche sull\u2019illuminazione rossa, fissa o lampeggiante, in caso di necessit\u00e0. Ricaricabile, sar\u00e0 sempre pronta per accompagnarvi nelle vostre escursioni sotto le stelle.","breadcrumb":{"@id":"https:\/\/www.sestogrado.it\/it\/prodotto\/petzl-swift-rl-1200-reactive-lighting-lampada-frontale\/#breadcrumb"},"inLanguage":"it-IT","potentialAction":[{"@type":"ReadAction","target":[["https:\/\/www.sestogrado.it\/it\/prodotto\/petzl-swift-rl-1200-reactive-lighting-lampada-frontale\/"]]}]},{"@type":"ImageObject","inLanguage":"it-IT","@id":"https:\/\/www.sestogrado.it\/it\/prodotto\/petzl-swift-rl-1200-reactive-lighting-lampada-frontale\/#primaryimage","url":"https:\/\/www.sestogrado.it\/wp-content\/uploads\/2025\/09\/01-1.jpg","contentUrl":"https:\/\/www.sestogrado.it\/wp-content\/uploads\/2025\/09\/01-1.jpg","width":1200,"height":1200,"caption":"swift arancio nero"},{"@type":"BreadcrumbList","@id":"https:\/\/www.sestogrado.it\/it\/prodotto\/petzl-swift-rl-1200-reactive-lighting-lampada-frontale\/#breadcrumb","itemListElement":[{"@type":"ListItem","position":1,"name":"Home","item":"https:\/\/www.sestogrado.it\/it\/"},{"@type":"ListItem","position":2,"name":"Shop","item":"https:\/\/www.sestogrado.it\/it\/shop\/"},{"@type":"ListItem","position":3,"name":"Petzl Swift RL 1200 Reactive Lighting lampada frontale"}]},{"@type":"WebSite","@id":"https:\/\/www.sestogrado.it\/it\/#website","url":"https:\/\/www.sestogrado.it\/it\/","name":"Sestogrado","description":"yes we climb","publisher":{"@id":"https:\/\/www.sestogrado.it\/it\/#organization"},"potentialAction":[{"@type":"SearchAction","target":{"@type":"EntryPoint","urlTemplate":"https:\/\/www.sestogrado.it\/it\/?s={search_term_string}"},"query-input":{"@type":"PropertyValueSpecification","valueRequired":true,"valueName":"search_term_string"}}],"inLanguage":"it-IT"},{"@type":"Organization","@id":"https:\/\/www.sestogrado.it\/it\/#organization","name":"Sestogrado","url":"https:\/\/www.sestogrado.it\/it\/","logo":{"@type":"ImageObject","inLanguage":"it-IT","@id":"https:\/\/www.sestogrado.it\/it\/#\/schema\/logo\/image\/","url":"https:\/\/www.sestogrado.it\/wp-content\/uploads\/2015\/03\/sestogrado-favicon.png","contentUrl":"https:\/\/www.sestogrado.it\/wp-content\/uploads\/2015\/03\/sestogrado-favicon.png","width":260,"height":260,"caption":"Sestogrado"},"image":{"@id":"https:\/\/www.sestogrado.it\/it\/#\/schema\/logo\/image\/"},"sameAs":["https:\/\/www.facebook.com\/pages\/Sestogrado\/1542635979353017?ref=bookmarks","https:\/\/www.youtube.com\/channel\/UC847kAfTkaJsWpc1jtQwr3Q"],"hasMerchantReturnPolicy":{"@type":"MerchantReturnPolicy","merchantReturnLink":"https:\/\/www.sestogrado.it\/it\/termini-e-condizioni\/"}}]},"product_brand":"Petzl","og_availability":"instock","product_availability":"instock","product_condition":"new"},"_links":{"self":[{"href":"https:\/\/www.sestogrado.it\/it\/wp-json\/wp\/v2\/product\/25070","targetHints":{"allow":["GET"]}}],"collection":[{"href":"https:\/\/www.sestogrado.it\/it\/wp-json\/wp\/v2\/product"}],"about":[{"href":"https:\/\/www.sestogrado.it\/it\/wp-json\/wp\/v2\/types\/product"}],"replies":[{"embeddable":true,"href":"https:\/\/www.sestogrado.it\/it\/wp-json\/wp\/v2\/comments?post=25070"}],"wp:featuredmedia":[{"embeddable":true,"href":"https:\/\/www.sestogrado.it\/it\/wp-json\/wp\/v2\/media\/213485"}],"wp:attachment":[{"href":"https:\/\/www.sestogrado.it\/it\/wp-json\/wp\/v2\/media?parent=25070"}],"wp:term":[{"taxonomy":"product_brand","embeddable":true,"href":"https:\/\/www.sestogrado.it\/it\/wp-json\/wp\/v2\/product_brand?post=25070"},{"taxonomy":"product_cat","embeddable":true,"href":"https:\/\/www.sestogrado.it\/it\/wp-json\/wp\/v2\/product_cat?post=25070"},{"taxonomy":"product_tag","embeddable":true,"href":"https:\/\/www.sestogrado.it\/it\/wp-json\/wp\/v2\/product_tag?post=25070"}],"curies":[{"name":"wp","href":"https:\/\/api.w.org\/{rel}","templated":true}]}}