{"id":24923,"date":"2019-12-18T11:03:48","date_gmt":"2019-12-18T10:03:48","guid":{"rendered":"https:\/\/www.sestogrado.it\/?post_type=product&#038;p=24923"},"modified":"2026-04-05T10:38:54","modified_gmt":"2026-04-05T08:38:54","slug":"beal-jammy-anello-di-cordino-in-kevlar-precucito","status":"publish","type":"product","link":"https:\/\/www.sestogrado.it\/it\/prodotto\/beal-jammy-anello-di-cordino-in-kevlar-precucito\/","title":{"rendered":"Beal Jammy anello di cordino in kevlar precucito"},"content":{"rendered":"<p>Il Beal Jammy \u00e8 un anello di cordino in kevlar precucito. Il kevlar \u00e8 un materiale ignifugo, con un punto di fusione altissimo, sopra i 500 gradi, per cui \u00e8 indicato come cordino in tutte le situazioni di sfregamento e surriscaldamento, come tipicamente il nodo Machard e Prusik. Normalmente acquistabile <a href=\"https:\/\/www.sestogrado.it\/it\/prodotto\/beal-aramid-cordino-kevlar-5-5-mm-arrampicata\/\" target=\"_blank\" rel=\"noopener noreferrer\">al metro<\/a> il Beal Jammy \u00e8 un anello di kevlar disponibile in due lunghezze, 50 e 60cm. La precucitura dell&#8217;anello offre massima garanzia di tenuta, senza alcun scorrimento e senza l&#8217;applicazione di nessun nodo.<\/p>\n<ul>\n<li>alta resistenza anche in caso di surriscaldamento<\/li>\n<li>molto flessibile per mantenere il grip anche su corde di piccolo diametro<\/li>\n<li>cucitura protetta da guaina termoretraibile<\/li>\n<li>perfetto per utilizzo intensivo<\/li>\n<li>disponibile in due lunghezze con due differenti colorazioni, 50cm nero, 60cm blu<\/li>\n<\/ul>\n<p>Il Beal Jammy \u00e8 un cordino ad anello di corda realizzato con anima in aramide e calza in poliammide. Usato come Prusik \u00e8 utilizzabile su corda singola e mezza corda, su una o entrambe le mezze corde. Perfetto per creare un nodo autobloccante aumentando la sicurezza durante una discesa su corda, o per creare un bloccante per un paranco veloce. Pu\u00f2 essere utilizzato per allungare una protezione e per protezioni veloci.<\/p>\n<p>&nbsp;<\/p>\n<p>&nbsp;<\/p>\n<p>Beal \u00e8 una azienda francese leader mondiale nella produzione di corde da montagna grazie ad un avanzato sviluppo tecnologico nel processo \u00a0di fabbricazione che gli \u00e8 valso il certificato Iso 9001. Sempre attenta alle esigenze degli arrampicatori, \u00e8 stata in grado di apportare dinamicit\u00e0 alla pratica dell\u2019arrampicata grazie ad un\u2019intensa attivit\u00e0 di ricerca.<\/p>","protected":false},"excerpt":{"rendered":"<p>Il Beal Jammy \u00e8 un anello di cordino in kevlar precucito. Il kevlar \u00e8 un materiale ignifugo, con un punto [&hellip;]<\/p>\n","protected":false},"featured_media":214606,"comment_status":"open","ping_status":"closed","template":"","meta":{"_acf_changed":false},"product_brand":[84],"product_cat":[137],"product_tag":[],"class_list":{"0":"post-24923","1":"product","2":"type-product","3":"status-publish","4":"has-post-thumbnail","6":"product_brand-beal","7":"product_cat-fettucce-e-cordini","9":"first","10":"instock","11":"sale","12":"taxable","13":"shipping-taxable","14":"purchasable","15":"product-type-variable"},"acf":[],"yoast_head":"<!-- This site is optimized with the Yoast SEO plugin v26.4 - https:\/\/yoast.com\/wordpress\/plugins\/seo\/ -->\n<title>Beal Jammy anello di cordino in kevlar precucito - Sestogrado<\/title>\n<meta name=\"description\" content=\"Il Beal Jammy \u00e8 un anello di cordino in kevlar precucito. Il kevlar \u00e8 un materiale ignifugo, con un punto di fusione altissimo, sopra i 500 gradi, per cui \u00e8 indicato come cordino in tutte le situazioni di sfregamento e surriscaldamento, come tipicamente il nodo Machard e Prusik. Normalmente acquistabile al metro il Beal Jammy \u00e8 un anello di kevlar disponibile in due lunghezze, 50 e 60cm. La precucitura dell&#039;anello offre massima garanzia di tenuta, senza alcun scorrimento e senza l&#039;applicazione di nessun nodo.alta resistenza anche in caso di surriscaldamento. Molto flessibile per mantenere il grip anche su corde di piccolo diametro. Cucitura protetta da guaina termoretraibile. Perfetto per utilizzo intensivo. Disponibile in due lunghezze con due differenti colorazioni, 50cm nero, 60cm blu.\" \/>\n<meta name=\"robots\" content=\"index, follow, max-snippet:-1, max-image-preview:large, max-video-preview:-1\" \/>\n<link rel=\"canonical\" href=\"https:\/\/www.sestogrado.it\/it\/prodotto\/beal-jammy-anello-di-cordino-in-kevlar-precucito\/\" \/>\n<meta property=\"og:locale\" content=\"it_IT\" \/>\n<meta property=\"og:type\" content=\"article\" \/>\n<meta property=\"og:title\" content=\"Beal Jammy anello di cordino in kevlar precucito - Sestogrado\" \/>\n<meta property=\"og:description\" content=\"Il Beal Jammy \u00e8 un anello di cordino in kevlar precucito. Il kevlar \u00e8 un materiale ignifugo, con un punto di fusione altissimo, sopra i 500 gradi, per cui \u00e8 indicato come cordino in tutte le situazioni di sfregamento e surriscaldamento, come tipicamente il nodo Machard e Prusik. Normalmente acquistabile al metro il Beal Jammy \u00e8 un anello di kevlar disponibile in due lunghezze, 50 e 60cm. La precucitura dell&#039;anello offre massima garanzia di tenuta, senza alcun scorrimento e senza l&#039;applicazione di nessun nodo.alta resistenza anche in caso di surriscaldamento. Molto flessibile per mantenere il grip anche su corde di piccolo diametro. Cucitura protetta da guaina termoretraibile. Perfetto per utilizzo intensivo. Disponibile in due lunghezze con due differenti colorazioni, 50cm nero, 60cm blu.\" \/>\n<meta property=\"og:url\" content=\"https:\/\/www.sestogrado.it\/it\/prodotto\/beal-jammy-anello-di-cordino-in-kevlar-precucito\/\" \/>\n<meta property=\"og:site_name\" content=\"Sestogrado\" \/>\n<meta property=\"article:publisher\" content=\"https:\/\/www.facebook.com\/pages\/Sestogrado\/1542635979353017?ref=bookmarks\" \/>\n<meta property=\"article:modified_time\" content=\"2026-04-05T08:38:54+00:00\" \/>\n<meta property=\"og:image\" content=\"https:\/\/www.sestogrado.it\/wp-content\/uploads\/2019\/12\/beal_jammy_anello_kevlar_1_1_1.jpg\" \/>\n\t<meta property=\"og:image:width\" content=\"800\" \/>\n\t<meta property=\"og:image:height\" content=\"800\" \/>\n\t<meta property=\"og:image:type\" content=\"image\/jpeg\" \/>\n<meta name=\"twitter:label1\" content=\"Disponibilit\u00e0\" \/>\n\t<meta name=\"twitter:data1\" content=\"In stock\" \/>\n<script type=\"application\/ld+json\" class=\"yoast-schema-graph\">{\"@context\":\"https:\/\/schema.org\",\"@graph\":[{\"@type\":\"WebPage\",\"@id\":\"https:\/\/www.sestogrado.it\/it\/prodotto\/beal-jammy-anello-di-cordino-in-kevlar-precucito\/\",\"url\":\"https:\/\/www.sestogrado.it\/it\/prodotto\/beal-jammy-anello-di-cordino-in-kevlar-precucito\/\",\"name\":\"Beal Jammy anello di cordino in kevlar precucito - Sestogrado\",\"isPartOf\":{\"@id\":\"https:\/\/www.sestogrado.it\/it\/#website\"},\"primaryImageOfPage\":{\"@id\":\"https:\/\/www.sestogrado.it\/it\/prodotto\/beal-jammy-anello-di-cordino-in-kevlar-precucito\/#primaryimage\"},\"image\":{\"@id\":\"https:\/\/www.sestogrado.it\/prodotto\/beal-jammy-anello-di-cordino-in-kevlar-precucito\/#primaryimage\"},\"thumbnailUrl\":\"https:\/\/www.sestogrado.it\/wp-content\/uploads\/2019\/12\/beal_jammy_anello_kevlar_1_1_1.jpg\",\"datePublished\":\"2019-12-18T10:03:48+00:00\",\"dateModified\":\"2026-04-05T08:38:54+00:00\",\"description\":\"Il Beal Jammy \u00e8 un anello di cordino in kevlar precucito. Il kevlar \u00e8 un materiale ignifugo, con un punto di fusione altissimo, sopra i 500 gradi, per cui \u00e8 indicato come cordino in tutte le situazioni di sfregamento e surriscaldamento, come tipicamente il nodo Machard e Prusik. Normalmente acquistabile al metro il Beal Jammy \u00e8 un anello di kevlar disponibile in due lunghezze, 50 e 60cm. La precucitura dell'anello offre massima garanzia di tenuta, senza alcun scorrimento e senza l'applicazione di nessun nodo.alta resistenza anche in caso di surriscaldamento. Molto flessibile per mantenere il grip anche su corde di piccolo diametro. Cucitura protetta da guaina termoretraibile. Perfetto per utilizzo intensivo. Disponibile in due lunghezze con due differenti colorazioni, 50cm nero, 60cm blu.\",\"breadcrumb\":{\"@id\":\"https:\/\/www.sestogrado.it\/it\/prodotto\/beal-jammy-anello-di-cordino-in-kevlar-precucito\/#breadcrumb\"},\"inLanguage\":\"it-IT\",\"potentialAction\":[{\"@type\":\"ReadAction\",\"target\":[[\"https:\/\/www.sestogrado.it\/it\/prodotto\/beal-jammy-anello-di-cordino-in-kevlar-precucito\/\"]]}]},{\"@type\":\"ImageObject\",\"inLanguage\":\"it-IT\",\"@id\":\"https:\/\/www.sestogrado.it\/it\/prodotto\/beal-jammy-anello-di-cordino-in-kevlar-precucito\/#primaryimage\",\"url\":\"https:\/\/www.sestogrado.it\/wp-content\/uploads\/2019\/12\/beal_jammy_anello_kevlar_1_1_1.jpg\",\"contentUrl\":\"https:\/\/www.sestogrado.it\/wp-content\/uploads\/2019\/12\/beal_jammy_anello_kevlar_1_1_1.jpg\",\"width\":800,\"height\":800,\"caption\":\"jammy 60\"},{\"@type\":\"BreadcrumbList\",\"@id\":\"https:\/\/www.sestogrado.it\/it\/prodotto\/beal-jammy-anello-di-cordino-in-kevlar-precucito\/#breadcrumb\",\"itemListElement\":[{\"@type\":\"ListItem\",\"position\":1,\"name\":\"Home\",\"item\":\"https:\/\/www.sestogrado.it\/it\/\"},{\"@type\":\"ListItem\",\"position\":2,\"name\":\"Shop\",\"item\":\"https:\/\/www.sestogrado.it\/it\/shop\/\"},{\"@type\":\"ListItem\",\"position\":3,\"name\":\"Beal Jammy anello di cordino in kevlar precucito\"}]},{\"@type\":\"WebSite\",\"@id\":\"https:\/\/www.sestogrado.it\/it\/#website\",\"url\":\"https:\/\/www.sestogrado.it\/it\/\",\"name\":\"Sestogrado\",\"description\":\"yes we climb\",\"publisher\":{\"@id\":\"https:\/\/www.sestogrado.it\/it\/#organization\"},\"potentialAction\":[{\"@type\":\"SearchAction\",\"target\":{\"@type\":\"EntryPoint\",\"urlTemplate\":\"https:\/\/www.sestogrado.it\/it\/?s={search_term_string}\"},\"query-input\":{\"@type\":\"PropertyValueSpecification\",\"valueRequired\":true,\"valueName\":\"search_term_string\"}}],\"inLanguage\":\"it-IT\"},{\"@type\":\"Organization\",\"@id\":\"https:\/\/www.sestogrado.it\/it\/#organization\",\"name\":\"Sestogrado\",\"url\":\"https:\/\/www.sestogrado.it\/it\/\",\"logo\":{\"@type\":\"ImageObject\",\"inLanguage\":\"it-IT\",\"@id\":\"https:\/\/www.sestogrado.it\/it\/#\/schema\/logo\/image\/\",\"url\":\"https:\/\/www.sestogrado.it\/wp-content\/uploads\/2015\/03\/sestogrado-favicon.png\",\"contentUrl\":\"https:\/\/www.sestogrado.it\/wp-content\/uploads\/2015\/03\/sestogrado-favicon.png\",\"width\":260,\"height\":260,\"caption\":\"Sestogrado\"},\"image\":{\"@id\":\"https:\/\/www.sestogrado.it\/it\/#\/schema\/logo\/image\/\"},\"sameAs\":[\"https:\/\/www.facebook.com\/pages\/Sestogrado\/1542635979353017?ref=bookmarks\",\"https:\/\/www.youtube.com\/channel\/UC847kAfTkaJsWpc1jtQwr3Q\"],\"hasMerchantReturnPolicy\":{\"@type\":\"MerchantReturnPolicy\",\"merchantReturnLink\":\"https:\/\/www.sestogrado.it\/it\/termini-e-condizioni\/\"}}]}<\/script>\n<meta property=\"product:brand\" content=\"Beal\" \/>\n<meta property=\"og:availability\" content=\"instock\" \/>\n<meta property=\"product:availability\" content=\"instock\" \/>\n<meta property=\"product:condition\" content=\"new\" \/>\n<!-- \/ Yoast SEO plugin. -->","yoast_head_json":{"title":"Beal Jammy anello di cordino in kevlar precucito - Sestogrado","description":"Il Beal Jammy \u00e8 un anello di cordino in kevlar precucito. Il kevlar \u00e8 un materiale ignifugo, con un punto di fusione altissimo, sopra i 500 gradi, per cui \u00e8 indicato come cordino in tutte le situazioni di sfregamento e surriscaldamento, come tipicamente il nodo Machard e Prusik. Normalmente acquistabile al metro il Beal Jammy \u00e8 un anello di kevlar disponibile in due lunghezze, 50 e 60cm. La precucitura dell'anello offre massima garanzia di tenuta, senza alcun scorrimento e senza l'applicazione di nessun nodo.alta resistenza anche in caso di surriscaldamento. Molto flessibile per mantenere il grip anche su corde di piccolo diametro. Cucitura protetta da guaina termoretraibile. Perfetto per utilizzo intensivo. Disponibile in due lunghezze con due differenti colorazioni, 50cm nero, 60cm blu.","robots":{"index":"index","follow":"follow","max-snippet":"max-snippet:-1","max-image-preview":"max-image-preview:large","max-video-preview":"max-video-preview:-1"},"canonical":"https:\/\/www.sestogrado.it\/it\/prodotto\/beal-jammy-anello-di-cordino-in-kevlar-precucito\/","og_locale":"it_IT","og_type":"article","og_title":"Beal Jammy anello di cordino in kevlar precucito - Sestogrado","og_description":"Il Beal Jammy \u00e8 un anello di cordino in kevlar precucito. Il kevlar \u00e8 un materiale ignifugo, con un punto di fusione altissimo, sopra i 500 gradi, per cui \u00e8 indicato come cordino in tutte le situazioni di sfregamento e surriscaldamento, come tipicamente il nodo Machard e Prusik. Normalmente acquistabile al metro il Beal Jammy \u00e8 un anello di kevlar disponibile in due lunghezze, 50 e 60cm. La precucitura dell'anello offre massima garanzia di tenuta, senza alcun scorrimento e senza l'applicazione di nessun nodo.alta resistenza anche in caso di surriscaldamento. Molto flessibile per mantenere il grip anche su corde di piccolo diametro. Cucitura protetta da guaina termoretraibile. Perfetto per utilizzo intensivo. Disponibile in due lunghezze con due differenti colorazioni, 50cm nero, 60cm blu.","og_url":"https:\/\/www.sestogrado.it\/it\/prodotto\/beal-jammy-anello-di-cordino-in-kevlar-precucito\/","og_site_name":"Sestogrado","article_publisher":"https:\/\/www.facebook.com\/pages\/Sestogrado\/1542635979353017?ref=bookmarks","article_modified_time":"2026-04-05T08:38:54+00:00","og_image":[{"width":800,"height":800,"url":"https:\/\/www.sestogrado.it\/wp-content\/uploads\/2019\/12\/beal_jammy_anello_kevlar_1_1_1.jpg","type":"image\/jpeg"}],"twitter_misc":{"Disponibilit\u00e0":"In stock"},"schema":{"@context":"https:\/\/schema.org","@graph":[{"@type":"WebPage","@id":"https:\/\/www.sestogrado.it\/it\/prodotto\/beal-jammy-anello-di-cordino-in-kevlar-precucito\/","url":"https:\/\/www.sestogrado.it\/it\/prodotto\/beal-jammy-anello-di-cordino-in-kevlar-precucito\/","name":"Beal Jammy anello di cordino in kevlar precucito - Sestogrado","isPartOf":{"@id":"https:\/\/www.sestogrado.it\/it\/#website"},"primaryImageOfPage":{"@id":"https:\/\/www.sestogrado.it\/it\/prodotto\/beal-jammy-anello-di-cordino-in-kevlar-precucito\/#primaryimage"},"image":{"@id":"https:\/\/www.sestogrado.it\/prodotto\/beal-jammy-anello-di-cordino-in-kevlar-precucito\/#primaryimage"},"thumbnailUrl":"https:\/\/www.sestogrado.it\/wp-content\/uploads\/2019\/12\/beal_jammy_anello_kevlar_1_1_1.jpg","datePublished":"2019-12-18T10:03:48+00:00","dateModified":"2026-04-05T08:38:54+00:00","description":"Il Beal Jammy \u00e8 un anello di cordino in kevlar precucito. Il kevlar \u00e8 un materiale ignifugo, con un punto di fusione altissimo, sopra i 500 gradi, per cui \u00e8 indicato come cordino in tutte le situazioni di sfregamento e surriscaldamento, come tipicamente il nodo Machard e Prusik. Normalmente acquistabile al metro il Beal Jammy \u00e8 un anello di kevlar disponibile in due lunghezze, 50 e 60cm. La precucitura dell'anello offre massima garanzia di tenuta, senza alcun scorrimento e senza l'applicazione di nessun nodo.alta resistenza anche in caso di surriscaldamento. Molto flessibile per mantenere il grip anche su corde di piccolo diametro. Cucitura protetta da guaina termoretraibile. Perfetto per utilizzo intensivo. Disponibile in due lunghezze con due differenti colorazioni, 50cm nero, 60cm blu.","breadcrumb":{"@id":"https:\/\/www.sestogrado.it\/it\/prodotto\/beal-jammy-anello-di-cordino-in-kevlar-precucito\/#breadcrumb"},"inLanguage":"it-IT","potentialAction":[{"@type":"ReadAction","target":[["https:\/\/www.sestogrado.it\/it\/prodotto\/beal-jammy-anello-di-cordino-in-kevlar-precucito\/"]]}]},{"@type":"ImageObject","inLanguage":"it-IT","@id":"https:\/\/www.sestogrado.it\/it\/prodotto\/beal-jammy-anello-di-cordino-in-kevlar-precucito\/#primaryimage","url":"https:\/\/www.sestogrado.it\/wp-content\/uploads\/2019\/12\/beal_jammy_anello_kevlar_1_1_1.jpg","contentUrl":"https:\/\/www.sestogrado.it\/wp-content\/uploads\/2019\/12\/beal_jammy_anello_kevlar_1_1_1.jpg","width":800,"height":800,"caption":"jammy 60"},{"@type":"BreadcrumbList","@id":"https:\/\/www.sestogrado.it\/it\/prodotto\/beal-jammy-anello-di-cordino-in-kevlar-precucito\/#breadcrumb","itemListElement":[{"@type":"ListItem","position":1,"name":"Home","item":"https:\/\/www.sestogrado.it\/it\/"},{"@type":"ListItem","position":2,"name":"Shop","item":"https:\/\/www.sestogrado.it\/it\/shop\/"},{"@type":"ListItem","position":3,"name":"Beal Jammy anello di cordino in kevlar precucito"}]},{"@type":"WebSite","@id":"https:\/\/www.sestogrado.it\/it\/#website","url":"https:\/\/www.sestogrado.it\/it\/","name":"Sestogrado","description":"yes we climb","publisher":{"@id":"https:\/\/www.sestogrado.it\/it\/#organization"},"potentialAction":[{"@type":"SearchAction","target":{"@type":"EntryPoint","urlTemplate":"https:\/\/www.sestogrado.it\/it\/?s={search_term_string}"},"query-input":{"@type":"PropertyValueSpecification","valueRequired":true,"valueName":"search_term_string"}}],"inLanguage":"it-IT"},{"@type":"Organization","@id":"https:\/\/www.sestogrado.it\/it\/#organization","name":"Sestogrado","url":"https:\/\/www.sestogrado.it\/it\/","logo":{"@type":"ImageObject","inLanguage":"it-IT","@id":"https:\/\/www.sestogrado.it\/it\/#\/schema\/logo\/image\/","url":"https:\/\/www.sestogrado.it\/wp-content\/uploads\/2015\/03\/sestogrado-favicon.png","contentUrl":"https:\/\/www.sestogrado.it\/wp-content\/uploads\/2015\/03\/sestogrado-favicon.png","width":260,"height":260,"caption":"Sestogrado"},"image":{"@id":"https:\/\/www.sestogrado.it\/it\/#\/schema\/logo\/image\/"},"sameAs":["https:\/\/www.facebook.com\/pages\/Sestogrado\/1542635979353017?ref=bookmarks","https:\/\/www.youtube.com\/channel\/UC847kAfTkaJsWpc1jtQwr3Q"],"hasMerchantReturnPolicy":{"@type":"MerchantReturnPolicy","merchantReturnLink":"https:\/\/www.sestogrado.it\/it\/termini-e-condizioni\/"}}]},"product_brand":"Beal","og_availability":"instock","product_availability":"instock","product_condition":"new"},"_links":{"self":[{"href":"https:\/\/www.sestogrado.it\/it\/wp-json\/wp\/v2\/product\/24923","targetHints":{"allow":["GET"]}}],"collection":[{"href":"https:\/\/www.sestogrado.it\/it\/wp-json\/wp\/v2\/product"}],"about":[{"href":"https:\/\/www.sestogrado.it\/it\/wp-json\/wp\/v2\/types\/product"}],"replies":[{"embeddable":true,"href":"https:\/\/www.sestogrado.it\/it\/wp-json\/wp\/v2\/comments?post=24923"}],"wp:featuredmedia":[{"embeddable":true,"href":"https:\/\/www.sestogrado.it\/it\/wp-json\/wp\/v2\/media\/214606"}],"wp:attachment":[{"href":"https:\/\/www.sestogrado.it\/it\/wp-json\/wp\/v2\/media?parent=24923"}],"wp:term":[{"taxonomy":"product_brand","embeddable":true,"href":"https:\/\/www.sestogrado.it\/it\/wp-json\/wp\/v2\/product_brand?post=24923"},{"taxonomy":"product_cat","embeddable":true,"href":"https:\/\/www.sestogrado.it\/it\/wp-json\/wp\/v2\/product_cat?post=24923"},{"taxonomy":"product_tag","embeddable":true,"href":"https:\/\/www.sestogrado.it\/it\/wp-json\/wp\/v2\/product_tag?post=24923"}],"curies":[{"name":"wp","href":"https:\/\/api.w.org\/{rel}","templated":true}]}}