{"id":24890,"date":"2019-12-12T10:55:26","date_gmt":"2019-12-12T09:55:26","guid":{"rendered":"https:\/\/www.sestogrado.it\/?post_type=product&#038;p=24890"},"modified":"2025-09-11T14:48:34","modified_gmt":"2025-09-11T12:48:34","slug":"grivel-radical-light-21-zaino-alpinismo","status":"publish","type":"product","link":"https:\/\/www.sestogrado.it\/it\/prodotto\/grivel-radical-light-21-zaino-alpinismo\/","title":{"rendered":"Grivel Radical Light 21 zaino alpinismo"},"content":{"rendered":"<p>Il Grivel Radical Light 21 \u00e8 uno zaino versatile e compatto per arrampicata ed alpinismo fast &amp; light. Lo zaino \u00e8 disegnato per alpinismo tecnico, con il suo peso leggero, solo 525 grammi, versatilit\u00e0 e praticit\u00e0. E&#8217; uno zaino da 21 litri che pu\u00f2 essere utilizzato per una variet\u00e0 di attivit\u00e0 outdoor. Ha un sistema a doppia chiusura che funziona bene in ogni configurazione, a zaino pieno o parzialmente pieno. E&#8217; equipaggiato con una serie di accessori che lo rendono molto versatile: doppi agganci rimovibili per piccozze da ghiaccio, una cinghia superiore che pu\u00f2 essere utilizzata come porta casco o porta corda, una tasca frontale ed una zip che da accesso a molto spazio. Un accesso laterale per l&#8217;acqua, una cinghia pettorale rimovibile ed una cintura ventrale rimovibile.<\/p>\n<p>La forma affusolata nella parte inferiore consente un facile accesso a portamateriali, magnesite o altro.<\/p>\n<ul>\n<li>forma pulita ed ergonomica<\/li>\n<li>chiusura a doppio cordino, per miglior compattezza in tutte le situazioni<\/li>\n<li>peso: 525g<\/li>\n<\/ul>\n<p>Il Grivel Radical Light 21 \u00e8 uno zaino tecnico, leggero e compatto, idoneo per alpinismo tecnico, scialpinismo o arrampicata.<\/p>\n<p><img decoding=\"async\" class=\"img-fluid alignnone wp-image-101962 size-full\" src=\"https:\/\/www.sestogrado.it\/wp-content\/uploads\/2019\/12\/Immagine-2022-05-17-162706.jpg\" alt=\"Grivel Radical Light 21\" width=\"1280\" height=\"696\" srcset=\"https:\/\/www.sestogrado.it\/wp-content\/uploads\/2019\/12\/Immagine-2022-05-17-162706.jpg 1280w, https:\/\/www.sestogrado.it\/wp-content\/uploads\/2019\/12\/Immagine-2022-05-17-162706-750x408.jpg 750w, https:\/\/www.sestogrado.it\/wp-content\/uploads\/2019\/12\/Immagine-2022-05-17-162706-300x163.jpg 300w, https:\/\/www.sestogrado.it\/wp-content\/uploads\/2019\/12\/Immagine-2022-05-17-162706-1024x557.jpg 1024w, https:\/\/www.sestogrado.it\/wp-content\/uploads\/2019\/12\/Immagine-2022-05-17-162706-768x418.jpg 768w, https:\/\/www.sestogrado.it\/wp-content\/uploads\/2019\/12\/Immagine-2022-05-17-162706-635x345.jpg 635w, https:\/\/www.sestogrado.it\/wp-content\/uploads\/2019\/12\/Immagine-2022-05-17-162706-147x80.jpg 147w, https:\/\/www.sestogrado.it\/wp-content\/uploads\/2019\/12\/Immagine-2022-05-17-162706-110x60.jpg 110w, https:\/\/www.sestogrado.it\/wp-content\/uploads\/2019\/12\/Immagine-2022-05-17-162706-166x90.jpg 166w\" sizes=\"(max-width: 1280px) 100vw, 1280px\" \/><\/p>\n<p>Nata nel 1818 a Courmayeur, la Grivel \u00e8 un\u2019azienda italiana che produce attrezzature ed equipaggiamenti per alpinismo, arrampicata ed outdoor esportando in 26 paesi.\u00a0\u00a0L\u2019azienda ha ottenuto la certificazione GS T\u00dcV dal 1992, ISO 9001 dal 1996, ISO 1400 dal 2004.\u00a0L\u2019obiettivo di\u00a0Grivel \u00e8 di facilitare la vita agli alpinisti e agli amanti della montagna\u00a0con prodotti tecnologicamente avanzati.<\/p>","protected":false},"excerpt":{"rendered":"<p>Il Grivel Radical Light 21 \u00e8 uno zaino versatile e compatto per arrampicata ed alpinismo fast &amp; light. Lo zaino [&hellip;]<\/p>\n","protected":false},"featured_media":24891,"comment_status":"open","ping_status":"closed","template":"","meta":{"_acf_changed":false},"product_brand":[126],"product_cat":[389],"product_tag":[],"class_list":{"0":"post-24890","1":"product","2":"type-product","3":"status-publish","4":"has-post-thumbnail","6":"product_brand-grivel","7":"product_cat-zaini-alpinismo","9":"first","10":"outofstock","11":"sale","12":"taxable","13":"shipping-taxable","14":"purchasable","15":"product-type-simple"},"acf":[],"yoast_head":"<!-- This site is optimized with the Yoast SEO plugin v26.4 - https:\/\/yoast.com\/wordpress\/plugins\/seo\/ -->\n<title>Grivel Radical Light 21 zaino alpinismo - Sestogrado<\/title>\n<meta name=\"description\" content=\"Il Grivel Radical Light 21 \u00e8 uno zaino versatile e compatto per arrampicata ed alpinismo fast &amp; light. Lo zaino \u00e8 disegnato per alpinismo tecnico, con il suo peso leggero, solo 525 grammi, versatilit\u00e0 e praticit\u00e0. E&#039; uno zaino da 21 litri che pu\u00f2 essere utilizzato per una variet\u00e0 di attivit\u00e0 outdoor. Ha un sistema a doppia chiusura che funziona bene in ogni configurazione, a zaino pieno o parzialmente pieno. E&#039; equipaggiato con una serie di accessori che lo rendono molto versatile: doppi agganci rimovibili per piccozze da ghiaccio, una cinghia superiore che pu\u00f2 essere utilizzata come porta casco o porta corda, una tasca frontale ed una zip che da accesso a molto spazio. Un accesso laterale per l&#039;acqua, una cinghia pettorale rimovibile ed una cintura ventrale rimovibile.La forma affusolata nella parte inferiore consente un facile accesso a portamateriali, magnesite o altro.\" \/>\n<meta name=\"robots\" content=\"index, follow, max-snippet:-1, max-image-preview:large, max-video-preview:-1\" \/>\n<link rel=\"canonical\" href=\"https:\/\/www.sestogrado.it\/it\/prodotto\/grivel-radical-light-21-zaino-alpinismo\/\" \/>\n<meta property=\"og:locale\" content=\"it_IT\" \/>\n<meta property=\"og:type\" content=\"article\" \/>\n<meta property=\"og:title\" content=\"Grivel Radical Light 21 zaino alpinismo - Sestogrado\" \/>\n<meta property=\"og:description\" content=\"Il Grivel Radical Light 21 \u00e8 uno zaino versatile e compatto per arrampicata ed alpinismo fast &amp; light. Lo zaino \u00e8 disegnato per alpinismo tecnico, con il suo peso leggero, solo 525 grammi, versatilit\u00e0 e praticit\u00e0. E&#039; uno zaino da 21 litri che pu\u00f2 essere utilizzato per una variet\u00e0 di attivit\u00e0 outdoor. Ha un sistema a doppia chiusura che funziona bene in ogni configurazione, a zaino pieno o parzialmente pieno. E&#039; equipaggiato con una serie di accessori che lo rendono molto versatile: doppi agganci rimovibili per piccozze da ghiaccio, una cinghia superiore che pu\u00f2 essere utilizzata come porta casco o porta corda, una tasca frontale ed una zip che da accesso a molto spazio. Un accesso laterale per l&#039;acqua, una cinghia pettorale rimovibile ed una cintura ventrale rimovibile.La forma affusolata nella parte inferiore consente un facile accesso a portamateriali, magnesite o altro.\" \/>\n<meta property=\"og:url\" content=\"https:\/\/www.sestogrado.it\/it\/prodotto\/grivel-radical-light-21-zaino-alpinismo\/\" \/>\n<meta property=\"og:site_name\" content=\"Sestogrado\" \/>\n<meta property=\"article:publisher\" content=\"https:\/\/www.facebook.com\/pages\/Sestogrado\/1542635979353017?ref=bookmarks\" \/>\n<meta property=\"article:modified_time\" content=\"2025-09-11T12:48:34+00:00\" \/>\n<meta property=\"og:image\" content=\"https:\/\/www.sestogrado.it\/wp-content\/uploads\/2019\/12\/01-2.jpg\" \/>\n\t<meta property=\"og:image:width\" content=\"1000\" \/>\n\t<meta property=\"og:image:height\" content=\"1000\" \/>\n\t<meta property=\"og:image:type\" content=\"image\/jpeg\" \/>\n<meta name=\"twitter:label1\" content=\"Prezzo\" \/>\n\t<meta name=\"twitter:data1\" content=\"&euro;&nbsp;89,00\" \/>\n\t<meta name=\"twitter:label2\" content=\"Disponibilit\u00e0\" \/>\n\t<meta name=\"twitter:data2\" content=\"Esaurito\" \/>\n<script type=\"application\/ld+json\" class=\"yoast-schema-graph\">{\"@context\":\"https:\/\/schema.org\",\"@graph\":[{\"@type\":\"WebPage\",\"@id\":\"https:\/\/www.sestogrado.it\/it\/prodotto\/grivel-radical-light-21-zaino-alpinismo\/\",\"url\":\"https:\/\/www.sestogrado.it\/it\/prodotto\/grivel-radical-light-21-zaino-alpinismo\/\",\"name\":\"Grivel Radical Light 21 zaino alpinismo - Sestogrado\",\"isPartOf\":{\"@id\":\"https:\/\/www.sestogrado.it\/it\/#website\"},\"primaryImageOfPage\":{\"@id\":\"https:\/\/www.sestogrado.it\/it\/prodotto\/grivel-radical-light-21-zaino-alpinismo\/#primaryimage\"},\"image\":{\"@id\":\"https:\/\/www.sestogrado.it\/prodotto\/grivel-radical-light-21-zaino-alpinismo\/#primaryimage\"},\"thumbnailUrl\":\"https:\/\/www.sestogrado.it\/wp-content\/uploads\/2019\/12\/01-2.jpg\",\"datePublished\":\"2019-12-12T09:55:26+00:00\",\"dateModified\":\"2025-09-11T12:48:34+00:00\",\"description\":\"Il Grivel Radical Light 21 \u00e8 uno zaino versatile e compatto per arrampicata ed alpinismo fast & light. Lo zaino \u00e8 disegnato per alpinismo tecnico, con il suo peso leggero, solo 525 grammi, versatilit\u00e0 e praticit\u00e0. E' uno zaino da 21 litri che pu\u00f2 essere utilizzato per una variet\u00e0 di attivit\u00e0 outdoor. Ha un sistema a doppia chiusura che funziona bene in ogni configurazione, a zaino pieno o parzialmente pieno. E' equipaggiato con una serie di accessori che lo rendono molto versatile: doppi agganci rimovibili per piccozze da ghiaccio, una cinghia superiore che pu\u00f2 essere utilizzata come porta casco o porta corda, una tasca frontale ed una zip che da accesso a molto spazio. Un accesso laterale per l'acqua, una cinghia pettorale rimovibile ed una cintura ventrale rimovibile.La forma affusolata nella parte inferiore consente un facile accesso a portamateriali, magnesite o altro.\",\"breadcrumb\":{\"@id\":\"https:\/\/www.sestogrado.it\/it\/prodotto\/grivel-radical-light-21-zaino-alpinismo\/#breadcrumb\"},\"inLanguage\":\"it-IT\",\"potentialAction\":[{\"@type\":\"ReadAction\",\"target\":[[\"https:\/\/www.sestogrado.it\/it\/prodotto\/grivel-radical-light-21-zaino-alpinismo\/\"]]}]},{\"@type\":\"ImageObject\",\"inLanguage\":\"it-IT\",\"@id\":\"https:\/\/www.sestogrado.it\/it\/prodotto\/grivel-radical-light-21-zaino-alpinismo\/#primaryimage\",\"url\":\"https:\/\/www.sestogrado.it\/wp-content\/uploads\/2019\/12\/01-2.jpg\",\"contentUrl\":\"https:\/\/www.sestogrado.it\/wp-content\/uploads\/2019\/12\/01-2.jpg\",\"width\":1000,\"height\":1000,\"caption\":\"grivel radical light 21\"},{\"@type\":\"BreadcrumbList\",\"@id\":\"https:\/\/www.sestogrado.it\/it\/prodotto\/grivel-radical-light-21-zaino-alpinismo\/#breadcrumb\",\"itemListElement\":[{\"@type\":\"ListItem\",\"position\":1,\"name\":\"Home\",\"item\":\"https:\/\/www.sestogrado.it\/it\/\"},{\"@type\":\"ListItem\",\"position\":2,\"name\":\"Shop\",\"item\":\"https:\/\/www.sestogrado.it\/it\/shop\/\"},{\"@type\":\"ListItem\",\"position\":3,\"name\":\"Grivel Radical Light 21 zaino alpinismo\"}]},{\"@type\":\"WebSite\",\"@id\":\"https:\/\/www.sestogrado.it\/it\/#website\",\"url\":\"https:\/\/www.sestogrado.it\/it\/\",\"name\":\"Sestogrado\",\"description\":\"yes we climb\",\"publisher\":{\"@id\":\"https:\/\/www.sestogrado.it\/it\/#organization\"},\"potentialAction\":[{\"@type\":\"SearchAction\",\"target\":{\"@type\":\"EntryPoint\",\"urlTemplate\":\"https:\/\/www.sestogrado.it\/it\/?s={search_term_string}\"},\"query-input\":{\"@type\":\"PropertyValueSpecification\",\"valueRequired\":true,\"valueName\":\"search_term_string\"}}],\"inLanguage\":\"it-IT\"},{\"@type\":\"Organization\",\"@id\":\"https:\/\/www.sestogrado.it\/it\/#organization\",\"name\":\"Sestogrado\",\"url\":\"https:\/\/www.sestogrado.it\/it\/\",\"logo\":{\"@type\":\"ImageObject\",\"inLanguage\":\"it-IT\",\"@id\":\"https:\/\/www.sestogrado.it\/it\/#\/schema\/logo\/image\/\",\"url\":\"https:\/\/www.sestogrado.it\/wp-content\/uploads\/2015\/03\/sestogrado-favicon.png\",\"contentUrl\":\"https:\/\/www.sestogrado.it\/wp-content\/uploads\/2015\/03\/sestogrado-favicon.png\",\"width\":260,\"height\":260,\"caption\":\"Sestogrado\"},\"image\":{\"@id\":\"https:\/\/www.sestogrado.it\/it\/#\/schema\/logo\/image\/\"},\"sameAs\":[\"https:\/\/www.facebook.com\/pages\/Sestogrado\/1542635979353017?ref=bookmarks\",\"https:\/\/www.youtube.com\/channel\/UC847kAfTkaJsWpc1jtQwr3Q\"],\"hasMerchantReturnPolicy\":{\"@type\":\"MerchantReturnPolicy\",\"merchantReturnLink\":\"https:\/\/www.sestogrado.it\/it\/termini-e-condizioni\/\"}}]}<\/script>\n<meta property=\"product:brand\" content=\"Grivel\" \/>\n<meta property=\"product:price:amount\" content=\"89.00\" \/>\n<meta property=\"product:price:currency\" content=\"EUR\" \/>\n<meta property=\"og:availability\" content=\"out of stock\" \/>\n<meta property=\"product:availability\" content=\"out of stock\" \/>\n<meta property=\"product:condition\" content=\"new\" \/>\n<!-- \/ Yoast SEO plugin. -->","yoast_head_json":{"title":"Grivel Radical Light 21 zaino alpinismo - Sestogrado","description":"Il Grivel Radical Light 21 \u00e8 uno zaino versatile e compatto per arrampicata ed alpinismo fast & light. Lo zaino \u00e8 disegnato per alpinismo tecnico, con il suo peso leggero, solo 525 grammi, versatilit\u00e0 e praticit\u00e0. E' uno zaino da 21 litri che pu\u00f2 essere utilizzato per una variet\u00e0 di attivit\u00e0 outdoor. Ha un sistema a doppia chiusura che funziona bene in ogni configurazione, a zaino pieno o parzialmente pieno. E' equipaggiato con una serie di accessori che lo rendono molto versatile: doppi agganci rimovibili per piccozze da ghiaccio, una cinghia superiore che pu\u00f2 essere utilizzata come porta casco o porta corda, una tasca frontale ed una zip che da accesso a molto spazio. Un accesso laterale per l'acqua, una cinghia pettorale rimovibile ed una cintura ventrale rimovibile.La forma affusolata nella parte inferiore consente un facile accesso a portamateriali, magnesite o altro.","robots":{"index":"index","follow":"follow","max-snippet":"max-snippet:-1","max-image-preview":"max-image-preview:large","max-video-preview":"max-video-preview:-1"},"canonical":"https:\/\/www.sestogrado.it\/it\/prodotto\/grivel-radical-light-21-zaino-alpinismo\/","og_locale":"it_IT","og_type":"article","og_title":"Grivel Radical Light 21 zaino alpinismo - Sestogrado","og_description":"Il Grivel Radical Light 21 \u00e8 uno zaino versatile e compatto per arrampicata ed alpinismo fast & light. Lo zaino \u00e8 disegnato per alpinismo tecnico, con il suo peso leggero, solo 525 grammi, versatilit\u00e0 e praticit\u00e0. E' uno zaino da 21 litri che pu\u00f2 essere utilizzato per una variet\u00e0 di attivit\u00e0 outdoor. Ha un sistema a doppia chiusura che funziona bene in ogni configurazione, a zaino pieno o parzialmente pieno. E' equipaggiato con una serie di accessori che lo rendono molto versatile: doppi agganci rimovibili per piccozze da ghiaccio, una cinghia superiore che pu\u00f2 essere utilizzata come porta casco o porta corda, una tasca frontale ed una zip che da accesso a molto spazio. Un accesso laterale per l'acqua, una cinghia pettorale rimovibile ed una cintura ventrale rimovibile.La forma affusolata nella parte inferiore consente un facile accesso a portamateriali, magnesite o altro.","og_url":"https:\/\/www.sestogrado.it\/it\/prodotto\/grivel-radical-light-21-zaino-alpinismo\/","og_site_name":"Sestogrado","article_publisher":"https:\/\/www.facebook.com\/pages\/Sestogrado\/1542635979353017?ref=bookmarks","article_modified_time":"2025-09-11T12:48:34+00:00","og_image":[{"width":1000,"height":1000,"url":"https:\/\/www.sestogrado.it\/wp-content\/uploads\/2019\/12\/01-2.jpg","type":"image\/jpeg"}],"twitter_misc":{"Prezzo":"&euro;&nbsp;89,00","Disponibilit\u00e0":"Esaurito"},"schema":{"@context":"https:\/\/schema.org","@graph":[{"@type":"WebPage","@id":"https:\/\/www.sestogrado.it\/it\/prodotto\/grivel-radical-light-21-zaino-alpinismo\/","url":"https:\/\/www.sestogrado.it\/it\/prodotto\/grivel-radical-light-21-zaino-alpinismo\/","name":"Grivel Radical Light 21 zaino alpinismo - Sestogrado","isPartOf":{"@id":"https:\/\/www.sestogrado.it\/it\/#website"},"primaryImageOfPage":{"@id":"https:\/\/www.sestogrado.it\/it\/prodotto\/grivel-radical-light-21-zaino-alpinismo\/#primaryimage"},"image":{"@id":"https:\/\/www.sestogrado.it\/prodotto\/grivel-radical-light-21-zaino-alpinismo\/#primaryimage"},"thumbnailUrl":"https:\/\/www.sestogrado.it\/wp-content\/uploads\/2019\/12\/01-2.jpg","datePublished":"2019-12-12T09:55:26+00:00","dateModified":"2025-09-11T12:48:34+00:00","description":"Il Grivel Radical Light 21 \u00e8 uno zaino versatile e compatto per arrampicata ed alpinismo fast & light. Lo zaino \u00e8 disegnato per alpinismo tecnico, con il suo peso leggero, solo 525 grammi, versatilit\u00e0 e praticit\u00e0. E' uno zaino da 21 litri che pu\u00f2 essere utilizzato per una variet\u00e0 di attivit\u00e0 outdoor. Ha un sistema a doppia chiusura che funziona bene in ogni configurazione, a zaino pieno o parzialmente pieno. E' equipaggiato con una serie di accessori che lo rendono molto versatile: doppi agganci rimovibili per piccozze da ghiaccio, una cinghia superiore che pu\u00f2 essere utilizzata come porta casco o porta corda, una tasca frontale ed una zip che da accesso a molto spazio. Un accesso laterale per l'acqua, una cinghia pettorale rimovibile ed una cintura ventrale rimovibile.La forma affusolata nella parte inferiore consente un facile accesso a portamateriali, magnesite o altro.","breadcrumb":{"@id":"https:\/\/www.sestogrado.it\/it\/prodotto\/grivel-radical-light-21-zaino-alpinismo\/#breadcrumb"},"inLanguage":"it-IT","potentialAction":[{"@type":"ReadAction","target":[["https:\/\/www.sestogrado.it\/it\/prodotto\/grivel-radical-light-21-zaino-alpinismo\/"]]}]},{"@type":"ImageObject","inLanguage":"it-IT","@id":"https:\/\/www.sestogrado.it\/it\/prodotto\/grivel-radical-light-21-zaino-alpinismo\/#primaryimage","url":"https:\/\/www.sestogrado.it\/wp-content\/uploads\/2019\/12\/01-2.jpg","contentUrl":"https:\/\/www.sestogrado.it\/wp-content\/uploads\/2019\/12\/01-2.jpg","width":1000,"height":1000,"caption":"grivel radical light 21"},{"@type":"BreadcrumbList","@id":"https:\/\/www.sestogrado.it\/it\/prodotto\/grivel-radical-light-21-zaino-alpinismo\/#breadcrumb","itemListElement":[{"@type":"ListItem","position":1,"name":"Home","item":"https:\/\/www.sestogrado.it\/it\/"},{"@type":"ListItem","position":2,"name":"Shop","item":"https:\/\/www.sestogrado.it\/it\/shop\/"},{"@type":"ListItem","position":3,"name":"Grivel Radical Light 21 zaino alpinismo"}]},{"@type":"WebSite","@id":"https:\/\/www.sestogrado.it\/it\/#website","url":"https:\/\/www.sestogrado.it\/it\/","name":"Sestogrado","description":"yes we climb","publisher":{"@id":"https:\/\/www.sestogrado.it\/it\/#organization"},"potentialAction":[{"@type":"SearchAction","target":{"@type":"EntryPoint","urlTemplate":"https:\/\/www.sestogrado.it\/it\/?s={search_term_string}"},"query-input":{"@type":"PropertyValueSpecification","valueRequired":true,"valueName":"search_term_string"}}],"inLanguage":"it-IT"},{"@type":"Organization","@id":"https:\/\/www.sestogrado.it\/it\/#organization","name":"Sestogrado","url":"https:\/\/www.sestogrado.it\/it\/","logo":{"@type":"ImageObject","inLanguage":"it-IT","@id":"https:\/\/www.sestogrado.it\/it\/#\/schema\/logo\/image\/","url":"https:\/\/www.sestogrado.it\/wp-content\/uploads\/2015\/03\/sestogrado-favicon.png","contentUrl":"https:\/\/www.sestogrado.it\/wp-content\/uploads\/2015\/03\/sestogrado-favicon.png","width":260,"height":260,"caption":"Sestogrado"},"image":{"@id":"https:\/\/www.sestogrado.it\/it\/#\/schema\/logo\/image\/"},"sameAs":["https:\/\/www.facebook.com\/pages\/Sestogrado\/1542635979353017?ref=bookmarks","https:\/\/www.youtube.com\/channel\/UC847kAfTkaJsWpc1jtQwr3Q"],"hasMerchantReturnPolicy":{"@type":"MerchantReturnPolicy","merchantReturnLink":"https:\/\/www.sestogrado.it\/it\/termini-e-condizioni\/"}}]},"product_brand":"Grivel","product_price_amount":"89.00","product_price_currency":"EUR","og_availability":"out of stock","product_availability":"out of stock","product_condition":"new"},"_links":{"self":[{"href":"https:\/\/www.sestogrado.it\/it\/wp-json\/wp\/v2\/product\/24890","targetHints":{"allow":["GET"]}}],"collection":[{"href":"https:\/\/www.sestogrado.it\/it\/wp-json\/wp\/v2\/product"}],"about":[{"href":"https:\/\/www.sestogrado.it\/it\/wp-json\/wp\/v2\/types\/product"}],"replies":[{"embeddable":true,"href":"https:\/\/www.sestogrado.it\/it\/wp-json\/wp\/v2\/comments?post=24890"}],"wp:featuredmedia":[{"embeddable":true,"href":"https:\/\/www.sestogrado.it\/it\/wp-json\/wp\/v2\/media\/24891"}],"wp:attachment":[{"href":"https:\/\/www.sestogrado.it\/it\/wp-json\/wp\/v2\/media?parent=24890"}],"wp:term":[{"taxonomy":"product_brand","embeddable":true,"href":"https:\/\/www.sestogrado.it\/it\/wp-json\/wp\/v2\/product_brand?post=24890"},{"taxonomy":"product_cat","embeddable":true,"href":"https:\/\/www.sestogrado.it\/it\/wp-json\/wp\/v2\/product_cat?post=24890"},{"taxonomy":"product_tag","embeddable":true,"href":"https:\/\/www.sestogrado.it\/it\/wp-json\/wp\/v2\/product_tag?post=24890"}],"curies":[{"name":"wp","href":"https:\/\/api.w.org\/{rel}","templated":true}]}}